{"id":196475,"date":"2024-05-15T16:00:52","date_gmt":"2024-05-15T14:00:52","guid":{"rendered":"https:\/\/shop.bantam.ch\/produit\/cadre-radio-zealum-12-din-zml-4301-mb-sprinter-w906\/"},"modified":"2026-04-19T23:12:55","modified_gmt":"2026-04-19T21:12:55","slug":"cadre-radio-zealum-12-din-zml-4301-mb-sprinter-w906","status":"publish","type":"product","link":"https:\/\/shop.bantam.ch\/fr\/produit\/cadre-radio-zealum-12-din-zml-4301-mb-sprinter-w906\/","title":{"rendered":"Cadre radio Zealum 1+2 DIN &#8211; ZML-4301 MB Sprinter W906"},"content":{"rendered":"<p>Cadre radio 1DIN avec compartiment de rangement ou 2DIN en enlevant le compartiment de rangement, Mercedes Sprinter (W906) 2006-2018\/ VW Crafter I 2006-2016, ZENEC\/XZENT &#8211; Les cadres en t\u00f4le 2DIN avec une hauteur de 113mm peuvent \u00eatre utilis\u00e9s.<\/p>\n","protected":false},"excerpt":{"rendered":"<p>Cadre radio 1DIN avec compartiment de rangement ou 2DIN en enlevant le compartiment de rangement, Mercedes Sprinter (W906) 2006-2018\/ VW Crafter I 2006-2016, ZENEC\/XZENT &#8211; Les cadres en t\u00f4le 2DIN avec une hauteur de 113mm peuvent \u00eatre utilis\u00e9s.<\/p>\n","protected":false},"featured_media":206928,"template":"","meta":{"_acf_changed":false},"product_featured_cat":[],"product_brand":[5223],"product_cat":[5005],"product_tag":[],"class_list":{"0":"post-196475","1":"product","2":"type-product","3":"status-publish","4":"has-post-thumbnail","6":"product_brand-zealum","7":"product_cat-auto-radios","9":"first","10":"instock","11":"taxable","12":"shipping-taxable","13":"purchasable","14":"product-type-simple"},"acf":[],"yoast_head":"<!-- This site is optimized with the Yoast SEO plugin v27.4 - https:\/\/yoast.com\/product\/yoast-seo-wordpress\/ -->\n<title>Cadre radio Zealum 1+2 DIN - ZML-4301 MB Sprinter W906 - Bantam Wankm\u00fcller SA<\/title>\n<meta name=\"robots\" content=\"index, follow, max-snippet:-1, max-image-preview:large, max-video-preview:-1\" \/>\n<link rel=\"canonical\" href=\"https:\/\/shop.bantam.ch\/fr\/produit\/cadre-radio-zealum-12-din-zml-4301-mb-sprinter-w906\/\" \/>\n<meta property=\"og:locale\" content=\"fr_FR\" \/>\n<meta property=\"og:type\" content=\"article\" \/>\n<meta property=\"og:title\" content=\"Cadre radio Zealum 1+2 DIN - ZML-4301 MB Sprinter W906 - Bantam Wankm\u00fcller SA\" \/>\n<meta property=\"og:description\" content=\"Cadre radio 1DIN avec compartiment de rangement ou 2DIN en enlevant le compartiment de rangement, Mercedes Sprinter (W906) 2006-2018\/ VW Crafter I 2006-2016, ZENEC\/XZENT &#8211; Les cadres en t\u00f4le 2DIN avec une hauteur de 113mm peuvent \u00eatre utilis\u00e9s.\" \/>\n<meta property=\"og:url\" content=\"https:\/\/shop.bantam.ch\/fr\/produit\/cadre-radio-zealum-12-din-zml-4301-mb-sprinter-w906\/\" \/>\n<meta property=\"og:site_name\" content=\"Bantam Wankm\u00fcller SA\" \/>\n<meta property=\"article:modified_time\" content=\"2026-04-19T21:12:55+00:00\" \/>\n<meta property=\"og:image\" content=\"https:\/\/shop.bantam.ch\/wp-content\/uploads\/2024\/05\/Movera-L-9961994100.jpg\" \/>\n\t<meta property=\"og:image:width\" content=\"640\" \/>\n\t<meta property=\"og:image:height\" content=\"421\" \/>\n\t<meta property=\"og:image:type\" content=\"image\/jpeg\" \/>\n<meta name=\"twitter:card\" content=\"summary_large_image\" \/>\n<script type=\"application\/ld+json\" class=\"yoast-schema-graph\">{\"@context\":\"https:\\\/\\\/schema.org\",\"@graph\":[{\"@type\":\"WebPage\",\"@id\":\"https:\\\/\\\/shop.bantam.ch\\\/fr\\\/produit\\\/cadre-radio-zealum-12-din-zml-4301-mb-sprinter-w906\\\/\",\"url\":\"https:\\\/\\\/shop.bantam.ch\\\/fr\\\/produit\\\/cadre-radio-zealum-12-din-zml-4301-mb-sprinter-w906\\\/\",\"name\":\"Cadre radio Zealum 1+2 DIN - ZML-4301 MB Sprinter W906 - Bantam Wankm\u00fcller SA\",\"isPartOf\":{\"@id\":\"https:\\\/\\\/shop.bantam.ch\\\/fr\\\/#website\"},\"primaryImageOfPage\":{\"@id\":\"https:\\\/\\\/shop.bantam.ch\\\/fr\\\/produit\\\/cadre-radio-zealum-12-din-zml-4301-mb-sprinter-w906\\\/#primaryimage\"},\"image\":{\"@id\":\"https:\\\/\\\/shop.bantam.ch\\\/fr\\\/produit\\\/cadre-radio-zealum-12-din-zml-4301-mb-sprinter-w906\\\/#primaryimage\"},\"thumbnailUrl\":\"https:\\\/\\\/shop.bantam.ch\\\/wp-content\\\/uploads\\\/2024\\\/09\\\/Movera-L-9961994100.jpg\",\"datePublished\":\"2024-05-15T14:00:52+00:00\",\"dateModified\":\"2026-04-19T21:12:55+00:00\",\"breadcrumb\":{\"@id\":\"https:\\\/\\\/shop.bantam.ch\\\/fr\\\/produit\\\/cadre-radio-zealum-12-din-zml-4301-mb-sprinter-w906\\\/#breadcrumb\"},\"inLanguage\":\"fr-FR\",\"potentialAction\":[{\"@type\":\"ReadAction\",\"target\":[\"https:\\\/\\\/shop.bantam.ch\\\/fr\\\/produit\\\/cadre-radio-zealum-12-din-zml-4301-mb-sprinter-w906\\\/\"]}]},{\"@type\":\"ImageObject\",\"inLanguage\":\"fr-FR\",\"@id\":\"https:\\\/\\\/shop.bantam.ch\\\/fr\\\/produit\\\/cadre-radio-zealum-12-din-zml-4301-mb-sprinter-w906\\\/#primaryimage\",\"url\":\"https:\\\/\\\/shop.bantam.ch\\\/wp-content\\\/uploads\\\/2024\\\/09\\\/Movera-L-9961994100.jpg\",\"contentUrl\":\"https:\\\/\\\/shop.bantam.ch\\\/wp-content\\\/uploads\\\/2024\\\/09\\\/Movera-L-9961994100.jpg\",\"width\":640,\"height\":421},{\"@type\":\"BreadcrumbList\",\"@id\":\"https:\\\/\\\/shop.bantam.ch\\\/fr\\\/produit\\\/cadre-radio-zealum-12-din-zml-4301-mb-sprinter-w906\\\/#breadcrumb\",\"itemListElement\":[{\"@type\":\"ListItem\",\"position\":1,\"name\":\"Accueil\",\"item\":\"https:\\\/\\\/shop.bantam.ch\\\/fr\\\/\"},{\"@type\":\"ListItem\",\"position\":2,\"name\":\"Boutique\",\"item\":\"https:\\\/\\\/shop.bantam.ch\\\/fr\\\/boutique\\\/\"},{\"@type\":\"ListItem\",\"position\":3,\"name\":\"Cadre radio Zealum 1+2 DIN &#8211; ZML-4301 MB Sprinter W906\"}]},{\"@type\":\"WebSite\",\"@id\":\"https:\\\/\\\/shop.bantam.ch\\\/fr\\\/#website\",\"url\":\"https:\\\/\\\/shop.bantam.ch\\\/fr\\\/\",\"name\":\"Bantam Wankm\u00fcller SA\",\"description\":\"\",\"publisher\":{\"@id\":\"https:\\\/\\\/shop.bantam.ch\\\/fr\\\/#organization\"},\"inLanguage\":\"fr-FR\"},{\"@type\":\"Organization\",\"@id\":\"https:\\\/\\\/shop.bantam.ch\\\/fr\\\/#organization\",\"name\":\"Bantam Wankm\u00fcller SA\",\"url\":\"https:\\\/\\\/shop.bantam.ch\\\/fr\\\/\",\"logo\":{\"@type\":\"ImageObject\",\"inLanguage\":\"fr-FR\",\"@id\":\"https:\\\/\\\/shop.bantam.ch\\\/fr\\\/#\\\/schema\\\/logo\\\/image\\\/\",\"url\":\"https:\\\/\\\/shop.bantam.ch\\\/wp-content\\\/uploads\\\/2022\\\/12\\\/bantam-logo.png\",\"contentUrl\":\"https:\\\/\\\/shop.bantam.ch\\\/wp-content\\\/uploads\\\/2022\\\/12\\\/bantam-logo.png\",\"width\":320,\"height\":71,\"caption\":\"Bantam Wankm\u00fcller SA\"},\"image\":{\"@id\":\"https:\\\/\\\/shop.bantam.ch\\\/fr\\\/#\\\/schema\\\/logo\\\/image\\\/\"}}]}<\/script>\n<!-- \/ Yoast SEO plugin. -->","yoast_head_json":{"title":"Cadre radio Zealum 1+2 DIN - ZML-4301 MB Sprinter W906 - Bantam Wankm\u00fcller SA","robots":{"index":"index","follow":"follow","max-snippet":"max-snippet:-1","max-image-preview":"max-image-preview:large","max-video-preview":"max-video-preview:-1"},"canonical":"https:\/\/shop.bantam.ch\/fr\/produit\/cadre-radio-zealum-12-din-zml-4301-mb-sprinter-w906\/","og_locale":"fr_FR","og_type":"article","og_title":"Cadre radio Zealum 1+2 DIN - ZML-4301 MB Sprinter W906 - Bantam Wankm\u00fcller SA","og_description":"Cadre radio 1DIN avec compartiment de rangement ou 2DIN en enlevant le compartiment de rangement, Mercedes Sprinter (W906) 2006-2018\/ VW Crafter I 2006-2016, ZENEC\/XZENT &#8211; Les cadres en t\u00f4le 2DIN avec une hauteur de 113mm peuvent \u00eatre utilis\u00e9s.","og_url":"https:\/\/shop.bantam.ch\/fr\/produit\/cadre-radio-zealum-12-din-zml-4301-mb-sprinter-w906\/","og_site_name":"Bantam Wankm\u00fcller SA","article_modified_time":"2026-04-19T21:12:55+00:00","og_image":[{"width":640,"height":421,"url":"https:\/\/shop.bantam.ch\/wp-content\/uploads\/2024\/05\/Movera-L-9961994100.jpg","type":"image\/jpeg"}],"twitter_card":"summary_large_image","schema":{"@context":"https:\/\/schema.org","@graph":[{"@type":"WebPage","@id":"https:\/\/shop.bantam.ch\/fr\/produit\/cadre-radio-zealum-12-din-zml-4301-mb-sprinter-w906\/","url":"https:\/\/shop.bantam.ch\/fr\/produit\/cadre-radio-zealum-12-din-zml-4301-mb-sprinter-w906\/","name":"Cadre radio Zealum 1+2 DIN - ZML-4301 MB Sprinter W906 - Bantam Wankm\u00fcller SA","isPartOf":{"@id":"https:\/\/shop.bantam.ch\/fr\/#website"},"primaryImageOfPage":{"@id":"https:\/\/shop.bantam.ch\/fr\/produit\/cadre-radio-zealum-12-din-zml-4301-mb-sprinter-w906\/#primaryimage"},"image":{"@id":"https:\/\/shop.bantam.ch\/fr\/produit\/cadre-radio-zealum-12-din-zml-4301-mb-sprinter-w906\/#primaryimage"},"thumbnailUrl":"https:\/\/shop.bantam.ch\/wp-content\/uploads\/2024\/09\/Movera-L-9961994100.jpg","datePublished":"2024-05-15T14:00:52+00:00","dateModified":"2026-04-19T21:12:55+00:00","breadcrumb":{"@id":"https:\/\/shop.bantam.ch\/fr\/produit\/cadre-radio-zealum-12-din-zml-4301-mb-sprinter-w906\/#breadcrumb"},"inLanguage":"fr-FR","potentialAction":[{"@type":"ReadAction","target":["https:\/\/shop.bantam.ch\/fr\/produit\/cadre-radio-zealum-12-din-zml-4301-mb-sprinter-w906\/"]}]},{"@type":"ImageObject","inLanguage":"fr-FR","@id":"https:\/\/shop.bantam.ch\/fr\/produit\/cadre-radio-zealum-12-din-zml-4301-mb-sprinter-w906\/#primaryimage","url":"https:\/\/shop.bantam.ch\/wp-content\/uploads\/2024\/09\/Movera-L-9961994100.jpg","contentUrl":"https:\/\/shop.bantam.ch\/wp-content\/uploads\/2024\/09\/Movera-L-9961994100.jpg","width":640,"height":421},{"@type":"BreadcrumbList","@id":"https:\/\/shop.bantam.ch\/fr\/produit\/cadre-radio-zealum-12-din-zml-4301-mb-sprinter-w906\/#breadcrumb","itemListElement":[{"@type":"ListItem","position":1,"name":"Accueil","item":"https:\/\/shop.bantam.ch\/fr\/"},{"@type":"ListItem","position":2,"name":"Boutique","item":"https:\/\/shop.bantam.ch\/fr\/boutique\/"},{"@type":"ListItem","position":3,"name":"Cadre radio Zealum 1+2 DIN &#8211; ZML-4301 MB Sprinter W906"}]},{"@type":"WebSite","@id":"https:\/\/shop.bantam.ch\/fr\/#website","url":"https:\/\/shop.bantam.ch\/fr\/","name":"Bantam Wankm\u00fcller SA","description":"","publisher":{"@id":"https:\/\/shop.bantam.ch\/fr\/#organization"},"inLanguage":"fr-FR"},{"@type":"Organization","@id":"https:\/\/shop.bantam.ch\/fr\/#organization","name":"Bantam Wankm\u00fcller SA","url":"https:\/\/shop.bantam.ch\/fr\/","logo":{"@type":"ImageObject","inLanguage":"fr-FR","@id":"https:\/\/shop.bantam.ch\/fr\/#\/schema\/logo\/image\/","url":"https:\/\/shop.bantam.ch\/wp-content\/uploads\/2022\/12\/bantam-logo.png","contentUrl":"https:\/\/shop.bantam.ch\/wp-content\/uploads\/2022\/12\/bantam-logo.png","width":320,"height":71,"caption":"Bantam Wankm\u00fcller SA"},"image":{"@id":"https:\/\/shop.bantam.ch\/fr\/#\/schema\/logo\/image\/"}}]}},"_links":{"self":[{"href":"https:\/\/shop.bantam.ch\/fr\/wp-json\/wp\/v2\/product\/196475","targetHints":{"allow":["GET"]}}],"collection":[{"href":"https:\/\/shop.bantam.ch\/fr\/wp-json\/wp\/v2\/product"}],"about":[{"href":"https:\/\/shop.bantam.ch\/fr\/wp-json\/wp\/v2\/types\/product"}],"wp:featuredmedia":[{"embeddable":true,"href":"https:\/\/shop.bantam.ch\/fr\/wp-json\/wp\/v2\/media\/206928"}],"wp:attachment":[{"href":"https:\/\/shop.bantam.ch\/fr\/wp-json\/wp\/v2\/media?parent=196475"}],"wp:term":[{"taxonomy":"product_featured_cat","embeddable":true,"href":"https:\/\/shop.bantam.ch\/fr\/wp-json\/wp\/v2\/product_featured_cat?post=196475"},{"taxonomy":"product_brand","embeddable":true,"href":"https:\/\/shop.bantam.ch\/fr\/wp-json\/wp\/v2\/product_brand?post=196475"},{"taxonomy":"product_cat","embeddable":true,"href":"https:\/\/shop.bantam.ch\/fr\/wp-json\/wp\/v2\/product_cat?post=196475"},{"taxonomy":"product_tag","embeddable":true,"href":"https:\/\/shop.bantam.ch\/fr\/wp-json\/wp\/v2\/product_tag?post=196475"}],"curies":[{"name":"wp","href":"https:\/\/api.w.org\/{rel}","templated":true}]}}