{"id":196451,"date":"2024-05-15T16:00:09","date_gmt":"2024-05-15T14:00:09","guid":{"rendered":"https:\/\/shop.bantam.ch\/produit\/moniteur-universel-zenec-ze-mrv70-7-pouces-178-cm\/"},"modified":"2026-04-18T23:10:19","modified_gmt":"2026-04-18T21:10:19","slug":"moniteur-universel-zenec-ze-mrv70-7-pouces-178-cm","status":"publish","type":"product","link":"https:\/\/shop.bantam.ch\/fr\/produit\/moniteur-universel-zenec-ze-mrv70-7-pouces-178-cm\/","title":{"rendered":"Moniteur universel ZENEC ZE-MRV70 7 pouces, 17,8 cm"},"content":{"rendered":"<ul>\n<li>Bo\u00eetier tr\u00e8s plat et attrayant avec pied de montage stable et facile \u00e0 r\u00e9gler et pare-soleil embo\u00eetable<\/li>\n<li>\u00c9cran TFT-LCD 7&Prime;\/17,8 cm avec une r\u00e9solution de 1024 x 600 pixels<\/li>\n<li>Haute luminosit\u00e9 de 400 cd\/m2 et rapport de contraste optimal de 500:1<\/li>\n<li>Connexion et commande de jusqu&rsquo;\u00e0 trois syst\u00e8mes de cam\u00e9ras ind\u00e9pendants, avec alimentation en tension (max. 600 mA @ 12 V)<\/li>\n<li>Syst\u00e8me vid\u00e9o multi-normes avec prise en charge des signaux de cam\u00e9ra bas\u00e9s sur PAL et NTSC<\/li>\n<li>Fonction de cam\u00e9ra de recul automatique, command\u00e9e par le signal de recul (Reverse)<\/li>\n<li>Entr\u00e9es de signal Cam-Trigger (attribuables individuellement et ind\u00e9pendamment \u00e0 CAM1\/CAM2\/CAM3)<\/li>\n<li>Fonction miroir d&rsquo;image r\u00e9glable s\u00e9par\u00e9ment pour les trois signaux d&rsquo;entr\u00e9e<\/li>\n<li>Possibilit\u00e9 de montage au plafond gr\u00e2ce \u00e0 l&rsquo;option de r\u00e9glage \u00ab\u00a0t\u00eate en bas\u00a0\u00bb.<\/li>\n<li>Lignes d&rsquo;aide de distance pouvant \u00eatre affich\u00e9es s\u00e9par\u00e9ment pour chaque image de cam\u00e9ra<\/li>\n<li>R\u00e9glage automatique de la luminosit\u00e9 de l&rsquo;\u00e9cran LCD TFT jour\/nuit via l&rsquo;\u00e9l\u00e9ment capteur de lumi\u00e8re LDR<\/li>\n<li>Entr\u00e9e microphone de la cam\u00e9ra avec volume r\u00e9glable et lecture par haut-parleur int\u00e9gr\u00e9<\/li>\n<li>Utilisation simple via des touches de s\u00e9lection directe \u00e0 l&rsquo;avant du moniteur ainsi que via une t\u00e9l\u00e9commande IR s\u00e9par\u00e9e<\/li>\n<li>Menu OSD pour tous les r\u00e9glages du syst\u00e8me en 9 langues (EN, DE, FR, IT, ES, PT, SE, NL, CZ)<\/li>\n<li>Tension de service 12 V \/ 24 V<\/li>\n<li>Dimensions (L x H x P) : 180 x 120 x 17 mm (moniteur)<\/li>\n<li>Pied de moniteur, pare-soleil, faisceau de c\u00e2bles principal de 2 m avec connecteur.<\/li>\n<\/ul>\n<p>Contenu de la livraison :<br \/>\nConnexion syst\u00e8me et t\u00e9l\u00e9commande IR incluses<\/p>\n","protected":false},"excerpt":{"rendered":"<p>Bo\u00eetier tr\u00e8s plat et attrayant avec pied de montage stable et facile \u00e0 r\u00e9gler et pare-soleil embo\u00eetable \u00c9cran TFT-LCD 7&Prime;\/17,8 cm avec une r\u00e9solution de 1024 x 600 pixels Haute luminosit\u00e9 de 400 cd\/m2 et rapport de contraste optimal de 500:1 Connexion et commande de jusqu&rsquo;\u00e0 trois syst\u00e8mes de cam\u00e9ras ind\u00e9pendants, avec alimentation en tension [&hellip;]<\/p>\n","protected":false},"featured_media":206916,"template":"","meta":{"_acf_changed":false},"product_featured_cat":[],"product_brand":[3212],"product_cat":[4519],"product_tag":[],"class_list":{"0":"post-196451","1":"product","2":"type-product","3":"status-publish","4":"has-post-thumbnail","6":"product_brand-zenec","7":"product_cat-moniceiver","9":"first","10":"instock","11":"taxable","12":"shipping-taxable","13":"purchasable","14":"product-type-simple"},"acf":[],"yoast_head":"<!-- This site is optimized with the Yoast SEO plugin v27.4 - https:\/\/yoast.com\/product\/yoast-seo-wordpress\/ -->\n<title>Moniteur universel ZENEC ZE-MRV70 7 pouces, 17,8 cm - Bantam Wankm\u00fcller SA<\/title>\n<meta name=\"robots\" content=\"index, follow, max-snippet:-1, max-image-preview:large, max-video-preview:-1\" \/>\n<link rel=\"canonical\" href=\"https:\/\/shop.bantam.ch\/fr\/produit\/moniteur-universel-zenec-ze-mrv70-7-pouces-178-cm\/\" \/>\n<meta property=\"og:locale\" content=\"fr_FR\" \/>\n<meta property=\"og:type\" content=\"article\" \/>\n<meta property=\"og:title\" content=\"Moniteur universel ZENEC ZE-MRV70 7 pouces, 17,8 cm - Bantam Wankm\u00fcller SA\" \/>\n<meta property=\"og:description\" content=\"Bo\u00eetier tr\u00e8s plat et attrayant avec pied de montage stable et facile \u00e0 r\u00e9gler et pare-soleil embo\u00eetable \u00c9cran TFT-LCD 7&Prime;\/17,8 cm avec une r\u00e9solution de 1024 x 600 pixels Haute luminosit\u00e9 de 400 cd\/m2 et rapport de contraste optimal de 500:1 Connexion et commande de jusqu&rsquo;\u00e0 trois syst\u00e8mes de cam\u00e9ras ind\u00e9pendants, avec alimentation en tension [&hellip;]\" \/>\n<meta property=\"og:url\" content=\"https:\/\/shop.bantam.ch\/fr\/produit\/moniteur-universel-zenec-ze-mrv70-7-pouces-178-cm\/\" \/>\n<meta property=\"og:site_name\" content=\"Bantam Wankm\u00fcller SA\" \/>\n<meta property=\"article:modified_time\" content=\"2026-04-18T21:10:19+00:00\" \/>\n<meta property=\"og:image\" content=\"https:\/\/shop.bantam.ch\/wp-content\/uploads\/2024\/05\/Movera-L-9961980100.jpg\" \/>\n\t<meta property=\"og:image:width\" content=\"640\" \/>\n\t<meta property=\"og:image:height\" content=\"510\" \/>\n\t<meta property=\"og:image:type\" content=\"image\/jpeg\" \/>\n<meta name=\"twitter:card\" content=\"summary_large_image\" \/>\n<meta name=\"twitter:label1\" content=\"Dur\u00e9e de lecture estim\u00e9e\" \/>\n\t<meta name=\"twitter:data1\" content=\"1 minute\" \/>\n<script type=\"application\/ld+json\" class=\"yoast-schema-graph\">{\"@context\":\"https:\\\/\\\/schema.org\",\"@graph\":[{\"@type\":\"WebPage\",\"@id\":\"https:\\\/\\\/shop.bantam.ch\\\/fr\\\/produit\\\/moniteur-universel-zenec-ze-mrv70-7-pouces-178-cm\\\/\",\"url\":\"https:\\\/\\\/shop.bantam.ch\\\/fr\\\/produit\\\/moniteur-universel-zenec-ze-mrv70-7-pouces-178-cm\\\/\",\"name\":\"Moniteur universel ZENEC ZE-MRV70 7 pouces, 17,8 cm - Bantam Wankm\u00fcller SA\",\"isPartOf\":{\"@id\":\"https:\\\/\\\/shop.bantam.ch\\\/fr\\\/#website\"},\"primaryImageOfPage\":{\"@id\":\"https:\\\/\\\/shop.bantam.ch\\\/fr\\\/produit\\\/moniteur-universel-zenec-ze-mrv70-7-pouces-178-cm\\\/#primaryimage\"},\"image\":{\"@id\":\"https:\\\/\\\/shop.bantam.ch\\\/fr\\\/produit\\\/moniteur-universel-zenec-ze-mrv70-7-pouces-178-cm\\\/#primaryimage\"},\"thumbnailUrl\":\"https:\\\/\\\/shop.bantam.ch\\\/wp-content\\\/uploads\\\/2024\\\/09\\\/Movera-L-9961980100.jpg\",\"datePublished\":\"2024-05-15T14:00:09+00:00\",\"dateModified\":\"2026-04-18T21:10:19+00:00\",\"breadcrumb\":{\"@id\":\"https:\\\/\\\/shop.bantam.ch\\\/fr\\\/produit\\\/moniteur-universel-zenec-ze-mrv70-7-pouces-178-cm\\\/#breadcrumb\"},\"inLanguage\":\"fr-FR\",\"potentialAction\":[{\"@type\":\"ReadAction\",\"target\":[\"https:\\\/\\\/shop.bantam.ch\\\/fr\\\/produit\\\/moniteur-universel-zenec-ze-mrv70-7-pouces-178-cm\\\/\"]}]},{\"@type\":\"ImageObject\",\"inLanguage\":\"fr-FR\",\"@id\":\"https:\\\/\\\/shop.bantam.ch\\\/fr\\\/produit\\\/moniteur-universel-zenec-ze-mrv70-7-pouces-178-cm\\\/#primaryimage\",\"url\":\"https:\\\/\\\/shop.bantam.ch\\\/wp-content\\\/uploads\\\/2024\\\/09\\\/Movera-L-9961980100.jpg\",\"contentUrl\":\"https:\\\/\\\/shop.bantam.ch\\\/wp-content\\\/uploads\\\/2024\\\/09\\\/Movera-L-9961980100.jpg\",\"width\":640,\"height\":510},{\"@type\":\"BreadcrumbList\",\"@id\":\"https:\\\/\\\/shop.bantam.ch\\\/fr\\\/produit\\\/moniteur-universel-zenec-ze-mrv70-7-pouces-178-cm\\\/#breadcrumb\",\"itemListElement\":[{\"@type\":\"ListItem\",\"position\":1,\"name\":\"Accueil\",\"item\":\"https:\\\/\\\/shop.bantam.ch\\\/fr\\\/\"},{\"@type\":\"ListItem\",\"position\":2,\"name\":\"Boutique\",\"item\":\"https:\\\/\\\/shop.bantam.ch\\\/fr\\\/boutique\\\/\"},{\"@type\":\"ListItem\",\"position\":3,\"name\":\"Moniteur universel ZENEC ZE-MRV70 7 pouces, 17,8 cm\"}]},{\"@type\":\"WebSite\",\"@id\":\"https:\\\/\\\/shop.bantam.ch\\\/fr\\\/#website\",\"url\":\"https:\\\/\\\/shop.bantam.ch\\\/fr\\\/\",\"name\":\"Bantam Wankm\u00fcller SA\",\"description\":\"\",\"publisher\":{\"@id\":\"https:\\\/\\\/shop.bantam.ch\\\/fr\\\/#organization\"},\"inLanguage\":\"fr-FR\"},{\"@type\":\"Organization\",\"@id\":\"https:\\\/\\\/shop.bantam.ch\\\/fr\\\/#organization\",\"name\":\"Bantam Wankm\u00fcller SA\",\"url\":\"https:\\\/\\\/shop.bantam.ch\\\/fr\\\/\",\"logo\":{\"@type\":\"ImageObject\",\"inLanguage\":\"fr-FR\",\"@id\":\"https:\\\/\\\/shop.bantam.ch\\\/fr\\\/#\\\/schema\\\/logo\\\/image\\\/\",\"url\":\"https:\\\/\\\/shop.bantam.ch\\\/wp-content\\\/uploads\\\/2022\\\/12\\\/bantam-logo.png\",\"contentUrl\":\"https:\\\/\\\/shop.bantam.ch\\\/wp-content\\\/uploads\\\/2022\\\/12\\\/bantam-logo.png\",\"width\":320,\"height\":71,\"caption\":\"Bantam Wankm\u00fcller SA\"},\"image\":{\"@id\":\"https:\\\/\\\/shop.bantam.ch\\\/fr\\\/#\\\/schema\\\/logo\\\/image\\\/\"}}]}<\/script>\n<!-- \/ Yoast SEO plugin. -->","yoast_head_json":{"title":"Moniteur universel ZENEC ZE-MRV70 7 pouces, 17,8 cm - Bantam Wankm\u00fcller SA","robots":{"index":"index","follow":"follow","max-snippet":"max-snippet:-1","max-image-preview":"max-image-preview:large","max-video-preview":"max-video-preview:-1"},"canonical":"https:\/\/shop.bantam.ch\/fr\/produit\/moniteur-universel-zenec-ze-mrv70-7-pouces-178-cm\/","og_locale":"fr_FR","og_type":"article","og_title":"Moniteur universel ZENEC ZE-MRV70 7 pouces, 17,8 cm - Bantam Wankm\u00fcller SA","og_description":"Bo\u00eetier tr\u00e8s plat et attrayant avec pied de montage stable et facile \u00e0 r\u00e9gler et pare-soleil embo\u00eetable \u00c9cran TFT-LCD 7&Prime;\/17,8 cm avec une r\u00e9solution de 1024 x 600 pixels Haute luminosit\u00e9 de 400 cd\/m2 et rapport de contraste optimal de 500:1 Connexion et commande de jusqu&rsquo;\u00e0 trois syst\u00e8mes de cam\u00e9ras ind\u00e9pendants, avec alimentation en tension [&hellip;]","og_url":"https:\/\/shop.bantam.ch\/fr\/produit\/moniteur-universel-zenec-ze-mrv70-7-pouces-178-cm\/","og_site_name":"Bantam Wankm\u00fcller SA","article_modified_time":"2026-04-18T21:10:19+00:00","og_image":[{"width":640,"height":510,"url":"https:\/\/shop.bantam.ch\/wp-content\/uploads\/2024\/05\/Movera-L-9961980100.jpg","type":"image\/jpeg"}],"twitter_card":"summary_large_image","twitter_misc":{"Dur\u00e9e de lecture estim\u00e9e":"1 minute"},"schema":{"@context":"https:\/\/schema.org","@graph":[{"@type":"WebPage","@id":"https:\/\/shop.bantam.ch\/fr\/produit\/moniteur-universel-zenec-ze-mrv70-7-pouces-178-cm\/","url":"https:\/\/shop.bantam.ch\/fr\/produit\/moniteur-universel-zenec-ze-mrv70-7-pouces-178-cm\/","name":"Moniteur universel ZENEC ZE-MRV70 7 pouces, 17,8 cm - Bantam Wankm\u00fcller SA","isPartOf":{"@id":"https:\/\/shop.bantam.ch\/fr\/#website"},"primaryImageOfPage":{"@id":"https:\/\/shop.bantam.ch\/fr\/produit\/moniteur-universel-zenec-ze-mrv70-7-pouces-178-cm\/#primaryimage"},"image":{"@id":"https:\/\/shop.bantam.ch\/fr\/produit\/moniteur-universel-zenec-ze-mrv70-7-pouces-178-cm\/#primaryimage"},"thumbnailUrl":"https:\/\/shop.bantam.ch\/wp-content\/uploads\/2024\/09\/Movera-L-9961980100.jpg","datePublished":"2024-05-15T14:00:09+00:00","dateModified":"2026-04-18T21:10:19+00:00","breadcrumb":{"@id":"https:\/\/shop.bantam.ch\/fr\/produit\/moniteur-universel-zenec-ze-mrv70-7-pouces-178-cm\/#breadcrumb"},"inLanguage":"fr-FR","potentialAction":[{"@type":"ReadAction","target":["https:\/\/shop.bantam.ch\/fr\/produit\/moniteur-universel-zenec-ze-mrv70-7-pouces-178-cm\/"]}]},{"@type":"ImageObject","inLanguage":"fr-FR","@id":"https:\/\/shop.bantam.ch\/fr\/produit\/moniteur-universel-zenec-ze-mrv70-7-pouces-178-cm\/#primaryimage","url":"https:\/\/shop.bantam.ch\/wp-content\/uploads\/2024\/09\/Movera-L-9961980100.jpg","contentUrl":"https:\/\/shop.bantam.ch\/wp-content\/uploads\/2024\/09\/Movera-L-9961980100.jpg","width":640,"height":510},{"@type":"BreadcrumbList","@id":"https:\/\/shop.bantam.ch\/fr\/produit\/moniteur-universel-zenec-ze-mrv70-7-pouces-178-cm\/#breadcrumb","itemListElement":[{"@type":"ListItem","position":1,"name":"Accueil","item":"https:\/\/shop.bantam.ch\/fr\/"},{"@type":"ListItem","position":2,"name":"Boutique","item":"https:\/\/shop.bantam.ch\/fr\/boutique\/"},{"@type":"ListItem","position":3,"name":"Moniteur universel ZENEC ZE-MRV70 7 pouces, 17,8 cm"}]},{"@type":"WebSite","@id":"https:\/\/shop.bantam.ch\/fr\/#website","url":"https:\/\/shop.bantam.ch\/fr\/","name":"Bantam Wankm\u00fcller SA","description":"","publisher":{"@id":"https:\/\/shop.bantam.ch\/fr\/#organization"},"inLanguage":"fr-FR"},{"@type":"Organization","@id":"https:\/\/shop.bantam.ch\/fr\/#organization","name":"Bantam Wankm\u00fcller SA","url":"https:\/\/shop.bantam.ch\/fr\/","logo":{"@type":"ImageObject","inLanguage":"fr-FR","@id":"https:\/\/shop.bantam.ch\/fr\/#\/schema\/logo\/image\/","url":"https:\/\/shop.bantam.ch\/wp-content\/uploads\/2022\/12\/bantam-logo.png","contentUrl":"https:\/\/shop.bantam.ch\/wp-content\/uploads\/2022\/12\/bantam-logo.png","width":320,"height":71,"caption":"Bantam Wankm\u00fcller SA"},"image":{"@id":"https:\/\/shop.bantam.ch\/fr\/#\/schema\/logo\/image\/"}}]}},"_links":{"self":[{"href":"https:\/\/shop.bantam.ch\/fr\/wp-json\/wp\/v2\/product\/196451","targetHints":{"allow":["GET"]}}],"collection":[{"href":"https:\/\/shop.bantam.ch\/fr\/wp-json\/wp\/v2\/product"}],"about":[{"href":"https:\/\/shop.bantam.ch\/fr\/wp-json\/wp\/v2\/types\/product"}],"wp:featuredmedia":[{"embeddable":true,"href":"https:\/\/shop.bantam.ch\/fr\/wp-json\/wp\/v2\/media\/206916"}],"wp:attachment":[{"href":"https:\/\/shop.bantam.ch\/fr\/wp-json\/wp\/v2\/media?parent=196451"}],"wp:term":[{"taxonomy":"product_featured_cat","embeddable":true,"href":"https:\/\/shop.bantam.ch\/fr\/wp-json\/wp\/v2\/product_featured_cat?post=196451"},{"taxonomy":"product_brand","embeddable":true,"href":"https:\/\/shop.bantam.ch\/fr\/wp-json\/wp\/v2\/product_brand?post=196451"},{"taxonomy":"product_cat","embeddable":true,"href":"https:\/\/shop.bantam.ch\/fr\/wp-json\/wp\/v2\/product_cat?post=196451"},{"taxonomy":"product_tag","embeddable":true,"href":"https:\/\/shop.bantam.ch\/fr\/wp-json\/wp\/v2\/product_tag?post=196451"}],"curies":[{"name":"wp","href":"https:\/\/api.w.org\/{rel}","templated":true}]}}