{"id":196435,"date":"2024-05-15T15:59:48","date_gmt":"2024-05-15T13:59:48","guid":{"rendered":"https:\/\/shop.bantam.ch\/produit\/jouets-dexterieur-scout-outil-multifonctionnel-avec-etui\/"},"modified":"2026-05-11T23:04:41","modified_gmt":"2026-05-11T21:04:41","slug":"jouets-dexterieur-scout-outil-multifonctionnel-avec-etui","status":"publish","type":"product","link":"https:\/\/shop.bantam.ch\/fr\/produit\/jouets-dexterieur-scout-outil-multifonctionnel-avec-etui\/","title":{"rendered":"Jouets d&rsquo;ext\u00e9rieur Scout Outil multifonctionnel avec \u00e9tui"},"content":{"rendered":"<p>Outil multifonctionnel Scout<\/p>\n<p>Outil multifonctionnel Scout en acier inoxydable avec 9 fonctions comme par ex. tournevis, ouvre-bo\u00eete, couteau, pince universelle, \u00e9tui en nylon inclus. En acier inoxydable avec 9 fonctions comme par ex. tournevis, ouvre-bo\u00eete, couteau, pince universelle. \u00c9tui en nylon inclus.<\/p>\n<p>Attention ! Ne donnez cet outil \u00e0 votre enfant que sous surveillance. Ce n&rsquo;est pas un jouet !<\/p>\n<p>Attention ! Ce produit pr\u00e9sente des ar\u00eates vives ou des pointes ! \u00c0 n&rsquo;utiliser que sous la surveillance d&rsquo;un adulte. Une utilisation inappropri\u00e9e peut entra\u00eener des coupures. Le couteau de poche doit \u00eatre tenu hors de port\u00e9e des jeunes enfants.<\/p>\n<p>ATTENTION : ne convient pas aux enfants de moins de 3 ans.<\/p>\n","protected":false},"excerpt":{"rendered":"<p>Outil multifonctionnel Scout Outil multifonctionnel Scout en acier inoxydable avec 9 fonctions comme par ex. tournevis, ouvre-bo\u00eete, couteau, pince universelle, \u00e9tui en nylon inclus. En acier inoxydable avec 9 fonctions comme par ex. tournevis, ouvre-bo\u00eete, couteau, pince universelle. \u00c9tui en nylon inclus. Attention ! Ne donnez cet outil \u00e0 votre enfant que sous surveillance. Ce [&hellip;]<\/p>\n","protected":false},"featured_media":206910,"template":"","meta":{"_acf_changed":false},"product_featured_cat":[],"product_brand":[5235],"product_cat":[4457],"product_tag":[],"class_list":{"0":"post-196435","1":"product","2":"type-product","3":"status-publish","4":"has-post-thumbnail","6":"product_brand-scout","7":"product_cat-jouets","9":"first","10":"instock","11":"taxable","12":"shipping-taxable","13":"purchasable","14":"product-type-simple"},"acf":[],"yoast_head":"<!-- This site is optimized with the Yoast SEO plugin v27.5 - https:\/\/yoast.com\/product\/yoast-seo-wordpress\/ -->\n<title>Jouets d&#039;ext\u00e9rieur Scout Outil multifonctionnel avec \u00e9tui - Bantam<\/title>\n<meta name=\"robots\" content=\"index, follow, max-snippet:-1, max-image-preview:large, max-video-preview:-1\" \/>\n<link rel=\"canonical\" href=\"https:\/\/shop.bantam.ch\/fr\/produit\/jouets-dexterieur-scout-outil-multifonctionnel-avec-etui\/\" \/>\n<meta property=\"og:locale\" content=\"fr_FR\" \/>\n<meta property=\"og:type\" content=\"article\" \/>\n<meta property=\"og:title\" content=\"Jouets d&#039;ext\u00e9rieur Scout Outil multifonctionnel avec \u00e9tui - Bantam\" \/>\n<meta property=\"og:description\" content=\"Outil multifonctionnel Scout Outil multifonctionnel Scout en acier inoxydable avec 9 fonctions comme par ex. tournevis, ouvre-bo\u00eete, couteau, pince universelle, \u00e9tui en nylon inclus. En acier inoxydable avec 9 fonctions comme par ex. tournevis, ouvre-bo\u00eete, couteau, pince universelle. \u00c9tui en nylon inclus. Attention ! Ne donnez cet outil \u00e0 votre enfant que sous surveillance. Ce [&hellip;]\" \/>\n<meta property=\"og:url\" content=\"https:\/\/shop.bantam.ch\/fr\/produit\/jouets-dexterieur-scout-outil-multifonctionnel-avec-etui\/\" \/>\n<meta property=\"og:site_name\" content=\"Bantam\" \/>\n<meta property=\"article:modified_time\" content=\"2026-05-11T21:04:41+00:00\" \/>\n<meta property=\"og:image\" content=\"https:\/\/shop.bantam.ch\/wp-content\/uploads\/2024\/05\/Movera-L-9961975100.jpg\" \/>\n\t<meta property=\"og:image:width\" content=\"640\" \/>\n\t<meta property=\"og:image:height\" content=\"534\" \/>\n\t<meta property=\"og:image:type\" content=\"image\/jpeg\" \/>\n<meta name=\"twitter:card\" content=\"summary_large_image\" \/>\n<meta name=\"twitter:label1\" content=\"Dur\u00e9e de lecture estim\u00e9e\" \/>\n\t<meta name=\"twitter:data1\" content=\"1 minute\" \/>\n<script type=\"application\/ld+json\" class=\"yoast-schema-graph\">{\"@context\":\"https:\\\/\\\/schema.org\",\"@graph\":[{\"@type\":\"WebPage\",\"@id\":\"https:\\\/\\\/shop.bantam.ch\\\/fr\\\/produit\\\/jouets-dexterieur-scout-outil-multifonctionnel-avec-etui\\\/\",\"url\":\"https:\\\/\\\/shop.bantam.ch\\\/fr\\\/produit\\\/jouets-dexterieur-scout-outil-multifonctionnel-avec-etui\\\/\",\"name\":\"Jouets d'ext\u00e9rieur Scout Outil multifonctionnel avec \u00e9tui - Bantam\",\"isPartOf\":{\"@id\":\"https:\\\/\\\/shop.bantam.ch\\\/fr\\\/#website\"},\"primaryImageOfPage\":{\"@id\":\"https:\\\/\\\/shop.bantam.ch\\\/fr\\\/produit\\\/jouets-dexterieur-scout-outil-multifonctionnel-avec-etui\\\/#primaryimage\"},\"image\":{\"@id\":\"https:\\\/\\\/shop.bantam.ch\\\/fr\\\/produit\\\/jouets-dexterieur-scout-outil-multifonctionnel-avec-etui\\\/#primaryimage\"},\"thumbnailUrl\":\"https:\\\/\\\/shop.bantam.ch\\\/wp-content\\\/uploads\\\/2024\\\/09\\\/Movera-L-9961975100.jpg\",\"datePublished\":\"2024-05-15T13:59:48+00:00\",\"dateModified\":\"2026-05-11T21:04:41+00:00\",\"breadcrumb\":{\"@id\":\"https:\\\/\\\/shop.bantam.ch\\\/fr\\\/produit\\\/jouets-dexterieur-scout-outil-multifonctionnel-avec-etui\\\/#breadcrumb\"},\"inLanguage\":\"fr-FR\",\"potentialAction\":[{\"@type\":\"ReadAction\",\"target\":[\"https:\\\/\\\/shop.bantam.ch\\\/fr\\\/produit\\\/jouets-dexterieur-scout-outil-multifonctionnel-avec-etui\\\/\"]}]},{\"@type\":\"ImageObject\",\"inLanguage\":\"fr-FR\",\"@id\":\"https:\\\/\\\/shop.bantam.ch\\\/fr\\\/produit\\\/jouets-dexterieur-scout-outil-multifonctionnel-avec-etui\\\/#primaryimage\",\"url\":\"https:\\\/\\\/shop.bantam.ch\\\/wp-content\\\/uploads\\\/2024\\\/09\\\/Movera-L-9961975100.jpg\",\"contentUrl\":\"https:\\\/\\\/shop.bantam.ch\\\/wp-content\\\/uploads\\\/2024\\\/09\\\/Movera-L-9961975100.jpg\",\"width\":640,\"height\":534},{\"@type\":\"BreadcrumbList\",\"@id\":\"https:\\\/\\\/shop.bantam.ch\\\/fr\\\/produit\\\/jouets-dexterieur-scout-outil-multifonctionnel-avec-etui\\\/#breadcrumb\",\"itemListElement\":[{\"@type\":\"ListItem\",\"position\":1,\"name\":\"Accueil\",\"item\":\"https:\\\/\\\/shop.bantam.ch\\\/fr\\\/\"},{\"@type\":\"ListItem\",\"position\":2,\"name\":\"Boutique\",\"item\":\"https:\\\/\\\/shop.bantam.ch\\\/fr\\\/boutique\\\/\"},{\"@type\":\"ListItem\",\"position\":3,\"name\":\"Jouets d&#8217;ext\u00e9rieur Scout Outil multifonctionnel avec \u00e9tui\"}]},{\"@type\":\"WebSite\",\"@id\":\"https:\\\/\\\/shop.bantam.ch\\\/fr\\\/#website\",\"url\":\"https:\\\/\\\/shop.bantam.ch\\\/fr\\\/\",\"name\":\"Bantam\",\"description\":\"\",\"publisher\":{\"@id\":\"https:\\\/\\\/shop.bantam.ch\\\/fr\\\/#organization\"},\"inLanguage\":\"fr-FR\"},{\"@type\":\"Organization\",\"@id\":\"https:\\\/\\\/shop.bantam.ch\\\/fr\\\/#organization\",\"name\":\"Bantam\",\"url\":\"https:\\\/\\\/shop.bantam.ch\\\/fr\\\/\",\"logo\":{\"@type\":\"ImageObject\",\"inLanguage\":\"fr-FR\",\"@id\":\"https:\\\/\\\/shop.bantam.ch\\\/fr\\\/#\\\/schema\\\/logo\\\/image\\\/\",\"url\":\"https:\\\/\\\/shop.bantam.ch\\\/wp-content\\\/uploads\\\/2022\\\/12\\\/bantam-logo.png\",\"contentUrl\":\"https:\\\/\\\/shop.bantam.ch\\\/wp-content\\\/uploads\\\/2022\\\/12\\\/bantam-logo.png\",\"width\":320,\"height\":71,\"caption\":\"Bantam\"},\"image\":{\"@id\":\"https:\\\/\\\/shop.bantam.ch\\\/fr\\\/#\\\/schema\\\/logo\\\/image\\\/\"}}]}<\/script>\n<!-- \/ Yoast SEO plugin. -->","yoast_head_json":{"title":"Jouets d'ext\u00e9rieur Scout Outil multifonctionnel avec \u00e9tui - Bantam","robots":{"index":"index","follow":"follow","max-snippet":"max-snippet:-1","max-image-preview":"max-image-preview:large","max-video-preview":"max-video-preview:-1"},"canonical":"https:\/\/shop.bantam.ch\/fr\/produit\/jouets-dexterieur-scout-outil-multifonctionnel-avec-etui\/","og_locale":"fr_FR","og_type":"article","og_title":"Jouets d'ext\u00e9rieur Scout Outil multifonctionnel avec \u00e9tui - Bantam","og_description":"Outil multifonctionnel Scout Outil multifonctionnel Scout en acier inoxydable avec 9 fonctions comme par ex. tournevis, ouvre-bo\u00eete, couteau, pince universelle, \u00e9tui en nylon inclus. En acier inoxydable avec 9 fonctions comme par ex. tournevis, ouvre-bo\u00eete, couteau, pince universelle. \u00c9tui en nylon inclus. Attention ! Ne donnez cet outil \u00e0 votre enfant que sous surveillance. Ce [&hellip;]","og_url":"https:\/\/shop.bantam.ch\/fr\/produit\/jouets-dexterieur-scout-outil-multifonctionnel-avec-etui\/","og_site_name":"Bantam","article_modified_time":"2026-05-11T21:04:41+00:00","og_image":[{"width":640,"height":534,"url":"https:\/\/shop.bantam.ch\/wp-content\/uploads\/2024\/05\/Movera-L-9961975100.jpg","type":"image\/jpeg"}],"twitter_card":"summary_large_image","twitter_misc":{"Dur\u00e9e de lecture estim\u00e9e":"1 minute"},"schema":{"@context":"https:\/\/schema.org","@graph":[{"@type":"WebPage","@id":"https:\/\/shop.bantam.ch\/fr\/produit\/jouets-dexterieur-scout-outil-multifonctionnel-avec-etui\/","url":"https:\/\/shop.bantam.ch\/fr\/produit\/jouets-dexterieur-scout-outil-multifonctionnel-avec-etui\/","name":"Jouets d'ext\u00e9rieur Scout Outil multifonctionnel avec \u00e9tui - Bantam","isPartOf":{"@id":"https:\/\/shop.bantam.ch\/fr\/#website"},"primaryImageOfPage":{"@id":"https:\/\/shop.bantam.ch\/fr\/produit\/jouets-dexterieur-scout-outil-multifonctionnel-avec-etui\/#primaryimage"},"image":{"@id":"https:\/\/shop.bantam.ch\/fr\/produit\/jouets-dexterieur-scout-outil-multifonctionnel-avec-etui\/#primaryimage"},"thumbnailUrl":"https:\/\/shop.bantam.ch\/wp-content\/uploads\/2024\/09\/Movera-L-9961975100.jpg","datePublished":"2024-05-15T13:59:48+00:00","dateModified":"2026-05-11T21:04:41+00:00","breadcrumb":{"@id":"https:\/\/shop.bantam.ch\/fr\/produit\/jouets-dexterieur-scout-outil-multifonctionnel-avec-etui\/#breadcrumb"},"inLanguage":"fr-FR","potentialAction":[{"@type":"ReadAction","target":["https:\/\/shop.bantam.ch\/fr\/produit\/jouets-dexterieur-scout-outil-multifonctionnel-avec-etui\/"]}]},{"@type":"ImageObject","inLanguage":"fr-FR","@id":"https:\/\/shop.bantam.ch\/fr\/produit\/jouets-dexterieur-scout-outil-multifonctionnel-avec-etui\/#primaryimage","url":"https:\/\/shop.bantam.ch\/wp-content\/uploads\/2024\/09\/Movera-L-9961975100.jpg","contentUrl":"https:\/\/shop.bantam.ch\/wp-content\/uploads\/2024\/09\/Movera-L-9961975100.jpg","width":640,"height":534},{"@type":"BreadcrumbList","@id":"https:\/\/shop.bantam.ch\/fr\/produit\/jouets-dexterieur-scout-outil-multifonctionnel-avec-etui\/#breadcrumb","itemListElement":[{"@type":"ListItem","position":1,"name":"Accueil","item":"https:\/\/shop.bantam.ch\/fr\/"},{"@type":"ListItem","position":2,"name":"Boutique","item":"https:\/\/shop.bantam.ch\/fr\/boutique\/"},{"@type":"ListItem","position":3,"name":"Jouets d&#8217;ext\u00e9rieur Scout Outil multifonctionnel avec \u00e9tui"}]},{"@type":"WebSite","@id":"https:\/\/shop.bantam.ch\/fr\/#website","url":"https:\/\/shop.bantam.ch\/fr\/","name":"Bantam","description":"","publisher":{"@id":"https:\/\/shop.bantam.ch\/fr\/#organization"},"inLanguage":"fr-FR"},{"@type":"Organization","@id":"https:\/\/shop.bantam.ch\/fr\/#organization","name":"Bantam","url":"https:\/\/shop.bantam.ch\/fr\/","logo":{"@type":"ImageObject","inLanguage":"fr-FR","@id":"https:\/\/shop.bantam.ch\/fr\/#\/schema\/logo\/image\/","url":"https:\/\/shop.bantam.ch\/wp-content\/uploads\/2022\/12\/bantam-logo.png","contentUrl":"https:\/\/shop.bantam.ch\/wp-content\/uploads\/2022\/12\/bantam-logo.png","width":320,"height":71,"caption":"Bantam"},"image":{"@id":"https:\/\/shop.bantam.ch\/fr\/#\/schema\/logo\/image\/"}}]}},"_links":{"self":[{"href":"https:\/\/shop.bantam.ch\/fr\/wp-json\/wp\/v2\/product\/196435","targetHints":{"allow":["GET"]}}],"collection":[{"href":"https:\/\/shop.bantam.ch\/fr\/wp-json\/wp\/v2\/product"}],"about":[{"href":"https:\/\/shop.bantam.ch\/fr\/wp-json\/wp\/v2\/types\/product"}],"wp:featuredmedia":[{"embeddable":true,"href":"https:\/\/shop.bantam.ch\/fr\/wp-json\/wp\/v2\/media\/206910"}],"wp:attachment":[{"href":"https:\/\/shop.bantam.ch\/fr\/wp-json\/wp\/v2\/media?parent=196435"}],"wp:term":[{"taxonomy":"product_featured_cat","embeddable":true,"href":"https:\/\/shop.bantam.ch\/fr\/wp-json\/wp\/v2\/product_featured_cat?post=196435"},{"taxonomy":"product_brand","embeddable":true,"href":"https:\/\/shop.bantam.ch\/fr\/wp-json\/wp\/v2\/product_brand?post=196435"},{"taxonomy":"product_cat","embeddable":true,"href":"https:\/\/shop.bantam.ch\/fr\/wp-json\/wp\/v2\/product_cat?post=196435"},{"taxonomy":"product_tag","embeddable":true,"href":"https:\/\/shop.bantam.ch\/fr\/wp-json\/wp\/v2\/product_tag?post=196435"}],"curies":[{"name":"wp","href":"https:\/\/api.w.org\/{rel}","templated":true}]}}