{"id":196406,"date":"2024-05-15T15:59:20","date_gmt":"2024-05-15T13:59:20","guid":{"rendered":"https:\/\/shop.bantam.ch\/produit\/wohnmobil-reise-know-how-tourguide-sudschweden\/"},"modified":"2026-04-18T23:10:11","modified_gmt":"2026-04-18T21:10:11","slug":"wohnmobil-reise-know-how-tourguide-sudschweden","status":"publish","type":"product","link":"https:\/\/shop.bantam.ch\/fr\/produit\/wohnmobil-reise-know-how-tourguide-sudschweden\/","title":{"rendered":"Wohnmobil Reise Know-How Tourguide S\u00fcdschweden"},"content":{"rendered":"<p>Ce guide touristique pour camping-cars est le compagnon id\u00e9al pour explorer les plus belles r\u00e9gions du sud de la Su\u00e8de. Neuf descriptions d&rsquo;itin\u00e9raires d\u00e9taill\u00e9es &#8211; plus de 300 descriptions de campings, d&#8217;emplacements, de parkings et d&rsquo;aires de pique-nique, y compris les donn\u00e9es GPS et l&rsquo;acc\u00e8s &#8211; plus de 20 pages d&rsquo;atlas des itin\u00e9raires &#8211; des points forts du paysage, des villes remarquables, des villages charmants et des lieux de baignade accueillants &#8211; de pr\u00e9cieux conseils pour les sorties au restaurant et l&rsquo;achat de produits locaux.<\/p>\n<p>Que vous soyez un camping-cariste passionn\u00e9 ou d\u00e9butant, une jeune famille ou un senior : avec ce livre, chacun trouvera son paradis de vacances id\u00e9al. Neuf itin\u00e9raires soigneusement \u00e9labor\u00e9s m\u00e8nent aux plus beaux sites naturels et curiosit\u00e9s, aux grandes villes et aux endroits cach\u00e9s du sud de la Su\u00e8de. Le guide touristique pour camping-cars aide \u00e0 planifier le voyage en amont et guide \u00e0 travers la r\u00e9gion gr\u00e2ce \u00e0 des cartes claires et un savoir-faire utile en mati\u00e8re de voyage. Le journaliste de voyage exp\u00e9riment\u00e9 Michael Moll donne des conseils sp\u00e9cifiques au pays, explique le droit de tout un chacun, recommande des excursions et des \u00e9v\u00e9nements r\u00e9gionaux particuliers. Cette r\u00e9gion charmante offre aux campeurs de nombreux emplacements pittoresques et des campings recommand\u00e9s, que l&rsquo;auteur d\u00e9crit en d\u00e9tail.<\/p>\n","protected":false},"excerpt":{"rendered":"<p>Ce guide touristique pour camping-cars est le compagnon id\u00e9al pour explorer les plus belles r\u00e9gions du sud de la Su\u00e8de. Neuf descriptions d&rsquo;itin\u00e9raires d\u00e9taill\u00e9es &#8211; plus de 300 descriptions de campings, d&#8217;emplacements, de parkings et d&rsquo;aires de pique-nique, y compris les donn\u00e9es GPS et l&rsquo;acc\u00e8s &#8211; plus de 20 pages d&rsquo;atlas des itin\u00e9raires &#8211; des [&hellip;]<\/p>\n","protected":false},"featured_media":206902,"template":"","meta":{"_acf_changed":false},"product_featured_cat":[],"product_brand":[3124],"product_cat":[4351],"product_tag":[],"class_list":{"0":"post-196406","1":"product","2":"type-product","3":"status-publish","4":"has-post-thumbnail","6":"product_brand-womo","7":"product_cat-guides-de-voyage","9":"first","10":"instock","11":"taxable","12":"shipping-taxable","13":"purchasable","14":"product-type-simple"},"acf":[],"yoast_head":"<!-- This site is optimized with the Yoast SEO plugin v27.4 - https:\/\/yoast.com\/product\/yoast-seo-wordpress\/ -->\n<title>Wohnmobil Reise Know-How Tourguide S\u00fcdschweden - Bantam Wankm\u00fcller SA<\/title>\n<meta name=\"robots\" content=\"index, follow, max-snippet:-1, max-image-preview:large, max-video-preview:-1\" \/>\n<link rel=\"canonical\" href=\"https:\/\/shop.bantam.ch\/fr\/produit\/wohnmobil-reise-know-how-tourguide-sudschweden\/\" \/>\n<meta property=\"og:locale\" content=\"fr_FR\" \/>\n<meta property=\"og:type\" content=\"article\" \/>\n<meta property=\"og:title\" content=\"Wohnmobil Reise Know-How Tourguide S\u00fcdschweden - Bantam Wankm\u00fcller SA\" \/>\n<meta property=\"og:description\" content=\"Ce guide touristique pour camping-cars est le compagnon id\u00e9al pour explorer les plus belles r\u00e9gions du sud de la Su\u00e8de. Neuf descriptions d&rsquo;itin\u00e9raires d\u00e9taill\u00e9es &#8211; plus de 300 descriptions de campings, d&#8217;emplacements, de parkings et d&rsquo;aires de pique-nique, y compris les donn\u00e9es GPS et l&rsquo;acc\u00e8s &#8211; plus de 20 pages d&rsquo;atlas des itin\u00e9raires &#8211; des [&hellip;]\" \/>\n<meta property=\"og:url\" content=\"https:\/\/shop.bantam.ch\/fr\/produit\/wohnmobil-reise-know-how-tourguide-sudschweden\/\" \/>\n<meta property=\"og:site_name\" content=\"Bantam Wankm\u00fcller SA\" \/>\n<meta property=\"article:modified_time\" content=\"2026-04-18T21:10:11+00:00\" \/>\n<meta property=\"og:image\" content=\"https:\/\/shop.bantam.ch\/wp-content\/uploads\/2024\/05\/Movera-L-9961792100.jpg\" \/>\n\t<meta property=\"og:image:width\" content=\"640\" \/>\n\t<meta property=\"og:image:height\" content=\"943\" \/>\n\t<meta property=\"og:image:type\" content=\"image\/jpeg\" \/>\n<meta name=\"twitter:card\" content=\"summary_large_image\" \/>\n<meta name=\"twitter:label1\" content=\"Dur\u00e9e de lecture estim\u00e9e\" \/>\n\t<meta name=\"twitter:data1\" content=\"1 minute\" \/>\n<script type=\"application\/ld+json\" class=\"yoast-schema-graph\">{\"@context\":\"https:\\\/\\\/schema.org\",\"@graph\":[{\"@type\":\"WebPage\",\"@id\":\"https:\\\/\\\/shop.bantam.ch\\\/fr\\\/produit\\\/wohnmobil-reise-know-how-tourguide-sudschweden\\\/\",\"url\":\"https:\\\/\\\/shop.bantam.ch\\\/fr\\\/produit\\\/wohnmobil-reise-know-how-tourguide-sudschweden\\\/\",\"name\":\"Wohnmobil Reise Know-How Tourguide S\u00fcdschweden - Bantam Wankm\u00fcller SA\",\"isPartOf\":{\"@id\":\"https:\\\/\\\/shop.bantam.ch\\\/fr\\\/#website\"},\"primaryImageOfPage\":{\"@id\":\"https:\\\/\\\/shop.bantam.ch\\\/fr\\\/produit\\\/wohnmobil-reise-know-how-tourguide-sudschweden\\\/#primaryimage\"},\"image\":{\"@id\":\"https:\\\/\\\/shop.bantam.ch\\\/fr\\\/produit\\\/wohnmobil-reise-know-how-tourguide-sudschweden\\\/#primaryimage\"},\"thumbnailUrl\":\"https:\\\/\\\/shop.bantam.ch\\\/wp-content\\\/uploads\\\/2024\\\/09\\\/Movera-L-9961792100.jpg\",\"datePublished\":\"2024-05-15T13:59:20+00:00\",\"dateModified\":\"2026-04-18T21:10:11+00:00\",\"breadcrumb\":{\"@id\":\"https:\\\/\\\/shop.bantam.ch\\\/fr\\\/produit\\\/wohnmobil-reise-know-how-tourguide-sudschweden\\\/#breadcrumb\"},\"inLanguage\":\"fr-FR\",\"potentialAction\":[{\"@type\":\"ReadAction\",\"target\":[\"https:\\\/\\\/shop.bantam.ch\\\/fr\\\/produit\\\/wohnmobil-reise-know-how-tourguide-sudschweden\\\/\"]}]},{\"@type\":\"ImageObject\",\"inLanguage\":\"fr-FR\",\"@id\":\"https:\\\/\\\/shop.bantam.ch\\\/fr\\\/produit\\\/wohnmobil-reise-know-how-tourguide-sudschweden\\\/#primaryimage\",\"url\":\"https:\\\/\\\/shop.bantam.ch\\\/wp-content\\\/uploads\\\/2024\\\/09\\\/Movera-L-9961792100.jpg\",\"contentUrl\":\"https:\\\/\\\/shop.bantam.ch\\\/wp-content\\\/uploads\\\/2024\\\/09\\\/Movera-L-9961792100.jpg\",\"width\":640,\"height\":943},{\"@type\":\"BreadcrumbList\",\"@id\":\"https:\\\/\\\/shop.bantam.ch\\\/fr\\\/produit\\\/wohnmobil-reise-know-how-tourguide-sudschweden\\\/#breadcrumb\",\"itemListElement\":[{\"@type\":\"ListItem\",\"position\":1,\"name\":\"Accueil\",\"item\":\"https:\\\/\\\/shop.bantam.ch\\\/fr\\\/\"},{\"@type\":\"ListItem\",\"position\":2,\"name\":\"Boutique\",\"item\":\"https:\\\/\\\/shop.bantam.ch\\\/fr\\\/boutique\\\/\"},{\"@type\":\"ListItem\",\"position\":3,\"name\":\"Wohnmobil Reise Know-How Tourguide S\u00fcdschweden\"}]},{\"@type\":\"WebSite\",\"@id\":\"https:\\\/\\\/shop.bantam.ch\\\/fr\\\/#website\",\"url\":\"https:\\\/\\\/shop.bantam.ch\\\/fr\\\/\",\"name\":\"Bantam Wankm\u00fcller SA\",\"description\":\"\",\"publisher\":{\"@id\":\"https:\\\/\\\/shop.bantam.ch\\\/fr\\\/#organization\"},\"inLanguage\":\"fr-FR\"},{\"@type\":\"Organization\",\"@id\":\"https:\\\/\\\/shop.bantam.ch\\\/fr\\\/#organization\",\"name\":\"Bantam Wankm\u00fcller SA\",\"url\":\"https:\\\/\\\/shop.bantam.ch\\\/fr\\\/\",\"logo\":{\"@type\":\"ImageObject\",\"inLanguage\":\"fr-FR\",\"@id\":\"https:\\\/\\\/shop.bantam.ch\\\/fr\\\/#\\\/schema\\\/logo\\\/image\\\/\",\"url\":\"https:\\\/\\\/shop.bantam.ch\\\/wp-content\\\/uploads\\\/2022\\\/12\\\/bantam-logo.png\",\"contentUrl\":\"https:\\\/\\\/shop.bantam.ch\\\/wp-content\\\/uploads\\\/2022\\\/12\\\/bantam-logo.png\",\"width\":320,\"height\":71,\"caption\":\"Bantam Wankm\u00fcller SA\"},\"image\":{\"@id\":\"https:\\\/\\\/shop.bantam.ch\\\/fr\\\/#\\\/schema\\\/logo\\\/image\\\/\"}}]}<\/script>\n<!-- \/ Yoast SEO plugin. -->","yoast_head_json":{"title":"Wohnmobil Reise Know-How Tourguide S\u00fcdschweden - Bantam Wankm\u00fcller SA","robots":{"index":"index","follow":"follow","max-snippet":"max-snippet:-1","max-image-preview":"max-image-preview:large","max-video-preview":"max-video-preview:-1"},"canonical":"https:\/\/shop.bantam.ch\/fr\/produit\/wohnmobil-reise-know-how-tourguide-sudschweden\/","og_locale":"fr_FR","og_type":"article","og_title":"Wohnmobil Reise Know-How Tourguide S\u00fcdschweden - Bantam Wankm\u00fcller SA","og_description":"Ce guide touristique pour camping-cars est le compagnon id\u00e9al pour explorer les plus belles r\u00e9gions du sud de la Su\u00e8de. Neuf descriptions d&rsquo;itin\u00e9raires d\u00e9taill\u00e9es &#8211; plus de 300 descriptions de campings, d&#8217;emplacements, de parkings et d&rsquo;aires de pique-nique, y compris les donn\u00e9es GPS et l&rsquo;acc\u00e8s &#8211; plus de 20 pages d&rsquo;atlas des itin\u00e9raires &#8211; des [&hellip;]","og_url":"https:\/\/shop.bantam.ch\/fr\/produit\/wohnmobil-reise-know-how-tourguide-sudschweden\/","og_site_name":"Bantam Wankm\u00fcller SA","article_modified_time":"2026-04-18T21:10:11+00:00","og_image":[{"width":640,"height":943,"url":"https:\/\/shop.bantam.ch\/wp-content\/uploads\/2024\/05\/Movera-L-9961792100.jpg","type":"image\/jpeg"}],"twitter_card":"summary_large_image","twitter_misc":{"Dur\u00e9e de lecture estim\u00e9e":"1 minute"},"schema":{"@context":"https:\/\/schema.org","@graph":[{"@type":"WebPage","@id":"https:\/\/shop.bantam.ch\/fr\/produit\/wohnmobil-reise-know-how-tourguide-sudschweden\/","url":"https:\/\/shop.bantam.ch\/fr\/produit\/wohnmobil-reise-know-how-tourguide-sudschweden\/","name":"Wohnmobil Reise Know-How Tourguide S\u00fcdschweden - Bantam Wankm\u00fcller SA","isPartOf":{"@id":"https:\/\/shop.bantam.ch\/fr\/#website"},"primaryImageOfPage":{"@id":"https:\/\/shop.bantam.ch\/fr\/produit\/wohnmobil-reise-know-how-tourguide-sudschweden\/#primaryimage"},"image":{"@id":"https:\/\/shop.bantam.ch\/fr\/produit\/wohnmobil-reise-know-how-tourguide-sudschweden\/#primaryimage"},"thumbnailUrl":"https:\/\/shop.bantam.ch\/wp-content\/uploads\/2024\/09\/Movera-L-9961792100.jpg","datePublished":"2024-05-15T13:59:20+00:00","dateModified":"2026-04-18T21:10:11+00:00","breadcrumb":{"@id":"https:\/\/shop.bantam.ch\/fr\/produit\/wohnmobil-reise-know-how-tourguide-sudschweden\/#breadcrumb"},"inLanguage":"fr-FR","potentialAction":[{"@type":"ReadAction","target":["https:\/\/shop.bantam.ch\/fr\/produit\/wohnmobil-reise-know-how-tourguide-sudschweden\/"]}]},{"@type":"ImageObject","inLanguage":"fr-FR","@id":"https:\/\/shop.bantam.ch\/fr\/produit\/wohnmobil-reise-know-how-tourguide-sudschweden\/#primaryimage","url":"https:\/\/shop.bantam.ch\/wp-content\/uploads\/2024\/09\/Movera-L-9961792100.jpg","contentUrl":"https:\/\/shop.bantam.ch\/wp-content\/uploads\/2024\/09\/Movera-L-9961792100.jpg","width":640,"height":943},{"@type":"BreadcrumbList","@id":"https:\/\/shop.bantam.ch\/fr\/produit\/wohnmobil-reise-know-how-tourguide-sudschweden\/#breadcrumb","itemListElement":[{"@type":"ListItem","position":1,"name":"Accueil","item":"https:\/\/shop.bantam.ch\/fr\/"},{"@type":"ListItem","position":2,"name":"Boutique","item":"https:\/\/shop.bantam.ch\/fr\/boutique\/"},{"@type":"ListItem","position":3,"name":"Wohnmobil Reise Know-How Tourguide S\u00fcdschweden"}]},{"@type":"WebSite","@id":"https:\/\/shop.bantam.ch\/fr\/#website","url":"https:\/\/shop.bantam.ch\/fr\/","name":"Bantam Wankm\u00fcller SA","description":"","publisher":{"@id":"https:\/\/shop.bantam.ch\/fr\/#organization"},"inLanguage":"fr-FR"},{"@type":"Organization","@id":"https:\/\/shop.bantam.ch\/fr\/#organization","name":"Bantam Wankm\u00fcller SA","url":"https:\/\/shop.bantam.ch\/fr\/","logo":{"@type":"ImageObject","inLanguage":"fr-FR","@id":"https:\/\/shop.bantam.ch\/fr\/#\/schema\/logo\/image\/","url":"https:\/\/shop.bantam.ch\/wp-content\/uploads\/2022\/12\/bantam-logo.png","contentUrl":"https:\/\/shop.bantam.ch\/wp-content\/uploads\/2022\/12\/bantam-logo.png","width":320,"height":71,"caption":"Bantam Wankm\u00fcller SA"},"image":{"@id":"https:\/\/shop.bantam.ch\/fr\/#\/schema\/logo\/image\/"}}]}},"_links":{"self":[{"href":"https:\/\/shop.bantam.ch\/fr\/wp-json\/wp\/v2\/product\/196406","targetHints":{"allow":["GET"]}}],"collection":[{"href":"https:\/\/shop.bantam.ch\/fr\/wp-json\/wp\/v2\/product"}],"about":[{"href":"https:\/\/shop.bantam.ch\/fr\/wp-json\/wp\/v2\/types\/product"}],"wp:featuredmedia":[{"embeddable":true,"href":"https:\/\/shop.bantam.ch\/fr\/wp-json\/wp\/v2\/media\/206902"}],"wp:attachment":[{"href":"https:\/\/shop.bantam.ch\/fr\/wp-json\/wp\/v2\/media?parent=196406"}],"wp:term":[{"taxonomy":"product_featured_cat","embeddable":true,"href":"https:\/\/shop.bantam.ch\/fr\/wp-json\/wp\/v2\/product_featured_cat?post=196406"},{"taxonomy":"product_brand","embeddable":true,"href":"https:\/\/shop.bantam.ch\/fr\/wp-json\/wp\/v2\/product_brand?post=196406"},{"taxonomy":"product_cat","embeddable":true,"href":"https:\/\/shop.bantam.ch\/fr\/wp-json\/wp\/v2\/product_cat?post=196406"},{"taxonomy":"product_tag","embeddable":true,"href":"https:\/\/shop.bantam.ch\/fr\/wp-json\/wp\/v2\/product_tag?post=196406"}],"curies":[{"name":"wp","href":"https:\/\/api.w.org\/{rel}","templated":true}]}}