{"id":196402,"date":"2024-05-15T15:59:09","date_gmt":"2024-05-15T13:59:09","guid":{"rendered":"https:\/\/shop.bantam.ch\/produit\/reisebuch-womo-ligurien\/"},"modified":"2026-05-10T23:06:25","modified_gmt":"2026-05-10T21:06:25","slug":"reisebuch-womo-ligurien","status":"publish","type":"product","link":"https:\/\/shop.bantam.ch\/fr\/produit\/reisebuch-womo-ligurien\/","title":{"rendered":"Reisebuch Womo Ligurien"},"content":{"rendered":"<p>Embarquez pour des circuits vari\u00e9s en camping-car le long de la c\u00f4te &#8211; de la fronti\u00e8re fran\u00e7aise jusqu&rsquo;aux confins de la Toscane. Nous visitons le patrimoine mondial \u00e0 G\u00eanes, l&rsquo;une des grandes villes les plus fascinantes d&rsquo;Italie. Nous grimpons \u00e0 travers les villages des Cinque Terre, nous explorons des villages de montagne isol\u00e9s dans l&rsquo;arri\u00e8re-pays et nous nous baignons sur les plus belles plages :<\/p>\n<ul>\n<li>La partie la plus color\u00e9e du nord de la M\u00e9diterran\u00e9e : villages, ports, baies &#8211; et comment y acc\u00e9der.<\/li>\n<li>De pr\u00e9cieux conseils d&rsquo;initi\u00e9s : Curiosit\u00e9s, randonn\u00e9es, ristoranti, excursions en bateau.<\/li>\n<li>Plus de 100 sites d&rsquo;h\u00e9bergement et de camping avec des descriptions d\u00e9taill\u00e9es, des itin\u00e9raires et des \u00e9valuations.<\/li>\n<\/ul>\n","protected":false},"excerpt":{"rendered":"<p>Embarquez pour des circuits vari\u00e9s en camping-car le long de la c\u00f4te &#8211; de la fronti\u00e8re fran\u00e7aise jusqu&rsquo;aux confins de la Toscane. Nous visitons le patrimoine mondial \u00e0 G\u00eanes, l&rsquo;une des grandes villes les plus fascinantes d&rsquo;Italie. Nous grimpons \u00e0 travers les villages des Cinque Terre, nous explorons des villages de montagne isol\u00e9s dans l&rsquo;arri\u00e8re-pays [&hellip;]<\/p>\n","protected":false},"featured_media":206900,"template":"","meta":{"_acf_changed":false},"product_featured_cat":[],"product_brand":[3124],"product_cat":[4351],"product_tag":[],"class_list":{"0":"post-196402","1":"product","2":"type-product","3":"status-publish","4":"has-post-thumbnail","6":"product_brand-womo","7":"product_cat-guides-de-voyage","9":"first","10":"instock","11":"taxable","12":"shipping-taxable","13":"purchasable","14":"product-type-simple"},"acf":[],"yoast_head":"<!-- This site is optimized with the Yoast SEO plugin v27.5 - https:\/\/yoast.com\/product\/yoast-seo-wordpress\/ -->\n<title>Reisebuch Womo Ligurien - Bantam<\/title>\n<meta name=\"robots\" content=\"index, follow, max-snippet:-1, max-image-preview:large, max-video-preview:-1\" \/>\n<link rel=\"canonical\" href=\"https:\/\/shop.bantam.ch\/fr\/produit\/reisebuch-womo-ligurien\/\" \/>\n<meta property=\"og:locale\" content=\"fr_FR\" \/>\n<meta property=\"og:type\" content=\"article\" \/>\n<meta property=\"og:title\" content=\"Reisebuch Womo Ligurien - Bantam\" \/>\n<meta property=\"og:description\" content=\"Embarquez pour des circuits vari\u00e9s en camping-car le long de la c\u00f4te &#8211; de la fronti\u00e8re fran\u00e7aise jusqu&rsquo;aux confins de la Toscane. Nous visitons le patrimoine mondial \u00e0 G\u00eanes, l&rsquo;une des grandes villes les plus fascinantes d&rsquo;Italie. Nous grimpons \u00e0 travers les villages des Cinque Terre, nous explorons des villages de montagne isol\u00e9s dans l&rsquo;arri\u00e8re-pays [&hellip;]\" \/>\n<meta property=\"og:url\" content=\"https:\/\/shop.bantam.ch\/fr\/produit\/reisebuch-womo-ligurien\/\" \/>\n<meta property=\"og:site_name\" content=\"Bantam\" \/>\n<meta property=\"article:modified_time\" content=\"2026-05-10T21:06:25+00:00\" \/>\n<meta property=\"og:image\" content=\"https:\/\/shop.bantam.ch\/wp-content\/uploads\/2024\/05\/Movera-L-9961893100.jpg\" \/>\n\t<meta property=\"og:image:width\" content=\"640\" \/>\n\t<meta property=\"og:image:height\" content=\"1226\" \/>\n\t<meta property=\"og:image:type\" content=\"image\/jpeg\" \/>\n<meta name=\"twitter:card\" content=\"summary_large_image\" \/>\n<meta name=\"twitter:label1\" content=\"Dur\u00e9e de lecture estim\u00e9e\" \/>\n\t<meta name=\"twitter:data1\" content=\"1 minute\" \/>\n<script type=\"application\/ld+json\" class=\"yoast-schema-graph\">{\"@context\":\"https:\\\/\\\/schema.org\",\"@graph\":[{\"@type\":\"WebPage\",\"@id\":\"https:\\\/\\\/shop.bantam.ch\\\/fr\\\/produit\\\/reisebuch-womo-ligurien\\\/\",\"url\":\"https:\\\/\\\/shop.bantam.ch\\\/fr\\\/produit\\\/reisebuch-womo-ligurien\\\/\",\"name\":\"Reisebuch Womo Ligurien - Bantam\",\"isPartOf\":{\"@id\":\"https:\\\/\\\/shop.bantam.ch\\\/fr\\\/#website\"},\"primaryImageOfPage\":{\"@id\":\"https:\\\/\\\/shop.bantam.ch\\\/fr\\\/produit\\\/reisebuch-womo-ligurien\\\/#primaryimage\"},\"image\":{\"@id\":\"https:\\\/\\\/shop.bantam.ch\\\/fr\\\/produit\\\/reisebuch-womo-ligurien\\\/#primaryimage\"},\"thumbnailUrl\":\"https:\\\/\\\/shop.bantam.ch\\\/wp-content\\\/uploads\\\/2024\\\/09\\\/Movera-L-9961893100.jpg\",\"datePublished\":\"2024-05-15T13:59:09+00:00\",\"dateModified\":\"2026-05-10T21:06:25+00:00\",\"breadcrumb\":{\"@id\":\"https:\\\/\\\/shop.bantam.ch\\\/fr\\\/produit\\\/reisebuch-womo-ligurien\\\/#breadcrumb\"},\"inLanguage\":\"fr-FR\",\"potentialAction\":[{\"@type\":\"ReadAction\",\"target\":[\"https:\\\/\\\/shop.bantam.ch\\\/fr\\\/produit\\\/reisebuch-womo-ligurien\\\/\"]}]},{\"@type\":\"ImageObject\",\"inLanguage\":\"fr-FR\",\"@id\":\"https:\\\/\\\/shop.bantam.ch\\\/fr\\\/produit\\\/reisebuch-womo-ligurien\\\/#primaryimage\",\"url\":\"https:\\\/\\\/shop.bantam.ch\\\/wp-content\\\/uploads\\\/2024\\\/09\\\/Movera-L-9961893100.jpg\",\"contentUrl\":\"https:\\\/\\\/shop.bantam.ch\\\/wp-content\\\/uploads\\\/2024\\\/09\\\/Movera-L-9961893100.jpg\",\"width\":640,\"height\":1226},{\"@type\":\"BreadcrumbList\",\"@id\":\"https:\\\/\\\/shop.bantam.ch\\\/fr\\\/produit\\\/reisebuch-womo-ligurien\\\/#breadcrumb\",\"itemListElement\":[{\"@type\":\"ListItem\",\"position\":1,\"name\":\"Accueil\",\"item\":\"https:\\\/\\\/shop.bantam.ch\\\/fr\\\/\"},{\"@type\":\"ListItem\",\"position\":2,\"name\":\"Boutique\",\"item\":\"https:\\\/\\\/shop.bantam.ch\\\/fr\\\/boutique\\\/\"},{\"@type\":\"ListItem\",\"position\":3,\"name\":\"Reisebuch Womo Ligurien\"}]},{\"@type\":\"WebSite\",\"@id\":\"https:\\\/\\\/shop.bantam.ch\\\/fr\\\/#website\",\"url\":\"https:\\\/\\\/shop.bantam.ch\\\/fr\\\/\",\"name\":\"Bantam\",\"description\":\"\",\"publisher\":{\"@id\":\"https:\\\/\\\/shop.bantam.ch\\\/fr\\\/#organization\"},\"inLanguage\":\"fr-FR\"},{\"@type\":\"Organization\",\"@id\":\"https:\\\/\\\/shop.bantam.ch\\\/fr\\\/#organization\",\"name\":\"Bantam\",\"url\":\"https:\\\/\\\/shop.bantam.ch\\\/fr\\\/\",\"logo\":{\"@type\":\"ImageObject\",\"inLanguage\":\"fr-FR\",\"@id\":\"https:\\\/\\\/shop.bantam.ch\\\/fr\\\/#\\\/schema\\\/logo\\\/image\\\/\",\"url\":\"https:\\\/\\\/shop.bantam.ch\\\/wp-content\\\/uploads\\\/2022\\\/12\\\/bantam-logo.png\",\"contentUrl\":\"https:\\\/\\\/shop.bantam.ch\\\/wp-content\\\/uploads\\\/2022\\\/12\\\/bantam-logo.png\",\"width\":320,\"height\":71,\"caption\":\"Bantam\"},\"image\":{\"@id\":\"https:\\\/\\\/shop.bantam.ch\\\/fr\\\/#\\\/schema\\\/logo\\\/image\\\/\"}}]}<\/script>\n<!-- \/ Yoast SEO plugin. -->","yoast_head_json":{"title":"Reisebuch Womo Ligurien - Bantam","robots":{"index":"index","follow":"follow","max-snippet":"max-snippet:-1","max-image-preview":"max-image-preview:large","max-video-preview":"max-video-preview:-1"},"canonical":"https:\/\/shop.bantam.ch\/fr\/produit\/reisebuch-womo-ligurien\/","og_locale":"fr_FR","og_type":"article","og_title":"Reisebuch Womo Ligurien - Bantam","og_description":"Embarquez pour des circuits vari\u00e9s en camping-car le long de la c\u00f4te &#8211; de la fronti\u00e8re fran\u00e7aise jusqu&rsquo;aux confins de la Toscane. Nous visitons le patrimoine mondial \u00e0 G\u00eanes, l&rsquo;une des grandes villes les plus fascinantes d&rsquo;Italie. Nous grimpons \u00e0 travers les villages des Cinque Terre, nous explorons des villages de montagne isol\u00e9s dans l&rsquo;arri\u00e8re-pays [&hellip;]","og_url":"https:\/\/shop.bantam.ch\/fr\/produit\/reisebuch-womo-ligurien\/","og_site_name":"Bantam","article_modified_time":"2026-05-10T21:06:25+00:00","og_image":[{"width":640,"height":1226,"url":"https:\/\/shop.bantam.ch\/wp-content\/uploads\/2024\/05\/Movera-L-9961893100.jpg","type":"image\/jpeg"}],"twitter_card":"summary_large_image","twitter_misc":{"Dur\u00e9e de lecture estim\u00e9e":"1 minute"},"schema":{"@context":"https:\/\/schema.org","@graph":[{"@type":"WebPage","@id":"https:\/\/shop.bantam.ch\/fr\/produit\/reisebuch-womo-ligurien\/","url":"https:\/\/shop.bantam.ch\/fr\/produit\/reisebuch-womo-ligurien\/","name":"Reisebuch Womo Ligurien - Bantam","isPartOf":{"@id":"https:\/\/shop.bantam.ch\/fr\/#website"},"primaryImageOfPage":{"@id":"https:\/\/shop.bantam.ch\/fr\/produit\/reisebuch-womo-ligurien\/#primaryimage"},"image":{"@id":"https:\/\/shop.bantam.ch\/fr\/produit\/reisebuch-womo-ligurien\/#primaryimage"},"thumbnailUrl":"https:\/\/shop.bantam.ch\/wp-content\/uploads\/2024\/09\/Movera-L-9961893100.jpg","datePublished":"2024-05-15T13:59:09+00:00","dateModified":"2026-05-10T21:06:25+00:00","breadcrumb":{"@id":"https:\/\/shop.bantam.ch\/fr\/produit\/reisebuch-womo-ligurien\/#breadcrumb"},"inLanguage":"fr-FR","potentialAction":[{"@type":"ReadAction","target":["https:\/\/shop.bantam.ch\/fr\/produit\/reisebuch-womo-ligurien\/"]}]},{"@type":"ImageObject","inLanguage":"fr-FR","@id":"https:\/\/shop.bantam.ch\/fr\/produit\/reisebuch-womo-ligurien\/#primaryimage","url":"https:\/\/shop.bantam.ch\/wp-content\/uploads\/2024\/09\/Movera-L-9961893100.jpg","contentUrl":"https:\/\/shop.bantam.ch\/wp-content\/uploads\/2024\/09\/Movera-L-9961893100.jpg","width":640,"height":1226},{"@type":"BreadcrumbList","@id":"https:\/\/shop.bantam.ch\/fr\/produit\/reisebuch-womo-ligurien\/#breadcrumb","itemListElement":[{"@type":"ListItem","position":1,"name":"Accueil","item":"https:\/\/shop.bantam.ch\/fr\/"},{"@type":"ListItem","position":2,"name":"Boutique","item":"https:\/\/shop.bantam.ch\/fr\/boutique\/"},{"@type":"ListItem","position":3,"name":"Reisebuch Womo Ligurien"}]},{"@type":"WebSite","@id":"https:\/\/shop.bantam.ch\/fr\/#website","url":"https:\/\/shop.bantam.ch\/fr\/","name":"Bantam","description":"","publisher":{"@id":"https:\/\/shop.bantam.ch\/fr\/#organization"},"inLanguage":"fr-FR"},{"@type":"Organization","@id":"https:\/\/shop.bantam.ch\/fr\/#organization","name":"Bantam","url":"https:\/\/shop.bantam.ch\/fr\/","logo":{"@type":"ImageObject","inLanguage":"fr-FR","@id":"https:\/\/shop.bantam.ch\/fr\/#\/schema\/logo\/image\/","url":"https:\/\/shop.bantam.ch\/wp-content\/uploads\/2022\/12\/bantam-logo.png","contentUrl":"https:\/\/shop.bantam.ch\/wp-content\/uploads\/2022\/12\/bantam-logo.png","width":320,"height":71,"caption":"Bantam"},"image":{"@id":"https:\/\/shop.bantam.ch\/fr\/#\/schema\/logo\/image\/"}}]}},"_links":{"self":[{"href":"https:\/\/shop.bantam.ch\/fr\/wp-json\/wp\/v2\/product\/196402","targetHints":{"allow":["GET"]}}],"collection":[{"href":"https:\/\/shop.bantam.ch\/fr\/wp-json\/wp\/v2\/product"}],"about":[{"href":"https:\/\/shop.bantam.ch\/fr\/wp-json\/wp\/v2\/types\/product"}],"wp:featuredmedia":[{"embeddable":true,"href":"https:\/\/shop.bantam.ch\/fr\/wp-json\/wp\/v2\/media\/206900"}],"wp:attachment":[{"href":"https:\/\/shop.bantam.ch\/fr\/wp-json\/wp\/v2\/media?parent=196402"}],"wp:term":[{"taxonomy":"product_featured_cat","embeddable":true,"href":"https:\/\/shop.bantam.ch\/fr\/wp-json\/wp\/v2\/product_featured_cat?post=196402"},{"taxonomy":"product_brand","embeddable":true,"href":"https:\/\/shop.bantam.ch\/fr\/wp-json\/wp\/v2\/product_brand?post=196402"},{"taxonomy":"product_cat","embeddable":true,"href":"https:\/\/shop.bantam.ch\/fr\/wp-json\/wp\/v2\/product_cat?post=196402"},{"taxonomy":"product_tag","embeddable":true,"href":"https:\/\/shop.bantam.ch\/fr\/wp-json\/wp\/v2\/product_tag?post=196402"}],"curies":[{"name":"wp","href":"https:\/\/api.w.org\/{rel}","templated":true}]}}