{"id":196392,"date":"2024-06-25T15:58:48","date_gmt":"2024-06-25T13:58:48","guid":{"rendered":"https:\/\/shop.bantam.ch\/produit\/chaise-westfield-outdoors-elegance-avantgarde-chair-sunbrella-coloris-gris-beige\/"},"modified":"2026-04-18T23:10:03","modified_gmt":"2026-04-18T21:10:03","slug":"chaise-westfield-outdoors-elegance-avantgarde-chair-sunbrella-coloris-gris-beige","status":"publish","type":"product","link":"https:\/\/shop.bantam.ch\/fr\/produit\/chaise-westfield-outdoors-elegance-avantgarde-chair-sunbrella-coloris-gris-beige\/","title":{"rendered":"Chaise Westfield OUTDOORS Elegance Avantgarde Chair Sunbrella coloris gris\/beige"},"content":{"rendered":"<p>La chaise ELEGANCE se distingue d\u00e9lib\u00e9r\u00e9ment des autres chaises de camping haut de gamme. L&rsquo;assise est fix\u00e9e dans le profil\u00e9 du cadre, sans coutures et de mani\u00e8re solidaire. Le tissu en fibres acryliques d\u00e9velopp\u00e9 pour elle est doux comme du cachemire, respirant, r\u00e9sistant aux intemp\u00e9ries et antisalissant. Les mat\u00e9riaux modernes, leur fonctionnalit\u00e9 et le design puriste font de cette chaise un point fort durable devant votre camping-car.<\/p>\n<p>Mati\u00e8re:<br \/>100 % fibre polyacrylique<\/p>\n","protected":false},"excerpt":{"rendered":"<p>La chaise ELEGANCE se distingue d\u00e9lib\u00e9r\u00e9ment des autres chaises de camping haut de gamme. L&rsquo;assise est fix\u00e9e dans le profil\u00e9 du cadre, sans coutures et de mani\u00e8re solidaire. Le tissu en fibres acryliques d\u00e9velopp\u00e9 pour elle est doux comme du cachemire, respirant, r\u00e9sistant aux intemp\u00e9ries et antisalissant. Les mat\u00e9riaux modernes, leur fonctionnalit\u00e9 et le design [&hellip;]<\/p>\n","protected":false},"featured_media":206844,"template":"","meta":{"_acf_changed":false},"product_featured_cat":[94,5297],"product_brand":[3092],"product_cat":[4971],"product_tag":[],"class_list":{"0":"post-196392","1":"product","2":"type-product","3":"status-publish","4":"has-post-thumbnail","6":"product_featured_cat-promotions-etagnieres","7":"product_featured_cat-sonderangebote-hindelbank-fr","8":"product_brand-westfield-outdoors","9":"product_cat-chaises-de-camping","11":"first","12":"instock","13":"sale","14":"taxable","15":"shipping-taxable","16":"purchasable","17":"product-type-simple"},"acf":[],"yoast_head":"<!-- This site is optimized with the Yoast SEO plugin v27.4 - https:\/\/yoast.com\/product\/yoast-seo-wordpress\/ -->\n<title>Chaise Westfield OUTDOORS Elegance Avantgarde Chair Sunbrella coloris gris\/beige - Bantam Wankm\u00fcller SA<\/title>\n<meta name=\"robots\" content=\"index, follow, max-snippet:-1, max-image-preview:large, max-video-preview:-1\" \/>\n<link rel=\"canonical\" href=\"https:\/\/shop.bantam.ch\/fr\/produit\/chaise-westfield-outdoors-elegance-avantgarde-chair-sunbrella-coloris-gris-beige\/\" \/>\n<meta property=\"og:locale\" content=\"fr_FR\" \/>\n<meta property=\"og:type\" content=\"article\" \/>\n<meta property=\"og:title\" content=\"Chaise Westfield OUTDOORS Elegance Avantgarde Chair Sunbrella coloris gris\/beige - Bantam Wankm\u00fcller SA\" \/>\n<meta property=\"og:description\" content=\"La chaise ELEGANCE se distingue d\u00e9lib\u00e9r\u00e9ment des autres chaises de camping haut de gamme. L&rsquo;assise est fix\u00e9e dans le profil\u00e9 du cadre, sans coutures et de mani\u00e8re solidaire. Le tissu en fibres acryliques d\u00e9velopp\u00e9 pour elle est doux comme du cachemire, respirant, r\u00e9sistant aux intemp\u00e9ries et antisalissant. Les mat\u00e9riaux modernes, leur fonctionnalit\u00e9 et le design [&hellip;]\" \/>\n<meta property=\"og:url\" content=\"https:\/\/shop.bantam.ch\/fr\/produit\/chaise-westfield-outdoors-elegance-avantgarde-chair-sunbrella-coloris-gris-beige\/\" \/>\n<meta property=\"og:site_name\" content=\"Bantam Wankm\u00fcller SA\" \/>\n<meta property=\"article:modified_time\" content=\"2026-04-18T21:10:03+00:00\" \/>\n<meta property=\"og:image\" content=\"https:\/\/shop.bantam.ch\/wp-content\/uploads\/2024\/09\/Movera-L-9961958100.jpg\" \/>\n\t<meta property=\"og:image:width\" content=\"640\" \/>\n\t<meta property=\"og:image:height\" content=\"750\" \/>\n\t<meta property=\"og:image:type\" content=\"image\/jpeg\" \/>\n<meta name=\"twitter:card\" content=\"summary_large_image\" \/>\n<meta name=\"twitter:label1\" content=\"Dur\u00e9e de lecture estim\u00e9e\" \/>\n\t<meta name=\"twitter:data1\" content=\"1 minute\" \/>\n<script type=\"application\/ld+json\" class=\"yoast-schema-graph\">{\"@context\":\"https:\\\/\\\/schema.org\",\"@graph\":[{\"@type\":\"WebPage\",\"@id\":\"https:\\\/\\\/shop.bantam.ch\\\/fr\\\/produit\\\/chaise-westfield-outdoors-elegance-avantgarde-chair-sunbrella-coloris-gris-beige\\\/\",\"url\":\"https:\\\/\\\/shop.bantam.ch\\\/fr\\\/produit\\\/chaise-westfield-outdoors-elegance-avantgarde-chair-sunbrella-coloris-gris-beige\\\/\",\"name\":\"Chaise Westfield OUTDOORS Elegance Avantgarde Chair Sunbrella coloris gris\\\/beige - Bantam Wankm\u00fcller SA\",\"isPartOf\":{\"@id\":\"https:\\\/\\\/shop.bantam.ch\\\/fr\\\/#website\"},\"primaryImageOfPage\":{\"@id\":\"https:\\\/\\\/shop.bantam.ch\\\/fr\\\/produit\\\/chaise-westfield-outdoors-elegance-avantgarde-chair-sunbrella-coloris-gris-beige\\\/#primaryimage\"},\"image\":{\"@id\":\"https:\\\/\\\/shop.bantam.ch\\\/fr\\\/produit\\\/chaise-westfield-outdoors-elegance-avantgarde-chair-sunbrella-coloris-gris-beige\\\/#primaryimage\"},\"thumbnailUrl\":\"https:\\\/\\\/shop.bantam.ch\\\/wp-content\\\/uploads\\\/2024\\\/09\\\/Movera-L-9961958100.jpg\",\"datePublished\":\"2024-06-25T13:58:48+00:00\",\"dateModified\":\"2026-04-18T21:10:03+00:00\",\"breadcrumb\":{\"@id\":\"https:\\\/\\\/shop.bantam.ch\\\/fr\\\/produit\\\/chaise-westfield-outdoors-elegance-avantgarde-chair-sunbrella-coloris-gris-beige\\\/#breadcrumb\"},\"inLanguage\":\"fr-FR\",\"potentialAction\":[{\"@type\":\"ReadAction\",\"target\":[\"https:\\\/\\\/shop.bantam.ch\\\/fr\\\/produit\\\/chaise-westfield-outdoors-elegance-avantgarde-chair-sunbrella-coloris-gris-beige\\\/\"]}]},{\"@type\":\"ImageObject\",\"inLanguage\":\"fr-FR\",\"@id\":\"https:\\\/\\\/shop.bantam.ch\\\/fr\\\/produit\\\/chaise-westfield-outdoors-elegance-avantgarde-chair-sunbrella-coloris-gris-beige\\\/#primaryimage\",\"url\":\"https:\\\/\\\/shop.bantam.ch\\\/wp-content\\\/uploads\\\/2024\\\/09\\\/Movera-L-9961958100.jpg\",\"contentUrl\":\"https:\\\/\\\/shop.bantam.ch\\\/wp-content\\\/uploads\\\/2024\\\/09\\\/Movera-L-9961958100.jpg\",\"width\":640,\"height\":750},{\"@type\":\"BreadcrumbList\",\"@id\":\"https:\\\/\\\/shop.bantam.ch\\\/fr\\\/produit\\\/chaise-westfield-outdoors-elegance-avantgarde-chair-sunbrella-coloris-gris-beige\\\/#breadcrumb\",\"itemListElement\":[{\"@type\":\"ListItem\",\"position\":1,\"name\":\"Accueil\",\"item\":\"https:\\\/\\\/shop.bantam.ch\\\/fr\\\/\"},{\"@type\":\"ListItem\",\"position\":2,\"name\":\"Boutique\",\"item\":\"https:\\\/\\\/shop.bantam.ch\\\/fr\\\/boutique\\\/\"},{\"@type\":\"ListItem\",\"position\":3,\"name\":\"Chaise Westfield OUTDOORS Elegance Avantgarde Chair Sunbrella coloris gris\\\/beige\"}]},{\"@type\":\"WebSite\",\"@id\":\"https:\\\/\\\/shop.bantam.ch\\\/fr\\\/#website\",\"url\":\"https:\\\/\\\/shop.bantam.ch\\\/fr\\\/\",\"name\":\"Bantam Wankm\u00fcller SA\",\"description\":\"\",\"publisher\":{\"@id\":\"https:\\\/\\\/shop.bantam.ch\\\/fr\\\/#organization\"},\"inLanguage\":\"fr-FR\"},{\"@type\":\"Organization\",\"@id\":\"https:\\\/\\\/shop.bantam.ch\\\/fr\\\/#organization\",\"name\":\"Bantam Wankm\u00fcller SA\",\"url\":\"https:\\\/\\\/shop.bantam.ch\\\/fr\\\/\",\"logo\":{\"@type\":\"ImageObject\",\"inLanguage\":\"fr-FR\",\"@id\":\"https:\\\/\\\/shop.bantam.ch\\\/fr\\\/#\\\/schema\\\/logo\\\/image\\\/\",\"url\":\"https:\\\/\\\/shop.bantam.ch\\\/wp-content\\\/uploads\\\/2022\\\/12\\\/bantam-logo.png\",\"contentUrl\":\"https:\\\/\\\/shop.bantam.ch\\\/wp-content\\\/uploads\\\/2022\\\/12\\\/bantam-logo.png\",\"width\":320,\"height\":71,\"caption\":\"Bantam Wankm\u00fcller SA\"},\"image\":{\"@id\":\"https:\\\/\\\/shop.bantam.ch\\\/fr\\\/#\\\/schema\\\/logo\\\/image\\\/\"}}]}<\/script>\n<!-- \/ Yoast SEO plugin. -->","yoast_head_json":{"title":"Chaise Westfield OUTDOORS Elegance Avantgarde Chair Sunbrella coloris gris\/beige - Bantam Wankm\u00fcller SA","robots":{"index":"index","follow":"follow","max-snippet":"max-snippet:-1","max-image-preview":"max-image-preview:large","max-video-preview":"max-video-preview:-1"},"canonical":"https:\/\/shop.bantam.ch\/fr\/produit\/chaise-westfield-outdoors-elegance-avantgarde-chair-sunbrella-coloris-gris-beige\/","og_locale":"fr_FR","og_type":"article","og_title":"Chaise Westfield OUTDOORS Elegance Avantgarde Chair Sunbrella coloris gris\/beige - Bantam Wankm\u00fcller SA","og_description":"La chaise ELEGANCE se distingue d\u00e9lib\u00e9r\u00e9ment des autres chaises de camping haut de gamme. L&rsquo;assise est fix\u00e9e dans le profil\u00e9 du cadre, sans coutures et de mani\u00e8re solidaire. Le tissu en fibres acryliques d\u00e9velopp\u00e9 pour elle est doux comme du cachemire, respirant, r\u00e9sistant aux intemp\u00e9ries et antisalissant. Les mat\u00e9riaux modernes, leur fonctionnalit\u00e9 et le design [&hellip;]","og_url":"https:\/\/shop.bantam.ch\/fr\/produit\/chaise-westfield-outdoors-elegance-avantgarde-chair-sunbrella-coloris-gris-beige\/","og_site_name":"Bantam Wankm\u00fcller SA","article_modified_time":"2026-04-18T21:10:03+00:00","og_image":[{"width":640,"height":750,"url":"https:\/\/shop.bantam.ch\/wp-content\/uploads\/2024\/09\/Movera-L-9961958100.jpg","type":"image\/jpeg"}],"twitter_card":"summary_large_image","twitter_misc":{"Dur\u00e9e de lecture estim\u00e9e":"1 minute"},"schema":{"@context":"https:\/\/schema.org","@graph":[{"@type":"WebPage","@id":"https:\/\/shop.bantam.ch\/fr\/produit\/chaise-westfield-outdoors-elegance-avantgarde-chair-sunbrella-coloris-gris-beige\/","url":"https:\/\/shop.bantam.ch\/fr\/produit\/chaise-westfield-outdoors-elegance-avantgarde-chair-sunbrella-coloris-gris-beige\/","name":"Chaise Westfield OUTDOORS Elegance Avantgarde Chair Sunbrella coloris gris\/beige - Bantam Wankm\u00fcller SA","isPartOf":{"@id":"https:\/\/shop.bantam.ch\/fr\/#website"},"primaryImageOfPage":{"@id":"https:\/\/shop.bantam.ch\/fr\/produit\/chaise-westfield-outdoors-elegance-avantgarde-chair-sunbrella-coloris-gris-beige\/#primaryimage"},"image":{"@id":"https:\/\/shop.bantam.ch\/fr\/produit\/chaise-westfield-outdoors-elegance-avantgarde-chair-sunbrella-coloris-gris-beige\/#primaryimage"},"thumbnailUrl":"https:\/\/shop.bantam.ch\/wp-content\/uploads\/2024\/09\/Movera-L-9961958100.jpg","datePublished":"2024-06-25T13:58:48+00:00","dateModified":"2026-04-18T21:10:03+00:00","breadcrumb":{"@id":"https:\/\/shop.bantam.ch\/fr\/produit\/chaise-westfield-outdoors-elegance-avantgarde-chair-sunbrella-coloris-gris-beige\/#breadcrumb"},"inLanguage":"fr-FR","potentialAction":[{"@type":"ReadAction","target":["https:\/\/shop.bantam.ch\/fr\/produit\/chaise-westfield-outdoors-elegance-avantgarde-chair-sunbrella-coloris-gris-beige\/"]}]},{"@type":"ImageObject","inLanguage":"fr-FR","@id":"https:\/\/shop.bantam.ch\/fr\/produit\/chaise-westfield-outdoors-elegance-avantgarde-chair-sunbrella-coloris-gris-beige\/#primaryimage","url":"https:\/\/shop.bantam.ch\/wp-content\/uploads\/2024\/09\/Movera-L-9961958100.jpg","contentUrl":"https:\/\/shop.bantam.ch\/wp-content\/uploads\/2024\/09\/Movera-L-9961958100.jpg","width":640,"height":750},{"@type":"BreadcrumbList","@id":"https:\/\/shop.bantam.ch\/fr\/produit\/chaise-westfield-outdoors-elegance-avantgarde-chair-sunbrella-coloris-gris-beige\/#breadcrumb","itemListElement":[{"@type":"ListItem","position":1,"name":"Accueil","item":"https:\/\/shop.bantam.ch\/fr\/"},{"@type":"ListItem","position":2,"name":"Boutique","item":"https:\/\/shop.bantam.ch\/fr\/boutique\/"},{"@type":"ListItem","position":3,"name":"Chaise Westfield OUTDOORS Elegance Avantgarde Chair Sunbrella coloris gris\/beige"}]},{"@type":"WebSite","@id":"https:\/\/shop.bantam.ch\/fr\/#website","url":"https:\/\/shop.bantam.ch\/fr\/","name":"Bantam Wankm\u00fcller SA","description":"","publisher":{"@id":"https:\/\/shop.bantam.ch\/fr\/#organization"},"inLanguage":"fr-FR"},{"@type":"Organization","@id":"https:\/\/shop.bantam.ch\/fr\/#organization","name":"Bantam Wankm\u00fcller SA","url":"https:\/\/shop.bantam.ch\/fr\/","logo":{"@type":"ImageObject","inLanguage":"fr-FR","@id":"https:\/\/shop.bantam.ch\/fr\/#\/schema\/logo\/image\/","url":"https:\/\/shop.bantam.ch\/wp-content\/uploads\/2022\/12\/bantam-logo.png","contentUrl":"https:\/\/shop.bantam.ch\/wp-content\/uploads\/2022\/12\/bantam-logo.png","width":320,"height":71,"caption":"Bantam Wankm\u00fcller SA"},"image":{"@id":"https:\/\/shop.bantam.ch\/fr\/#\/schema\/logo\/image\/"}}]}},"_links":{"self":[{"href":"https:\/\/shop.bantam.ch\/fr\/wp-json\/wp\/v2\/product\/196392","targetHints":{"allow":["GET"]}}],"collection":[{"href":"https:\/\/shop.bantam.ch\/fr\/wp-json\/wp\/v2\/product"}],"about":[{"href":"https:\/\/shop.bantam.ch\/fr\/wp-json\/wp\/v2\/types\/product"}],"wp:featuredmedia":[{"embeddable":true,"href":"https:\/\/shop.bantam.ch\/fr\/wp-json\/wp\/v2\/media\/206844"}],"wp:attachment":[{"href":"https:\/\/shop.bantam.ch\/fr\/wp-json\/wp\/v2\/media?parent=196392"}],"wp:term":[{"taxonomy":"product_featured_cat","embeddable":true,"href":"https:\/\/shop.bantam.ch\/fr\/wp-json\/wp\/v2\/product_featured_cat?post=196392"},{"taxonomy":"product_brand","embeddable":true,"href":"https:\/\/shop.bantam.ch\/fr\/wp-json\/wp\/v2\/product_brand?post=196392"},{"taxonomy":"product_cat","embeddable":true,"href":"https:\/\/shop.bantam.ch\/fr\/wp-json\/wp\/v2\/product_cat?post=196392"},{"taxonomy":"product_tag","embeddable":true,"href":"https:\/\/shop.bantam.ch\/fr\/wp-json\/wp\/v2\/product_tag?post=196392"}],"curies":[{"name":"wp","href":"https:\/\/api.w.org\/{rel}","templated":true}]}}