{"id":196384,"date":"2024-05-15T15:58:36","date_gmt":"2024-05-15T13:58:36","guid":{"rendered":"https:\/\/shop.bantam.ch\/produit\/televiseur-antarion-smart-tv-19-pouces-dvbt-2\/"},"modified":"2026-04-18T23:10:02","modified_gmt":"2026-04-18T21:10:02","slug":"televiseur-antarion-smart-tv-19-pouces-dvbt-2","status":"publish","type":"product","link":"https:\/\/shop.bantam.ch\/fr\/produit\/televiseur-antarion-smart-tv-19-pouces-dvbt-2\/","title":{"rendered":"T\u00e9l\u00e9viseur ANTARION Smart TV, 19 pouces DVBT-2"},"content":{"rendered":"<p>T\u00e9l\u00e9viseur SMART 19 pouces<\/p>\n<ul>\n<li>Meilleur rapport qualit\u00e9\/prix, livr\u00e9 dans un emballage neutre et sans alimentation 220V.<\/li>\n<li>Android 11.0 int\u00e9gr\u00e9 (mises \u00e0 jour faciles et gratuites)<\/li>\n<li>Fonction WiFi et CAST int\u00e9gr\u00e9e<\/li>\n<p>.<\/p>\n<li>Tr\u00e8s faible consommation (classe F \/ 17 W)<\/li>\n<li>Tuner compatible ULTRA HD DVB-T2<\/li>\n<li>Couleur noire brillante<\/li>\n<li>Prise de courant 220 V en option<\/li>\n<\/ul>\n<p>Ensemble de la livraison<br \/>\nAllume-cigarette 12 V inclus<\/p>\n","protected":false},"excerpt":{"rendered":"<p>T\u00e9l\u00e9viseur SMART 19 pouces Meilleur rapport qualit\u00e9\/prix, livr\u00e9 dans un emballage neutre et sans alimentation 220V. Android 11.0 int\u00e9gr\u00e9 (mises \u00e0 jour faciles et gratuites) Fonction WiFi et CAST int\u00e9gr\u00e9e . Tr\u00e8s faible consommation (classe F \/ 17 W) Tuner compatible ULTRA HD DVB-T2 Couleur noire brillante Prise de courant 220 V en option Ensemble [&hellip;]<\/p>\n","protected":false},"featured_media":206840,"template":"","meta":{"_acf_changed":false},"product_featured_cat":[],"product_brand":[3504],"product_cat":[4505],"product_tag":[],"class_list":{"0":"post-196384","1":"product","2":"type-product","3":"status-publish","4":"has-post-thumbnail","6":"product_brand-antarion","7":"product_cat-televiseurs","9":"first","10":"instock","11":"taxable","12":"shipping-taxable","13":"purchasable","14":"product-type-simple"},"acf":[],"yoast_head":"<!-- This site is optimized with the Yoast SEO plugin v27.4 - https:\/\/yoast.com\/product\/yoast-seo-wordpress\/ -->\n<title>T\u00e9l\u00e9viseur ANTARION Smart TV, 19 pouces DVBT-2 - Bantam Wankm\u00fcller SA<\/title>\n<meta name=\"robots\" content=\"index, follow, max-snippet:-1, max-image-preview:large, max-video-preview:-1\" \/>\n<link rel=\"canonical\" href=\"https:\/\/shop.bantam.ch\/fr\/produit\/televiseur-antarion-smart-tv-19-pouces-dvbt-2\/\" \/>\n<meta property=\"og:locale\" content=\"fr_FR\" \/>\n<meta property=\"og:type\" content=\"article\" \/>\n<meta property=\"og:title\" content=\"T\u00e9l\u00e9viseur ANTARION Smart TV, 19 pouces DVBT-2 - Bantam Wankm\u00fcller SA\" \/>\n<meta property=\"og:description\" content=\"T\u00e9l\u00e9viseur SMART 19 pouces Meilleur rapport qualit\u00e9\/prix, livr\u00e9 dans un emballage neutre et sans alimentation 220V. Android 11.0 int\u00e9gr\u00e9 (mises \u00e0 jour faciles et gratuites) Fonction WiFi et CAST int\u00e9gr\u00e9e . Tr\u00e8s faible consommation (classe F \/ 17 W) Tuner compatible ULTRA HD DVB-T2 Couleur noire brillante Prise de courant 220 V en option Ensemble [&hellip;]\" \/>\n<meta property=\"og:url\" content=\"https:\/\/shop.bantam.ch\/fr\/produit\/televiseur-antarion-smart-tv-19-pouces-dvbt-2\/\" \/>\n<meta property=\"og:site_name\" content=\"Bantam Wankm\u00fcller SA\" \/>\n<meta property=\"article:modified_time\" content=\"2026-04-18T21:10:02+00:00\" \/>\n<meta property=\"og:image\" content=\"https:\/\/shop.bantam.ch\/wp-content\/uploads\/2024\/05\/Movera-L-9961956100.jpg\" \/>\n\t<meta property=\"og:image:width\" content=\"640\" \/>\n\t<meta property=\"og:image:height\" content=\"640\" \/>\n\t<meta property=\"og:image:type\" content=\"image\/jpeg\" \/>\n<meta name=\"twitter:card\" content=\"summary_large_image\" \/>\n<script type=\"application\/ld+json\" class=\"yoast-schema-graph\">{\"@context\":\"https:\\\/\\\/schema.org\",\"@graph\":[{\"@type\":\"WebPage\",\"@id\":\"https:\\\/\\\/shop.bantam.ch\\\/fr\\\/produit\\\/televiseur-antarion-smart-tv-19-pouces-dvbt-2\\\/\",\"url\":\"https:\\\/\\\/shop.bantam.ch\\\/fr\\\/produit\\\/televiseur-antarion-smart-tv-19-pouces-dvbt-2\\\/\",\"name\":\"T\u00e9l\u00e9viseur ANTARION Smart TV, 19 pouces DVBT-2 - Bantam Wankm\u00fcller SA\",\"isPartOf\":{\"@id\":\"https:\\\/\\\/shop.bantam.ch\\\/fr\\\/#website\"},\"primaryImageOfPage\":{\"@id\":\"https:\\\/\\\/shop.bantam.ch\\\/fr\\\/produit\\\/televiseur-antarion-smart-tv-19-pouces-dvbt-2\\\/#primaryimage\"},\"image\":{\"@id\":\"https:\\\/\\\/shop.bantam.ch\\\/fr\\\/produit\\\/televiseur-antarion-smart-tv-19-pouces-dvbt-2\\\/#primaryimage\"},\"thumbnailUrl\":\"https:\\\/\\\/shop.bantam.ch\\\/wp-content\\\/uploads\\\/2024\\\/09\\\/Movera-L-9961956100.jpg\",\"datePublished\":\"2024-05-15T13:58:36+00:00\",\"dateModified\":\"2026-04-18T21:10:02+00:00\",\"breadcrumb\":{\"@id\":\"https:\\\/\\\/shop.bantam.ch\\\/fr\\\/produit\\\/televiseur-antarion-smart-tv-19-pouces-dvbt-2\\\/#breadcrumb\"},\"inLanguage\":\"fr-FR\",\"potentialAction\":[{\"@type\":\"ReadAction\",\"target\":[\"https:\\\/\\\/shop.bantam.ch\\\/fr\\\/produit\\\/televiseur-antarion-smart-tv-19-pouces-dvbt-2\\\/\"]}]},{\"@type\":\"ImageObject\",\"inLanguage\":\"fr-FR\",\"@id\":\"https:\\\/\\\/shop.bantam.ch\\\/fr\\\/produit\\\/televiseur-antarion-smart-tv-19-pouces-dvbt-2\\\/#primaryimage\",\"url\":\"https:\\\/\\\/shop.bantam.ch\\\/wp-content\\\/uploads\\\/2024\\\/09\\\/Movera-L-9961956100.jpg\",\"contentUrl\":\"https:\\\/\\\/shop.bantam.ch\\\/wp-content\\\/uploads\\\/2024\\\/09\\\/Movera-L-9961956100.jpg\",\"width\":640,\"height\":640},{\"@type\":\"BreadcrumbList\",\"@id\":\"https:\\\/\\\/shop.bantam.ch\\\/fr\\\/produit\\\/televiseur-antarion-smart-tv-19-pouces-dvbt-2\\\/#breadcrumb\",\"itemListElement\":[{\"@type\":\"ListItem\",\"position\":1,\"name\":\"Accueil\",\"item\":\"https:\\\/\\\/shop.bantam.ch\\\/fr\\\/\"},{\"@type\":\"ListItem\",\"position\":2,\"name\":\"Boutique\",\"item\":\"https:\\\/\\\/shop.bantam.ch\\\/fr\\\/boutique\\\/\"},{\"@type\":\"ListItem\",\"position\":3,\"name\":\"T\u00e9l\u00e9viseur ANTARION Smart TV, 19 pouces DVBT-2\"}]},{\"@type\":\"WebSite\",\"@id\":\"https:\\\/\\\/shop.bantam.ch\\\/fr\\\/#website\",\"url\":\"https:\\\/\\\/shop.bantam.ch\\\/fr\\\/\",\"name\":\"Bantam Wankm\u00fcller SA\",\"description\":\"\",\"publisher\":{\"@id\":\"https:\\\/\\\/shop.bantam.ch\\\/fr\\\/#organization\"},\"inLanguage\":\"fr-FR\"},{\"@type\":\"Organization\",\"@id\":\"https:\\\/\\\/shop.bantam.ch\\\/fr\\\/#organization\",\"name\":\"Bantam Wankm\u00fcller SA\",\"url\":\"https:\\\/\\\/shop.bantam.ch\\\/fr\\\/\",\"logo\":{\"@type\":\"ImageObject\",\"inLanguage\":\"fr-FR\",\"@id\":\"https:\\\/\\\/shop.bantam.ch\\\/fr\\\/#\\\/schema\\\/logo\\\/image\\\/\",\"url\":\"https:\\\/\\\/shop.bantam.ch\\\/wp-content\\\/uploads\\\/2022\\\/12\\\/bantam-logo.png\",\"contentUrl\":\"https:\\\/\\\/shop.bantam.ch\\\/wp-content\\\/uploads\\\/2022\\\/12\\\/bantam-logo.png\",\"width\":320,\"height\":71,\"caption\":\"Bantam Wankm\u00fcller SA\"},\"image\":{\"@id\":\"https:\\\/\\\/shop.bantam.ch\\\/fr\\\/#\\\/schema\\\/logo\\\/image\\\/\"}}]}<\/script>\n<!-- \/ Yoast SEO plugin. -->","yoast_head_json":{"title":"T\u00e9l\u00e9viseur ANTARION Smart TV, 19 pouces DVBT-2 - Bantam Wankm\u00fcller SA","robots":{"index":"index","follow":"follow","max-snippet":"max-snippet:-1","max-image-preview":"max-image-preview:large","max-video-preview":"max-video-preview:-1"},"canonical":"https:\/\/shop.bantam.ch\/fr\/produit\/televiseur-antarion-smart-tv-19-pouces-dvbt-2\/","og_locale":"fr_FR","og_type":"article","og_title":"T\u00e9l\u00e9viseur ANTARION Smart TV, 19 pouces DVBT-2 - Bantam Wankm\u00fcller SA","og_description":"T\u00e9l\u00e9viseur SMART 19 pouces Meilleur rapport qualit\u00e9\/prix, livr\u00e9 dans un emballage neutre et sans alimentation 220V. Android 11.0 int\u00e9gr\u00e9 (mises \u00e0 jour faciles et gratuites) Fonction WiFi et CAST int\u00e9gr\u00e9e . Tr\u00e8s faible consommation (classe F \/ 17 W) Tuner compatible ULTRA HD DVB-T2 Couleur noire brillante Prise de courant 220 V en option Ensemble [&hellip;]","og_url":"https:\/\/shop.bantam.ch\/fr\/produit\/televiseur-antarion-smart-tv-19-pouces-dvbt-2\/","og_site_name":"Bantam Wankm\u00fcller SA","article_modified_time":"2026-04-18T21:10:02+00:00","og_image":[{"width":640,"height":640,"url":"https:\/\/shop.bantam.ch\/wp-content\/uploads\/2024\/05\/Movera-L-9961956100.jpg","type":"image\/jpeg"}],"twitter_card":"summary_large_image","schema":{"@context":"https:\/\/schema.org","@graph":[{"@type":"WebPage","@id":"https:\/\/shop.bantam.ch\/fr\/produit\/televiseur-antarion-smart-tv-19-pouces-dvbt-2\/","url":"https:\/\/shop.bantam.ch\/fr\/produit\/televiseur-antarion-smart-tv-19-pouces-dvbt-2\/","name":"T\u00e9l\u00e9viseur ANTARION Smart TV, 19 pouces DVBT-2 - Bantam Wankm\u00fcller SA","isPartOf":{"@id":"https:\/\/shop.bantam.ch\/fr\/#website"},"primaryImageOfPage":{"@id":"https:\/\/shop.bantam.ch\/fr\/produit\/televiseur-antarion-smart-tv-19-pouces-dvbt-2\/#primaryimage"},"image":{"@id":"https:\/\/shop.bantam.ch\/fr\/produit\/televiseur-antarion-smart-tv-19-pouces-dvbt-2\/#primaryimage"},"thumbnailUrl":"https:\/\/shop.bantam.ch\/wp-content\/uploads\/2024\/09\/Movera-L-9961956100.jpg","datePublished":"2024-05-15T13:58:36+00:00","dateModified":"2026-04-18T21:10:02+00:00","breadcrumb":{"@id":"https:\/\/shop.bantam.ch\/fr\/produit\/televiseur-antarion-smart-tv-19-pouces-dvbt-2\/#breadcrumb"},"inLanguage":"fr-FR","potentialAction":[{"@type":"ReadAction","target":["https:\/\/shop.bantam.ch\/fr\/produit\/televiseur-antarion-smart-tv-19-pouces-dvbt-2\/"]}]},{"@type":"ImageObject","inLanguage":"fr-FR","@id":"https:\/\/shop.bantam.ch\/fr\/produit\/televiseur-antarion-smart-tv-19-pouces-dvbt-2\/#primaryimage","url":"https:\/\/shop.bantam.ch\/wp-content\/uploads\/2024\/09\/Movera-L-9961956100.jpg","contentUrl":"https:\/\/shop.bantam.ch\/wp-content\/uploads\/2024\/09\/Movera-L-9961956100.jpg","width":640,"height":640},{"@type":"BreadcrumbList","@id":"https:\/\/shop.bantam.ch\/fr\/produit\/televiseur-antarion-smart-tv-19-pouces-dvbt-2\/#breadcrumb","itemListElement":[{"@type":"ListItem","position":1,"name":"Accueil","item":"https:\/\/shop.bantam.ch\/fr\/"},{"@type":"ListItem","position":2,"name":"Boutique","item":"https:\/\/shop.bantam.ch\/fr\/boutique\/"},{"@type":"ListItem","position":3,"name":"T\u00e9l\u00e9viseur ANTARION Smart TV, 19 pouces DVBT-2"}]},{"@type":"WebSite","@id":"https:\/\/shop.bantam.ch\/fr\/#website","url":"https:\/\/shop.bantam.ch\/fr\/","name":"Bantam Wankm\u00fcller SA","description":"","publisher":{"@id":"https:\/\/shop.bantam.ch\/fr\/#organization"},"inLanguage":"fr-FR"},{"@type":"Organization","@id":"https:\/\/shop.bantam.ch\/fr\/#organization","name":"Bantam Wankm\u00fcller SA","url":"https:\/\/shop.bantam.ch\/fr\/","logo":{"@type":"ImageObject","inLanguage":"fr-FR","@id":"https:\/\/shop.bantam.ch\/fr\/#\/schema\/logo\/image\/","url":"https:\/\/shop.bantam.ch\/wp-content\/uploads\/2022\/12\/bantam-logo.png","contentUrl":"https:\/\/shop.bantam.ch\/wp-content\/uploads\/2022\/12\/bantam-logo.png","width":320,"height":71,"caption":"Bantam Wankm\u00fcller SA"},"image":{"@id":"https:\/\/shop.bantam.ch\/fr\/#\/schema\/logo\/image\/"}}]}},"_links":{"self":[{"href":"https:\/\/shop.bantam.ch\/fr\/wp-json\/wp\/v2\/product\/196384","targetHints":{"allow":["GET"]}}],"collection":[{"href":"https:\/\/shop.bantam.ch\/fr\/wp-json\/wp\/v2\/product"}],"about":[{"href":"https:\/\/shop.bantam.ch\/fr\/wp-json\/wp\/v2\/types\/product"}],"wp:featuredmedia":[{"embeddable":true,"href":"https:\/\/shop.bantam.ch\/fr\/wp-json\/wp\/v2\/media\/206840"}],"wp:attachment":[{"href":"https:\/\/shop.bantam.ch\/fr\/wp-json\/wp\/v2\/media?parent=196384"}],"wp:term":[{"taxonomy":"product_featured_cat","embeddable":true,"href":"https:\/\/shop.bantam.ch\/fr\/wp-json\/wp\/v2\/product_featured_cat?post=196384"},{"taxonomy":"product_brand","embeddable":true,"href":"https:\/\/shop.bantam.ch\/fr\/wp-json\/wp\/v2\/product_brand?post=196384"},{"taxonomy":"product_cat","embeddable":true,"href":"https:\/\/shop.bantam.ch\/fr\/wp-json\/wp\/v2\/product_cat?post=196384"},{"taxonomy":"product_tag","embeddable":true,"href":"https:\/\/shop.bantam.ch\/fr\/wp-json\/wp\/v2\/product_tag?post=196384"}],"curies":[{"name":"wp","href":"https:\/\/api.w.org\/{rel}","templated":true}]}}