{"id":196360,"date":"2024-05-15T15:57:55","date_gmt":"2024-05-15T13:57:55","guid":{"rendered":"https:\/\/shop.bantam.ch\/produit\/camera-de-recul-zenec-e-go-pour-ford-transit\/"},"modified":"2026-04-18T23:09:54","modified_gmt":"2026-04-18T21:09:54","slug":"camera-de-recul-zenec-e-go-pour-ford-transit","status":"publish","type":"product","link":"https:\/\/shop.bantam.ch\/fr\/produit\/camera-de-recul-zenec-e-go-pour-ford-transit\/","title":{"rendered":"Cam\u00e9ra de recul ZENEC E GO pour Ford Transit"},"content":{"rendered":"<p>Cam\u00e9ra de recul plug &amp; play compacte et haute r\u00e9solution pour remplacer le troisi\u00e8me feu stop d&rsquo;origine, pour les v\u00e9hicules utilitaires, les fourgons, les minibus de la 7\u00e8me g\u00e9n\u00e9ration  Transit, y compris les camping-cars et les vans bas\u00e9s sur eux.\u00a0<\/p>\n<ul>\n<li>Corps principal de feu stop en plastique rouge moul\u00e9 par injection robuste avec supports de fixation en acier inoxydable pouvant s&rsquo;enclencher<\/li>\n<li>Feu stop certifi\u00e9 ECE 148R (ABE \/ immatriculation restante).\u00a0<\/li>\n<li>Capteur de cam\u00e9ra avec un angle de vision diagonal de 140\u00b0 pour une large zone de surveillance derri\u00e8re le v\u00e9hicule<\/li>\n<li>La d\u00e9coupe verticale de l&rsquo;image du capteur de la cam\u00e9ra est r\u00e9glable manuellement de +20\u00b0 \u00e0 -20\u00b0 pour choisir votre champ de vision pr\u00e9f\u00e9r\u00e9<\/li>\n<li>\u00c9clairage \u00e0 infrarouges LED avec 6 LED et commande de luminosit\u00e9 dynamique via l&rsquo;\u00e9l\u00e9ment LDR<\/li>\n<li>Microphone int\u00e9gr\u00e9 pour la surveillance du bruit ambiant via le module de commande<\/li>\n<li>C\u00e2ble syst\u00e8me en 3 parties de 10 m de long avec connecteurs 4 broches viss\u00e9s (\u00e9galement disponible s\u00e9par\u00e9ment sous la r\u00e9f\u00e9rence N-ZERCE3804-ISO)<\/li>\n<\/ul>\n<p>CARACT\u00c9RISTIQUES TECHNIQUES<\/p>\n<ul>\n<li>Capteur d&rsquo;images cam\u00e9ra : capteur SHARP RJ2331 CCD (avec AA9050)<\/li>\n<li>Type de capteur d&rsquo;images : capteur 1\/3 \/ 8,5 mm CCD<\/li>\n<li>Syst\u00e8me TV : NTSC \/ 30 fps<\/li>\n<li>Angle de vision : Diagonale de 140 \u00b0<\/li>\n<li>R\u00e9solution en pixels SoC du capteur natif : 976 (H) x 494 (V) pixels<\/li>\n<li>R\u00e9solution en pixels pertinente pour l&rsquo;image : 700 lignes TV<\/li>\n<li>Longueur focale de la lentille : 2,6 mm<\/li>\n<li>Fr\u00e9quence d&rsquo;actualisation: 30 champs \/ sec., entrelacement<\/li>\n<li>Rapport signal\/bruit : &gt; 48 dB<\/li>\n<li>Contraste dynamique : &gt; 60 dB<\/li>\n<li>Sensibilit\u00e9 \u00e0 la lumi\u00e8re : 0 lux avec LED IR allum\u00e9e<\/li>\n<li>Sortie vid\u00e9o : CVBS<\/li>\n<li>Balance des blanc : automatique<\/li>\n<li>Compensation de l&rsquo;exposition: automatique<\/li>\n<li>Correction gamma : 0,45<\/li>\n<li>R\u00e9glage de la luminosit\u00e9 : automatique<\/li>\n<li>Synchronisation : automatique<\/li>\n<li>Tension d&rsquo;alimentation\u00a0: 12 VDC<\/li>\n<li>Consommation \u00e9lectrique totale (@12 V DC)\u00a0: 80 mA \u00b1 10 mA<\/li>\n<li>Classe de protection : IP68<\/li>\n<li>Temp\u00e9rature de service : -20 \u00b0C \u00e0 +70 \u00b0C<\/li>\n<\/ul>\n","protected":false},"excerpt":{"rendered":"<p>Cam\u00e9ra de recul plug &amp; play compacte et haute r\u00e9solution pour remplacer le troisi\u00e8me feu stop d&rsquo;origine, pour les v\u00e9hicules utilitaires, les fourgons, les minibus de la 7\u00e8me g\u00e9n\u00e9ration Transit, y compris les camping-cars et les vans bas\u00e9s sur eux.\u00a0 Corps principal de feu stop en plastique rouge moul\u00e9 par injection robuste avec supports de [&hellip;]<\/p>\n","protected":false},"featured_media":206826,"template":"","meta":{"_acf_changed":false},"product_featured_cat":[],"product_brand":[3212],"product_cat":[5001],"product_tag":[],"class_list":{"0":"post-196360","1":"product","2":"type-product","3":"status-publish","4":"has-post-thumbnail","6":"product_brand-zenec","7":"product_cat-cameras","9":"first","10":"instock","11":"taxable","12":"shipping-taxable","13":"purchasable","14":"product-type-simple"},"acf":[],"yoast_head":"<!-- This site is optimized with the Yoast SEO plugin v27.4 - https:\/\/yoast.com\/product\/yoast-seo-wordpress\/ -->\n<title>Cam\u00e9ra de recul ZENEC E GO pour Ford Transit - Bantam Wankm\u00fcller SA<\/title>\n<meta name=\"robots\" content=\"index, follow, max-snippet:-1, max-image-preview:large, max-video-preview:-1\" \/>\n<link rel=\"canonical\" href=\"https:\/\/shop.bantam.ch\/fr\/produit\/camera-de-recul-zenec-e-go-pour-ford-transit\/\" \/>\n<meta property=\"og:locale\" content=\"fr_FR\" \/>\n<meta property=\"og:type\" content=\"article\" \/>\n<meta property=\"og:title\" content=\"Cam\u00e9ra de recul ZENEC E GO pour Ford Transit - Bantam Wankm\u00fcller SA\" \/>\n<meta property=\"og:description\" content=\"Cam\u00e9ra de recul plug &amp; play compacte et haute r\u00e9solution pour remplacer le troisi\u00e8me feu stop d&rsquo;origine, pour les v\u00e9hicules utilitaires, les fourgons, les minibus de la 7\u00e8me g\u00e9n\u00e9ration Transit, y compris les camping-cars et les vans bas\u00e9s sur eux.\u00a0 Corps principal de feu stop en plastique rouge moul\u00e9 par injection robuste avec supports de [&hellip;]\" \/>\n<meta property=\"og:url\" content=\"https:\/\/shop.bantam.ch\/fr\/produit\/camera-de-recul-zenec-e-go-pour-ford-transit\/\" \/>\n<meta property=\"og:site_name\" content=\"Bantam Wankm\u00fcller SA\" \/>\n<meta property=\"article:modified_time\" content=\"2026-04-18T21:09:54+00:00\" \/>\n<meta property=\"og:image\" content=\"https:\/\/shop.bantam.ch\/wp-content\/uploads\/2024\/05\/Movera-L-9961857100.jpg\" \/>\n\t<meta property=\"og:image:width\" content=\"640\" \/>\n\t<meta property=\"og:image:height\" content=\"202\" \/>\n\t<meta property=\"og:image:type\" content=\"image\/jpeg\" \/>\n<meta name=\"twitter:card\" content=\"summary_large_image\" \/>\n<meta name=\"twitter:label1\" content=\"Dur\u00e9e de lecture estim\u00e9e\" \/>\n\t<meta name=\"twitter:data1\" content=\"2 minutes\" \/>\n<script type=\"application\/ld+json\" class=\"yoast-schema-graph\">{\"@context\":\"https:\\\/\\\/schema.org\",\"@graph\":[{\"@type\":\"WebPage\",\"@id\":\"https:\\\/\\\/shop.bantam.ch\\\/fr\\\/produit\\\/camera-de-recul-zenec-e-go-pour-ford-transit\\\/\",\"url\":\"https:\\\/\\\/shop.bantam.ch\\\/fr\\\/produit\\\/camera-de-recul-zenec-e-go-pour-ford-transit\\\/\",\"name\":\"Cam\u00e9ra de recul ZENEC E GO pour Ford Transit - Bantam Wankm\u00fcller SA\",\"isPartOf\":{\"@id\":\"https:\\\/\\\/shop.bantam.ch\\\/fr\\\/#website\"},\"primaryImageOfPage\":{\"@id\":\"https:\\\/\\\/shop.bantam.ch\\\/fr\\\/produit\\\/camera-de-recul-zenec-e-go-pour-ford-transit\\\/#primaryimage\"},\"image\":{\"@id\":\"https:\\\/\\\/shop.bantam.ch\\\/fr\\\/produit\\\/camera-de-recul-zenec-e-go-pour-ford-transit\\\/#primaryimage\"},\"thumbnailUrl\":\"https:\\\/\\\/shop.bantam.ch\\\/wp-content\\\/uploads\\\/2024\\\/09\\\/Movera-L-9961857100.jpg\",\"datePublished\":\"2024-05-15T13:57:55+00:00\",\"dateModified\":\"2026-04-18T21:09:54+00:00\",\"breadcrumb\":{\"@id\":\"https:\\\/\\\/shop.bantam.ch\\\/fr\\\/produit\\\/camera-de-recul-zenec-e-go-pour-ford-transit\\\/#breadcrumb\"},\"inLanguage\":\"fr-FR\",\"potentialAction\":[{\"@type\":\"ReadAction\",\"target\":[\"https:\\\/\\\/shop.bantam.ch\\\/fr\\\/produit\\\/camera-de-recul-zenec-e-go-pour-ford-transit\\\/\"]}]},{\"@type\":\"ImageObject\",\"inLanguage\":\"fr-FR\",\"@id\":\"https:\\\/\\\/shop.bantam.ch\\\/fr\\\/produit\\\/camera-de-recul-zenec-e-go-pour-ford-transit\\\/#primaryimage\",\"url\":\"https:\\\/\\\/shop.bantam.ch\\\/wp-content\\\/uploads\\\/2024\\\/09\\\/Movera-L-9961857100.jpg\",\"contentUrl\":\"https:\\\/\\\/shop.bantam.ch\\\/wp-content\\\/uploads\\\/2024\\\/09\\\/Movera-L-9961857100.jpg\",\"width\":640,\"height\":202},{\"@type\":\"BreadcrumbList\",\"@id\":\"https:\\\/\\\/shop.bantam.ch\\\/fr\\\/produit\\\/camera-de-recul-zenec-e-go-pour-ford-transit\\\/#breadcrumb\",\"itemListElement\":[{\"@type\":\"ListItem\",\"position\":1,\"name\":\"Accueil\",\"item\":\"https:\\\/\\\/shop.bantam.ch\\\/fr\\\/\"},{\"@type\":\"ListItem\",\"position\":2,\"name\":\"Boutique\",\"item\":\"https:\\\/\\\/shop.bantam.ch\\\/fr\\\/boutique\\\/\"},{\"@type\":\"ListItem\",\"position\":3,\"name\":\"Cam\u00e9ra de recul ZENEC E GO pour Ford Transit\"}]},{\"@type\":\"WebSite\",\"@id\":\"https:\\\/\\\/shop.bantam.ch\\\/fr\\\/#website\",\"url\":\"https:\\\/\\\/shop.bantam.ch\\\/fr\\\/\",\"name\":\"Bantam Wankm\u00fcller SA\",\"description\":\"\",\"publisher\":{\"@id\":\"https:\\\/\\\/shop.bantam.ch\\\/fr\\\/#organization\"},\"inLanguage\":\"fr-FR\"},{\"@type\":\"Organization\",\"@id\":\"https:\\\/\\\/shop.bantam.ch\\\/fr\\\/#organization\",\"name\":\"Bantam Wankm\u00fcller SA\",\"url\":\"https:\\\/\\\/shop.bantam.ch\\\/fr\\\/\",\"logo\":{\"@type\":\"ImageObject\",\"inLanguage\":\"fr-FR\",\"@id\":\"https:\\\/\\\/shop.bantam.ch\\\/fr\\\/#\\\/schema\\\/logo\\\/image\\\/\",\"url\":\"https:\\\/\\\/shop.bantam.ch\\\/wp-content\\\/uploads\\\/2022\\\/12\\\/bantam-logo.png\",\"contentUrl\":\"https:\\\/\\\/shop.bantam.ch\\\/wp-content\\\/uploads\\\/2022\\\/12\\\/bantam-logo.png\",\"width\":320,\"height\":71,\"caption\":\"Bantam Wankm\u00fcller SA\"},\"image\":{\"@id\":\"https:\\\/\\\/shop.bantam.ch\\\/fr\\\/#\\\/schema\\\/logo\\\/image\\\/\"}}]}<\/script>\n<!-- \/ Yoast SEO plugin. -->","yoast_head_json":{"title":"Cam\u00e9ra de recul ZENEC E GO pour Ford Transit - Bantam Wankm\u00fcller SA","robots":{"index":"index","follow":"follow","max-snippet":"max-snippet:-1","max-image-preview":"max-image-preview:large","max-video-preview":"max-video-preview:-1"},"canonical":"https:\/\/shop.bantam.ch\/fr\/produit\/camera-de-recul-zenec-e-go-pour-ford-transit\/","og_locale":"fr_FR","og_type":"article","og_title":"Cam\u00e9ra de recul ZENEC E GO pour Ford Transit - Bantam Wankm\u00fcller SA","og_description":"Cam\u00e9ra de recul plug &amp; play compacte et haute r\u00e9solution pour remplacer le troisi\u00e8me feu stop d&rsquo;origine, pour les v\u00e9hicules utilitaires, les fourgons, les minibus de la 7\u00e8me g\u00e9n\u00e9ration Transit, y compris les camping-cars et les vans bas\u00e9s sur eux.\u00a0 Corps principal de feu stop en plastique rouge moul\u00e9 par injection robuste avec supports de [&hellip;]","og_url":"https:\/\/shop.bantam.ch\/fr\/produit\/camera-de-recul-zenec-e-go-pour-ford-transit\/","og_site_name":"Bantam Wankm\u00fcller SA","article_modified_time":"2026-04-18T21:09:54+00:00","og_image":[{"width":640,"height":202,"url":"https:\/\/shop.bantam.ch\/wp-content\/uploads\/2024\/05\/Movera-L-9961857100.jpg","type":"image\/jpeg"}],"twitter_card":"summary_large_image","twitter_misc":{"Dur\u00e9e de lecture estim\u00e9e":"2 minutes"},"schema":{"@context":"https:\/\/schema.org","@graph":[{"@type":"WebPage","@id":"https:\/\/shop.bantam.ch\/fr\/produit\/camera-de-recul-zenec-e-go-pour-ford-transit\/","url":"https:\/\/shop.bantam.ch\/fr\/produit\/camera-de-recul-zenec-e-go-pour-ford-transit\/","name":"Cam\u00e9ra de recul ZENEC E GO pour Ford Transit - Bantam Wankm\u00fcller SA","isPartOf":{"@id":"https:\/\/shop.bantam.ch\/fr\/#website"},"primaryImageOfPage":{"@id":"https:\/\/shop.bantam.ch\/fr\/produit\/camera-de-recul-zenec-e-go-pour-ford-transit\/#primaryimage"},"image":{"@id":"https:\/\/shop.bantam.ch\/fr\/produit\/camera-de-recul-zenec-e-go-pour-ford-transit\/#primaryimage"},"thumbnailUrl":"https:\/\/shop.bantam.ch\/wp-content\/uploads\/2024\/09\/Movera-L-9961857100.jpg","datePublished":"2024-05-15T13:57:55+00:00","dateModified":"2026-04-18T21:09:54+00:00","breadcrumb":{"@id":"https:\/\/shop.bantam.ch\/fr\/produit\/camera-de-recul-zenec-e-go-pour-ford-transit\/#breadcrumb"},"inLanguage":"fr-FR","potentialAction":[{"@type":"ReadAction","target":["https:\/\/shop.bantam.ch\/fr\/produit\/camera-de-recul-zenec-e-go-pour-ford-transit\/"]}]},{"@type":"ImageObject","inLanguage":"fr-FR","@id":"https:\/\/shop.bantam.ch\/fr\/produit\/camera-de-recul-zenec-e-go-pour-ford-transit\/#primaryimage","url":"https:\/\/shop.bantam.ch\/wp-content\/uploads\/2024\/09\/Movera-L-9961857100.jpg","contentUrl":"https:\/\/shop.bantam.ch\/wp-content\/uploads\/2024\/09\/Movera-L-9961857100.jpg","width":640,"height":202},{"@type":"BreadcrumbList","@id":"https:\/\/shop.bantam.ch\/fr\/produit\/camera-de-recul-zenec-e-go-pour-ford-transit\/#breadcrumb","itemListElement":[{"@type":"ListItem","position":1,"name":"Accueil","item":"https:\/\/shop.bantam.ch\/fr\/"},{"@type":"ListItem","position":2,"name":"Boutique","item":"https:\/\/shop.bantam.ch\/fr\/boutique\/"},{"@type":"ListItem","position":3,"name":"Cam\u00e9ra de recul ZENEC E GO pour Ford Transit"}]},{"@type":"WebSite","@id":"https:\/\/shop.bantam.ch\/fr\/#website","url":"https:\/\/shop.bantam.ch\/fr\/","name":"Bantam Wankm\u00fcller SA","description":"","publisher":{"@id":"https:\/\/shop.bantam.ch\/fr\/#organization"},"inLanguage":"fr-FR"},{"@type":"Organization","@id":"https:\/\/shop.bantam.ch\/fr\/#organization","name":"Bantam Wankm\u00fcller SA","url":"https:\/\/shop.bantam.ch\/fr\/","logo":{"@type":"ImageObject","inLanguage":"fr-FR","@id":"https:\/\/shop.bantam.ch\/fr\/#\/schema\/logo\/image\/","url":"https:\/\/shop.bantam.ch\/wp-content\/uploads\/2022\/12\/bantam-logo.png","contentUrl":"https:\/\/shop.bantam.ch\/wp-content\/uploads\/2022\/12\/bantam-logo.png","width":320,"height":71,"caption":"Bantam Wankm\u00fcller SA"},"image":{"@id":"https:\/\/shop.bantam.ch\/fr\/#\/schema\/logo\/image\/"}}]}},"_links":{"self":[{"href":"https:\/\/shop.bantam.ch\/fr\/wp-json\/wp\/v2\/product\/196360","targetHints":{"allow":["GET"]}}],"collection":[{"href":"https:\/\/shop.bantam.ch\/fr\/wp-json\/wp\/v2\/product"}],"about":[{"href":"https:\/\/shop.bantam.ch\/fr\/wp-json\/wp\/v2\/types\/product"}],"wp:featuredmedia":[{"embeddable":true,"href":"https:\/\/shop.bantam.ch\/fr\/wp-json\/wp\/v2\/media\/206826"}],"wp:attachment":[{"href":"https:\/\/shop.bantam.ch\/fr\/wp-json\/wp\/v2\/media?parent=196360"}],"wp:term":[{"taxonomy":"product_featured_cat","embeddable":true,"href":"https:\/\/shop.bantam.ch\/fr\/wp-json\/wp\/v2\/product_featured_cat?post=196360"},{"taxonomy":"product_brand","embeddable":true,"href":"https:\/\/shop.bantam.ch\/fr\/wp-json\/wp\/v2\/product_brand?post=196360"},{"taxonomy":"product_cat","embeddable":true,"href":"https:\/\/shop.bantam.ch\/fr\/wp-json\/wp\/v2\/product_cat?post=196360"},{"taxonomy":"product_tag","embeddable":true,"href":"https:\/\/shop.bantam.ch\/fr\/wp-json\/wp\/v2\/product_tag?post=196360"}],"curies":[{"name":"wp","href":"https:\/\/api.w.org\/{rel}","templated":true}]}}