{"id":196144,"date":"2024-05-15T15:51:43","date_gmt":"2024-05-15T13:51:43","guid":{"rendered":"https:\/\/shop.bantam.ch\/produit\/aspirateur-a-main-batterie-cleanmaxx-6-pcs-74-v-coloris-bleu\/"},"modified":"2026-04-18T23:09:12","modified_gmt":"2026-04-18T21:09:12","slug":"aspirateur-a-main-batterie-cleanmaxx-6-pcs-74-v-coloris-bleu","status":"publish","type":"product","link":"https:\/\/shop.bantam.ch\/fr\/produit\/aspirateur-a-main-batterie-cleanmaxx-6-pcs-74-v-coloris-bleu\/","title":{"rendered":"Aspirateur \u00e0 main Batterie CLEANmaxx 6 pcs, 7,4 V coloris bleu"},"content":{"rendered":"<p>Plus aucune chance pour les miettes, peluches &amp; Co. Avec l&rsquo;aspirateur \u00e0 batterie 2 en 1 de CLEANmaxx, vous avez toujours une aide rapide contre la salet\u00e9 \u00e0 port\u00e9e de main. Le nettoyeur pratique a une double fonction : il est \u00e0 la fois souffleur et aspirateur en un seul appareil ! Les miettes peuvent \u00eatre facilement retir\u00e9es des claviers par exemple, tandis que les poils d&rsquo;animaux et les peluches peuvent \u00eatre aspir\u00e9s du canap\u00e9 et des si\u00e8ges de voiture en un rien de temps. Le nettoyage est particuli\u00e8rement simple, car l&rsquo;aspirateur \u00e0 batterie pratique n&rsquo;est pas seulement un poids plume (env. 0,33 kg) parmi ses semblables, mais il est aussi enti\u00e8rement d\u00e9pourvu de c\u00e2bles g\u00eanants, ce qui vous offre plus de flexibilit\u00e9. Rechargez l&rsquo;aspirateur \u00e0 batterie polyvalent facilement via USB-C et vous pouvez aspirer \u00e0 pleine puissance ou utiliser la soufflerie pendant 16 minutes. C&rsquo;est possible gr\u00e2ce aux nombreux accessoires et \u00e0 la batterie Li-Ion de 2000 mAh ! L&rsquo;aspirateur sans fil 2 en 1 de CLEANmaxx &#8211; pour une propret\u00e9 cibl\u00e9e jusque dans les moindres recoins. Avec filtre EPA int\u00e9gr\u00e9.<\/p>\n<ul>\n<li>Puissance : 2.000 mAh<\/li>\n<\/ul>\n<p>Contenu de la livraison :<br \/>\n1 embout pour meubles rembourr\u00e9s, 1 embout soufflant, 1 embout brosse rond (pour embout soufflant), 1 c\u00e2ble de recharge, 1 embout pour fentes, 1 embout brosse plat (pour embout pour fentes), 1 unit\u00e9 moteur<\/p>\n","protected":false},"excerpt":{"rendered":"<p>Plus aucune chance pour les miettes, peluches &amp; Co. Avec l&rsquo;aspirateur \u00e0 batterie 2 en 1 de CLEANmaxx, vous avez toujours une aide rapide contre la salet\u00e9 \u00e0 port\u00e9e de main. Le nettoyeur pratique a une double fonction : il est \u00e0 la fois souffleur et aspirateur en un seul appareil ! Les miettes peuvent [&hellip;]<\/p>\n","protected":false},"featured_media":206810,"template":"","meta":{"_acf_changed":false},"product_featured_cat":[],"product_brand":[3410],"product_cat":[5147],"product_tag":[],"class_list":{"0":"post-196144","1":"product","2":"type-product","3":"status-publish","4":"has-post-thumbnail","6":"product_brand-cleanmaxx","7":"product_cat-autres-appareils-electromenagers","9":"first","10":"instock","11":"taxable","12":"shipping-taxable","13":"purchasable","14":"product-type-simple"},"acf":[],"yoast_head":"<!-- This site is optimized with the Yoast SEO plugin v27.4 - https:\/\/yoast.com\/product\/yoast-seo-wordpress\/ -->\n<title>Aspirateur \u00e0 main Batterie CLEANmaxx 6 pcs, 7,4 V coloris bleu - Bantam Wankm\u00fcller SA<\/title>\n<meta name=\"robots\" content=\"index, follow, max-snippet:-1, max-image-preview:large, max-video-preview:-1\" \/>\n<link rel=\"canonical\" href=\"https:\/\/shop.bantam.ch\/fr\/produit\/aspirateur-a-main-batterie-cleanmaxx-6-pcs-74-v-coloris-bleu\/\" \/>\n<meta property=\"og:locale\" content=\"fr_FR\" \/>\n<meta property=\"og:type\" content=\"article\" \/>\n<meta property=\"og:title\" content=\"Aspirateur \u00e0 main Batterie CLEANmaxx 6 pcs, 7,4 V coloris bleu - Bantam Wankm\u00fcller SA\" \/>\n<meta property=\"og:description\" content=\"Plus aucune chance pour les miettes, peluches &amp; Co. Avec l&rsquo;aspirateur \u00e0 batterie 2 en 1 de CLEANmaxx, vous avez toujours une aide rapide contre la salet\u00e9 \u00e0 port\u00e9e de main. Le nettoyeur pratique a une double fonction : il est \u00e0 la fois souffleur et aspirateur en un seul appareil ! Les miettes peuvent [&hellip;]\" \/>\n<meta property=\"og:url\" content=\"https:\/\/shop.bantam.ch\/fr\/produit\/aspirateur-a-main-batterie-cleanmaxx-6-pcs-74-v-coloris-bleu\/\" \/>\n<meta property=\"og:site_name\" content=\"Bantam Wankm\u00fcller SA\" \/>\n<meta property=\"article:modified_time\" content=\"2026-04-18T21:09:12+00:00\" \/>\n<meta property=\"og:image\" content=\"https:\/\/shop.bantam.ch\/wp-content\/uploads\/2024\/05\/Movera-L-9957991100.jpg\" \/>\n\t<meta property=\"og:image:width\" content=\"640\" \/>\n\t<meta property=\"og:image:height\" content=\"480\" \/>\n\t<meta property=\"og:image:type\" content=\"image\/jpeg\" \/>\n<meta name=\"twitter:card\" content=\"summary_large_image\" \/>\n<meta name=\"twitter:label1\" content=\"Dur\u00e9e de lecture estim\u00e9e\" \/>\n\t<meta name=\"twitter:data1\" content=\"1 minute\" \/>\n<script type=\"application\/ld+json\" class=\"yoast-schema-graph\">{\"@context\":\"https:\\\/\\\/schema.org\",\"@graph\":[{\"@type\":\"WebPage\",\"@id\":\"https:\\\/\\\/shop.bantam.ch\\\/fr\\\/produit\\\/aspirateur-a-main-batterie-cleanmaxx-6-pcs-74-v-coloris-bleu\\\/\",\"url\":\"https:\\\/\\\/shop.bantam.ch\\\/fr\\\/produit\\\/aspirateur-a-main-batterie-cleanmaxx-6-pcs-74-v-coloris-bleu\\\/\",\"name\":\"Aspirateur \u00e0 main Batterie CLEANmaxx 6 pcs, 7,4 V coloris bleu - Bantam Wankm\u00fcller SA\",\"isPartOf\":{\"@id\":\"https:\\\/\\\/shop.bantam.ch\\\/fr\\\/#website\"},\"primaryImageOfPage\":{\"@id\":\"https:\\\/\\\/shop.bantam.ch\\\/fr\\\/produit\\\/aspirateur-a-main-batterie-cleanmaxx-6-pcs-74-v-coloris-bleu\\\/#primaryimage\"},\"image\":{\"@id\":\"https:\\\/\\\/shop.bantam.ch\\\/fr\\\/produit\\\/aspirateur-a-main-batterie-cleanmaxx-6-pcs-74-v-coloris-bleu\\\/#primaryimage\"},\"thumbnailUrl\":\"https:\\\/\\\/shop.bantam.ch\\\/wp-content\\\/uploads\\\/2024\\\/09\\\/Movera-L-9957991100.jpg\",\"datePublished\":\"2024-05-15T13:51:43+00:00\",\"dateModified\":\"2026-04-18T21:09:12+00:00\",\"breadcrumb\":{\"@id\":\"https:\\\/\\\/shop.bantam.ch\\\/fr\\\/produit\\\/aspirateur-a-main-batterie-cleanmaxx-6-pcs-74-v-coloris-bleu\\\/#breadcrumb\"},\"inLanguage\":\"fr-FR\",\"potentialAction\":[{\"@type\":\"ReadAction\",\"target\":[\"https:\\\/\\\/shop.bantam.ch\\\/fr\\\/produit\\\/aspirateur-a-main-batterie-cleanmaxx-6-pcs-74-v-coloris-bleu\\\/\"]}]},{\"@type\":\"ImageObject\",\"inLanguage\":\"fr-FR\",\"@id\":\"https:\\\/\\\/shop.bantam.ch\\\/fr\\\/produit\\\/aspirateur-a-main-batterie-cleanmaxx-6-pcs-74-v-coloris-bleu\\\/#primaryimage\",\"url\":\"https:\\\/\\\/shop.bantam.ch\\\/wp-content\\\/uploads\\\/2024\\\/09\\\/Movera-L-9957991100.jpg\",\"contentUrl\":\"https:\\\/\\\/shop.bantam.ch\\\/wp-content\\\/uploads\\\/2024\\\/09\\\/Movera-L-9957991100.jpg\",\"width\":640,\"height\":480},{\"@type\":\"BreadcrumbList\",\"@id\":\"https:\\\/\\\/shop.bantam.ch\\\/fr\\\/produit\\\/aspirateur-a-main-batterie-cleanmaxx-6-pcs-74-v-coloris-bleu\\\/#breadcrumb\",\"itemListElement\":[{\"@type\":\"ListItem\",\"position\":1,\"name\":\"Accueil\",\"item\":\"https:\\\/\\\/shop.bantam.ch\\\/fr\\\/\"},{\"@type\":\"ListItem\",\"position\":2,\"name\":\"Boutique\",\"item\":\"https:\\\/\\\/shop.bantam.ch\\\/fr\\\/boutique\\\/\"},{\"@type\":\"ListItem\",\"position\":3,\"name\":\"Aspirateur \u00e0 main Batterie CLEANmaxx 6 pcs, 7,4 V coloris bleu\"}]},{\"@type\":\"WebSite\",\"@id\":\"https:\\\/\\\/shop.bantam.ch\\\/fr\\\/#website\",\"url\":\"https:\\\/\\\/shop.bantam.ch\\\/fr\\\/\",\"name\":\"Bantam Wankm\u00fcller SA\",\"description\":\"\",\"publisher\":{\"@id\":\"https:\\\/\\\/shop.bantam.ch\\\/fr\\\/#organization\"},\"inLanguage\":\"fr-FR\"},{\"@type\":\"Organization\",\"@id\":\"https:\\\/\\\/shop.bantam.ch\\\/fr\\\/#organization\",\"name\":\"Bantam Wankm\u00fcller SA\",\"url\":\"https:\\\/\\\/shop.bantam.ch\\\/fr\\\/\",\"logo\":{\"@type\":\"ImageObject\",\"inLanguage\":\"fr-FR\",\"@id\":\"https:\\\/\\\/shop.bantam.ch\\\/fr\\\/#\\\/schema\\\/logo\\\/image\\\/\",\"url\":\"https:\\\/\\\/shop.bantam.ch\\\/wp-content\\\/uploads\\\/2022\\\/12\\\/bantam-logo.png\",\"contentUrl\":\"https:\\\/\\\/shop.bantam.ch\\\/wp-content\\\/uploads\\\/2022\\\/12\\\/bantam-logo.png\",\"width\":320,\"height\":71,\"caption\":\"Bantam Wankm\u00fcller SA\"},\"image\":{\"@id\":\"https:\\\/\\\/shop.bantam.ch\\\/fr\\\/#\\\/schema\\\/logo\\\/image\\\/\"}}]}<\/script>\n<!-- \/ Yoast SEO plugin. -->","yoast_head_json":{"title":"Aspirateur \u00e0 main Batterie CLEANmaxx 6 pcs, 7,4 V coloris bleu - Bantam Wankm\u00fcller SA","robots":{"index":"index","follow":"follow","max-snippet":"max-snippet:-1","max-image-preview":"max-image-preview:large","max-video-preview":"max-video-preview:-1"},"canonical":"https:\/\/shop.bantam.ch\/fr\/produit\/aspirateur-a-main-batterie-cleanmaxx-6-pcs-74-v-coloris-bleu\/","og_locale":"fr_FR","og_type":"article","og_title":"Aspirateur \u00e0 main Batterie CLEANmaxx 6 pcs, 7,4 V coloris bleu - Bantam Wankm\u00fcller SA","og_description":"Plus aucune chance pour les miettes, peluches &amp; Co. Avec l&rsquo;aspirateur \u00e0 batterie 2 en 1 de CLEANmaxx, vous avez toujours une aide rapide contre la salet\u00e9 \u00e0 port\u00e9e de main. Le nettoyeur pratique a une double fonction : il est \u00e0 la fois souffleur et aspirateur en un seul appareil ! Les miettes peuvent [&hellip;]","og_url":"https:\/\/shop.bantam.ch\/fr\/produit\/aspirateur-a-main-batterie-cleanmaxx-6-pcs-74-v-coloris-bleu\/","og_site_name":"Bantam Wankm\u00fcller SA","article_modified_time":"2026-04-18T21:09:12+00:00","og_image":[{"url":"https:\/\/shop.bantam.ch\/wp-content\/uploads\/2024\/05\/Movera-L-9957991100.jpg","width":640,"height":480,"type":"image\/jpeg"}],"twitter_card":"summary_large_image","twitter_misc":{"Dur\u00e9e de lecture estim\u00e9e":"1 minute"},"schema":{"@context":"https:\/\/schema.org","@graph":[{"@type":"WebPage","@id":"https:\/\/shop.bantam.ch\/fr\/produit\/aspirateur-a-main-batterie-cleanmaxx-6-pcs-74-v-coloris-bleu\/","url":"https:\/\/shop.bantam.ch\/fr\/produit\/aspirateur-a-main-batterie-cleanmaxx-6-pcs-74-v-coloris-bleu\/","name":"Aspirateur \u00e0 main Batterie CLEANmaxx 6 pcs, 7,4 V coloris bleu - Bantam Wankm\u00fcller SA","isPartOf":{"@id":"https:\/\/shop.bantam.ch\/fr\/#website"},"primaryImageOfPage":{"@id":"https:\/\/shop.bantam.ch\/fr\/produit\/aspirateur-a-main-batterie-cleanmaxx-6-pcs-74-v-coloris-bleu\/#primaryimage"},"image":{"@id":"https:\/\/shop.bantam.ch\/fr\/produit\/aspirateur-a-main-batterie-cleanmaxx-6-pcs-74-v-coloris-bleu\/#primaryimage"},"thumbnailUrl":"https:\/\/shop.bantam.ch\/wp-content\/uploads\/2024\/09\/Movera-L-9957991100.jpg","datePublished":"2024-05-15T13:51:43+00:00","dateModified":"2026-04-18T21:09:12+00:00","breadcrumb":{"@id":"https:\/\/shop.bantam.ch\/fr\/produit\/aspirateur-a-main-batterie-cleanmaxx-6-pcs-74-v-coloris-bleu\/#breadcrumb"},"inLanguage":"fr-FR","potentialAction":[{"@type":"ReadAction","target":["https:\/\/shop.bantam.ch\/fr\/produit\/aspirateur-a-main-batterie-cleanmaxx-6-pcs-74-v-coloris-bleu\/"]}]},{"@type":"ImageObject","inLanguage":"fr-FR","@id":"https:\/\/shop.bantam.ch\/fr\/produit\/aspirateur-a-main-batterie-cleanmaxx-6-pcs-74-v-coloris-bleu\/#primaryimage","url":"https:\/\/shop.bantam.ch\/wp-content\/uploads\/2024\/09\/Movera-L-9957991100.jpg","contentUrl":"https:\/\/shop.bantam.ch\/wp-content\/uploads\/2024\/09\/Movera-L-9957991100.jpg","width":640,"height":480},{"@type":"BreadcrumbList","@id":"https:\/\/shop.bantam.ch\/fr\/produit\/aspirateur-a-main-batterie-cleanmaxx-6-pcs-74-v-coloris-bleu\/#breadcrumb","itemListElement":[{"@type":"ListItem","position":1,"name":"Accueil","item":"https:\/\/shop.bantam.ch\/fr\/"},{"@type":"ListItem","position":2,"name":"Boutique","item":"https:\/\/shop.bantam.ch\/fr\/boutique\/"},{"@type":"ListItem","position":3,"name":"Aspirateur \u00e0 main Batterie CLEANmaxx 6 pcs, 7,4 V coloris bleu"}]},{"@type":"WebSite","@id":"https:\/\/shop.bantam.ch\/fr\/#website","url":"https:\/\/shop.bantam.ch\/fr\/","name":"Bantam Wankm\u00fcller SA","description":"","publisher":{"@id":"https:\/\/shop.bantam.ch\/fr\/#organization"},"inLanguage":"fr-FR"},{"@type":"Organization","@id":"https:\/\/shop.bantam.ch\/fr\/#organization","name":"Bantam Wankm\u00fcller SA","url":"https:\/\/shop.bantam.ch\/fr\/","logo":{"@type":"ImageObject","inLanguage":"fr-FR","@id":"https:\/\/shop.bantam.ch\/fr\/#\/schema\/logo\/image\/","url":"https:\/\/shop.bantam.ch\/wp-content\/uploads\/2022\/12\/bantam-logo.png","contentUrl":"https:\/\/shop.bantam.ch\/wp-content\/uploads\/2022\/12\/bantam-logo.png","width":320,"height":71,"caption":"Bantam Wankm\u00fcller SA"},"image":{"@id":"https:\/\/shop.bantam.ch\/fr\/#\/schema\/logo\/image\/"}}]}},"_links":{"self":[{"href":"https:\/\/shop.bantam.ch\/fr\/wp-json\/wp\/v2\/product\/196144","targetHints":{"allow":["GET"]}}],"collection":[{"href":"https:\/\/shop.bantam.ch\/fr\/wp-json\/wp\/v2\/product"}],"about":[{"href":"https:\/\/shop.bantam.ch\/fr\/wp-json\/wp\/v2\/types\/product"}],"wp:featuredmedia":[{"embeddable":true,"href":"https:\/\/shop.bantam.ch\/fr\/wp-json\/wp\/v2\/media\/206810"}],"wp:attachment":[{"href":"https:\/\/shop.bantam.ch\/fr\/wp-json\/wp\/v2\/media?parent=196144"}],"wp:term":[{"taxonomy":"product_featured_cat","embeddable":true,"href":"https:\/\/shop.bantam.ch\/fr\/wp-json\/wp\/v2\/product_featured_cat?post=196144"},{"taxonomy":"product_brand","embeddable":true,"href":"https:\/\/shop.bantam.ch\/fr\/wp-json\/wp\/v2\/product_brand?post=196144"},{"taxonomy":"product_cat","embeddable":true,"href":"https:\/\/shop.bantam.ch\/fr\/wp-json\/wp\/v2\/product_cat?post=196144"},{"taxonomy":"product_tag","embeddable":true,"href":"https:\/\/shop.bantam.ch\/fr\/wp-json\/wp\/v2\/product_tag?post=196144"}],"curies":[{"name":"wp","href":"https:\/\/api.w.org\/{rel}","templated":true}]}}