{"id":196126,"date":"2024-05-15T15:51:05","date_gmt":"2024-05-15T13:51:05","guid":{"rendered":"https:\/\/shop.bantam.ch\/produit\/douche-mobile-h-a-b-a-avec-batterie-jaune-gris\/"},"modified":"2026-04-22T23:06:26","modified_gmt":"2026-04-22T21:06:26","slug":"douche-mobile-h-a-b-a-avec-batterie-jaune-gris","status":"publish","type":"product","link":"https:\/\/shop.bantam.ch\/fr\/produit\/douche-mobile-h-a-b-a-avec-batterie-jaune-gris\/","title":{"rendered":"Douche mobile H.A.B.A avec batterie, jaune\/gris"},"content":{"rendered":"<p>Si vous voulez vous rincer rapidement et que vous n&rsquo;avez pas de douche \u00e0 disposition, vous pouvez envisager cette douchette \u00e0 main compacte avec batterie.<\/p>\n<p>\nLe grand avantage de cette douchette est que vous n&rsquo;avez pas besoin d&rsquo;un raccordement \u00e9lectrique, car elle dispose de sa propre batterie. Vous pouvez l&#8217;emporter sans probl\u00e8me dans un sac \u00e0 dos lorsque vous partez en randonn\u00e9e.<\/p>\n<p>\nPlacez la pompe dans un seau d&rsquo;eau ou peut-\u00eatre dans un lac, mettez-la en marche et profitez d&rsquo;une bonne douche. Gr\u00e2ce au crochet fourni, vous pouvez \u00e9galement suspendre la douche \u00e0 un m\u00e2t de tente ou la fixer \u00e0 une surface plane \u00e0 l&rsquo;aide de la ventouse.<\/p>\n<p>&nbsp;<\/p>\n<ul>\n<li>Intensit\u00e9 du courant : 2,5 A<\/li>\n<li>Tension : 3,7 V<\/li>\n<li>Temps de charge : 3,5 &#8211; 4 heures<\/li>\n<li>Capacit\u00e9 de batterie : 2.200 mAh (lithium)<\/li>\n<li>Longueur du tuyau : 1,8 m<\/li>\n<li>Longueur du c\u00e2ble : 0,75 m<\/li>\n<\/ul>\n","protected":false},"excerpt":{"rendered":"<p>Si vous voulez vous rincer rapidement et que vous n&rsquo;avez pas de douche \u00e0 disposition, vous pouvez envisager cette douchette \u00e0 main compacte avec batterie. Le grand avantage de cette douchette est que vous n&rsquo;avez pas besoin d&rsquo;un raccordement \u00e9lectrique, car elle dispose de sa propre batterie. Vous pouvez l&#8217;emporter sans probl\u00e8me dans un sac [&hellip;]<\/p>\n","protected":false},"featured_media":206808,"template":"","meta":{"_acf_changed":false},"product_featured_cat":[],"product_brand":[3178],"product_cat":[4577],"product_tag":[],"class_list":{"0":"post-196126","1":"product","2":"type-product","3":"status-publish","4":"has-post-thumbnail","6":"product_brand-h-a-b-a","7":"product_cat-accessoires-de-salle-de-bain","9":"first","10":"instock","11":"taxable","12":"shipping-taxable","13":"purchasable","14":"product-type-simple"},"acf":[],"yoast_head":"<!-- This site is optimized with the Yoast SEO plugin v27.4 - https:\/\/yoast.com\/product\/yoast-seo-wordpress\/ -->\n<title>Douche mobile H.A.B.A avec batterie, jaune\/gris - Bantam Wankm\u00fcller SA<\/title>\n<meta name=\"robots\" content=\"index, follow, max-snippet:-1, max-image-preview:large, max-video-preview:-1\" \/>\n<link rel=\"canonical\" href=\"https:\/\/shop.bantam.ch\/fr\/produit\/douche-mobile-h-a-b-a-avec-batterie-jaune-gris\/\" \/>\n<meta property=\"og:locale\" content=\"fr_FR\" \/>\n<meta property=\"og:type\" content=\"article\" \/>\n<meta property=\"og:title\" content=\"Douche mobile H.A.B.A avec batterie, jaune\/gris - Bantam Wankm\u00fcller SA\" \/>\n<meta property=\"og:description\" content=\"Si vous voulez vous rincer rapidement et que vous n&rsquo;avez pas de douche \u00e0 disposition, vous pouvez envisager cette douchette \u00e0 main compacte avec batterie. Le grand avantage de cette douchette est que vous n&rsquo;avez pas besoin d&rsquo;un raccordement \u00e9lectrique, car elle dispose de sa propre batterie. Vous pouvez l&#8217;emporter sans probl\u00e8me dans un sac [&hellip;]\" \/>\n<meta property=\"og:url\" content=\"https:\/\/shop.bantam.ch\/fr\/produit\/douche-mobile-h-a-b-a-avec-batterie-jaune-gris\/\" \/>\n<meta property=\"og:site_name\" content=\"Bantam Wankm\u00fcller SA\" \/>\n<meta property=\"article:modified_time\" content=\"2026-04-22T21:06:26+00:00\" \/>\n<meta property=\"og:image\" content=\"https:\/\/shop.bantam.ch\/wp-content\/uploads\/2024\/05\/Movera-L-9957987100.jpg\" \/>\n\t<meta property=\"og:image:width\" content=\"640\" \/>\n\t<meta property=\"og:image:height\" content=\"427\" \/>\n\t<meta property=\"og:image:type\" content=\"image\/jpeg\" \/>\n<meta name=\"twitter:card\" content=\"summary_large_image\" \/>\n<meta name=\"twitter:label1\" content=\"Dur\u00e9e de lecture estim\u00e9e\" \/>\n\t<meta name=\"twitter:data1\" content=\"1 minute\" \/>\n<script type=\"application\/ld+json\" class=\"yoast-schema-graph\">{\"@context\":\"https:\\\/\\\/schema.org\",\"@graph\":[{\"@type\":\"WebPage\",\"@id\":\"https:\\\/\\\/shop.bantam.ch\\\/fr\\\/produit\\\/douche-mobile-h-a-b-a-avec-batterie-jaune-gris\\\/\",\"url\":\"https:\\\/\\\/shop.bantam.ch\\\/fr\\\/produit\\\/douche-mobile-h-a-b-a-avec-batterie-jaune-gris\\\/\",\"name\":\"Douche mobile H.A.B.A avec batterie, jaune\\\/gris - Bantam Wankm\u00fcller SA\",\"isPartOf\":{\"@id\":\"https:\\\/\\\/shop.bantam.ch\\\/fr\\\/#website\"},\"primaryImageOfPage\":{\"@id\":\"https:\\\/\\\/shop.bantam.ch\\\/fr\\\/produit\\\/douche-mobile-h-a-b-a-avec-batterie-jaune-gris\\\/#primaryimage\"},\"image\":{\"@id\":\"https:\\\/\\\/shop.bantam.ch\\\/fr\\\/produit\\\/douche-mobile-h-a-b-a-avec-batterie-jaune-gris\\\/#primaryimage\"},\"thumbnailUrl\":\"https:\\\/\\\/shop.bantam.ch\\\/wp-content\\\/uploads\\\/2024\\\/09\\\/Movera-L-9957987100.jpg\",\"datePublished\":\"2024-05-15T13:51:05+00:00\",\"dateModified\":\"2026-04-22T21:06:26+00:00\",\"breadcrumb\":{\"@id\":\"https:\\\/\\\/shop.bantam.ch\\\/fr\\\/produit\\\/douche-mobile-h-a-b-a-avec-batterie-jaune-gris\\\/#breadcrumb\"},\"inLanguage\":\"fr-FR\",\"potentialAction\":[{\"@type\":\"ReadAction\",\"target\":[\"https:\\\/\\\/shop.bantam.ch\\\/fr\\\/produit\\\/douche-mobile-h-a-b-a-avec-batterie-jaune-gris\\\/\"]}]},{\"@type\":\"ImageObject\",\"inLanguage\":\"fr-FR\",\"@id\":\"https:\\\/\\\/shop.bantam.ch\\\/fr\\\/produit\\\/douche-mobile-h-a-b-a-avec-batterie-jaune-gris\\\/#primaryimage\",\"url\":\"https:\\\/\\\/shop.bantam.ch\\\/wp-content\\\/uploads\\\/2024\\\/09\\\/Movera-L-9957987100.jpg\",\"contentUrl\":\"https:\\\/\\\/shop.bantam.ch\\\/wp-content\\\/uploads\\\/2024\\\/09\\\/Movera-L-9957987100.jpg\",\"width\":640,\"height\":427},{\"@type\":\"BreadcrumbList\",\"@id\":\"https:\\\/\\\/shop.bantam.ch\\\/fr\\\/produit\\\/douche-mobile-h-a-b-a-avec-batterie-jaune-gris\\\/#breadcrumb\",\"itemListElement\":[{\"@type\":\"ListItem\",\"position\":1,\"name\":\"Accueil\",\"item\":\"https:\\\/\\\/shop.bantam.ch\\\/fr\\\/\"},{\"@type\":\"ListItem\",\"position\":2,\"name\":\"Boutique\",\"item\":\"https:\\\/\\\/shop.bantam.ch\\\/fr\\\/boutique\\\/\"},{\"@type\":\"ListItem\",\"position\":3,\"name\":\"Douche mobile H.A.B.A avec batterie, jaune\\\/gris\"}]},{\"@type\":\"WebSite\",\"@id\":\"https:\\\/\\\/shop.bantam.ch\\\/fr\\\/#website\",\"url\":\"https:\\\/\\\/shop.bantam.ch\\\/fr\\\/\",\"name\":\"Bantam Wankm\u00fcller SA\",\"description\":\"\",\"publisher\":{\"@id\":\"https:\\\/\\\/shop.bantam.ch\\\/fr\\\/#organization\"},\"inLanguage\":\"fr-FR\"},{\"@type\":\"Organization\",\"@id\":\"https:\\\/\\\/shop.bantam.ch\\\/fr\\\/#organization\",\"name\":\"Bantam Wankm\u00fcller SA\",\"url\":\"https:\\\/\\\/shop.bantam.ch\\\/fr\\\/\",\"logo\":{\"@type\":\"ImageObject\",\"inLanguage\":\"fr-FR\",\"@id\":\"https:\\\/\\\/shop.bantam.ch\\\/fr\\\/#\\\/schema\\\/logo\\\/image\\\/\",\"url\":\"https:\\\/\\\/shop.bantam.ch\\\/wp-content\\\/uploads\\\/2022\\\/12\\\/bantam-logo.png\",\"contentUrl\":\"https:\\\/\\\/shop.bantam.ch\\\/wp-content\\\/uploads\\\/2022\\\/12\\\/bantam-logo.png\",\"width\":320,\"height\":71,\"caption\":\"Bantam Wankm\u00fcller SA\"},\"image\":{\"@id\":\"https:\\\/\\\/shop.bantam.ch\\\/fr\\\/#\\\/schema\\\/logo\\\/image\\\/\"}}]}<\/script>\n<!-- \/ Yoast SEO plugin. -->","yoast_head_json":{"title":"Douche mobile H.A.B.A avec batterie, jaune\/gris - Bantam Wankm\u00fcller SA","robots":{"index":"index","follow":"follow","max-snippet":"max-snippet:-1","max-image-preview":"max-image-preview:large","max-video-preview":"max-video-preview:-1"},"canonical":"https:\/\/shop.bantam.ch\/fr\/produit\/douche-mobile-h-a-b-a-avec-batterie-jaune-gris\/","og_locale":"fr_FR","og_type":"article","og_title":"Douche mobile H.A.B.A avec batterie, jaune\/gris - Bantam Wankm\u00fcller SA","og_description":"Si vous voulez vous rincer rapidement et que vous n&rsquo;avez pas de douche \u00e0 disposition, vous pouvez envisager cette douchette \u00e0 main compacte avec batterie. Le grand avantage de cette douchette est que vous n&rsquo;avez pas besoin d&rsquo;un raccordement \u00e9lectrique, car elle dispose de sa propre batterie. Vous pouvez l&#8217;emporter sans probl\u00e8me dans un sac [&hellip;]","og_url":"https:\/\/shop.bantam.ch\/fr\/produit\/douche-mobile-h-a-b-a-avec-batterie-jaune-gris\/","og_site_name":"Bantam Wankm\u00fcller SA","article_modified_time":"2026-04-22T21:06:26+00:00","og_image":[{"width":640,"height":427,"url":"https:\/\/shop.bantam.ch\/wp-content\/uploads\/2024\/05\/Movera-L-9957987100.jpg","type":"image\/jpeg"}],"twitter_card":"summary_large_image","twitter_misc":{"Dur\u00e9e de lecture estim\u00e9e":"1 minute"},"schema":{"@context":"https:\/\/schema.org","@graph":[{"@type":"WebPage","@id":"https:\/\/shop.bantam.ch\/fr\/produit\/douche-mobile-h-a-b-a-avec-batterie-jaune-gris\/","url":"https:\/\/shop.bantam.ch\/fr\/produit\/douche-mobile-h-a-b-a-avec-batterie-jaune-gris\/","name":"Douche mobile H.A.B.A avec batterie, jaune\/gris - Bantam Wankm\u00fcller SA","isPartOf":{"@id":"https:\/\/shop.bantam.ch\/fr\/#website"},"primaryImageOfPage":{"@id":"https:\/\/shop.bantam.ch\/fr\/produit\/douche-mobile-h-a-b-a-avec-batterie-jaune-gris\/#primaryimage"},"image":{"@id":"https:\/\/shop.bantam.ch\/fr\/produit\/douche-mobile-h-a-b-a-avec-batterie-jaune-gris\/#primaryimage"},"thumbnailUrl":"https:\/\/shop.bantam.ch\/wp-content\/uploads\/2024\/09\/Movera-L-9957987100.jpg","datePublished":"2024-05-15T13:51:05+00:00","dateModified":"2026-04-22T21:06:26+00:00","breadcrumb":{"@id":"https:\/\/shop.bantam.ch\/fr\/produit\/douche-mobile-h-a-b-a-avec-batterie-jaune-gris\/#breadcrumb"},"inLanguage":"fr-FR","potentialAction":[{"@type":"ReadAction","target":["https:\/\/shop.bantam.ch\/fr\/produit\/douche-mobile-h-a-b-a-avec-batterie-jaune-gris\/"]}]},{"@type":"ImageObject","inLanguage":"fr-FR","@id":"https:\/\/shop.bantam.ch\/fr\/produit\/douche-mobile-h-a-b-a-avec-batterie-jaune-gris\/#primaryimage","url":"https:\/\/shop.bantam.ch\/wp-content\/uploads\/2024\/09\/Movera-L-9957987100.jpg","contentUrl":"https:\/\/shop.bantam.ch\/wp-content\/uploads\/2024\/09\/Movera-L-9957987100.jpg","width":640,"height":427},{"@type":"BreadcrumbList","@id":"https:\/\/shop.bantam.ch\/fr\/produit\/douche-mobile-h-a-b-a-avec-batterie-jaune-gris\/#breadcrumb","itemListElement":[{"@type":"ListItem","position":1,"name":"Accueil","item":"https:\/\/shop.bantam.ch\/fr\/"},{"@type":"ListItem","position":2,"name":"Boutique","item":"https:\/\/shop.bantam.ch\/fr\/boutique\/"},{"@type":"ListItem","position":3,"name":"Douche mobile H.A.B.A avec batterie, jaune\/gris"}]},{"@type":"WebSite","@id":"https:\/\/shop.bantam.ch\/fr\/#website","url":"https:\/\/shop.bantam.ch\/fr\/","name":"Bantam Wankm\u00fcller SA","description":"","publisher":{"@id":"https:\/\/shop.bantam.ch\/fr\/#organization"},"inLanguage":"fr-FR"},{"@type":"Organization","@id":"https:\/\/shop.bantam.ch\/fr\/#organization","name":"Bantam Wankm\u00fcller SA","url":"https:\/\/shop.bantam.ch\/fr\/","logo":{"@type":"ImageObject","inLanguage":"fr-FR","@id":"https:\/\/shop.bantam.ch\/fr\/#\/schema\/logo\/image\/","url":"https:\/\/shop.bantam.ch\/wp-content\/uploads\/2022\/12\/bantam-logo.png","contentUrl":"https:\/\/shop.bantam.ch\/wp-content\/uploads\/2022\/12\/bantam-logo.png","width":320,"height":71,"caption":"Bantam Wankm\u00fcller SA"},"image":{"@id":"https:\/\/shop.bantam.ch\/fr\/#\/schema\/logo\/image\/"}}]}},"_links":{"self":[{"href":"https:\/\/shop.bantam.ch\/fr\/wp-json\/wp\/v2\/product\/196126","targetHints":{"allow":["GET"]}}],"collection":[{"href":"https:\/\/shop.bantam.ch\/fr\/wp-json\/wp\/v2\/product"}],"about":[{"href":"https:\/\/shop.bantam.ch\/fr\/wp-json\/wp\/v2\/types\/product"}],"wp:featuredmedia":[{"embeddable":true,"href":"https:\/\/shop.bantam.ch\/fr\/wp-json\/wp\/v2\/media\/206808"}],"wp:attachment":[{"href":"https:\/\/shop.bantam.ch\/fr\/wp-json\/wp\/v2\/media?parent=196126"}],"wp:term":[{"taxonomy":"product_featured_cat","embeddable":true,"href":"https:\/\/shop.bantam.ch\/fr\/wp-json\/wp\/v2\/product_featured_cat?post=196126"},{"taxonomy":"product_brand","embeddable":true,"href":"https:\/\/shop.bantam.ch\/fr\/wp-json\/wp\/v2\/product_brand?post=196126"},{"taxonomy":"product_cat","embeddable":true,"href":"https:\/\/shop.bantam.ch\/fr\/wp-json\/wp\/v2\/product_cat?post=196126"},{"taxonomy":"product_tag","embeddable":true,"href":"https:\/\/shop.bantam.ch\/fr\/wp-json\/wp\/v2\/product_tag?post=196126"}],"curies":[{"name":"wp","href":"https:\/\/api.w.org\/{rel}","templated":true}]}}