{"id":196104,"date":"2024-05-15T15:50:35","date_gmt":"2024-05-15T13:50:35","guid":{"rendered":"https:\/\/shop.bantam.ch\/produit\/toilette-pliable-h-a-b-a-torgano-couleur-noir\/"},"modified":"2026-05-01T23:02:34","modified_gmt":"2026-05-01T21:02:34","slug":"toilette-pliable-h-a-b-a-torgano-couleur-noir","status":"publish","type":"product","link":"https:\/\/shop.bantam.ch\/fr\/produit\/toilette-pliable-h-a-b-a-torgano-couleur-noir\/","title":{"rendered":"Toilette pliable H.A.B.A. Torgano, couleur noir"},"content":{"rendered":"<p>La toilette portable Torgano est une toilette pliable \u00e0 utiliser en vacances ou dans des endroits o\u00f9 vous n&rsquo;avez pas acc\u00e8s \u00e0 des toilettes. La Torgano est l\u00e9g\u00e8re, confortable \u00e0 utiliser et dispose d&rsquo;un si\u00e8ge et d&rsquo;un couvercle.<br \/>\nPortez le Torgano de la mani\u00e8re qui vous convient le mieux. Que vous pr\u00e9f\u00e9riez la sangle courte, la sangle longue ou la poign\u00e9e int\u00e9gr\u00e9e.<\/p>\n<p>La hauteur de la toilette pliante est facilement r\u00e9glable, ce qui permet \u00e0 chaque utilisateur de s&rsquo;asseoir confortablement. Lorsque vous avez termin\u00e9, retirez le sac de toilette et nouez-le. Ensuite, repliez le Torgano et fixez-le avec les clips sur le dessus.<\/p>\n<p>Outre sa fonction principale, le Torgano peut \u00e9galement \u00eatre utilis\u00e9 comme chaise, table ou m\u00eame comme espace de rangement. La construction robuste en plastique de haute qualit\u00e9 n&rsquo;est pas seulement esth\u00e9tique, elle peut \u00e9galement supporter jusqu&rsquo;\u00e0 150 kg. Pour plus de commodit\u00e9, chaque Torgano est livr\u00e9 avec un rouleau de 10 sachets de toilette, afin que vous soyez toujours pr\u00eat.<\/p>\n","protected":false},"excerpt":{"rendered":"<p>La toilette portable Torgano est une toilette pliable \u00e0 utiliser en vacances ou dans des endroits o\u00f9 vous n&rsquo;avez pas acc\u00e8s \u00e0 des toilettes. La Torgano est l\u00e9g\u00e8re, confortable \u00e0 utiliser et dispose d&rsquo;un si\u00e8ge et d&rsquo;un couvercle. Portez le Torgano de la mani\u00e8re qui vous convient le mieux. Que vous pr\u00e9f\u00e9riez la sangle courte, [&hellip;]<\/p>\n","protected":false},"featured_media":206800,"template":"","meta":{"_acf_changed":false},"product_featured_cat":[],"product_brand":[3178],"product_cat":[4591],"product_tag":[],"class_list":{"0":"post-196104","1":"product","2":"type-product","3":"status-publish","4":"has-post-thumbnail","6":"product_brand-h-a-b-a","7":"product_cat-toilettes-chimiques","9":"first","10":"instock","11":"taxable","12":"shipping-taxable","13":"purchasable","14":"product-type-simple"},"acf":[],"yoast_head":"<!-- This site is optimized with the Yoast SEO plugin v27.5 - https:\/\/yoast.com\/product\/yoast-seo-wordpress\/ -->\n<title>Toilette pliable H.A.B.A. Torgano, couleur noir - Bantam<\/title>\n<meta name=\"robots\" content=\"index, follow, max-snippet:-1, max-image-preview:large, max-video-preview:-1\" \/>\n<link rel=\"canonical\" href=\"https:\/\/shop.bantam.ch\/fr\/produit\/toilette-pliable-h-a-b-a-torgano-couleur-noir\/\" \/>\n<meta property=\"og:locale\" content=\"fr_FR\" \/>\n<meta property=\"og:type\" content=\"article\" \/>\n<meta property=\"og:title\" content=\"Toilette pliable H.A.B.A. Torgano, couleur noir - Bantam\" \/>\n<meta property=\"og:description\" content=\"La toilette portable Torgano est une toilette pliable \u00e0 utiliser en vacances ou dans des endroits o\u00f9 vous n&rsquo;avez pas acc\u00e8s \u00e0 des toilettes. La Torgano est l\u00e9g\u00e8re, confortable \u00e0 utiliser et dispose d&rsquo;un si\u00e8ge et d&rsquo;un couvercle. Portez le Torgano de la mani\u00e8re qui vous convient le mieux. Que vous pr\u00e9f\u00e9riez la sangle courte, [&hellip;]\" \/>\n<meta property=\"og:url\" content=\"https:\/\/shop.bantam.ch\/fr\/produit\/toilette-pliable-h-a-b-a-torgano-couleur-noir\/\" \/>\n<meta property=\"og:site_name\" content=\"Bantam\" \/>\n<meta property=\"article:modified_time\" content=\"2026-05-01T21:02:34+00:00\" \/>\n<meta property=\"og:image\" content=\"https:\/\/shop.bantam.ch\/wp-content\/uploads\/2024\/05\/Movera-L-9957983100.jpg\" \/>\n\t<meta property=\"og:image:width\" content=\"640\" \/>\n\t<meta property=\"og:image:height\" content=\"427\" \/>\n\t<meta property=\"og:image:type\" content=\"image\/jpeg\" \/>\n<meta name=\"twitter:card\" content=\"summary_large_image\" \/>\n<meta name=\"twitter:label1\" content=\"Dur\u00e9e de lecture estim\u00e9e\" \/>\n\t<meta name=\"twitter:data1\" content=\"1 minute\" \/>\n<script type=\"application\/ld+json\" class=\"yoast-schema-graph\">{\"@context\":\"https:\\\/\\\/schema.org\",\"@graph\":[{\"@type\":\"WebPage\",\"@id\":\"https:\\\/\\\/shop.bantam.ch\\\/fr\\\/produit\\\/toilette-pliable-h-a-b-a-torgano-couleur-noir\\\/\",\"url\":\"https:\\\/\\\/shop.bantam.ch\\\/fr\\\/produit\\\/toilette-pliable-h-a-b-a-torgano-couleur-noir\\\/\",\"name\":\"Toilette pliable H.A.B.A. Torgano, couleur noir - Bantam\",\"isPartOf\":{\"@id\":\"https:\\\/\\\/shop.bantam.ch\\\/fr\\\/#website\"},\"primaryImageOfPage\":{\"@id\":\"https:\\\/\\\/shop.bantam.ch\\\/fr\\\/produit\\\/toilette-pliable-h-a-b-a-torgano-couleur-noir\\\/#primaryimage\"},\"image\":{\"@id\":\"https:\\\/\\\/shop.bantam.ch\\\/fr\\\/produit\\\/toilette-pliable-h-a-b-a-torgano-couleur-noir\\\/#primaryimage\"},\"thumbnailUrl\":\"https:\\\/\\\/shop.bantam.ch\\\/wp-content\\\/uploads\\\/2024\\\/09\\\/Movera-L-9957983100.jpg\",\"datePublished\":\"2024-05-15T13:50:35+00:00\",\"dateModified\":\"2026-05-01T21:02:34+00:00\",\"breadcrumb\":{\"@id\":\"https:\\\/\\\/shop.bantam.ch\\\/fr\\\/produit\\\/toilette-pliable-h-a-b-a-torgano-couleur-noir\\\/#breadcrumb\"},\"inLanguage\":\"fr-FR\",\"potentialAction\":[{\"@type\":\"ReadAction\",\"target\":[\"https:\\\/\\\/shop.bantam.ch\\\/fr\\\/produit\\\/toilette-pliable-h-a-b-a-torgano-couleur-noir\\\/\"]}]},{\"@type\":\"ImageObject\",\"inLanguage\":\"fr-FR\",\"@id\":\"https:\\\/\\\/shop.bantam.ch\\\/fr\\\/produit\\\/toilette-pliable-h-a-b-a-torgano-couleur-noir\\\/#primaryimage\",\"url\":\"https:\\\/\\\/shop.bantam.ch\\\/wp-content\\\/uploads\\\/2024\\\/09\\\/Movera-L-9957983100.jpg\",\"contentUrl\":\"https:\\\/\\\/shop.bantam.ch\\\/wp-content\\\/uploads\\\/2024\\\/09\\\/Movera-L-9957983100.jpg\",\"width\":640,\"height\":427},{\"@type\":\"BreadcrumbList\",\"@id\":\"https:\\\/\\\/shop.bantam.ch\\\/fr\\\/produit\\\/toilette-pliable-h-a-b-a-torgano-couleur-noir\\\/#breadcrumb\",\"itemListElement\":[{\"@type\":\"ListItem\",\"position\":1,\"name\":\"Accueil\",\"item\":\"https:\\\/\\\/shop.bantam.ch\\\/fr\\\/\"},{\"@type\":\"ListItem\",\"position\":2,\"name\":\"Boutique\",\"item\":\"https:\\\/\\\/shop.bantam.ch\\\/fr\\\/boutique\\\/\"},{\"@type\":\"ListItem\",\"position\":3,\"name\":\"Toilette pliable H.A.B.A. Torgano, couleur noir\"}]},{\"@type\":\"WebSite\",\"@id\":\"https:\\\/\\\/shop.bantam.ch\\\/fr\\\/#website\",\"url\":\"https:\\\/\\\/shop.bantam.ch\\\/fr\\\/\",\"name\":\"Bantam\",\"description\":\"\",\"publisher\":{\"@id\":\"https:\\\/\\\/shop.bantam.ch\\\/fr\\\/#organization\"},\"inLanguage\":\"fr-FR\"},{\"@type\":\"Organization\",\"@id\":\"https:\\\/\\\/shop.bantam.ch\\\/fr\\\/#organization\",\"name\":\"Bantam\",\"url\":\"https:\\\/\\\/shop.bantam.ch\\\/fr\\\/\",\"logo\":{\"@type\":\"ImageObject\",\"inLanguage\":\"fr-FR\",\"@id\":\"https:\\\/\\\/shop.bantam.ch\\\/fr\\\/#\\\/schema\\\/logo\\\/image\\\/\",\"url\":\"https:\\\/\\\/shop.bantam.ch\\\/wp-content\\\/uploads\\\/2022\\\/12\\\/bantam-logo.png\",\"contentUrl\":\"https:\\\/\\\/shop.bantam.ch\\\/wp-content\\\/uploads\\\/2022\\\/12\\\/bantam-logo.png\",\"width\":320,\"height\":71,\"caption\":\"Bantam\"},\"image\":{\"@id\":\"https:\\\/\\\/shop.bantam.ch\\\/fr\\\/#\\\/schema\\\/logo\\\/image\\\/\"}}]}<\/script>\n<!-- \/ Yoast SEO plugin. -->","yoast_head_json":{"title":"Toilette pliable H.A.B.A. Torgano, couleur noir - Bantam","robots":{"index":"index","follow":"follow","max-snippet":"max-snippet:-1","max-image-preview":"max-image-preview:large","max-video-preview":"max-video-preview:-1"},"canonical":"https:\/\/shop.bantam.ch\/fr\/produit\/toilette-pliable-h-a-b-a-torgano-couleur-noir\/","og_locale":"fr_FR","og_type":"article","og_title":"Toilette pliable H.A.B.A. Torgano, couleur noir - Bantam","og_description":"La toilette portable Torgano est une toilette pliable \u00e0 utiliser en vacances ou dans des endroits o\u00f9 vous n&rsquo;avez pas acc\u00e8s \u00e0 des toilettes. La Torgano est l\u00e9g\u00e8re, confortable \u00e0 utiliser et dispose d&rsquo;un si\u00e8ge et d&rsquo;un couvercle. Portez le Torgano de la mani\u00e8re qui vous convient le mieux. Que vous pr\u00e9f\u00e9riez la sangle courte, [&hellip;]","og_url":"https:\/\/shop.bantam.ch\/fr\/produit\/toilette-pliable-h-a-b-a-torgano-couleur-noir\/","og_site_name":"Bantam","article_modified_time":"2026-05-01T21:02:34+00:00","og_image":[{"width":640,"height":427,"url":"https:\/\/shop.bantam.ch\/wp-content\/uploads\/2024\/05\/Movera-L-9957983100.jpg","type":"image\/jpeg"}],"twitter_card":"summary_large_image","twitter_misc":{"Dur\u00e9e de lecture estim\u00e9e":"1 minute"},"schema":{"@context":"https:\/\/schema.org","@graph":[{"@type":"WebPage","@id":"https:\/\/shop.bantam.ch\/fr\/produit\/toilette-pliable-h-a-b-a-torgano-couleur-noir\/","url":"https:\/\/shop.bantam.ch\/fr\/produit\/toilette-pliable-h-a-b-a-torgano-couleur-noir\/","name":"Toilette pliable H.A.B.A. Torgano, couleur noir - Bantam","isPartOf":{"@id":"https:\/\/shop.bantam.ch\/fr\/#website"},"primaryImageOfPage":{"@id":"https:\/\/shop.bantam.ch\/fr\/produit\/toilette-pliable-h-a-b-a-torgano-couleur-noir\/#primaryimage"},"image":{"@id":"https:\/\/shop.bantam.ch\/fr\/produit\/toilette-pliable-h-a-b-a-torgano-couleur-noir\/#primaryimage"},"thumbnailUrl":"https:\/\/shop.bantam.ch\/wp-content\/uploads\/2024\/09\/Movera-L-9957983100.jpg","datePublished":"2024-05-15T13:50:35+00:00","dateModified":"2026-05-01T21:02:34+00:00","breadcrumb":{"@id":"https:\/\/shop.bantam.ch\/fr\/produit\/toilette-pliable-h-a-b-a-torgano-couleur-noir\/#breadcrumb"},"inLanguage":"fr-FR","potentialAction":[{"@type":"ReadAction","target":["https:\/\/shop.bantam.ch\/fr\/produit\/toilette-pliable-h-a-b-a-torgano-couleur-noir\/"]}]},{"@type":"ImageObject","inLanguage":"fr-FR","@id":"https:\/\/shop.bantam.ch\/fr\/produit\/toilette-pliable-h-a-b-a-torgano-couleur-noir\/#primaryimage","url":"https:\/\/shop.bantam.ch\/wp-content\/uploads\/2024\/09\/Movera-L-9957983100.jpg","contentUrl":"https:\/\/shop.bantam.ch\/wp-content\/uploads\/2024\/09\/Movera-L-9957983100.jpg","width":640,"height":427},{"@type":"BreadcrumbList","@id":"https:\/\/shop.bantam.ch\/fr\/produit\/toilette-pliable-h-a-b-a-torgano-couleur-noir\/#breadcrumb","itemListElement":[{"@type":"ListItem","position":1,"name":"Accueil","item":"https:\/\/shop.bantam.ch\/fr\/"},{"@type":"ListItem","position":2,"name":"Boutique","item":"https:\/\/shop.bantam.ch\/fr\/boutique\/"},{"@type":"ListItem","position":3,"name":"Toilette pliable H.A.B.A. Torgano, couleur noir"}]},{"@type":"WebSite","@id":"https:\/\/shop.bantam.ch\/fr\/#website","url":"https:\/\/shop.bantam.ch\/fr\/","name":"Bantam","description":"","publisher":{"@id":"https:\/\/shop.bantam.ch\/fr\/#organization"},"inLanguage":"fr-FR"},{"@type":"Organization","@id":"https:\/\/shop.bantam.ch\/fr\/#organization","name":"Bantam","url":"https:\/\/shop.bantam.ch\/fr\/","logo":{"@type":"ImageObject","inLanguage":"fr-FR","@id":"https:\/\/shop.bantam.ch\/fr\/#\/schema\/logo\/image\/","url":"https:\/\/shop.bantam.ch\/wp-content\/uploads\/2022\/12\/bantam-logo.png","contentUrl":"https:\/\/shop.bantam.ch\/wp-content\/uploads\/2022\/12\/bantam-logo.png","width":320,"height":71,"caption":"Bantam"},"image":{"@id":"https:\/\/shop.bantam.ch\/fr\/#\/schema\/logo\/image\/"}}]}},"_links":{"self":[{"href":"https:\/\/shop.bantam.ch\/fr\/wp-json\/wp\/v2\/product\/196104","targetHints":{"allow":["GET"]}}],"collection":[{"href":"https:\/\/shop.bantam.ch\/fr\/wp-json\/wp\/v2\/product"}],"about":[{"href":"https:\/\/shop.bantam.ch\/fr\/wp-json\/wp\/v2\/types\/product"}],"wp:featuredmedia":[{"embeddable":true,"href":"https:\/\/shop.bantam.ch\/fr\/wp-json\/wp\/v2\/media\/206800"}],"wp:attachment":[{"href":"https:\/\/shop.bantam.ch\/fr\/wp-json\/wp\/v2\/media?parent=196104"}],"wp:term":[{"taxonomy":"product_featured_cat","embeddable":true,"href":"https:\/\/shop.bantam.ch\/fr\/wp-json\/wp\/v2\/product_featured_cat?post=196104"},{"taxonomy":"product_brand","embeddable":true,"href":"https:\/\/shop.bantam.ch\/fr\/wp-json\/wp\/v2\/product_brand?post=196104"},{"taxonomy":"product_cat","embeddable":true,"href":"https:\/\/shop.bantam.ch\/fr\/wp-json\/wp\/v2\/product_cat?post=196104"},{"taxonomy":"product_tag","embeddable":true,"href":"https:\/\/shop.bantam.ch\/fr\/wp-json\/wp\/v2\/product_tag?post=196104"}],"curies":[{"name":"wp","href":"https:\/\/api.w.org\/{rel}","templated":true}]}}