{"id":196000,"date":"2024-05-15T15:47:32","date_gmt":"2024-05-15T13:47:32","guid":{"rendered":"https:\/\/shop.bantam.ch\/produit\/balai-joseph-joseph-cleanstore-avec-support-mural-coloris-bleu\/"},"modified":"2026-05-02T23:02:09","modified_gmt":"2026-05-02T21:02:09","slug":"balai-joseph-joseph-cleanstore-avec-support-mural-coloris-bleu","status":"publish","type":"product","link":"https:\/\/shop.bantam.ch\/fr\/produit\/balai-joseph-joseph-cleanstore-avec-support-mural-coloris-bleu\/","title":{"rendered":"Balai Joseph Joseph CleanStore avec support mural coloris bleu"},"content":{"rendered":"<p>Le mat\u00e9riel de nettoyage est notoirement difficile \u00e0 stocker. Les objets longs tombent ou s&#8217;emm\u00ealent facilement ; les pelles \u00e0 poussi\u00e8re et les brosses peuvent se d\u00e9tacher les unes des autres, et les poils et les franges expos\u00e9s peuvent transmettre la poussi\u00e8re et la salet\u00e9 \u00e0 l&rsquo;int\u00e9rieur des armoires et aux autres objets stock\u00e9s. CleanStore est une gamme intelligente d&rsquo;outils de nettoyage qui rend le rangement plus facile et plus hygi\u00e9nique en garantissant que les parties sales de l&rsquo;outil sont toujours prot\u00e9g\u00e9es. Ce balai \u00e0 long manche est livr\u00e9 avec un support Dust-shield\u2122 qui peut \u00eatre fix\u00e9 au mur et qui entoure compl\u00e8tement la t\u00eate et les poils, ce qui permet de garder tout ce qui l&rsquo;entoure plus propre. Pour l&rsquo;utiliser, il suffit de saisir le manche du balai et de le tirer \u00e0 travers les languettes en caoutchouc de la fente facile d&rsquo;acc\u00e8s situ\u00e9e \u00e0 l&rsquo;avant du support. Le balai est dot\u00e9 de poils longs et souples qui absorbent mieux la poussi\u00e8re et se r\u00e9tr\u00e9cissent l\u00e9g\u00e8rement vers l&rsquo;ext\u00e9rieur pour nettoyer m\u00eame dans les coins. Le manche t\u00e9lescopique en aluminium peut \u00eatre r\u00e9gl\u00e9 de 67,5 cm \u00e0 110 cm et est \u00e9quip\u00e9 d&rsquo;une poign\u00e9e antid\u00e9rapante. L&rsquo;appareil est livr\u00e9 avec un peigne \u00e0 poils pratique qui se range dans la partie sup\u00e9rieure du support et vous permet de d\u00e9barrasser les poils des cheveux et de la poussi\u00e8re. Le support de rangement peut \u00e9galement \u00eatre facilement retir\u00e9 du support mural pour \u00eatre nettoy\u00e9. Support, peigne et barre &#8211; \u00e0 nettoyer avec un chiffon humide. Vis de fixation incluses.<\/p>\n","protected":false},"excerpt":{"rendered":"<p>Le mat\u00e9riel de nettoyage est notoirement difficile \u00e0 stocker. Les objets longs tombent ou s&#8217;emm\u00ealent facilement ; les pelles \u00e0 poussi\u00e8re et les brosses peuvent se d\u00e9tacher les unes des autres, et les poils et les franges expos\u00e9s peuvent transmettre la poussi\u00e8re et la salet\u00e9 \u00e0 l&rsquo;int\u00e9rieur des armoires et aux autres objets stock\u00e9s. CleanStore [&hellip;]<\/p>\n","protected":false},"featured_media":206768,"template":"","meta":{"_acf_changed":false},"product_featured_cat":[],"product_brand":[3412],"product_cat":[4289],"product_tag":[],"class_list":{"0":"post-196000","1":"product","2":"type-product","3":"status-publish","4":"has-post-thumbnail","6":"product_brand-joseph-joseph","7":"product_cat-rincage-et-nettoyage","9":"first","10":"instock","11":"taxable","12":"shipping-taxable","13":"purchasable","14":"product-type-simple"},"acf":[],"yoast_head":"<!-- This site is optimized with the Yoast SEO plugin v27.5 - https:\/\/yoast.com\/product\/yoast-seo-wordpress\/ -->\n<title>Balai Joseph Joseph CleanStore avec support mural coloris bleu - Bantam<\/title>\n<meta name=\"robots\" content=\"index, follow, max-snippet:-1, max-image-preview:large, max-video-preview:-1\" \/>\n<link rel=\"canonical\" href=\"https:\/\/shop.bantam.ch\/fr\/produit\/balai-joseph-joseph-cleanstore-avec-support-mural-coloris-bleu\/\" \/>\n<meta property=\"og:locale\" content=\"fr_FR\" \/>\n<meta property=\"og:type\" content=\"article\" \/>\n<meta property=\"og:title\" content=\"Balai Joseph Joseph CleanStore avec support mural coloris bleu - Bantam\" \/>\n<meta property=\"og:description\" content=\"Le mat\u00e9riel de nettoyage est notoirement difficile \u00e0 stocker. Les objets longs tombent ou s&#8217;emm\u00ealent facilement ; les pelles \u00e0 poussi\u00e8re et les brosses peuvent se d\u00e9tacher les unes des autres, et les poils et les franges expos\u00e9s peuvent transmettre la poussi\u00e8re et la salet\u00e9 \u00e0 l&rsquo;int\u00e9rieur des armoires et aux autres objets stock\u00e9s. CleanStore [&hellip;]\" \/>\n<meta property=\"og:url\" content=\"https:\/\/shop.bantam.ch\/fr\/produit\/balai-joseph-joseph-cleanstore-avec-support-mural-coloris-bleu\/\" \/>\n<meta property=\"og:site_name\" content=\"Bantam\" \/>\n<meta property=\"article:modified_time\" content=\"2026-05-02T21:02:09+00:00\" \/>\n<meta property=\"og:image\" content=\"https:\/\/shop.bantam.ch\/wp-content\/uploads\/2024\/05\/Movera-L-9957954100.jpg\" \/>\n\t<meta property=\"og:image:width\" content=\"640\" \/>\n\t<meta property=\"og:image:height\" content=\"519\" \/>\n\t<meta property=\"og:image:type\" content=\"image\/jpeg\" \/>\n<meta name=\"twitter:card\" content=\"summary_large_image\" \/>\n<meta name=\"twitter:label1\" content=\"Dur\u00e9e de lecture estim\u00e9e\" \/>\n\t<meta name=\"twitter:data1\" content=\"1 minute\" \/>\n<script type=\"application\/ld+json\" class=\"yoast-schema-graph\">{\"@context\":\"https:\\\/\\\/schema.org\",\"@graph\":[{\"@type\":\"WebPage\",\"@id\":\"https:\\\/\\\/shop.bantam.ch\\\/fr\\\/produit\\\/balai-joseph-joseph-cleanstore-avec-support-mural-coloris-bleu\\\/\",\"url\":\"https:\\\/\\\/shop.bantam.ch\\\/fr\\\/produit\\\/balai-joseph-joseph-cleanstore-avec-support-mural-coloris-bleu\\\/\",\"name\":\"Balai Joseph Joseph CleanStore avec support mural coloris bleu - Bantam\",\"isPartOf\":{\"@id\":\"https:\\\/\\\/shop.bantam.ch\\\/fr\\\/#website\"},\"primaryImageOfPage\":{\"@id\":\"https:\\\/\\\/shop.bantam.ch\\\/fr\\\/produit\\\/balai-joseph-joseph-cleanstore-avec-support-mural-coloris-bleu\\\/#primaryimage\"},\"image\":{\"@id\":\"https:\\\/\\\/shop.bantam.ch\\\/fr\\\/produit\\\/balai-joseph-joseph-cleanstore-avec-support-mural-coloris-bleu\\\/#primaryimage\"},\"thumbnailUrl\":\"https:\\\/\\\/shop.bantam.ch\\\/wp-content\\\/uploads\\\/2024\\\/09\\\/Movera-L-9957954100.jpg\",\"datePublished\":\"2024-05-15T13:47:32+00:00\",\"dateModified\":\"2026-05-02T21:02:09+00:00\",\"breadcrumb\":{\"@id\":\"https:\\\/\\\/shop.bantam.ch\\\/fr\\\/produit\\\/balai-joseph-joseph-cleanstore-avec-support-mural-coloris-bleu\\\/#breadcrumb\"},\"inLanguage\":\"fr-FR\",\"potentialAction\":[{\"@type\":\"ReadAction\",\"target\":[\"https:\\\/\\\/shop.bantam.ch\\\/fr\\\/produit\\\/balai-joseph-joseph-cleanstore-avec-support-mural-coloris-bleu\\\/\"]}]},{\"@type\":\"ImageObject\",\"inLanguage\":\"fr-FR\",\"@id\":\"https:\\\/\\\/shop.bantam.ch\\\/fr\\\/produit\\\/balai-joseph-joseph-cleanstore-avec-support-mural-coloris-bleu\\\/#primaryimage\",\"url\":\"https:\\\/\\\/shop.bantam.ch\\\/wp-content\\\/uploads\\\/2024\\\/09\\\/Movera-L-9957954100.jpg\",\"contentUrl\":\"https:\\\/\\\/shop.bantam.ch\\\/wp-content\\\/uploads\\\/2024\\\/09\\\/Movera-L-9957954100.jpg\",\"width\":640,\"height\":519},{\"@type\":\"BreadcrumbList\",\"@id\":\"https:\\\/\\\/shop.bantam.ch\\\/fr\\\/produit\\\/balai-joseph-joseph-cleanstore-avec-support-mural-coloris-bleu\\\/#breadcrumb\",\"itemListElement\":[{\"@type\":\"ListItem\",\"position\":1,\"name\":\"Accueil\",\"item\":\"https:\\\/\\\/shop.bantam.ch\\\/fr\\\/\"},{\"@type\":\"ListItem\",\"position\":2,\"name\":\"Boutique\",\"item\":\"https:\\\/\\\/shop.bantam.ch\\\/fr\\\/boutique\\\/\"},{\"@type\":\"ListItem\",\"position\":3,\"name\":\"Balai Joseph Joseph CleanStore avec support mural coloris bleu\"}]},{\"@type\":\"WebSite\",\"@id\":\"https:\\\/\\\/shop.bantam.ch\\\/fr\\\/#website\",\"url\":\"https:\\\/\\\/shop.bantam.ch\\\/fr\\\/\",\"name\":\"Bantam\",\"description\":\"\",\"publisher\":{\"@id\":\"https:\\\/\\\/shop.bantam.ch\\\/fr\\\/#organization\"},\"inLanguage\":\"fr-FR\"},{\"@type\":\"Organization\",\"@id\":\"https:\\\/\\\/shop.bantam.ch\\\/fr\\\/#organization\",\"name\":\"Bantam\",\"url\":\"https:\\\/\\\/shop.bantam.ch\\\/fr\\\/\",\"logo\":{\"@type\":\"ImageObject\",\"inLanguage\":\"fr-FR\",\"@id\":\"https:\\\/\\\/shop.bantam.ch\\\/fr\\\/#\\\/schema\\\/logo\\\/image\\\/\",\"url\":\"https:\\\/\\\/shop.bantam.ch\\\/wp-content\\\/uploads\\\/2022\\\/12\\\/bantam-logo.png\",\"contentUrl\":\"https:\\\/\\\/shop.bantam.ch\\\/wp-content\\\/uploads\\\/2022\\\/12\\\/bantam-logo.png\",\"width\":320,\"height\":71,\"caption\":\"Bantam\"},\"image\":{\"@id\":\"https:\\\/\\\/shop.bantam.ch\\\/fr\\\/#\\\/schema\\\/logo\\\/image\\\/\"}}]}<\/script>\n<!-- \/ Yoast SEO plugin. -->","yoast_head_json":{"title":"Balai Joseph Joseph CleanStore avec support mural coloris bleu - Bantam","robots":{"index":"index","follow":"follow","max-snippet":"max-snippet:-1","max-image-preview":"max-image-preview:large","max-video-preview":"max-video-preview:-1"},"canonical":"https:\/\/shop.bantam.ch\/fr\/produit\/balai-joseph-joseph-cleanstore-avec-support-mural-coloris-bleu\/","og_locale":"fr_FR","og_type":"article","og_title":"Balai Joseph Joseph CleanStore avec support mural coloris bleu - Bantam","og_description":"Le mat\u00e9riel de nettoyage est notoirement difficile \u00e0 stocker. Les objets longs tombent ou s&#8217;emm\u00ealent facilement ; les pelles \u00e0 poussi\u00e8re et les brosses peuvent se d\u00e9tacher les unes des autres, et les poils et les franges expos\u00e9s peuvent transmettre la poussi\u00e8re et la salet\u00e9 \u00e0 l&rsquo;int\u00e9rieur des armoires et aux autres objets stock\u00e9s. CleanStore [&hellip;]","og_url":"https:\/\/shop.bantam.ch\/fr\/produit\/balai-joseph-joseph-cleanstore-avec-support-mural-coloris-bleu\/","og_site_name":"Bantam","article_modified_time":"2026-05-02T21:02:09+00:00","og_image":[{"width":640,"height":519,"url":"https:\/\/shop.bantam.ch\/wp-content\/uploads\/2024\/05\/Movera-L-9957954100.jpg","type":"image\/jpeg"}],"twitter_card":"summary_large_image","twitter_misc":{"Dur\u00e9e de lecture estim\u00e9e":"1 minute"},"schema":{"@context":"https:\/\/schema.org","@graph":[{"@type":"WebPage","@id":"https:\/\/shop.bantam.ch\/fr\/produit\/balai-joseph-joseph-cleanstore-avec-support-mural-coloris-bleu\/","url":"https:\/\/shop.bantam.ch\/fr\/produit\/balai-joseph-joseph-cleanstore-avec-support-mural-coloris-bleu\/","name":"Balai Joseph Joseph CleanStore avec support mural coloris bleu - Bantam","isPartOf":{"@id":"https:\/\/shop.bantam.ch\/fr\/#website"},"primaryImageOfPage":{"@id":"https:\/\/shop.bantam.ch\/fr\/produit\/balai-joseph-joseph-cleanstore-avec-support-mural-coloris-bleu\/#primaryimage"},"image":{"@id":"https:\/\/shop.bantam.ch\/fr\/produit\/balai-joseph-joseph-cleanstore-avec-support-mural-coloris-bleu\/#primaryimage"},"thumbnailUrl":"https:\/\/shop.bantam.ch\/wp-content\/uploads\/2024\/09\/Movera-L-9957954100.jpg","datePublished":"2024-05-15T13:47:32+00:00","dateModified":"2026-05-02T21:02:09+00:00","breadcrumb":{"@id":"https:\/\/shop.bantam.ch\/fr\/produit\/balai-joseph-joseph-cleanstore-avec-support-mural-coloris-bleu\/#breadcrumb"},"inLanguage":"fr-FR","potentialAction":[{"@type":"ReadAction","target":["https:\/\/shop.bantam.ch\/fr\/produit\/balai-joseph-joseph-cleanstore-avec-support-mural-coloris-bleu\/"]}]},{"@type":"ImageObject","inLanguage":"fr-FR","@id":"https:\/\/shop.bantam.ch\/fr\/produit\/balai-joseph-joseph-cleanstore-avec-support-mural-coloris-bleu\/#primaryimage","url":"https:\/\/shop.bantam.ch\/wp-content\/uploads\/2024\/09\/Movera-L-9957954100.jpg","contentUrl":"https:\/\/shop.bantam.ch\/wp-content\/uploads\/2024\/09\/Movera-L-9957954100.jpg","width":640,"height":519},{"@type":"BreadcrumbList","@id":"https:\/\/shop.bantam.ch\/fr\/produit\/balai-joseph-joseph-cleanstore-avec-support-mural-coloris-bleu\/#breadcrumb","itemListElement":[{"@type":"ListItem","position":1,"name":"Accueil","item":"https:\/\/shop.bantam.ch\/fr\/"},{"@type":"ListItem","position":2,"name":"Boutique","item":"https:\/\/shop.bantam.ch\/fr\/boutique\/"},{"@type":"ListItem","position":3,"name":"Balai Joseph Joseph CleanStore avec support mural coloris bleu"}]},{"@type":"WebSite","@id":"https:\/\/shop.bantam.ch\/fr\/#website","url":"https:\/\/shop.bantam.ch\/fr\/","name":"Bantam","description":"","publisher":{"@id":"https:\/\/shop.bantam.ch\/fr\/#organization"},"inLanguage":"fr-FR"},{"@type":"Organization","@id":"https:\/\/shop.bantam.ch\/fr\/#organization","name":"Bantam","url":"https:\/\/shop.bantam.ch\/fr\/","logo":{"@type":"ImageObject","inLanguage":"fr-FR","@id":"https:\/\/shop.bantam.ch\/fr\/#\/schema\/logo\/image\/","url":"https:\/\/shop.bantam.ch\/wp-content\/uploads\/2022\/12\/bantam-logo.png","contentUrl":"https:\/\/shop.bantam.ch\/wp-content\/uploads\/2022\/12\/bantam-logo.png","width":320,"height":71,"caption":"Bantam"},"image":{"@id":"https:\/\/shop.bantam.ch\/fr\/#\/schema\/logo\/image\/"}}]}},"_links":{"self":[{"href":"https:\/\/shop.bantam.ch\/fr\/wp-json\/wp\/v2\/product\/196000","targetHints":{"allow":["GET"]}}],"collection":[{"href":"https:\/\/shop.bantam.ch\/fr\/wp-json\/wp\/v2\/product"}],"about":[{"href":"https:\/\/shop.bantam.ch\/fr\/wp-json\/wp\/v2\/types\/product"}],"wp:featuredmedia":[{"embeddable":true,"href":"https:\/\/shop.bantam.ch\/fr\/wp-json\/wp\/v2\/media\/206768"}],"wp:attachment":[{"href":"https:\/\/shop.bantam.ch\/fr\/wp-json\/wp\/v2\/media?parent=196000"}],"wp:term":[{"taxonomy":"product_featured_cat","embeddable":true,"href":"https:\/\/shop.bantam.ch\/fr\/wp-json\/wp\/v2\/product_featured_cat?post=196000"},{"taxonomy":"product_brand","embeddable":true,"href":"https:\/\/shop.bantam.ch\/fr\/wp-json\/wp\/v2\/product_brand?post=196000"},{"taxonomy":"product_cat","embeddable":true,"href":"https:\/\/shop.bantam.ch\/fr\/wp-json\/wp\/v2\/product_cat?post=196000"},{"taxonomy":"product_tag","embeddable":true,"href":"https:\/\/shop.bantam.ch\/fr\/wp-json\/wp\/v2\/product_tag?post=196000"}],"curies":[{"name":"wp","href":"https:\/\/api.w.org\/{rel}","templated":true}]}}