{"id":195986,"date":"2024-05-15T15:47:17","date_gmt":"2024-05-15T13:47:17","guid":{"rendered":"https:\/\/shop.bantam.ch\/produit\/planche-a-repass-joseph-joseph-pliable-coul-gris-jaune\/"},"modified":"2026-04-17T23:05:37","modified_gmt":"2026-04-17T21:05:37","slug":"planche-a-repass-joseph-joseph-pliable-coul-gris-jaune","status":"publish","type":"product","link":"https:\/\/shop.bantam.ch\/fr\/produit\/planche-a-repass-joseph-joseph-pliable-coul-gris-jaune\/","title":{"rendered":"Planche \u00e0 repass Joseph Joseph pliable, coul. gris\/jaune"},"content":{"rendered":"<p>Les planches \u00e0 repasser compactes sont un bon choix si vous avez peu d&rsquo;espace de rangement ou si vous voulez seulement repasser rapidement une ou deux pi\u00e8ces. Mais cette planche \u00e0 repasser compacte porte le confort de repassage \u00e0 un tout autre niveau gr\u00e2ce \u00e0 son design innovant. Elle se plie en deux et dispose de son propre crochet de suspension qui peut \u00eatre fix\u00e9 au mur ou \u00e0 la porte, ce qui la rend tr\u00e8s compacte et facile \u00e0 ranger. Il dispose \u00e9galement d&rsquo;un compartiment sp\u00e9cial pour ranger le fer \u00e0 repasser, ce qui permet d&rsquo;\u00e9conomiser un espace pr\u00e9cieux ailleurs et de rassembler en un seul endroit tout ce dont vous avez besoin pour cette t\u00e2che m\u00e9nag\u00e8re. Gr\u00e2ce \u00e0 la fermeture rapide et aux pieds pliables avec pieds antid\u00e9rapants, il se monte rapidement et facilement. Une fois d\u00e9pli\u00e9e, elle offre une surface de repassage spacieuse avec des coins parfaitement form\u00e9s pour les chemises, les pantalons, les robes et plus encore. Elle est livr\u00e9e avec une housse facile \u00e0 remplacer et parfaitement adapt\u00e9e, compos\u00e9e d&rsquo;une couche sup\u00e9rieure 100 % coton et d&rsquo;une sous-couche en feutre \u00e9paisse et rembourr\u00e9e, pour un repassage tout en douceur. Des housses de rechange sont \u00e9galement disponibles.<\/p>\n<p>&nbsp;<\/p>\n<p>Mat\u00e9riau :<br \/>\nHousse 100 % coton<br \/>\nsupport en feutre 100 % polyester<\/p>\n","protected":false},"excerpt":{"rendered":"<p>Les planches \u00e0 repasser compactes sont un bon choix si vous avez peu d&rsquo;espace de rangement ou si vous voulez seulement repasser rapidement une ou deux pi\u00e8ces. Mais cette planche \u00e0 repasser compacte porte le confort de repassage \u00e0 un tout autre niveau gr\u00e2ce \u00e0 son design innovant. Elle se plie en deux et dispose [&hellip;]<\/p>\n","protected":false},"featured_media":206764,"template":"","meta":{"_acf_changed":false},"product_featured_cat":[],"product_brand":[3412],"product_cat":[4291],"product_tag":[],"class_list":{"0":"post-195986","1":"product","2":"type-product","3":"status-publish","4":"has-post-thumbnail","6":"product_brand-joseph-joseph","7":"product_cat-linges","9":"first","10":"instock","11":"taxable","12":"shipping-taxable","13":"purchasable","14":"product-type-simple"},"acf":[],"yoast_head":"<!-- This site is optimized with the Yoast SEO plugin v27.4 - https:\/\/yoast.com\/product\/yoast-seo-wordpress\/ -->\n<title>Planche \u00e0 repass Joseph Joseph pliable, coul. gris\/jaune - Bantam Wankm\u00fcller SA<\/title>\n<meta name=\"robots\" content=\"index, follow, max-snippet:-1, max-image-preview:large, max-video-preview:-1\" \/>\n<link rel=\"canonical\" href=\"https:\/\/shop.bantam.ch\/fr\/produit\/planche-a-repass-joseph-joseph-pliable-coul-gris-jaune\/\" \/>\n<meta property=\"og:locale\" content=\"fr_FR\" \/>\n<meta property=\"og:type\" content=\"article\" \/>\n<meta property=\"og:title\" content=\"Planche \u00e0 repass Joseph Joseph pliable, coul. gris\/jaune - Bantam Wankm\u00fcller SA\" \/>\n<meta property=\"og:description\" content=\"Les planches \u00e0 repasser compactes sont un bon choix si vous avez peu d&rsquo;espace de rangement ou si vous voulez seulement repasser rapidement une ou deux pi\u00e8ces. Mais cette planche \u00e0 repasser compacte porte le confort de repassage \u00e0 un tout autre niveau gr\u00e2ce \u00e0 son design innovant. Elle se plie en deux et dispose [&hellip;]\" \/>\n<meta property=\"og:url\" content=\"https:\/\/shop.bantam.ch\/fr\/produit\/planche-a-repass-joseph-joseph-pliable-coul-gris-jaune\/\" \/>\n<meta property=\"og:site_name\" content=\"Bantam Wankm\u00fcller SA\" \/>\n<meta property=\"article:modified_time\" content=\"2026-04-17T21:05:37+00:00\" \/>\n<meta property=\"og:image\" content=\"https:\/\/shop.bantam.ch\/wp-content\/uploads\/2024\/05\/Movera-L-9957952100.jpg\" \/>\n\t<meta property=\"og:image:width\" content=\"640\" \/>\n\t<meta property=\"og:image:height\" content=\"360\" \/>\n\t<meta property=\"og:image:type\" content=\"image\/jpeg\" \/>\n<meta name=\"twitter:card\" content=\"summary_large_image\" \/>\n<meta name=\"twitter:label1\" content=\"Dur\u00e9e de lecture estim\u00e9e\" \/>\n\t<meta name=\"twitter:data1\" content=\"1 minute\" \/>\n<script type=\"application\/ld+json\" class=\"yoast-schema-graph\">{\"@context\":\"https:\\\/\\\/schema.org\",\"@graph\":[{\"@type\":\"WebPage\",\"@id\":\"https:\\\/\\\/shop.bantam.ch\\\/fr\\\/produit\\\/planche-a-repass-joseph-joseph-pliable-coul-gris-jaune\\\/\",\"url\":\"https:\\\/\\\/shop.bantam.ch\\\/fr\\\/produit\\\/planche-a-repass-joseph-joseph-pliable-coul-gris-jaune\\\/\",\"name\":\"Planche \u00e0 repass Joseph Joseph pliable, coul. gris\\\/jaune - Bantam Wankm\u00fcller SA\",\"isPartOf\":{\"@id\":\"https:\\\/\\\/shop.bantam.ch\\\/fr\\\/#website\"},\"primaryImageOfPage\":{\"@id\":\"https:\\\/\\\/shop.bantam.ch\\\/fr\\\/produit\\\/planche-a-repass-joseph-joseph-pliable-coul-gris-jaune\\\/#primaryimage\"},\"image\":{\"@id\":\"https:\\\/\\\/shop.bantam.ch\\\/fr\\\/produit\\\/planche-a-repass-joseph-joseph-pliable-coul-gris-jaune\\\/#primaryimage\"},\"thumbnailUrl\":\"https:\\\/\\\/shop.bantam.ch\\\/wp-content\\\/uploads\\\/2024\\\/09\\\/Movera-L-9957952100.jpg\",\"datePublished\":\"2024-05-15T13:47:17+00:00\",\"dateModified\":\"2026-04-17T21:05:37+00:00\",\"breadcrumb\":{\"@id\":\"https:\\\/\\\/shop.bantam.ch\\\/fr\\\/produit\\\/planche-a-repass-joseph-joseph-pliable-coul-gris-jaune\\\/#breadcrumb\"},\"inLanguage\":\"fr-FR\",\"potentialAction\":[{\"@type\":\"ReadAction\",\"target\":[\"https:\\\/\\\/shop.bantam.ch\\\/fr\\\/produit\\\/planche-a-repass-joseph-joseph-pliable-coul-gris-jaune\\\/\"]}]},{\"@type\":\"ImageObject\",\"inLanguage\":\"fr-FR\",\"@id\":\"https:\\\/\\\/shop.bantam.ch\\\/fr\\\/produit\\\/planche-a-repass-joseph-joseph-pliable-coul-gris-jaune\\\/#primaryimage\",\"url\":\"https:\\\/\\\/shop.bantam.ch\\\/wp-content\\\/uploads\\\/2024\\\/09\\\/Movera-L-9957952100.jpg\",\"contentUrl\":\"https:\\\/\\\/shop.bantam.ch\\\/wp-content\\\/uploads\\\/2024\\\/09\\\/Movera-L-9957952100.jpg\",\"width\":640,\"height\":360},{\"@type\":\"BreadcrumbList\",\"@id\":\"https:\\\/\\\/shop.bantam.ch\\\/fr\\\/produit\\\/planche-a-repass-joseph-joseph-pliable-coul-gris-jaune\\\/#breadcrumb\",\"itemListElement\":[{\"@type\":\"ListItem\",\"position\":1,\"name\":\"Accueil\",\"item\":\"https:\\\/\\\/shop.bantam.ch\\\/fr\\\/\"},{\"@type\":\"ListItem\",\"position\":2,\"name\":\"Boutique\",\"item\":\"https:\\\/\\\/shop.bantam.ch\\\/fr\\\/boutique\\\/\"},{\"@type\":\"ListItem\",\"position\":3,\"name\":\"Planche \u00e0 repass Joseph Joseph pliable, coul. gris\\\/jaune\"}]},{\"@type\":\"WebSite\",\"@id\":\"https:\\\/\\\/shop.bantam.ch\\\/fr\\\/#website\",\"url\":\"https:\\\/\\\/shop.bantam.ch\\\/fr\\\/\",\"name\":\"Bantam Wankm\u00fcller SA\",\"description\":\"\",\"publisher\":{\"@id\":\"https:\\\/\\\/shop.bantam.ch\\\/fr\\\/#organization\"},\"inLanguage\":\"fr-FR\"},{\"@type\":\"Organization\",\"@id\":\"https:\\\/\\\/shop.bantam.ch\\\/fr\\\/#organization\",\"name\":\"Bantam Wankm\u00fcller SA\",\"url\":\"https:\\\/\\\/shop.bantam.ch\\\/fr\\\/\",\"logo\":{\"@type\":\"ImageObject\",\"inLanguage\":\"fr-FR\",\"@id\":\"https:\\\/\\\/shop.bantam.ch\\\/fr\\\/#\\\/schema\\\/logo\\\/image\\\/\",\"url\":\"https:\\\/\\\/shop.bantam.ch\\\/wp-content\\\/uploads\\\/2022\\\/12\\\/bantam-logo.png\",\"contentUrl\":\"https:\\\/\\\/shop.bantam.ch\\\/wp-content\\\/uploads\\\/2022\\\/12\\\/bantam-logo.png\",\"width\":320,\"height\":71,\"caption\":\"Bantam Wankm\u00fcller SA\"},\"image\":{\"@id\":\"https:\\\/\\\/shop.bantam.ch\\\/fr\\\/#\\\/schema\\\/logo\\\/image\\\/\"}}]}<\/script>\n<!-- \/ Yoast SEO plugin. -->","yoast_head_json":{"title":"Planche \u00e0 repass Joseph Joseph pliable, coul. gris\/jaune - Bantam Wankm\u00fcller SA","robots":{"index":"index","follow":"follow","max-snippet":"max-snippet:-1","max-image-preview":"max-image-preview:large","max-video-preview":"max-video-preview:-1"},"canonical":"https:\/\/shop.bantam.ch\/fr\/produit\/planche-a-repass-joseph-joseph-pliable-coul-gris-jaune\/","og_locale":"fr_FR","og_type":"article","og_title":"Planche \u00e0 repass Joseph Joseph pliable, coul. gris\/jaune - Bantam Wankm\u00fcller SA","og_description":"Les planches \u00e0 repasser compactes sont un bon choix si vous avez peu d&rsquo;espace de rangement ou si vous voulez seulement repasser rapidement une ou deux pi\u00e8ces. Mais cette planche \u00e0 repasser compacte porte le confort de repassage \u00e0 un tout autre niveau gr\u00e2ce \u00e0 son design innovant. Elle se plie en deux et dispose [&hellip;]","og_url":"https:\/\/shop.bantam.ch\/fr\/produit\/planche-a-repass-joseph-joseph-pliable-coul-gris-jaune\/","og_site_name":"Bantam Wankm\u00fcller SA","article_modified_time":"2026-04-17T21:05:37+00:00","og_image":[{"width":640,"height":360,"url":"https:\/\/shop.bantam.ch\/wp-content\/uploads\/2024\/05\/Movera-L-9957952100.jpg","type":"image\/jpeg"}],"twitter_card":"summary_large_image","twitter_misc":{"Dur\u00e9e de lecture estim\u00e9e":"1 minute"},"schema":{"@context":"https:\/\/schema.org","@graph":[{"@type":"WebPage","@id":"https:\/\/shop.bantam.ch\/fr\/produit\/planche-a-repass-joseph-joseph-pliable-coul-gris-jaune\/","url":"https:\/\/shop.bantam.ch\/fr\/produit\/planche-a-repass-joseph-joseph-pliable-coul-gris-jaune\/","name":"Planche \u00e0 repass Joseph Joseph pliable, coul. gris\/jaune - Bantam Wankm\u00fcller SA","isPartOf":{"@id":"https:\/\/shop.bantam.ch\/fr\/#website"},"primaryImageOfPage":{"@id":"https:\/\/shop.bantam.ch\/fr\/produit\/planche-a-repass-joseph-joseph-pliable-coul-gris-jaune\/#primaryimage"},"image":{"@id":"https:\/\/shop.bantam.ch\/fr\/produit\/planche-a-repass-joseph-joseph-pliable-coul-gris-jaune\/#primaryimage"},"thumbnailUrl":"https:\/\/shop.bantam.ch\/wp-content\/uploads\/2024\/09\/Movera-L-9957952100.jpg","datePublished":"2024-05-15T13:47:17+00:00","dateModified":"2026-04-17T21:05:37+00:00","breadcrumb":{"@id":"https:\/\/shop.bantam.ch\/fr\/produit\/planche-a-repass-joseph-joseph-pliable-coul-gris-jaune\/#breadcrumb"},"inLanguage":"fr-FR","potentialAction":[{"@type":"ReadAction","target":["https:\/\/shop.bantam.ch\/fr\/produit\/planche-a-repass-joseph-joseph-pliable-coul-gris-jaune\/"]}]},{"@type":"ImageObject","inLanguage":"fr-FR","@id":"https:\/\/shop.bantam.ch\/fr\/produit\/planche-a-repass-joseph-joseph-pliable-coul-gris-jaune\/#primaryimage","url":"https:\/\/shop.bantam.ch\/wp-content\/uploads\/2024\/09\/Movera-L-9957952100.jpg","contentUrl":"https:\/\/shop.bantam.ch\/wp-content\/uploads\/2024\/09\/Movera-L-9957952100.jpg","width":640,"height":360},{"@type":"BreadcrumbList","@id":"https:\/\/shop.bantam.ch\/fr\/produit\/planche-a-repass-joseph-joseph-pliable-coul-gris-jaune\/#breadcrumb","itemListElement":[{"@type":"ListItem","position":1,"name":"Accueil","item":"https:\/\/shop.bantam.ch\/fr\/"},{"@type":"ListItem","position":2,"name":"Boutique","item":"https:\/\/shop.bantam.ch\/fr\/boutique\/"},{"@type":"ListItem","position":3,"name":"Planche \u00e0 repass Joseph Joseph pliable, coul. gris\/jaune"}]},{"@type":"WebSite","@id":"https:\/\/shop.bantam.ch\/fr\/#website","url":"https:\/\/shop.bantam.ch\/fr\/","name":"Bantam Wankm\u00fcller SA","description":"","publisher":{"@id":"https:\/\/shop.bantam.ch\/fr\/#organization"},"inLanguage":"fr-FR"},{"@type":"Organization","@id":"https:\/\/shop.bantam.ch\/fr\/#organization","name":"Bantam Wankm\u00fcller SA","url":"https:\/\/shop.bantam.ch\/fr\/","logo":{"@type":"ImageObject","inLanguage":"fr-FR","@id":"https:\/\/shop.bantam.ch\/fr\/#\/schema\/logo\/image\/","url":"https:\/\/shop.bantam.ch\/wp-content\/uploads\/2022\/12\/bantam-logo.png","contentUrl":"https:\/\/shop.bantam.ch\/wp-content\/uploads\/2022\/12\/bantam-logo.png","width":320,"height":71,"caption":"Bantam Wankm\u00fcller SA"},"image":{"@id":"https:\/\/shop.bantam.ch\/fr\/#\/schema\/logo\/image\/"}}]}},"_links":{"self":[{"href":"https:\/\/shop.bantam.ch\/fr\/wp-json\/wp\/v2\/product\/195986","targetHints":{"allow":["GET"]}}],"collection":[{"href":"https:\/\/shop.bantam.ch\/fr\/wp-json\/wp\/v2\/product"}],"about":[{"href":"https:\/\/shop.bantam.ch\/fr\/wp-json\/wp\/v2\/types\/product"}],"wp:featuredmedia":[{"embeddable":true,"href":"https:\/\/shop.bantam.ch\/fr\/wp-json\/wp\/v2\/media\/206764"}],"wp:attachment":[{"href":"https:\/\/shop.bantam.ch\/fr\/wp-json\/wp\/v2\/media?parent=195986"}],"wp:term":[{"taxonomy":"product_featured_cat","embeddable":true,"href":"https:\/\/shop.bantam.ch\/fr\/wp-json\/wp\/v2\/product_featured_cat?post=195986"},{"taxonomy":"product_brand","embeddable":true,"href":"https:\/\/shop.bantam.ch\/fr\/wp-json\/wp\/v2\/product_brand?post=195986"},{"taxonomy":"product_cat","embeddable":true,"href":"https:\/\/shop.bantam.ch\/fr\/wp-json\/wp\/v2\/product_cat?post=195986"},{"taxonomy":"product_tag","embeddable":true,"href":"https:\/\/shop.bantam.ch\/fr\/wp-json\/wp\/v2\/product_tag?post=195986"}],"curies":[{"name":"wp","href":"https:\/\/api.w.org\/{rel}","templated":true}]}}