{"id":195972,"date":"2024-05-15T15:47:01","date_gmt":"2024-05-15T13:47:01","guid":{"rendered":"https:\/\/shop.bantam.ch\/produit\/nettoyage-universel-caddy-maximex-coloris-bleu\/"},"modified":"2026-05-02T23:02:02","modified_gmt":"2026-05-02T21:02:02","slug":"nettoyage-universel-caddy-maximex-coloris-bleu","status":"publish","type":"product","link":"https:\/\/shop.bantam.ch\/fr\/produit\/nettoyage-universel-caddy-maximex-coloris-bleu\/","title":{"rendered":"Nettoyage universel Caddy Maximex, coloris bleu"},"content":{"rendered":"<p>Toujours bien \u00e9quip\u00e9 pour le nettoyage de la maison ! Le chariot de nettoyage universel est un panier de rangement pratique pour vos produits de nettoyage et d&rsquo;entretien. Tous les ustensiles sont r\u00e9unis de mani\u00e8re claire au m\u00eame endroit et toujours \u00e0 port\u00e9e de main. Assure l&rsquo;ordre dans la maison, la voiture ou l&rsquo;atelier. Avec 1 grand compartiment principal et 6 poches ext\u00e9rieures pour ranger les brosses, \u00e9ponges, etc. Pliable pour un gain de place.<\/p>\n<p>&nbsp;<\/p>\n<p>Mat\u00e9riel :<br \/>\n100 % polyester<\/p>\n","protected":false},"excerpt":{"rendered":"<p>Toujours bien \u00e9quip\u00e9 pour le nettoyage de la maison ! Le chariot de nettoyage universel est un panier de rangement pratique pour vos produits de nettoyage et d&rsquo;entretien. Tous les ustensiles sont r\u00e9unis de mani\u00e8re claire au m\u00eame endroit et toujours \u00e0 port\u00e9e de main. Assure l&rsquo;ordre dans la maison, la voiture ou l&rsquo;atelier. Avec [&hellip;]<\/p>\n","protected":false},"featured_media":206760,"template":"","meta":{"_acf_changed":false},"product_featured_cat":[],"product_brand":[5229],"product_cat":[4319],"product_tag":[],"class_list":{"0":"post-195972","1":"product","2":"type-product","3":"status-publish","4":"has-post-thumbnail","6":"product_brand-maximex","7":"product_cat-boites-et-paniers","9":"first","10":"instock","11":"taxable","12":"shipping-taxable","13":"purchasable","14":"product-type-simple"},"acf":[],"yoast_head":"<!-- This site is optimized with the Yoast SEO plugin v27.5 - https:\/\/yoast.com\/product\/yoast-seo-wordpress\/ -->\n<title>Nettoyage universel Caddy Maximex, coloris bleu - Bantam<\/title>\n<meta name=\"robots\" content=\"index, follow, max-snippet:-1, max-image-preview:large, max-video-preview:-1\" \/>\n<link rel=\"canonical\" href=\"https:\/\/shop.bantam.ch\/fr\/produit\/nettoyage-universel-caddy-maximex-coloris-bleu\/\" \/>\n<meta property=\"og:locale\" content=\"fr_FR\" \/>\n<meta property=\"og:type\" content=\"article\" \/>\n<meta property=\"og:title\" content=\"Nettoyage universel Caddy Maximex, coloris bleu - Bantam\" \/>\n<meta property=\"og:description\" content=\"Toujours bien \u00e9quip\u00e9 pour le nettoyage de la maison ! Le chariot de nettoyage universel est un panier de rangement pratique pour vos produits de nettoyage et d&rsquo;entretien. Tous les ustensiles sont r\u00e9unis de mani\u00e8re claire au m\u00eame endroit et toujours \u00e0 port\u00e9e de main. Assure l&rsquo;ordre dans la maison, la voiture ou l&rsquo;atelier. Avec [&hellip;]\" \/>\n<meta property=\"og:url\" content=\"https:\/\/shop.bantam.ch\/fr\/produit\/nettoyage-universel-caddy-maximex-coloris-bleu\/\" \/>\n<meta property=\"og:site_name\" content=\"Bantam\" \/>\n<meta property=\"article:modified_time\" content=\"2026-05-02T21:02:02+00:00\" \/>\n<meta property=\"og:image\" content=\"https:\/\/shop.bantam.ch\/wp-content\/uploads\/2024\/05\/Movera-L-9957949100.jpg\" \/>\n\t<meta property=\"og:image:width\" content=\"640\" \/>\n\t<meta property=\"og:image:height\" content=\"801\" \/>\n\t<meta property=\"og:image:type\" content=\"image\/jpeg\" \/>\n<meta name=\"twitter:card\" content=\"summary_large_image\" \/>\n<script type=\"application\/ld+json\" class=\"yoast-schema-graph\">{\"@context\":\"https:\\\/\\\/schema.org\",\"@graph\":[{\"@type\":\"WebPage\",\"@id\":\"https:\\\/\\\/shop.bantam.ch\\\/fr\\\/produit\\\/nettoyage-universel-caddy-maximex-coloris-bleu\\\/\",\"url\":\"https:\\\/\\\/shop.bantam.ch\\\/fr\\\/produit\\\/nettoyage-universel-caddy-maximex-coloris-bleu\\\/\",\"name\":\"Nettoyage universel Caddy Maximex, coloris bleu - Bantam\",\"isPartOf\":{\"@id\":\"https:\\\/\\\/shop.bantam.ch\\\/fr\\\/#website\"},\"primaryImageOfPage\":{\"@id\":\"https:\\\/\\\/shop.bantam.ch\\\/fr\\\/produit\\\/nettoyage-universel-caddy-maximex-coloris-bleu\\\/#primaryimage\"},\"image\":{\"@id\":\"https:\\\/\\\/shop.bantam.ch\\\/fr\\\/produit\\\/nettoyage-universel-caddy-maximex-coloris-bleu\\\/#primaryimage\"},\"thumbnailUrl\":\"https:\\\/\\\/shop.bantam.ch\\\/wp-content\\\/uploads\\\/2024\\\/09\\\/Movera-L-9957949100.jpg\",\"datePublished\":\"2024-05-15T13:47:01+00:00\",\"dateModified\":\"2026-05-02T21:02:02+00:00\",\"breadcrumb\":{\"@id\":\"https:\\\/\\\/shop.bantam.ch\\\/fr\\\/produit\\\/nettoyage-universel-caddy-maximex-coloris-bleu\\\/#breadcrumb\"},\"inLanguage\":\"fr-FR\",\"potentialAction\":[{\"@type\":\"ReadAction\",\"target\":[\"https:\\\/\\\/shop.bantam.ch\\\/fr\\\/produit\\\/nettoyage-universel-caddy-maximex-coloris-bleu\\\/\"]}]},{\"@type\":\"ImageObject\",\"inLanguage\":\"fr-FR\",\"@id\":\"https:\\\/\\\/shop.bantam.ch\\\/fr\\\/produit\\\/nettoyage-universel-caddy-maximex-coloris-bleu\\\/#primaryimage\",\"url\":\"https:\\\/\\\/shop.bantam.ch\\\/wp-content\\\/uploads\\\/2024\\\/09\\\/Movera-L-9957949100.jpg\",\"contentUrl\":\"https:\\\/\\\/shop.bantam.ch\\\/wp-content\\\/uploads\\\/2024\\\/09\\\/Movera-L-9957949100.jpg\",\"width\":640,\"height\":801},{\"@type\":\"BreadcrumbList\",\"@id\":\"https:\\\/\\\/shop.bantam.ch\\\/fr\\\/produit\\\/nettoyage-universel-caddy-maximex-coloris-bleu\\\/#breadcrumb\",\"itemListElement\":[{\"@type\":\"ListItem\",\"position\":1,\"name\":\"Accueil\",\"item\":\"https:\\\/\\\/shop.bantam.ch\\\/fr\\\/\"},{\"@type\":\"ListItem\",\"position\":2,\"name\":\"Boutique\",\"item\":\"https:\\\/\\\/shop.bantam.ch\\\/fr\\\/boutique\\\/\"},{\"@type\":\"ListItem\",\"position\":3,\"name\":\"Nettoyage universel Caddy Maximex, coloris bleu\"}]},{\"@type\":\"WebSite\",\"@id\":\"https:\\\/\\\/shop.bantam.ch\\\/fr\\\/#website\",\"url\":\"https:\\\/\\\/shop.bantam.ch\\\/fr\\\/\",\"name\":\"Bantam\",\"description\":\"\",\"publisher\":{\"@id\":\"https:\\\/\\\/shop.bantam.ch\\\/fr\\\/#organization\"},\"inLanguage\":\"fr-FR\"},{\"@type\":\"Organization\",\"@id\":\"https:\\\/\\\/shop.bantam.ch\\\/fr\\\/#organization\",\"name\":\"Bantam\",\"url\":\"https:\\\/\\\/shop.bantam.ch\\\/fr\\\/\",\"logo\":{\"@type\":\"ImageObject\",\"inLanguage\":\"fr-FR\",\"@id\":\"https:\\\/\\\/shop.bantam.ch\\\/fr\\\/#\\\/schema\\\/logo\\\/image\\\/\",\"url\":\"https:\\\/\\\/shop.bantam.ch\\\/wp-content\\\/uploads\\\/2022\\\/12\\\/bantam-logo.png\",\"contentUrl\":\"https:\\\/\\\/shop.bantam.ch\\\/wp-content\\\/uploads\\\/2022\\\/12\\\/bantam-logo.png\",\"width\":320,\"height\":71,\"caption\":\"Bantam\"},\"image\":{\"@id\":\"https:\\\/\\\/shop.bantam.ch\\\/fr\\\/#\\\/schema\\\/logo\\\/image\\\/\"}}]}<\/script>\n<!-- \/ Yoast SEO plugin. -->","yoast_head_json":{"title":"Nettoyage universel Caddy Maximex, coloris bleu - Bantam","robots":{"index":"index","follow":"follow","max-snippet":"max-snippet:-1","max-image-preview":"max-image-preview:large","max-video-preview":"max-video-preview:-1"},"canonical":"https:\/\/shop.bantam.ch\/fr\/produit\/nettoyage-universel-caddy-maximex-coloris-bleu\/","og_locale":"fr_FR","og_type":"article","og_title":"Nettoyage universel Caddy Maximex, coloris bleu - Bantam","og_description":"Toujours bien \u00e9quip\u00e9 pour le nettoyage de la maison ! Le chariot de nettoyage universel est un panier de rangement pratique pour vos produits de nettoyage et d&rsquo;entretien. Tous les ustensiles sont r\u00e9unis de mani\u00e8re claire au m\u00eame endroit et toujours \u00e0 port\u00e9e de main. Assure l&rsquo;ordre dans la maison, la voiture ou l&rsquo;atelier. Avec [&hellip;]","og_url":"https:\/\/shop.bantam.ch\/fr\/produit\/nettoyage-universel-caddy-maximex-coloris-bleu\/","og_site_name":"Bantam","article_modified_time":"2026-05-02T21:02:02+00:00","og_image":[{"width":640,"height":801,"url":"https:\/\/shop.bantam.ch\/wp-content\/uploads\/2024\/05\/Movera-L-9957949100.jpg","type":"image\/jpeg"}],"twitter_card":"summary_large_image","schema":{"@context":"https:\/\/schema.org","@graph":[{"@type":"WebPage","@id":"https:\/\/shop.bantam.ch\/fr\/produit\/nettoyage-universel-caddy-maximex-coloris-bleu\/","url":"https:\/\/shop.bantam.ch\/fr\/produit\/nettoyage-universel-caddy-maximex-coloris-bleu\/","name":"Nettoyage universel Caddy Maximex, coloris bleu - Bantam","isPartOf":{"@id":"https:\/\/shop.bantam.ch\/fr\/#website"},"primaryImageOfPage":{"@id":"https:\/\/shop.bantam.ch\/fr\/produit\/nettoyage-universel-caddy-maximex-coloris-bleu\/#primaryimage"},"image":{"@id":"https:\/\/shop.bantam.ch\/fr\/produit\/nettoyage-universel-caddy-maximex-coloris-bleu\/#primaryimage"},"thumbnailUrl":"https:\/\/shop.bantam.ch\/wp-content\/uploads\/2024\/09\/Movera-L-9957949100.jpg","datePublished":"2024-05-15T13:47:01+00:00","dateModified":"2026-05-02T21:02:02+00:00","breadcrumb":{"@id":"https:\/\/shop.bantam.ch\/fr\/produit\/nettoyage-universel-caddy-maximex-coloris-bleu\/#breadcrumb"},"inLanguage":"fr-FR","potentialAction":[{"@type":"ReadAction","target":["https:\/\/shop.bantam.ch\/fr\/produit\/nettoyage-universel-caddy-maximex-coloris-bleu\/"]}]},{"@type":"ImageObject","inLanguage":"fr-FR","@id":"https:\/\/shop.bantam.ch\/fr\/produit\/nettoyage-universel-caddy-maximex-coloris-bleu\/#primaryimage","url":"https:\/\/shop.bantam.ch\/wp-content\/uploads\/2024\/09\/Movera-L-9957949100.jpg","contentUrl":"https:\/\/shop.bantam.ch\/wp-content\/uploads\/2024\/09\/Movera-L-9957949100.jpg","width":640,"height":801},{"@type":"BreadcrumbList","@id":"https:\/\/shop.bantam.ch\/fr\/produit\/nettoyage-universel-caddy-maximex-coloris-bleu\/#breadcrumb","itemListElement":[{"@type":"ListItem","position":1,"name":"Accueil","item":"https:\/\/shop.bantam.ch\/fr\/"},{"@type":"ListItem","position":2,"name":"Boutique","item":"https:\/\/shop.bantam.ch\/fr\/boutique\/"},{"@type":"ListItem","position":3,"name":"Nettoyage universel Caddy Maximex, coloris bleu"}]},{"@type":"WebSite","@id":"https:\/\/shop.bantam.ch\/fr\/#website","url":"https:\/\/shop.bantam.ch\/fr\/","name":"Bantam","description":"","publisher":{"@id":"https:\/\/shop.bantam.ch\/fr\/#organization"},"inLanguage":"fr-FR"},{"@type":"Organization","@id":"https:\/\/shop.bantam.ch\/fr\/#organization","name":"Bantam","url":"https:\/\/shop.bantam.ch\/fr\/","logo":{"@type":"ImageObject","inLanguage":"fr-FR","@id":"https:\/\/shop.bantam.ch\/fr\/#\/schema\/logo\/image\/","url":"https:\/\/shop.bantam.ch\/wp-content\/uploads\/2022\/12\/bantam-logo.png","contentUrl":"https:\/\/shop.bantam.ch\/wp-content\/uploads\/2022\/12\/bantam-logo.png","width":320,"height":71,"caption":"Bantam"},"image":{"@id":"https:\/\/shop.bantam.ch\/fr\/#\/schema\/logo\/image\/"}}]}},"_links":{"self":[{"href":"https:\/\/shop.bantam.ch\/fr\/wp-json\/wp\/v2\/product\/195972","targetHints":{"allow":["GET"]}}],"collection":[{"href":"https:\/\/shop.bantam.ch\/fr\/wp-json\/wp\/v2\/product"}],"about":[{"href":"https:\/\/shop.bantam.ch\/fr\/wp-json\/wp\/v2\/types\/product"}],"wp:featuredmedia":[{"embeddable":true,"href":"https:\/\/shop.bantam.ch\/fr\/wp-json\/wp\/v2\/media\/206760"}],"wp:attachment":[{"href":"https:\/\/shop.bantam.ch\/fr\/wp-json\/wp\/v2\/media?parent=195972"}],"wp:term":[{"taxonomy":"product_featured_cat","embeddable":true,"href":"https:\/\/shop.bantam.ch\/fr\/wp-json\/wp\/v2\/product_featured_cat?post=195972"},{"taxonomy":"product_brand","embeddable":true,"href":"https:\/\/shop.bantam.ch\/fr\/wp-json\/wp\/v2\/product_brand?post=195972"},{"taxonomy":"product_cat","embeddable":true,"href":"https:\/\/shop.bantam.ch\/fr\/wp-json\/wp\/v2\/product_cat?post=195972"},{"taxonomy":"product_tag","embeddable":true,"href":"https:\/\/shop.bantam.ch\/fr\/wp-json\/wp\/v2\/product_tag?post=195972"}],"curies":[{"name":"wp","href":"https:\/\/api.w.org\/{rel}","templated":true}]}}