{"id":195954,"date":"2024-05-15T15:46:38","date_gmt":"2024-05-15T13:46:38","guid":{"rendered":"https:\/\/shop.bantam.ch\/produit\/panier-en-feutre-maximex-feli-3-pieces-gris\/"},"modified":"2026-05-02T23:01:55","modified_gmt":"2026-05-02T21:01:55","slug":"panier-en-feutre-maximex-feli-3-pieces-gris","status":"publish","type":"product","link":"https:\/\/shop.bantam.ch\/fr\/produit\/panier-en-feutre-maximex-feli-3-pieces-gris\/","title":{"rendered":"Panier en feutre Maximex Feli 3 pi\u00e8ces, gris"},"content":{"rendered":"<p>Avec leur aspect feutr\u00e9 attrayant, ces corbeilles de rangement enrichissent chaque ambiance avec style. Une boucle en similicuir marron sur le rebord ainsi qu&rsquo;une autre application cousue conf\u00e8rent \u00e0 ces aides au rangement un charme tout particulier. De plus, les corbeilles en feutre disposent d&rsquo;un grand volume de rangement et sont disponibles en 3 tailles pratiques :<\/p>\n<ul>\n<li>Taille S (2,8 l) : Id\u00e9al pour les serviettes d&rsquo;invit\u00e9s ou les ustensiles de maquillage dans la salle de bain ou encore les t\u00e9l\u00e9commandes dans le salon, etc.<\/li>\n<li>Taille M (6,1 l) : Parfait pour ranger de la laine, des accessoires de v\u00eatements ou encore des fournitures de bureau.<\/li>\n<li>Taille L (10,2 l) : Rangement s\u00fbr pour les magazines, les jouets, etc.<\/li>\n<\/ul>\n<p>Selon les besoins, le rebord peut \u00eatre rabattu pour ranger en toute s\u00e9curit\u00e9 des ustensiles plus longs ou plus hauts. Id\u00e9al pour la cuisine, la salle de bain et le salon.<\/p>\n<p>&nbsp;<\/p>\n<p>Contenu :<br \/>\n3 pi\u00e8ces<\/p>\n","protected":false},"excerpt":{"rendered":"<p>Avec leur aspect feutr\u00e9 attrayant, ces corbeilles de rangement enrichissent chaque ambiance avec style. Une boucle en similicuir marron sur le rebord ainsi qu&rsquo;une autre application cousue conf\u00e8rent \u00e0 ces aides au rangement un charme tout particulier. De plus, les corbeilles en feutre disposent d&rsquo;un grand volume de rangement et sont disponibles en 3 tailles [&hellip;]<\/p>\n","protected":false},"featured_media":195948,"template":"","meta":{"_acf_changed":false},"product_featured_cat":[],"product_brand":[5229],"product_cat":[4319],"product_tag":[],"class_list":{"0":"post-195954","1":"product","2":"type-product","3":"status-publish","4":"has-post-thumbnail","6":"product_brand-maximex","7":"product_cat-boites-et-paniers","9":"first","10":"instock","11":"taxable","12":"shipping-taxable","13":"purchasable","14":"product-type-simple"},"acf":[],"yoast_head":"<!-- This site is optimized with the Yoast SEO plugin v27.5 - https:\/\/yoast.com\/product\/yoast-seo-wordpress\/ -->\n<title>Panier en feutre Maximex Feli 3 pi\u00e8ces, gris - Bantam<\/title>\n<meta name=\"robots\" content=\"index, follow, max-snippet:-1, max-image-preview:large, max-video-preview:-1\" \/>\n<link rel=\"canonical\" href=\"https:\/\/shop.bantam.ch\/fr\/produit\/panier-en-feutre-maximex-feli-3-pieces-gris\/\" \/>\n<meta property=\"og:locale\" content=\"fr_FR\" \/>\n<meta property=\"og:type\" content=\"article\" \/>\n<meta property=\"og:title\" content=\"Panier en feutre Maximex Feli 3 pi\u00e8ces, gris - Bantam\" \/>\n<meta property=\"og:description\" content=\"Avec leur aspect feutr\u00e9 attrayant, ces corbeilles de rangement enrichissent chaque ambiance avec style. Une boucle en similicuir marron sur le rebord ainsi qu&rsquo;une autre application cousue conf\u00e8rent \u00e0 ces aides au rangement un charme tout particulier. De plus, les corbeilles en feutre disposent d&rsquo;un grand volume de rangement et sont disponibles en 3 tailles [&hellip;]\" \/>\n<meta property=\"og:url\" content=\"https:\/\/shop.bantam.ch\/fr\/produit\/panier-en-feutre-maximex-feli-3-pieces-gris\/\" \/>\n<meta property=\"og:site_name\" content=\"Bantam\" \/>\n<meta property=\"article:modified_time\" content=\"2026-05-02T21:01:55+00:00\" \/>\n<meta property=\"og:image\" content=\"https:\/\/shop.bantam.ch\/wp-content\/uploads\/2024\/05\/Movera-L-9957946100.jpg\" \/>\n\t<meta property=\"og:image:width\" content=\"640\" \/>\n\t<meta property=\"og:image:height\" content=\"374\" \/>\n\t<meta property=\"og:image:type\" content=\"image\/jpeg\" \/>\n<meta name=\"twitter:card\" content=\"summary_large_image\" \/>\n<meta name=\"twitter:label1\" content=\"Dur\u00e9e de lecture estim\u00e9e\" \/>\n\t<meta name=\"twitter:data1\" content=\"1 minute\" \/>\n<script type=\"application\/ld+json\" class=\"yoast-schema-graph\">{\"@context\":\"https:\\\/\\\/schema.org\",\"@graph\":[{\"@type\":\"WebPage\",\"@id\":\"https:\\\/\\\/shop.bantam.ch\\\/fr\\\/produit\\\/panier-en-feutre-maximex-feli-3-pieces-gris\\\/\",\"url\":\"https:\\\/\\\/shop.bantam.ch\\\/fr\\\/produit\\\/panier-en-feutre-maximex-feli-3-pieces-gris\\\/\",\"name\":\"Panier en feutre Maximex Feli 3 pi\u00e8ces, gris - Bantam\",\"isPartOf\":{\"@id\":\"https:\\\/\\\/shop.bantam.ch\\\/fr\\\/#website\"},\"primaryImageOfPage\":{\"@id\":\"https:\\\/\\\/shop.bantam.ch\\\/fr\\\/produit\\\/panier-en-feutre-maximex-feli-3-pieces-gris\\\/#primaryimage\"},\"image\":{\"@id\":\"https:\\\/\\\/shop.bantam.ch\\\/fr\\\/produit\\\/panier-en-feutre-maximex-feli-3-pieces-gris\\\/#primaryimage\"},\"thumbnailUrl\":\"https:\\\/\\\/shop.bantam.ch\\\/wp-content\\\/uploads\\\/2024\\\/05\\\/Movera-L-9957946100.jpg\",\"datePublished\":\"2024-05-15T13:46:38+00:00\",\"dateModified\":\"2026-05-02T21:01:55+00:00\",\"breadcrumb\":{\"@id\":\"https:\\\/\\\/shop.bantam.ch\\\/fr\\\/produit\\\/panier-en-feutre-maximex-feli-3-pieces-gris\\\/#breadcrumb\"},\"inLanguage\":\"fr-FR\",\"potentialAction\":[{\"@type\":\"ReadAction\",\"target\":[\"https:\\\/\\\/shop.bantam.ch\\\/fr\\\/produit\\\/panier-en-feutre-maximex-feli-3-pieces-gris\\\/\"]}]},{\"@type\":\"ImageObject\",\"inLanguage\":\"fr-FR\",\"@id\":\"https:\\\/\\\/shop.bantam.ch\\\/fr\\\/produit\\\/panier-en-feutre-maximex-feli-3-pieces-gris\\\/#primaryimage\",\"url\":\"https:\\\/\\\/shop.bantam.ch\\\/wp-content\\\/uploads\\\/2024\\\/05\\\/Movera-L-9957946100.jpg\",\"contentUrl\":\"https:\\\/\\\/shop.bantam.ch\\\/wp-content\\\/uploads\\\/2024\\\/05\\\/Movera-L-9957946100.jpg\",\"width\":640,\"height\":374},{\"@type\":\"BreadcrumbList\",\"@id\":\"https:\\\/\\\/shop.bantam.ch\\\/fr\\\/produit\\\/panier-en-feutre-maximex-feli-3-pieces-gris\\\/#breadcrumb\",\"itemListElement\":[{\"@type\":\"ListItem\",\"position\":1,\"name\":\"Accueil\",\"item\":\"https:\\\/\\\/shop.bantam.ch\\\/fr\\\/\"},{\"@type\":\"ListItem\",\"position\":2,\"name\":\"Boutique\",\"item\":\"https:\\\/\\\/shop.bantam.ch\\\/fr\\\/boutique\\\/\"},{\"@type\":\"ListItem\",\"position\":3,\"name\":\"Panier en feutre Maximex Feli 3 pi\u00e8ces, gris\"}]},{\"@type\":\"WebSite\",\"@id\":\"https:\\\/\\\/shop.bantam.ch\\\/fr\\\/#website\",\"url\":\"https:\\\/\\\/shop.bantam.ch\\\/fr\\\/\",\"name\":\"Bantam\",\"description\":\"\",\"publisher\":{\"@id\":\"https:\\\/\\\/shop.bantam.ch\\\/fr\\\/#organization\"},\"inLanguage\":\"fr-FR\"},{\"@type\":\"Organization\",\"@id\":\"https:\\\/\\\/shop.bantam.ch\\\/fr\\\/#organization\",\"name\":\"Bantam\",\"url\":\"https:\\\/\\\/shop.bantam.ch\\\/fr\\\/\",\"logo\":{\"@type\":\"ImageObject\",\"inLanguage\":\"fr-FR\",\"@id\":\"https:\\\/\\\/shop.bantam.ch\\\/fr\\\/#\\\/schema\\\/logo\\\/image\\\/\",\"url\":\"https:\\\/\\\/shop.bantam.ch\\\/wp-content\\\/uploads\\\/2022\\\/12\\\/bantam-logo.png\",\"contentUrl\":\"https:\\\/\\\/shop.bantam.ch\\\/wp-content\\\/uploads\\\/2022\\\/12\\\/bantam-logo.png\",\"width\":320,\"height\":71,\"caption\":\"Bantam\"},\"image\":{\"@id\":\"https:\\\/\\\/shop.bantam.ch\\\/fr\\\/#\\\/schema\\\/logo\\\/image\\\/\"}}]}<\/script>\n<!-- \/ Yoast SEO plugin. -->","yoast_head_json":{"title":"Panier en feutre Maximex Feli 3 pi\u00e8ces, gris - Bantam","robots":{"index":"index","follow":"follow","max-snippet":"max-snippet:-1","max-image-preview":"max-image-preview:large","max-video-preview":"max-video-preview:-1"},"canonical":"https:\/\/shop.bantam.ch\/fr\/produit\/panier-en-feutre-maximex-feli-3-pieces-gris\/","og_locale":"fr_FR","og_type":"article","og_title":"Panier en feutre Maximex Feli 3 pi\u00e8ces, gris - Bantam","og_description":"Avec leur aspect feutr\u00e9 attrayant, ces corbeilles de rangement enrichissent chaque ambiance avec style. Une boucle en similicuir marron sur le rebord ainsi qu&rsquo;une autre application cousue conf\u00e8rent \u00e0 ces aides au rangement un charme tout particulier. De plus, les corbeilles en feutre disposent d&rsquo;un grand volume de rangement et sont disponibles en 3 tailles [&hellip;]","og_url":"https:\/\/shop.bantam.ch\/fr\/produit\/panier-en-feutre-maximex-feli-3-pieces-gris\/","og_site_name":"Bantam","article_modified_time":"2026-05-02T21:01:55+00:00","og_image":[{"width":640,"height":374,"url":"https:\/\/shop.bantam.ch\/wp-content\/uploads\/2024\/05\/Movera-L-9957946100.jpg","type":"image\/jpeg"}],"twitter_card":"summary_large_image","twitter_misc":{"Dur\u00e9e de lecture estim\u00e9e":"1 minute"},"schema":{"@context":"https:\/\/schema.org","@graph":[{"@type":"WebPage","@id":"https:\/\/shop.bantam.ch\/fr\/produit\/panier-en-feutre-maximex-feli-3-pieces-gris\/","url":"https:\/\/shop.bantam.ch\/fr\/produit\/panier-en-feutre-maximex-feli-3-pieces-gris\/","name":"Panier en feutre Maximex Feli 3 pi\u00e8ces, gris - Bantam","isPartOf":{"@id":"https:\/\/shop.bantam.ch\/fr\/#website"},"primaryImageOfPage":{"@id":"https:\/\/shop.bantam.ch\/fr\/produit\/panier-en-feutre-maximex-feli-3-pieces-gris\/#primaryimage"},"image":{"@id":"https:\/\/shop.bantam.ch\/fr\/produit\/panier-en-feutre-maximex-feli-3-pieces-gris\/#primaryimage"},"thumbnailUrl":"https:\/\/shop.bantam.ch\/wp-content\/uploads\/2024\/05\/Movera-L-9957946100.jpg","datePublished":"2024-05-15T13:46:38+00:00","dateModified":"2026-05-02T21:01:55+00:00","breadcrumb":{"@id":"https:\/\/shop.bantam.ch\/fr\/produit\/panier-en-feutre-maximex-feli-3-pieces-gris\/#breadcrumb"},"inLanguage":"fr-FR","potentialAction":[{"@type":"ReadAction","target":["https:\/\/shop.bantam.ch\/fr\/produit\/panier-en-feutre-maximex-feli-3-pieces-gris\/"]}]},{"@type":"ImageObject","inLanguage":"fr-FR","@id":"https:\/\/shop.bantam.ch\/fr\/produit\/panier-en-feutre-maximex-feli-3-pieces-gris\/#primaryimage","url":"https:\/\/shop.bantam.ch\/wp-content\/uploads\/2024\/05\/Movera-L-9957946100.jpg","contentUrl":"https:\/\/shop.bantam.ch\/wp-content\/uploads\/2024\/05\/Movera-L-9957946100.jpg","width":640,"height":374},{"@type":"BreadcrumbList","@id":"https:\/\/shop.bantam.ch\/fr\/produit\/panier-en-feutre-maximex-feli-3-pieces-gris\/#breadcrumb","itemListElement":[{"@type":"ListItem","position":1,"name":"Accueil","item":"https:\/\/shop.bantam.ch\/fr\/"},{"@type":"ListItem","position":2,"name":"Boutique","item":"https:\/\/shop.bantam.ch\/fr\/boutique\/"},{"@type":"ListItem","position":3,"name":"Panier en feutre Maximex Feli 3 pi\u00e8ces, gris"}]},{"@type":"WebSite","@id":"https:\/\/shop.bantam.ch\/fr\/#website","url":"https:\/\/shop.bantam.ch\/fr\/","name":"Bantam","description":"","publisher":{"@id":"https:\/\/shop.bantam.ch\/fr\/#organization"},"inLanguage":"fr-FR"},{"@type":"Organization","@id":"https:\/\/shop.bantam.ch\/fr\/#organization","name":"Bantam","url":"https:\/\/shop.bantam.ch\/fr\/","logo":{"@type":"ImageObject","inLanguage":"fr-FR","@id":"https:\/\/shop.bantam.ch\/fr\/#\/schema\/logo\/image\/","url":"https:\/\/shop.bantam.ch\/wp-content\/uploads\/2022\/12\/bantam-logo.png","contentUrl":"https:\/\/shop.bantam.ch\/wp-content\/uploads\/2022\/12\/bantam-logo.png","width":320,"height":71,"caption":"Bantam"},"image":{"@id":"https:\/\/shop.bantam.ch\/fr\/#\/schema\/logo\/image\/"}}]}},"_links":{"self":[{"href":"https:\/\/shop.bantam.ch\/fr\/wp-json\/wp\/v2\/product\/195954","targetHints":{"allow":["GET"]}}],"collection":[{"href":"https:\/\/shop.bantam.ch\/fr\/wp-json\/wp\/v2\/product"}],"about":[{"href":"https:\/\/shop.bantam.ch\/fr\/wp-json\/wp\/v2\/types\/product"}],"wp:featuredmedia":[{"embeddable":true,"href":"https:\/\/shop.bantam.ch\/fr\/wp-json\/wp\/v2\/media\/195948"}],"wp:attachment":[{"href":"https:\/\/shop.bantam.ch\/fr\/wp-json\/wp\/v2\/media?parent=195954"}],"wp:term":[{"taxonomy":"product_featured_cat","embeddable":true,"href":"https:\/\/shop.bantam.ch\/fr\/wp-json\/wp\/v2\/product_featured_cat?post=195954"},{"taxonomy":"product_brand","embeddable":true,"href":"https:\/\/shop.bantam.ch\/fr\/wp-json\/wp\/v2\/product_brand?post=195954"},{"taxonomy":"product_cat","embeddable":true,"href":"https:\/\/shop.bantam.ch\/fr\/wp-json\/wp\/v2\/product_cat?post=195954"},{"taxonomy":"product_tag","embeddable":true,"href":"https:\/\/shop.bantam.ch\/fr\/wp-json\/wp\/v2\/product_tag?post=195954"}],"curies":[{"name":"wp","href":"https:\/\/api.w.org\/{rel}","templated":true}]}}