{"id":195938,"date":"2024-05-15T15:46:23","date_gmt":"2024-05-15T13:46:23","guid":{"rendered":"https:\/\/shop.bantam.ch\/produit\/tapis-egouttoir-maximex-nelia-avec-cadre-coloris-noir\/"},"modified":"2026-05-02T23:01:54","modified_gmt":"2026-05-02T21:01:54","slug":"tapis-egouttoir-maximex-nelia-avec-cadre-coloris-noir","status":"publish","type":"product","link":"https:\/\/shop.bantam.ch\/fr\/produit\/tapis-egouttoir-maximex-nelia-avec-cadre-coloris-noir\/","title":{"rendered":"Tapis \u00e9gouttoir Maximex Nelia avec cadre coloris noir"},"content":{"rendered":"<p>Sur 2 \u00e9tages, l&rsquo;\u00e9gouttoir \u00e0 vaisselle offre beaucoup de place pour les assiettes, tasses &amp; Co. : sur le niveau sup\u00e9rieur, on peut d\u00e9poser jusqu&rsquo;\u00e0 21 assiettes pour les faire s\u00e9cher. Le bord caoutchout\u00e9 maintient la vaisselle en toute s\u00e9curit\u00e9 et avec m\u00e9nagement. Le niveau inf\u00e9rieur d\u00e9pliable peut \u00e9galement accueillir jusqu&rsquo;\u00e0 4 tasses normales, 5 verres ou, au choix, des bols plus petits et jusqu&rsquo;\u00e0 21 soucoupes. Avec des pieds antid\u00e9rapants. Le tapis d&rsquo;\u00e9gouttage \u00e0 surface inclin\u00e9e et les goutti\u00e8res d&rsquo;\u00e9coulement avec \u00ab\u00a0bec verseur\u00a0\u00bb assurent un \u00e9coulement optimal de l&rsquo;eau. L&rsquo;eau peut s&rsquo;\u00e9couler directement dans l&rsquo;\u00e9vier, la vaisselle et les couverts s\u00e8chent plus rapidement. La surface structur\u00e9e du tapis assure en outre une bonne circulation de l&rsquo;air et favorise le processus de s\u00e9chage. Id\u00e9al pour l&rsquo;extension lat\u00e9rale de l&rsquo;\u00e9vier, le plan de travail reste propre et sec. L&rsquo;\u00e9gouttoir \u00e0 vaisselle et le tapis d&rsquo;\u00e9gouttage peuvent \u00e9galement \u00eatre utilis\u00e9s s\u00e9par\u00e9ment. Pliable pour un gain de place.<br \/>\n&nbsp;<\/p>\n","protected":false},"excerpt":{"rendered":"<p>Sur 2 \u00e9tages, l&rsquo;\u00e9gouttoir \u00e0 vaisselle offre beaucoup de place pour les assiettes, tasses &amp; Co. : sur le niveau sup\u00e9rieur, on peut d\u00e9poser jusqu&rsquo;\u00e0 21 assiettes pour les faire s\u00e9cher. Le bord caoutchout\u00e9 maintient la vaisselle en toute s\u00e9curit\u00e9 et avec m\u00e9nagement. Le niveau inf\u00e9rieur d\u00e9pliable peut \u00e9galement accueillir jusqu&rsquo;\u00e0 4 tasses normales, 5 [&hellip;]<\/p>\n","protected":false},"featured_media":206752,"template":"","meta":{"_acf_changed":false},"product_featured_cat":[],"product_brand":[5229],"product_cat":[4289],"product_tag":[],"class_list":{"0":"post-195938","1":"product","2":"type-product","3":"status-publish","4":"has-post-thumbnail","6":"product_brand-maximex","7":"product_cat-rincage-et-nettoyage","9":"first","10":"instock","11":"taxable","12":"shipping-taxable","13":"purchasable","14":"product-type-simple"},"acf":[],"yoast_head":"<!-- This site is optimized with the Yoast SEO plugin v27.5 - https:\/\/yoast.com\/product\/yoast-seo-wordpress\/ -->\n<title>Tapis \u00e9gouttoir Maximex Nelia avec cadre coloris noir - Bantam<\/title>\n<meta name=\"robots\" content=\"index, follow, max-snippet:-1, max-image-preview:large, max-video-preview:-1\" \/>\n<link rel=\"canonical\" href=\"https:\/\/shop.bantam.ch\/fr\/produit\/tapis-egouttoir-maximex-nelia-avec-cadre-coloris-noir\/\" \/>\n<meta property=\"og:locale\" content=\"fr_FR\" \/>\n<meta property=\"og:type\" content=\"article\" \/>\n<meta property=\"og:title\" content=\"Tapis \u00e9gouttoir Maximex Nelia avec cadre coloris noir - Bantam\" \/>\n<meta property=\"og:description\" content=\"Sur 2 \u00e9tages, l&rsquo;\u00e9gouttoir \u00e0 vaisselle offre beaucoup de place pour les assiettes, tasses &amp; Co. : sur le niveau sup\u00e9rieur, on peut d\u00e9poser jusqu&rsquo;\u00e0 21 assiettes pour les faire s\u00e9cher. Le bord caoutchout\u00e9 maintient la vaisselle en toute s\u00e9curit\u00e9 et avec m\u00e9nagement. Le niveau inf\u00e9rieur d\u00e9pliable peut \u00e9galement accueillir jusqu&rsquo;\u00e0 4 tasses normales, 5 [&hellip;]\" \/>\n<meta property=\"og:url\" content=\"https:\/\/shop.bantam.ch\/fr\/produit\/tapis-egouttoir-maximex-nelia-avec-cadre-coloris-noir\/\" \/>\n<meta property=\"og:site_name\" content=\"Bantam\" \/>\n<meta property=\"article:modified_time\" content=\"2026-05-02T21:01:54+00:00\" \/>\n<meta property=\"og:image\" content=\"https:\/\/shop.bantam.ch\/wp-content\/uploads\/2024\/05\/Movera-L-9957944100.jpg\" \/>\n\t<meta property=\"og:image:width\" content=\"640\" \/>\n\t<meta property=\"og:image:height\" content=\"520\" \/>\n\t<meta property=\"og:image:type\" content=\"image\/jpeg\" \/>\n<meta name=\"twitter:card\" content=\"summary_large_image\" \/>\n<meta name=\"twitter:label1\" content=\"Dur\u00e9e de lecture estim\u00e9e\" \/>\n\t<meta name=\"twitter:data1\" content=\"1 minute\" \/>\n<script type=\"application\/ld+json\" class=\"yoast-schema-graph\">{\"@context\":\"https:\\\/\\\/schema.org\",\"@graph\":[{\"@type\":\"WebPage\",\"@id\":\"https:\\\/\\\/shop.bantam.ch\\\/fr\\\/produit\\\/tapis-egouttoir-maximex-nelia-avec-cadre-coloris-noir\\\/\",\"url\":\"https:\\\/\\\/shop.bantam.ch\\\/fr\\\/produit\\\/tapis-egouttoir-maximex-nelia-avec-cadre-coloris-noir\\\/\",\"name\":\"Tapis \u00e9gouttoir Maximex Nelia avec cadre coloris noir - Bantam\",\"isPartOf\":{\"@id\":\"https:\\\/\\\/shop.bantam.ch\\\/fr\\\/#website\"},\"primaryImageOfPage\":{\"@id\":\"https:\\\/\\\/shop.bantam.ch\\\/fr\\\/produit\\\/tapis-egouttoir-maximex-nelia-avec-cadre-coloris-noir\\\/#primaryimage\"},\"image\":{\"@id\":\"https:\\\/\\\/shop.bantam.ch\\\/fr\\\/produit\\\/tapis-egouttoir-maximex-nelia-avec-cadre-coloris-noir\\\/#primaryimage\"},\"thumbnailUrl\":\"https:\\\/\\\/shop.bantam.ch\\\/wp-content\\\/uploads\\\/2024\\\/09\\\/Movera-L-9957944100.jpg\",\"datePublished\":\"2024-05-15T13:46:23+00:00\",\"dateModified\":\"2026-05-02T21:01:54+00:00\",\"breadcrumb\":{\"@id\":\"https:\\\/\\\/shop.bantam.ch\\\/fr\\\/produit\\\/tapis-egouttoir-maximex-nelia-avec-cadre-coloris-noir\\\/#breadcrumb\"},\"inLanguage\":\"fr-FR\",\"potentialAction\":[{\"@type\":\"ReadAction\",\"target\":[\"https:\\\/\\\/shop.bantam.ch\\\/fr\\\/produit\\\/tapis-egouttoir-maximex-nelia-avec-cadre-coloris-noir\\\/\"]}]},{\"@type\":\"ImageObject\",\"inLanguage\":\"fr-FR\",\"@id\":\"https:\\\/\\\/shop.bantam.ch\\\/fr\\\/produit\\\/tapis-egouttoir-maximex-nelia-avec-cadre-coloris-noir\\\/#primaryimage\",\"url\":\"https:\\\/\\\/shop.bantam.ch\\\/wp-content\\\/uploads\\\/2024\\\/09\\\/Movera-L-9957944100.jpg\",\"contentUrl\":\"https:\\\/\\\/shop.bantam.ch\\\/wp-content\\\/uploads\\\/2024\\\/09\\\/Movera-L-9957944100.jpg\",\"width\":640,\"height\":520},{\"@type\":\"BreadcrumbList\",\"@id\":\"https:\\\/\\\/shop.bantam.ch\\\/fr\\\/produit\\\/tapis-egouttoir-maximex-nelia-avec-cadre-coloris-noir\\\/#breadcrumb\",\"itemListElement\":[{\"@type\":\"ListItem\",\"position\":1,\"name\":\"Accueil\",\"item\":\"https:\\\/\\\/shop.bantam.ch\\\/fr\\\/\"},{\"@type\":\"ListItem\",\"position\":2,\"name\":\"Boutique\",\"item\":\"https:\\\/\\\/shop.bantam.ch\\\/fr\\\/boutique\\\/\"},{\"@type\":\"ListItem\",\"position\":3,\"name\":\"Tapis \u00e9gouttoir Maximex Nelia avec cadre coloris noir\"}]},{\"@type\":\"WebSite\",\"@id\":\"https:\\\/\\\/shop.bantam.ch\\\/fr\\\/#website\",\"url\":\"https:\\\/\\\/shop.bantam.ch\\\/fr\\\/\",\"name\":\"Bantam\",\"description\":\"\",\"publisher\":{\"@id\":\"https:\\\/\\\/shop.bantam.ch\\\/fr\\\/#organization\"},\"inLanguage\":\"fr-FR\"},{\"@type\":\"Organization\",\"@id\":\"https:\\\/\\\/shop.bantam.ch\\\/fr\\\/#organization\",\"name\":\"Bantam\",\"url\":\"https:\\\/\\\/shop.bantam.ch\\\/fr\\\/\",\"logo\":{\"@type\":\"ImageObject\",\"inLanguage\":\"fr-FR\",\"@id\":\"https:\\\/\\\/shop.bantam.ch\\\/fr\\\/#\\\/schema\\\/logo\\\/image\\\/\",\"url\":\"https:\\\/\\\/shop.bantam.ch\\\/wp-content\\\/uploads\\\/2022\\\/12\\\/bantam-logo.png\",\"contentUrl\":\"https:\\\/\\\/shop.bantam.ch\\\/wp-content\\\/uploads\\\/2022\\\/12\\\/bantam-logo.png\",\"width\":320,\"height\":71,\"caption\":\"Bantam\"},\"image\":{\"@id\":\"https:\\\/\\\/shop.bantam.ch\\\/fr\\\/#\\\/schema\\\/logo\\\/image\\\/\"}}]}<\/script>\n<!-- \/ Yoast SEO plugin. -->","yoast_head_json":{"title":"Tapis \u00e9gouttoir Maximex Nelia avec cadre coloris noir - Bantam","robots":{"index":"index","follow":"follow","max-snippet":"max-snippet:-1","max-image-preview":"max-image-preview:large","max-video-preview":"max-video-preview:-1"},"canonical":"https:\/\/shop.bantam.ch\/fr\/produit\/tapis-egouttoir-maximex-nelia-avec-cadre-coloris-noir\/","og_locale":"fr_FR","og_type":"article","og_title":"Tapis \u00e9gouttoir Maximex Nelia avec cadre coloris noir - Bantam","og_description":"Sur 2 \u00e9tages, l&rsquo;\u00e9gouttoir \u00e0 vaisselle offre beaucoup de place pour les assiettes, tasses &amp; Co. : sur le niveau sup\u00e9rieur, on peut d\u00e9poser jusqu&rsquo;\u00e0 21 assiettes pour les faire s\u00e9cher. Le bord caoutchout\u00e9 maintient la vaisselle en toute s\u00e9curit\u00e9 et avec m\u00e9nagement. Le niveau inf\u00e9rieur d\u00e9pliable peut \u00e9galement accueillir jusqu&rsquo;\u00e0 4 tasses normales, 5 [&hellip;]","og_url":"https:\/\/shop.bantam.ch\/fr\/produit\/tapis-egouttoir-maximex-nelia-avec-cadre-coloris-noir\/","og_site_name":"Bantam","article_modified_time":"2026-05-02T21:01:54+00:00","og_image":[{"width":640,"height":520,"url":"https:\/\/shop.bantam.ch\/wp-content\/uploads\/2024\/05\/Movera-L-9957944100.jpg","type":"image\/jpeg"}],"twitter_card":"summary_large_image","twitter_misc":{"Dur\u00e9e de lecture estim\u00e9e":"1 minute"},"schema":{"@context":"https:\/\/schema.org","@graph":[{"@type":"WebPage","@id":"https:\/\/shop.bantam.ch\/fr\/produit\/tapis-egouttoir-maximex-nelia-avec-cadre-coloris-noir\/","url":"https:\/\/shop.bantam.ch\/fr\/produit\/tapis-egouttoir-maximex-nelia-avec-cadre-coloris-noir\/","name":"Tapis \u00e9gouttoir Maximex Nelia avec cadre coloris noir - Bantam","isPartOf":{"@id":"https:\/\/shop.bantam.ch\/fr\/#website"},"primaryImageOfPage":{"@id":"https:\/\/shop.bantam.ch\/fr\/produit\/tapis-egouttoir-maximex-nelia-avec-cadre-coloris-noir\/#primaryimage"},"image":{"@id":"https:\/\/shop.bantam.ch\/fr\/produit\/tapis-egouttoir-maximex-nelia-avec-cadre-coloris-noir\/#primaryimage"},"thumbnailUrl":"https:\/\/shop.bantam.ch\/wp-content\/uploads\/2024\/09\/Movera-L-9957944100.jpg","datePublished":"2024-05-15T13:46:23+00:00","dateModified":"2026-05-02T21:01:54+00:00","breadcrumb":{"@id":"https:\/\/shop.bantam.ch\/fr\/produit\/tapis-egouttoir-maximex-nelia-avec-cadre-coloris-noir\/#breadcrumb"},"inLanguage":"fr-FR","potentialAction":[{"@type":"ReadAction","target":["https:\/\/shop.bantam.ch\/fr\/produit\/tapis-egouttoir-maximex-nelia-avec-cadre-coloris-noir\/"]}]},{"@type":"ImageObject","inLanguage":"fr-FR","@id":"https:\/\/shop.bantam.ch\/fr\/produit\/tapis-egouttoir-maximex-nelia-avec-cadre-coloris-noir\/#primaryimage","url":"https:\/\/shop.bantam.ch\/wp-content\/uploads\/2024\/09\/Movera-L-9957944100.jpg","contentUrl":"https:\/\/shop.bantam.ch\/wp-content\/uploads\/2024\/09\/Movera-L-9957944100.jpg","width":640,"height":520},{"@type":"BreadcrumbList","@id":"https:\/\/shop.bantam.ch\/fr\/produit\/tapis-egouttoir-maximex-nelia-avec-cadre-coloris-noir\/#breadcrumb","itemListElement":[{"@type":"ListItem","position":1,"name":"Accueil","item":"https:\/\/shop.bantam.ch\/fr\/"},{"@type":"ListItem","position":2,"name":"Boutique","item":"https:\/\/shop.bantam.ch\/fr\/boutique\/"},{"@type":"ListItem","position":3,"name":"Tapis \u00e9gouttoir Maximex Nelia avec cadre coloris noir"}]},{"@type":"WebSite","@id":"https:\/\/shop.bantam.ch\/fr\/#website","url":"https:\/\/shop.bantam.ch\/fr\/","name":"Bantam","description":"","publisher":{"@id":"https:\/\/shop.bantam.ch\/fr\/#organization"},"inLanguage":"fr-FR"},{"@type":"Organization","@id":"https:\/\/shop.bantam.ch\/fr\/#organization","name":"Bantam","url":"https:\/\/shop.bantam.ch\/fr\/","logo":{"@type":"ImageObject","inLanguage":"fr-FR","@id":"https:\/\/shop.bantam.ch\/fr\/#\/schema\/logo\/image\/","url":"https:\/\/shop.bantam.ch\/wp-content\/uploads\/2022\/12\/bantam-logo.png","contentUrl":"https:\/\/shop.bantam.ch\/wp-content\/uploads\/2022\/12\/bantam-logo.png","width":320,"height":71,"caption":"Bantam"},"image":{"@id":"https:\/\/shop.bantam.ch\/fr\/#\/schema\/logo\/image\/"}}]}},"_links":{"self":[{"href":"https:\/\/shop.bantam.ch\/fr\/wp-json\/wp\/v2\/product\/195938","targetHints":{"allow":["GET"]}}],"collection":[{"href":"https:\/\/shop.bantam.ch\/fr\/wp-json\/wp\/v2\/product"}],"about":[{"href":"https:\/\/shop.bantam.ch\/fr\/wp-json\/wp\/v2\/types\/product"}],"wp:featuredmedia":[{"embeddable":true,"href":"https:\/\/shop.bantam.ch\/fr\/wp-json\/wp\/v2\/media\/206752"}],"wp:attachment":[{"href":"https:\/\/shop.bantam.ch\/fr\/wp-json\/wp\/v2\/media?parent=195938"}],"wp:term":[{"taxonomy":"product_featured_cat","embeddable":true,"href":"https:\/\/shop.bantam.ch\/fr\/wp-json\/wp\/v2\/product_featured_cat?post=195938"},{"taxonomy":"product_brand","embeddable":true,"href":"https:\/\/shop.bantam.ch\/fr\/wp-json\/wp\/v2\/product_brand?post=195938"},{"taxonomy":"product_cat","embeddable":true,"href":"https:\/\/shop.bantam.ch\/fr\/wp-json\/wp\/v2\/product_cat?post=195938"},{"taxonomy":"product_tag","embeddable":true,"href":"https:\/\/shop.bantam.ch\/fr\/wp-json\/wp\/v2\/product_tag?post=195938"}],"curies":[{"name":"wp","href":"https:\/\/api.w.org\/{rel}","templated":true}]}}