{"id":195864,"date":"2024-05-15T15:45:18","date_gmt":"2024-05-15T13:45:18","guid":{"rendered":"https:\/\/shop.bantam.ch\/produit\/serrage-boissons-table-purvario-clip-clap-avec-plaque-nodulaire-integree\/"},"modified":"2026-04-18T23:08:20","modified_gmt":"2026-04-18T21:08:20","slug":"serrage-boissons-table-purvario-clip-clap-avec-plaque-nodulaire-integree","status":"publish","type":"product","link":"https:\/\/shop.bantam.ch\/fr\/produit\/serrage-boissons-table-purvario-clip-clap-avec-plaque-nodulaire-integree\/","title":{"rendered":"Serrage boissons\/table purvario CLIP CLAP avec plaque nodulaire int\u00e9gr\u00e9e"},"content":{"rendered":"<p>Deux &nbsp;plaques avec entretoise int\u00e9gr\u00e9e assurent un tr\u00e8s bon maintien horizontal sur le bord d&rsquo;une table. Le CLIP CLAP se fixe sur le bord de la table. La surface d&rsquo;appui sup\u00e9rieure est \u00e9quip\u00e9e d&rsquo;une plaque \u00e0 picots et offre ainsi un appui s\u00fbr pour les compl\u00e9ments de purvario : le porte-bouteilles &amp;amp ; porte-verres FLEXXI 100 et le porte-verres de style IVY. Ainsi, m\u00eame pendant un trajet, une boisson, qu&rsquo;il s&rsquo;agisse d&rsquo;une bouteille, d&rsquo;un verre ou d&rsquo;une tasse, peut \u00eatre fix\u00e9e \u00e0 la table sans qu&rsquo;elle ne bascule ou ne glisse. Une surface antid\u00e9rapante sur les surfaces d&rsquo;appui du Clip Claps \u00e0 la table y veille \u00e9galement.<\/p>\n<p>&nbsp;<\/p>\n<p>CLIP CLAP en combinaison avec le FLEXXI 100 facilite la vie mobile.<br \/>\nGr\u00e2ce \u00e0 l&rsquo;astucieuse possibilit\u00e9 de r\u00e9glage des supports enfichables, aussi bien les bo\u00eetes \u00e9troites que les bouteilles ou les verres larges s&rsquo;adaptent.<\/p>\n<p>&nbsp;<\/p>\n<ul>\n<li>Id\u00e9al pour les d\u00e9placements<\/li>\n<p>.<\/p>\n<li>Extr\u00eamement stable<\/li>\n<p>.<\/p>\n<li>Votre boisson est toujours \u00e0 port\u00e9e de main<\/li>\n<li>Peu encombrant<\/li>\n<li>Pas de montage n\u00e9cessaire et donc toujours r\u00e9utilisable<\/li>\n<li>Repositionnable \u00e0 tout moment<\/li>\n<p>.\n<\/ul>\n<p>&nbsp;<\/p>\n<p>Facile \u00e0 utiliser et \u00e0 fixer &#8211; il suffit de comprimer les entretoises et de les serrer sur le bord d&rsquo;une table.<\/p>\n","protected":false},"excerpt":{"rendered":"<p>Deux &nbsp;plaques avec entretoise int\u00e9gr\u00e9e assurent un tr\u00e8s bon maintien horizontal sur le bord d&rsquo;une table. Le CLIP CLAP se fixe sur le bord de la table. La surface d&rsquo;appui sup\u00e9rieure est \u00e9quip\u00e9e d&rsquo;une plaque \u00e0 picots et offre ainsi un appui s\u00fbr pour les compl\u00e9ments de purvario : le porte-bouteilles &amp;amp ; porte-verres FLEXXI [&hellip;]<\/p>\n","protected":false},"featured_media":206736,"template":"","meta":{"_acf_changed":false},"product_featured_cat":[],"product_brand":[3328],"product_cat":[5149],"product_tag":[],"class_list":{"0":"post-195864","1":"product","2":"type-product","3":"status-publish","4":"has-post-thumbnail","6":"product_brand-purvario","7":"product_cat-rangements-pour-la-vaisselle","9":"first","10":"instock","11":"taxable","12":"shipping-taxable","13":"purchasable","14":"product-type-simple"},"acf":[],"yoast_head":"<!-- This site is optimized with the Yoast SEO plugin v27.4 - https:\/\/yoast.com\/product\/yoast-seo-wordpress\/ -->\n<title>Serrage boissons\/table purvario CLIP CLAP avec plaque nodulaire int\u00e9gr\u00e9e - Bantam Wankm\u00fcller SA<\/title>\n<meta name=\"robots\" content=\"index, follow, max-snippet:-1, max-image-preview:large, max-video-preview:-1\" \/>\n<link rel=\"canonical\" href=\"https:\/\/shop.bantam.ch\/fr\/produit\/serrage-boissons-table-purvario-clip-clap-avec-plaque-nodulaire-integree\/\" \/>\n<meta property=\"og:locale\" content=\"fr_FR\" \/>\n<meta property=\"og:type\" content=\"article\" \/>\n<meta property=\"og:title\" content=\"Serrage boissons\/table purvario CLIP CLAP avec plaque nodulaire int\u00e9gr\u00e9e - Bantam Wankm\u00fcller SA\" \/>\n<meta property=\"og:description\" content=\"Deux &nbsp;plaques avec entretoise int\u00e9gr\u00e9e assurent un tr\u00e8s bon maintien horizontal sur le bord d&rsquo;une table. Le CLIP CLAP se fixe sur le bord de la table. La surface d&rsquo;appui sup\u00e9rieure est \u00e9quip\u00e9e d&rsquo;une plaque \u00e0 picots et offre ainsi un appui s\u00fbr pour les compl\u00e9ments de purvario : le porte-bouteilles &amp;amp ; porte-verres FLEXXI [&hellip;]\" \/>\n<meta property=\"og:url\" content=\"https:\/\/shop.bantam.ch\/fr\/produit\/serrage-boissons-table-purvario-clip-clap-avec-plaque-nodulaire-integree\/\" \/>\n<meta property=\"og:site_name\" content=\"Bantam Wankm\u00fcller SA\" \/>\n<meta property=\"article:modified_time\" content=\"2026-04-18T21:08:20+00:00\" \/>\n<meta property=\"og:image\" content=\"https:\/\/shop.bantam.ch\/wp-content\/uploads\/2024\/05\/Movera-L-9957935100.jpg\" \/>\n\t<meta property=\"og:image:width\" content=\"640\" \/>\n\t<meta property=\"og:image:height\" content=\"427\" \/>\n\t<meta property=\"og:image:type\" content=\"image\/jpeg\" \/>\n<meta name=\"twitter:card\" content=\"summary_large_image\" \/>\n<meta name=\"twitter:label1\" content=\"Dur\u00e9e de lecture estim\u00e9e\" \/>\n\t<meta name=\"twitter:data1\" content=\"1 minute\" \/>\n<script type=\"application\/ld+json\" class=\"yoast-schema-graph\">{\"@context\":\"https:\\\/\\\/schema.org\",\"@graph\":[{\"@type\":\"WebPage\",\"@id\":\"https:\\\/\\\/shop.bantam.ch\\\/fr\\\/produit\\\/serrage-boissons-table-purvario-clip-clap-avec-plaque-nodulaire-integree\\\/\",\"url\":\"https:\\\/\\\/shop.bantam.ch\\\/fr\\\/produit\\\/serrage-boissons-table-purvario-clip-clap-avec-plaque-nodulaire-integree\\\/\",\"name\":\"Serrage boissons\\\/table purvario CLIP CLAP avec plaque nodulaire int\u00e9gr\u00e9e - Bantam Wankm\u00fcller SA\",\"isPartOf\":{\"@id\":\"https:\\\/\\\/shop.bantam.ch\\\/fr\\\/#website\"},\"primaryImageOfPage\":{\"@id\":\"https:\\\/\\\/shop.bantam.ch\\\/fr\\\/produit\\\/serrage-boissons-table-purvario-clip-clap-avec-plaque-nodulaire-integree\\\/#primaryimage\"},\"image\":{\"@id\":\"https:\\\/\\\/shop.bantam.ch\\\/fr\\\/produit\\\/serrage-boissons-table-purvario-clip-clap-avec-plaque-nodulaire-integree\\\/#primaryimage\"},\"thumbnailUrl\":\"https:\\\/\\\/shop.bantam.ch\\\/wp-content\\\/uploads\\\/2024\\\/09\\\/Movera-L-9957935100.jpg\",\"datePublished\":\"2024-05-15T13:45:18+00:00\",\"dateModified\":\"2026-04-18T21:08:20+00:00\",\"breadcrumb\":{\"@id\":\"https:\\\/\\\/shop.bantam.ch\\\/fr\\\/produit\\\/serrage-boissons-table-purvario-clip-clap-avec-plaque-nodulaire-integree\\\/#breadcrumb\"},\"inLanguage\":\"fr-FR\",\"potentialAction\":[{\"@type\":\"ReadAction\",\"target\":[\"https:\\\/\\\/shop.bantam.ch\\\/fr\\\/produit\\\/serrage-boissons-table-purvario-clip-clap-avec-plaque-nodulaire-integree\\\/\"]}]},{\"@type\":\"ImageObject\",\"inLanguage\":\"fr-FR\",\"@id\":\"https:\\\/\\\/shop.bantam.ch\\\/fr\\\/produit\\\/serrage-boissons-table-purvario-clip-clap-avec-plaque-nodulaire-integree\\\/#primaryimage\",\"url\":\"https:\\\/\\\/shop.bantam.ch\\\/wp-content\\\/uploads\\\/2024\\\/09\\\/Movera-L-9957935100.jpg\",\"contentUrl\":\"https:\\\/\\\/shop.bantam.ch\\\/wp-content\\\/uploads\\\/2024\\\/09\\\/Movera-L-9957935100.jpg\",\"width\":640,\"height\":427},{\"@type\":\"BreadcrumbList\",\"@id\":\"https:\\\/\\\/shop.bantam.ch\\\/fr\\\/produit\\\/serrage-boissons-table-purvario-clip-clap-avec-plaque-nodulaire-integree\\\/#breadcrumb\",\"itemListElement\":[{\"@type\":\"ListItem\",\"position\":1,\"name\":\"Accueil\",\"item\":\"https:\\\/\\\/shop.bantam.ch\\\/fr\\\/\"},{\"@type\":\"ListItem\",\"position\":2,\"name\":\"Boutique\",\"item\":\"https:\\\/\\\/shop.bantam.ch\\\/fr\\\/boutique\\\/\"},{\"@type\":\"ListItem\",\"position\":3,\"name\":\"Serrage boissons\\\/table purvario CLIP CLAP avec plaque nodulaire int\u00e9gr\u00e9e\"}]},{\"@type\":\"WebSite\",\"@id\":\"https:\\\/\\\/shop.bantam.ch\\\/fr\\\/#website\",\"url\":\"https:\\\/\\\/shop.bantam.ch\\\/fr\\\/\",\"name\":\"Bantam Wankm\u00fcller SA\",\"description\":\"\",\"publisher\":{\"@id\":\"https:\\\/\\\/shop.bantam.ch\\\/fr\\\/#organization\"},\"inLanguage\":\"fr-FR\"},{\"@type\":\"Organization\",\"@id\":\"https:\\\/\\\/shop.bantam.ch\\\/fr\\\/#organization\",\"name\":\"Bantam Wankm\u00fcller SA\",\"url\":\"https:\\\/\\\/shop.bantam.ch\\\/fr\\\/\",\"logo\":{\"@type\":\"ImageObject\",\"inLanguage\":\"fr-FR\",\"@id\":\"https:\\\/\\\/shop.bantam.ch\\\/fr\\\/#\\\/schema\\\/logo\\\/image\\\/\",\"url\":\"https:\\\/\\\/shop.bantam.ch\\\/wp-content\\\/uploads\\\/2022\\\/12\\\/bantam-logo.png\",\"contentUrl\":\"https:\\\/\\\/shop.bantam.ch\\\/wp-content\\\/uploads\\\/2022\\\/12\\\/bantam-logo.png\",\"width\":320,\"height\":71,\"caption\":\"Bantam Wankm\u00fcller SA\"},\"image\":{\"@id\":\"https:\\\/\\\/shop.bantam.ch\\\/fr\\\/#\\\/schema\\\/logo\\\/image\\\/\"}}]}<\/script>\n<!-- \/ Yoast SEO plugin. -->","yoast_head_json":{"title":"Serrage boissons\/table purvario CLIP CLAP avec plaque nodulaire int\u00e9gr\u00e9e - Bantam Wankm\u00fcller SA","robots":{"index":"index","follow":"follow","max-snippet":"max-snippet:-1","max-image-preview":"max-image-preview:large","max-video-preview":"max-video-preview:-1"},"canonical":"https:\/\/shop.bantam.ch\/fr\/produit\/serrage-boissons-table-purvario-clip-clap-avec-plaque-nodulaire-integree\/","og_locale":"fr_FR","og_type":"article","og_title":"Serrage boissons\/table purvario CLIP CLAP avec plaque nodulaire int\u00e9gr\u00e9e - Bantam Wankm\u00fcller SA","og_description":"Deux &nbsp;plaques avec entretoise int\u00e9gr\u00e9e assurent un tr\u00e8s bon maintien horizontal sur le bord d&rsquo;une table. Le CLIP CLAP se fixe sur le bord de la table. La surface d&rsquo;appui sup\u00e9rieure est \u00e9quip\u00e9e d&rsquo;une plaque \u00e0 picots et offre ainsi un appui s\u00fbr pour les compl\u00e9ments de purvario : le porte-bouteilles &amp;amp ; porte-verres FLEXXI [&hellip;]","og_url":"https:\/\/shop.bantam.ch\/fr\/produit\/serrage-boissons-table-purvario-clip-clap-avec-plaque-nodulaire-integree\/","og_site_name":"Bantam Wankm\u00fcller SA","article_modified_time":"2026-04-18T21:08:20+00:00","og_image":[{"width":640,"height":427,"url":"https:\/\/shop.bantam.ch\/wp-content\/uploads\/2024\/05\/Movera-L-9957935100.jpg","type":"image\/jpeg"}],"twitter_card":"summary_large_image","twitter_misc":{"Dur\u00e9e de lecture estim\u00e9e":"1 minute"},"schema":{"@context":"https:\/\/schema.org","@graph":[{"@type":"WebPage","@id":"https:\/\/shop.bantam.ch\/fr\/produit\/serrage-boissons-table-purvario-clip-clap-avec-plaque-nodulaire-integree\/","url":"https:\/\/shop.bantam.ch\/fr\/produit\/serrage-boissons-table-purvario-clip-clap-avec-plaque-nodulaire-integree\/","name":"Serrage boissons\/table purvario CLIP CLAP avec plaque nodulaire int\u00e9gr\u00e9e - Bantam Wankm\u00fcller SA","isPartOf":{"@id":"https:\/\/shop.bantam.ch\/fr\/#website"},"primaryImageOfPage":{"@id":"https:\/\/shop.bantam.ch\/fr\/produit\/serrage-boissons-table-purvario-clip-clap-avec-plaque-nodulaire-integree\/#primaryimage"},"image":{"@id":"https:\/\/shop.bantam.ch\/fr\/produit\/serrage-boissons-table-purvario-clip-clap-avec-plaque-nodulaire-integree\/#primaryimage"},"thumbnailUrl":"https:\/\/shop.bantam.ch\/wp-content\/uploads\/2024\/09\/Movera-L-9957935100.jpg","datePublished":"2024-05-15T13:45:18+00:00","dateModified":"2026-04-18T21:08:20+00:00","breadcrumb":{"@id":"https:\/\/shop.bantam.ch\/fr\/produit\/serrage-boissons-table-purvario-clip-clap-avec-plaque-nodulaire-integree\/#breadcrumb"},"inLanguage":"fr-FR","potentialAction":[{"@type":"ReadAction","target":["https:\/\/shop.bantam.ch\/fr\/produit\/serrage-boissons-table-purvario-clip-clap-avec-plaque-nodulaire-integree\/"]}]},{"@type":"ImageObject","inLanguage":"fr-FR","@id":"https:\/\/shop.bantam.ch\/fr\/produit\/serrage-boissons-table-purvario-clip-clap-avec-plaque-nodulaire-integree\/#primaryimage","url":"https:\/\/shop.bantam.ch\/wp-content\/uploads\/2024\/09\/Movera-L-9957935100.jpg","contentUrl":"https:\/\/shop.bantam.ch\/wp-content\/uploads\/2024\/09\/Movera-L-9957935100.jpg","width":640,"height":427},{"@type":"BreadcrumbList","@id":"https:\/\/shop.bantam.ch\/fr\/produit\/serrage-boissons-table-purvario-clip-clap-avec-plaque-nodulaire-integree\/#breadcrumb","itemListElement":[{"@type":"ListItem","position":1,"name":"Accueil","item":"https:\/\/shop.bantam.ch\/fr\/"},{"@type":"ListItem","position":2,"name":"Boutique","item":"https:\/\/shop.bantam.ch\/fr\/boutique\/"},{"@type":"ListItem","position":3,"name":"Serrage boissons\/table purvario CLIP CLAP avec plaque nodulaire int\u00e9gr\u00e9e"}]},{"@type":"WebSite","@id":"https:\/\/shop.bantam.ch\/fr\/#website","url":"https:\/\/shop.bantam.ch\/fr\/","name":"Bantam Wankm\u00fcller SA","description":"","publisher":{"@id":"https:\/\/shop.bantam.ch\/fr\/#organization"},"inLanguage":"fr-FR"},{"@type":"Organization","@id":"https:\/\/shop.bantam.ch\/fr\/#organization","name":"Bantam Wankm\u00fcller SA","url":"https:\/\/shop.bantam.ch\/fr\/","logo":{"@type":"ImageObject","inLanguage":"fr-FR","@id":"https:\/\/shop.bantam.ch\/fr\/#\/schema\/logo\/image\/","url":"https:\/\/shop.bantam.ch\/wp-content\/uploads\/2022\/12\/bantam-logo.png","contentUrl":"https:\/\/shop.bantam.ch\/wp-content\/uploads\/2022\/12\/bantam-logo.png","width":320,"height":71,"caption":"Bantam Wankm\u00fcller SA"},"image":{"@id":"https:\/\/shop.bantam.ch\/fr\/#\/schema\/logo\/image\/"}}]}},"_links":{"self":[{"href":"https:\/\/shop.bantam.ch\/fr\/wp-json\/wp\/v2\/product\/195864","targetHints":{"allow":["GET"]}}],"collection":[{"href":"https:\/\/shop.bantam.ch\/fr\/wp-json\/wp\/v2\/product"}],"about":[{"href":"https:\/\/shop.bantam.ch\/fr\/wp-json\/wp\/v2\/types\/product"}],"wp:featuredmedia":[{"embeddable":true,"href":"https:\/\/shop.bantam.ch\/fr\/wp-json\/wp\/v2\/media\/206736"}],"wp:attachment":[{"href":"https:\/\/shop.bantam.ch\/fr\/wp-json\/wp\/v2\/media?parent=195864"}],"wp:term":[{"taxonomy":"product_featured_cat","embeddable":true,"href":"https:\/\/shop.bantam.ch\/fr\/wp-json\/wp\/v2\/product_featured_cat?post=195864"},{"taxonomy":"product_brand","embeddable":true,"href":"https:\/\/shop.bantam.ch\/fr\/wp-json\/wp\/v2\/product_brand?post=195864"},{"taxonomy":"product_cat","embeddable":true,"href":"https:\/\/shop.bantam.ch\/fr\/wp-json\/wp\/v2\/product_cat?post=195864"},{"taxonomy":"product_tag","embeddable":true,"href":"https:\/\/shop.bantam.ch\/fr\/wp-json\/wp\/v2\/product_tag?post=195864"}],"curies":[{"name":"wp","href":"https:\/\/api.w.org\/{rel}","templated":true}]}}