{"id":195834,"date":"2024-05-15T15:44:44","date_gmt":"2024-05-15T13:44:44","guid":{"rendered":"https:\/\/shop.bantam.ch\/produit\/hexaway-pro-air\/"},"modified":"2026-04-19T01:10:31","modified_gmt":"2026-04-18T23:10:31","slug":"hexaway-pro-air","status":"publish","type":"product","link":"https:\/\/shop.bantam.ch\/fr\/produit\/hexaway-pro-air\/","title":{"rendered":"HexaWay Pro Air"},"content":{"rendered":"<p>Le populaire auvent Vango AirHub Hexaway est un endroit parfait pour les r\u00e9unions sociales et cr\u00e9e une extension spacieuse de votre v\u00e9hicule, semblable \u00e0 un salon. Son design hexagonal vous permet de profiter au maximum de tout l&rsquo;espace lorsque vous passez du temps avec votre famille et vos amis. La toile Sentinel ECO Pro, fabriqu\u00e9e \u00e0 partir de mat\u00e9riaux recycl\u00e9s, est parfaite pour les excursions avec votre v\u00e9hicule, et le syst\u00e8me de gonflage simple se d\u00e9ploie et se replie rapidement et facilement. Le tunnel de liaison peut \u00eatre facilement roul\u00e9 lorsque vous partez en exploration pour une journ\u00e9e et dispose de deux portes d&rsquo;entr\u00e9e lat\u00e9rales pour un acc\u00e8s facile.<\/p>\n<p>&nbsp;<\/p>\n<p>Pour un aper\u00e7u plus pr\u00e9cis, scannez le code QR (pr\u00e8s des images).<\/p>\n<ul>\n<li>Design d\u00e9pos\u00e9 &#8211; Unique chez Vango<\/li>\n<li>Rideaux pare-vue avec fermeture \u00e9clair &#8211; Simples et rapides \u00e0 utiliser, les rideaux avec fermeture \u00e9clair peuvent \u00eatre ouverts \u00e0 diff\u00e9rents niveaux ou simplement enroul\u00e9s et ferm\u00e9s en toute s\u00e9curit\u00e9.<\/li>\n<li>Alternance de fen\u00eatres transparentes en diamant et en maille &#8211; Maximise non seulement la lumi\u00e8re, mais permet aussi \u00e0 l&rsquo;air de circuler pour am\u00e9liorer la ventilation.<\/li>\n<li>Portes faciles d&rsquo;acc\u00e8s &#8211; Une porte d&rsquo;entr\u00e9e plate permet un acc\u00e8s facile pour les fauteuils roulants, les poussettes et les personnes \u00e0 mobilit\u00e9 r\u00e9duite.<\/li>\n<li>Lanterneau &#8211; Des fen\u00eatres qui courent le long de la ligne de toit de l&rsquo;auvent, pour plus de lumi\u00e8re pendant la journ\u00e9e et pour observer les \u00e9toiles la nuit.<\/li>\n<li>Easy Pack Carry Bag &#8211; Sac de transport surdimensionn\u00e9 pour faciliter le rangement de l&rsquo;auvent<\/li>\n<li>Barres pr\u00e9-coud\u00e9es &#8211; Obtenez un espace int\u00e9rieur plus grand qu&rsquo;avec une courbe standard. Offre une protection efficace contre le vent<\/li>\n<li>Deux portes dans le tunnel \u00e0 fixer au v\u00e9hicule &#8211; pour un acc\u00e8s ais\u00e9 \u00e0 l&rsquo;avant ou \u00e0 l&rsquo;arri\u00e8re de votre v\u00e9hicule.<\/li>\n<li>Bande d&rsquo;ajustement du tunnel &#8211; Aide \u00e0 r\u00e9cup\u00e9rer l&rsquo;exc\u00e9dent de mat\u00e9riau et permet d&rsquo;am\u00e9liorer l&rsquo;aspect du tunnel et de le fixer plus fermement au v\u00e9hicule.<\/li>\n<li>Tunnel de connexion enroulable &#8211; Enlevez votre store lorsque vous partez pour la journ\u00e9e, il vous suffit d&rsquo;enrouler le tunnel et de le fixer \u00e0 l&rsquo;aide d&rsquo;un garrot.<\/li>\n<li>Plusieurs m\u00e9thodes de fixation au v\u00e9hicule &#8211; Tous nos stores sont livr\u00e9s avec des kadors pr\u00e9mont\u00e9s de 6 mm, des sangles de v\u00e9hicule de 8 M, des pattes de fixation de barres de toit et des manchons pour le syst\u00e8me de barres et de pinces. Cela garantit que nos stores sont compatibles avec tous les v\u00e9hicules.<\/li>\n<li>Plusieurs \u00e9quipements suppl\u00e9mentaires sont disponibles pour ce store afin d&rsquo;am\u00e9liorer sa fonctionnalit\u00e9 &#8211; veuillez consulter notre tableau des \u00e9quipements suppl\u00e9mentaires pour plus de d\u00e9tails.<\/li>\n<li>Enti\u00e8rement test\u00e9 contre le vent et la pluie &#8211; Test\u00e9 contre le vent et les fortes pluies conform\u00e9ment \u00e0 la norme europ\u00e9enne EN5912.<\/li>\n<li>Sardines en acier fournies &#8211; Les sardines sont solides et durables et peuvent \u00eatre utilis\u00e9es sur des terrains difficiles. Livr\u00e9 avec un sac de transport pratique.<\/li>\n<li>Points d&rsquo;ancrage r\u00e9glables &#8211; Permet une installation parfaite de la tente sur des surfaces in\u00e9gales.<\/li>\n<li>Cordons d&rsquo;ancrage bien visibles &#8211; Cordons d&rsquo;ancrage bien visibles dans la moiti\u00e9 inf\u00e9rieure pour \u00e9viter de tr\u00e9bucher et assurer la stabilit\u00e9 par vent fort.<\/li>\n<li>Lignes de haubanage Line-Lok\u00ae &#8211; Le tendeur Line-Lok\u00ae maintient les lignes de haubanage bien tendues, est facile \u00e0 rel\u00e2cher et offre des performances \u00e9lev\u00e9es dans toutes les conditions.<\/li>\n<li>Sangle r\u00e9fl\u00e9chissante &#8211; Absorbe la lumi\u00e8re d&rsquo;une lampe de poche, ce qui permet de rep\u00e9rer facilement les points de haubanage dans des conditions de faible luminosit\u00e9.<\/li>\n<li>Fourni avec 10 Sky Hooks &#8211; Il suffit de le glisser sur le syst\u00e8me SkyTrack\u00ae pour y accrocher du rangement ou de l&rsquo;\u00e9clairage.<\/li>\n<li>Store touring &#8211; Ce store est con\u00e7u pour une utilisation touring ; il n&rsquo;est pas adapt\u00e9 \u00e0 une utilisation stationnaire ou saisonni\u00e8re \u00e0 long terme, car une exposition trop importante aux UV entra\u00eene une d\u00e9gradation acc\u00e9l\u00e9r\u00e9e du tissu. La d\u00e9t\u00e9rioration due aux UV n&rsquo;est pas couverte par la garantie. Toutefois, dans le cadre d&rsquo;une utilisation normale en vacances, votre auvent durera longtemps.<\/li>\n<li>Des panneaux de ventilation assurent un flux d&rsquo;air agr\u00e9able \u00e0 travers l&rsquo;auvent afin d&rsquo;\u00e9viter la condensation.<\/li>\n<li>SkyTrack\u00ae II &#8211; Un syst\u00e8me de suspension flexible sur lequel vous pouvez facilement fixer un \u00e9clairage, un espace de rangement ou un SkyLiner. Le syst\u00e8me SkyTrack vous permet d&rsquo;am\u00e9nager votre auvent comme vous le souhaitez (Sky Hooks inclus dans la livraison).<\/li>\n<li>Structure gonflable AirBeam\u00ae &#8211; Avec 10 ans d&rsquo;exp\u00e9rience dans la technologie AirBeam\u00ae, nous sommes \u00e0 la pointe du d\u00e9ploiement sans m\u00e2t. La technologie AirBeam\u00ae permet de monter votre store en quelques minutes (pompe AirBeam\u00ae incluse).<\/li>\n<li>Gonflage tout-en-un &#8211; Gonflage rapide et facile via une valve.<\/li>\n<li>Tapis de sol coupl\u00e9 &#8211; Le tapis de sol est simplement reli\u00e9 \u00e0 la tente pour tenir les intemp\u00e9ries et la vermine \u00e0 l&rsquo;\u00e9cart, et peut \u00eatre roul\u00e9 si n\u00e9cessaire.<\/li>\n<li>Drive Away &#8211; Avec le kit Drive Away suppl\u00e9mentaire, vous pouvez d\u00e9tacher la partie tunnel de votre auvent de votre v\u00e9hicule et la rouler, de sorte que votre auvent reste libre pendant que vous explorez la journ\u00e9e. Notez votre position de stationnement lorsque vous revenez et fixez \u00e0 nouveau l&rsquo;auvent \u00e0 votre v\u00e9hicule.<\/li>\n<li>Robuste, durable et \u00e9tanche \u00e0 l&rsquo;eau. Avec 420 fils ripstop doubles d&rsquo;une valeur HH de 6.000MM. Fabriqu\u00e9 \u00e0 partir de plastique recycl\u00e9, afin de poursuivre l&rsquo;engagement de Vango en mati\u00e8re de durabilit\u00e9. B\u00e9n\u00e9ficie de la technologie ColourLok\u2122 qui favorise la stabilit\u00e9 des couleurs.<\/li>\n<li>Pompe AirBeam\u00ae &#8211; Notre pompe ergonomique est fournie avec toutes les tentes et auvents AirBeam\u00ae et permet de gonfler sans effort votre produit AirBeam\u00ae. Complet avec r\u00e9gulateur de pression et sac de transport pratique.<\/li>\n<\/ul>\n<p>Mat\u00e9riau:<br \/>\n100 % polyester<\/p>\n<p>Contenu de la livraison:<br \/>\nInclus Sac de transport<br \/>\nR\u00e9gulateur de pression<br \/>\nPompe AirBeam<\/p>\n","protected":false},"excerpt":{"rendered":"<p>Le populaire auvent Vango AirHub Hexaway est un endroit parfait pour les r\u00e9unions sociales et cr\u00e9e une extension spacieuse de votre v\u00e9hicule, semblable \u00e0 un salon. Son design hexagonal vous permet de profiter au maximum de tout l&rsquo;espace lorsque vous passez du temps avec votre famille et vos amis. La toile Sentinel ECO Pro, fabriqu\u00e9e [&hellip;]<\/p>\n","protected":false},"featured_media":195824,"template":"","meta":{"_acf_changed":false},"product_featured_cat":[],"product_brand":[3562],"product_cat":[4915],"product_tag":[],"class_list":{"0":"post-195834","1":"product","2":"type-product","3":"status-publish","4":"has-post-thumbnail","6":"product_brand-vango","7":"product_cat-auvents-de-bus-et-camping-cars","9":"first","10":"instock","11":"taxable","12":"shipping-taxable","13":"purchasable","14":"product-type-variable"},"acf":[],"yoast_head":"<!-- This site is optimized with the Yoast SEO plugin v27.4 - https:\/\/yoast.com\/product\/yoast-seo-wordpress\/ -->\n<title>HexaWay Pro Air - Bantam Wankm\u00fcller SA<\/title>\n<meta name=\"robots\" content=\"index, follow, max-snippet:-1, max-image-preview:large, max-video-preview:-1\" \/>\n<link rel=\"canonical\" href=\"https:\/\/shop.bantam.ch\/fr\/produit\/hexaway-pro-air\/\" \/>\n<meta property=\"og:locale\" content=\"fr_FR\" \/>\n<meta property=\"og:type\" content=\"article\" \/>\n<meta property=\"og:title\" content=\"HexaWay Pro Air - Bantam Wankm\u00fcller SA\" \/>\n<meta property=\"og:description\" content=\"Le populaire auvent Vango AirHub Hexaway est un endroit parfait pour les r\u00e9unions sociales et cr\u00e9e une extension spacieuse de votre v\u00e9hicule, semblable \u00e0 un salon. Son design hexagonal vous permet de profiter au maximum de tout l&rsquo;espace lorsque vous passez du temps avec votre famille et vos amis. La toile Sentinel ECO Pro, fabriqu\u00e9e [&hellip;]\" \/>\n<meta property=\"og:url\" content=\"https:\/\/shop.bantam.ch\/fr\/produit\/hexaway-pro-air\/\" \/>\n<meta property=\"og:site_name\" content=\"Bantam Wankm\u00fcller SA\" \/>\n<meta property=\"article:modified_time\" content=\"2026-04-18T23:10:31+00:00\" \/>\n<meta property=\"og:image\" content=\"https:\/\/shop.bantam.ch\/wp-content\/uploads\/2024\/05\/Movera-L-9957785100.jpg\" \/>\n\t<meta property=\"og:image:width\" content=\"640\" \/>\n\t<meta property=\"og:image:height\" content=\"427\" \/>\n\t<meta property=\"og:image:type\" content=\"image\/jpeg\" \/>\n<meta name=\"twitter:card\" content=\"summary_large_image\" \/>\n<meta name=\"twitter:label1\" content=\"Dur\u00e9e de lecture estim\u00e9e\" \/>\n\t<meta name=\"twitter:data1\" content=\"5 minutes\" \/>\n<script type=\"application\/ld+json\" class=\"yoast-schema-graph\">{\"@context\":\"https:\\\/\\\/schema.org\",\"@graph\":[{\"@type\":\"WebPage\",\"@id\":\"https:\\\/\\\/shop.bantam.ch\\\/fr\\\/produit\\\/hexaway-pro-air\\\/\",\"url\":\"https:\\\/\\\/shop.bantam.ch\\\/fr\\\/produit\\\/hexaway-pro-air\\\/\",\"name\":\"HexaWay Pro Air - Bantam Wankm\u00fcller SA\",\"isPartOf\":{\"@id\":\"https:\\\/\\\/shop.bantam.ch\\\/fr\\\/#website\"},\"primaryImageOfPage\":{\"@id\":\"https:\\\/\\\/shop.bantam.ch\\\/fr\\\/produit\\\/hexaway-pro-air\\\/#primaryimage\"},\"image\":{\"@id\":\"https:\\\/\\\/shop.bantam.ch\\\/fr\\\/produit\\\/hexaway-pro-air\\\/#primaryimage\"},\"thumbnailUrl\":\"https:\\\/\\\/shop.bantam.ch\\\/wp-content\\\/uploads\\\/2024\\\/05\\\/Movera-L-9957785100.jpg\",\"datePublished\":\"2024-05-15T13:44:44+00:00\",\"dateModified\":\"2026-04-18T23:10:31+00:00\",\"breadcrumb\":{\"@id\":\"https:\\\/\\\/shop.bantam.ch\\\/fr\\\/produit\\\/hexaway-pro-air\\\/#breadcrumb\"},\"inLanguage\":\"fr-FR\",\"potentialAction\":[{\"@type\":\"ReadAction\",\"target\":[\"https:\\\/\\\/shop.bantam.ch\\\/fr\\\/produit\\\/hexaway-pro-air\\\/\"]}]},{\"@type\":\"ImageObject\",\"inLanguage\":\"fr-FR\",\"@id\":\"https:\\\/\\\/shop.bantam.ch\\\/fr\\\/produit\\\/hexaway-pro-air\\\/#primaryimage\",\"url\":\"https:\\\/\\\/shop.bantam.ch\\\/wp-content\\\/uploads\\\/2024\\\/05\\\/Movera-L-9957785100.jpg\",\"contentUrl\":\"https:\\\/\\\/shop.bantam.ch\\\/wp-content\\\/uploads\\\/2024\\\/05\\\/Movera-L-9957785100.jpg\",\"width\":640,\"height\":427},{\"@type\":\"BreadcrumbList\",\"@id\":\"https:\\\/\\\/shop.bantam.ch\\\/fr\\\/produit\\\/hexaway-pro-air\\\/#breadcrumb\",\"itemListElement\":[{\"@type\":\"ListItem\",\"position\":1,\"name\":\"Accueil\",\"item\":\"https:\\\/\\\/shop.bantam.ch\\\/fr\\\/\"},{\"@type\":\"ListItem\",\"position\":2,\"name\":\"Boutique\",\"item\":\"https:\\\/\\\/shop.bantam.ch\\\/fr\\\/boutique\\\/\"},{\"@type\":\"ListItem\",\"position\":3,\"name\":\"HexaWay Pro Air\"}]},{\"@type\":\"WebSite\",\"@id\":\"https:\\\/\\\/shop.bantam.ch\\\/fr\\\/#website\",\"url\":\"https:\\\/\\\/shop.bantam.ch\\\/fr\\\/\",\"name\":\"Bantam Wankm\u00fcller SA\",\"description\":\"\",\"publisher\":{\"@id\":\"https:\\\/\\\/shop.bantam.ch\\\/fr\\\/#organization\"},\"inLanguage\":\"fr-FR\"},{\"@type\":\"Organization\",\"@id\":\"https:\\\/\\\/shop.bantam.ch\\\/fr\\\/#organization\",\"name\":\"Bantam Wankm\u00fcller SA\",\"url\":\"https:\\\/\\\/shop.bantam.ch\\\/fr\\\/\",\"logo\":{\"@type\":\"ImageObject\",\"inLanguage\":\"fr-FR\",\"@id\":\"https:\\\/\\\/shop.bantam.ch\\\/fr\\\/#\\\/schema\\\/logo\\\/image\\\/\",\"url\":\"https:\\\/\\\/shop.bantam.ch\\\/wp-content\\\/uploads\\\/2022\\\/12\\\/bantam-logo.png\",\"contentUrl\":\"https:\\\/\\\/shop.bantam.ch\\\/wp-content\\\/uploads\\\/2022\\\/12\\\/bantam-logo.png\",\"width\":320,\"height\":71,\"caption\":\"Bantam Wankm\u00fcller SA\"},\"image\":{\"@id\":\"https:\\\/\\\/shop.bantam.ch\\\/fr\\\/#\\\/schema\\\/logo\\\/image\\\/\"}}]}<\/script>\n<!-- \/ Yoast SEO plugin. -->","yoast_head_json":{"title":"HexaWay Pro Air - Bantam Wankm\u00fcller SA","robots":{"index":"index","follow":"follow","max-snippet":"max-snippet:-1","max-image-preview":"max-image-preview:large","max-video-preview":"max-video-preview:-1"},"canonical":"https:\/\/shop.bantam.ch\/fr\/produit\/hexaway-pro-air\/","og_locale":"fr_FR","og_type":"article","og_title":"HexaWay Pro Air - Bantam Wankm\u00fcller SA","og_description":"Le populaire auvent Vango AirHub Hexaway est un endroit parfait pour les r\u00e9unions sociales et cr\u00e9e une extension spacieuse de votre v\u00e9hicule, semblable \u00e0 un salon. Son design hexagonal vous permet de profiter au maximum de tout l&rsquo;espace lorsque vous passez du temps avec votre famille et vos amis. La toile Sentinel ECO Pro, fabriqu\u00e9e [&hellip;]","og_url":"https:\/\/shop.bantam.ch\/fr\/produit\/hexaway-pro-air\/","og_site_name":"Bantam Wankm\u00fcller SA","article_modified_time":"2026-04-18T23:10:31+00:00","og_image":[{"width":640,"height":427,"url":"https:\/\/shop.bantam.ch\/wp-content\/uploads\/2024\/05\/Movera-L-9957785100.jpg","type":"image\/jpeg"}],"twitter_card":"summary_large_image","twitter_misc":{"Dur\u00e9e de lecture estim\u00e9e":"5 minutes"},"schema":{"@context":"https:\/\/schema.org","@graph":[{"@type":"WebPage","@id":"https:\/\/shop.bantam.ch\/fr\/produit\/hexaway-pro-air\/","url":"https:\/\/shop.bantam.ch\/fr\/produit\/hexaway-pro-air\/","name":"HexaWay Pro Air - Bantam Wankm\u00fcller SA","isPartOf":{"@id":"https:\/\/shop.bantam.ch\/fr\/#website"},"primaryImageOfPage":{"@id":"https:\/\/shop.bantam.ch\/fr\/produit\/hexaway-pro-air\/#primaryimage"},"image":{"@id":"https:\/\/shop.bantam.ch\/fr\/produit\/hexaway-pro-air\/#primaryimage"},"thumbnailUrl":"https:\/\/shop.bantam.ch\/wp-content\/uploads\/2024\/05\/Movera-L-9957785100.jpg","datePublished":"2024-05-15T13:44:44+00:00","dateModified":"2026-04-18T23:10:31+00:00","breadcrumb":{"@id":"https:\/\/shop.bantam.ch\/fr\/produit\/hexaway-pro-air\/#breadcrumb"},"inLanguage":"fr-FR","potentialAction":[{"@type":"ReadAction","target":["https:\/\/shop.bantam.ch\/fr\/produit\/hexaway-pro-air\/"]}]},{"@type":"ImageObject","inLanguage":"fr-FR","@id":"https:\/\/shop.bantam.ch\/fr\/produit\/hexaway-pro-air\/#primaryimage","url":"https:\/\/shop.bantam.ch\/wp-content\/uploads\/2024\/05\/Movera-L-9957785100.jpg","contentUrl":"https:\/\/shop.bantam.ch\/wp-content\/uploads\/2024\/05\/Movera-L-9957785100.jpg","width":640,"height":427},{"@type":"BreadcrumbList","@id":"https:\/\/shop.bantam.ch\/fr\/produit\/hexaway-pro-air\/#breadcrumb","itemListElement":[{"@type":"ListItem","position":1,"name":"Accueil","item":"https:\/\/shop.bantam.ch\/fr\/"},{"@type":"ListItem","position":2,"name":"Boutique","item":"https:\/\/shop.bantam.ch\/fr\/boutique\/"},{"@type":"ListItem","position":3,"name":"HexaWay Pro Air"}]},{"@type":"WebSite","@id":"https:\/\/shop.bantam.ch\/fr\/#website","url":"https:\/\/shop.bantam.ch\/fr\/","name":"Bantam Wankm\u00fcller SA","description":"","publisher":{"@id":"https:\/\/shop.bantam.ch\/fr\/#organization"},"inLanguage":"fr-FR"},{"@type":"Organization","@id":"https:\/\/shop.bantam.ch\/fr\/#organization","name":"Bantam Wankm\u00fcller SA","url":"https:\/\/shop.bantam.ch\/fr\/","logo":{"@type":"ImageObject","inLanguage":"fr-FR","@id":"https:\/\/shop.bantam.ch\/fr\/#\/schema\/logo\/image\/","url":"https:\/\/shop.bantam.ch\/wp-content\/uploads\/2022\/12\/bantam-logo.png","contentUrl":"https:\/\/shop.bantam.ch\/wp-content\/uploads\/2022\/12\/bantam-logo.png","width":320,"height":71,"caption":"Bantam Wankm\u00fcller SA"},"image":{"@id":"https:\/\/shop.bantam.ch\/fr\/#\/schema\/logo\/image\/"}}]}},"_links":{"self":[{"href":"https:\/\/shop.bantam.ch\/fr\/wp-json\/wp\/v2\/product\/195834","targetHints":{"allow":["GET"]}}],"collection":[{"href":"https:\/\/shop.bantam.ch\/fr\/wp-json\/wp\/v2\/product"}],"about":[{"href":"https:\/\/shop.bantam.ch\/fr\/wp-json\/wp\/v2\/types\/product"}],"wp:featuredmedia":[{"embeddable":true,"href":"https:\/\/shop.bantam.ch\/fr\/wp-json\/wp\/v2\/media\/195824"}],"wp:attachment":[{"href":"https:\/\/shop.bantam.ch\/fr\/wp-json\/wp\/v2\/media?parent=195834"}],"wp:term":[{"taxonomy":"product_featured_cat","embeddable":true,"href":"https:\/\/shop.bantam.ch\/fr\/wp-json\/wp\/v2\/product_featured_cat?post=195834"},{"taxonomy":"product_brand","embeddable":true,"href":"https:\/\/shop.bantam.ch\/fr\/wp-json\/wp\/v2\/product_brand?post=195834"},{"taxonomy":"product_cat","embeddable":true,"href":"https:\/\/shop.bantam.ch\/fr\/wp-json\/wp\/v2\/product_cat?post=195834"},{"taxonomy":"product_tag","embeddable":true,"href":"https:\/\/shop.bantam.ch\/fr\/wp-json\/wp\/v2\/product_tag?post=195834"}],"curies":[{"name":"wp","href":"https:\/\/api.w.org\/{rel}","templated":true}]}}