{"id":195810,"date":"2024-05-15T15:44:18","date_gmt":"2024-05-15T13:44:18","guid":{"rendered":"https:\/\/shop.bantam.ch\/produit\/mitigeur-monocommande-reich-linnea-pour-la-douche-avec-interrupteur-et-douilles-couleur-noire\/"},"modified":"2026-04-17T23:05:08","modified_gmt":"2026-04-17T21:05:08","slug":"mitigeur-monocommande-reich-linnea-pour-la-douche-avec-interrupteur-et-douilles-couleur-noire","status":"publish","type":"product","link":"https:\/\/shop.bantam.ch\/fr\/produit\/mitigeur-monocommande-reich-linnea-pour-la-douche-avec-interrupteur-et-douilles-couleur-noire\/","title":{"rendered":"Mitigeur monocommande REICH Linnea pour la douche avec interrupteur et douilles couleur noire"},"content":{"rendered":"<p>La s\u00e9rie de robinetterie LINNEA se caract\u00e9rise par un langage des formes clair, une apparence \u00e9l\u00e9gante et un poids extr\u00eamement faible. Une exigence importante pour la conception de la s\u00e9rie de robinetterie LINNEA \u00e9tait non seulement de cr\u00e9er un produit classique et moderne, mais aussi de transmettre la grande valeur des mat\u00e9riaux utilis\u00e9s. Ainsi, la s\u00e9rie LINNEA propose toutes les variantes de mat\u00e9riaux : de la version enti\u00e8rement m\u00e9tallique \u00e0 la robinetterie en plastique de haute qualit\u00e9.<\/p>\n<ul>\n<li>Longueur du c\u00e2ble 600 mm<\/li>\n<li>Raccord standard A<\/li>\n<li>Raccords sur demande C, F, J, L<\/li>\n<li>Puissance de commutation 5 amp\u00e8res<\/li>\n<li>Pression max. Pression : 5 bar<\/li>\n<\/ul>\n","protected":false},"excerpt":{"rendered":"<p>La s\u00e9rie de robinetterie LINNEA se caract\u00e9rise par un langage des formes clair, une apparence \u00e9l\u00e9gante et un poids extr\u00eamement faible. Une exigence importante pour la conception de la s\u00e9rie de robinetterie LINNEA \u00e9tait non seulement de cr\u00e9er un produit classique et moderne, mais aussi de transmettre la grande valeur des mat\u00e9riaux utilis\u00e9s. Ainsi, la [&hellip;]<\/p>\n","protected":false},"featured_media":206726,"template":"","meta":{"_acf_changed":false},"product_featured_cat":[],"product_brand":[3112],"product_cat":[4573],"product_tag":[],"class_list":{"0":"post-195810","1":"product","2":"type-product","3":"status-publish","4":"has-post-thumbnail","6":"product_brand-reich","7":"product_cat-mitigeurs-et-robinets-deau-froide","9":"first","10":"instock","11":"taxable","12":"shipping-taxable","13":"purchasable","14":"product-type-simple"},"acf":[],"yoast_head":"<!-- This site is optimized with the Yoast SEO plugin v27.4 - https:\/\/yoast.com\/product\/yoast-seo-wordpress\/ -->\n<title>Mitigeur monocommande REICH Linnea pour la douche avec interrupteur et douilles couleur noire - Bantam Wankm\u00fcller SA<\/title>\n<meta name=\"robots\" content=\"index, follow, max-snippet:-1, max-image-preview:large, max-video-preview:-1\" \/>\n<link rel=\"canonical\" href=\"https:\/\/shop.bantam.ch\/fr\/produit\/mitigeur-monocommande-reich-linnea-pour-la-douche-avec-interrupteur-et-douilles-couleur-noire\/\" \/>\n<meta property=\"og:locale\" content=\"fr_FR\" \/>\n<meta property=\"og:type\" content=\"article\" \/>\n<meta property=\"og:title\" content=\"Mitigeur monocommande REICH Linnea pour la douche avec interrupteur et douilles couleur noire - Bantam Wankm\u00fcller SA\" \/>\n<meta property=\"og:description\" content=\"La s\u00e9rie de robinetterie LINNEA se caract\u00e9rise par un langage des formes clair, une apparence \u00e9l\u00e9gante et un poids extr\u00eamement faible. Une exigence importante pour la conception de la s\u00e9rie de robinetterie LINNEA \u00e9tait non seulement de cr\u00e9er un produit classique et moderne, mais aussi de transmettre la grande valeur des mat\u00e9riaux utilis\u00e9s. Ainsi, la [&hellip;]\" \/>\n<meta property=\"og:url\" content=\"https:\/\/shop.bantam.ch\/fr\/produit\/mitigeur-monocommande-reich-linnea-pour-la-douche-avec-interrupteur-et-douilles-couleur-noire\/\" \/>\n<meta property=\"og:site_name\" content=\"Bantam Wankm\u00fcller SA\" \/>\n<meta property=\"article:modified_time\" content=\"2026-04-17T21:05:08+00:00\" \/>\n<meta property=\"og:image\" content=\"https:\/\/shop.bantam.ch\/wp-content\/uploads\/2024\/05\/Movera-L-9957931100.jpg\" \/>\n\t<meta property=\"og:image:width\" content=\"640\" \/>\n\t<meta property=\"og:image:height\" content=\"480\" \/>\n\t<meta property=\"og:image:type\" content=\"image\/jpeg\" \/>\n<meta name=\"twitter:card\" content=\"summary_large_image\" \/>\n<meta name=\"twitter:label1\" content=\"Dur\u00e9e de lecture estim\u00e9e\" \/>\n\t<meta name=\"twitter:data1\" content=\"1 minute\" \/>\n<script type=\"application\/ld+json\" class=\"yoast-schema-graph\">{\"@context\":\"https:\\\/\\\/schema.org\",\"@graph\":[{\"@type\":\"WebPage\",\"@id\":\"https:\\\/\\\/shop.bantam.ch\\\/fr\\\/produit\\\/mitigeur-monocommande-reich-linnea-pour-la-douche-avec-interrupteur-et-douilles-couleur-noire\\\/\",\"url\":\"https:\\\/\\\/shop.bantam.ch\\\/fr\\\/produit\\\/mitigeur-monocommande-reich-linnea-pour-la-douche-avec-interrupteur-et-douilles-couleur-noire\\\/\",\"name\":\"Mitigeur monocommande REICH Linnea pour la douche avec interrupteur et douilles couleur noire - Bantam Wankm\u00fcller SA\",\"isPartOf\":{\"@id\":\"https:\\\/\\\/shop.bantam.ch\\\/fr\\\/#website\"},\"primaryImageOfPage\":{\"@id\":\"https:\\\/\\\/shop.bantam.ch\\\/fr\\\/produit\\\/mitigeur-monocommande-reich-linnea-pour-la-douche-avec-interrupteur-et-douilles-couleur-noire\\\/#primaryimage\"},\"image\":{\"@id\":\"https:\\\/\\\/shop.bantam.ch\\\/fr\\\/produit\\\/mitigeur-monocommande-reich-linnea-pour-la-douche-avec-interrupteur-et-douilles-couleur-noire\\\/#primaryimage\"},\"thumbnailUrl\":\"https:\\\/\\\/shop.bantam.ch\\\/wp-content\\\/uploads\\\/2024\\\/09\\\/Movera-L-9957931100.jpg\",\"datePublished\":\"2024-05-15T13:44:18+00:00\",\"dateModified\":\"2026-04-17T21:05:08+00:00\",\"breadcrumb\":{\"@id\":\"https:\\\/\\\/shop.bantam.ch\\\/fr\\\/produit\\\/mitigeur-monocommande-reich-linnea-pour-la-douche-avec-interrupteur-et-douilles-couleur-noire\\\/#breadcrumb\"},\"inLanguage\":\"fr-FR\",\"potentialAction\":[{\"@type\":\"ReadAction\",\"target\":[\"https:\\\/\\\/shop.bantam.ch\\\/fr\\\/produit\\\/mitigeur-monocommande-reich-linnea-pour-la-douche-avec-interrupteur-et-douilles-couleur-noire\\\/\"]}]},{\"@type\":\"ImageObject\",\"inLanguage\":\"fr-FR\",\"@id\":\"https:\\\/\\\/shop.bantam.ch\\\/fr\\\/produit\\\/mitigeur-monocommande-reich-linnea-pour-la-douche-avec-interrupteur-et-douilles-couleur-noire\\\/#primaryimage\",\"url\":\"https:\\\/\\\/shop.bantam.ch\\\/wp-content\\\/uploads\\\/2024\\\/09\\\/Movera-L-9957931100.jpg\",\"contentUrl\":\"https:\\\/\\\/shop.bantam.ch\\\/wp-content\\\/uploads\\\/2024\\\/09\\\/Movera-L-9957931100.jpg\",\"width\":640,\"height\":480},{\"@type\":\"BreadcrumbList\",\"@id\":\"https:\\\/\\\/shop.bantam.ch\\\/fr\\\/produit\\\/mitigeur-monocommande-reich-linnea-pour-la-douche-avec-interrupteur-et-douilles-couleur-noire\\\/#breadcrumb\",\"itemListElement\":[{\"@type\":\"ListItem\",\"position\":1,\"name\":\"Accueil\",\"item\":\"https:\\\/\\\/shop.bantam.ch\\\/fr\\\/\"},{\"@type\":\"ListItem\",\"position\":2,\"name\":\"Boutique\",\"item\":\"https:\\\/\\\/shop.bantam.ch\\\/fr\\\/boutique\\\/\"},{\"@type\":\"ListItem\",\"position\":3,\"name\":\"Mitigeur monocommande REICH Linnea pour la douche avec interrupteur et douilles couleur noire\"}]},{\"@type\":\"WebSite\",\"@id\":\"https:\\\/\\\/shop.bantam.ch\\\/fr\\\/#website\",\"url\":\"https:\\\/\\\/shop.bantam.ch\\\/fr\\\/\",\"name\":\"Bantam Wankm\u00fcller SA\",\"description\":\"\",\"publisher\":{\"@id\":\"https:\\\/\\\/shop.bantam.ch\\\/fr\\\/#organization\"},\"inLanguage\":\"fr-FR\"},{\"@type\":\"Organization\",\"@id\":\"https:\\\/\\\/shop.bantam.ch\\\/fr\\\/#organization\",\"name\":\"Bantam Wankm\u00fcller SA\",\"url\":\"https:\\\/\\\/shop.bantam.ch\\\/fr\\\/\",\"logo\":{\"@type\":\"ImageObject\",\"inLanguage\":\"fr-FR\",\"@id\":\"https:\\\/\\\/shop.bantam.ch\\\/fr\\\/#\\\/schema\\\/logo\\\/image\\\/\",\"url\":\"https:\\\/\\\/shop.bantam.ch\\\/wp-content\\\/uploads\\\/2022\\\/12\\\/bantam-logo.png\",\"contentUrl\":\"https:\\\/\\\/shop.bantam.ch\\\/wp-content\\\/uploads\\\/2022\\\/12\\\/bantam-logo.png\",\"width\":320,\"height\":71,\"caption\":\"Bantam Wankm\u00fcller SA\"},\"image\":{\"@id\":\"https:\\\/\\\/shop.bantam.ch\\\/fr\\\/#\\\/schema\\\/logo\\\/image\\\/\"}}]}<\/script>\n<!-- \/ Yoast SEO plugin. -->","yoast_head_json":{"title":"Mitigeur monocommande REICH Linnea pour la douche avec interrupteur et douilles couleur noire - Bantam Wankm\u00fcller SA","robots":{"index":"index","follow":"follow","max-snippet":"max-snippet:-1","max-image-preview":"max-image-preview:large","max-video-preview":"max-video-preview:-1"},"canonical":"https:\/\/shop.bantam.ch\/fr\/produit\/mitigeur-monocommande-reich-linnea-pour-la-douche-avec-interrupteur-et-douilles-couleur-noire\/","og_locale":"fr_FR","og_type":"article","og_title":"Mitigeur monocommande REICH Linnea pour la douche avec interrupteur et douilles couleur noire - Bantam Wankm\u00fcller SA","og_description":"La s\u00e9rie de robinetterie LINNEA se caract\u00e9rise par un langage des formes clair, une apparence \u00e9l\u00e9gante et un poids extr\u00eamement faible. Une exigence importante pour la conception de la s\u00e9rie de robinetterie LINNEA \u00e9tait non seulement de cr\u00e9er un produit classique et moderne, mais aussi de transmettre la grande valeur des mat\u00e9riaux utilis\u00e9s. Ainsi, la [&hellip;]","og_url":"https:\/\/shop.bantam.ch\/fr\/produit\/mitigeur-monocommande-reich-linnea-pour-la-douche-avec-interrupteur-et-douilles-couleur-noire\/","og_site_name":"Bantam Wankm\u00fcller SA","article_modified_time":"2026-04-17T21:05:08+00:00","og_image":[{"width":640,"height":480,"url":"https:\/\/shop.bantam.ch\/wp-content\/uploads\/2024\/05\/Movera-L-9957931100.jpg","type":"image\/jpeg"}],"twitter_card":"summary_large_image","twitter_misc":{"Dur\u00e9e de lecture estim\u00e9e":"1 minute"},"schema":{"@context":"https:\/\/schema.org","@graph":[{"@type":"WebPage","@id":"https:\/\/shop.bantam.ch\/fr\/produit\/mitigeur-monocommande-reich-linnea-pour-la-douche-avec-interrupteur-et-douilles-couleur-noire\/","url":"https:\/\/shop.bantam.ch\/fr\/produit\/mitigeur-monocommande-reich-linnea-pour-la-douche-avec-interrupteur-et-douilles-couleur-noire\/","name":"Mitigeur monocommande REICH Linnea pour la douche avec interrupteur et douilles couleur noire - Bantam Wankm\u00fcller SA","isPartOf":{"@id":"https:\/\/shop.bantam.ch\/fr\/#website"},"primaryImageOfPage":{"@id":"https:\/\/shop.bantam.ch\/fr\/produit\/mitigeur-monocommande-reich-linnea-pour-la-douche-avec-interrupteur-et-douilles-couleur-noire\/#primaryimage"},"image":{"@id":"https:\/\/shop.bantam.ch\/fr\/produit\/mitigeur-monocommande-reich-linnea-pour-la-douche-avec-interrupteur-et-douilles-couleur-noire\/#primaryimage"},"thumbnailUrl":"https:\/\/shop.bantam.ch\/wp-content\/uploads\/2024\/09\/Movera-L-9957931100.jpg","datePublished":"2024-05-15T13:44:18+00:00","dateModified":"2026-04-17T21:05:08+00:00","breadcrumb":{"@id":"https:\/\/shop.bantam.ch\/fr\/produit\/mitigeur-monocommande-reich-linnea-pour-la-douche-avec-interrupteur-et-douilles-couleur-noire\/#breadcrumb"},"inLanguage":"fr-FR","potentialAction":[{"@type":"ReadAction","target":["https:\/\/shop.bantam.ch\/fr\/produit\/mitigeur-monocommande-reich-linnea-pour-la-douche-avec-interrupteur-et-douilles-couleur-noire\/"]}]},{"@type":"ImageObject","inLanguage":"fr-FR","@id":"https:\/\/shop.bantam.ch\/fr\/produit\/mitigeur-monocommande-reich-linnea-pour-la-douche-avec-interrupteur-et-douilles-couleur-noire\/#primaryimage","url":"https:\/\/shop.bantam.ch\/wp-content\/uploads\/2024\/09\/Movera-L-9957931100.jpg","contentUrl":"https:\/\/shop.bantam.ch\/wp-content\/uploads\/2024\/09\/Movera-L-9957931100.jpg","width":640,"height":480},{"@type":"BreadcrumbList","@id":"https:\/\/shop.bantam.ch\/fr\/produit\/mitigeur-monocommande-reich-linnea-pour-la-douche-avec-interrupteur-et-douilles-couleur-noire\/#breadcrumb","itemListElement":[{"@type":"ListItem","position":1,"name":"Accueil","item":"https:\/\/shop.bantam.ch\/fr\/"},{"@type":"ListItem","position":2,"name":"Boutique","item":"https:\/\/shop.bantam.ch\/fr\/boutique\/"},{"@type":"ListItem","position":3,"name":"Mitigeur monocommande REICH Linnea pour la douche avec interrupteur et douilles couleur noire"}]},{"@type":"WebSite","@id":"https:\/\/shop.bantam.ch\/fr\/#website","url":"https:\/\/shop.bantam.ch\/fr\/","name":"Bantam Wankm\u00fcller SA","description":"","publisher":{"@id":"https:\/\/shop.bantam.ch\/fr\/#organization"},"inLanguage":"fr-FR"},{"@type":"Organization","@id":"https:\/\/shop.bantam.ch\/fr\/#organization","name":"Bantam Wankm\u00fcller SA","url":"https:\/\/shop.bantam.ch\/fr\/","logo":{"@type":"ImageObject","inLanguage":"fr-FR","@id":"https:\/\/shop.bantam.ch\/fr\/#\/schema\/logo\/image\/","url":"https:\/\/shop.bantam.ch\/wp-content\/uploads\/2022\/12\/bantam-logo.png","contentUrl":"https:\/\/shop.bantam.ch\/wp-content\/uploads\/2022\/12\/bantam-logo.png","width":320,"height":71,"caption":"Bantam Wankm\u00fcller SA"},"image":{"@id":"https:\/\/shop.bantam.ch\/fr\/#\/schema\/logo\/image\/"}}]}},"_links":{"self":[{"href":"https:\/\/shop.bantam.ch\/fr\/wp-json\/wp\/v2\/product\/195810","targetHints":{"allow":["GET"]}}],"collection":[{"href":"https:\/\/shop.bantam.ch\/fr\/wp-json\/wp\/v2\/product"}],"about":[{"href":"https:\/\/shop.bantam.ch\/fr\/wp-json\/wp\/v2\/types\/product"}],"wp:featuredmedia":[{"embeddable":true,"href":"https:\/\/shop.bantam.ch\/fr\/wp-json\/wp\/v2\/media\/206726"}],"wp:attachment":[{"href":"https:\/\/shop.bantam.ch\/fr\/wp-json\/wp\/v2\/media?parent=195810"}],"wp:term":[{"taxonomy":"product_featured_cat","embeddable":true,"href":"https:\/\/shop.bantam.ch\/fr\/wp-json\/wp\/v2\/product_featured_cat?post=195810"},{"taxonomy":"product_brand","embeddable":true,"href":"https:\/\/shop.bantam.ch\/fr\/wp-json\/wp\/v2\/product_brand?post=195810"},{"taxonomy":"product_cat","embeddable":true,"href":"https:\/\/shop.bantam.ch\/fr\/wp-json\/wp\/v2\/product_cat?post=195810"},{"taxonomy":"product_tag","embeddable":true,"href":"https:\/\/shop.bantam.ch\/fr\/wp-json\/wp\/v2\/product_tag?post=195810"}],"curies":[{"name":"wp","href":"https:\/\/api.w.org\/{rel}","templated":true}]}}