{"id":195734,"date":"2024-05-15T15:42:01","date_gmt":"2024-05-15T13:42:01","guid":{"rendered":"https:\/\/shop.bantam.ch\/produit\/kit-rechaud-primus-mimer-stove-kit-ii\/"},"modified":"2026-04-17T23:05:00","modified_gmt":"2026-04-17T21:05:00","slug":"kit-rechaud-primus-mimer-stove-kit-ii","status":"publish","type":"product","link":"https:\/\/shop.bantam.ch\/fr\/produit\/kit-rechaud-primus-mimer-stove-kit-ii\/","title":{"rendered":"Kit r\u00e9chaud PRIMUS Mimer Stove Kit II"},"content":{"rendered":"<p>Cette cuisine de camping classique, compos\u00e9e d&rsquo;un r\u00e9chaud robuste et fiable, de deux casseroles et d&rsquo;une po\u00eale \u00e0 frire, accompagnera des g\u00e9n\u00e9rations lors de leurs trekkings.<\/p>\n<p>&nbsp;<\/p>\n<p>Le kit Mimer offre une cuisine de trekking classique pour toute la famille. Fixe simplement et rapidement ton Mimer Stove sur ta cartouche de gaz, et en moins d&rsquo;une minute, ton r\u00e9chaud est pr\u00eat \u00e0 l&#8217;emploi. Les supports de casseroles robustes et la large flamme sont parfaits pour cuisiner jusqu&rsquo;\u00e0 trois personnes, et avec sa puissance de 2 800 W, le Mimer Stove fait bouillir un litre d&rsquo;eau en moins de quatre minutes. Fais cuire ton \u0153uf au petit d\u00e9jeuner dans la po\u00eale \u00e0 frire fournie et, lorsque tu es pr\u00eat \u00e0 partir, d\u00e9monte simplement ta cuisine de camping et empile tout dans la plus grande casserole, puis range-la dans le sac de transport en nylon.<\/p>\n<p>Traduit avec www.DeepL.com\/Translator (version gratuite)<\/p>\n","protected":false},"excerpt":{"rendered":"<p>Cette cuisine de camping classique, compos\u00e9e d&rsquo;un r\u00e9chaud robuste et fiable, de deux casseroles et d&rsquo;une po\u00eale \u00e0 frire, accompagnera des g\u00e9n\u00e9rations lors de leurs trekkings. &nbsp; Le kit Mimer offre une cuisine de trekking classique pour toute la famille. Fixe simplement et rapidement ton Mimer Stove sur ta cartouche de gaz, et en moins [&hellip;]<\/p>\n","protected":false},"featured_media":206720,"template":"","meta":{"_acf_changed":false},"product_featured_cat":[],"product_brand":[3414],"product_cat":[4305],"product_tag":[],"class_list":{"0":"post-195734","1":"product","2":"type-product","3":"status-publish","4":"has-post-thumbnail","6":"product_brand-primus","7":"product_cat-rechauds","9":"first","10":"instock","11":"taxable","12":"shipping-taxable","13":"purchasable","14":"product-type-simple"},"acf":[],"yoast_head":"<!-- This site is optimized with the Yoast SEO plugin v27.4 - https:\/\/yoast.com\/product\/yoast-seo-wordpress\/ -->\n<title>Kit r\u00e9chaud PRIMUS Mimer Stove Kit II - Bantam Wankm\u00fcller SA<\/title>\n<meta name=\"robots\" content=\"index, follow, max-snippet:-1, max-image-preview:large, max-video-preview:-1\" \/>\n<link rel=\"canonical\" href=\"https:\/\/shop.bantam.ch\/fr\/produit\/kit-rechaud-primus-mimer-stove-kit-ii\/\" \/>\n<meta property=\"og:locale\" content=\"fr_FR\" \/>\n<meta property=\"og:type\" content=\"article\" \/>\n<meta property=\"og:title\" content=\"Kit r\u00e9chaud PRIMUS Mimer Stove Kit II - Bantam Wankm\u00fcller SA\" \/>\n<meta property=\"og:description\" content=\"Cette cuisine de camping classique, compos\u00e9e d&rsquo;un r\u00e9chaud robuste et fiable, de deux casseroles et d&rsquo;une po\u00eale \u00e0 frire, accompagnera des g\u00e9n\u00e9rations lors de leurs trekkings. &nbsp; Le kit Mimer offre une cuisine de trekking classique pour toute la famille. Fixe simplement et rapidement ton Mimer Stove sur ta cartouche de gaz, et en moins [&hellip;]\" \/>\n<meta property=\"og:url\" content=\"https:\/\/shop.bantam.ch\/fr\/produit\/kit-rechaud-primus-mimer-stove-kit-ii\/\" \/>\n<meta property=\"og:site_name\" content=\"Bantam Wankm\u00fcller SA\" \/>\n<meta property=\"article:modified_time\" content=\"2026-04-17T21:05:00+00:00\" \/>\n<meta property=\"og:image\" content=\"https:\/\/shop.bantam.ch\/wp-content\/uploads\/2024\/05\/Movera-L-9957907100.jpg\" \/>\n\t<meta property=\"og:image:width\" content=\"640\" \/>\n\t<meta property=\"og:image:height\" content=\"552\" \/>\n\t<meta property=\"og:image:type\" content=\"image\/jpeg\" \/>\n<meta name=\"twitter:card\" content=\"summary_large_image\" \/>\n<meta name=\"twitter:label1\" content=\"Dur\u00e9e de lecture estim\u00e9e\" \/>\n\t<meta name=\"twitter:data1\" content=\"1 minute\" \/>\n<script type=\"application\/ld+json\" class=\"yoast-schema-graph\">{\"@context\":\"https:\\\/\\\/schema.org\",\"@graph\":[{\"@type\":\"WebPage\",\"@id\":\"https:\\\/\\\/shop.bantam.ch\\\/fr\\\/produit\\\/kit-rechaud-primus-mimer-stove-kit-ii\\\/\",\"url\":\"https:\\\/\\\/shop.bantam.ch\\\/fr\\\/produit\\\/kit-rechaud-primus-mimer-stove-kit-ii\\\/\",\"name\":\"Kit r\u00e9chaud PRIMUS Mimer Stove Kit II - Bantam Wankm\u00fcller SA\",\"isPartOf\":{\"@id\":\"https:\\\/\\\/shop.bantam.ch\\\/fr\\\/#website\"},\"primaryImageOfPage\":{\"@id\":\"https:\\\/\\\/shop.bantam.ch\\\/fr\\\/produit\\\/kit-rechaud-primus-mimer-stove-kit-ii\\\/#primaryimage\"},\"image\":{\"@id\":\"https:\\\/\\\/shop.bantam.ch\\\/fr\\\/produit\\\/kit-rechaud-primus-mimer-stove-kit-ii\\\/#primaryimage\"},\"thumbnailUrl\":\"https:\\\/\\\/shop.bantam.ch\\\/wp-content\\\/uploads\\\/2024\\\/09\\\/Movera-L-9957907100.jpg\",\"datePublished\":\"2024-05-15T13:42:01+00:00\",\"dateModified\":\"2026-04-17T21:05:00+00:00\",\"breadcrumb\":{\"@id\":\"https:\\\/\\\/shop.bantam.ch\\\/fr\\\/produit\\\/kit-rechaud-primus-mimer-stove-kit-ii\\\/#breadcrumb\"},\"inLanguage\":\"fr-FR\",\"potentialAction\":[{\"@type\":\"ReadAction\",\"target\":[\"https:\\\/\\\/shop.bantam.ch\\\/fr\\\/produit\\\/kit-rechaud-primus-mimer-stove-kit-ii\\\/\"]}]},{\"@type\":\"ImageObject\",\"inLanguage\":\"fr-FR\",\"@id\":\"https:\\\/\\\/shop.bantam.ch\\\/fr\\\/produit\\\/kit-rechaud-primus-mimer-stove-kit-ii\\\/#primaryimage\",\"url\":\"https:\\\/\\\/shop.bantam.ch\\\/wp-content\\\/uploads\\\/2024\\\/09\\\/Movera-L-9957907100.jpg\",\"contentUrl\":\"https:\\\/\\\/shop.bantam.ch\\\/wp-content\\\/uploads\\\/2024\\\/09\\\/Movera-L-9957907100.jpg\",\"width\":640,\"height\":552},{\"@type\":\"BreadcrumbList\",\"@id\":\"https:\\\/\\\/shop.bantam.ch\\\/fr\\\/produit\\\/kit-rechaud-primus-mimer-stove-kit-ii\\\/#breadcrumb\",\"itemListElement\":[{\"@type\":\"ListItem\",\"position\":1,\"name\":\"Accueil\",\"item\":\"https:\\\/\\\/shop.bantam.ch\\\/fr\\\/\"},{\"@type\":\"ListItem\",\"position\":2,\"name\":\"Boutique\",\"item\":\"https:\\\/\\\/shop.bantam.ch\\\/fr\\\/boutique\\\/\"},{\"@type\":\"ListItem\",\"position\":3,\"name\":\"Kit r\u00e9chaud PRIMUS Mimer Stove Kit II\"}]},{\"@type\":\"WebSite\",\"@id\":\"https:\\\/\\\/shop.bantam.ch\\\/fr\\\/#website\",\"url\":\"https:\\\/\\\/shop.bantam.ch\\\/fr\\\/\",\"name\":\"Bantam Wankm\u00fcller SA\",\"description\":\"\",\"publisher\":{\"@id\":\"https:\\\/\\\/shop.bantam.ch\\\/fr\\\/#organization\"},\"inLanguage\":\"fr-FR\"},{\"@type\":\"Organization\",\"@id\":\"https:\\\/\\\/shop.bantam.ch\\\/fr\\\/#organization\",\"name\":\"Bantam Wankm\u00fcller SA\",\"url\":\"https:\\\/\\\/shop.bantam.ch\\\/fr\\\/\",\"logo\":{\"@type\":\"ImageObject\",\"inLanguage\":\"fr-FR\",\"@id\":\"https:\\\/\\\/shop.bantam.ch\\\/fr\\\/#\\\/schema\\\/logo\\\/image\\\/\",\"url\":\"https:\\\/\\\/shop.bantam.ch\\\/wp-content\\\/uploads\\\/2022\\\/12\\\/bantam-logo.png\",\"contentUrl\":\"https:\\\/\\\/shop.bantam.ch\\\/wp-content\\\/uploads\\\/2022\\\/12\\\/bantam-logo.png\",\"width\":320,\"height\":71,\"caption\":\"Bantam Wankm\u00fcller SA\"},\"image\":{\"@id\":\"https:\\\/\\\/shop.bantam.ch\\\/fr\\\/#\\\/schema\\\/logo\\\/image\\\/\"}}]}<\/script>\n<!-- \/ Yoast SEO plugin. -->","yoast_head_json":{"title":"Kit r\u00e9chaud PRIMUS Mimer Stove Kit II - Bantam Wankm\u00fcller SA","robots":{"index":"index","follow":"follow","max-snippet":"max-snippet:-1","max-image-preview":"max-image-preview:large","max-video-preview":"max-video-preview:-1"},"canonical":"https:\/\/shop.bantam.ch\/fr\/produit\/kit-rechaud-primus-mimer-stove-kit-ii\/","og_locale":"fr_FR","og_type":"article","og_title":"Kit r\u00e9chaud PRIMUS Mimer Stove Kit II - Bantam Wankm\u00fcller SA","og_description":"Cette cuisine de camping classique, compos\u00e9e d&rsquo;un r\u00e9chaud robuste et fiable, de deux casseroles et d&rsquo;une po\u00eale \u00e0 frire, accompagnera des g\u00e9n\u00e9rations lors de leurs trekkings. &nbsp; Le kit Mimer offre une cuisine de trekking classique pour toute la famille. Fixe simplement et rapidement ton Mimer Stove sur ta cartouche de gaz, et en moins [&hellip;]","og_url":"https:\/\/shop.bantam.ch\/fr\/produit\/kit-rechaud-primus-mimer-stove-kit-ii\/","og_site_name":"Bantam Wankm\u00fcller SA","article_modified_time":"2026-04-17T21:05:00+00:00","og_image":[{"width":640,"height":552,"url":"https:\/\/shop.bantam.ch\/wp-content\/uploads\/2024\/05\/Movera-L-9957907100.jpg","type":"image\/jpeg"}],"twitter_card":"summary_large_image","twitter_misc":{"Dur\u00e9e de lecture estim\u00e9e":"1 minute"},"schema":{"@context":"https:\/\/schema.org","@graph":[{"@type":"WebPage","@id":"https:\/\/shop.bantam.ch\/fr\/produit\/kit-rechaud-primus-mimer-stove-kit-ii\/","url":"https:\/\/shop.bantam.ch\/fr\/produit\/kit-rechaud-primus-mimer-stove-kit-ii\/","name":"Kit r\u00e9chaud PRIMUS Mimer Stove Kit II - Bantam Wankm\u00fcller SA","isPartOf":{"@id":"https:\/\/shop.bantam.ch\/fr\/#website"},"primaryImageOfPage":{"@id":"https:\/\/shop.bantam.ch\/fr\/produit\/kit-rechaud-primus-mimer-stove-kit-ii\/#primaryimage"},"image":{"@id":"https:\/\/shop.bantam.ch\/fr\/produit\/kit-rechaud-primus-mimer-stove-kit-ii\/#primaryimage"},"thumbnailUrl":"https:\/\/shop.bantam.ch\/wp-content\/uploads\/2024\/09\/Movera-L-9957907100.jpg","datePublished":"2024-05-15T13:42:01+00:00","dateModified":"2026-04-17T21:05:00+00:00","breadcrumb":{"@id":"https:\/\/shop.bantam.ch\/fr\/produit\/kit-rechaud-primus-mimer-stove-kit-ii\/#breadcrumb"},"inLanguage":"fr-FR","potentialAction":[{"@type":"ReadAction","target":["https:\/\/shop.bantam.ch\/fr\/produit\/kit-rechaud-primus-mimer-stove-kit-ii\/"]}]},{"@type":"ImageObject","inLanguage":"fr-FR","@id":"https:\/\/shop.bantam.ch\/fr\/produit\/kit-rechaud-primus-mimer-stove-kit-ii\/#primaryimage","url":"https:\/\/shop.bantam.ch\/wp-content\/uploads\/2024\/09\/Movera-L-9957907100.jpg","contentUrl":"https:\/\/shop.bantam.ch\/wp-content\/uploads\/2024\/09\/Movera-L-9957907100.jpg","width":640,"height":552},{"@type":"BreadcrumbList","@id":"https:\/\/shop.bantam.ch\/fr\/produit\/kit-rechaud-primus-mimer-stove-kit-ii\/#breadcrumb","itemListElement":[{"@type":"ListItem","position":1,"name":"Accueil","item":"https:\/\/shop.bantam.ch\/fr\/"},{"@type":"ListItem","position":2,"name":"Boutique","item":"https:\/\/shop.bantam.ch\/fr\/boutique\/"},{"@type":"ListItem","position":3,"name":"Kit r\u00e9chaud PRIMUS Mimer Stove Kit II"}]},{"@type":"WebSite","@id":"https:\/\/shop.bantam.ch\/fr\/#website","url":"https:\/\/shop.bantam.ch\/fr\/","name":"Bantam Wankm\u00fcller SA","description":"","publisher":{"@id":"https:\/\/shop.bantam.ch\/fr\/#organization"},"inLanguage":"fr-FR"},{"@type":"Organization","@id":"https:\/\/shop.bantam.ch\/fr\/#organization","name":"Bantam Wankm\u00fcller SA","url":"https:\/\/shop.bantam.ch\/fr\/","logo":{"@type":"ImageObject","inLanguage":"fr-FR","@id":"https:\/\/shop.bantam.ch\/fr\/#\/schema\/logo\/image\/","url":"https:\/\/shop.bantam.ch\/wp-content\/uploads\/2022\/12\/bantam-logo.png","contentUrl":"https:\/\/shop.bantam.ch\/wp-content\/uploads\/2022\/12\/bantam-logo.png","width":320,"height":71,"caption":"Bantam Wankm\u00fcller SA"},"image":{"@id":"https:\/\/shop.bantam.ch\/fr\/#\/schema\/logo\/image\/"}}]}},"_links":{"self":[{"href":"https:\/\/shop.bantam.ch\/fr\/wp-json\/wp\/v2\/product\/195734","targetHints":{"allow":["GET"]}}],"collection":[{"href":"https:\/\/shop.bantam.ch\/fr\/wp-json\/wp\/v2\/product"}],"about":[{"href":"https:\/\/shop.bantam.ch\/fr\/wp-json\/wp\/v2\/types\/product"}],"wp:featuredmedia":[{"embeddable":true,"href":"https:\/\/shop.bantam.ch\/fr\/wp-json\/wp\/v2\/media\/206720"}],"wp:attachment":[{"href":"https:\/\/shop.bantam.ch\/fr\/wp-json\/wp\/v2\/media?parent=195734"}],"wp:term":[{"taxonomy":"product_featured_cat","embeddable":true,"href":"https:\/\/shop.bantam.ch\/fr\/wp-json\/wp\/v2\/product_featured_cat?post=195734"},{"taxonomy":"product_brand","embeddable":true,"href":"https:\/\/shop.bantam.ch\/fr\/wp-json\/wp\/v2\/product_brand?post=195734"},{"taxonomy":"product_cat","embeddable":true,"href":"https:\/\/shop.bantam.ch\/fr\/wp-json\/wp\/v2\/product_cat?post=195734"},{"taxonomy":"product_tag","embeddable":true,"href":"https:\/\/shop.bantam.ch\/fr\/wp-json\/wp\/v2\/product_tag?post=195734"}],"curies":[{"name":"wp","href":"https:\/\/api.w.org\/{rel}","templated":true}]}}