{"id":195690,"date":"2024-05-15T15:40:44","date_gmt":"2024-05-15T13:40:44","guid":{"rendered":"https:\/\/shop.bantam.ch\/produit\/adaptateur-rotatif-caratecflex-cfz103\/"},"modified":"2026-04-19T23:10:25","modified_gmt":"2026-04-19T21:10:25","slug":"adaptateur-rotatif-caratecflex-cfz103","status":"publish","type":"product","link":"https:\/\/shop.bantam.ch\/fr\/produit\/adaptateur-rotatif-caratecflex-cfz103\/","title":{"rendered":"Adaptateur rotatif caratecFlex CFZ103"},"content":{"rendered":"<p>Pour le montage vertical peu encombrant de t\u00e9l\u00e9viseurs. Permet de faire facilement pivoter le t\u00e9l\u00e9viseur dans la position de visualisation en le tournant de 90\u00b0. De grands t\u00e9l\u00e9viseurs peuvent \u00eatre mont\u00e9s de mani\u00e8re peu encombrante gr\u00e2ce \u00e0 cet adaptateur rotatif.<\/p>\n","protected":false},"excerpt":{"rendered":"<p>Pour le montage vertical peu encombrant de t\u00e9l\u00e9viseurs. Permet de faire facilement pivoter le t\u00e9l\u00e9viseur dans la position de visualisation en le tournant de 90\u00b0. De grands t\u00e9l\u00e9viseurs peuvent \u00eatre mont\u00e9s de mani\u00e8re peu encombrante gr\u00e2ce \u00e0 cet adaptateur rotatif.<\/p>\n","protected":false},"featured_media":206696,"template":"","meta":{"_acf_changed":false},"product_featured_cat":[],"product_brand":[3070],"product_cat":[4985],"product_tag":[],"class_list":{"0":"post-195690","1":"product","2":"type-product","3":"status-publish","4":"has-post-thumbnail","6":"product_brand-caratec","7":"product_cat-supports-tv","9":"first","10":"instock","11":"taxable","12":"shipping-taxable","13":"purchasable","14":"product-type-simple"},"acf":[],"yoast_head":"<!-- This site is optimized with the Yoast SEO plugin v27.4 - https:\/\/yoast.com\/product\/yoast-seo-wordpress\/ -->\n<title>Adaptateur rotatif caratecFlex CFZ103 - Bantam Wankm\u00fcller SA<\/title>\n<meta name=\"robots\" content=\"index, follow, max-snippet:-1, max-image-preview:large, max-video-preview:-1\" \/>\n<link rel=\"canonical\" href=\"https:\/\/shop.bantam.ch\/fr\/produit\/adaptateur-rotatif-caratecflex-cfz103\/\" \/>\n<meta property=\"og:locale\" content=\"fr_FR\" \/>\n<meta property=\"og:type\" content=\"article\" \/>\n<meta property=\"og:title\" content=\"Adaptateur rotatif caratecFlex CFZ103 - Bantam Wankm\u00fcller SA\" \/>\n<meta property=\"og:description\" content=\"Pour le montage vertical peu encombrant de t\u00e9l\u00e9viseurs. Permet de faire facilement pivoter le t\u00e9l\u00e9viseur dans la position de visualisation en le tournant de 90\u00b0. De grands t\u00e9l\u00e9viseurs peuvent \u00eatre mont\u00e9s de mani\u00e8re peu encombrante gr\u00e2ce \u00e0 cet adaptateur rotatif.\" \/>\n<meta property=\"og:url\" content=\"https:\/\/shop.bantam.ch\/fr\/produit\/adaptateur-rotatif-caratecflex-cfz103\/\" \/>\n<meta property=\"og:site_name\" content=\"Bantam Wankm\u00fcller SA\" \/>\n<meta property=\"article:modified_time\" content=\"2026-04-19T21:10:25+00:00\" \/>\n<meta property=\"og:image\" content=\"https:\/\/shop.bantam.ch\/wp-content\/uploads\/2024\/05\/Movera-L-9958343100.jpg\" \/>\n\t<meta property=\"og:image:width\" content=\"640\" \/>\n\t<meta property=\"og:image:height\" content=\"401\" \/>\n\t<meta property=\"og:image:type\" content=\"image\/jpeg\" \/>\n<meta name=\"twitter:card\" content=\"summary_large_image\" \/>\n<script type=\"application\/ld+json\" class=\"yoast-schema-graph\">{\"@context\":\"https:\\\/\\\/schema.org\",\"@graph\":[{\"@type\":\"WebPage\",\"@id\":\"https:\\\/\\\/shop.bantam.ch\\\/fr\\\/produit\\\/adaptateur-rotatif-caratecflex-cfz103\\\/\",\"url\":\"https:\\\/\\\/shop.bantam.ch\\\/fr\\\/produit\\\/adaptateur-rotatif-caratecflex-cfz103\\\/\",\"name\":\"Adaptateur rotatif caratecFlex CFZ103 - Bantam Wankm\u00fcller SA\",\"isPartOf\":{\"@id\":\"https:\\\/\\\/shop.bantam.ch\\\/fr\\\/#website\"},\"primaryImageOfPage\":{\"@id\":\"https:\\\/\\\/shop.bantam.ch\\\/fr\\\/produit\\\/adaptateur-rotatif-caratecflex-cfz103\\\/#primaryimage\"},\"image\":{\"@id\":\"https:\\\/\\\/shop.bantam.ch\\\/fr\\\/produit\\\/adaptateur-rotatif-caratecflex-cfz103\\\/#primaryimage\"},\"thumbnailUrl\":\"https:\\\/\\\/shop.bantam.ch\\\/wp-content\\\/uploads\\\/2024\\\/09\\\/Movera-L-9958343100.jpg\",\"datePublished\":\"2024-05-15T13:40:44+00:00\",\"dateModified\":\"2026-04-19T21:10:25+00:00\",\"breadcrumb\":{\"@id\":\"https:\\\/\\\/shop.bantam.ch\\\/fr\\\/produit\\\/adaptateur-rotatif-caratecflex-cfz103\\\/#breadcrumb\"},\"inLanguage\":\"fr-FR\",\"potentialAction\":[{\"@type\":\"ReadAction\",\"target\":[\"https:\\\/\\\/shop.bantam.ch\\\/fr\\\/produit\\\/adaptateur-rotatif-caratecflex-cfz103\\\/\"]}]},{\"@type\":\"ImageObject\",\"inLanguage\":\"fr-FR\",\"@id\":\"https:\\\/\\\/shop.bantam.ch\\\/fr\\\/produit\\\/adaptateur-rotatif-caratecflex-cfz103\\\/#primaryimage\",\"url\":\"https:\\\/\\\/shop.bantam.ch\\\/wp-content\\\/uploads\\\/2024\\\/09\\\/Movera-L-9958343100.jpg\",\"contentUrl\":\"https:\\\/\\\/shop.bantam.ch\\\/wp-content\\\/uploads\\\/2024\\\/09\\\/Movera-L-9958343100.jpg\",\"width\":640,\"height\":401},{\"@type\":\"BreadcrumbList\",\"@id\":\"https:\\\/\\\/shop.bantam.ch\\\/fr\\\/produit\\\/adaptateur-rotatif-caratecflex-cfz103\\\/#breadcrumb\",\"itemListElement\":[{\"@type\":\"ListItem\",\"position\":1,\"name\":\"Accueil\",\"item\":\"https:\\\/\\\/shop.bantam.ch\\\/fr\\\/\"},{\"@type\":\"ListItem\",\"position\":2,\"name\":\"Boutique\",\"item\":\"https:\\\/\\\/shop.bantam.ch\\\/fr\\\/boutique\\\/\"},{\"@type\":\"ListItem\",\"position\":3,\"name\":\"Adaptateur rotatif caratecFlex CFZ103\"}]},{\"@type\":\"WebSite\",\"@id\":\"https:\\\/\\\/shop.bantam.ch\\\/fr\\\/#website\",\"url\":\"https:\\\/\\\/shop.bantam.ch\\\/fr\\\/\",\"name\":\"Bantam Wankm\u00fcller SA\",\"description\":\"\",\"publisher\":{\"@id\":\"https:\\\/\\\/shop.bantam.ch\\\/fr\\\/#organization\"},\"inLanguage\":\"fr-FR\"},{\"@type\":\"Organization\",\"@id\":\"https:\\\/\\\/shop.bantam.ch\\\/fr\\\/#organization\",\"name\":\"Bantam Wankm\u00fcller SA\",\"url\":\"https:\\\/\\\/shop.bantam.ch\\\/fr\\\/\",\"logo\":{\"@type\":\"ImageObject\",\"inLanguage\":\"fr-FR\",\"@id\":\"https:\\\/\\\/shop.bantam.ch\\\/fr\\\/#\\\/schema\\\/logo\\\/image\\\/\",\"url\":\"https:\\\/\\\/shop.bantam.ch\\\/wp-content\\\/uploads\\\/2022\\\/12\\\/bantam-logo.png\",\"contentUrl\":\"https:\\\/\\\/shop.bantam.ch\\\/wp-content\\\/uploads\\\/2022\\\/12\\\/bantam-logo.png\",\"width\":320,\"height\":71,\"caption\":\"Bantam Wankm\u00fcller SA\"},\"image\":{\"@id\":\"https:\\\/\\\/shop.bantam.ch\\\/fr\\\/#\\\/schema\\\/logo\\\/image\\\/\"}}]}<\/script>\n<!-- \/ Yoast SEO plugin. -->","yoast_head_json":{"title":"Adaptateur rotatif caratecFlex CFZ103 - Bantam Wankm\u00fcller SA","robots":{"index":"index","follow":"follow","max-snippet":"max-snippet:-1","max-image-preview":"max-image-preview:large","max-video-preview":"max-video-preview:-1"},"canonical":"https:\/\/shop.bantam.ch\/fr\/produit\/adaptateur-rotatif-caratecflex-cfz103\/","og_locale":"fr_FR","og_type":"article","og_title":"Adaptateur rotatif caratecFlex CFZ103 - Bantam Wankm\u00fcller SA","og_description":"Pour le montage vertical peu encombrant de t\u00e9l\u00e9viseurs. Permet de faire facilement pivoter le t\u00e9l\u00e9viseur dans la position de visualisation en le tournant de 90\u00b0. De grands t\u00e9l\u00e9viseurs peuvent \u00eatre mont\u00e9s de mani\u00e8re peu encombrante gr\u00e2ce \u00e0 cet adaptateur rotatif.","og_url":"https:\/\/shop.bantam.ch\/fr\/produit\/adaptateur-rotatif-caratecflex-cfz103\/","og_site_name":"Bantam Wankm\u00fcller SA","article_modified_time":"2026-04-19T21:10:25+00:00","og_image":[{"width":640,"height":401,"url":"https:\/\/shop.bantam.ch\/wp-content\/uploads\/2024\/05\/Movera-L-9958343100.jpg","type":"image\/jpeg"}],"twitter_card":"summary_large_image","schema":{"@context":"https:\/\/schema.org","@graph":[{"@type":"WebPage","@id":"https:\/\/shop.bantam.ch\/fr\/produit\/adaptateur-rotatif-caratecflex-cfz103\/","url":"https:\/\/shop.bantam.ch\/fr\/produit\/adaptateur-rotatif-caratecflex-cfz103\/","name":"Adaptateur rotatif caratecFlex CFZ103 - Bantam Wankm\u00fcller SA","isPartOf":{"@id":"https:\/\/shop.bantam.ch\/fr\/#website"},"primaryImageOfPage":{"@id":"https:\/\/shop.bantam.ch\/fr\/produit\/adaptateur-rotatif-caratecflex-cfz103\/#primaryimage"},"image":{"@id":"https:\/\/shop.bantam.ch\/fr\/produit\/adaptateur-rotatif-caratecflex-cfz103\/#primaryimage"},"thumbnailUrl":"https:\/\/shop.bantam.ch\/wp-content\/uploads\/2024\/09\/Movera-L-9958343100.jpg","datePublished":"2024-05-15T13:40:44+00:00","dateModified":"2026-04-19T21:10:25+00:00","breadcrumb":{"@id":"https:\/\/shop.bantam.ch\/fr\/produit\/adaptateur-rotatif-caratecflex-cfz103\/#breadcrumb"},"inLanguage":"fr-FR","potentialAction":[{"@type":"ReadAction","target":["https:\/\/shop.bantam.ch\/fr\/produit\/adaptateur-rotatif-caratecflex-cfz103\/"]}]},{"@type":"ImageObject","inLanguage":"fr-FR","@id":"https:\/\/shop.bantam.ch\/fr\/produit\/adaptateur-rotatif-caratecflex-cfz103\/#primaryimage","url":"https:\/\/shop.bantam.ch\/wp-content\/uploads\/2024\/09\/Movera-L-9958343100.jpg","contentUrl":"https:\/\/shop.bantam.ch\/wp-content\/uploads\/2024\/09\/Movera-L-9958343100.jpg","width":640,"height":401},{"@type":"BreadcrumbList","@id":"https:\/\/shop.bantam.ch\/fr\/produit\/adaptateur-rotatif-caratecflex-cfz103\/#breadcrumb","itemListElement":[{"@type":"ListItem","position":1,"name":"Accueil","item":"https:\/\/shop.bantam.ch\/fr\/"},{"@type":"ListItem","position":2,"name":"Boutique","item":"https:\/\/shop.bantam.ch\/fr\/boutique\/"},{"@type":"ListItem","position":3,"name":"Adaptateur rotatif caratecFlex CFZ103"}]},{"@type":"WebSite","@id":"https:\/\/shop.bantam.ch\/fr\/#website","url":"https:\/\/shop.bantam.ch\/fr\/","name":"Bantam Wankm\u00fcller SA","description":"","publisher":{"@id":"https:\/\/shop.bantam.ch\/fr\/#organization"},"inLanguage":"fr-FR"},{"@type":"Organization","@id":"https:\/\/shop.bantam.ch\/fr\/#organization","name":"Bantam Wankm\u00fcller SA","url":"https:\/\/shop.bantam.ch\/fr\/","logo":{"@type":"ImageObject","inLanguage":"fr-FR","@id":"https:\/\/shop.bantam.ch\/fr\/#\/schema\/logo\/image\/","url":"https:\/\/shop.bantam.ch\/wp-content\/uploads\/2022\/12\/bantam-logo.png","contentUrl":"https:\/\/shop.bantam.ch\/wp-content\/uploads\/2022\/12\/bantam-logo.png","width":320,"height":71,"caption":"Bantam Wankm\u00fcller SA"},"image":{"@id":"https:\/\/shop.bantam.ch\/fr\/#\/schema\/logo\/image\/"}}]}},"_links":{"self":[{"href":"https:\/\/shop.bantam.ch\/fr\/wp-json\/wp\/v2\/product\/195690","targetHints":{"allow":["GET"]}}],"collection":[{"href":"https:\/\/shop.bantam.ch\/fr\/wp-json\/wp\/v2\/product"}],"about":[{"href":"https:\/\/shop.bantam.ch\/fr\/wp-json\/wp\/v2\/types\/product"}],"wp:featuredmedia":[{"embeddable":true,"href":"https:\/\/shop.bantam.ch\/fr\/wp-json\/wp\/v2\/media\/206696"}],"wp:attachment":[{"href":"https:\/\/shop.bantam.ch\/fr\/wp-json\/wp\/v2\/media?parent=195690"}],"wp:term":[{"taxonomy":"product_featured_cat","embeddable":true,"href":"https:\/\/shop.bantam.ch\/fr\/wp-json\/wp\/v2\/product_featured_cat?post=195690"},{"taxonomy":"product_brand","embeddable":true,"href":"https:\/\/shop.bantam.ch\/fr\/wp-json\/wp\/v2\/product_brand?post=195690"},{"taxonomy":"product_cat","embeddable":true,"href":"https:\/\/shop.bantam.ch\/fr\/wp-json\/wp\/v2\/product_cat?post=195690"},{"taxonomy":"product_tag","embeddable":true,"href":"https:\/\/shop.bantam.ch\/fr\/wp-json\/wp\/v2\/product_tag?post=195690"}],"curies":[{"name":"wp","href":"https:\/\/api.w.org\/{rel}","templated":true}]}}