{"id":195676,"date":"2024-05-15T15:40:17","date_gmt":"2024-05-15T13:40:17","guid":{"rendered":"https:\/\/shop.bantam.ch\/produit\/moule-en-aluminium-avec-couv-en-carton-omnia-5-pcs\/"},"modified":"2026-04-18T23:07:56","modified_gmt":"2026-04-18T21:07:56","slug":"moule-en-aluminium-avec-couv-en-carton-omnia-5-pcs","status":"publish","type":"product","link":"https:\/\/shop.bantam.ch\/fr\/produit\/moule-en-aluminium-avec-couv-en-carton-omnia-5-pcs\/","title":{"rendered":"Moule en aluminium avec couv. en carton OMNIA, 5 pcs"},"content":{"rendered":"<p>Pr\u00e9parez le repas \u00e0 la maison, versez-le dans le moule en aluminium et emportez-le. Placez ensuite simplement le moule dans le four de l&rsquo;Omnia pour le r\u00e9chauffer. Vous pouvez \u00e9galement congeler le repas, l&#8217;emporter et le d\u00e9congeler dans votre Omnia.<\/p>\n<p>Apr\u00e8s une longue semaine de travail, le premier soir en tourn\u00e9e, c&rsquo;est meilleur que le fast-food et c&rsquo;est aussi plus sain.<\/p>\n<p>Astuce : un plat congel\u00e9 dans un moule en aluminium peut \u00e9galement \u00eatre utilis\u00e9 comme accumulateur de froid dans le sac isotherme.<\/p>\n<p><strong>Utilisation<\/strong><\/p>\n<p>Le moule en aluminium Omnia a \u00e9t\u00e9 sp\u00e9cialement con\u00e7u pour le four Omnia. Placez le moule en aluminium dans votre Omnia, retirez le couvercle en carton et repliez les bords du moule en aluminium de mani\u00e8re \u00e0 ce que le couvercle s&rsquo;adapte et se place correctement. Chauffez\/d\u00e9congelez \u00e0 une temp\u00e9rature basse \u00e0 moyenne.<\/p>\n","protected":false},"excerpt":{"rendered":"<p>Pr\u00e9parez le repas \u00e0 la maison, versez-le dans le moule en aluminium et emportez-le. Placez ensuite simplement le moule dans le four de l&rsquo;Omnia pour le r\u00e9chauffer. Vous pouvez \u00e9galement congeler le repas, l&#8217;emporter et le d\u00e9congeler dans votre Omnia. Apr\u00e8s une longue semaine de travail, le premier soir en tourn\u00e9e, c&rsquo;est meilleur que le [&hellip;]<\/p>\n","protected":false},"featured_media":206690,"template":"","meta":{"_acf_changed":false},"product_featured_cat":[],"product_brand":[3292],"product_cat":[4339],"product_tag":[],"class_list":{"0":"post-195676","1":"product","2":"type-product","3":"status-publish","4":"has-post-thumbnail","6":"product_brand-omnia","7":"product_cat-accessoires-pour-barbecue","9":"first","10":"instock","11":"taxable","12":"shipping-taxable","13":"purchasable","14":"product-type-simple"},"acf":[],"yoast_head":"<!-- This site is optimized with the Yoast SEO plugin v27.4 - https:\/\/yoast.com\/product\/yoast-seo-wordpress\/ -->\n<title>Moule en aluminium avec couv. en carton OMNIA, 5 pcs - Bantam Wankm\u00fcller SA<\/title>\n<meta name=\"robots\" content=\"index, follow, max-snippet:-1, max-image-preview:large, max-video-preview:-1\" \/>\n<link rel=\"canonical\" href=\"https:\/\/shop.bantam.ch\/fr\/produit\/moule-en-aluminium-avec-couv-en-carton-omnia-5-pcs\/\" \/>\n<meta property=\"og:locale\" content=\"fr_FR\" \/>\n<meta property=\"og:type\" content=\"article\" \/>\n<meta property=\"og:title\" content=\"Moule en aluminium avec couv. en carton OMNIA, 5 pcs - Bantam Wankm\u00fcller SA\" \/>\n<meta property=\"og:description\" content=\"Pr\u00e9parez le repas \u00e0 la maison, versez-le dans le moule en aluminium et emportez-le. Placez ensuite simplement le moule dans le four de l&rsquo;Omnia pour le r\u00e9chauffer. Vous pouvez \u00e9galement congeler le repas, l&#8217;emporter et le d\u00e9congeler dans votre Omnia. Apr\u00e8s une longue semaine de travail, le premier soir en tourn\u00e9e, c&rsquo;est meilleur que le [&hellip;]\" \/>\n<meta property=\"og:url\" content=\"https:\/\/shop.bantam.ch\/fr\/produit\/moule-en-aluminium-avec-couv-en-carton-omnia-5-pcs\/\" \/>\n<meta property=\"og:site_name\" content=\"Bantam Wankm\u00fcller SA\" \/>\n<meta property=\"article:modified_time\" content=\"2026-04-18T21:07:56+00:00\" \/>\n<meta property=\"og:image\" content=\"https:\/\/shop.bantam.ch\/wp-content\/uploads\/2024\/05\/Movera-L-9957905100.png\" \/>\n\t<meta property=\"og:image:width\" content=\"640\" \/>\n\t<meta property=\"og:image:height\" content=\"340\" \/>\n\t<meta property=\"og:image:type\" content=\"image\/png\" \/>\n<meta name=\"twitter:card\" content=\"summary_large_image\" \/>\n<meta name=\"twitter:label1\" content=\"Dur\u00e9e de lecture estim\u00e9e\" \/>\n\t<meta name=\"twitter:data1\" content=\"1 minute\" \/>\n<script type=\"application\/ld+json\" class=\"yoast-schema-graph\">{\"@context\":\"https:\\\/\\\/schema.org\",\"@graph\":[{\"@type\":\"WebPage\",\"@id\":\"https:\\\/\\\/shop.bantam.ch\\\/fr\\\/produit\\\/moule-en-aluminium-avec-couv-en-carton-omnia-5-pcs\\\/\",\"url\":\"https:\\\/\\\/shop.bantam.ch\\\/fr\\\/produit\\\/moule-en-aluminium-avec-couv-en-carton-omnia-5-pcs\\\/\",\"name\":\"Moule en aluminium avec couv. en carton OMNIA, 5 pcs - Bantam Wankm\u00fcller SA\",\"isPartOf\":{\"@id\":\"https:\\\/\\\/shop.bantam.ch\\\/fr\\\/#website\"},\"primaryImageOfPage\":{\"@id\":\"https:\\\/\\\/shop.bantam.ch\\\/fr\\\/produit\\\/moule-en-aluminium-avec-couv-en-carton-omnia-5-pcs\\\/#primaryimage\"},\"image\":{\"@id\":\"https:\\\/\\\/shop.bantam.ch\\\/fr\\\/produit\\\/moule-en-aluminium-avec-couv-en-carton-omnia-5-pcs\\\/#primaryimage\"},\"thumbnailUrl\":\"https:\\\/\\\/shop.bantam.ch\\\/wp-content\\\/uploads\\\/2024\\\/09\\\/Movera-L-9957905100.png\",\"datePublished\":\"2024-05-15T13:40:17+00:00\",\"dateModified\":\"2026-04-18T21:07:56+00:00\",\"breadcrumb\":{\"@id\":\"https:\\\/\\\/shop.bantam.ch\\\/fr\\\/produit\\\/moule-en-aluminium-avec-couv-en-carton-omnia-5-pcs\\\/#breadcrumb\"},\"inLanguage\":\"fr-FR\",\"potentialAction\":[{\"@type\":\"ReadAction\",\"target\":[\"https:\\\/\\\/shop.bantam.ch\\\/fr\\\/produit\\\/moule-en-aluminium-avec-couv-en-carton-omnia-5-pcs\\\/\"]}]},{\"@type\":\"ImageObject\",\"inLanguage\":\"fr-FR\",\"@id\":\"https:\\\/\\\/shop.bantam.ch\\\/fr\\\/produit\\\/moule-en-aluminium-avec-couv-en-carton-omnia-5-pcs\\\/#primaryimage\",\"url\":\"https:\\\/\\\/shop.bantam.ch\\\/wp-content\\\/uploads\\\/2024\\\/09\\\/Movera-L-9957905100.png\",\"contentUrl\":\"https:\\\/\\\/shop.bantam.ch\\\/wp-content\\\/uploads\\\/2024\\\/09\\\/Movera-L-9957905100.png\",\"width\":640,\"height\":340},{\"@type\":\"BreadcrumbList\",\"@id\":\"https:\\\/\\\/shop.bantam.ch\\\/fr\\\/produit\\\/moule-en-aluminium-avec-couv-en-carton-omnia-5-pcs\\\/#breadcrumb\",\"itemListElement\":[{\"@type\":\"ListItem\",\"position\":1,\"name\":\"Accueil\",\"item\":\"https:\\\/\\\/shop.bantam.ch\\\/fr\\\/\"},{\"@type\":\"ListItem\",\"position\":2,\"name\":\"Boutique\",\"item\":\"https:\\\/\\\/shop.bantam.ch\\\/fr\\\/boutique\\\/\"},{\"@type\":\"ListItem\",\"position\":3,\"name\":\"Moule en aluminium avec couv. en carton OMNIA, 5 pcs\"}]},{\"@type\":\"WebSite\",\"@id\":\"https:\\\/\\\/shop.bantam.ch\\\/fr\\\/#website\",\"url\":\"https:\\\/\\\/shop.bantam.ch\\\/fr\\\/\",\"name\":\"Bantam Wankm\u00fcller SA\",\"description\":\"\",\"publisher\":{\"@id\":\"https:\\\/\\\/shop.bantam.ch\\\/fr\\\/#organization\"},\"inLanguage\":\"fr-FR\"},{\"@type\":\"Organization\",\"@id\":\"https:\\\/\\\/shop.bantam.ch\\\/fr\\\/#organization\",\"name\":\"Bantam Wankm\u00fcller SA\",\"url\":\"https:\\\/\\\/shop.bantam.ch\\\/fr\\\/\",\"logo\":{\"@type\":\"ImageObject\",\"inLanguage\":\"fr-FR\",\"@id\":\"https:\\\/\\\/shop.bantam.ch\\\/fr\\\/#\\\/schema\\\/logo\\\/image\\\/\",\"url\":\"https:\\\/\\\/shop.bantam.ch\\\/wp-content\\\/uploads\\\/2022\\\/12\\\/bantam-logo.png\",\"contentUrl\":\"https:\\\/\\\/shop.bantam.ch\\\/wp-content\\\/uploads\\\/2022\\\/12\\\/bantam-logo.png\",\"width\":320,\"height\":71,\"caption\":\"Bantam Wankm\u00fcller SA\"},\"image\":{\"@id\":\"https:\\\/\\\/shop.bantam.ch\\\/fr\\\/#\\\/schema\\\/logo\\\/image\\\/\"}}]}<\/script>\n<!-- \/ Yoast SEO plugin. -->","yoast_head_json":{"title":"Moule en aluminium avec couv. en carton OMNIA, 5 pcs - Bantam Wankm\u00fcller SA","robots":{"index":"index","follow":"follow","max-snippet":"max-snippet:-1","max-image-preview":"max-image-preview:large","max-video-preview":"max-video-preview:-1"},"canonical":"https:\/\/shop.bantam.ch\/fr\/produit\/moule-en-aluminium-avec-couv-en-carton-omnia-5-pcs\/","og_locale":"fr_FR","og_type":"article","og_title":"Moule en aluminium avec couv. en carton OMNIA, 5 pcs - Bantam Wankm\u00fcller SA","og_description":"Pr\u00e9parez le repas \u00e0 la maison, versez-le dans le moule en aluminium et emportez-le. Placez ensuite simplement le moule dans le four de l&rsquo;Omnia pour le r\u00e9chauffer. Vous pouvez \u00e9galement congeler le repas, l&#8217;emporter et le d\u00e9congeler dans votre Omnia. Apr\u00e8s une longue semaine de travail, le premier soir en tourn\u00e9e, c&rsquo;est meilleur que le [&hellip;]","og_url":"https:\/\/shop.bantam.ch\/fr\/produit\/moule-en-aluminium-avec-couv-en-carton-omnia-5-pcs\/","og_site_name":"Bantam Wankm\u00fcller SA","article_modified_time":"2026-04-18T21:07:56+00:00","og_image":[{"width":640,"height":340,"url":"https:\/\/shop.bantam.ch\/wp-content\/uploads\/2024\/05\/Movera-L-9957905100.png","type":"image\/png"}],"twitter_card":"summary_large_image","twitter_misc":{"Dur\u00e9e de lecture estim\u00e9e":"1 minute"},"schema":{"@context":"https:\/\/schema.org","@graph":[{"@type":"WebPage","@id":"https:\/\/shop.bantam.ch\/fr\/produit\/moule-en-aluminium-avec-couv-en-carton-omnia-5-pcs\/","url":"https:\/\/shop.bantam.ch\/fr\/produit\/moule-en-aluminium-avec-couv-en-carton-omnia-5-pcs\/","name":"Moule en aluminium avec couv. en carton OMNIA, 5 pcs - Bantam Wankm\u00fcller SA","isPartOf":{"@id":"https:\/\/shop.bantam.ch\/fr\/#website"},"primaryImageOfPage":{"@id":"https:\/\/shop.bantam.ch\/fr\/produit\/moule-en-aluminium-avec-couv-en-carton-omnia-5-pcs\/#primaryimage"},"image":{"@id":"https:\/\/shop.bantam.ch\/fr\/produit\/moule-en-aluminium-avec-couv-en-carton-omnia-5-pcs\/#primaryimage"},"thumbnailUrl":"https:\/\/shop.bantam.ch\/wp-content\/uploads\/2024\/09\/Movera-L-9957905100.png","datePublished":"2024-05-15T13:40:17+00:00","dateModified":"2026-04-18T21:07:56+00:00","breadcrumb":{"@id":"https:\/\/shop.bantam.ch\/fr\/produit\/moule-en-aluminium-avec-couv-en-carton-omnia-5-pcs\/#breadcrumb"},"inLanguage":"fr-FR","potentialAction":[{"@type":"ReadAction","target":["https:\/\/shop.bantam.ch\/fr\/produit\/moule-en-aluminium-avec-couv-en-carton-omnia-5-pcs\/"]}]},{"@type":"ImageObject","inLanguage":"fr-FR","@id":"https:\/\/shop.bantam.ch\/fr\/produit\/moule-en-aluminium-avec-couv-en-carton-omnia-5-pcs\/#primaryimage","url":"https:\/\/shop.bantam.ch\/wp-content\/uploads\/2024\/09\/Movera-L-9957905100.png","contentUrl":"https:\/\/shop.bantam.ch\/wp-content\/uploads\/2024\/09\/Movera-L-9957905100.png","width":640,"height":340},{"@type":"BreadcrumbList","@id":"https:\/\/shop.bantam.ch\/fr\/produit\/moule-en-aluminium-avec-couv-en-carton-omnia-5-pcs\/#breadcrumb","itemListElement":[{"@type":"ListItem","position":1,"name":"Accueil","item":"https:\/\/shop.bantam.ch\/fr\/"},{"@type":"ListItem","position":2,"name":"Boutique","item":"https:\/\/shop.bantam.ch\/fr\/boutique\/"},{"@type":"ListItem","position":3,"name":"Moule en aluminium avec couv. en carton OMNIA, 5 pcs"}]},{"@type":"WebSite","@id":"https:\/\/shop.bantam.ch\/fr\/#website","url":"https:\/\/shop.bantam.ch\/fr\/","name":"Bantam Wankm\u00fcller SA","description":"","publisher":{"@id":"https:\/\/shop.bantam.ch\/fr\/#organization"},"inLanguage":"fr-FR"},{"@type":"Organization","@id":"https:\/\/shop.bantam.ch\/fr\/#organization","name":"Bantam Wankm\u00fcller SA","url":"https:\/\/shop.bantam.ch\/fr\/","logo":{"@type":"ImageObject","inLanguage":"fr-FR","@id":"https:\/\/shop.bantam.ch\/fr\/#\/schema\/logo\/image\/","url":"https:\/\/shop.bantam.ch\/wp-content\/uploads\/2022\/12\/bantam-logo.png","contentUrl":"https:\/\/shop.bantam.ch\/wp-content\/uploads\/2022\/12\/bantam-logo.png","width":320,"height":71,"caption":"Bantam Wankm\u00fcller SA"},"image":{"@id":"https:\/\/shop.bantam.ch\/fr\/#\/schema\/logo\/image\/"}}]}},"_links":{"self":[{"href":"https:\/\/shop.bantam.ch\/fr\/wp-json\/wp\/v2\/product\/195676","targetHints":{"allow":["GET"]}}],"collection":[{"href":"https:\/\/shop.bantam.ch\/fr\/wp-json\/wp\/v2\/product"}],"about":[{"href":"https:\/\/shop.bantam.ch\/fr\/wp-json\/wp\/v2\/types\/product"}],"wp:featuredmedia":[{"embeddable":true,"href":"https:\/\/shop.bantam.ch\/fr\/wp-json\/wp\/v2\/media\/206690"}],"wp:attachment":[{"href":"https:\/\/shop.bantam.ch\/fr\/wp-json\/wp\/v2\/media?parent=195676"}],"wp:term":[{"taxonomy":"product_featured_cat","embeddable":true,"href":"https:\/\/shop.bantam.ch\/fr\/wp-json\/wp\/v2\/product_featured_cat?post=195676"},{"taxonomy":"product_brand","embeddable":true,"href":"https:\/\/shop.bantam.ch\/fr\/wp-json\/wp\/v2\/product_brand?post=195676"},{"taxonomy":"product_cat","embeddable":true,"href":"https:\/\/shop.bantam.ch\/fr\/wp-json\/wp\/v2\/product_cat?post=195676"},{"taxonomy":"product_tag","embeddable":true,"href":"https:\/\/shop.bantam.ch\/fr\/wp-json\/wp\/v2\/product_tag?post=195676"}],"curies":[{"name":"wp","href":"https:\/\/api.w.org\/{rel}","templated":true}]}}