{"id":195672,"date":"2024-05-15T15:40:09","date_gmt":"2024-05-15T13:40:09","guid":{"rendered":"https:\/\/shop.bantam.ch\/produit\/set-de-moules-de-cuisson-en-silicone-omnia-6-pieces\/"},"modified":"2026-04-22T23:05:13","modified_gmt":"2026-04-22T21:05:13","slug":"set-de-moules-de-cuisson-en-silicone-omnia-6-pieces","status":"publish","type":"product","link":"https:\/\/shop.bantam.ch\/fr\/produit\/set-de-moules-de-cuisson-en-silicone-omnia-6-pieces\/","title":{"rendered":"Set de moules de cuisson en silicone OMNIA, 6 pi\u00e8ces"},"content":{"rendered":"<p>Un set de six moules en silicone en forme de demi ou de quart de pi\u00e8ce.<\/p>\n<p>Vous avez envie de tapas ou d&rsquo;autres petits plats ? Les moules en silicone de taille enti\u00e8re, moiti\u00e9 et quart sont parfaits si vous souhaitez pr\u00e9parer ou r\u00e9chauffer plusieurs petits plats en m\u00eame temps. De plus, ils ne prennent pratiquement pas de place.<\/p>\n<ul>\n<li>Plage de temp\u00e9rature : -30 \u00e0 260\u00b0C maximum<\/li>\n<p>.\n<\/ul>\n","protected":false},"excerpt":{"rendered":"<p>Un set de six moules en silicone en forme de demi ou de quart de pi\u00e8ce. Vous avez envie de tapas ou d&rsquo;autres petits plats ? Les moules en silicone de taille enti\u00e8re, moiti\u00e9 et quart sont parfaits si vous souhaitez pr\u00e9parer ou r\u00e9chauffer plusieurs petits plats en m\u00eame temps. De plus, ils ne prennent [&hellip;]<\/p>\n","protected":false},"featured_media":206688,"template":"","meta":{"_acf_changed":false},"product_featured_cat":[],"product_brand":[3292],"product_cat":[4339,4341],"product_tag":[],"class_list":{"0":"post-195672","1":"product","2":"type-product","3":"status-publish","4":"has-post-thumbnail","6":"product_brand-omnia","7":"product_cat-accessoires-pour-barbecue","8":"product_cat-accessoires-pour-rechaud","10":"first","11":"instock","12":"taxable","13":"shipping-taxable","14":"purchasable","15":"product-type-simple"},"acf":[],"yoast_head":"<!-- This site is optimized with the Yoast SEO plugin v27.4 - https:\/\/yoast.com\/product\/yoast-seo-wordpress\/ -->\n<title>Set de moules de cuisson en silicone OMNIA, 6 pi\u00e8ces - Bantam Wankm\u00fcller SA<\/title>\n<meta name=\"robots\" content=\"index, follow, max-snippet:-1, max-image-preview:large, max-video-preview:-1\" \/>\n<link rel=\"canonical\" href=\"https:\/\/shop.bantam.ch\/fr\/produit\/set-de-moules-de-cuisson-en-silicone-omnia-6-pieces\/\" \/>\n<meta property=\"og:locale\" content=\"fr_FR\" \/>\n<meta property=\"og:type\" content=\"article\" \/>\n<meta property=\"og:title\" content=\"Set de moules de cuisson en silicone OMNIA, 6 pi\u00e8ces - Bantam Wankm\u00fcller SA\" \/>\n<meta property=\"og:description\" content=\"Un set de six moules en silicone en forme de demi ou de quart de pi\u00e8ce. Vous avez envie de tapas ou d&rsquo;autres petits plats ? Les moules en silicone de taille enti\u00e8re, moiti\u00e9 et quart sont parfaits si vous souhaitez pr\u00e9parer ou r\u00e9chauffer plusieurs petits plats en m\u00eame temps. De plus, ils ne prennent [&hellip;]\" \/>\n<meta property=\"og:url\" content=\"https:\/\/shop.bantam.ch\/fr\/produit\/set-de-moules-de-cuisson-en-silicone-omnia-6-pieces\/\" \/>\n<meta property=\"og:site_name\" content=\"Bantam Wankm\u00fcller SA\" \/>\n<meta property=\"article:modified_time\" content=\"2026-04-22T21:05:13+00:00\" \/>\n<meta property=\"og:image\" content=\"https:\/\/shop.bantam.ch\/wp-content\/uploads\/2024\/05\/Movera-L-9957904100.jpg\" \/>\n\t<meta property=\"og:image:width\" content=\"640\" \/>\n\t<meta property=\"og:image:height\" content=\"621\" \/>\n\t<meta property=\"og:image:type\" content=\"image\/jpeg\" \/>\n<meta name=\"twitter:card\" content=\"summary_large_image\" \/>\n<script type=\"application\/ld+json\" class=\"yoast-schema-graph\">{\"@context\":\"https:\\\/\\\/schema.org\",\"@graph\":[{\"@type\":\"WebPage\",\"@id\":\"https:\\\/\\\/shop.bantam.ch\\\/fr\\\/produit\\\/set-de-moules-de-cuisson-en-silicone-omnia-6-pieces\\\/\",\"url\":\"https:\\\/\\\/shop.bantam.ch\\\/fr\\\/produit\\\/set-de-moules-de-cuisson-en-silicone-omnia-6-pieces\\\/\",\"name\":\"Set de moules de cuisson en silicone OMNIA, 6 pi\u00e8ces - Bantam Wankm\u00fcller SA\",\"isPartOf\":{\"@id\":\"https:\\\/\\\/shop.bantam.ch\\\/fr\\\/#website\"},\"primaryImageOfPage\":{\"@id\":\"https:\\\/\\\/shop.bantam.ch\\\/fr\\\/produit\\\/set-de-moules-de-cuisson-en-silicone-omnia-6-pieces\\\/#primaryimage\"},\"image\":{\"@id\":\"https:\\\/\\\/shop.bantam.ch\\\/fr\\\/produit\\\/set-de-moules-de-cuisson-en-silicone-omnia-6-pieces\\\/#primaryimage\"},\"thumbnailUrl\":\"https:\\\/\\\/shop.bantam.ch\\\/wp-content\\\/uploads\\\/2024\\\/09\\\/Movera-L-9957904100.jpg\",\"datePublished\":\"2024-05-15T13:40:09+00:00\",\"dateModified\":\"2026-04-22T21:05:13+00:00\",\"breadcrumb\":{\"@id\":\"https:\\\/\\\/shop.bantam.ch\\\/fr\\\/produit\\\/set-de-moules-de-cuisson-en-silicone-omnia-6-pieces\\\/#breadcrumb\"},\"inLanguage\":\"fr-FR\",\"potentialAction\":[{\"@type\":\"ReadAction\",\"target\":[\"https:\\\/\\\/shop.bantam.ch\\\/fr\\\/produit\\\/set-de-moules-de-cuisson-en-silicone-omnia-6-pieces\\\/\"]}]},{\"@type\":\"ImageObject\",\"inLanguage\":\"fr-FR\",\"@id\":\"https:\\\/\\\/shop.bantam.ch\\\/fr\\\/produit\\\/set-de-moules-de-cuisson-en-silicone-omnia-6-pieces\\\/#primaryimage\",\"url\":\"https:\\\/\\\/shop.bantam.ch\\\/wp-content\\\/uploads\\\/2024\\\/09\\\/Movera-L-9957904100.jpg\",\"contentUrl\":\"https:\\\/\\\/shop.bantam.ch\\\/wp-content\\\/uploads\\\/2024\\\/09\\\/Movera-L-9957904100.jpg\",\"width\":640,\"height\":621},{\"@type\":\"BreadcrumbList\",\"@id\":\"https:\\\/\\\/shop.bantam.ch\\\/fr\\\/produit\\\/set-de-moules-de-cuisson-en-silicone-omnia-6-pieces\\\/#breadcrumb\",\"itemListElement\":[{\"@type\":\"ListItem\",\"position\":1,\"name\":\"Accueil\",\"item\":\"https:\\\/\\\/shop.bantam.ch\\\/fr\\\/\"},{\"@type\":\"ListItem\",\"position\":2,\"name\":\"Boutique\",\"item\":\"https:\\\/\\\/shop.bantam.ch\\\/fr\\\/boutique\\\/\"},{\"@type\":\"ListItem\",\"position\":3,\"name\":\"Set de moules de cuisson en silicone OMNIA, 6 pi\u00e8ces\"}]},{\"@type\":\"WebSite\",\"@id\":\"https:\\\/\\\/shop.bantam.ch\\\/fr\\\/#website\",\"url\":\"https:\\\/\\\/shop.bantam.ch\\\/fr\\\/\",\"name\":\"Bantam Wankm\u00fcller SA\",\"description\":\"\",\"publisher\":{\"@id\":\"https:\\\/\\\/shop.bantam.ch\\\/fr\\\/#organization\"},\"inLanguage\":\"fr-FR\"},{\"@type\":\"Organization\",\"@id\":\"https:\\\/\\\/shop.bantam.ch\\\/fr\\\/#organization\",\"name\":\"Bantam Wankm\u00fcller SA\",\"url\":\"https:\\\/\\\/shop.bantam.ch\\\/fr\\\/\",\"logo\":{\"@type\":\"ImageObject\",\"inLanguage\":\"fr-FR\",\"@id\":\"https:\\\/\\\/shop.bantam.ch\\\/fr\\\/#\\\/schema\\\/logo\\\/image\\\/\",\"url\":\"https:\\\/\\\/shop.bantam.ch\\\/wp-content\\\/uploads\\\/2022\\\/12\\\/bantam-logo.png\",\"contentUrl\":\"https:\\\/\\\/shop.bantam.ch\\\/wp-content\\\/uploads\\\/2022\\\/12\\\/bantam-logo.png\",\"width\":320,\"height\":71,\"caption\":\"Bantam Wankm\u00fcller SA\"},\"image\":{\"@id\":\"https:\\\/\\\/shop.bantam.ch\\\/fr\\\/#\\\/schema\\\/logo\\\/image\\\/\"}}]}<\/script>\n<!-- \/ Yoast SEO plugin. -->","yoast_head_json":{"title":"Set de moules de cuisson en silicone OMNIA, 6 pi\u00e8ces - Bantam Wankm\u00fcller SA","robots":{"index":"index","follow":"follow","max-snippet":"max-snippet:-1","max-image-preview":"max-image-preview:large","max-video-preview":"max-video-preview:-1"},"canonical":"https:\/\/shop.bantam.ch\/fr\/produit\/set-de-moules-de-cuisson-en-silicone-omnia-6-pieces\/","og_locale":"fr_FR","og_type":"article","og_title":"Set de moules de cuisson en silicone OMNIA, 6 pi\u00e8ces - Bantam Wankm\u00fcller SA","og_description":"Un set de six moules en silicone en forme de demi ou de quart de pi\u00e8ce. Vous avez envie de tapas ou d&rsquo;autres petits plats ? Les moules en silicone de taille enti\u00e8re, moiti\u00e9 et quart sont parfaits si vous souhaitez pr\u00e9parer ou r\u00e9chauffer plusieurs petits plats en m\u00eame temps. De plus, ils ne prennent [&hellip;]","og_url":"https:\/\/shop.bantam.ch\/fr\/produit\/set-de-moules-de-cuisson-en-silicone-omnia-6-pieces\/","og_site_name":"Bantam Wankm\u00fcller SA","article_modified_time":"2026-04-22T21:05:13+00:00","og_image":[{"width":640,"height":621,"url":"https:\/\/shop.bantam.ch\/wp-content\/uploads\/2024\/05\/Movera-L-9957904100.jpg","type":"image\/jpeg"}],"twitter_card":"summary_large_image","schema":{"@context":"https:\/\/schema.org","@graph":[{"@type":"WebPage","@id":"https:\/\/shop.bantam.ch\/fr\/produit\/set-de-moules-de-cuisson-en-silicone-omnia-6-pieces\/","url":"https:\/\/shop.bantam.ch\/fr\/produit\/set-de-moules-de-cuisson-en-silicone-omnia-6-pieces\/","name":"Set de moules de cuisson en silicone OMNIA, 6 pi\u00e8ces - Bantam Wankm\u00fcller SA","isPartOf":{"@id":"https:\/\/shop.bantam.ch\/fr\/#website"},"primaryImageOfPage":{"@id":"https:\/\/shop.bantam.ch\/fr\/produit\/set-de-moules-de-cuisson-en-silicone-omnia-6-pieces\/#primaryimage"},"image":{"@id":"https:\/\/shop.bantam.ch\/fr\/produit\/set-de-moules-de-cuisson-en-silicone-omnia-6-pieces\/#primaryimage"},"thumbnailUrl":"https:\/\/shop.bantam.ch\/wp-content\/uploads\/2024\/09\/Movera-L-9957904100.jpg","datePublished":"2024-05-15T13:40:09+00:00","dateModified":"2026-04-22T21:05:13+00:00","breadcrumb":{"@id":"https:\/\/shop.bantam.ch\/fr\/produit\/set-de-moules-de-cuisson-en-silicone-omnia-6-pieces\/#breadcrumb"},"inLanguage":"fr-FR","potentialAction":[{"@type":"ReadAction","target":["https:\/\/shop.bantam.ch\/fr\/produit\/set-de-moules-de-cuisson-en-silicone-omnia-6-pieces\/"]}]},{"@type":"ImageObject","inLanguage":"fr-FR","@id":"https:\/\/shop.bantam.ch\/fr\/produit\/set-de-moules-de-cuisson-en-silicone-omnia-6-pieces\/#primaryimage","url":"https:\/\/shop.bantam.ch\/wp-content\/uploads\/2024\/09\/Movera-L-9957904100.jpg","contentUrl":"https:\/\/shop.bantam.ch\/wp-content\/uploads\/2024\/09\/Movera-L-9957904100.jpg","width":640,"height":621},{"@type":"BreadcrumbList","@id":"https:\/\/shop.bantam.ch\/fr\/produit\/set-de-moules-de-cuisson-en-silicone-omnia-6-pieces\/#breadcrumb","itemListElement":[{"@type":"ListItem","position":1,"name":"Accueil","item":"https:\/\/shop.bantam.ch\/fr\/"},{"@type":"ListItem","position":2,"name":"Boutique","item":"https:\/\/shop.bantam.ch\/fr\/boutique\/"},{"@type":"ListItem","position":3,"name":"Set de moules de cuisson en silicone OMNIA, 6 pi\u00e8ces"}]},{"@type":"WebSite","@id":"https:\/\/shop.bantam.ch\/fr\/#website","url":"https:\/\/shop.bantam.ch\/fr\/","name":"Bantam Wankm\u00fcller SA","description":"","publisher":{"@id":"https:\/\/shop.bantam.ch\/fr\/#organization"},"inLanguage":"fr-FR"},{"@type":"Organization","@id":"https:\/\/shop.bantam.ch\/fr\/#organization","name":"Bantam Wankm\u00fcller SA","url":"https:\/\/shop.bantam.ch\/fr\/","logo":{"@type":"ImageObject","inLanguage":"fr-FR","@id":"https:\/\/shop.bantam.ch\/fr\/#\/schema\/logo\/image\/","url":"https:\/\/shop.bantam.ch\/wp-content\/uploads\/2022\/12\/bantam-logo.png","contentUrl":"https:\/\/shop.bantam.ch\/wp-content\/uploads\/2022\/12\/bantam-logo.png","width":320,"height":71,"caption":"Bantam Wankm\u00fcller SA"},"image":{"@id":"https:\/\/shop.bantam.ch\/fr\/#\/schema\/logo\/image\/"}}]}},"_links":{"self":[{"href":"https:\/\/shop.bantam.ch\/fr\/wp-json\/wp\/v2\/product\/195672","targetHints":{"allow":["GET"]}}],"collection":[{"href":"https:\/\/shop.bantam.ch\/fr\/wp-json\/wp\/v2\/product"}],"about":[{"href":"https:\/\/shop.bantam.ch\/fr\/wp-json\/wp\/v2\/types\/product"}],"wp:featuredmedia":[{"embeddable":true,"href":"https:\/\/shop.bantam.ch\/fr\/wp-json\/wp\/v2\/media\/206688"}],"wp:attachment":[{"href":"https:\/\/shop.bantam.ch\/fr\/wp-json\/wp\/v2\/media?parent=195672"}],"wp:term":[{"taxonomy":"product_featured_cat","embeddable":true,"href":"https:\/\/shop.bantam.ch\/fr\/wp-json\/wp\/v2\/product_featured_cat?post=195672"},{"taxonomy":"product_brand","embeddable":true,"href":"https:\/\/shop.bantam.ch\/fr\/wp-json\/wp\/v2\/product_brand?post=195672"},{"taxonomy":"product_cat","embeddable":true,"href":"https:\/\/shop.bantam.ch\/fr\/wp-json\/wp\/v2\/product_cat?post=195672"},{"taxonomy":"product_tag","embeddable":true,"href":"https:\/\/shop.bantam.ch\/fr\/wp-json\/wp\/v2\/product_tag?post=195672"}],"curies":[{"name":"wp","href":"https:\/\/api.w.org\/{rel}","templated":true}]}}