{"id":195656,"date":"2024-05-15T15:39:42","date_gmt":"2024-05-15T13:39:42","guid":{"rendered":"https:\/\/shop.bantam.ch\/produit\/cartouche-certec-inline-lilie-6-en-1\/"},"modified":"2026-05-01T23:01:17","modified_gmt":"2026-05-01T21:01:17","slug":"cartouche-certec-inline-lilie-6-en-1","status":"publish","type":"product","link":"https:\/\/shop.bantam.ch\/fr\/produit\/cartouche-certec-inline-lilie-6-en-1\/","title":{"rendered":"Cartouche Certec Inline LILIE 6 en 1"},"content":{"rendered":"<p>Les cartouches LILIE atteignent un d\u00e9bit remarquable avec une perte de charge extr\u00eamement faible. Ce n\u2019est qu\u2019ainsi qu\u2019en usage mobile, assez d\u2019eau peut couler \u00e0 pression correspondante. Les impuret\u00e9s sont alors filtr\u00e9es de fa\u00e7on fiable.<br \/>Milieu filtrant et mode d\u2019action :<\/p>\n<ul>\n<li>C\u00e9ramique Certec\u00ae,<\/li>\n<li>Bioelektro D\u00e9p\u00f4t Plus, auto-r\u00e9gul\u00e9,<\/li>\n<li>D\u00e9bit \u00e9lev\u00e9,<\/li>\n<li>Charbon actif bio coco<\/li>\n<li>Retire les germes (m\u00eame s\u2019il y a de l\u2019eau)<\/li>\n<li>Seuil de coupure : 0,3 \u00b5m<\/li>\n<li>Dur\u00e9e de vie : 15 000 L ou 6 mois<\/li>\n<li>D\u00e9bit : 14 l\/min.<\/li>\n<li>Perte de charge : max. 0,6 bar<\/li>\n<\/ul>\n<p>Ces substances sont filtr\u00e9es de fa\u00e7on fiable avec LILIE Certec\u00ae 6 en 1.<br \/>Amiante : 100 %<br \/>Bact\u00e9ries\/champignons\/germes : 99,99 % *<br \/>Virus : 99,9 %<br \/>Chlore : 99,9 %<br \/>Mauvaise odeur\/go\u00fbt : 100 %<br \/>Hydrocarbures CKW : 99,9 %<br \/>Pesticides\/d\u00e9sinfectants : &gt; 98 %<br \/>Particules radioactives : 99,9 %<br \/>Salet\u00e9\/s\u00e9diments: 99,9 %<br \/>M\u00e9taux lourds : 96 %<br \/>Plomb : 99 %<br \/>Cuivre, argent : 99 %<br \/>* par ex. : Giardia Lamblia Cysten, Amibes Cysten, EneinKoli, Cwryptosporidien Cysten<\/p>\n","protected":false},"excerpt":{"rendered":"<p>Les cartouches LILIE atteignent un d\u00e9bit remarquable avec une perte de charge extr\u00eamement faible. Ce n\u2019est qu\u2019ainsi qu\u2019en usage mobile, assez d\u2019eau peut couler \u00e0 pression correspondante. Les impuret\u00e9s sont alors filtr\u00e9es de fa\u00e7on fiable.Milieu filtrant et mode d\u2019action : C\u00e9ramique Certec\u00ae, Bioelektro D\u00e9p\u00f4t Plus, auto-r\u00e9gul\u00e9, D\u00e9bit \u00e9lev\u00e9, Charbon actif bio coco Retire les germes [&hellip;]<\/p>\n","protected":false},"featured_media":206674,"template":"","meta":{"_acf_changed":false},"product_featured_cat":[],"product_brand":[3108],"product_cat":[4615],"product_tag":[],"class_list":{"0":"post-195656","1":"product","2":"type-product","3":"status-publish","4":"has-post-thumbnail","6":"product_brand-lilie","7":"product_cat-filtres-a-eau","9":"first","10":"instock","11":"taxable","12":"shipping-taxable","13":"purchasable","14":"product-type-simple"},"acf":[],"yoast_head":"<!-- This site is optimized with the Yoast SEO plugin v27.5 - https:\/\/yoast.com\/product\/yoast-seo-wordpress\/ -->\n<title>Cartouche Certec Inline LILIE 6 en 1 - Bantam<\/title>\n<meta name=\"robots\" content=\"index, follow, max-snippet:-1, max-image-preview:large, max-video-preview:-1\" \/>\n<link rel=\"canonical\" href=\"https:\/\/shop.bantam.ch\/fr\/produit\/cartouche-certec-inline-lilie-6-en-1\/\" \/>\n<meta property=\"og:locale\" content=\"fr_FR\" \/>\n<meta property=\"og:type\" content=\"article\" \/>\n<meta property=\"og:title\" content=\"Cartouche Certec Inline LILIE 6 en 1 - Bantam\" \/>\n<meta property=\"og:description\" content=\"Les cartouches LILIE atteignent un d\u00e9bit remarquable avec une perte de charge extr\u00eamement faible. Ce n\u2019est qu\u2019ainsi qu\u2019en usage mobile, assez d\u2019eau peut couler \u00e0 pression correspondante. Les impuret\u00e9s sont alors filtr\u00e9es de fa\u00e7on fiable.Milieu filtrant et mode d\u2019action : C\u00e9ramique Certec\u00ae, Bioelektro D\u00e9p\u00f4t Plus, auto-r\u00e9gul\u00e9, D\u00e9bit \u00e9lev\u00e9, Charbon actif bio coco Retire les germes [&hellip;]\" \/>\n<meta property=\"og:url\" content=\"https:\/\/shop.bantam.ch\/fr\/produit\/cartouche-certec-inline-lilie-6-en-1\/\" \/>\n<meta property=\"og:site_name\" content=\"Bantam\" \/>\n<meta property=\"article:modified_time\" content=\"2026-05-01T21:01:17+00:00\" \/>\n<meta property=\"og:image\" content=\"https:\/\/shop.bantam.ch\/wp-content\/uploads\/2024\/05\/Movera-L-9957863100.jpg\" \/>\n\t<meta property=\"og:image:width\" content=\"640\" \/>\n\t<meta property=\"og:image:height\" content=\"790\" \/>\n\t<meta property=\"og:image:type\" content=\"image\/jpeg\" \/>\n<meta name=\"twitter:card\" content=\"summary_large_image\" \/>\n<meta name=\"twitter:label1\" content=\"Dur\u00e9e de lecture estim\u00e9e\" \/>\n\t<meta name=\"twitter:data1\" content=\"1 minute\" \/>\n<script type=\"application\/ld+json\" class=\"yoast-schema-graph\">{\"@context\":\"https:\\\/\\\/schema.org\",\"@graph\":[{\"@type\":\"WebPage\",\"@id\":\"https:\\\/\\\/shop.bantam.ch\\\/fr\\\/produit\\\/cartouche-certec-inline-lilie-6-en-1\\\/\",\"url\":\"https:\\\/\\\/shop.bantam.ch\\\/fr\\\/produit\\\/cartouche-certec-inline-lilie-6-en-1\\\/\",\"name\":\"Cartouche Certec Inline LILIE 6 en 1 - Bantam\",\"isPartOf\":{\"@id\":\"https:\\\/\\\/shop.bantam.ch\\\/fr\\\/#website\"},\"primaryImageOfPage\":{\"@id\":\"https:\\\/\\\/shop.bantam.ch\\\/fr\\\/produit\\\/cartouche-certec-inline-lilie-6-en-1\\\/#primaryimage\"},\"image\":{\"@id\":\"https:\\\/\\\/shop.bantam.ch\\\/fr\\\/produit\\\/cartouche-certec-inline-lilie-6-en-1\\\/#primaryimage\"},\"thumbnailUrl\":\"https:\\\/\\\/shop.bantam.ch\\\/wp-content\\\/uploads\\\/2024\\\/09\\\/Movera-L-9957863100.jpg\",\"datePublished\":\"2024-05-15T13:39:42+00:00\",\"dateModified\":\"2026-05-01T21:01:17+00:00\",\"breadcrumb\":{\"@id\":\"https:\\\/\\\/shop.bantam.ch\\\/fr\\\/produit\\\/cartouche-certec-inline-lilie-6-en-1\\\/#breadcrumb\"},\"inLanguage\":\"fr-FR\",\"potentialAction\":[{\"@type\":\"ReadAction\",\"target\":[\"https:\\\/\\\/shop.bantam.ch\\\/fr\\\/produit\\\/cartouche-certec-inline-lilie-6-en-1\\\/\"]}]},{\"@type\":\"ImageObject\",\"inLanguage\":\"fr-FR\",\"@id\":\"https:\\\/\\\/shop.bantam.ch\\\/fr\\\/produit\\\/cartouche-certec-inline-lilie-6-en-1\\\/#primaryimage\",\"url\":\"https:\\\/\\\/shop.bantam.ch\\\/wp-content\\\/uploads\\\/2024\\\/09\\\/Movera-L-9957863100.jpg\",\"contentUrl\":\"https:\\\/\\\/shop.bantam.ch\\\/wp-content\\\/uploads\\\/2024\\\/09\\\/Movera-L-9957863100.jpg\",\"width\":640,\"height\":790},{\"@type\":\"BreadcrumbList\",\"@id\":\"https:\\\/\\\/shop.bantam.ch\\\/fr\\\/produit\\\/cartouche-certec-inline-lilie-6-en-1\\\/#breadcrumb\",\"itemListElement\":[{\"@type\":\"ListItem\",\"position\":1,\"name\":\"Accueil\",\"item\":\"https:\\\/\\\/shop.bantam.ch\\\/fr\\\/\"},{\"@type\":\"ListItem\",\"position\":2,\"name\":\"Boutique\",\"item\":\"https:\\\/\\\/shop.bantam.ch\\\/fr\\\/boutique\\\/\"},{\"@type\":\"ListItem\",\"position\":3,\"name\":\"Cartouche Certec Inline LILIE 6 en 1\"}]},{\"@type\":\"WebSite\",\"@id\":\"https:\\\/\\\/shop.bantam.ch\\\/fr\\\/#website\",\"url\":\"https:\\\/\\\/shop.bantam.ch\\\/fr\\\/\",\"name\":\"Bantam\",\"description\":\"\",\"publisher\":{\"@id\":\"https:\\\/\\\/shop.bantam.ch\\\/fr\\\/#organization\"},\"inLanguage\":\"fr-FR\"},{\"@type\":\"Organization\",\"@id\":\"https:\\\/\\\/shop.bantam.ch\\\/fr\\\/#organization\",\"name\":\"Bantam\",\"url\":\"https:\\\/\\\/shop.bantam.ch\\\/fr\\\/\",\"logo\":{\"@type\":\"ImageObject\",\"inLanguage\":\"fr-FR\",\"@id\":\"https:\\\/\\\/shop.bantam.ch\\\/fr\\\/#\\\/schema\\\/logo\\\/image\\\/\",\"url\":\"https:\\\/\\\/shop.bantam.ch\\\/wp-content\\\/uploads\\\/2022\\\/12\\\/bantam-logo.png\",\"contentUrl\":\"https:\\\/\\\/shop.bantam.ch\\\/wp-content\\\/uploads\\\/2022\\\/12\\\/bantam-logo.png\",\"width\":320,\"height\":71,\"caption\":\"Bantam\"},\"image\":{\"@id\":\"https:\\\/\\\/shop.bantam.ch\\\/fr\\\/#\\\/schema\\\/logo\\\/image\\\/\"}}]}<\/script>\n<!-- \/ Yoast SEO plugin. -->","yoast_head_json":{"title":"Cartouche Certec Inline LILIE 6 en 1 - Bantam","robots":{"index":"index","follow":"follow","max-snippet":"max-snippet:-1","max-image-preview":"max-image-preview:large","max-video-preview":"max-video-preview:-1"},"canonical":"https:\/\/shop.bantam.ch\/fr\/produit\/cartouche-certec-inline-lilie-6-en-1\/","og_locale":"fr_FR","og_type":"article","og_title":"Cartouche Certec Inline LILIE 6 en 1 - Bantam","og_description":"Les cartouches LILIE atteignent un d\u00e9bit remarquable avec une perte de charge extr\u00eamement faible. Ce n\u2019est qu\u2019ainsi qu\u2019en usage mobile, assez d\u2019eau peut couler \u00e0 pression correspondante. Les impuret\u00e9s sont alors filtr\u00e9es de fa\u00e7on fiable.Milieu filtrant et mode d\u2019action : C\u00e9ramique Certec\u00ae, Bioelektro D\u00e9p\u00f4t Plus, auto-r\u00e9gul\u00e9, D\u00e9bit \u00e9lev\u00e9, Charbon actif bio coco Retire les germes [&hellip;]","og_url":"https:\/\/shop.bantam.ch\/fr\/produit\/cartouche-certec-inline-lilie-6-en-1\/","og_site_name":"Bantam","article_modified_time":"2026-05-01T21:01:17+00:00","og_image":[{"width":640,"height":790,"url":"https:\/\/shop.bantam.ch\/wp-content\/uploads\/2024\/05\/Movera-L-9957863100.jpg","type":"image\/jpeg"}],"twitter_card":"summary_large_image","twitter_misc":{"Dur\u00e9e de lecture estim\u00e9e":"1 minute"},"schema":{"@context":"https:\/\/schema.org","@graph":[{"@type":"WebPage","@id":"https:\/\/shop.bantam.ch\/fr\/produit\/cartouche-certec-inline-lilie-6-en-1\/","url":"https:\/\/shop.bantam.ch\/fr\/produit\/cartouche-certec-inline-lilie-6-en-1\/","name":"Cartouche Certec Inline LILIE 6 en 1 - Bantam","isPartOf":{"@id":"https:\/\/shop.bantam.ch\/fr\/#website"},"primaryImageOfPage":{"@id":"https:\/\/shop.bantam.ch\/fr\/produit\/cartouche-certec-inline-lilie-6-en-1\/#primaryimage"},"image":{"@id":"https:\/\/shop.bantam.ch\/fr\/produit\/cartouche-certec-inline-lilie-6-en-1\/#primaryimage"},"thumbnailUrl":"https:\/\/shop.bantam.ch\/wp-content\/uploads\/2024\/09\/Movera-L-9957863100.jpg","datePublished":"2024-05-15T13:39:42+00:00","dateModified":"2026-05-01T21:01:17+00:00","breadcrumb":{"@id":"https:\/\/shop.bantam.ch\/fr\/produit\/cartouche-certec-inline-lilie-6-en-1\/#breadcrumb"},"inLanguage":"fr-FR","potentialAction":[{"@type":"ReadAction","target":["https:\/\/shop.bantam.ch\/fr\/produit\/cartouche-certec-inline-lilie-6-en-1\/"]}]},{"@type":"ImageObject","inLanguage":"fr-FR","@id":"https:\/\/shop.bantam.ch\/fr\/produit\/cartouche-certec-inline-lilie-6-en-1\/#primaryimage","url":"https:\/\/shop.bantam.ch\/wp-content\/uploads\/2024\/09\/Movera-L-9957863100.jpg","contentUrl":"https:\/\/shop.bantam.ch\/wp-content\/uploads\/2024\/09\/Movera-L-9957863100.jpg","width":640,"height":790},{"@type":"BreadcrumbList","@id":"https:\/\/shop.bantam.ch\/fr\/produit\/cartouche-certec-inline-lilie-6-en-1\/#breadcrumb","itemListElement":[{"@type":"ListItem","position":1,"name":"Accueil","item":"https:\/\/shop.bantam.ch\/fr\/"},{"@type":"ListItem","position":2,"name":"Boutique","item":"https:\/\/shop.bantam.ch\/fr\/boutique\/"},{"@type":"ListItem","position":3,"name":"Cartouche Certec Inline LILIE 6 en 1"}]},{"@type":"WebSite","@id":"https:\/\/shop.bantam.ch\/fr\/#website","url":"https:\/\/shop.bantam.ch\/fr\/","name":"Bantam","description":"","publisher":{"@id":"https:\/\/shop.bantam.ch\/fr\/#organization"},"inLanguage":"fr-FR"},{"@type":"Organization","@id":"https:\/\/shop.bantam.ch\/fr\/#organization","name":"Bantam","url":"https:\/\/shop.bantam.ch\/fr\/","logo":{"@type":"ImageObject","inLanguage":"fr-FR","@id":"https:\/\/shop.bantam.ch\/fr\/#\/schema\/logo\/image\/","url":"https:\/\/shop.bantam.ch\/wp-content\/uploads\/2022\/12\/bantam-logo.png","contentUrl":"https:\/\/shop.bantam.ch\/wp-content\/uploads\/2022\/12\/bantam-logo.png","width":320,"height":71,"caption":"Bantam"},"image":{"@id":"https:\/\/shop.bantam.ch\/fr\/#\/schema\/logo\/image\/"}}]}},"_links":{"self":[{"href":"https:\/\/shop.bantam.ch\/fr\/wp-json\/wp\/v2\/product\/195656","targetHints":{"allow":["GET"]}}],"collection":[{"href":"https:\/\/shop.bantam.ch\/fr\/wp-json\/wp\/v2\/product"}],"about":[{"href":"https:\/\/shop.bantam.ch\/fr\/wp-json\/wp\/v2\/types\/product"}],"wp:featuredmedia":[{"embeddable":true,"href":"https:\/\/shop.bantam.ch\/fr\/wp-json\/wp\/v2\/media\/206674"}],"wp:attachment":[{"href":"https:\/\/shop.bantam.ch\/fr\/wp-json\/wp\/v2\/media?parent=195656"}],"wp:term":[{"taxonomy":"product_featured_cat","embeddable":true,"href":"https:\/\/shop.bantam.ch\/fr\/wp-json\/wp\/v2\/product_featured_cat?post=195656"},{"taxonomy":"product_brand","embeddable":true,"href":"https:\/\/shop.bantam.ch\/fr\/wp-json\/wp\/v2\/product_brand?post=195656"},{"taxonomy":"product_cat","embeddable":true,"href":"https:\/\/shop.bantam.ch\/fr\/wp-json\/wp\/v2\/product_cat?post=195656"},{"taxonomy":"product_tag","embeddable":true,"href":"https:\/\/shop.bantam.ch\/fr\/wp-json\/wp\/v2\/product_tag?post=195656"}],"curies":[{"name":"wp","href":"https:\/\/api.w.org\/{rel}","templated":true}]}}