{"id":195648,"date":"2024-05-15T15:39:29","date_gmt":"2024-05-15T13:39:29","guid":{"rendered":"https:\/\/shop.bantam.ch\/produit\/tuyau-textile-gardena-liano-life-set-15-m\/"},"modified":"2026-04-18T23:07:48","modified_gmt":"2026-04-18T21:07:48","slug":"tuyau-textile-gardena-liano-life-set-15-m","status":"publish","type":"product","link":"https:\/\/shop.bantam.ch\/fr\/produit\/tuyau-textile-gardena-liano-life-set-15-m\/","title":{"rendered":"Tuyau textile Gardena Liano Life Set 15 m"},"content":{"rendered":"<p>Pour l\u2019arrosage du jardin ou les travaux de nettoyage, le tuyau textile directement op\u00e9rationnel Liano\u2122 Life 15 m Set de GARDENA convient le mieux. Le tuyau textile Allrounder de 15 m de long avec un diam\u00e8tre de 13 mm (1\/2\u2019\u2019) est id\u00e9al pour les arrosages de courte et moyenne dur\u00e9e. \u00c0 c\u00f4t\u00e9 du Liano\u2122 Life, les parties syst\u00e8me pr\u00e9mont\u00e9es Original GARDENA connecteur de tuyau Liano\u2122 et arr\u00eat d\u2019eau Liano\u2122 ainsi qu\u2019une seringue de nettoyage et deux connecteurs robinet sont contenus dans le set. Un nez de robinet dispose d\u2019un r\u00e9ducteur au travers duquel le branchement est permis pour trois tailles de robinet. Il obtient sa performance convaincante gr\u00e2ce au tuyau int\u00e9rieur flexible en PVC et au tuyau ext\u00e9rieur innovant en tissu textile r\u00e9sistant. Lors de l\u2019arrosage du jardin ou du nettoyage de la maison, la flexibilit\u00e9 \u00e9lev\u00e9e montre ses forces : La man\u0153uvre avec le tuyau textile est ainsi tr\u00e8s confortable, car il ne se plie pas. Gr\u00e2ce \u00e0 sa pr\u00e9hension agr\u00e9able et \u00e0 son poids r\u00e9duit, le confort est augment\u00e9. Le tuyau textile Liano\u2122 Life est jusqu\u2019\u00e0 50 % plus l\u00e9ger que les tuyaux en PVC conventionnels, ce qui en simplifie aussi clairement le maniement sur de plus longues p\u00e9riodes. Que ce soit sur l\u2019\u00e9tag\u00e8re ou dans le garage : Le chargement du Liano\u2122 Life est tr\u00e8s agr\u00e9able gr\u00e2ce \u00e0 son \u00e9lasticit\u00e9, puisqu\u2019il s\u2019ajuste \u00e0 l\u2019espace de rangement existant. M\u00eame en plein air, la conservation est possible \u00e0 tout moment gr\u00e2ce \u00e0 sa r\u00e9sistance aux UV et au gel. Le tuyau textile supporte une pression d\u2019\u00e9clatement de 22 bars. De plus, il est sans polluant et donc sans phtalates (0,1%) ainsi que sans cadmium, plomb ni baryum (0,1%). Pour les produits de qualit\u00e9 Made in Europe, GARDENA accorde une garantie fabricant de 15 ans apr\u00e8s un enregistrement en ligne.<\/p>\n","protected":false},"excerpt":{"rendered":"<p>Pour l\u2019arrosage du jardin ou les travaux de nettoyage, le tuyau textile directement op\u00e9rationnel Liano\u2122 Life 15 m Set de GARDENA convient le mieux. Le tuyau textile Allrounder de 15 m de long avec un diam\u00e8tre de 13 mm (1\/2\u2019\u2019) est id\u00e9al pour les arrosages de courte et moyenne dur\u00e9e. \u00c0 c\u00f4t\u00e9 du Liano\u2122 Life, [&hellip;]<\/p>\n","protected":false},"featured_media":206670,"template":"","meta":{"_acf_changed":false},"product_featured_cat":[],"product_brand":[3246],"product_cat":[5033],"product_tag":[],"class_list":{"0":"post-195648","1":"product","2":"type-product","3":"status-publish","4":"has-post-thumbnail","6":"product_brand-gardena","7":"product_cat-tuyaux-deau","9":"first","10":"instock","11":"taxable","12":"shipping-taxable","13":"purchasable","14":"product-type-simple"},"acf":[],"yoast_head":"<!-- This site is optimized with the Yoast SEO plugin v27.4 - https:\/\/yoast.com\/product\/yoast-seo-wordpress\/ -->\n<title>Tuyau textile Gardena Liano Life Set 15 m - Bantam Wankm\u00fcller SA<\/title>\n<meta name=\"robots\" content=\"index, follow, max-snippet:-1, max-image-preview:large, max-video-preview:-1\" \/>\n<link rel=\"canonical\" href=\"https:\/\/shop.bantam.ch\/fr\/produit\/tuyau-textile-gardena-liano-life-set-15-m\/\" \/>\n<meta property=\"og:locale\" content=\"fr_FR\" \/>\n<meta property=\"og:type\" content=\"article\" \/>\n<meta property=\"og:title\" content=\"Tuyau textile Gardena Liano Life Set 15 m - Bantam Wankm\u00fcller SA\" \/>\n<meta property=\"og:description\" content=\"Pour l\u2019arrosage du jardin ou les travaux de nettoyage, le tuyau textile directement op\u00e9rationnel Liano\u2122 Life 15 m Set de GARDENA convient le mieux. Le tuyau textile Allrounder de 15 m de long avec un diam\u00e8tre de 13 mm (1\/2\u2019\u2019) est id\u00e9al pour les arrosages de courte et moyenne dur\u00e9e. \u00c0 c\u00f4t\u00e9 du Liano\u2122 Life, [&hellip;]\" \/>\n<meta property=\"og:url\" content=\"https:\/\/shop.bantam.ch\/fr\/produit\/tuyau-textile-gardena-liano-life-set-15-m\/\" \/>\n<meta property=\"og:site_name\" content=\"Bantam Wankm\u00fcller SA\" \/>\n<meta property=\"article:modified_time\" content=\"2026-04-18T21:07:48+00:00\" \/>\n<meta property=\"og:image\" content=\"https:\/\/shop.bantam.ch\/wp-content\/uploads\/2024\/05\/Movera-L-9957834100.jpg\" \/>\n\t<meta property=\"og:image:width\" content=\"640\" \/>\n\t<meta property=\"og:image:height\" content=\"359\" \/>\n\t<meta property=\"og:image:type\" content=\"image\/jpeg\" \/>\n<meta name=\"twitter:card\" content=\"summary_large_image\" \/>\n<meta name=\"twitter:label1\" content=\"Dur\u00e9e de lecture estim\u00e9e\" \/>\n\t<meta name=\"twitter:data1\" content=\"2 minutes\" \/>\n<script type=\"application\/ld+json\" class=\"yoast-schema-graph\">{\"@context\":\"https:\\\/\\\/schema.org\",\"@graph\":[{\"@type\":\"WebPage\",\"@id\":\"https:\\\/\\\/shop.bantam.ch\\\/fr\\\/produit\\\/tuyau-textile-gardena-liano-life-set-15-m\\\/\",\"url\":\"https:\\\/\\\/shop.bantam.ch\\\/fr\\\/produit\\\/tuyau-textile-gardena-liano-life-set-15-m\\\/\",\"name\":\"Tuyau textile Gardena Liano Life Set 15 m - Bantam Wankm\u00fcller SA\",\"isPartOf\":{\"@id\":\"https:\\\/\\\/shop.bantam.ch\\\/fr\\\/#website\"},\"primaryImageOfPage\":{\"@id\":\"https:\\\/\\\/shop.bantam.ch\\\/fr\\\/produit\\\/tuyau-textile-gardena-liano-life-set-15-m\\\/#primaryimage\"},\"image\":{\"@id\":\"https:\\\/\\\/shop.bantam.ch\\\/fr\\\/produit\\\/tuyau-textile-gardena-liano-life-set-15-m\\\/#primaryimage\"},\"thumbnailUrl\":\"https:\\\/\\\/shop.bantam.ch\\\/wp-content\\\/uploads\\\/2024\\\/09\\\/Movera-L-9957834100.jpg\",\"datePublished\":\"2024-05-15T13:39:29+00:00\",\"dateModified\":\"2026-04-18T21:07:48+00:00\",\"breadcrumb\":{\"@id\":\"https:\\\/\\\/shop.bantam.ch\\\/fr\\\/produit\\\/tuyau-textile-gardena-liano-life-set-15-m\\\/#breadcrumb\"},\"inLanguage\":\"fr-FR\",\"potentialAction\":[{\"@type\":\"ReadAction\",\"target\":[\"https:\\\/\\\/shop.bantam.ch\\\/fr\\\/produit\\\/tuyau-textile-gardena-liano-life-set-15-m\\\/\"]}]},{\"@type\":\"ImageObject\",\"inLanguage\":\"fr-FR\",\"@id\":\"https:\\\/\\\/shop.bantam.ch\\\/fr\\\/produit\\\/tuyau-textile-gardena-liano-life-set-15-m\\\/#primaryimage\",\"url\":\"https:\\\/\\\/shop.bantam.ch\\\/wp-content\\\/uploads\\\/2024\\\/09\\\/Movera-L-9957834100.jpg\",\"contentUrl\":\"https:\\\/\\\/shop.bantam.ch\\\/wp-content\\\/uploads\\\/2024\\\/09\\\/Movera-L-9957834100.jpg\",\"width\":640,\"height\":359},{\"@type\":\"BreadcrumbList\",\"@id\":\"https:\\\/\\\/shop.bantam.ch\\\/fr\\\/produit\\\/tuyau-textile-gardena-liano-life-set-15-m\\\/#breadcrumb\",\"itemListElement\":[{\"@type\":\"ListItem\",\"position\":1,\"name\":\"Accueil\",\"item\":\"https:\\\/\\\/shop.bantam.ch\\\/fr\\\/\"},{\"@type\":\"ListItem\",\"position\":2,\"name\":\"Boutique\",\"item\":\"https:\\\/\\\/shop.bantam.ch\\\/fr\\\/boutique\\\/\"},{\"@type\":\"ListItem\",\"position\":3,\"name\":\"Tuyau textile Gardena Liano Life Set 15 m\"}]},{\"@type\":\"WebSite\",\"@id\":\"https:\\\/\\\/shop.bantam.ch\\\/fr\\\/#website\",\"url\":\"https:\\\/\\\/shop.bantam.ch\\\/fr\\\/\",\"name\":\"Bantam Wankm\u00fcller SA\",\"description\":\"\",\"publisher\":{\"@id\":\"https:\\\/\\\/shop.bantam.ch\\\/fr\\\/#organization\"},\"inLanguage\":\"fr-FR\"},{\"@type\":\"Organization\",\"@id\":\"https:\\\/\\\/shop.bantam.ch\\\/fr\\\/#organization\",\"name\":\"Bantam Wankm\u00fcller SA\",\"url\":\"https:\\\/\\\/shop.bantam.ch\\\/fr\\\/\",\"logo\":{\"@type\":\"ImageObject\",\"inLanguage\":\"fr-FR\",\"@id\":\"https:\\\/\\\/shop.bantam.ch\\\/fr\\\/#\\\/schema\\\/logo\\\/image\\\/\",\"url\":\"https:\\\/\\\/shop.bantam.ch\\\/wp-content\\\/uploads\\\/2022\\\/12\\\/bantam-logo.png\",\"contentUrl\":\"https:\\\/\\\/shop.bantam.ch\\\/wp-content\\\/uploads\\\/2022\\\/12\\\/bantam-logo.png\",\"width\":320,\"height\":71,\"caption\":\"Bantam Wankm\u00fcller SA\"},\"image\":{\"@id\":\"https:\\\/\\\/shop.bantam.ch\\\/fr\\\/#\\\/schema\\\/logo\\\/image\\\/\"}}]}<\/script>\n<!-- \/ Yoast SEO plugin. -->","yoast_head_json":{"title":"Tuyau textile Gardena Liano Life Set 15 m - Bantam Wankm\u00fcller SA","robots":{"index":"index","follow":"follow","max-snippet":"max-snippet:-1","max-image-preview":"max-image-preview:large","max-video-preview":"max-video-preview:-1"},"canonical":"https:\/\/shop.bantam.ch\/fr\/produit\/tuyau-textile-gardena-liano-life-set-15-m\/","og_locale":"fr_FR","og_type":"article","og_title":"Tuyau textile Gardena Liano Life Set 15 m - Bantam Wankm\u00fcller SA","og_description":"Pour l\u2019arrosage du jardin ou les travaux de nettoyage, le tuyau textile directement op\u00e9rationnel Liano\u2122 Life 15 m Set de GARDENA convient le mieux. Le tuyau textile Allrounder de 15 m de long avec un diam\u00e8tre de 13 mm (1\/2\u2019\u2019) est id\u00e9al pour les arrosages de courte et moyenne dur\u00e9e. \u00c0 c\u00f4t\u00e9 du Liano\u2122 Life, [&hellip;]","og_url":"https:\/\/shop.bantam.ch\/fr\/produit\/tuyau-textile-gardena-liano-life-set-15-m\/","og_site_name":"Bantam Wankm\u00fcller SA","article_modified_time":"2026-04-18T21:07:48+00:00","og_image":[{"width":640,"height":359,"url":"https:\/\/shop.bantam.ch\/wp-content\/uploads\/2024\/05\/Movera-L-9957834100.jpg","type":"image\/jpeg"}],"twitter_card":"summary_large_image","twitter_misc":{"Dur\u00e9e de lecture estim\u00e9e":"2 minutes"},"schema":{"@context":"https:\/\/schema.org","@graph":[{"@type":"WebPage","@id":"https:\/\/shop.bantam.ch\/fr\/produit\/tuyau-textile-gardena-liano-life-set-15-m\/","url":"https:\/\/shop.bantam.ch\/fr\/produit\/tuyau-textile-gardena-liano-life-set-15-m\/","name":"Tuyau textile Gardena Liano Life Set 15 m - Bantam Wankm\u00fcller SA","isPartOf":{"@id":"https:\/\/shop.bantam.ch\/fr\/#website"},"primaryImageOfPage":{"@id":"https:\/\/shop.bantam.ch\/fr\/produit\/tuyau-textile-gardena-liano-life-set-15-m\/#primaryimage"},"image":{"@id":"https:\/\/shop.bantam.ch\/fr\/produit\/tuyau-textile-gardena-liano-life-set-15-m\/#primaryimage"},"thumbnailUrl":"https:\/\/shop.bantam.ch\/wp-content\/uploads\/2024\/09\/Movera-L-9957834100.jpg","datePublished":"2024-05-15T13:39:29+00:00","dateModified":"2026-04-18T21:07:48+00:00","breadcrumb":{"@id":"https:\/\/shop.bantam.ch\/fr\/produit\/tuyau-textile-gardena-liano-life-set-15-m\/#breadcrumb"},"inLanguage":"fr-FR","potentialAction":[{"@type":"ReadAction","target":["https:\/\/shop.bantam.ch\/fr\/produit\/tuyau-textile-gardena-liano-life-set-15-m\/"]}]},{"@type":"ImageObject","inLanguage":"fr-FR","@id":"https:\/\/shop.bantam.ch\/fr\/produit\/tuyau-textile-gardena-liano-life-set-15-m\/#primaryimage","url":"https:\/\/shop.bantam.ch\/wp-content\/uploads\/2024\/09\/Movera-L-9957834100.jpg","contentUrl":"https:\/\/shop.bantam.ch\/wp-content\/uploads\/2024\/09\/Movera-L-9957834100.jpg","width":640,"height":359},{"@type":"BreadcrumbList","@id":"https:\/\/shop.bantam.ch\/fr\/produit\/tuyau-textile-gardena-liano-life-set-15-m\/#breadcrumb","itemListElement":[{"@type":"ListItem","position":1,"name":"Accueil","item":"https:\/\/shop.bantam.ch\/fr\/"},{"@type":"ListItem","position":2,"name":"Boutique","item":"https:\/\/shop.bantam.ch\/fr\/boutique\/"},{"@type":"ListItem","position":3,"name":"Tuyau textile Gardena Liano Life Set 15 m"}]},{"@type":"WebSite","@id":"https:\/\/shop.bantam.ch\/fr\/#website","url":"https:\/\/shop.bantam.ch\/fr\/","name":"Bantam Wankm\u00fcller SA","description":"","publisher":{"@id":"https:\/\/shop.bantam.ch\/fr\/#organization"},"inLanguage":"fr-FR"},{"@type":"Organization","@id":"https:\/\/shop.bantam.ch\/fr\/#organization","name":"Bantam Wankm\u00fcller SA","url":"https:\/\/shop.bantam.ch\/fr\/","logo":{"@type":"ImageObject","inLanguage":"fr-FR","@id":"https:\/\/shop.bantam.ch\/fr\/#\/schema\/logo\/image\/","url":"https:\/\/shop.bantam.ch\/wp-content\/uploads\/2022\/12\/bantam-logo.png","contentUrl":"https:\/\/shop.bantam.ch\/wp-content\/uploads\/2022\/12\/bantam-logo.png","width":320,"height":71,"caption":"Bantam Wankm\u00fcller SA"},"image":{"@id":"https:\/\/shop.bantam.ch\/fr\/#\/schema\/logo\/image\/"}}]}},"_links":{"self":[{"href":"https:\/\/shop.bantam.ch\/fr\/wp-json\/wp\/v2\/product\/195648","targetHints":{"allow":["GET"]}}],"collection":[{"href":"https:\/\/shop.bantam.ch\/fr\/wp-json\/wp\/v2\/product"}],"about":[{"href":"https:\/\/shop.bantam.ch\/fr\/wp-json\/wp\/v2\/types\/product"}],"wp:featuredmedia":[{"embeddable":true,"href":"https:\/\/shop.bantam.ch\/fr\/wp-json\/wp\/v2\/media\/206670"}],"wp:attachment":[{"href":"https:\/\/shop.bantam.ch\/fr\/wp-json\/wp\/v2\/media?parent=195648"}],"wp:term":[{"taxonomy":"product_featured_cat","embeddable":true,"href":"https:\/\/shop.bantam.ch\/fr\/wp-json\/wp\/v2\/product_featured_cat?post=195648"},{"taxonomy":"product_brand","embeddable":true,"href":"https:\/\/shop.bantam.ch\/fr\/wp-json\/wp\/v2\/product_brand?post=195648"},{"taxonomy":"product_cat","embeddable":true,"href":"https:\/\/shop.bantam.ch\/fr\/wp-json\/wp\/v2\/product_cat?post=195648"},{"taxonomy":"product_tag","embeddable":true,"href":"https:\/\/shop.bantam.ch\/fr\/wp-json\/wp\/v2\/product_tag?post=195648"}],"curies":[{"name":"wp","href":"https:\/\/api.w.org\/{rel}","templated":true}]}}