{"id":195630,"date":"2024-05-15T15:39:08","date_gmt":"2024-05-15T13:39:08","guid":{"rendered":"https:\/\/shop.bantam.ch\/produit\/grill-campinggaz-partygrill-600r\/"},"modified":"2026-04-17T23:04:44","modified_gmt":"2026-04-17T21:04:44","slug":"grill-campinggaz-partygrill-600r","status":"publish","type":"product","link":"https:\/\/shop.bantam.ch\/fr\/produit\/grill-campinggaz-partygrill-600r\/","title":{"rendered":"Grill CAMPINGGAZ PartyGrill 600R"},"content":{"rendered":"<p>Les appareils multifonctionnels de la s\u00e9rie Party Grill offrent une alternative aux r\u00e9chauds traditionnels et aux barbecue compacts. D\u2019un r\u00e9chaud simple, il se transforme en un barbecue en un clin d\u2019\u0153il. Versions disponibles pour une utilisation avec des bouteilles de propane, de butane ou des cartouches \u00e0 valve.<\/p>\n<ul>\n<li>Syst\u00e8me Easy Clic Plus pour connecter et d\u00e9connecter facilement la cartouche de gaz sur les mod\u00e8les CV<\/li>\n<li>Ne convient pas \u00e0 une utilisation dans des pi\u00e8ces ferm\u00e9es<\/li>\n<li>R\u00e9glage pr\u00e9cis de l&rsquo;apport de chaleur<\/li>\n<li>Dimensions pli\u00e9es compactes, transport prot\u00e9g\u00e9<\/li>\n<li>Plaque de gril antiadh\u00e9sive pour un nettoyage facile<\/li>\n<li>Cartouche de gaz non fournie<\/li>\n<\/ul>\n<p>Contenu de la livraison :<br \/>Croisillon<br \/>Plaque de grill et plancha pour gril r\u00e9versible<br \/>Grille foy\u00e8re<br \/>Couvercle<br \/>Sac de transport en polyester <br \/>avec tuyau<\/p>\n<ul>\n<li>Allumage : Pi\u00e9zo dans le bouton de contr\u00f4le<\/li>\n<li>Type de gaz : bouteille de gaz butane ou propane R904, R907.<\/li>\n<li>Temps pour faire bouillir 1 l d\u2019eau\u00a0: 3 min. et 50 secondes<\/li>\n<li>Dimensions (avec pieds) 52 x 99\u00a0cm (\u00d8 x h)<\/li>\n<\/ul>\n","protected":false},"excerpt":{"rendered":"<p>Les appareils multifonctionnels de la s\u00e9rie Party Grill offrent une alternative aux r\u00e9chauds traditionnels et aux barbecue compacts. D\u2019un r\u00e9chaud simple, il se transforme en un barbecue en un clin d\u2019\u0153il. Versions disponibles pour une utilisation avec des bouteilles de propane, de butane ou des cartouches \u00e0 valve. Syst\u00e8me Easy Clic Plus pour connecter et [&hellip;]<\/p>\n","protected":false},"featured_media":206644,"template":"","meta":{"_acf_changed":false},"product_featured_cat":[],"product_brand":[3196],"product_cat":[4279],"product_tag":[],"class_list":{"0":"post-195630","1":"product","2":"type-product","3":"status-publish","4":"has-post-thumbnail","6":"product_brand-campingaz","7":"product_cat-barbecues-a-gaz","9":"first","10":"instock","11":"taxable","12":"shipping-taxable","13":"purchasable","14":"product-type-simple"},"acf":[],"yoast_head":"<!-- This site is optimized with the Yoast SEO plugin v27.4 - https:\/\/yoast.com\/product\/yoast-seo-wordpress\/ -->\n<title>Grill CAMPINGGAZ PartyGrill 600R - Bantam Wankm\u00fcller SA<\/title>\n<meta name=\"robots\" content=\"index, follow, max-snippet:-1, max-image-preview:large, max-video-preview:-1\" \/>\n<link rel=\"canonical\" href=\"https:\/\/shop.bantam.ch\/fr\/produit\/grill-campinggaz-partygrill-600r\/\" \/>\n<meta property=\"og:locale\" content=\"fr_FR\" \/>\n<meta property=\"og:type\" content=\"article\" \/>\n<meta property=\"og:title\" content=\"Grill CAMPINGGAZ PartyGrill 600R - Bantam Wankm\u00fcller SA\" \/>\n<meta property=\"og:description\" content=\"Les appareils multifonctionnels de la s\u00e9rie Party Grill offrent une alternative aux r\u00e9chauds traditionnels et aux barbecue compacts. D\u2019un r\u00e9chaud simple, il se transforme en un barbecue en un clin d\u2019\u0153il. Versions disponibles pour une utilisation avec des bouteilles de propane, de butane ou des cartouches \u00e0 valve. Syst\u00e8me Easy Clic Plus pour connecter et [&hellip;]\" \/>\n<meta property=\"og:url\" content=\"https:\/\/shop.bantam.ch\/fr\/produit\/grill-campinggaz-partygrill-600r\/\" \/>\n<meta property=\"og:site_name\" content=\"Bantam Wankm\u00fcller SA\" \/>\n<meta property=\"article:modified_time\" content=\"2026-04-17T21:04:44+00:00\" \/>\n<meta property=\"og:image\" content=\"https:\/\/shop.bantam.ch\/wp-content\/uploads\/2024\/05\/Movera-L-9955226100.jpg\" \/>\n\t<meta property=\"og:image:width\" content=\"640\" \/>\n\t<meta property=\"og:image:height\" content=\"640\" \/>\n\t<meta property=\"og:image:type\" content=\"image\/jpeg\" \/>\n<meta name=\"twitter:card\" content=\"summary_large_image\" \/>\n<meta name=\"twitter:label1\" content=\"Dur\u00e9e de lecture estim\u00e9e\" \/>\n\t<meta name=\"twitter:data1\" content=\"1 minute\" \/>\n<script type=\"application\/ld+json\" class=\"yoast-schema-graph\">{\"@context\":\"https:\\\/\\\/schema.org\",\"@graph\":[{\"@type\":\"WebPage\",\"@id\":\"https:\\\/\\\/shop.bantam.ch\\\/fr\\\/produit\\\/grill-campinggaz-partygrill-600r\\\/\",\"url\":\"https:\\\/\\\/shop.bantam.ch\\\/fr\\\/produit\\\/grill-campinggaz-partygrill-600r\\\/\",\"name\":\"Grill CAMPINGGAZ PartyGrill 600R - Bantam Wankm\u00fcller SA\",\"isPartOf\":{\"@id\":\"https:\\\/\\\/shop.bantam.ch\\\/fr\\\/#website\"},\"primaryImageOfPage\":{\"@id\":\"https:\\\/\\\/shop.bantam.ch\\\/fr\\\/produit\\\/grill-campinggaz-partygrill-600r\\\/#primaryimage\"},\"image\":{\"@id\":\"https:\\\/\\\/shop.bantam.ch\\\/fr\\\/produit\\\/grill-campinggaz-partygrill-600r\\\/#primaryimage\"},\"thumbnailUrl\":\"https:\\\/\\\/shop.bantam.ch\\\/wp-content\\\/uploads\\\/2024\\\/09\\\/Movera-L-9955226100.jpg\",\"datePublished\":\"2024-05-15T13:39:08+00:00\",\"dateModified\":\"2026-04-17T21:04:44+00:00\",\"breadcrumb\":{\"@id\":\"https:\\\/\\\/shop.bantam.ch\\\/fr\\\/produit\\\/grill-campinggaz-partygrill-600r\\\/#breadcrumb\"},\"inLanguage\":\"fr-FR\",\"potentialAction\":[{\"@type\":\"ReadAction\",\"target\":[\"https:\\\/\\\/shop.bantam.ch\\\/fr\\\/produit\\\/grill-campinggaz-partygrill-600r\\\/\"]}]},{\"@type\":\"ImageObject\",\"inLanguage\":\"fr-FR\",\"@id\":\"https:\\\/\\\/shop.bantam.ch\\\/fr\\\/produit\\\/grill-campinggaz-partygrill-600r\\\/#primaryimage\",\"url\":\"https:\\\/\\\/shop.bantam.ch\\\/wp-content\\\/uploads\\\/2024\\\/09\\\/Movera-L-9955226100.jpg\",\"contentUrl\":\"https:\\\/\\\/shop.bantam.ch\\\/wp-content\\\/uploads\\\/2024\\\/09\\\/Movera-L-9955226100.jpg\",\"width\":640,\"height\":640},{\"@type\":\"BreadcrumbList\",\"@id\":\"https:\\\/\\\/shop.bantam.ch\\\/fr\\\/produit\\\/grill-campinggaz-partygrill-600r\\\/#breadcrumb\",\"itemListElement\":[{\"@type\":\"ListItem\",\"position\":1,\"name\":\"Accueil\",\"item\":\"https:\\\/\\\/shop.bantam.ch\\\/fr\\\/\"},{\"@type\":\"ListItem\",\"position\":2,\"name\":\"Boutique\",\"item\":\"https:\\\/\\\/shop.bantam.ch\\\/fr\\\/boutique\\\/\"},{\"@type\":\"ListItem\",\"position\":3,\"name\":\"Grill CAMPINGGAZ PartyGrill 600R\"}]},{\"@type\":\"WebSite\",\"@id\":\"https:\\\/\\\/shop.bantam.ch\\\/fr\\\/#website\",\"url\":\"https:\\\/\\\/shop.bantam.ch\\\/fr\\\/\",\"name\":\"Bantam Wankm\u00fcller SA\",\"description\":\"\",\"publisher\":{\"@id\":\"https:\\\/\\\/shop.bantam.ch\\\/fr\\\/#organization\"},\"inLanguage\":\"fr-FR\"},{\"@type\":\"Organization\",\"@id\":\"https:\\\/\\\/shop.bantam.ch\\\/fr\\\/#organization\",\"name\":\"Bantam Wankm\u00fcller SA\",\"url\":\"https:\\\/\\\/shop.bantam.ch\\\/fr\\\/\",\"logo\":{\"@type\":\"ImageObject\",\"inLanguage\":\"fr-FR\",\"@id\":\"https:\\\/\\\/shop.bantam.ch\\\/fr\\\/#\\\/schema\\\/logo\\\/image\\\/\",\"url\":\"https:\\\/\\\/shop.bantam.ch\\\/wp-content\\\/uploads\\\/2022\\\/12\\\/bantam-logo.png\",\"contentUrl\":\"https:\\\/\\\/shop.bantam.ch\\\/wp-content\\\/uploads\\\/2022\\\/12\\\/bantam-logo.png\",\"width\":320,\"height\":71,\"caption\":\"Bantam Wankm\u00fcller SA\"},\"image\":{\"@id\":\"https:\\\/\\\/shop.bantam.ch\\\/fr\\\/#\\\/schema\\\/logo\\\/image\\\/\"}}]}<\/script>\n<!-- \/ Yoast SEO plugin. -->","yoast_head_json":{"title":"Grill CAMPINGGAZ PartyGrill 600R - Bantam Wankm\u00fcller SA","robots":{"index":"index","follow":"follow","max-snippet":"max-snippet:-1","max-image-preview":"max-image-preview:large","max-video-preview":"max-video-preview:-1"},"canonical":"https:\/\/shop.bantam.ch\/fr\/produit\/grill-campinggaz-partygrill-600r\/","og_locale":"fr_FR","og_type":"article","og_title":"Grill CAMPINGGAZ PartyGrill 600R - Bantam Wankm\u00fcller SA","og_description":"Les appareils multifonctionnels de la s\u00e9rie Party Grill offrent une alternative aux r\u00e9chauds traditionnels et aux barbecue compacts. D\u2019un r\u00e9chaud simple, il se transforme en un barbecue en un clin d\u2019\u0153il. Versions disponibles pour une utilisation avec des bouteilles de propane, de butane ou des cartouches \u00e0 valve. Syst\u00e8me Easy Clic Plus pour connecter et [&hellip;]","og_url":"https:\/\/shop.bantam.ch\/fr\/produit\/grill-campinggaz-partygrill-600r\/","og_site_name":"Bantam Wankm\u00fcller SA","article_modified_time":"2026-04-17T21:04:44+00:00","og_image":[{"width":640,"height":640,"url":"https:\/\/shop.bantam.ch\/wp-content\/uploads\/2024\/05\/Movera-L-9955226100.jpg","type":"image\/jpeg"}],"twitter_card":"summary_large_image","twitter_misc":{"Dur\u00e9e de lecture estim\u00e9e":"1 minute"},"schema":{"@context":"https:\/\/schema.org","@graph":[{"@type":"WebPage","@id":"https:\/\/shop.bantam.ch\/fr\/produit\/grill-campinggaz-partygrill-600r\/","url":"https:\/\/shop.bantam.ch\/fr\/produit\/grill-campinggaz-partygrill-600r\/","name":"Grill CAMPINGGAZ PartyGrill 600R - Bantam Wankm\u00fcller SA","isPartOf":{"@id":"https:\/\/shop.bantam.ch\/fr\/#website"},"primaryImageOfPage":{"@id":"https:\/\/shop.bantam.ch\/fr\/produit\/grill-campinggaz-partygrill-600r\/#primaryimage"},"image":{"@id":"https:\/\/shop.bantam.ch\/fr\/produit\/grill-campinggaz-partygrill-600r\/#primaryimage"},"thumbnailUrl":"https:\/\/shop.bantam.ch\/wp-content\/uploads\/2024\/09\/Movera-L-9955226100.jpg","datePublished":"2024-05-15T13:39:08+00:00","dateModified":"2026-04-17T21:04:44+00:00","breadcrumb":{"@id":"https:\/\/shop.bantam.ch\/fr\/produit\/grill-campinggaz-partygrill-600r\/#breadcrumb"},"inLanguage":"fr-FR","potentialAction":[{"@type":"ReadAction","target":["https:\/\/shop.bantam.ch\/fr\/produit\/grill-campinggaz-partygrill-600r\/"]}]},{"@type":"ImageObject","inLanguage":"fr-FR","@id":"https:\/\/shop.bantam.ch\/fr\/produit\/grill-campinggaz-partygrill-600r\/#primaryimage","url":"https:\/\/shop.bantam.ch\/wp-content\/uploads\/2024\/09\/Movera-L-9955226100.jpg","contentUrl":"https:\/\/shop.bantam.ch\/wp-content\/uploads\/2024\/09\/Movera-L-9955226100.jpg","width":640,"height":640},{"@type":"BreadcrumbList","@id":"https:\/\/shop.bantam.ch\/fr\/produit\/grill-campinggaz-partygrill-600r\/#breadcrumb","itemListElement":[{"@type":"ListItem","position":1,"name":"Accueil","item":"https:\/\/shop.bantam.ch\/fr\/"},{"@type":"ListItem","position":2,"name":"Boutique","item":"https:\/\/shop.bantam.ch\/fr\/boutique\/"},{"@type":"ListItem","position":3,"name":"Grill CAMPINGGAZ PartyGrill 600R"}]},{"@type":"WebSite","@id":"https:\/\/shop.bantam.ch\/fr\/#website","url":"https:\/\/shop.bantam.ch\/fr\/","name":"Bantam Wankm\u00fcller SA","description":"","publisher":{"@id":"https:\/\/shop.bantam.ch\/fr\/#organization"},"inLanguage":"fr-FR"},{"@type":"Organization","@id":"https:\/\/shop.bantam.ch\/fr\/#organization","name":"Bantam Wankm\u00fcller SA","url":"https:\/\/shop.bantam.ch\/fr\/","logo":{"@type":"ImageObject","inLanguage":"fr-FR","@id":"https:\/\/shop.bantam.ch\/fr\/#\/schema\/logo\/image\/","url":"https:\/\/shop.bantam.ch\/wp-content\/uploads\/2022\/12\/bantam-logo.png","contentUrl":"https:\/\/shop.bantam.ch\/wp-content\/uploads\/2022\/12\/bantam-logo.png","width":320,"height":71,"caption":"Bantam Wankm\u00fcller SA"},"image":{"@id":"https:\/\/shop.bantam.ch\/fr\/#\/schema\/logo\/image\/"}}]}},"_links":{"self":[{"href":"https:\/\/shop.bantam.ch\/fr\/wp-json\/wp\/v2\/product\/195630","targetHints":{"allow":["GET"]}}],"collection":[{"href":"https:\/\/shop.bantam.ch\/fr\/wp-json\/wp\/v2\/product"}],"about":[{"href":"https:\/\/shop.bantam.ch\/fr\/wp-json\/wp\/v2\/types\/product"}],"wp:featuredmedia":[{"embeddable":true,"href":"https:\/\/shop.bantam.ch\/fr\/wp-json\/wp\/v2\/media\/206644"}],"wp:attachment":[{"href":"https:\/\/shop.bantam.ch\/fr\/wp-json\/wp\/v2\/media?parent=195630"}],"wp:term":[{"taxonomy":"product_featured_cat","embeddable":true,"href":"https:\/\/shop.bantam.ch\/fr\/wp-json\/wp\/v2\/product_featured_cat?post=195630"},{"taxonomy":"product_brand","embeddable":true,"href":"https:\/\/shop.bantam.ch\/fr\/wp-json\/wp\/v2\/product_brand?post=195630"},{"taxonomy":"product_cat","embeddable":true,"href":"https:\/\/shop.bantam.ch\/fr\/wp-json\/wp\/v2\/product_cat?post=195630"},{"taxonomy":"product_tag","embeddable":true,"href":"https:\/\/shop.bantam.ch\/fr\/wp-json\/wp\/v2\/product_tag?post=195630"}],"curies":[{"name":"wp","href":"https:\/\/api.w.org\/{rel}","templated":true}]}}