{"id":195578,"date":"2024-05-15T15:37:25","date_gmt":"2024-05-15T13:37:25","guid":{"rendered":"https:\/\/shop.bantam.ch\/produit\/pack-equipement-origine-movera-classic\/"},"modified":"2026-04-17T23:04:38","modified_gmt":"2026-04-17T21:04:38","slug":"pack-equipement-origine-movera-classic","status":"publish","type":"product","link":"https:\/\/shop.bantam.ch\/fr\/produit\/pack-equipement-origine-movera-classic\/","title":{"rendered":"Pack \u00e9quipement origine Movera Classic"},"content":{"rendered":"<p>Kit de premier \u00e9quipement compos\u00e9 de :<\/p>\n<ul>\n<li>Weing\u00e4rtner : 1 x kit fiche CEE et prise CEE.<\/li>\n<li>KATADYN : 1x conservateur d&rsquo;eau potable Micropur Clasic pour 1.000 l.<\/li>\n<li>THETFORD : 1x papier hygi\u00e9nique Aqua Soft 4 rouleaux.<\/li>\n<li>THETFORD : 1x PowerPods Blue, 20 comprim\u00e9s.<\/li>\n<li>H.A.B.A. : 1x niveau \u00e0 bulle magn\u00e9tique.<\/li>\n<li>GASLOCK : 1x indicateur de niveau Gaslevel Classic.<\/li>\n<li>FIAMMA : 1x cale d&rsquo;acc\u00e8s Level System Magnum, 2 pi\u00e8ces, capacit\u00e9 de charge 8 t.<\/li>\n<li>PETEC : Bande tiss\u00e9e unie 50 m x 48 mm.<\/li>\n<li>Traduit avec DeepL.com (version gratuite)<\/li>\n<\/ul>\n","protected":false},"excerpt":{"rendered":"<p>Kit de premier \u00e9quipement compos\u00e9 de : Weing\u00e4rtner : 1 x kit fiche CEE et prise CEE. KATADYN : 1x conservateur d&rsquo;eau potable Micropur Clasic pour 1.000 l. THETFORD : 1x papier hygi\u00e9nique Aqua Soft 4 rouleaux. THETFORD : 1x PowerPods Blue, 20 comprim\u00e9s. H.A.B.A. : 1x niveau \u00e0 bulle magn\u00e9tique. GASLOCK : 1x indicateur [&hellip;]<\/p>\n","protected":false},"featured_media":206630,"template":"","meta":{"_acf_changed":false},"product_featured_cat":[],"product_brand":[3350],"product_cat":[4161],"product_tag":[],"class_list":{"0":"post-195578","1":"product","2":"type-product","3":"status-publish","4":"has-post-thumbnail","6":"product_brand-quipon","7":"product_cat-technique-pour-camping-cars","9":"first","10":"instock","11":"taxable","12":"shipping-taxable","13":"purchasable","14":"product-type-simple"},"acf":[],"yoast_head":"<!-- This site is optimized with the Yoast SEO plugin v27.4 - https:\/\/yoast.com\/product\/yoast-seo-wordpress\/ -->\n<title>Pack \u00e9quipement origine Movera Classic - Bantam Wankm\u00fcller SA<\/title>\n<meta name=\"robots\" content=\"index, follow, max-snippet:-1, max-image-preview:large, max-video-preview:-1\" \/>\n<link rel=\"canonical\" href=\"https:\/\/shop.bantam.ch\/fr\/produit\/pack-equipement-origine-movera-classic\/\" \/>\n<meta property=\"og:locale\" content=\"fr_FR\" \/>\n<meta property=\"og:type\" content=\"article\" \/>\n<meta property=\"og:title\" content=\"Pack \u00e9quipement origine Movera Classic - Bantam Wankm\u00fcller SA\" \/>\n<meta property=\"og:description\" content=\"Kit de premier \u00e9quipement compos\u00e9 de : Weing\u00e4rtner : 1 x kit fiche CEE et prise CEE. KATADYN : 1x conservateur d&rsquo;eau potable Micropur Clasic pour 1.000 l. THETFORD : 1x papier hygi\u00e9nique Aqua Soft 4 rouleaux. THETFORD : 1x PowerPods Blue, 20 comprim\u00e9s. H.A.B.A. : 1x niveau \u00e0 bulle magn\u00e9tique. GASLOCK : 1x indicateur [&hellip;]\" \/>\n<meta property=\"og:url\" content=\"https:\/\/shop.bantam.ch\/fr\/produit\/pack-equipement-origine-movera-classic\/\" \/>\n<meta property=\"og:site_name\" content=\"Bantam Wankm\u00fcller SA\" \/>\n<meta property=\"article:modified_time\" content=\"2026-04-17T21:04:38+00:00\" \/>\n<meta property=\"og:image\" content=\"https:\/\/shop.bantam.ch\/wp-content\/uploads\/2024\/09\/Movera-L-9955603100.jpg\" \/>\n\t<meta property=\"og:image:width\" content=\"640\" \/>\n\t<meta property=\"og:image:height\" content=\"453\" \/>\n\t<meta property=\"og:image:type\" content=\"image\/jpeg\" \/>\n<meta name=\"twitter:card\" content=\"summary_large_image\" \/>\n<script type=\"application\/ld+json\" class=\"yoast-schema-graph\">{\"@context\":\"https:\\\/\\\/schema.org\",\"@graph\":[{\"@type\":\"WebPage\",\"@id\":\"https:\\\/\\\/shop.bantam.ch\\\/fr\\\/produit\\\/pack-equipement-origine-movera-classic\\\/\",\"url\":\"https:\\\/\\\/shop.bantam.ch\\\/fr\\\/produit\\\/pack-equipement-origine-movera-classic\\\/\",\"name\":\"Pack \u00e9quipement origine Movera Classic - Bantam Wankm\u00fcller SA\",\"isPartOf\":{\"@id\":\"https:\\\/\\\/shop.bantam.ch\\\/fr\\\/#website\"},\"primaryImageOfPage\":{\"@id\":\"https:\\\/\\\/shop.bantam.ch\\\/fr\\\/produit\\\/pack-equipement-origine-movera-classic\\\/#primaryimage\"},\"image\":{\"@id\":\"https:\\\/\\\/shop.bantam.ch\\\/fr\\\/produit\\\/pack-equipement-origine-movera-classic\\\/#primaryimage\"},\"thumbnailUrl\":\"https:\\\/\\\/shop.bantam.ch\\\/wp-content\\\/uploads\\\/2024\\\/09\\\/Movera-L-9955603100.jpg\",\"datePublished\":\"2024-05-15T13:37:25+00:00\",\"dateModified\":\"2026-04-17T21:04:38+00:00\",\"breadcrumb\":{\"@id\":\"https:\\\/\\\/shop.bantam.ch\\\/fr\\\/produit\\\/pack-equipement-origine-movera-classic\\\/#breadcrumb\"},\"inLanguage\":\"fr-FR\",\"potentialAction\":[{\"@type\":\"ReadAction\",\"target\":[\"https:\\\/\\\/shop.bantam.ch\\\/fr\\\/produit\\\/pack-equipement-origine-movera-classic\\\/\"]}]},{\"@type\":\"ImageObject\",\"inLanguage\":\"fr-FR\",\"@id\":\"https:\\\/\\\/shop.bantam.ch\\\/fr\\\/produit\\\/pack-equipement-origine-movera-classic\\\/#primaryimage\",\"url\":\"https:\\\/\\\/shop.bantam.ch\\\/wp-content\\\/uploads\\\/2024\\\/09\\\/Movera-L-9955603100.jpg\",\"contentUrl\":\"https:\\\/\\\/shop.bantam.ch\\\/wp-content\\\/uploads\\\/2024\\\/09\\\/Movera-L-9955603100.jpg\",\"width\":640,\"height\":453},{\"@type\":\"BreadcrumbList\",\"@id\":\"https:\\\/\\\/shop.bantam.ch\\\/fr\\\/produit\\\/pack-equipement-origine-movera-classic\\\/#breadcrumb\",\"itemListElement\":[{\"@type\":\"ListItem\",\"position\":1,\"name\":\"Accueil\",\"item\":\"https:\\\/\\\/shop.bantam.ch\\\/fr\\\/\"},{\"@type\":\"ListItem\",\"position\":2,\"name\":\"Boutique\",\"item\":\"https:\\\/\\\/shop.bantam.ch\\\/fr\\\/boutique\\\/\"},{\"@type\":\"ListItem\",\"position\":3,\"name\":\"Pack \u00e9quipement origine Movera Classic\"}]},{\"@type\":\"WebSite\",\"@id\":\"https:\\\/\\\/shop.bantam.ch\\\/fr\\\/#website\",\"url\":\"https:\\\/\\\/shop.bantam.ch\\\/fr\\\/\",\"name\":\"Bantam Wankm\u00fcller SA\",\"description\":\"\",\"publisher\":{\"@id\":\"https:\\\/\\\/shop.bantam.ch\\\/fr\\\/#organization\"},\"inLanguage\":\"fr-FR\"},{\"@type\":\"Organization\",\"@id\":\"https:\\\/\\\/shop.bantam.ch\\\/fr\\\/#organization\",\"name\":\"Bantam Wankm\u00fcller SA\",\"url\":\"https:\\\/\\\/shop.bantam.ch\\\/fr\\\/\",\"logo\":{\"@type\":\"ImageObject\",\"inLanguage\":\"fr-FR\",\"@id\":\"https:\\\/\\\/shop.bantam.ch\\\/fr\\\/#\\\/schema\\\/logo\\\/image\\\/\",\"url\":\"https:\\\/\\\/shop.bantam.ch\\\/wp-content\\\/uploads\\\/2022\\\/12\\\/bantam-logo.png\",\"contentUrl\":\"https:\\\/\\\/shop.bantam.ch\\\/wp-content\\\/uploads\\\/2022\\\/12\\\/bantam-logo.png\",\"width\":320,\"height\":71,\"caption\":\"Bantam Wankm\u00fcller SA\"},\"image\":{\"@id\":\"https:\\\/\\\/shop.bantam.ch\\\/fr\\\/#\\\/schema\\\/logo\\\/image\\\/\"}}]}<\/script>\n<!-- \/ Yoast SEO plugin. -->","yoast_head_json":{"title":"Pack \u00e9quipement origine Movera Classic - Bantam Wankm\u00fcller SA","robots":{"index":"index","follow":"follow","max-snippet":"max-snippet:-1","max-image-preview":"max-image-preview:large","max-video-preview":"max-video-preview:-1"},"canonical":"https:\/\/shop.bantam.ch\/fr\/produit\/pack-equipement-origine-movera-classic\/","og_locale":"fr_FR","og_type":"article","og_title":"Pack \u00e9quipement origine Movera Classic - Bantam Wankm\u00fcller SA","og_description":"Kit de premier \u00e9quipement compos\u00e9 de : Weing\u00e4rtner : 1 x kit fiche CEE et prise CEE. KATADYN : 1x conservateur d&rsquo;eau potable Micropur Clasic pour 1.000 l. THETFORD : 1x papier hygi\u00e9nique Aqua Soft 4 rouleaux. THETFORD : 1x PowerPods Blue, 20 comprim\u00e9s. H.A.B.A. : 1x niveau \u00e0 bulle magn\u00e9tique. GASLOCK : 1x indicateur [&hellip;]","og_url":"https:\/\/shop.bantam.ch\/fr\/produit\/pack-equipement-origine-movera-classic\/","og_site_name":"Bantam Wankm\u00fcller SA","article_modified_time":"2026-04-17T21:04:38+00:00","og_image":[{"width":640,"height":453,"url":"https:\/\/shop.bantam.ch\/wp-content\/uploads\/2024\/09\/Movera-L-9955603100.jpg","type":"image\/jpeg"}],"twitter_card":"summary_large_image","schema":{"@context":"https:\/\/schema.org","@graph":[{"@type":"WebPage","@id":"https:\/\/shop.bantam.ch\/fr\/produit\/pack-equipement-origine-movera-classic\/","url":"https:\/\/shop.bantam.ch\/fr\/produit\/pack-equipement-origine-movera-classic\/","name":"Pack \u00e9quipement origine Movera Classic - Bantam Wankm\u00fcller SA","isPartOf":{"@id":"https:\/\/shop.bantam.ch\/fr\/#website"},"primaryImageOfPage":{"@id":"https:\/\/shop.bantam.ch\/fr\/produit\/pack-equipement-origine-movera-classic\/#primaryimage"},"image":{"@id":"https:\/\/shop.bantam.ch\/fr\/produit\/pack-equipement-origine-movera-classic\/#primaryimage"},"thumbnailUrl":"https:\/\/shop.bantam.ch\/wp-content\/uploads\/2024\/09\/Movera-L-9955603100.jpg","datePublished":"2024-05-15T13:37:25+00:00","dateModified":"2026-04-17T21:04:38+00:00","breadcrumb":{"@id":"https:\/\/shop.bantam.ch\/fr\/produit\/pack-equipement-origine-movera-classic\/#breadcrumb"},"inLanguage":"fr-FR","potentialAction":[{"@type":"ReadAction","target":["https:\/\/shop.bantam.ch\/fr\/produit\/pack-equipement-origine-movera-classic\/"]}]},{"@type":"ImageObject","inLanguage":"fr-FR","@id":"https:\/\/shop.bantam.ch\/fr\/produit\/pack-equipement-origine-movera-classic\/#primaryimage","url":"https:\/\/shop.bantam.ch\/wp-content\/uploads\/2024\/09\/Movera-L-9955603100.jpg","contentUrl":"https:\/\/shop.bantam.ch\/wp-content\/uploads\/2024\/09\/Movera-L-9955603100.jpg","width":640,"height":453},{"@type":"BreadcrumbList","@id":"https:\/\/shop.bantam.ch\/fr\/produit\/pack-equipement-origine-movera-classic\/#breadcrumb","itemListElement":[{"@type":"ListItem","position":1,"name":"Accueil","item":"https:\/\/shop.bantam.ch\/fr\/"},{"@type":"ListItem","position":2,"name":"Boutique","item":"https:\/\/shop.bantam.ch\/fr\/boutique\/"},{"@type":"ListItem","position":3,"name":"Pack \u00e9quipement origine Movera Classic"}]},{"@type":"WebSite","@id":"https:\/\/shop.bantam.ch\/fr\/#website","url":"https:\/\/shop.bantam.ch\/fr\/","name":"Bantam Wankm\u00fcller SA","description":"","publisher":{"@id":"https:\/\/shop.bantam.ch\/fr\/#organization"},"inLanguage":"fr-FR"},{"@type":"Organization","@id":"https:\/\/shop.bantam.ch\/fr\/#organization","name":"Bantam Wankm\u00fcller SA","url":"https:\/\/shop.bantam.ch\/fr\/","logo":{"@type":"ImageObject","inLanguage":"fr-FR","@id":"https:\/\/shop.bantam.ch\/fr\/#\/schema\/logo\/image\/","url":"https:\/\/shop.bantam.ch\/wp-content\/uploads\/2022\/12\/bantam-logo.png","contentUrl":"https:\/\/shop.bantam.ch\/wp-content\/uploads\/2022\/12\/bantam-logo.png","width":320,"height":71,"caption":"Bantam Wankm\u00fcller SA"},"image":{"@id":"https:\/\/shop.bantam.ch\/fr\/#\/schema\/logo\/image\/"}}]}},"_links":{"self":[{"href":"https:\/\/shop.bantam.ch\/fr\/wp-json\/wp\/v2\/product\/195578","targetHints":{"allow":["GET"]}}],"collection":[{"href":"https:\/\/shop.bantam.ch\/fr\/wp-json\/wp\/v2\/product"}],"about":[{"href":"https:\/\/shop.bantam.ch\/fr\/wp-json\/wp\/v2\/types\/product"}],"wp:featuredmedia":[{"embeddable":true,"href":"https:\/\/shop.bantam.ch\/fr\/wp-json\/wp\/v2\/media\/206630"}],"wp:attachment":[{"href":"https:\/\/shop.bantam.ch\/fr\/wp-json\/wp\/v2\/media?parent=195578"}],"wp:term":[{"taxonomy":"product_featured_cat","embeddable":true,"href":"https:\/\/shop.bantam.ch\/fr\/wp-json\/wp\/v2\/product_featured_cat?post=195578"},{"taxonomy":"product_brand","embeddable":true,"href":"https:\/\/shop.bantam.ch\/fr\/wp-json\/wp\/v2\/product_brand?post=195578"},{"taxonomy":"product_cat","embeddable":true,"href":"https:\/\/shop.bantam.ch\/fr\/wp-json\/wp\/v2\/product_cat?post=195578"},{"taxonomy":"product_tag","embeddable":true,"href":"https:\/\/shop.bantam.ch\/fr\/wp-json\/wp\/v2\/product_tag?post=195578"}],"curies":[{"name":"wp","href":"https:\/\/api.w.org\/{rel}","templated":true}]}}