{"id":195350,"date":"2024-05-15T15:30:20","date_gmt":"2024-05-15T13:30:20","guid":{"rendered":"https:\/\/shop.bantam.ch\/produit\/porte-velo-thule-wanderway-2-roues-coloris-noir\/"},"modified":"2026-04-17T23:04:23","modified_gmt":"2026-04-17T21:04:23","slug":"porte-velo-thule-wanderway-2-roues-coloris-noir","status":"publish","type":"product","link":"https:\/\/shop.bantam.ch\/fr\/produit\/porte-velo-thule-wanderway-2-roues-coloris-noir\/","title":{"rendered":"Porte-v\u00e9lo THULE WanderWay 2 roues coloris noir"},"content":{"rendered":"<p>Porte-v\u00e9los arri\u00e8re de premi\u00e8re classe avec plateforme sur\u00e9lev\u00e9e, sp\u00e9cialement con\u00e7u pour le Volkswagen T6.<\/p>\n<p>&nbsp;<\/p>\n<p>Pour 2 v\u00e9los, extensible \u00e0 4<br \/>.<br \/>\nChargement facile des v\u00e9los<br \/>.<br \/>\nLe coffre peut \u00eatre ouvert sans que les v\u00e9los soient charg\u00e9s<br \/>\nBoutons limiteurs de couple AcuTight, pour un couple optimal<br \/>\nserrure fournie<\/p>\n<p>&nbsp;<\/p>\n<p>Caract\u00e9ristiques:<\/p>\n<ul>\n<li>Compl\u00e8tement assembl\u00e9 et parfaitement adapt\u00e9 au Volkswagen T6 pour un montage rapide et facile<\/li>\n<p>.<\/p>\n<li>Charge standard de 2 v\u00e9los. La charge peut \u00eatre augment\u00e9e jusqu&rsquo;\u00e0 quatre v\u00e9los avec des adaptateurs (adaptateurs disponibles s\u00e9par\u00e9ment)<\/li>\n<p>.<\/p>\n<li>La position sur\u00e9lev\u00e9e du porte-v\u00e9los permet de conserver la visibilit\u00e9 des feux arri\u00e8re et de la plaque d&rsquo;immatriculation<\/li>\n<p>.<\/p>\n<li>La charge des v\u00e9los est facilit\u00e9e par des bras de support de v\u00e9lo amovibles avec des boutons de limitation de couple Thule AcuTight verrouillables qui cliquent lorsque le couple optimal est atteint<\/li>\n<p>.<\/p>\n<li>Charge facile des v\u00e9los gr\u00e2ce aux rails facilement adaptables qui glissent de gauche \u00e0 droite<\/li>\n<p>.<\/p>\n<li>Les supports de roue r\u00e9glables avec fonction de cliquet permettent de fixer facilement les roues<\/li>\n<p>.<\/p>\n<li>Lorsque la plate-forme n&rsquo;est pas utilis\u00e9e, elle se rabat verticalement contre le coffre<\/li>\n<p>.<\/p>\n<li>Pour verrouiller les v\u00e9los sur le porte-v\u00e9los&nbsp;<\/li>\n<p>.<\/p>\n<li>Pour 2 v\u00e9los, extensible \u00e0 3 ou 4 v\u00e9los<\/li>\n<p>.<\/p>\n<li>Distance entre les rails 31 cm<\/li>\n<li>Max. Charge par rail : 30 kg (2 v\u00e9los) &#8211; 20 kg (3 v\u00e9los) &#8211; 15 kg (4 v\u00e9los)<\/li>\n<li>Compatible avec les v\u00e9los \u00e9lectriques : oui<\/li>\n<p>.\n<\/ul>\n<p>Dimensions:<\/p>\n<p>D\u00e9pli\u00e9e 152 x 111 x 91 cm (l x L x H), repli\u00e9e 152 x 47 x 91 cm (l x L x H)<\/p>\n<p>&nbsp;<\/p>\n<p>Livraison:<\/p>\n<p>Cercle inclus<\/p>\n","protected":false},"excerpt":{"rendered":"<p>Porte-v\u00e9los arri\u00e8re de premi\u00e8re classe avec plateforme sur\u00e9lev\u00e9e, sp\u00e9cialement con\u00e7u pour le Volkswagen T6. &nbsp; Pour 2 v\u00e9los, extensible \u00e0 4. Chargement facile des v\u00e9los. Le coffre peut \u00eatre ouvert sans que les v\u00e9los soient charg\u00e9s Boutons limiteurs de couple AcuTight, pour un couple optimal serrure fournie &nbsp; Caract\u00e9ristiques: Compl\u00e8tement assembl\u00e9 et parfaitement adapt\u00e9 au [&hellip;]<\/p>\n","protected":false},"featured_media":206612,"template":"","meta":{"_acf_changed":false},"product_featured_cat":[],"product_brand":[3046],"product_cat":[5137],"product_tag":[],"class_list":{"0":"post-195350","1":"product","2":"type-product","3":"status-publish","4":"has-post-thumbnail","6":"product_brand-thule","7":"product_cat-porte-velos-arriere","9":"first","10":"instock","11":"taxable","12":"shipping-taxable","13":"purchasable","14":"product-type-simple"},"acf":[],"yoast_head":"<!-- This site is optimized with the Yoast SEO plugin v27.4 - https:\/\/yoast.com\/product\/yoast-seo-wordpress\/ -->\n<title>Porte-v\u00e9lo THULE WanderWay 2 roues coloris noir - Bantam Wankm\u00fcller SA<\/title>\n<meta name=\"robots\" content=\"index, follow, max-snippet:-1, max-image-preview:large, max-video-preview:-1\" \/>\n<link rel=\"canonical\" href=\"https:\/\/shop.bantam.ch\/fr\/produit\/porte-velo-thule-wanderway-2-roues-coloris-noir\/\" \/>\n<meta property=\"og:locale\" content=\"fr_FR\" \/>\n<meta property=\"og:type\" content=\"article\" \/>\n<meta property=\"og:title\" content=\"Porte-v\u00e9lo THULE WanderWay 2 roues coloris noir - Bantam Wankm\u00fcller SA\" \/>\n<meta property=\"og:description\" content=\"Porte-v\u00e9los arri\u00e8re de premi\u00e8re classe avec plateforme sur\u00e9lev\u00e9e, sp\u00e9cialement con\u00e7u pour le Volkswagen T6. &nbsp; Pour 2 v\u00e9los, extensible \u00e0 4. Chargement facile des v\u00e9los. Le coffre peut \u00eatre ouvert sans que les v\u00e9los soient charg\u00e9s Boutons limiteurs de couple AcuTight, pour un couple optimal serrure fournie &nbsp; Caract\u00e9ristiques: Compl\u00e8tement assembl\u00e9 et parfaitement adapt\u00e9 au [&hellip;]\" \/>\n<meta property=\"og:url\" content=\"https:\/\/shop.bantam.ch\/fr\/produit\/porte-velo-thule-wanderway-2-roues-coloris-noir\/\" \/>\n<meta property=\"og:site_name\" content=\"Bantam Wankm\u00fcller SA\" \/>\n<meta property=\"article:modified_time\" content=\"2026-04-17T21:04:23+00:00\" \/>\n<meta property=\"og:image\" content=\"https:\/\/shop.bantam.ch\/wp-content\/uploads\/2024\/05\/Movera-L-9949259100.jpg\" \/>\n\t<meta property=\"og:image:width\" content=\"640\" \/>\n\t<meta property=\"og:image:height\" content=\"640\" \/>\n\t<meta property=\"og:image:type\" content=\"image\/jpeg\" \/>\n<meta name=\"twitter:card\" content=\"summary_large_image\" \/>\n<meta name=\"twitter:label1\" content=\"Dur\u00e9e de lecture estim\u00e9e\" \/>\n\t<meta name=\"twitter:data1\" content=\"1 minute\" \/>\n<script type=\"application\/ld+json\" class=\"yoast-schema-graph\">{\"@context\":\"https:\\\/\\\/schema.org\",\"@graph\":[{\"@type\":\"WebPage\",\"@id\":\"https:\\\/\\\/shop.bantam.ch\\\/fr\\\/produit\\\/porte-velo-thule-wanderway-2-roues-coloris-noir\\\/\",\"url\":\"https:\\\/\\\/shop.bantam.ch\\\/fr\\\/produit\\\/porte-velo-thule-wanderway-2-roues-coloris-noir\\\/\",\"name\":\"Porte-v\u00e9lo THULE WanderWay 2 roues coloris noir - Bantam Wankm\u00fcller SA\",\"isPartOf\":{\"@id\":\"https:\\\/\\\/shop.bantam.ch\\\/fr\\\/#website\"},\"primaryImageOfPage\":{\"@id\":\"https:\\\/\\\/shop.bantam.ch\\\/fr\\\/produit\\\/porte-velo-thule-wanderway-2-roues-coloris-noir\\\/#primaryimage\"},\"image\":{\"@id\":\"https:\\\/\\\/shop.bantam.ch\\\/fr\\\/produit\\\/porte-velo-thule-wanderway-2-roues-coloris-noir\\\/#primaryimage\"},\"thumbnailUrl\":\"https:\\\/\\\/shop.bantam.ch\\\/wp-content\\\/uploads\\\/2024\\\/09\\\/Movera-L-9949259100.jpg\",\"datePublished\":\"2024-05-15T13:30:20+00:00\",\"dateModified\":\"2026-04-17T21:04:23+00:00\",\"breadcrumb\":{\"@id\":\"https:\\\/\\\/shop.bantam.ch\\\/fr\\\/produit\\\/porte-velo-thule-wanderway-2-roues-coloris-noir\\\/#breadcrumb\"},\"inLanguage\":\"fr-FR\",\"potentialAction\":[{\"@type\":\"ReadAction\",\"target\":[\"https:\\\/\\\/shop.bantam.ch\\\/fr\\\/produit\\\/porte-velo-thule-wanderway-2-roues-coloris-noir\\\/\"]}]},{\"@type\":\"ImageObject\",\"inLanguage\":\"fr-FR\",\"@id\":\"https:\\\/\\\/shop.bantam.ch\\\/fr\\\/produit\\\/porte-velo-thule-wanderway-2-roues-coloris-noir\\\/#primaryimage\",\"url\":\"https:\\\/\\\/shop.bantam.ch\\\/wp-content\\\/uploads\\\/2024\\\/09\\\/Movera-L-9949259100.jpg\",\"contentUrl\":\"https:\\\/\\\/shop.bantam.ch\\\/wp-content\\\/uploads\\\/2024\\\/09\\\/Movera-L-9949259100.jpg\",\"width\":640,\"height\":640},{\"@type\":\"BreadcrumbList\",\"@id\":\"https:\\\/\\\/shop.bantam.ch\\\/fr\\\/produit\\\/porte-velo-thule-wanderway-2-roues-coloris-noir\\\/#breadcrumb\",\"itemListElement\":[{\"@type\":\"ListItem\",\"position\":1,\"name\":\"Accueil\",\"item\":\"https:\\\/\\\/shop.bantam.ch\\\/fr\\\/\"},{\"@type\":\"ListItem\",\"position\":2,\"name\":\"Boutique\",\"item\":\"https:\\\/\\\/shop.bantam.ch\\\/fr\\\/boutique\\\/\"},{\"@type\":\"ListItem\",\"position\":3,\"name\":\"Porte-v\u00e9lo THULE WanderWay 2 roues coloris noir\"}]},{\"@type\":\"WebSite\",\"@id\":\"https:\\\/\\\/shop.bantam.ch\\\/fr\\\/#website\",\"url\":\"https:\\\/\\\/shop.bantam.ch\\\/fr\\\/\",\"name\":\"Bantam Wankm\u00fcller SA\",\"description\":\"\",\"publisher\":{\"@id\":\"https:\\\/\\\/shop.bantam.ch\\\/fr\\\/#organization\"},\"inLanguage\":\"fr-FR\"},{\"@type\":\"Organization\",\"@id\":\"https:\\\/\\\/shop.bantam.ch\\\/fr\\\/#organization\",\"name\":\"Bantam Wankm\u00fcller SA\",\"url\":\"https:\\\/\\\/shop.bantam.ch\\\/fr\\\/\",\"logo\":{\"@type\":\"ImageObject\",\"inLanguage\":\"fr-FR\",\"@id\":\"https:\\\/\\\/shop.bantam.ch\\\/fr\\\/#\\\/schema\\\/logo\\\/image\\\/\",\"url\":\"https:\\\/\\\/shop.bantam.ch\\\/wp-content\\\/uploads\\\/2022\\\/12\\\/bantam-logo.png\",\"contentUrl\":\"https:\\\/\\\/shop.bantam.ch\\\/wp-content\\\/uploads\\\/2022\\\/12\\\/bantam-logo.png\",\"width\":320,\"height\":71,\"caption\":\"Bantam Wankm\u00fcller SA\"},\"image\":{\"@id\":\"https:\\\/\\\/shop.bantam.ch\\\/fr\\\/#\\\/schema\\\/logo\\\/image\\\/\"}}]}<\/script>\n<!-- \/ Yoast SEO plugin. -->","yoast_head_json":{"title":"Porte-v\u00e9lo THULE WanderWay 2 roues coloris noir - Bantam Wankm\u00fcller SA","robots":{"index":"index","follow":"follow","max-snippet":"max-snippet:-1","max-image-preview":"max-image-preview:large","max-video-preview":"max-video-preview:-1"},"canonical":"https:\/\/shop.bantam.ch\/fr\/produit\/porte-velo-thule-wanderway-2-roues-coloris-noir\/","og_locale":"fr_FR","og_type":"article","og_title":"Porte-v\u00e9lo THULE WanderWay 2 roues coloris noir - Bantam Wankm\u00fcller SA","og_description":"Porte-v\u00e9los arri\u00e8re de premi\u00e8re classe avec plateforme sur\u00e9lev\u00e9e, sp\u00e9cialement con\u00e7u pour le Volkswagen T6. &nbsp; Pour 2 v\u00e9los, extensible \u00e0 4. Chargement facile des v\u00e9los. Le coffre peut \u00eatre ouvert sans que les v\u00e9los soient charg\u00e9s Boutons limiteurs de couple AcuTight, pour un couple optimal serrure fournie &nbsp; Caract\u00e9ristiques: Compl\u00e8tement assembl\u00e9 et parfaitement adapt\u00e9 au [&hellip;]","og_url":"https:\/\/shop.bantam.ch\/fr\/produit\/porte-velo-thule-wanderway-2-roues-coloris-noir\/","og_site_name":"Bantam Wankm\u00fcller SA","article_modified_time":"2026-04-17T21:04:23+00:00","og_image":[{"width":640,"height":640,"url":"https:\/\/shop.bantam.ch\/wp-content\/uploads\/2024\/05\/Movera-L-9949259100.jpg","type":"image\/jpeg"}],"twitter_card":"summary_large_image","twitter_misc":{"Dur\u00e9e de lecture estim\u00e9e":"1 minute"},"schema":{"@context":"https:\/\/schema.org","@graph":[{"@type":"WebPage","@id":"https:\/\/shop.bantam.ch\/fr\/produit\/porte-velo-thule-wanderway-2-roues-coloris-noir\/","url":"https:\/\/shop.bantam.ch\/fr\/produit\/porte-velo-thule-wanderway-2-roues-coloris-noir\/","name":"Porte-v\u00e9lo THULE WanderWay 2 roues coloris noir - Bantam Wankm\u00fcller SA","isPartOf":{"@id":"https:\/\/shop.bantam.ch\/fr\/#website"},"primaryImageOfPage":{"@id":"https:\/\/shop.bantam.ch\/fr\/produit\/porte-velo-thule-wanderway-2-roues-coloris-noir\/#primaryimage"},"image":{"@id":"https:\/\/shop.bantam.ch\/fr\/produit\/porte-velo-thule-wanderway-2-roues-coloris-noir\/#primaryimage"},"thumbnailUrl":"https:\/\/shop.bantam.ch\/wp-content\/uploads\/2024\/09\/Movera-L-9949259100.jpg","datePublished":"2024-05-15T13:30:20+00:00","dateModified":"2026-04-17T21:04:23+00:00","breadcrumb":{"@id":"https:\/\/shop.bantam.ch\/fr\/produit\/porte-velo-thule-wanderway-2-roues-coloris-noir\/#breadcrumb"},"inLanguage":"fr-FR","potentialAction":[{"@type":"ReadAction","target":["https:\/\/shop.bantam.ch\/fr\/produit\/porte-velo-thule-wanderway-2-roues-coloris-noir\/"]}]},{"@type":"ImageObject","inLanguage":"fr-FR","@id":"https:\/\/shop.bantam.ch\/fr\/produit\/porte-velo-thule-wanderway-2-roues-coloris-noir\/#primaryimage","url":"https:\/\/shop.bantam.ch\/wp-content\/uploads\/2024\/09\/Movera-L-9949259100.jpg","contentUrl":"https:\/\/shop.bantam.ch\/wp-content\/uploads\/2024\/09\/Movera-L-9949259100.jpg","width":640,"height":640},{"@type":"BreadcrumbList","@id":"https:\/\/shop.bantam.ch\/fr\/produit\/porte-velo-thule-wanderway-2-roues-coloris-noir\/#breadcrumb","itemListElement":[{"@type":"ListItem","position":1,"name":"Accueil","item":"https:\/\/shop.bantam.ch\/fr\/"},{"@type":"ListItem","position":2,"name":"Boutique","item":"https:\/\/shop.bantam.ch\/fr\/boutique\/"},{"@type":"ListItem","position":3,"name":"Porte-v\u00e9lo THULE WanderWay 2 roues coloris noir"}]},{"@type":"WebSite","@id":"https:\/\/shop.bantam.ch\/fr\/#website","url":"https:\/\/shop.bantam.ch\/fr\/","name":"Bantam Wankm\u00fcller SA","description":"","publisher":{"@id":"https:\/\/shop.bantam.ch\/fr\/#organization"},"inLanguage":"fr-FR"},{"@type":"Organization","@id":"https:\/\/shop.bantam.ch\/fr\/#organization","name":"Bantam Wankm\u00fcller SA","url":"https:\/\/shop.bantam.ch\/fr\/","logo":{"@type":"ImageObject","inLanguage":"fr-FR","@id":"https:\/\/shop.bantam.ch\/fr\/#\/schema\/logo\/image\/","url":"https:\/\/shop.bantam.ch\/wp-content\/uploads\/2022\/12\/bantam-logo.png","contentUrl":"https:\/\/shop.bantam.ch\/wp-content\/uploads\/2022\/12\/bantam-logo.png","width":320,"height":71,"caption":"Bantam Wankm\u00fcller SA"},"image":{"@id":"https:\/\/shop.bantam.ch\/fr\/#\/schema\/logo\/image\/"}}]}},"_links":{"self":[{"href":"https:\/\/shop.bantam.ch\/fr\/wp-json\/wp\/v2\/product\/195350","targetHints":{"allow":["GET"]}}],"collection":[{"href":"https:\/\/shop.bantam.ch\/fr\/wp-json\/wp\/v2\/product"}],"about":[{"href":"https:\/\/shop.bantam.ch\/fr\/wp-json\/wp\/v2\/types\/product"}],"wp:featuredmedia":[{"embeddable":true,"href":"https:\/\/shop.bantam.ch\/fr\/wp-json\/wp\/v2\/media\/206612"}],"wp:attachment":[{"href":"https:\/\/shop.bantam.ch\/fr\/wp-json\/wp\/v2\/media?parent=195350"}],"wp:term":[{"taxonomy":"product_featured_cat","embeddable":true,"href":"https:\/\/shop.bantam.ch\/fr\/wp-json\/wp\/v2\/product_featured_cat?post=195350"},{"taxonomy":"product_brand","embeddable":true,"href":"https:\/\/shop.bantam.ch\/fr\/wp-json\/wp\/v2\/product_brand?post=195350"},{"taxonomy":"product_cat","embeddable":true,"href":"https:\/\/shop.bantam.ch\/fr\/wp-json\/wp\/v2\/product_cat?post=195350"},{"taxonomy":"product_tag","embeddable":true,"href":"https:\/\/shop.bantam.ch\/fr\/wp-json\/wp\/v2\/product_tag?post=195350"}],"curies":[{"name":"wp","href":"https:\/\/api.w.org\/{rel}","templated":true}]}}