{"id":195312,"date":"2024-05-15T15:28:55","date_gmt":"2024-05-15T13:28:55","guid":{"rendered":"https:\/\/shop.bantam.ch\/produit\/serrure-pour-camping-car-arch-cylindre-sts-zadi-avec-gache-et-couvercle\/"},"modified":"2026-04-18T01:05:01","modified_gmt":"2026-04-17T23:05:01","slug":"serrure-pour-camping-car-arch-cylindre-sts-zadi-avec-gache-et-couvercle","status":"publish","type":"product","link":"https:\/\/shop.bantam.ch\/fr\/produit\/serrure-pour-camping-car-arch-cylindre-sts-zadi-avec-gache-et-couvercle\/","title":{"rendered":"Serrure pour camping-car ArcH, cylindre STS\/Zadi, avec g\u00e2che et couvercle"},"content":{"rendered":"<p>Syst\u00e8me de verrouillage en un point pour camping-cars avec serrure int\u00e9rieure selon la norme M1. Serrure \u00e0 loquet rotatif en version droite et gauche. Pour les cylindres STS \/ Zadi, \u00e9paisseurs de paroi de 27-39 mm.<\/p>\n","protected":false},"excerpt":{"rendered":"<p>Syst\u00e8me de verrouillage en un point pour camping-cars avec serrure int\u00e9rieure selon la norme M1. Serrure \u00e0 loquet rotatif en version droite et gauche. Pour les cylindres STS \/ Zadi, \u00e9paisseurs de paroi de 27-39 mm.<\/p>\n","protected":false},"featured_media":195310,"template":"","meta":{"_acf_changed":false},"product_featured_cat":[],"product_brand":[5197],"product_cat":[4785],"product_tag":[],"class_list":{"0":"post-195312","1":"product","2":"type-product","3":"status-publish","4":"has-post-thumbnail","6":"product_brand-sts-oberholz","7":"product_cat-serrures","9":"first","10":"instock","11":"taxable","12":"shipping-taxable","13":"purchasable","14":"product-type-variable"},"acf":[],"yoast_head":"<!-- This site is optimized with the Yoast SEO plugin v27.4 - https:\/\/yoast.com\/product\/yoast-seo-wordpress\/ -->\n<title>Serrure pour camping-car ArcH, cylindre STS\/Zadi, avec g\u00e2che et couvercle - Bantam Wankm\u00fcller SA<\/title>\n<meta name=\"robots\" content=\"index, follow, max-snippet:-1, max-image-preview:large, max-video-preview:-1\" \/>\n<link rel=\"canonical\" href=\"https:\/\/shop.bantam.ch\/fr\/produit\/serrure-pour-camping-car-arch-cylindre-sts-zadi-avec-gache-et-couvercle\/\" \/>\n<meta property=\"og:locale\" content=\"fr_FR\" \/>\n<meta property=\"og:type\" content=\"article\" \/>\n<meta property=\"og:title\" content=\"Serrure pour camping-car ArcH, cylindre STS\/Zadi, avec g\u00e2che et couvercle - Bantam Wankm\u00fcller SA\" \/>\n<meta property=\"og:description\" content=\"Syst\u00e8me de verrouillage en un point pour camping-cars avec serrure int\u00e9rieure selon la norme M1. Serrure \u00e0 loquet rotatif en version droite et gauche. Pour les cylindres STS \/ Zadi, \u00e9paisseurs de paroi de 27-39 mm.\" \/>\n<meta property=\"og:url\" content=\"https:\/\/shop.bantam.ch\/fr\/produit\/serrure-pour-camping-car-arch-cylindre-sts-zadi-avec-gache-et-couvercle\/\" \/>\n<meta property=\"og:site_name\" content=\"Bantam Wankm\u00fcller SA\" \/>\n<meta property=\"article:modified_time\" content=\"2026-04-17T23:05:01+00:00\" \/>\n<meta property=\"og:image\" content=\"https:\/\/shop.bantam.ch\/wp-content\/uploads\/2024\/05\/Movera-L-9949244100.jpg\" \/>\n\t<meta property=\"og:image:width\" content=\"640\" \/>\n\t<meta property=\"og:image:height\" content=\"427\" \/>\n\t<meta property=\"og:image:type\" content=\"image\/jpeg\" \/>\n<meta name=\"twitter:card\" content=\"summary_large_image\" \/>\n<script type=\"application\/ld+json\" class=\"yoast-schema-graph\">{\"@context\":\"https:\\\/\\\/schema.org\",\"@graph\":[{\"@type\":\"WebPage\",\"@id\":\"https:\\\/\\\/shop.bantam.ch\\\/fr\\\/produit\\\/serrure-pour-camping-car-arch-cylindre-sts-zadi-avec-gache-et-couvercle\\\/\",\"url\":\"https:\\\/\\\/shop.bantam.ch\\\/fr\\\/produit\\\/serrure-pour-camping-car-arch-cylindre-sts-zadi-avec-gache-et-couvercle\\\/\",\"name\":\"Serrure pour camping-car ArcH, cylindre STS\\\/Zadi, avec g\u00e2che et couvercle - Bantam Wankm\u00fcller SA\",\"isPartOf\":{\"@id\":\"https:\\\/\\\/shop.bantam.ch\\\/fr\\\/#website\"},\"primaryImageOfPage\":{\"@id\":\"https:\\\/\\\/shop.bantam.ch\\\/fr\\\/produit\\\/serrure-pour-camping-car-arch-cylindre-sts-zadi-avec-gache-et-couvercle\\\/#primaryimage\"},\"image\":{\"@id\":\"https:\\\/\\\/shop.bantam.ch\\\/fr\\\/produit\\\/serrure-pour-camping-car-arch-cylindre-sts-zadi-avec-gache-et-couvercle\\\/#primaryimage\"},\"thumbnailUrl\":\"https:\\\/\\\/shop.bantam.ch\\\/wp-content\\\/uploads\\\/2024\\\/05\\\/Movera-L-9949244100.jpg\",\"datePublished\":\"2024-05-15T13:28:55+00:00\",\"dateModified\":\"2026-04-17T23:05:01+00:00\",\"breadcrumb\":{\"@id\":\"https:\\\/\\\/shop.bantam.ch\\\/fr\\\/produit\\\/serrure-pour-camping-car-arch-cylindre-sts-zadi-avec-gache-et-couvercle\\\/#breadcrumb\"},\"inLanguage\":\"fr-FR\",\"potentialAction\":[{\"@type\":\"ReadAction\",\"target\":[\"https:\\\/\\\/shop.bantam.ch\\\/fr\\\/produit\\\/serrure-pour-camping-car-arch-cylindre-sts-zadi-avec-gache-et-couvercle\\\/\"]}]},{\"@type\":\"ImageObject\",\"inLanguage\":\"fr-FR\",\"@id\":\"https:\\\/\\\/shop.bantam.ch\\\/fr\\\/produit\\\/serrure-pour-camping-car-arch-cylindre-sts-zadi-avec-gache-et-couvercle\\\/#primaryimage\",\"url\":\"https:\\\/\\\/shop.bantam.ch\\\/wp-content\\\/uploads\\\/2024\\\/05\\\/Movera-L-9949244100.jpg\",\"contentUrl\":\"https:\\\/\\\/shop.bantam.ch\\\/wp-content\\\/uploads\\\/2024\\\/05\\\/Movera-L-9949244100.jpg\",\"width\":640,\"height\":427},{\"@type\":\"BreadcrumbList\",\"@id\":\"https:\\\/\\\/shop.bantam.ch\\\/fr\\\/produit\\\/serrure-pour-camping-car-arch-cylindre-sts-zadi-avec-gache-et-couvercle\\\/#breadcrumb\",\"itemListElement\":[{\"@type\":\"ListItem\",\"position\":1,\"name\":\"Accueil\",\"item\":\"https:\\\/\\\/shop.bantam.ch\\\/fr\\\/\"},{\"@type\":\"ListItem\",\"position\":2,\"name\":\"Boutique\",\"item\":\"https:\\\/\\\/shop.bantam.ch\\\/fr\\\/boutique\\\/\"},{\"@type\":\"ListItem\",\"position\":3,\"name\":\"Serrure pour camping-car ArcH, cylindre STS\\\/Zadi, avec g\u00e2che et couvercle\"}]},{\"@type\":\"WebSite\",\"@id\":\"https:\\\/\\\/shop.bantam.ch\\\/fr\\\/#website\",\"url\":\"https:\\\/\\\/shop.bantam.ch\\\/fr\\\/\",\"name\":\"Bantam Wankm\u00fcller SA\",\"description\":\"\",\"publisher\":{\"@id\":\"https:\\\/\\\/shop.bantam.ch\\\/fr\\\/#organization\"},\"inLanguage\":\"fr-FR\"},{\"@type\":\"Organization\",\"@id\":\"https:\\\/\\\/shop.bantam.ch\\\/fr\\\/#organization\",\"name\":\"Bantam Wankm\u00fcller SA\",\"url\":\"https:\\\/\\\/shop.bantam.ch\\\/fr\\\/\",\"logo\":{\"@type\":\"ImageObject\",\"inLanguage\":\"fr-FR\",\"@id\":\"https:\\\/\\\/shop.bantam.ch\\\/fr\\\/#\\\/schema\\\/logo\\\/image\\\/\",\"url\":\"https:\\\/\\\/shop.bantam.ch\\\/wp-content\\\/uploads\\\/2022\\\/12\\\/bantam-logo.png\",\"contentUrl\":\"https:\\\/\\\/shop.bantam.ch\\\/wp-content\\\/uploads\\\/2022\\\/12\\\/bantam-logo.png\",\"width\":320,\"height\":71,\"caption\":\"Bantam Wankm\u00fcller SA\"},\"image\":{\"@id\":\"https:\\\/\\\/shop.bantam.ch\\\/fr\\\/#\\\/schema\\\/logo\\\/image\\\/\"}}]}<\/script>\n<!-- \/ Yoast SEO plugin. -->","yoast_head_json":{"title":"Serrure pour camping-car ArcH, cylindre STS\/Zadi, avec g\u00e2che et couvercle - Bantam Wankm\u00fcller SA","robots":{"index":"index","follow":"follow","max-snippet":"max-snippet:-1","max-image-preview":"max-image-preview:large","max-video-preview":"max-video-preview:-1"},"canonical":"https:\/\/shop.bantam.ch\/fr\/produit\/serrure-pour-camping-car-arch-cylindre-sts-zadi-avec-gache-et-couvercle\/","og_locale":"fr_FR","og_type":"article","og_title":"Serrure pour camping-car ArcH, cylindre STS\/Zadi, avec g\u00e2che et couvercle - Bantam Wankm\u00fcller SA","og_description":"Syst\u00e8me de verrouillage en un point pour camping-cars avec serrure int\u00e9rieure selon la norme M1. Serrure \u00e0 loquet rotatif en version droite et gauche. Pour les cylindres STS \/ Zadi, \u00e9paisseurs de paroi de 27-39 mm.","og_url":"https:\/\/shop.bantam.ch\/fr\/produit\/serrure-pour-camping-car-arch-cylindre-sts-zadi-avec-gache-et-couvercle\/","og_site_name":"Bantam Wankm\u00fcller SA","article_modified_time":"2026-04-17T23:05:01+00:00","og_image":[{"width":640,"height":427,"url":"https:\/\/shop.bantam.ch\/wp-content\/uploads\/2024\/05\/Movera-L-9949244100.jpg","type":"image\/jpeg"}],"twitter_card":"summary_large_image","schema":{"@context":"https:\/\/schema.org","@graph":[{"@type":"WebPage","@id":"https:\/\/shop.bantam.ch\/fr\/produit\/serrure-pour-camping-car-arch-cylindre-sts-zadi-avec-gache-et-couvercle\/","url":"https:\/\/shop.bantam.ch\/fr\/produit\/serrure-pour-camping-car-arch-cylindre-sts-zadi-avec-gache-et-couvercle\/","name":"Serrure pour camping-car ArcH, cylindre STS\/Zadi, avec g\u00e2che et couvercle - Bantam Wankm\u00fcller SA","isPartOf":{"@id":"https:\/\/shop.bantam.ch\/fr\/#website"},"primaryImageOfPage":{"@id":"https:\/\/shop.bantam.ch\/fr\/produit\/serrure-pour-camping-car-arch-cylindre-sts-zadi-avec-gache-et-couvercle\/#primaryimage"},"image":{"@id":"https:\/\/shop.bantam.ch\/fr\/produit\/serrure-pour-camping-car-arch-cylindre-sts-zadi-avec-gache-et-couvercle\/#primaryimage"},"thumbnailUrl":"https:\/\/shop.bantam.ch\/wp-content\/uploads\/2024\/05\/Movera-L-9949244100.jpg","datePublished":"2024-05-15T13:28:55+00:00","dateModified":"2026-04-17T23:05:01+00:00","breadcrumb":{"@id":"https:\/\/shop.bantam.ch\/fr\/produit\/serrure-pour-camping-car-arch-cylindre-sts-zadi-avec-gache-et-couvercle\/#breadcrumb"},"inLanguage":"fr-FR","potentialAction":[{"@type":"ReadAction","target":["https:\/\/shop.bantam.ch\/fr\/produit\/serrure-pour-camping-car-arch-cylindre-sts-zadi-avec-gache-et-couvercle\/"]}]},{"@type":"ImageObject","inLanguage":"fr-FR","@id":"https:\/\/shop.bantam.ch\/fr\/produit\/serrure-pour-camping-car-arch-cylindre-sts-zadi-avec-gache-et-couvercle\/#primaryimage","url":"https:\/\/shop.bantam.ch\/wp-content\/uploads\/2024\/05\/Movera-L-9949244100.jpg","contentUrl":"https:\/\/shop.bantam.ch\/wp-content\/uploads\/2024\/05\/Movera-L-9949244100.jpg","width":640,"height":427},{"@type":"BreadcrumbList","@id":"https:\/\/shop.bantam.ch\/fr\/produit\/serrure-pour-camping-car-arch-cylindre-sts-zadi-avec-gache-et-couvercle\/#breadcrumb","itemListElement":[{"@type":"ListItem","position":1,"name":"Accueil","item":"https:\/\/shop.bantam.ch\/fr\/"},{"@type":"ListItem","position":2,"name":"Boutique","item":"https:\/\/shop.bantam.ch\/fr\/boutique\/"},{"@type":"ListItem","position":3,"name":"Serrure pour camping-car ArcH, cylindre STS\/Zadi, avec g\u00e2che et couvercle"}]},{"@type":"WebSite","@id":"https:\/\/shop.bantam.ch\/fr\/#website","url":"https:\/\/shop.bantam.ch\/fr\/","name":"Bantam Wankm\u00fcller SA","description":"","publisher":{"@id":"https:\/\/shop.bantam.ch\/fr\/#organization"},"inLanguage":"fr-FR"},{"@type":"Organization","@id":"https:\/\/shop.bantam.ch\/fr\/#organization","name":"Bantam Wankm\u00fcller SA","url":"https:\/\/shop.bantam.ch\/fr\/","logo":{"@type":"ImageObject","inLanguage":"fr-FR","@id":"https:\/\/shop.bantam.ch\/fr\/#\/schema\/logo\/image\/","url":"https:\/\/shop.bantam.ch\/wp-content\/uploads\/2022\/12\/bantam-logo.png","contentUrl":"https:\/\/shop.bantam.ch\/wp-content\/uploads\/2022\/12\/bantam-logo.png","width":320,"height":71,"caption":"Bantam Wankm\u00fcller SA"},"image":{"@id":"https:\/\/shop.bantam.ch\/fr\/#\/schema\/logo\/image\/"}}]}},"_links":{"self":[{"href":"https:\/\/shop.bantam.ch\/fr\/wp-json\/wp\/v2\/product\/195312","targetHints":{"allow":["GET"]}}],"collection":[{"href":"https:\/\/shop.bantam.ch\/fr\/wp-json\/wp\/v2\/product"}],"about":[{"href":"https:\/\/shop.bantam.ch\/fr\/wp-json\/wp\/v2\/types\/product"}],"wp:featuredmedia":[{"embeddable":true,"href":"https:\/\/shop.bantam.ch\/fr\/wp-json\/wp\/v2\/media\/195310"}],"wp:attachment":[{"href":"https:\/\/shop.bantam.ch\/fr\/wp-json\/wp\/v2\/media?parent=195312"}],"wp:term":[{"taxonomy":"product_featured_cat","embeddable":true,"href":"https:\/\/shop.bantam.ch\/fr\/wp-json\/wp\/v2\/product_featured_cat?post=195312"},{"taxonomy":"product_brand","embeddable":true,"href":"https:\/\/shop.bantam.ch\/fr\/wp-json\/wp\/v2\/product_brand?post=195312"},{"taxonomy":"product_cat","embeddable":true,"href":"https:\/\/shop.bantam.ch\/fr\/wp-json\/wp\/v2\/product_cat?post=195312"},{"taxonomy":"product_tag","embeddable":true,"href":"https:\/\/shop.bantam.ch\/fr\/wp-json\/wp\/v2\/product_tag?post=195312"}],"curies":[{"name":"wp","href":"https:\/\/api.w.org\/{rel}","templated":true}]}}