{"id":195274,"date":"2024-05-15T15:27:25","date_gmt":"2024-05-15T13:27:25","guid":{"rendered":"https:\/\/shop.bantam.ch\/produit\/coussin-comp-air-lift-emuk-100-x-43-x-2-cm\/"},"modified":"2026-04-19T23:09:47","modified_gmt":"2026-04-19T21:09:47","slug":"coussin-comp-air-lift-emuk-100-x-43-x-2-cm","status":"publish","type":"product","link":"https:\/\/shop.bantam.ch\/fr\/produit\/coussin-comp-air-lift-emuk-100-x-43-x-2-cm\/","title":{"rendered":"Coussin comp. Air-Lift EMUK 100 x 43 x 2\u00a0cm"},"content":{"rendered":"<p>L&rsquo;Air-Lift d&rsquo;EMUK est un coussin de levage pneumatique tr\u00e8s r\u00e9sistant, r\u00e9sistant \u00e0 l&rsquo;usure, \u00e0 l&rsquo;essence, \u00e0 l&rsquo;huile et aux acides, sp\u00e9cialement con\u00e7u pour les camping-cars et les caravanes.<br \/>\nToutes les irr\u00e9gularit\u00e9s du sol et les diff\u00e9rences de hauteur du support peuvent \u00eatre compens\u00e9es en continu de 1,5 cm \u00e0 20 cm. La capacit\u00e9 de charge de l&rsquo;EMUK Air-Lift pour Monster Trucks est de 20 tonnes et bat tous les records pr\u00e9c\u00e9dents en comparaison avec les cales de compensation traditionnelles.<\/p>\n<p>&nbsp;<\/p>\n<p>Caract\u00e9ristiques:<\/p>\n<ul>\n<li>Hauteur min. non gonfl\u00e9e : 1,5 cm<\/li>\n<li>Gonflage &amp;amp ; d\u00e9gonflage : 1 soupape de voiture<\/li>\n<li>Test de pression test\u00e9 : 48 h \u00e0 5 bar<\/li>\n<\/ul>\n<p>Livraison :<\/p>\n<p>Coussin de levage Air-Lift inclus<\/p>\n<p>Soupape de d\u00e9charge<\/p>\n<p>Sac de rangement<\/p>\n","protected":false},"excerpt":{"rendered":"<p>L&rsquo;Air-Lift d&rsquo;EMUK est un coussin de levage pneumatique tr\u00e8s r\u00e9sistant, r\u00e9sistant \u00e0 l&rsquo;usure, \u00e0 l&rsquo;essence, \u00e0 l&rsquo;huile et aux acides, sp\u00e9cialement con\u00e7u pour les camping-cars et les caravanes. Toutes les irr\u00e9gularit\u00e9s du sol et les diff\u00e9rences de hauteur du support peuvent \u00eatre compens\u00e9es en continu de 1,5 cm \u00e0 20 cm. La capacit\u00e9 de charge [&hellip;]<\/p>\n","protected":false},"featured_media":206604,"template":"","meta":{"_acf_changed":false},"product_featured_cat":[],"product_brand":[3144],"product_cat":[4769],"product_tag":[],"class_list":{"0":"post-195274","1":"product","2":"type-product","3":"status-publish","4":"has-post-thumbnail","6":"product_brand-emuk","7":"product_cat-cales-dacces","9":"first","10":"instock","11":"taxable","12":"shipping-taxable","13":"purchasable","14":"product-type-simple"},"acf":[],"yoast_head":"<!-- This site is optimized with the Yoast SEO plugin v27.4 - https:\/\/yoast.com\/product\/yoast-seo-wordpress\/ -->\n<title>Coussin comp. Air-Lift EMUK 100 x 43 x 2\u00a0cm - Bantam Wankm\u00fcller SA<\/title>\n<meta name=\"robots\" content=\"index, follow, max-snippet:-1, max-image-preview:large, max-video-preview:-1\" \/>\n<link rel=\"canonical\" href=\"https:\/\/shop.bantam.ch\/fr\/produit\/coussin-comp-air-lift-emuk-100-x-43-x-2-cm\/\" \/>\n<meta property=\"og:locale\" content=\"fr_FR\" \/>\n<meta property=\"og:type\" content=\"article\" \/>\n<meta property=\"og:title\" content=\"Coussin comp. Air-Lift EMUK 100 x 43 x 2\u00a0cm - Bantam Wankm\u00fcller SA\" \/>\n<meta property=\"og:description\" content=\"L&rsquo;Air-Lift d&rsquo;EMUK est un coussin de levage pneumatique tr\u00e8s r\u00e9sistant, r\u00e9sistant \u00e0 l&rsquo;usure, \u00e0 l&rsquo;essence, \u00e0 l&rsquo;huile et aux acides, sp\u00e9cialement con\u00e7u pour les camping-cars et les caravanes. Toutes les irr\u00e9gularit\u00e9s du sol et les diff\u00e9rences de hauteur du support peuvent \u00eatre compens\u00e9es en continu de 1,5 cm \u00e0 20 cm. La capacit\u00e9 de charge [&hellip;]\" \/>\n<meta property=\"og:url\" content=\"https:\/\/shop.bantam.ch\/fr\/produit\/coussin-comp-air-lift-emuk-100-x-43-x-2-cm\/\" \/>\n<meta property=\"og:site_name\" content=\"Bantam Wankm\u00fcller SA\" \/>\n<meta property=\"article:modified_time\" content=\"2026-04-19T21:09:47+00:00\" \/>\n<meta property=\"og:image\" content=\"https:\/\/shop.bantam.ch\/wp-content\/uploads\/2024\/05\/Movera-L-9949228100.jpg\" \/>\n\t<meta property=\"og:image:width\" content=\"640\" \/>\n\t<meta property=\"og:image:height\" content=\"480\" \/>\n\t<meta property=\"og:image:type\" content=\"image\/jpeg\" \/>\n<meta name=\"twitter:card\" content=\"summary_large_image\" \/>\n<meta name=\"twitter:label1\" content=\"Dur\u00e9e de lecture estim\u00e9e\" \/>\n\t<meta name=\"twitter:data1\" content=\"1 minute\" \/>\n<script type=\"application\/ld+json\" class=\"yoast-schema-graph\">{\"@context\":\"https:\\\/\\\/schema.org\",\"@graph\":[{\"@type\":\"WebPage\",\"@id\":\"https:\\\/\\\/shop.bantam.ch\\\/fr\\\/produit\\\/coussin-comp-air-lift-emuk-100-x-43-x-2-cm\\\/\",\"url\":\"https:\\\/\\\/shop.bantam.ch\\\/fr\\\/produit\\\/coussin-comp-air-lift-emuk-100-x-43-x-2-cm\\\/\",\"name\":\"Coussin comp. Air-Lift EMUK 100 x 43 x 2\u00a0cm - Bantam Wankm\u00fcller SA\",\"isPartOf\":{\"@id\":\"https:\\\/\\\/shop.bantam.ch\\\/fr\\\/#website\"},\"primaryImageOfPage\":{\"@id\":\"https:\\\/\\\/shop.bantam.ch\\\/fr\\\/produit\\\/coussin-comp-air-lift-emuk-100-x-43-x-2-cm\\\/#primaryimage\"},\"image\":{\"@id\":\"https:\\\/\\\/shop.bantam.ch\\\/fr\\\/produit\\\/coussin-comp-air-lift-emuk-100-x-43-x-2-cm\\\/#primaryimage\"},\"thumbnailUrl\":\"https:\\\/\\\/shop.bantam.ch\\\/wp-content\\\/uploads\\\/2024\\\/09\\\/Movera-L-9949228100.jpg\",\"datePublished\":\"2024-05-15T13:27:25+00:00\",\"dateModified\":\"2026-04-19T21:09:47+00:00\",\"breadcrumb\":{\"@id\":\"https:\\\/\\\/shop.bantam.ch\\\/fr\\\/produit\\\/coussin-comp-air-lift-emuk-100-x-43-x-2-cm\\\/#breadcrumb\"},\"inLanguage\":\"fr-FR\",\"potentialAction\":[{\"@type\":\"ReadAction\",\"target\":[\"https:\\\/\\\/shop.bantam.ch\\\/fr\\\/produit\\\/coussin-comp-air-lift-emuk-100-x-43-x-2-cm\\\/\"]}]},{\"@type\":\"ImageObject\",\"inLanguage\":\"fr-FR\",\"@id\":\"https:\\\/\\\/shop.bantam.ch\\\/fr\\\/produit\\\/coussin-comp-air-lift-emuk-100-x-43-x-2-cm\\\/#primaryimage\",\"url\":\"https:\\\/\\\/shop.bantam.ch\\\/wp-content\\\/uploads\\\/2024\\\/09\\\/Movera-L-9949228100.jpg\",\"contentUrl\":\"https:\\\/\\\/shop.bantam.ch\\\/wp-content\\\/uploads\\\/2024\\\/09\\\/Movera-L-9949228100.jpg\",\"width\":640,\"height\":480},{\"@type\":\"BreadcrumbList\",\"@id\":\"https:\\\/\\\/shop.bantam.ch\\\/fr\\\/produit\\\/coussin-comp-air-lift-emuk-100-x-43-x-2-cm\\\/#breadcrumb\",\"itemListElement\":[{\"@type\":\"ListItem\",\"position\":1,\"name\":\"Accueil\",\"item\":\"https:\\\/\\\/shop.bantam.ch\\\/fr\\\/\"},{\"@type\":\"ListItem\",\"position\":2,\"name\":\"Boutique\",\"item\":\"https:\\\/\\\/shop.bantam.ch\\\/fr\\\/boutique\\\/\"},{\"@type\":\"ListItem\",\"position\":3,\"name\":\"Coussin comp. Air-Lift EMUK 100 x 43 x 2\u00a0cm\"}]},{\"@type\":\"WebSite\",\"@id\":\"https:\\\/\\\/shop.bantam.ch\\\/fr\\\/#website\",\"url\":\"https:\\\/\\\/shop.bantam.ch\\\/fr\\\/\",\"name\":\"Bantam Wankm\u00fcller SA\",\"description\":\"\",\"publisher\":{\"@id\":\"https:\\\/\\\/shop.bantam.ch\\\/fr\\\/#organization\"},\"inLanguage\":\"fr-FR\"},{\"@type\":\"Organization\",\"@id\":\"https:\\\/\\\/shop.bantam.ch\\\/fr\\\/#organization\",\"name\":\"Bantam Wankm\u00fcller SA\",\"url\":\"https:\\\/\\\/shop.bantam.ch\\\/fr\\\/\",\"logo\":{\"@type\":\"ImageObject\",\"inLanguage\":\"fr-FR\",\"@id\":\"https:\\\/\\\/shop.bantam.ch\\\/fr\\\/#\\\/schema\\\/logo\\\/image\\\/\",\"url\":\"https:\\\/\\\/shop.bantam.ch\\\/wp-content\\\/uploads\\\/2022\\\/12\\\/bantam-logo.png\",\"contentUrl\":\"https:\\\/\\\/shop.bantam.ch\\\/wp-content\\\/uploads\\\/2022\\\/12\\\/bantam-logo.png\",\"width\":320,\"height\":71,\"caption\":\"Bantam Wankm\u00fcller SA\"},\"image\":{\"@id\":\"https:\\\/\\\/shop.bantam.ch\\\/fr\\\/#\\\/schema\\\/logo\\\/image\\\/\"}}]}<\/script>\n<!-- \/ Yoast SEO plugin. -->","yoast_head_json":{"title":"Coussin comp. Air-Lift EMUK 100 x 43 x 2\u00a0cm - Bantam Wankm\u00fcller SA","robots":{"index":"index","follow":"follow","max-snippet":"max-snippet:-1","max-image-preview":"max-image-preview:large","max-video-preview":"max-video-preview:-1"},"canonical":"https:\/\/shop.bantam.ch\/fr\/produit\/coussin-comp-air-lift-emuk-100-x-43-x-2-cm\/","og_locale":"fr_FR","og_type":"article","og_title":"Coussin comp. Air-Lift EMUK 100 x 43 x 2\u00a0cm - Bantam Wankm\u00fcller SA","og_description":"L&rsquo;Air-Lift d&rsquo;EMUK est un coussin de levage pneumatique tr\u00e8s r\u00e9sistant, r\u00e9sistant \u00e0 l&rsquo;usure, \u00e0 l&rsquo;essence, \u00e0 l&rsquo;huile et aux acides, sp\u00e9cialement con\u00e7u pour les camping-cars et les caravanes. Toutes les irr\u00e9gularit\u00e9s du sol et les diff\u00e9rences de hauteur du support peuvent \u00eatre compens\u00e9es en continu de 1,5 cm \u00e0 20 cm. La capacit\u00e9 de charge [&hellip;]","og_url":"https:\/\/shop.bantam.ch\/fr\/produit\/coussin-comp-air-lift-emuk-100-x-43-x-2-cm\/","og_site_name":"Bantam Wankm\u00fcller SA","article_modified_time":"2026-04-19T21:09:47+00:00","og_image":[{"width":640,"height":480,"url":"https:\/\/shop.bantam.ch\/wp-content\/uploads\/2024\/05\/Movera-L-9949228100.jpg","type":"image\/jpeg"}],"twitter_card":"summary_large_image","twitter_misc":{"Dur\u00e9e de lecture estim\u00e9e":"1 minute"},"schema":{"@context":"https:\/\/schema.org","@graph":[{"@type":"WebPage","@id":"https:\/\/shop.bantam.ch\/fr\/produit\/coussin-comp-air-lift-emuk-100-x-43-x-2-cm\/","url":"https:\/\/shop.bantam.ch\/fr\/produit\/coussin-comp-air-lift-emuk-100-x-43-x-2-cm\/","name":"Coussin comp. Air-Lift EMUK 100 x 43 x 2\u00a0cm - Bantam Wankm\u00fcller SA","isPartOf":{"@id":"https:\/\/shop.bantam.ch\/fr\/#website"},"primaryImageOfPage":{"@id":"https:\/\/shop.bantam.ch\/fr\/produit\/coussin-comp-air-lift-emuk-100-x-43-x-2-cm\/#primaryimage"},"image":{"@id":"https:\/\/shop.bantam.ch\/fr\/produit\/coussin-comp-air-lift-emuk-100-x-43-x-2-cm\/#primaryimage"},"thumbnailUrl":"https:\/\/shop.bantam.ch\/wp-content\/uploads\/2024\/09\/Movera-L-9949228100.jpg","datePublished":"2024-05-15T13:27:25+00:00","dateModified":"2026-04-19T21:09:47+00:00","breadcrumb":{"@id":"https:\/\/shop.bantam.ch\/fr\/produit\/coussin-comp-air-lift-emuk-100-x-43-x-2-cm\/#breadcrumb"},"inLanguage":"fr-FR","potentialAction":[{"@type":"ReadAction","target":["https:\/\/shop.bantam.ch\/fr\/produit\/coussin-comp-air-lift-emuk-100-x-43-x-2-cm\/"]}]},{"@type":"ImageObject","inLanguage":"fr-FR","@id":"https:\/\/shop.bantam.ch\/fr\/produit\/coussin-comp-air-lift-emuk-100-x-43-x-2-cm\/#primaryimage","url":"https:\/\/shop.bantam.ch\/wp-content\/uploads\/2024\/09\/Movera-L-9949228100.jpg","contentUrl":"https:\/\/shop.bantam.ch\/wp-content\/uploads\/2024\/09\/Movera-L-9949228100.jpg","width":640,"height":480},{"@type":"BreadcrumbList","@id":"https:\/\/shop.bantam.ch\/fr\/produit\/coussin-comp-air-lift-emuk-100-x-43-x-2-cm\/#breadcrumb","itemListElement":[{"@type":"ListItem","position":1,"name":"Accueil","item":"https:\/\/shop.bantam.ch\/fr\/"},{"@type":"ListItem","position":2,"name":"Boutique","item":"https:\/\/shop.bantam.ch\/fr\/boutique\/"},{"@type":"ListItem","position":3,"name":"Coussin comp. Air-Lift EMUK 100 x 43 x 2\u00a0cm"}]},{"@type":"WebSite","@id":"https:\/\/shop.bantam.ch\/fr\/#website","url":"https:\/\/shop.bantam.ch\/fr\/","name":"Bantam Wankm\u00fcller SA","description":"","publisher":{"@id":"https:\/\/shop.bantam.ch\/fr\/#organization"},"inLanguage":"fr-FR"},{"@type":"Organization","@id":"https:\/\/shop.bantam.ch\/fr\/#organization","name":"Bantam Wankm\u00fcller SA","url":"https:\/\/shop.bantam.ch\/fr\/","logo":{"@type":"ImageObject","inLanguage":"fr-FR","@id":"https:\/\/shop.bantam.ch\/fr\/#\/schema\/logo\/image\/","url":"https:\/\/shop.bantam.ch\/wp-content\/uploads\/2022\/12\/bantam-logo.png","contentUrl":"https:\/\/shop.bantam.ch\/wp-content\/uploads\/2022\/12\/bantam-logo.png","width":320,"height":71,"caption":"Bantam Wankm\u00fcller SA"},"image":{"@id":"https:\/\/shop.bantam.ch\/fr\/#\/schema\/logo\/image\/"}}]}},"_links":{"self":[{"href":"https:\/\/shop.bantam.ch\/fr\/wp-json\/wp\/v2\/product\/195274","targetHints":{"allow":["GET"]}}],"collection":[{"href":"https:\/\/shop.bantam.ch\/fr\/wp-json\/wp\/v2\/product"}],"about":[{"href":"https:\/\/shop.bantam.ch\/fr\/wp-json\/wp\/v2\/types\/product"}],"wp:featuredmedia":[{"embeddable":true,"href":"https:\/\/shop.bantam.ch\/fr\/wp-json\/wp\/v2\/media\/206604"}],"wp:attachment":[{"href":"https:\/\/shop.bantam.ch\/fr\/wp-json\/wp\/v2\/media?parent=195274"}],"wp:term":[{"taxonomy":"product_featured_cat","embeddable":true,"href":"https:\/\/shop.bantam.ch\/fr\/wp-json\/wp\/v2\/product_featured_cat?post=195274"},{"taxonomy":"product_brand","embeddable":true,"href":"https:\/\/shop.bantam.ch\/fr\/wp-json\/wp\/v2\/product_brand?post=195274"},{"taxonomy":"product_cat","embeddable":true,"href":"https:\/\/shop.bantam.ch\/fr\/wp-json\/wp\/v2\/product_cat?post=195274"},{"taxonomy":"product_tag","embeddable":true,"href":"https:\/\/shop.bantam.ch\/fr\/wp-json\/wp\/v2\/product_tag?post=195274"}],"curies":[{"name":"wp","href":"https:\/\/api.w.org\/{rel}","templated":true}]}}