{"id":195192,"date":"2024-05-15T15:25:39","date_gmt":"2024-05-15T13:25:39","guid":{"rendered":"https:\/\/shop.bantam.ch\/produit\/isolation-por-arr-hindermann-premio-1-partie-ford-transit-apd-2014-_7-_-decoupe-porte-haute-h3-gris\/"},"modified":"2026-04-18T23:07:12","modified_gmt":"2026-04-18T21:07:12","slug":"isolation-por-arr-hindermann-premio-1-partie-ford-transit-apd-2014-_7-_-decoupe-porte-haute-h3-gris","status":"publish","type":"product","link":"https:\/\/shop.bantam.ch\/fr\/produit\/isolation-por-arr-hindermann-premio-1-partie-ford-transit-apd-2014-_7-_-decoupe-porte-haute-h3-gris\/","title":{"rendered":"Isolation por. arr. HINDERMANN PREMIO 1 partie, Ford Transit \u00e0pd 2014 _7._. d\u00e9coupe porte haute H3, gris"},"content":{"rendered":"<p>Avec le CamperVan, profitez de vacances insouciantes m\u00eame en hiver. Une protection suppl\u00e9mentaire temporaire contre le froid, rapidement mont\u00e9e, augmente le confort d&rsquo;habitation et le plaisir des loisirs. Pour cela, HINDERMANN propose un vaste assortiment qui a fait ses preuves depuis de nombreuses ann\u00e9es. Nous avons \u00e9largi notre gamme afin de r\u00e9pondre aux souhaits vari\u00e9s et sp\u00e9cifiques aux fourgons am\u00e9nag\u00e9s.<\/p>\n<p>L&rsquo;isolation de hayon PREMIO de HINDERMANN est fabriqu\u00e9e par compl\u00e9mentarit\u00e9 de forme en fonction de la d\u00e9coupe de la carrosserie et se monte facilement et rapidement. Ce n&rsquo;est que lors du premier montage qu&rsquo;il faut mettre en place des pi\u00e8ces de boutons-pression et proc\u00e9der \u00e0 d&rsquo;\u00e9ventuelles adaptations (comme des entailles ou la coupe de mat\u00e9riaux en saillie) aux diff\u00e9rents am\u00e9nagements des constructeurs automobiles. Lorsque l&rsquo;isolation n&rsquo;est plus utilis\u00e9e, elle est enroul\u00e9e et conserv\u00e9e dans le sac.<\/p>\n<p>Il suffit de le d\u00e9plier et de l&rsquo;attacher par le haut : Gr\u00e2ce aux bandes velcro, la partie inf\u00e9rieure de l&rsquo;isolation du hayon se fixe rapidement \u00e0 la partie sup\u00e9rieure. Ainsi, l&rsquo;acc\u00e8s \u00e0 l&rsquo;espace de rangement est libre et la chaleur reste dans la cabine habitable malgr\u00e9 l&rsquo;ouverture du hayon. Le montage int\u00e9rieur s&rsquo;effectue \u00e0 l&rsquo;aide de boutons-pression.<\/p>\n<p>&nbsp;<\/p>\n<p>Caract\u00e9ristiques:<\/p>\n<ul>\n<li>Innovant<\/li>\n<li>Confort d&rsquo;habitation accru<\/li>\n<li>Isolation efficace<\/li>\n<li>Protection contre les courants d&rsquo;air<\/li>\n<li>Un design agr\u00e9able \u00e0 vivre<\/li>\n<li>Manipulation rapide<\/li>\n<\/ul>\n<p>Mat\u00e9riau:<\/p>\n<p>Iso 3 couches<\/p>\n<p>&nbsp;<\/p>\n","protected":false},"excerpt":{"rendered":"<p>Avec le CamperVan, profitez de vacances insouciantes m\u00eame en hiver. Une protection suppl\u00e9mentaire temporaire contre le froid, rapidement mont\u00e9e, augmente le confort d&rsquo;habitation et le plaisir des loisirs. Pour cela, HINDERMANN propose un vaste assortiment qui a fait ses preuves depuis de nombreuses ann\u00e9es. Nous avons \u00e9largi notre gamme afin de r\u00e9pondre aux souhaits vari\u00e9s [&hellip;]<\/p>\n","protected":false},"featured_media":206594,"template":"","meta":{"_acf_changed":false},"product_featured_cat":[],"product_brand":[3040],"product_cat":[4641],"product_tag":[],"class_list":{"0":"post-195192","1":"product","2":"type-product","3":"status-publish","4":"has-post-thumbnail","6":"product_brand-hindermann","7":"product_cat-matelas-et-rideaux-thermiques","9":"first","10":"instock","11":"taxable","12":"shipping-taxable","13":"purchasable","14":"product-type-simple"},"acf":[],"yoast_head":"<!-- This site is optimized with the Yoast SEO plugin v27.4 - https:\/\/yoast.com\/product\/yoast-seo-wordpress\/ -->\n<title>Isolation por. arr. HINDERMANN PREMIO 1 partie, Ford Transit \u00e0pd 2014 _7._. d\u00e9coupe porte haute H3, gris - Bantam Wankm\u00fcller SA<\/title>\n<meta name=\"robots\" content=\"index, follow, max-snippet:-1, max-image-preview:large, max-video-preview:-1\" \/>\n<link rel=\"canonical\" href=\"https:\/\/shop.bantam.ch\/fr\/produit\/isolation-por-arr-hindermann-premio-1-partie-ford-transit-apd-2014-_7-_-decoupe-porte-haute-h3-gris\/\" \/>\n<meta property=\"og:locale\" content=\"fr_FR\" \/>\n<meta property=\"og:type\" content=\"article\" \/>\n<meta property=\"og:title\" content=\"Isolation por. arr. HINDERMANN PREMIO 1 partie, Ford Transit \u00e0pd 2014 _7._. d\u00e9coupe porte haute H3, gris - Bantam Wankm\u00fcller SA\" \/>\n<meta property=\"og:description\" content=\"Avec le CamperVan, profitez de vacances insouciantes m\u00eame en hiver. Une protection suppl\u00e9mentaire temporaire contre le froid, rapidement mont\u00e9e, augmente le confort d&rsquo;habitation et le plaisir des loisirs. Pour cela, HINDERMANN propose un vaste assortiment qui a fait ses preuves depuis de nombreuses ann\u00e9es. Nous avons \u00e9largi notre gamme afin de r\u00e9pondre aux souhaits vari\u00e9s [&hellip;]\" \/>\n<meta property=\"og:url\" content=\"https:\/\/shop.bantam.ch\/fr\/produit\/isolation-por-arr-hindermann-premio-1-partie-ford-transit-apd-2014-_7-_-decoupe-porte-haute-h3-gris\/\" \/>\n<meta property=\"og:site_name\" content=\"Bantam Wankm\u00fcller SA\" \/>\n<meta property=\"article:modified_time\" content=\"2026-04-18T21:07:12+00:00\" \/>\n<meta property=\"og:image\" content=\"https:\/\/shop.bantam.ch\/wp-content\/uploads\/2024\/05\/Movera-L-9949215100.jpg\" \/>\n\t<meta property=\"og:image:width\" content=\"640\" \/>\n\t<meta property=\"og:image:height\" content=\"427\" \/>\n\t<meta property=\"og:image:type\" content=\"image\/jpeg\" \/>\n<meta name=\"twitter:card\" content=\"summary_large_image\" \/>\n<meta name=\"twitter:label1\" content=\"Dur\u00e9e de lecture estim\u00e9e\" \/>\n\t<meta name=\"twitter:data1\" content=\"1 minute\" \/>\n<script type=\"application\/ld+json\" class=\"yoast-schema-graph\">{\"@context\":\"https:\\\/\\\/schema.org\",\"@graph\":[{\"@type\":\"WebPage\",\"@id\":\"https:\\\/\\\/shop.bantam.ch\\\/fr\\\/produit\\\/isolation-por-arr-hindermann-premio-1-partie-ford-transit-apd-2014-_7-_-decoupe-porte-haute-h3-gris\\\/\",\"url\":\"https:\\\/\\\/shop.bantam.ch\\\/fr\\\/produit\\\/isolation-por-arr-hindermann-premio-1-partie-ford-transit-apd-2014-_7-_-decoupe-porte-haute-h3-gris\\\/\",\"name\":\"Isolation por. arr. HINDERMANN PREMIO 1 partie, Ford Transit \u00e0pd 2014 _7._. d\u00e9coupe porte haute H3, gris - Bantam Wankm\u00fcller SA\",\"isPartOf\":{\"@id\":\"https:\\\/\\\/shop.bantam.ch\\\/fr\\\/#website\"},\"primaryImageOfPage\":{\"@id\":\"https:\\\/\\\/shop.bantam.ch\\\/fr\\\/produit\\\/isolation-por-arr-hindermann-premio-1-partie-ford-transit-apd-2014-_7-_-decoupe-porte-haute-h3-gris\\\/#primaryimage\"},\"image\":{\"@id\":\"https:\\\/\\\/shop.bantam.ch\\\/fr\\\/produit\\\/isolation-por-arr-hindermann-premio-1-partie-ford-transit-apd-2014-_7-_-decoupe-porte-haute-h3-gris\\\/#primaryimage\"},\"thumbnailUrl\":\"https:\\\/\\\/shop.bantam.ch\\\/wp-content\\\/uploads\\\/2024\\\/09\\\/Movera-L-9949215100.jpg\",\"datePublished\":\"2024-05-15T13:25:39+00:00\",\"dateModified\":\"2026-04-18T21:07:12+00:00\",\"breadcrumb\":{\"@id\":\"https:\\\/\\\/shop.bantam.ch\\\/fr\\\/produit\\\/isolation-por-arr-hindermann-premio-1-partie-ford-transit-apd-2014-_7-_-decoupe-porte-haute-h3-gris\\\/#breadcrumb\"},\"inLanguage\":\"fr-FR\",\"potentialAction\":[{\"@type\":\"ReadAction\",\"target\":[\"https:\\\/\\\/shop.bantam.ch\\\/fr\\\/produit\\\/isolation-por-arr-hindermann-premio-1-partie-ford-transit-apd-2014-_7-_-decoupe-porte-haute-h3-gris\\\/\"]}]},{\"@type\":\"ImageObject\",\"inLanguage\":\"fr-FR\",\"@id\":\"https:\\\/\\\/shop.bantam.ch\\\/fr\\\/produit\\\/isolation-por-arr-hindermann-premio-1-partie-ford-transit-apd-2014-_7-_-decoupe-porte-haute-h3-gris\\\/#primaryimage\",\"url\":\"https:\\\/\\\/shop.bantam.ch\\\/wp-content\\\/uploads\\\/2024\\\/09\\\/Movera-L-9949215100.jpg\",\"contentUrl\":\"https:\\\/\\\/shop.bantam.ch\\\/wp-content\\\/uploads\\\/2024\\\/09\\\/Movera-L-9949215100.jpg\",\"width\":640,\"height\":427},{\"@type\":\"BreadcrumbList\",\"@id\":\"https:\\\/\\\/shop.bantam.ch\\\/fr\\\/produit\\\/isolation-por-arr-hindermann-premio-1-partie-ford-transit-apd-2014-_7-_-decoupe-porte-haute-h3-gris\\\/#breadcrumb\",\"itemListElement\":[{\"@type\":\"ListItem\",\"position\":1,\"name\":\"Accueil\",\"item\":\"https:\\\/\\\/shop.bantam.ch\\\/fr\\\/\"},{\"@type\":\"ListItem\",\"position\":2,\"name\":\"Boutique\",\"item\":\"https:\\\/\\\/shop.bantam.ch\\\/fr\\\/boutique\\\/\"},{\"@type\":\"ListItem\",\"position\":3,\"name\":\"Isolation por. arr. HINDERMANN PREMIO 1 partie, Ford Transit \u00e0pd 2014 _7._. d\u00e9coupe porte haute H3, gris\"}]},{\"@type\":\"WebSite\",\"@id\":\"https:\\\/\\\/shop.bantam.ch\\\/fr\\\/#website\",\"url\":\"https:\\\/\\\/shop.bantam.ch\\\/fr\\\/\",\"name\":\"Bantam Wankm\u00fcller SA\",\"description\":\"\",\"publisher\":{\"@id\":\"https:\\\/\\\/shop.bantam.ch\\\/fr\\\/#organization\"},\"inLanguage\":\"fr-FR\"},{\"@type\":\"Organization\",\"@id\":\"https:\\\/\\\/shop.bantam.ch\\\/fr\\\/#organization\",\"name\":\"Bantam Wankm\u00fcller SA\",\"url\":\"https:\\\/\\\/shop.bantam.ch\\\/fr\\\/\",\"logo\":{\"@type\":\"ImageObject\",\"inLanguage\":\"fr-FR\",\"@id\":\"https:\\\/\\\/shop.bantam.ch\\\/fr\\\/#\\\/schema\\\/logo\\\/image\\\/\",\"url\":\"https:\\\/\\\/shop.bantam.ch\\\/wp-content\\\/uploads\\\/2022\\\/12\\\/bantam-logo.png\",\"contentUrl\":\"https:\\\/\\\/shop.bantam.ch\\\/wp-content\\\/uploads\\\/2022\\\/12\\\/bantam-logo.png\",\"width\":320,\"height\":71,\"caption\":\"Bantam Wankm\u00fcller SA\"},\"image\":{\"@id\":\"https:\\\/\\\/shop.bantam.ch\\\/fr\\\/#\\\/schema\\\/logo\\\/image\\\/\"}}]}<\/script>\n<!-- \/ Yoast SEO plugin. -->","yoast_head_json":{"title":"Isolation por. arr. HINDERMANN PREMIO 1 partie, Ford Transit \u00e0pd 2014 _7._. d\u00e9coupe porte haute H3, gris - Bantam Wankm\u00fcller SA","robots":{"index":"index","follow":"follow","max-snippet":"max-snippet:-1","max-image-preview":"max-image-preview:large","max-video-preview":"max-video-preview:-1"},"canonical":"https:\/\/shop.bantam.ch\/fr\/produit\/isolation-por-arr-hindermann-premio-1-partie-ford-transit-apd-2014-_7-_-decoupe-porte-haute-h3-gris\/","og_locale":"fr_FR","og_type":"article","og_title":"Isolation por. arr. HINDERMANN PREMIO 1 partie, Ford Transit \u00e0pd 2014 _7._. d\u00e9coupe porte haute H3, gris - Bantam Wankm\u00fcller SA","og_description":"Avec le CamperVan, profitez de vacances insouciantes m\u00eame en hiver. Une protection suppl\u00e9mentaire temporaire contre le froid, rapidement mont\u00e9e, augmente le confort d&rsquo;habitation et le plaisir des loisirs. Pour cela, HINDERMANN propose un vaste assortiment qui a fait ses preuves depuis de nombreuses ann\u00e9es. Nous avons \u00e9largi notre gamme afin de r\u00e9pondre aux souhaits vari\u00e9s [&hellip;]","og_url":"https:\/\/shop.bantam.ch\/fr\/produit\/isolation-por-arr-hindermann-premio-1-partie-ford-transit-apd-2014-_7-_-decoupe-porte-haute-h3-gris\/","og_site_name":"Bantam Wankm\u00fcller SA","article_modified_time":"2026-04-18T21:07:12+00:00","og_image":[{"width":640,"height":427,"url":"https:\/\/shop.bantam.ch\/wp-content\/uploads\/2024\/05\/Movera-L-9949215100.jpg","type":"image\/jpeg"}],"twitter_card":"summary_large_image","twitter_misc":{"Dur\u00e9e de lecture estim\u00e9e":"1 minute"},"schema":{"@context":"https:\/\/schema.org","@graph":[{"@type":"WebPage","@id":"https:\/\/shop.bantam.ch\/fr\/produit\/isolation-por-arr-hindermann-premio-1-partie-ford-transit-apd-2014-_7-_-decoupe-porte-haute-h3-gris\/","url":"https:\/\/shop.bantam.ch\/fr\/produit\/isolation-por-arr-hindermann-premio-1-partie-ford-transit-apd-2014-_7-_-decoupe-porte-haute-h3-gris\/","name":"Isolation por. arr. HINDERMANN PREMIO 1 partie, Ford Transit \u00e0pd 2014 _7._. d\u00e9coupe porte haute H3, gris - Bantam Wankm\u00fcller SA","isPartOf":{"@id":"https:\/\/shop.bantam.ch\/fr\/#website"},"primaryImageOfPage":{"@id":"https:\/\/shop.bantam.ch\/fr\/produit\/isolation-por-arr-hindermann-premio-1-partie-ford-transit-apd-2014-_7-_-decoupe-porte-haute-h3-gris\/#primaryimage"},"image":{"@id":"https:\/\/shop.bantam.ch\/fr\/produit\/isolation-por-arr-hindermann-premio-1-partie-ford-transit-apd-2014-_7-_-decoupe-porte-haute-h3-gris\/#primaryimage"},"thumbnailUrl":"https:\/\/shop.bantam.ch\/wp-content\/uploads\/2024\/09\/Movera-L-9949215100.jpg","datePublished":"2024-05-15T13:25:39+00:00","dateModified":"2026-04-18T21:07:12+00:00","breadcrumb":{"@id":"https:\/\/shop.bantam.ch\/fr\/produit\/isolation-por-arr-hindermann-premio-1-partie-ford-transit-apd-2014-_7-_-decoupe-porte-haute-h3-gris\/#breadcrumb"},"inLanguage":"fr-FR","potentialAction":[{"@type":"ReadAction","target":["https:\/\/shop.bantam.ch\/fr\/produit\/isolation-por-arr-hindermann-premio-1-partie-ford-transit-apd-2014-_7-_-decoupe-porte-haute-h3-gris\/"]}]},{"@type":"ImageObject","inLanguage":"fr-FR","@id":"https:\/\/shop.bantam.ch\/fr\/produit\/isolation-por-arr-hindermann-premio-1-partie-ford-transit-apd-2014-_7-_-decoupe-porte-haute-h3-gris\/#primaryimage","url":"https:\/\/shop.bantam.ch\/wp-content\/uploads\/2024\/09\/Movera-L-9949215100.jpg","contentUrl":"https:\/\/shop.bantam.ch\/wp-content\/uploads\/2024\/09\/Movera-L-9949215100.jpg","width":640,"height":427},{"@type":"BreadcrumbList","@id":"https:\/\/shop.bantam.ch\/fr\/produit\/isolation-por-arr-hindermann-premio-1-partie-ford-transit-apd-2014-_7-_-decoupe-porte-haute-h3-gris\/#breadcrumb","itemListElement":[{"@type":"ListItem","position":1,"name":"Accueil","item":"https:\/\/shop.bantam.ch\/fr\/"},{"@type":"ListItem","position":2,"name":"Boutique","item":"https:\/\/shop.bantam.ch\/fr\/boutique\/"},{"@type":"ListItem","position":3,"name":"Isolation por. arr. HINDERMANN PREMIO 1 partie, Ford Transit \u00e0pd 2014 _7._. d\u00e9coupe porte haute H3, gris"}]},{"@type":"WebSite","@id":"https:\/\/shop.bantam.ch\/fr\/#website","url":"https:\/\/shop.bantam.ch\/fr\/","name":"Bantam Wankm\u00fcller SA","description":"","publisher":{"@id":"https:\/\/shop.bantam.ch\/fr\/#organization"},"inLanguage":"fr-FR"},{"@type":"Organization","@id":"https:\/\/shop.bantam.ch\/fr\/#organization","name":"Bantam Wankm\u00fcller SA","url":"https:\/\/shop.bantam.ch\/fr\/","logo":{"@type":"ImageObject","inLanguage":"fr-FR","@id":"https:\/\/shop.bantam.ch\/fr\/#\/schema\/logo\/image\/","url":"https:\/\/shop.bantam.ch\/wp-content\/uploads\/2022\/12\/bantam-logo.png","contentUrl":"https:\/\/shop.bantam.ch\/wp-content\/uploads\/2022\/12\/bantam-logo.png","width":320,"height":71,"caption":"Bantam Wankm\u00fcller SA"},"image":{"@id":"https:\/\/shop.bantam.ch\/fr\/#\/schema\/logo\/image\/"}}]}},"_links":{"self":[{"href":"https:\/\/shop.bantam.ch\/fr\/wp-json\/wp\/v2\/product\/195192","targetHints":{"allow":["GET"]}}],"collection":[{"href":"https:\/\/shop.bantam.ch\/fr\/wp-json\/wp\/v2\/product"}],"about":[{"href":"https:\/\/shop.bantam.ch\/fr\/wp-json\/wp\/v2\/types\/product"}],"wp:featuredmedia":[{"embeddable":true,"href":"https:\/\/shop.bantam.ch\/fr\/wp-json\/wp\/v2\/media\/206594"}],"wp:attachment":[{"href":"https:\/\/shop.bantam.ch\/fr\/wp-json\/wp\/v2\/media?parent=195192"}],"wp:term":[{"taxonomy":"product_featured_cat","embeddable":true,"href":"https:\/\/shop.bantam.ch\/fr\/wp-json\/wp\/v2\/product_featured_cat?post=195192"},{"taxonomy":"product_brand","embeddable":true,"href":"https:\/\/shop.bantam.ch\/fr\/wp-json\/wp\/v2\/product_brand?post=195192"},{"taxonomy":"product_cat","embeddable":true,"href":"https:\/\/shop.bantam.ch\/fr\/wp-json\/wp\/v2\/product_cat?post=195192"},{"taxonomy":"product_tag","embeddable":true,"href":"https:\/\/shop.bantam.ch\/fr\/wp-json\/wp\/v2\/product_tag?post=195192"}],"curies":[{"name":"wp","href":"https:\/\/api.w.org\/{rel}","templated":true}]}}