{"id":195168,"date":"2024-05-15T15:25:10","date_gmt":"2024-05-15T13:25:10","guid":{"rendered":"https:\/\/shop.bantam.ch\/produit\/aspirateur-tristar-fonction-2-en-1\/"},"modified":"2026-04-17T23:04:07","modified_gmt":"2026-04-17T21:04:07","slug":"aspirateur-tristar-fonction-2-en-1","status":"publish","type":"product","link":"https:\/\/shop.bantam.ch\/fr\/produit\/aspirateur-tristar-fonction-2-en-1\/","title":{"rendered":"Aspirateur TRISTAR Fonction 2 en 1"},"content":{"rendered":"<p>Aspirateur puissant qui se transforme facilement en aspirateur \u00e0 main. L&rsquo;aspirateur id\u00e9al pour les coins difficiles \u00e0 atteindre, par exemple dans la voiture.<\/p>\n<p>&nbsp;<\/p>\n<p>Contenu de la livraison :<br \/>\nComprend un manche t\u00e9lescopique (104 &#8211; 138 cm), une brosse \u00e0 haute efficacit\u00e9, une brosse combin\u00e9e et un c\u00e2ble de 5 m de long.<\/p>\n<p>&nbsp;<\/p>\n<ul>\n<li>Rayon d&rsquo;action : 6,35 m<\/li>\n<li>Principe cyclonique : oui<\/li>\n<li>Sac \u00e0 poussi\u00e8re \/ capacit\u00e9 du r\u00e9servoir : 900 ml<\/li>\n<li>Type de moteur : moteur AC<\/li>\n<li>Vidange hygi\u00e9nique du r\u00e9servoir : oui<\/li>\n<li>Filtre HEPA : non<\/li>\n<li>Pression d&rsquo;air : 13,5 kPa<\/li>\n<li>Suceur inciseur inclus : oui<\/li>\n<li>Tube t\u00e9lescopique : oui<\/li>\n<li>Niveau sonore : 80 dB<\/li>\n<\/ul>\n","protected":false},"excerpt":{"rendered":"<p>Aspirateur puissant qui se transforme facilement en aspirateur \u00e0 main. L&rsquo;aspirateur id\u00e9al pour les coins difficiles \u00e0 atteindre, par exemple dans la voiture. &nbsp; Contenu de la livraison : Comprend un manche t\u00e9lescopique (104 &#8211; 138 cm), une brosse \u00e0 haute efficacit\u00e9, une brosse combin\u00e9e et un c\u00e2ble de 5 m de long. &nbsp; Rayon [&hellip;]<\/p>\n","protected":false},"featured_media":206590,"template":"","meta":{"_acf_changed":false},"product_featured_cat":[],"product_brand":[3198],"product_cat":[5147],"product_tag":[],"class_list":{"0":"post-195168","1":"product","2":"type-product","3":"status-publish","4":"has-post-thumbnail","6":"product_brand-tristar","7":"product_cat-autres-appareils-electromenagers","9":"first","10":"instock","11":"taxable","12":"shipping-taxable","13":"purchasable","14":"product-type-simple"},"acf":[],"yoast_head":"<!-- This site is optimized with the Yoast SEO plugin v27.4 - https:\/\/yoast.com\/product\/yoast-seo-wordpress\/ -->\n<title>Aspirateur TRISTAR Fonction 2 en 1 - Bantam Wankm\u00fcller SA<\/title>\n<meta name=\"robots\" content=\"index, follow, max-snippet:-1, max-image-preview:large, max-video-preview:-1\" \/>\n<link rel=\"canonical\" href=\"https:\/\/shop.bantam.ch\/fr\/produit\/aspirateur-tristar-fonction-2-en-1\/\" \/>\n<meta property=\"og:locale\" content=\"fr_FR\" \/>\n<meta property=\"og:type\" content=\"article\" \/>\n<meta property=\"og:title\" content=\"Aspirateur TRISTAR Fonction 2 en 1 - Bantam Wankm\u00fcller SA\" \/>\n<meta property=\"og:description\" content=\"Aspirateur puissant qui se transforme facilement en aspirateur \u00e0 main. L&rsquo;aspirateur id\u00e9al pour les coins difficiles \u00e0 atteindre, par exemple dans la voiture. &nbsp; Contenu de la livraison : Comprend un manche t\u00e9lescopique (104 &#8211; 138 cm), une brosse \u00e0 haute efficacit\u00e9, une brosse combin\u00e9e et un c\u00e2ble de 5 m de long. &nbsp; Rayon [&hellip;]\" \/>\n<meta property=\"og:url\" content=\"https:\/\/shop.bantam.ch\/fr\/produit\/aspirateur-tristar-fonction-2-en-1\/\" \/>\n<meta property=\"og:site_name\" content=\"Bantam Wankm\u00fcller SA\" \/>\n<meta property=\"article:modified_time\" content=\"2026-04-17T21:04:07+00:00\" \/>\n<meta property=\"og:image\" content=\"https:\/\/shop.bantam.ch\/wp-content\/uploads\/2024\/05\/Movera-L-9949194100-bearbeitet.jpg\" \/>\n\t<meta property=\"og:image:width\" content=\"640\" \/>\n\t<meta property=\"og:image:height\" content=\"640\" \/>\n\t<meta property=\"og:image:type\" content=\"image\/jpeg\" \/>\n<meta name=\"twitter:card\" content=\"summary_large_image\" \/>\n<script type=\"application\/ld+json\" class=\"yoast-schema-graph\">{\"@context\":\"https:\\\/\\\/schema.org\",\"@graph\":[{\"@type\":\"WebPage\",\"@id\":\"https:\\\/\\\/shop.bantam.ch\\\/fr\\\/produit\\\/aspirateur-tristar-fonction-2-en-1\\\/\",\"url\":\"https:\\\/\\\/shop.bantam.ch\\\/fr\\\/produit\\\/aspirateur-tristar-fonction-2-en-1\\\/\",\"name\":\"Aspirateur TRISTAR Fonction 2 en 1 - Bantam Wankm\u00fcller SA\",\"isPartOf\":{\"@id\":\"https:\\\/\\\/shop.bantam.ch\\\/fr\\\/#website\"},\"primaryImageOfPage\":{\"@id\":\"https:\\\/\\\/shop.bantam.ch\\\/fr\\\/produit\\\/aspirateur-tristar-fonction-2-en-1\\\/#primaryimage\"},\"image\":{\"@id\":\"https:\\\/\\\/shop.bantam.ch\\\/fr\\\/produit\\\/aspirateur-tristar-fonction-2-en-1\\\/#primaryimage\"},\"thumbnailUrl\":\"https:\\\/\\\/shop.bantam.ch\\\/wp-content\\\/uploads\\\/2024\\\/09\\\/Movera-L-9949194100-bearbeitet.jpg\",\"datePublished\":\"2024-05-15T13:25:10+00:00\",\"dateModified\":\"2026-04-17T21:04:07+00:00\",\"breadcrumb\":{\"@id\":\"https:\\\/\\\/shop.bantam.ch\\\/fr\\\/produit\\\/aspirateur-tristar-fonction-2-en-1\\\/#breadcrumb\"},\"inLanguage\":\"fr-FR\",\"potentialAction\":[{\"@type\":\"ReadAction\",\"target\":[\"https:\\\/\\\/shop.bantam.ch\\\/fr\\\/produit\\\/aspirateur-tristar-fonction-2-en-1\\\/\"]}]},{\"@type\":\"ImageObject\",\"inLanguage\":\"fr-FR\",\"@id\":\"https:\\\/\\\/shop.bantam.ch\\\/fr\\\/produit\\\/aspirateur-tristar-fonction-2-en-1\\\/#primaryimage\",\"url\":\"https:\\\/\\\/shop.bantam.ch\\\/wp-content\\\/uploads\\\/2024\\\/09\\\/Movera-L-9949194100-bearbeitet.jpg\",\"contentUrl\":\"https:\\\/\\\/shop.bantam.ch\\\/wp-content\\\/uploads\\\/2024\\\/09\\\/Movera-L-9949194100-bearbeitet.jpg\",\"width\":640,\"height\":640},{\"@type\":\"BreadcrumbList\",\"@id\":\"https:\\\/\\\/shop.bantam.ch\\\/fr\\\/produit\\\/aspirateur-tristar-fonction-2-en-1\\\/#breadcrumb\",\"itemListElement\":[{\"@type\":\"ListItem\",\"position\":1,\"name\":\"Accueil\",\"item\":\"https:\\\/\\\/shop.bantam.ch\\\/fr\\\/\"},{\"@type\":\"ListItem\",\"position\":2,\"name\":\"Boutique\",\"item\":\"https:\\\/\\\/shop.bantam.ch\\\/fr\\\/boutique\\\/\"},{\"@type\":\"ListItem\",\"position\":3,\"name\":\"Aspirateur TRISTAR Fonction 2 en 1\"}]},{\"@type\":\"WebSite\",\"@id\":\"https:\\\/\\\/shop.bantam.ch\\\/fr\\\/#website\",\"url\":\"https:\\\/\\\/shop.bantam.ch\\\/fr\\\/\",\"name\":\"Bantam Wankm\u00fcller SA\",\"description\":\"\",\"publisher\":{\"@id\":\"https:\\\/\\\/shop.bantam.ch\\\/fr\\\/#organization\"},\"inLanguage\":\"fr-FR\"},{\"@type\":\"Organization\",\"@id\":\"https:\\\/\\\/shop.bantam.ch\\\/fr\\\/#organization\",\"name\":\"Bantam Wankm\u00fcller SA\",\"url\":\"https:\\\/\\\/shop.bantam.ch\\\/fr\\\/\",\"logo\":{\"@type\":\"ImageObject\",\"inLanguage\":\"fr-FR\",\"@id\":\"https:\\\/\\\/shop.bantam.ch\\\/fr\\\/#\\\/schema\\\/logo\\\/image\\\/\",\"url\":\"https:\\\/\\\/shop.bantam.ch\\\/wp-content\\\/uploads\\\/2022\\\/12\\\/bantam-logo.png\",\"contentUrl\":\"https:\\\/\\\/shop.bantam.ch\\\/wp-content\\\/uploads\\\/2022\\\/12\\\/bantam-logo.png\",\"width\":320,\"height\":71,\"caption\":\"Bantam Wankm\u00fcller SA\"},\"image\":{\"@id\":\"https:\\\/\\\/shop.bantam.ch\\\/fr\\\/#\\\/schema\\\/logo\\\/image\\\/\"}}]}<\/script>\n<!-- \/ Yoast SEO plugin. -->","yoast_head_json":{"title":"Aspirateur TRISTAR Fonction 2 en 1 - Bantam Wankm\u00fcller SA","robots":{"index":"index","follow":"follow","max-snippet":"max-snippet:-1","max-image-preview":"max-image-preview:large","max-video-preview":"max-video-preview:-1"},"canonical":"https:\/\/shop.bantam.ch\/fr\/produit\/aspirateur-tristar-fonction-2-en-1\/","og_locale":"fr_FR","og_type":"article","og_title":"Aspirateur TRISTAR Fonction 2 en 1 - Bantam Wankm\u00fcller SA","og_description":"Aspirateur puissant qui se transforme facilement en aspirateur \u00e0 main. L&rsquo;aspirateur id\u00e9al pour les coins difficiles \u00e0 atteindre, par exemple dans la voiture. &nbsp; Contenu de la livraison : Comprend un manche t\u00e9lescopique (104 &#8211; 138 cm), une brosse \u00e0 haute efficacit\u00e9, une brosse combin\u00e9e et un c\u00e2ble de 5 m de long. &nbsp; Rayon [&hellip;]","og_url":"https:\/\/shop.bantam.ch\/fr\/produit\/aspirateur-tristar-fonction-2-en-1\/","og_site_name":"Bantam Wankm\u00fcller SA","article_modified_time":"2026-04-17T21:04:07+00:00","og_image":[{"width":640,"height":640,"url":"https:\/\/shop.bantam.ch\/wp-content\/uploads\/2024\/05\/Movera-L-9949194100-bearbeitet.jpg","type":"image\/jpeg"}],"twitter_card":"summary_large_image","schema":{"@context":"https:\/\/schema.org","@graph":[{"@type":"WebPage","@id":"https:\/\/shop.bantam.ch\/fr\/produit\/aspirateur-tristar-fonction-2-en-1\/","url":"https:\/\/shop.bantam.ch\/fr\/produit\/aspirateur-tristar-fonction-2-en-1\/","name":"Aspirateur TRISTAR Fonction 2 en 1 - Bantam Wankm\u00fcller SA","isPartOf":{"@id":"https:\/\/shop.bantam.ch\/fr\/#website"},"primaryImageOfPage":{"@id":"https:\/\/shop.bantam.ch\/fr\/produit\/aspirateur-tristar-fonction-2-en-1\/#primaryimage"},"image":{"@id":"https:\/\/shop.bantam.ch\/fr\/produit\/aspirateur-tristar-fonction-2-en-1\/#primaryimage"},"thumbnailUrl":"https:\/\/shop.bantam.ch\/wp-content\/uploads\/2024\/09\/Movera-L-9949194100-bearbeitet.jpg","datePublished":"2024-05-15T13:25:10+00:00","dateModified":"2026-04-17T21:04:07+00:00","breadcrumb":{"@id":"https:\/\/shop.bantam.ch\/fr\/produit\/aspirateur-tristar-fonction-2-en-1\/#breadcrumb"},"inLanguage":"fr-FR","potentialAction":[{"@type":"ReadAction","target":["https:\/\/shop.bantam.ch\/fr\/produit\/aspirateur-tristar-fonction-2-en-1\/"]}]},{"@type":"ImageObject","inLanguage":"fr-FR","@id":"https:\/\/shop.bantam.ch\/fr\/produit\/aspirateur-tristar-fonction-2-en-1\/#primaryimage","url":"https:\/\/shop.bantam.ch\/wp-content\/uploads\/2024\/09\/Movera-L-9949194100-bearbeitet.jpg","contentUrl":"https:\/\/shop.bantam.ch\/wp-content\/uploads\/2024\/09\/Movera-L-9949194100-bearbeitet.jpg","width":640,"height":640},{"@type":"BreadcrumbList","@id":"https:\/\/shop.bantam.ch\/fr\/produit\/aspirateur-tristar-fonction-2-en-1\/#breadcrumb","itemListElement":[{"@type":"ListItem","position":1,"name":"Accueil","item":"https:\/\/shop.bantam.ch\/fr\/"},{"@type":"ListItem","position":2,"name":"Boutique","item":"https:\/\/shop.bantam.ch\/fr\/boutique\/"},{"@type":"ListItem","position":3,"name":"Aspirateur TRISTAR Fonction 2 en 1"}]},{"@type":"WebSite","@id":"https:\/\/shop.bantam.ch\/fr\/#website","url":"https:\/\/shop.bantam.ch\/fr\/","name":"Bantam Wankm\u00fcller SA","description":"","publisher":{"@id":"https:\/\/shop.bantam.ch\/fr\/#organization"},"inLanguage":"fr-FR"},{"@type":"Organization","@id":"https:\/\/shop.bantam.ch\/fr\/#organization","name":"Bantam Wankm\u00fcller SA","url":"https:\/\/shop.bantam.ch\/fr\/","logo":{"@type":"ImageObject","inLanguage":"fr-FR","@id":"https:\/\/shop.bantam.ch\/fr\/#\/schema\/logo\/image\/","url":"https:\/\/shop.bantam.ch\/wp-content\/uploads\/2022\/12\/bantam-logo.png","contentUrl":"https:\/\/shop.bantam.ch\/wp-content\/uploads\/2022\/12\/bantam-logo.png","width":320,"height":71,"caption":"Bantam Wankm\u00fcller SA"},"image":{"@id":"https:\/\/shop.bantam.ch\/fr\/#\/schema\/logo\/image\/"}}]}},"_links":{"self":[{"href":"https:\/\/shop.bantam.ch\/fr\/wp-json\/wp\/v2\/product\/195168","targetHints":{"allow":["GET"]}}],"collection":[{"href":"https:\/\/shop.bantam.ch\/fr\/wp-json\/wp\/v2\/product"}],"about":[{"href":"https:\/\/shop.bantam.ch\/fr\/wp-json\/wp\/v2\/types\/product"}],"wp:featuredmedia":[{"embeddable":true,"href":"https:\/\/shop.bantam.ch\/fr\/wp-json\/wp\/v2\/media\/206590"}],"wp:attachment":[{"href":"https:\/\/shop.bantam.ch\/fr\/wp-json\/wp\/v2\/media?parent=195168"}],"wp:term":[{"taxonomy":"product_featured_cat","embeddable":true,"href":"https:\/\/shop.bantam.ch\/fr\/wp-json\/wp\/v2\/product_featured_cat?post=195168"},{"taxonomy":"product_brand","embeddable":true,"href":"https:\/\/shop.bantam.ch\/fr\/wp-json\/wp\/v2\/product_brand?post=195168"},{"taxonomy":"product_cat","embeddable":true,"href":"https:\/\/shop.bantam.ch\/fr\/wp-json\/wp\/v2\/product_cat?post=195168"},{"taxonomy":"product_tag","embeddable":true,"href":"https:\/\/shop.bantam.ch\/fr\/wp-json\/wp\/v2\/product_tag?post=195168"}],"curies":[{"name":"wp","href":"https:\/\/api.w.org\/{rel}","templated":true}]}}