{"id":195056,"date":"2024-05-15T15:22:04","date_gmt":"2024-05-15T13:22:04","guid":{"rendered":"https:\/\/shop.bantam.ch\/produit\/porte-velos-fiamma-carry-bike-motor-lift-77-couleur-aluminium\/"},"modified":"2026-04-20T23:04:56","modified_gmt":"2026-04-20T21:04:56","slug":"porte-velos-fiamma-carry-bike-motor-lift-77-couleur-aluminium","status":"publish","type":"product","link":"https:\/\/shop.bantam.ch\/fr\/produit\/porte-velos-fiamma-carry-bike-motor-lift-77-couleur-aluminium\/","title":{"rendered":"Porte-v\u00e9los FIAMMA Carry Bike Motor Lift 77 couleur aluminium"},"content":{"rendered":"<p>Carry-Bike motoris\u00e9 pour camping-cars, l&rsquo;arceau de levage s&rsquo;abaisse de 77 cm et permet ainsi de charger et d\u00e9charger les v\u00e9los sans effort. Am\u00e9lioration du fonctionnement du carry-bike lors de la fermeture gr\u00e2ce \u00e0 la but\u00e9e de fin de course.<\/p>\n<p>Sur ce mod\u00e8le, la structure sup\u00e9rieure est dot\u00e9e de doubles trous afin de pouvoir d\u00e9placer le tube de support horizontal dans le cas d&rsquo;une cam\u00e9ra de recul mont\u00e9e sur le v\u00e9hicule. Un kit de fixation inf\u00e9rieur est disponible en option pour installer le porte-v\u00e9los sur les v\u00e9hicules d\u00e9j\u00e0 \u00e9quip\u00e9s de profil\u00e9s de montage inf\u00e9rieurs et sup\u00e9rieurs.<\/p>\n<p>\u00c9quipement :<\/p>\n<ul>\n<li>\u00c9trier de support rabattable Abaissement motoris\u00e9 77 cm<\/li>\n<li>structure r\u00e9glable en hauteur<\/li>\n<li>Alimentation \u00e9lectrique 12 V<\/li>\n<li>Pour 2 v\u00e9los, extensible \u00e0 4 v\u00e9los, max. 2 E-Bike<\/li>\n<li>Type de rail : Rail Premium<\/li>\n<\/ul>\n","protected":false},"excerpt":{"rendered":"<p>Carry-Bike motoris\u00e9 pour camping-cars, l&rsquo;arceau de levage s&rsquo;abaisse de 77 cm et permet ainsi de charger et d\u00e9charger les v\u00e9los sans effort. Am\u00e9lioration du fonctionnement du carry-bike lors de la fermeture gr\u00e2ce \u00e0 la but\u00e9e de fin de course. Sur ce mod\u00e8le, la structure sup\u00e9rieure est dot\u00e9e de doubles trous afin de pouvoir d\u00e9placer le [&hellip;]<\/p>\n","protected":false},"featured_media":206574,"template":"","meta":{"_acf_changed":false},"product_featured_cat":[],"product_brand":[3034],"product_cat":[5137],"product_tag":[],"class_list":{"0":"post-195056","1":"product","2":"type-product","3":"status-publish","4":"has-post-thumbnail","6":"product_brand-fiamma","7":"product_cat-porte-velos-arriere","9":"first","10":"instock","11":"taxable","12":"shipping-taxable","13":"purchasable","14":"product-type-simple"},"acf":[],"yoast_head":"<!-- This site is optimized with the Yoast SEO plugin v27.4 - https:\/\/yoast.com\/product\/yoast-seo-wordpress\/ -->\n<title>Porte-v\u00e9los FIAMMA Carry Bike Motor Lift 77 couleur aluminium - Bantam Wankm\u00fcller SA<\/title>\n<meta name=\"robots\" content=\"index, follow, max-snippet:-1, max-image-preview:large, max-video-preview:-1\" \/>\n<link rel=\"canonical\" href=\"https:\/\/shop.bantam.ch\/fr\/produit\/porte-velos-fiamma-carry-bike-motor-lift-77-couleur-aluminium\/\" \/>\n<meta property=\"og:locale\" content=\"fr_FR\" \/>\n<meta property=\"og:type\" content=\"article\" \/>\n<meta property=\"og:title\" content=\"Porte-v\u00e9los FIAMMA Carry Bike Motor Lift 77 couleur aluminium - Bantam Wankm\u00fcller SA\" \/>\n<meta property=\"og:description\" content=\"Carry-Bike motoris\u00e9 pour camping-cars, l&rsquo;arceau de levage s&rsquo;abaisse de 77 cm et permet ainsi de charger et d\u00e9charger les v\u00e9los sans effort. Am\u00e9lioration du fonctionnement du carry-bike lors de la fermeture gr\u00e2ce \u00e0 la but\u00e9e de fin de course. Sur ce mod\u00e8le, la structure sup\u00e9rieure est dot\u00e9e de doubles trous afin de pouvoir d\u00e9placer le [&hellip;]\" \/>\n<meta property=\"og:url\" content=\"https:\/\/shop.bantam.ch\/fr\/produit\/porte-velos-fiamma-carry-bike-motor-lift-77-couleur-aluminium\/\" \/>\n<meta property=\"og:site_name\" content=\"Bantam Wankm\u00fcller SA\" \/>\n<meta property=\"article:modified_time\" content=\"2026-04-20T21:04:56+00:00\" \/>\n<meta property=\"og:image\" content=\"https:\/\/shop.bantam.ch\/wp-content\/uploads\/2024\/05\/Movera-L-9949165100.jpg\" \/>\n\t<meta property=\"og:image:width\" content=\"640\" \/>\n\t<meta property=\"og:image:height\" content=\"546\" \/>\n\t<meta property=\"og:image:type\" content=\"image\/jpeg\" \/>\n<meta name=\"twitter:card\" content=\"summary_large_image\" \/>\n<meta name=\"twitter:label1\" content=\"Dur\u00e9e de lecture estim\u00e9e\" \/>\n\t<meta name=\"twitter:data1\" content=\"1 minute\" \/>\n<script type=\"application\/ld+json\" class=\"yoast-schema-graph\">{\"@context\":\"https:\\\/\\\/schema.org\",\"@graph\":[{\"@type\":\"WebPage\",\"@id\":\"https:\\\/\\\/shop.bantam.ch\\\/fr\\\/produit\\\/porte-velos-fiamma-carry-bike-motor-lift-77-couleur-aluminium\\\/\",\"url\":\"https:\\\/\\\/shop.bantam.ch\\\/fr\\\/produit\\\/porte-velos-fiamma-carry-bike-motor-lift-77-couleur-aluminium\\\/\",\"name\":\"Porte-v\u00e9los FIAMMA Carry Bike Motor Lift 77 couleur aluminium - Bantam Wankm\u00fcller SA\",\"isPartOf\":{\"@id\":\"https:\\\/\\\/shop.bantam.ch\\\/fr\\\/#website\"},\"primaryImageOfPage\":{\"@id\":\"https:\\\/\\\/shop.bantam.ch\\\/fr\\\/produit\\\/porte-velos-fiamma-carry-bike-motor-lift-77-couleur-aluminium\\\/#primaryimage\"},\"image\":{\"@id\":\"https:\\\/\\\/shop.bantam.ch\\\/fr\\\/produit\\\/porte-velos-fiamma-carry-bike-motor-lift-77-couleur-aluminium\\\/#primaryimage\"},\"thumbnailUrl\":\"https:\\\/\\\/shop.bantam.ch\\\/wp-content\\\/uploads\\\/2024\\\/09\\\/Movera-L-9949165100.jpg\",\"datePublished\":\"2024-05-15T13:22:04+00:00\",\"dateModified\":\"2026-04-20T21:04:56+00:00\",\"breadcrumb\":{\"@id\":\"https:\\\/\\\/shop.bantam.ch\\\/fr\\\/produit\\\/porte-velos-fiamma-carry-bike-motor-lift-77-couleur-aluminium\\\/#breadcrumb\"},\"inLanguage\":\"fr-FR\",\"potentialAction\":[{\"@type\":\"ReadAction\",\"target\":[\"https:\\\/\\\/shop.bantam.ch\\\/fr\\\/produit\\\/porte-velos-fiamma-carry-bike-motor-lift-77-couleur-aluminium\\\/\"]}]},{\"@type\":\"ImageObject\",\"inLanguage\":\"fr-FR\",\"@id\":\"https:\\\/\\\/shop.bantam.ch\\\/fr\\\/produit\\\/porte-velos-fiamma-carry-bike-motor-lift-77-couleur-aluminium\\\/#primaryimage\",\"url\":\"https:\\\/\\\/shop.bantam.ch\\\/wp-content\\\/uploads\\\/2024\\\/09\\\/Movera-L-9949165100.jpg\",\"contentUrl\":\"https:\\\/\\\/shop.bantam.ch\\\/wp-content\\\/uploads\\\/2024\\\/09\\\/Movera-L-9949165100.jpg\",\"width\":640,\"height\":546},{\"@type\":\"BreadcrumbList\",\"@id\":\"https:\\\/\\\/shop.bantam.ch\\\/fr\\\/produit\\\/porte-velos-fiamma-carry-bike-motor-lift-77-couleur-aluminium\\\/#breadcrumb\",\"itemListElement\":[{\"@type\":\"ListItem\",\"position\":1,\"name\":\"Accueil\",\"item\":\"https:\\\/\\\/shop.bantam.ch\\\/fr\\\/\"},{\"@type\":\"ListItem\",\"position\":2,\"name\":\"Boutique\",\"item\":\"https:\\\/\\\/shop.bantam.ch\\\/fr\\\/boutique\\\/\"},{\"@type\":\"ListItem\",\"position\":3,\"name\":\"Porte-v\u00e9los FIAMMA Carry Bike Motor Lift 77 couleur aluminium\"}]},{\"@type\":\"WebSite\",\"@id\":\"https:\\\/\\\/shop.bantam.ch\\\/fr\\\/#website\",\"url\":\"https:\\\/\\\/shop.bantam.ch\\\/fr\\\/\",\"name\":\"Bantam Wankm\u00fcller SA\",\"description\":\"\",\"publisher\":{\"@id\":\"https:\\\/\\\/shop.bantam.ch\\\/fr\\\/#organization\"},\"inLanguage\":\"fr-FR\"},{\"@type\":\"Organization\",\"@id\":\"https:\\\/\\\/shop.bantam.ch\\\/fr\\\/#organization\",\"name\":\"Bantam Wankm\u00fcller SA\",\"url\":\"https:\\\/\\\/shop.bantam.ch\\\/fr\\\/\",\"logo\":{\"@type\":\"ImageObject\",\"inLanguage\":\"fr-FR\",\"@id\":\"https:\\\/\\\/shop.bantam.ch\\\/fr\\\/#\\\/schema\\\/logo\\\/image\\\/\",\"url\":\"https:\\\/\\\/shop.bantam.ch\\\/wp-content\\\/uploads\\\/2022\\\/12\\\/bantam-logo.png\",\"contentUrl\":\"https:\\\/\\\/shop.bantam.ch\\\/wp-content\\\/uploads\\\/2022\\\/12\\\/bantam-logo.png\",\"width\":320,\"height\":71,\"caption\":\"Bantam Wankm\u00fcller SA\"},\"image\":{\"@id\":\"https:\\\/\\\/shop.bantam.ch\\\/fr\\\/#\\\/schema\\\/logo\\\/image\\\/\"}}]}<\/script>\n<!-- \/ Yoast SEO plugin. -->","yoast_head_json":{"title":"Porte-v\u00e9los FIAMMA Carry Bike Motor Lift 77 couleur aluminium - Bantam Wankm\u00fcller SA","robots":{"index":"index","follow":"follow","max-snippet":"max-snippet:-1","max-image-preview":"max-image-preview:large","max-video-preview":"max-video-preview:-1"},"canonical":"https:\/\/shop.bantam.ch\/fr\/produit\/porte-velos-fiamma-carry-bike-motor-lift-77-couleur-aluminium\/","og_locale":"fr_FR","og_type":"article","og_title":"Porte-v\u00e9los FIAMMA Carry Bike Motor Lift 77 couleur aluminium - Bantam Wankm\u00fcller SA","og_description":"Carry-Bike motoris\u00e9 pour camping-cars, l&rsquo;arceau de levage s&rsquo;abaisse de 77 cm et permet ainsi de charger et d\u00e9charger les v\u00e9los sans effort. Am\u00e9lioration du fonctionnement du carry-bike lors de la fermeture gr\u00e2ce \u00e0 la but\u00e9e de fin de course. Sur ce mod\u00e8le, la structure sup\u00e9rieure est dot\u00e9e de doubles trous afin de pouvoir d\u00e9placer le [&hellip;]","og_url":"https:\/\/shop.bantam.ch\/fr\/produit\/porte-velos-fiamma-carry-bike-motor-lift-77-couleur-aluminium\/","og_site_name":"Bantam Wankm\u00fcller SA","article_modified_time":"2026-04-20T21:04:56+00:00","og_image":[{"width":640,"height":546,"url":"https:\/\/shop.bantam.ch\/wp-content\/uploads\/2024\/05\/Movera-L-9949165100.jpg","type":"image\/jpeg"}],"twitter_card":"summary_large_image","twitter_misc":{"Dur\u00e9e de lecture estim\u00e9e":"1 minute"},"schema":{"@context":"https:\/\/schema.org","@graph":[{"@type":"WebPage","@id":"https:\/\/shop.bantam.ch\/fr\/produit\/porte-velos-fiamma-carry-bike-motor-lift-77-couleur-aluminium\/","url":"https:\/\/shop.bantam.ch\/fr\/produit\/porte-velos-fiamma-carry-bike-motor-lift-77-couleur-aluminium\/","name":"Porte-v\u00e9los FIAMMA Carry Bike Motor Lift 77 couleur aluminium - Bantam Wankm\u00fcller SA","isPartOf":{"@id":"https:\/\/shop.bantam.ch\/fr\/#website"},"primaryImageOfPage":{"@id":"https:\/\/shop.bantam.ch\/fr\/produit\/porte-velos-fiamma-carry-bike-motor-lift-77-couleur-aluminium\/#primaryimage"},"image":{"@id":"https:\/\/shop.bantam.ch\/fr\/produit\/porte-velos-fiamma-carry-bike-motor-lift-77-couleur-aluminium\/#primaryimage"},"thumbnailUrl":"https:\/\/shop.bantam.ch\/wp-content\/uploads\/2024\/09\/Movera-L-9949165100.jpg","datePublished":"2024-05-15T13:22:04+00:00","dateModified":"2026-04-20T21:04:56+00:00","breadcrumb":{"@id":"https:\/\/shop.bantam.ch\/fr\/produit\/porte-velos-fiamma-carry-bike-motor-lift-77-couleur-aluminium\/#breadcrumb"},"inLanguage":"fr-FR","potentialAction":[{"@type":"ReadAction","target":["https:\/\/shop.bantam.ch\/fr\/produit\/porte-velos-fiamma-carry-bike-motor-lift-77-couleur-aluminium\/"]}]},{"@type":"ImageObject","inLanguage":"fr-FR","@id":"https:\/\/shop.bantam.ch\/fr\/produit\/porte-velos-fiamma-carry-bike-motor-lift-77-couleur-aluminium\/#primaryimage","url":"https:\/\/shop.bantam.ch\/wp-content\/uploads\/2024\/09\/Movera-L-9949165100.jpg","contentUrl":"https:\/\/shop.bantam.ch\/wp-content\/uploads\/2024\/09\/Movera-L-9949165100.jpg","width":640,"height":546},{"@type":"BreadcrumbList","@id":"https:\/\/shop.bantam.ch\/fr\/produit\/porte-velos-fiamma-carry-bike-motor-lift-77-couleur-aluminium\/#breadcrumb","itemListElement":[{"@type":"ListItem","position":1,"name":"Accueil","item":"https:\/\/shop.bantam.ch\/fr\/"},{"@type":"ListItem","position":2,"name":"Boutique","item":"https:\/\/shop.bantam.ch\/fr\/boutique\/"},{"@type":"ListItem","position":3,"name":"Porte-v\u00e9los FIAMMA Carry Bike Motor Lift 77 couleur aluminium"}]},{"@type":"WebSite","@id":"https:\/\/shop.bantam.ch\/fr\/#website","url":"https:\/\/shop.bantam.ch\/fr\/","name":"Bantam Wankm\u00fcller SA","description":"","publisher":{"@id":"https:\/\/shop.bantam.ch\/fr\/#organization"},"inLanguage":"fr-FR"},{"@type":"Organization","@id":"https:\/\/shop.bantam.ch\/fr\/#organization","name":"Bantam Wankm\u00fcller SA","url":"https:\/\/shop.bantam.ch\/fr\/","logo":{"@type":"ImageObject","inLanguage":"fr-FR","@id":"https:\/\/shop.bantam.ch\/fr\/#\/schema\/logo\/image\/","url":"https:\/\/shop.bantam.ch\/wp-content\/uploads\/2022\/12\/bantam-logo.png","contentUrl":"https:\/\/shop.bantam.ch\/wp-content\/uploads\/2022\/12\/bantam-logo.png","width":320,"height":71,"caption":"Bantam Wankm\u00fcller SA"},"image":{"@id":"https:\/\/shop.bantam.ch\/fr\/#\/schema\/logo\/image\/"}}]}},"_links":{"self":[{"href":"https:\/\/shop.bantam.ch\/fr\/wp-json\/wp\/v2\/product\/195056","targetHints":{"allow":["GET"]}}],"collection":[{"href":"https:\/\/shop.bantam.ch\/fr\/wp-json\/wp\/v2\/product"}],"about":[{"href":"https:\/\/shop.bantam.ch\/fr\/wp-json\/wp\/v2\/types\/product"}],"wp:featuredmedia":[{"embeddable":true,"href":"https:\/\/shop.bantam.ch\/fr\/wp-json\/wp\/v2\/media\/206574"}],"wp:attachment":[{"href":"https:\/\/shop.bantam.ch\/fr\/wp-json\/wp\/v2\/media?parent=195056"}],"wp:term":[{"taxonomy":"product_featured_cat","embeddable":true,"href":"https:\/\/shop.bantam.ch\/fr\/wp-json\/wp\/v2\/product_featured_cat?post=195056"},{"taxonomy":"product_brand","embeddable":true,"href":"https:\/\/shop.bantam.ch\/fr\/wp-json\/wp\/v2\/product_brand?post=195056"},{"taxonomy":"product_cat","embeddable":true,"href":"https:\/\/shop.bantam.ch\/fr\/wp-json\/wp\/v2\/product_cat?post=195056"},{"taxonomy":"product_tag","embeddable":true,"href":"https:\/\/shop.bantam.ch\/fr\/wp-json\/wp\/v2\/product_tag?post=195056"}],"curies":[{"name":"wp","href":"https:\/\/api.w.org\/{rel}","templated":true}]}}