{"id":195020,"date":"2024-05-15T15:21:19","date_gmt":"2024-05-15T13:21:19","guid":{"rendered":"https:\/\/shop.bantam.ch\/produit\/coffre-de-rangement-arriere-thule-arcos\/"},"modified":"2026-04-18T01:03:09","modified_gmt":"2026-04-17T23:03:09","slug":"coffre-de-rangement-arriere-thule-arcos","status":"publish","type":"product","link":"https:\/\/shop.bantam.ch\/fr\/produit\/coffre-de-rangement-arriere-thule-arcos\/","title":{"rendered":"Coffre de rangement arri\u00e8re Thule Arcos"},"content":{"rendered":"<p>Le Thule Arcos offre un grand espace de rangement \u00e0 l&rsquo;arri\u00e8re de la voiture, laissant le toit libre &#8211; pour une r\u00e9sistance \u00e0 l&rsquo;air r\u00e9duite ou pour d&rsquo;autres bagages. Le design moderne et a\u00e9rodynamique du Thule Arcos se caract\u00e9rise par une forme d&rsquo;aile a\u00e9rodynamique qui donne l&rsquo;impression d&rsquo;une extension naturelle du v\u00e9hicule.<\/p>\n<p>Le coffre \u00e0 bagages arri\u00e8re au design moderne et \u00e0 l&rsquo;a\u00e9rodynamisme de premier ordre<br \/>\nLe Thule Arcos offre un grand espace de rangement \u00e0 l&rsquo;arri\u00e8re de la voiture, laissant le toit libre &#8211; pour une r\u00e9sistance \u00e0 l&rsquo;air r\u00e9duite ou pour d&rsquo;autres bagages. Le design moderne et a\u00e9rodynamique du Thule Arcos se caract\u00e9rise par une forme d&rsquo;aile a\u00e9rodynamique qui donne l&rsquo;impression d&rsquo;une extension naturelle du v\u00e9hicule.<\/p>\n<p>Facile \u00e0 monter et \u00e0 utiliser<br \/>\nLe coffre repose \u00e0 plat sur le sol, ce qui facilite le chargement et le d\u00e9chargement des bagages. En m\u00eame temps, son profil bas et son design en forme de coin permettent d&rsquo;acc\u00e9der \u00e0 tout moment au coffre de la voiture. La coque rigide et r\u00e9sistante prot\u00e8ge les bagages de la salet\u00e9 et de l&rsquo;eau. Con\u00e7u pour \u00eatre facile \u00e0 installer, \u00e0 utiliser et \u00e0 nettoyer, le Thule Arcos est un excellent compagnon pour la vie quotidienne et l&rsquo;aventure.<\/p>\n<p>Remarque : le coffre Thule Arcos doit \u00eatre install\u00e9 avec la plate-forme Thule Arcos.<\/p>\n<p>Charge maximale 50 kg.<\/p>\n","protected":false},"excerpt":{"rendered":"<p>Le Thule Arcos offre un grand espace de rangement \u00e0 l&rsquo;arri\u00e8re de la voiture, laissant le toit libre &#8211; pour une r\u00e9sistance \u00e0 l&rsquo;air r\u00e9duite ou pour d&rsquo;autres bagages. Le design moderne et a\u00e9rodynamique du Thule Arcos se caract\u00e9rise par une forme d&rsquo;aile a\u00e9rodynamique qui donne l&rsquo;impression d&rsquo;une extension naturelle du v\u00e9hicule. Le coffre \u00e0 [&hellip;]<\/p>\n","protected":false},"featured_media":195014,"template":"","meta":{"_acf_changed":false},"product_featured_cat":[],"product_brand":[3046],"product_cat":[4727],"product_tag":[],"class_list":{"0":"post-195020","1":"product","2":"type-product","3":"status-publish","4":"has-post-thumbnail","6":"product_brand-thule","7":"product_cat-coffres-arriere","9":"first","10":"instock","11":"taxable","12":"shipping-taxable","13":"purchasable","14":"product-type-variable"},"acf":[],"yoast_head":"<!-- This site is optimized with the Yoast SEO plugin v27.4 - https:\/\/yoast.com\/product\/yoast-seo-wordpress\/ -->\n<title>Coffre de rangement arri\u00e8re Thule Arcos - Bantam Wankm\u00fcller SA<\/title>\n<meta name=\"robots\" content=\"index, follow, max-snippet:-1, max-image-preview:large, max-video-preview:-1\" \/>\n<link rel=\"canonical\" href=\"https:\/\/shop.bantam.ch\/fr\/produit\/coffre-de-rangement-arriere-thule-arcos\/\" \/>\n<meta property=\"og:locale\" content=\"fr_FR\" \/>\n<meta property=\"og:type\" content=\"article\" \/>\n<meta property=\"og:title\" content=\"Coffre de rangement arri\u00e8re Thule Arcos - Bantam Wankm\u00fcller SA\" \/>\n<meta property=\"og:description\" content=\"Le Thule Arcos offre un grand espace de rangement \u00e0 l&rsquo;arri\u00e8re de la voiture, laissant le toit libre &#8211; pour une r\u00e9sistance \u00e0 l&rsquo;air r\u00e9duite ou pour d&rsquo;autres bagages. Le design moderne et a\u00e9rodynamique du Thule Arcos se caract\u00e9rise par une forme d&rsquo;aile a\u00e9rodynamique qui donne l&rsquo;impression d&rsquo;une extension naturelle du v\u00e9hicule. Le coffre \u00e0 [&hellip;]\" \/>\n<meta property=\"og:url\" content=\"https:\/\/shop.bantam.ch\/fr\/produit\/coffre-de-rangement-arriere-thule-arcos\/\" \/>\n<meta property=\"og:site_name\" content=\"Bantam Wankm\u00fcller SA\" \/>\n<meta property=\"article:modified_time\" content=\"2026-04-17T23:03:09+00:00\" \/>\n<meta property=\"og:image\" content=\"https:\/\/shop.bantam.ch\/wp-content\/uploads\/2024\/05\/Movera-L-0106804100.jpg\" \/>\n\t<meta property=\"og:image:width\" content=\"640\" \/>\n\t<meta property=\"og:image:height\" content=\"289\" \/>\n\t<meta property=\"og:image:type\" content=\"image\/jpeg\" \/>\n<meta name=\"twitter:card\" content=\"summary_large_image\" \/>\n<meta name=\"twitter:label1\" content=\"Dur\u00e9e de lecture estim\u00e9e\" \/>\n\t<meta name=\"twitter:data1\" content=\"1 minute\" \/>\n<script type=\"application\/ld+json\" class=\"yoast-schema-graph\">{\"@context\":\"https:\\\/\\\/schema.org\",\"@graph\":[{\"@type\":\"WebPage\",\"@id\":\"https:\\\/\\\/shop.bantam.ch\\\/fr\\\/produit\\\/coffre-de-rangement-arriere-thule-arcos\\\/\",\"url\":\"https:\\\/\\\/shop.bantam.ch\\\/fr\\\/produit\\\/coffre-de-rangement-arriere-thule-arcos\\\/\",\"name\":\"Coffre de rangement arri\u00e8re Thule Arcos - Bantam Wankm\u00fcller SA\",\"isPartOf\":{\"@id\":\"https:\\\/\\\/shop.bantam.ch\\\/fr\\\/#website\"},\"primaryImageOfPage\":{\"@id\":\"https:\\\/\\\/shop.bantam.ch\\\/fr\\\/produit\\\/coffre-de-rangement-arriere-thule-arcos\\\/#primaryimage\"},\"image\":{\"@id\":\"https:\\\/\\\/shop.bantam.ch\\\/fr\\\/produit\\\/coffre-de-rangement-arriere-thule-arcos\\\/#primaryimage\"},\"thumbnailUrl\":\"https:\\\/\\\/shop.bantam.ch\\\/wp-content\\\/uploads\\\/2024\\\/05\\\/Movera-L-0106804100.jpg\",\"datePublished\":\"2024-05-15T13:21:19+00:00\",\"dateModified\":\"2026-04-17T23:03:09+00:00\",\"breadcrumb\":{\"@id\":\"https:\\\/\\\/shop.bantam.ch\\\/fr\\\/produit\\\/coffre-de-rangement-arriere-thule-arcos\\\/#breadcrumb\"},\"inLanguage\":\"fr-FR\",\"potentialAction\":[{\"@type\":\"ReadAction\",\"target\":[\"https:\\\/\\\/shop.bantam.ch\\\/fr\\\/produit\\\/coffre-de-rangement-arriere-thule-arcos\\\/\"]}]},{\"@type\":\"ImageObject\",\"inLanguage\":\"fr-FR\",\"@id\":\"https:\\\/\\\/shop.bantam.ch\\\/fr\\\/produit\\\/coffre-de-rangement-arriere-thule-arcos\\\/#primaryimage\",\"url\":\"https:\\\/\\\/shop.bantam.ch\\\/wp-content\\\/uploads\\\/2024\\\/05\\\/Movera-L-0106804100.jpg\",\"contentUrl\":\"https:\\\/\\\/shop.bantam.ch\\\/wp-content\\\/uploads\\\/2024\\\/05\\\/Movera-L-0106804100.jpg\",\"width\":640,\"height\":289},{\"@type\":\"BreadcrumbList\",\"@id\":\"https:\\\/\\\/shop.bantam.ch\\\/fr\\\/produit\\\/coffre-de-rangement-arriere-thule-arcos\\\/#breadcrumb\",\"itemListElement\":[{\"@type\":\"ListItem\",\"position\":1,\"name\":\"Accueil\",\"item\":\"https:\\\/\\\/shop.bantam.ch\\\/fr\\\/\"},{\"@type\":\"ListItem\",\"position\":2,\"name\":\"Boutique\",\"item\":\"https:\\\/\\\/shop.bantam.ch\\\/fr\\\/boutique\\\/\"},{\"@type\":\"ListItem\",\"position\":3,\"name\":\"Coffre de rangement arri\u00e8re Thule Arcos\"}]},{\"@type\":\"WebSite\",\"@id\":\"https:\\\/\\\/shop.bantam.ch\\\/fr\\\/#website\",\"url\":\"https:\\\/\\\/shop.bantam.ch\\\/fr\\\/\",\"name\":\"Bantam Wankm\u00fcller SA\",\"description\":\"\",\"publisher\":{\"@id\":\"https:\\\/\\\/shop.bantam.ch\\\/fr\\\/#organization\"},\"inLanguage\":\"fr-FR\"},{\"@type\":\"Organization\",\"@id\":\"https:\\\/\\\/shop.bantam.ch\\\/fr\\\/#organization\",\"name\":\"Bantam Wankm\u00fcller SA\",\"url\":\"https:\\\/\\\/shop.bantam.ch\\\/fr\\\/\",\"logo\":{\"@type\":\"ImageObject\",\"inLanguage\":\"fr-FR\",\"@id\":\"https:\\\/\\\/shop.bantam.ch\\\/fr\\\/#\\\/schema\\\/logo\\\/image\\\/\",\"url\":\"https:\\\/\\\/shop.bantam.ch\\\/wp-content\\\/uploads\\\/2022\\\/12\\\/bantam-logo.png\",\"contentUrl\":\"https:\\\/\\\/shop.bantam.ch\\\/wp-content\\\/uploads\\\/2022\\\/12\\\/bantam-logo.png\",\"width\":320,\"height\":71,\"caption\":\"Bantam Wankm\u00fcller SA\"},\"image\":{\"@id\":\"https:\\\/\\\/shop.bantam.ch\\\/fr\\\/#\\\/schema\\\/logo\\\/image\\\/\"}}]}<\/script>\n<!-- \/ Yoast SEO plugin. -->","yoast_head_json":{"title":"Coffre de rangement arri\u00e8re Thule Arcos - Bantam Wankm\u00fcller SA","robots":{"index":"index","follow":"follow","max-snippet":"max-snippet:-1","max-image-preview":"max-image-preview:large","max-video-preview":"max-video-preview:-1"},"canonical":"https:\/\/shop.bantam.ch\/fr\/produit\/coffre-de-rangement-arriere-thule-arcos\/","og_locale":"fr_FR","og_type":"article","og_title":"Coffre de rangement arri\u00e8re Thule Arcos - Bantam Wankm\u00fcller SA","og_description":"Le Thule Arcos offre un grand espace de rangement \u00e0 l&rsquo;arri\u00e8re de la voiture, laissant le toit libre &#8211; pour une r\u00e9sistance \u00e0 l&rsquo;air r\u00e9duite ou pour d&rsquo;autres bagages. Le design moderne et a\u00e9rodynamique du Thule Arcos se caract\u00e9rise par une forme d&rsquo;aile a\u00e9rodynamique qui donne l&rsquo;impression d&rsquo;une extension naturelle du v\u00e9hicule. Le coffre \u00e0 [&hellip;]","og_url":"https:\/\/shop.bantam.ch\/fr\/produit\/coffre-de-rangement-arriere-thule-arcos\/","og_site_name":"Bantam Wankm\u00fcller SA","article_modified_time":"2026-04-17T23:03:09+00:00","og_image":[{"width":640,"height":289,"url":"https:\/\/shop.bantam.ch\/wp-content\/uploads\/2024\/05\/Movera-L-0106804100.jpg","type":"image\/jpeg"}],"twitter_card":"summary_large_image","twitter_misc":{"Dur\u00e9e de lecture estim\u00e9e":"1 minute"},"schema":{"@context":"https:\/\/schema.org","@graph":[{"@type":"WebPage","@id":"https:\/\/shop.bantam.ch\/fr\/produit\/coffre-de-rangement-arriere-thule-arcos\/","url":"https:\/\/shop.bantam.ch\/fr\/produit\/coffre-de-rangement-arriere-thule-arcos\/","name":"Coffre de rangement arri\u00e8re Thule Arcos - Bantam Wankm\u00fcller SA","isPartOf":{"@id":"https:\/\/shop.bantam.ch\/fr\/#website"},"primaryImageOfPage":{"@id":"https:\/\/shop.bantam.ch\/fr\/produit\/coffre-de-rangement-arriere-thule-arcos\/#primaryimage"},"image":{"@id":"https:\/\/shop.bantam.ch\/fr\/produit\/coffre-de-rangement-arriere-thule-arcos\/#primaryimage"},"thumbnailUrl":"https:\/\/shop.bantam.ch\/wp-content\/uploads\/2024\/05\/Movera-L-0106804100.jpg","datePublished":"2024-05-15T13:21:19+00:00","dateModified":"2026-04-17T23:03:09+00:00","breadcrumb":{"@id":"https:\/\/shop.bantam.ch\/fr\/produit\/coffre-de-rangement-arriere-thule-arcos\/#breadcrumb"},"inLanguage":"fr-FR","potentialAction":[{"@type":"ReadAction","target":["https:\/\/shop.bantam.ch\/fr\/produit\/coffre-de-rangement-arriere-thule-arcos\/"]}]},{"@type":"ImageObject","inLanguage":"fr-FR","@id":"https:\/\/shop.bantam.ch\/fr\/produit\/coffre-de-rangement-arriere-thule-arcos\/#primaryimage","url":"https:\/\/shop.bantam.ch\/wp-content\/uploads\/2024\/05\/Movera-L-0106804100.jpg","contentUrl":"https:\/\/shop.bantam.ch\/wp-content\/uploads\/2024\/05\/Movera-L-0106804100.jpg","width":640,"height":289},{"@type":"BreadcrumbList","@id":"https:\/\/shop.bantam.ch\/fr\/produit\/coffre-de-rangement-arriere-thule-arcos\/#breadcrumb","itemListElement":[{"@type":"ListItem","position":1,"name":"Accueil","item":"https:\/\/shop.bantam.ch\/fr\/"},{"@type":"ListItem","position":2,"name":"Boutique","item":"https:\/\/shop.bantam.ch\/fr\/boutique\/"},{"@type":"ListItem","position":3,"name":"Coffre de rangement arri\u00e8re Thule Arcos"}]},{"@type":"WebSite","@id":"https:\/\/shop.bantam.ch\/fr\/#website","url":"https:\/\/shop.bantam.ch\/fr\/","name":"Bantam Wankm\u00fcller SA","description":"","publisher":{"@id":"https:\/\/shop.bantam.ch\/fr\/#organization"},"inLanguage":"fr-FR"},{"@type":"Organization","@id":"https:\/\/shop.bantam.ch\/fr\/#organization","name":"Bantam Wankm\u00fcller SA","url":"https:\/\/shop.bantam.ch\/fr\/","logo":{"@type":"ImageObject","inLanguage":"fr-FR","@id":"https:\/\/shop.bantam.ch\/fr\/#\/schema\/logo\/image\/","url":"https:\/\/shop.bantam.ch\/wp-content\/uploads\/2022\/12\/bantam-logo.png","contentUrl":"https:\/\/shop.bantam.ch\/wp-content\/uploads\/2022\/12\/bantam-logo.png","width":320,"height":71,"caption":"Bantam Wankm\u00fcller SA"},"image":{"@id":"https:\/\/shop.bantam.ch\/fr\/#\/schema\/logo\/image\/"}}]}},"_links":{"self":[{"href":"https:\/\/shop.bantam.ch\/fr\/wp-json\/wp\/v2\/product\/195020","targetHints":{"allow":["GET"]}}],"collection":[{"href":"https:\/\/shop.bantam.ch\/fr\/wp-json\/wp\/v2\/product"}],"about":[{"href":"https:\/\/shop.bantam.ch\/fr\/wp-json\/wp\/v2\/types\/product"}],"wp:featuredmedia":[{"embeddable":true,"href":"https:\/\/shop.bantam.ch\/fr\/wp-json\/wp\/v2\/media\/195014"}],"wp:attachment":[{"href":"https:\/\/shop.bantam.ch\/fr\/wp-json\/wp\/v2\/media?parent=195020"}],"wp:term":[{"taxonomy":"product_featured_cat","embeddable":true,"href":"https:\/\/shop.bantam.ch\/fr\/wp-json\/wp\/v2\/product_featured_cat?post=195020"},{"taxonomy":"product_brand","embeddable":true,"href":"https:\/\/shop.bantam.ch\/fr\/wp-json\/wp\/v2\/product_brand?post=195020"},{"taxonomy":"product_cat","embeddable":true,"href":"https:\/\/shop.bantam.ch\/fr\/wp-json\/wp\/v2\/product_cat?post=195020"},{"taxonomy":"product_tag","embeddable":true,"href":"https:\/\/shop.bantam.ch\/fr\/wp-json\/wp\/v2\/product_tag?post=195020"}],"curies":[{"name":"wp","href":"https:\/\/api.w.org\/{rel}","templated":true}]}}