{"id":195004,"date":"2024-05-15T15:20:57","date_gmt":"2024-05-15T13:20:57","guid":{"rendered":"https:\/\/shop.bantam.ch\/produit\/porte-velo-thule-velotrack-rail-ducato-jumper-boxer-apd-2007\/"},"modified":"2026-04-17T23:03:53","modified_gmt":"2026-04-17T21:03:53","slug":"porte-velo-thule-velotrack-rail-ducato-jumper-boxer-apd-2007","status":"publish","type":"product","link":"https:\/\/shop.bantam.ch\/fr\/produit\/porte-velo-thule-velotrack-rail-ducato-jumper-boxer-apd-2007\/","title":{"rendered":"Rail pour porte-v\u00e9lo THULE VeloTrack Rail Ducato\/ Jumper\/Boxer \u00e0pd 2007"},"content":{"rendered":"<p>Caract\u00e9ristiques:<\/p>\n<ul>\n<li>Transport s\u00fbr de 2 v\u00e9los \u00e9lectriques<\/li>\n<li>Charge max. Charge par rail 30 kg<\/li>\n<li>Les rails plus solides et plus longs de 150 cm et un espace de 23 cm entre les jambes permettent de transporter des v\u00e9los plus grands.<\/li>\n<\/ul>\n","protected":false},"excerpt":{"rendered":"<p>Caract\u00e9ristiques: Transport s\u00fbr de 2 v\u00e9los \u00e9lectriques Charge max. Charge par rail 30 kg Les rails plus solides et plus longs de 150 cm et un espace de 23 cm entre les jambes permettent de transporter des v\u00e9los plus grands.<\/p>\n","protected":false},"featured_media":206566,"template":"","meta":{"_acf_changed":false},"product_featured_cat":[],"product_brand":[3046],"product_cat":[5137],"product_tag":[],"class_list":{"0":"post-195004","1":"product","2":"type-product","3":"status-publish","4":"has-post-thumbnail","6":"product_brand-thule","7":"product_cat-porte-velos-arriere","9":"first","10":"instock","11":"taxable","12":"shipping-taxable","13":"purchasable","14":"product-type-simple"},"acf":[],"yoast_head":"<!-- This site is optimized with the Yoast SEO plugin v27.4 - https:\/\/yoast.com\/product\/yoast-seo-wordpress\/ -->\n<title>Rail pour porte-v\u00e9lo THULE VeloTrack Rail Ducato\/ Jumper\/Boxer \u00e0pd 2007 - Bantam Wankm\u00fcller SA<\/title>\n<meta name=\"robots\" content=\"index, follow, max-snippet:-1, max-image-preview:large, max-video-preview:-1\" \/>\n<link rel=\"canonical\" href=\"https:\/\/shop.bantam.ch\/fr\/produit\/porte-velo-thule-velotrack-rail-ducato-jumper-boxer-apd-2007\/\" \/>\n<meta property=\"og:locale\" content=\"fr_FR\" \/>\n<meta property=\"og:type\" content=\"article\" \/>\n<meta property=\"og:title\" content=\"Rail pour porte-v\u00e9lo THULE VeloTrack Rail Ducato\/ Jumper\/Boxer \u00e0pd 2007 - Bantam Wankm\u00fcller SA\" \/>\n<meta property=\"og:description\" content=\"Caract\u00e9ristiques: Transport s\u00fbr de 2 v\u00e9los \u00e9lectriques Charge max. Charge par rail 30 kg Les rails plus solides et plus longs de 150 cm et un espace de 23 cm entre les jambes permettent de transporter des v\u00e9los plus grands.\" \/>\n<meta property=\"og:url\" content=\"https:\/\/shop.bantam.ch\/fr\/produit\/porte-velo-thule-velotrack-rail-ducato-jumper-boxer-apd-2007\/\" \/>\n<meta property=\"og:site_name\" content=\"Bantam Wankm\u00fcller SA\" \/>\n<meta property=\"article:modified_time\" content=\"2026-04-17T21:03:53+00:00\" \/>\n<meta property=\"og:image\" content=\"https:\/\/shop.bantam.ch\/wp-content\/uploads\/2024\/09\/Movera-L-9949154100.jpg\" \/>\n\t<meta property=\"og:image:width\" content=\"640\" \/>\n\t<meta property=\"og:image:height\" content=\"427\" \/>\n\t<meta property=\"og:image:type\" content=\"image\/jpeg\" \/>\n<meta name=\"twitter:card\" content=\"summary_large_image\" \/>\n<script type=\"application\/ld+json\" class=\"yoast-schema-graph\">{\"@context\":\"https:\\\/\\\/schema.org\",\"@graph\":[{\"@type\":\"WebPage\",\"@id\":\"https:\\\/\\\/shop.bantam.ch\\\/fr\\\/produit\\\/porte-velo-thule-velotrack-rail-ducato-jumper-boxer-apd-2007\\\/\",\"url\":\"https:\\\/\\\/shop.bantam.ch\\\/fr\\\/produit\\\/porte-velo-thule-velotrack-rail-ducato-jumper-boxer-apd-2007\\\/\",\"name\":\"Rail pour porte-v\u00e9lo THULE VeloTrack Rail Ducato\\\/ Jumper\\\/Boxer \u00e0pd 2007 - Bantam Wankm\u00fcller SA\",\"isPartOf\":{\"@id\":\"https:\\\/\\\/shop.bantam.ch\\\/fr\\\/#website\"},\"primaryImageOfPage\":{\"@id\":\"https:\\\/\\\/shop.bantam.ch\\\/fr\\\/produit\\\/porte-velo-thule-velotrack-rail-ducato-jumper-boxer-apd-2007\\\/#primaryimage\"},\"image\":{\"@id\":\"https:\\\/\\\/shop.bantam.ch\\\/fr\\\/produit\\\/porte-velo-thule-velotrack-rail-ducato-jumper-boxer-apd-2007\\\/#primaryimage\"},\"thumbnailUrl\":\"https:\\\/\\\/shop.bantam.ch\\\/wp-content\\\/uploads\\\/2024\\\/09\\\/Movera-L-9949154100.jpg\",\"datePublished\":\"2024-05-15T13:20:57+00:00\",\"dateModified\":\"2026-04-17T21:03:53+00:00\",\"breadcrumb\":{\"@id\":\"https:\\\/\\\/shop.bantam.ch\\\/fr\\\/produit\\\/porte-velo-thule-velotrack-rail-ducato-jumper-boxer-apd-2007\\\/#breadcrumb\"},\"inLanguage\":\"fr-FR\",\"potentialAction\":[{\"@type\":\"ReadAction\",\"target\":[\"https:\\\/\\\/shop.bantam.ch\\\/fr\\\/produit\\\/porte-velo-thule-velotrack-rail-ducato-jumper-boxer-apd-2007\\\/\"]}]},{\"@type\":\"ImageObject\",\"inLanguage\":\"fr-FR\",\"@id\":\"https:\\\/\\\/shop.bantam.ch\\\/fr\\\/produit\\\/porte-velo-thule-velotrack-rail-ducato-jumper-boxer-apd-2007\\\/#primaryimage\",\"url\":\"https:\\\/\\\/shop.bantam.ch\\\/wp-content\\\/uploads\\\/2024\\\/09\\\/Movera-L-9949154100.jpg\",\"contentUrl\":\"https:\\\/\\\/shop.bantam.ch\\\/wp-content\\\/uploads\\\/2024\\\/09\\\/Movera-L-9949154100.jpg\",\"width\":640,\"height\":427},{\"@type\":\"BreadcrumbList\",\"@id\":\"https:\\\/\\\/shop.bantam.ch\\\/fr\\\/produit\\\/porte-velo-thule-velotrack-rail-ducato-jumper-boxer-apd-2007\\\/#breadcrumb\",\"itemListElement\":[{\"@type\":\"ListItem\",\"position\":1,\"name\":\"Accueil\",\"item\":\"https:\\\/\\\/shop.bantam.ch\\\/fr\\\/\"},{\"@type\":\"ListItem\",\"position\":2,\"name\":\"Boutique\",\"item\":\"https:\\\/\\\/shop.bantam.ch\\\/fr\\\/boutique\\\/\"},{\"@type\":\"ListItem\",\"position\":3,\"name\":\"Rail pour porte-v\u00e9lo THULE VeloTrack Rail Ducato\\\/ Jumper\\\/Boxer \u00e0pd 2007\"}]},{\"@type\":\"WebSite\",\"@id\":\"https:\\\/\\\/shop.bantam.ch\\\/fr\\\/#website\",\"url\":\"https:\\\/\\\/shop.bantam.ch\\\/fr\\\/\",\"name\":\"Bantam Wankm\u00fcller SA\",\"description\":\"\",\"publisher\":{\"@id\":\"https:\\\/\\\/shop.bantam.ch\\\/fr\\\/#organization\"},\"inLanguage\":\"fr-FR\"},{\"@type\":\"Organization\",\"@id\":\"https:\\\/\\\/shop.bantam.ch\\\/fr\\\/#organization\",\"name\":\"Bantam Wankm\u00fcller SA\",\"url\":\"https:\\\/\\\/shop.bantam.ch\\\/fr\\\/\",\"logo\":{\"@type\":\"ImageObject\",\"inLanguage\":\"fr-FR\",\"@id\":\"https:\\\/\\\/shop.bantam.ch\\\/fr\\\/#\\\/schema\\\/logo\\\/image\\\/\",\"url\":\"https:\\\/\\\/shop.bantam.ch\\\/wp-content\\\/uploads\\\/2022\\\/12\\\/bantam-logo.png\",\"contentUrl\":\"https:\\\/\\\/shop.bantam.ch\\\/wp-content\\\/uploads\\\/2022\\\/12\\\/bantam-logo.png\",\"width\":320,\"height\":71,\"caption\":\"Bantam Wankm\u00fcller SA\"},\"image\":{\"@id\":\"https:\\\/\\\/shop.bantam.ch\\\/fr\\\/#\\\/schema\\\/logo\\\/image\\\/\"}}]}<\/script>\n<!-- \/ Yoast SEO plugin. -->","yoast_head_json":{"title":"Rail pour porte-v\u00e9lo THULE VeloTrack Rail Ducato\/ Jumper\/Boxer \u00e0pd 2007 - Bantam Wankm\u00fcller SA","robots":{"index":"index","follow":"follow","max-snippet":"max-snippet:-1","max-image-preview":"max-image-preview:large","max-video-preview":"max-video-preview:-1"},"canonical":"https:\/\/shop.bantam.ch\/fr\/produit\/porte-velo-thule-velotrack-rail-ducato-jumper-boxer-apd-2007\/","og_locale":"fr_FR","og_type":"article","og_title":"Rail pour porte-v\u00e9lo THULE VeloTrack Rail Ducato\/ Jumper\/Boxer \u00e0pd 2007 - Bantam Wankm\u00fcller SA","og_description":"Caract\u00e9ristiques: Transport s\u00fbr de 2 v\u00e9los \u00e9lectriques Charge max. Charge par rail 30 kg Les rails plus solides et plus longs de 150 cm et un espace de 23 cm entre les jambes permettent de transporter des v\u00e9los plus grands.","og_url":"https:\/\/shop.bantam.ch\/fr\/produit\/porte-velo-thule-velotrack-rail-ducato-jumper-boxer-apd-2007\/","og_site_name":"Bantam Wankm\u00fcller SA","article_modified_time":"2026-04-17T21:03:53+00:00","og_image":[{"width":640,"height":427,"url":"https:\/\/shop.bantam.ch\/wp-content\/uploads\/2024\/09\/Movera-L-9949154100.jpg","type":"image\/jpeg"}],"twitter_card":"summary_large_image","schema":{"@context":"https:\/\/schema.org","@graph":[{"@type":"WebPage","@id":"https:\/\/shop.bantam.ch\/fr\/produit\/porte-velo-thule-velotrack-rail-ducato-jumper-boxer-apd-2007\/","url":"https:\/\/shop.bantam.ch\/fr\/produit\/porte-velo-thule-velotrack-rail-ducato-jumper-boxer-apd-2007\/","name":"Rail pour porte-v\u00e9lo THULE VeloTrack Rail Ducato\/ Jumper\/Boxer \u00e0pd 2007 - Bantam Wankm\u00fcller SA","isPartOf":{"@id":"https:\/\/shop.bantam.ch\/fr\/#website"},"primaryImageOfPage":{"@id":"https:\/\/shop.bantam.ch\/fr\/produit\/porte-velo-thule-velotrack-rail-ducato-jumper-boxer-apd-2007\/#primaryimage"},"image":{"@id":"https:\/\/shop.bantam.ch\/fr\/produit\/porte-velo-thule-velotrack-rail-ducato-jumper-boxer-apd-2007\/#primaryimage"},"thumbnailUrl":"https:\/\/shop.bantam.ch\/wp-content\/uploads\/2024\/09\/Movera-L-9949154100.jpg","datePublished":"2024-05-15T13:20:57+00:00","dateModified":"2026-04-17T21:03:53+00:00","breadcrumb":{"@id":"https:\/\/shop.bantam.ch\/fr\/produit\/porte-velo-thule-velotrack-rail-ducato-jumper-boxer-apd-2007\/#breadcrumb"},"inLanguage":"fr-FR","potentialAction":[{"@type":"ReadAction","target":["https:\/\/shop.bantam.ch\/fr\/produit\/porte-velo-thule-velotrack-rail-ducato-jumper-boxer-apd-2007\/"]}]},{"@type":"ImageObject","inLanguage":"fr-FR","@id":"https:\/\/shop.bantam.ch\/fr\/produit\/porte-velo-thule-velotrack-rail-ducato-jumper-boxer-apd-2007\/#primaryimage","url":"https:\/\/shop.bantam.ch\/wp-content\/uploads\/2024\/09\/Movera-L-9949154100.jpg","contentUrl":"https:\/\/shop.bantam.ch\/wp-content\/uploads\/2024\/09\/Movera-L-9949154100.jpg","width":640,"height":427},{"@type":"BreadcrumbList","@id":"https:\/\/shop.bantam.ch\/fr\/produit\/porte-velo-thule-velotrack-rail-ducato-jumper-boxer-apd-2007\/#breadcrumb","itemListElement":[{"@type":"ListItem","position":1,"name":"Accueil","item":"https:\/\/shop.bantam.ch\/fr\/"},{"@type":"ListItem","position":2,"name":"Boutique","item":"https:\/\/shop.bantam.ch\/fr\/boutique\/"},{"@type":"ListItem","position":3,"name":"Rail pour porte-v\u00e9lo THULE VeloTrack Rail Ducato\/ Jumper\/Boxer \u00e0pd 2007"}]},{"@type":"WebSite","@id":"https:\/\/shop.bantam.ch\/fr\/#website","url":"https:\/\/shop.bantam.ch\/fr\/","name":"Bantam Wankm\u00fcller SA","description":"","publisher":{"@id":"https:\/\/shop.bantam.ch\/fr\/#organization"},"inLanguage":"fr-FR"},{"@type":"Organization","@id":"https:\/\/shop.bantam.ch\/fr\/#organization","name":"Bantam Wankm\u00fcller SA","url":"https:\/\/shop.bantam.ch\/fr\/","logo":{"@type":"ImageObject","inLanguage":"fr-FR","@id":"https:\/\/shop.bantam.ch\/fr\/#\/schema\/logo\/image\/","url":"https:\/\/shop.bantam.ch\/wp-content\/uploads\/2022\/12\/bantam-logo.png","contentUrl":"https:\/\/shop.bantam.ch\/wp-content\/uploads\/2022\/12\/bantam-logo.png","width":320,"height":71,"caption":"Bantam Wankm\u00fcller SA"},"image":{"@id":"https:\/\/shop.bantam.ch\/fr\/#\/schema\/logo\/image\/"}}]}},"_links":{"self":[{"href":"https:\/\/shop.bantam.ch\/fr\/wp-json\/wp\/v2\/product\/195004","targetHints":{"allow":["GET"]}}],"collection":[{"href":"https:\/\/shop.bantam.ch\/fr\/wp-json\/wp\/v2\/product"}],"about":[{"href":"https:\/\/shop.bantam.ch\/fr\/wp-json\/wp\/v2\/types\/product"}],"wp:featuredmedia":[{"embeddable":true,"href":"https:\/\/shop.bantam.ch\/fr\/wp-json\/wp\/v2\/media\/206566"}],"wp:attachment":[{"href":"https:\/\/shop.bantam.ch\/fr\/wp-json\/wp\/v2\/media?parent=195004"}],"wp:term":[{"taxonomy":"product_featured_cat","embeddable":true,"href":"https:\/\/shop.bantam.ch\/fr\/wp-json\/wp\/v2\/product_featured_cat?post=195004"},{"taxonomy":"product_brand","embeddable":true,"href":"https:\/\/shop.bantam.ch\/fr\/wp-json\/wp\/v2\/product_brand?post=195004"},{"taxonomy":"product_cat","embeddable":true,"href":"https:\/\/shop.bantam.ch\/fr\/wp-json\/wp\/v2\/product_cat?post=195004"},{"taxonomy":"product_tag","embeddable":true,"href":"https:\/\/shop.bantam.ch\/fr\/wp-json\/wp\/v2\/product_tag?post=195004"}],"curies":[{"name":"wp","href":"https:\/\/api.w.org\/{rel}","templated":true}]}}