{"id":194980,"date":"2024-05-15T15:20:09","date_gmt":"2024-05-15T13:20:09","guid":{"rendered":"https:\/\/shop.bantam.ch\/produit\/huile-ch-petec-fl-compte-g-wet-lube-contenance-100-ml\/"},"modified":"2026-04-21T23:07:35","modified_gmt":"2026-04-21T21:07:35","slug":"huile-ch-petec-fl-compte-g-wet-lube-contenance-100-ml","status":"publish","type":"product","link":"https:\/\/shop.bantam.ch\/fr\/produit\/huile-ch-petec-fl-compte-g-wet-lube-contenance-100-ml\/","title":{"rendered":"Huile ch. Petec Fl. compte-g. Wet Lube Contenance 100\u00a0ml"},"content":{"rendered":"<p>Huile pour cha\u00eenes pour la lubrification des cha\u00eenes de transmission. \u00c9galement pour la lubrification des articulations, des raccords viss\u00e9s, des fermetures rapides, des pinces, du rail de selle et des pi\u00e8ces mobiles du v\u00e9lo. Convient parfaitement pour le v\u00e9lo et le v\u00e9lo \u00e9lectrique dans le domaine de la m\u00e9canique des deux roues, de l&rsquo;artisanat et des loisirs.<\/p>\n<p>&nbsp;<\/p>\n<p>Caract\u00e9ristiques:<\/p>\n<ul>\n<li>Pour tous les v\u00e9los et v\u00e9los \u00e9lectriques<\/li>\n<p>.<\/p>\n<li>Lubrifie tous les types de cha\u00eenes<\/li>\n<p>.<\/p>\n<li>Excellente capacit\u00e9 de fluage<\/li>\n<li>Ne nuit pas \u00e0 l&rsquo;\u00e9lectronique des v\u00e9los \u00e9lectriques<\/li>\n<p>.<\/p>\n<li>Compatible avec de nombreux mat\u00e9riaux tels que les m\u00e9taux, les plastiques, le carbone, la c\u00e9ramique, le verre et les surfaces peintes<\/li>\n<p>.<\/p>\n<li>R\u00e9siste \u00e0 long terme \u00e0 l&rsquo;eau et \u00e0 l&rsquo;eau sal\u00e9e<\/li>\n<li>Neutre vis-\u00e0-vis des joints toriques<\/li>\n<li>Sans silicone<\/li>\n<\/ul>\n","protected":false},"excerpt":{"rendered":"<p>Huile pour cha\u00eenes pour la lubrification des cha\u00eenes de transmission. \u00c9galement pour la lubrification des articulations, des raccords viss\u00e9s, des fermetures rapides, des pinces, du rail de selle et des pi\u00e8ces mobiles du v\u00e9lo. Convient parfaitement pour le v\u00e9lo et le v\u00e9lo \u00e9lectrique dans le domaine de la m\u00e9canique des deux roues, de l&rsquo;artisanat et [&hellip;]<\/p>\n","protected":false},"featured_media":206558,"template":"","meta":{"_acf_changed":false},"product_featured_cat":[],"product_brand":[3594],"product_cat":[5095],"product_tag":[],"class_list":{"0":"post-194980","1":"product","2":"type-product","3":"status-publish","4":"has-post-thumbnail","6":"product_brand-petec","7":"product_cat-huiles","9":"first","10":"instock","11":"taxable","12":"shipping-taxable","13":"purchasable","14":"product-type-simple"},"acf":[],"yoast_head":"<!-- This site is optimized with the Yoast SEO plugin v27.4 - https:\/\/yoast.com\/product\/yoast-seo-wordpress\/ -->\n<title>Huile ch. Petec Fl. compte-g. Wet Lube Contenance 100\u00a0ml - Bantam Wankm\u00fcller SA<\/title>\n<meta name=\"robots\" content=\"index, follow, max-snippet:-1, max-image-preview:large, max-video-preview:-1\" \/>\n<link rel=\"canonical\" href=\"https:\/\/shop.bantam.ch\/fr\/produit\/huile-ch-petec-fl-compte-g-wet-lube-contenance-100-ml\/\" \/>\n<meta property=\"og:locale\" content=\"fr_FR\" \/>\n<meta property=\"og:type\" content=\"article\" \/>\n<meta property=\"og:title\" content=\"Huile ch. Petec Fl. compte-g. Wet Lube Contenance 100\u00a0ml - Bantam Wankm\u00fcller SA\" \/>\n<meta property=\"og:description\" content=\"Huile pour cha\u00eenes pour la lubrification des cha\u00eenes de transmission. \u00c9galement pour la lubrification des articulations, des raccords viss\u00e9s, des fermetures rapides, des pinces, du rail de selle et des pi\u00e8ces mobiles du v\u00e9lo. Convient parfaitement pour le v\u00e9lo et le v\u00e9lo \u00e9lectrique dans le domaine de la m\u00e9canique des deux roues, de l&rsquo;artisanat et [&hellip;]\" \/>\n<meta property=\"og:url\" content=\"https:\/\/shop.bantam.ch\/fr\/produit\/huile-ch-petec-fl-compte-g-wet-lube-contenance-100-ml\/\" \/>\n<meta property=\"og:site_name\" content=\"Bantam Wankm\u00fcller SA\" \/>\n<meta property=\"article:modified_time\" content=\"2026-04-21T21:07:35+00:00\" \/>\n<meta property=\"og:image\" content=\"https:\/\/shop.bantam.ch\/wp-content\/uploads\/2024\/05\/Movera-L-9949146100.jpg\" \/>\n\t<meta property=\"og:image:width\" content=\"227\" \/>\n\t<meta property=\"og:image:height\" content=\"1000\" \/>\n\t<meta property=\"og:image:type\" content=\"image\/jpeg\" \/>\n<meta name=\"twitter:card\" content=\"summary_large_image\" \/>\n<meta name=\"twitter:label1\" content=\"Dur\u00e9e de lecture estim\u00e9e\" \/>\n\t<meta name=\"twitter:data1\" content=\"1 minute\" \/>\n<script type=\"application\/ld+json\" class=\"yoast-schema-graph\">{\"@context\":\"https:\\\/\\\/schema.org\",\"@graph\":[{\"@type\":\"WebPage\",\"@id\":\"https:\\\/\\\/shop.bantam.ch\\\/fr\\\/produit\\\/huile-ch-petec-fl-compte-g-wet-lube-contenance-100-ml\\\/\",\"url\":\"https:\\\/\\\/shop.bantam.ch\\\/fr\\\/produit\\\/huile-ch-petec-fl-compte-g-wet-lube-contenance-100-ml\\\/\",\"name\":\"Huile ch. Petec Fl. compte-g. Wet Lube Contenance 100\u00a0ml - Bantam Wankm\u00fcller SA\",\"isPartOf\":{\"@id\":\"https:\\\/\\\/shop.bantam.ch\\\/fr\\\/#website\"},\"primaryImageOfPage\":{\"@id\":\"https:\\\/\\\/shop.bantam.ch\\\/fr\\\/produit\\\/huile-ch-petec-fl-compte-g-wet-lube-contenance-100-ml\\\/#primaryimage\"},\"image\":{\"@id\":\"https:\\\/\\\/shop.bantam.ch\\\/fr\\\/produit\\\/huile-ch-petec-fl-compte-g-wet-lube-contenance-100-ml\\\/#primaryimage\"},\"thumbnailUrl\":\"https:\\\/\\\/shop.bantam.ch\\\/wp-content\\\/uploads\\\/2024\\\/09\\\/Movera-L-9949146100.jpg\",\"datePublished\":\"2024-05-15T13:20:09+00:00\",\"dateModified\":\"2026-04-21T21:07:35+00:00\",\"breadcrumb\":{\"@id\":\"https:\\\/\\\/shop.bantam.ch\\\/fr\\\/produit\\\/huile-ch-petec-fl-compte-g-wet-lube-contenance-100-ml\\\/#breadcrumb\"},\"inLanguage\":\"fr-FR\",\"potentialAction\":[{\"@type\":\"ReadAction\",\"target\":[\"https:\\\/\\\/shop.bantam.ch\\\/fr\\\/produit\\\/huile-ch-petec-fl-compte-g-wet-lube-contenance-100-ml\\\/\"]}]},{\"@type\":\"ImageObject\",\"inLanguage\":\"fr-FR\",\"@id\":\"https:\\\/\\\/shop.bantam.ch\\\/fr\\\/produit\\\/huile-ch-petec-fl-compte-g-wet-lube-contenance-100-ml\\\/#primaryimage\",\"url\":\"https:\\\/\\\/shop.bantam.ch\\\/wp-content\\\/uploads\\\/2024\\\/09\\\/Movera-L-9949146100.jpg\",\"contentUrl\":\"https:\\\/\\\/shop.bantam.ch\\\/wp-content\\\/uploads\\\/2024\\\/09\\\/Movera-L-9949146100.jpg\",\"width\":227,\"height\":1000},{\"@type\":\"BreadcrumbList\",\"@id\":\"https:\\\/\\\/shop.bantam.ch\\\/fr\\\/produit\\\/huile-ch-petec-fl-compte-g-wet-lube-contenance-100-ml\\\/#breadcrumb\",\"itemListElement\":[{\"@type\":\"ListItem\",\"position\":1,\"name\":\"Accueil\",\"item\":\"https:\\\/\\\/shop.bantam.ch\\\/fr\\\/\"},{\"@type\":\"ListItem\",\"position\":2,\"name\":\"Boutique\",\"item\":\"https:\\\/\\\/shop.bantam.ch\\\/fr\\\/boutique\\\/\"},{\"@type\":\"ListItem\",\"position\":3,\"name\":\"Huile ch. Petec Fl. compte-g. Wet Lube Contenance 100\u00a0ml\"}]},{\"@type\":\"WebSite\",\"@id\":\"https:\\\/\\\/shop.bantam.ch\\\/fr\\\/#website\",\"url\":\"https:\\\/\\\/shop.bantam.ch\\\/fr\\\/\",\"name\":\"Bantam Wankm\u00fcller SA\",\"description\":\"\",\"publisher\":{\"@id\":\"https:\\\/\\\/shop.bantam.ch\\\/fr\\\/#organization\"},\"inLanguage\":\"fr-FR\"},{\"@type\":\"Organization\",\"@id\":\"https:\\\/\\\/shop.bantam.ch\\\/fr\\\/#organization\",\"name\":\"Bantam Wankm\u00fcller SA\",\"url\":\"https:\\\/\\\/shop.bantam.ch\\\/fr\\\/\",\"logo\":{\"@type\":\"ImageObject\",\"inLanguage\":\"fr-FR\",\"@id\":\"https:\\\/\\\/shop.bantam.ch\\\/fr\\\/#\\\/schema\\\/logo\\\/image\\\/\",\"url\":\"https:\\\/\\\/shop.bantam.ch\\\/wp-content\\\/uploads\\\/2022\\\/12\\\/bantam-logo.png\",\"contentUrl\":\"https:\\\/\\\/shop.bantam.ch\\\/wp-content\\\/uploads\\\/2022\\\/12\\\/bantam-logo.png\",\"width\":320,\"height\":71,\"caption\":\"Bantam Wankm\u00fcller SA\"},\"image\":{\"@id\":\"https:\\\/\\\/shop.bantam.ch\\\/fr\\\/#\\\/schema\\\/logo\\\/image\\\/\"}}]}<\/script>\n<!-- \/ Yoast SEO plugin. -->","yoast_head_json":{"title":"Huile ch. Petec Fl. compte-g. Wet Lube Contenance 100\u00a0ml - Bantam Wankm\u00fcller SA","robots":{"index":"index","follow":"follow","max-snippet":"max-snippet:-1","max-image-preview":"max-image-preview:large","max-video-preview":"max-video-preview:-1"},"canonical":"https:\/\/shop.bantam.ch\/fr\/produit\/huile-ch-petec-fl-compte-g-wet-lube-contenance-100-ml\/","og_locale":"fr_FR","og_type":"article","og_title":"Huile ch. Petec Fl. compte-g. Wet Lube Contenance 100\u00a0ml - Bantam Wankm\u00fcller SA","og_description":"Huile pour cha\u00eenes pour la lubrification des cha\u00eenes de transmission. \u00c9galement pour la lubrification des articulations, des raccords viss\u00e9s, des fermetures rapides, des pinces, du rail de selle et des pi\u00e8ces mobiles du v\u00e9lo. Convient parfaitement pour le v\u00e9lo et le v\u00e9lo \u00e9lectrique dans le domaine de la m\u00e9canique des deux roues, de l&rsquo;artisanat et [&hellip;]","og_url":"https:\/\/shop.bantam.ch\/fr\/produit\/huile-ch-petec-fl-compte-g-wet-lube-contenance-100-ml\/","og_site_name":"Bantam Wankm\u00fcller SA","article_modified_time":"2026-04-21T21:07:35+00:00","og_image":[{"width":227,"height":1000,"url":"https:\/\/shop.bantam.ch\/wp-content\/uploads\/2024\/05\/Movera-L-9949146100.jpg","type":"image\/jpeg"}],"twitter_card":"summary_large_image","twitter_misc":{"Dur\u00e9e de lecture estim\u00e9e":"1 minute"},"schema":{"@context":"https:\/\/schema.org","@graph":[{"@type":"WebPage","@id":"https:\/\/shop.bantam.ch\/fr\/produit\/huile-ch-petec-fl-compte-g-wet-lube-contenance-100-ml\/","url":"https:\/\/shop.bantam.ch\/fr\/produit\/huile-ch-petec-fl-compte-g-wet-lube-contenance-100-ml\/","name":"Huile ch. Petec Fl. compte-g. Wet Lube Contenance 100\u00a0ml - Bantam Wankm\u00fcller SA","isPartOf":{"@id":"https:\/\/shop.bantam.ch\/fr\/#website"},"primaryImageOfPage":{"@id":"https:\/\/shop.bantam.ch\/fr\/produit\/huile-ch-petec-fl-compte-g-wet-lube-contenance-100-ml\/#primaryimage"},"image":{"@id":"https:\/\/shop.bantam.ch\/fr\/produit\/huile-ch-petec-fl-compte-g-wet-lube-contenance-100-ml\/#primaryimage"},"thumbnailUrl":"https:\/\/shop.bantam.ch\/wp-content\/uploads\/2024\/09\/Movera-L-9949146100.jpg","datePublished":"2024-05-15T13:20:09+00:00","dateModified":"2026-04-21T21:07:35+00:00","breadcrumb":{"@id":"https:\/\/shop.bantam.ch\/fr\/produit\/huile-ch-petec-fl-compte-g-wet-lube-contenance-100-ml\/#breadcrumb"},"inLanguage":"fr-FR","potentialAction":[{"@type":"ReadAction","target":["https:\/\/shop.bantam.ch\/fr\/produit\/huile-ch-petec-fl-compte-g-wet-lube-contenance-100-ml\/"]}]},{"@type":"ImageObject","inLanguage":"fr-FR","@id":"https:\/\/shop.bantam.ch\/fr\/produit\/huile-ch-petec-fl-compte-g-wet-lube-contenance-100-ml\/#primaryimage","url":"https:\/\/shop.bantam.ch\/wp-content\/uploads\/2024\/09\/Movera-L-9949146100.jpg","contentUrl":"https:\/\/shop.bantam.ch\/wp-content\/uploads\/2024\/09\/Movera-L-9949146100.jpg","width":227,"height":1000},{"@type":"BreadcrumbList","@id":"https:\/\/shop.bantam.ch\/fr\/produit\/huile-ch-petec-fl-compte-g-wet-lube-contenance-100-ml\/#breadcrumb","itemListElement":[{"@type":"ListItem","position":1,"name":"Accueil","item":"https:\/\/shop.bantam.ch\/fr\/"},{"@type":"ListItem","position":2,"name":"Boutique","item":"https:\/\/shop.bantam.ch\/fr\/boutique\/"},{"@type":"ListItem","position":3,"name":"Huile ch. Petec Fl. compte-g. Wet Lube Contenance 100\u00a0ml"}]},{"@type":"WebSite","@id":"https:\/\/shop.bantam.ch\/fr\/#website","url":"https:\/\/shop.bantam.ch\/fr\/","name":"Bantam Wankm\u00fcller SA","description":"","publisher":{"@id":"https:\/\/shop.bantam.ch\/fr\/#organization"},"inLanguage":"fr-FR"},{"@type":"Organization","@id":"https:\/\/shop.bantam.ch\/fr\/#organization","name":"Bantam Wankm\u00fcller SA","url":"https:\/\/shop.bantam.ch\/fr\/","logo":{"@type":"ImageObject","inLanguage":"fr-FR","@id":"https:\/\/shop.bantam.ch\/fr\/#\/schema\/logo\/image\/","url":"https:\/\/shop.bantam.ch\/wp-content\/uploads\/2022\/12\/bantam-logo.png","contentUrl":"https:\/\/shop.bantam.ch\/wp-content\/uploads\/2022\/12\/bantam-logo.png","width":320,"height":71,"caption":"Bantam Wankm\u00fcller SA"},"image":{"@id":"https:\/\/shop.bantam.ch\/fr\/#\/schema\/logo\/image\/"}}]}},"_links":{"self":[{"href":"https:\/\/shop.bantam.ch\/fr\/wp-json\/wp\/v2\/product\/194980","targetHints":{"allow":["GET"]}}],"collection":[{"href":"https:\/\/shop.bantam.ch\/fr\/wp-json\/wp\/v2\/product"}],"about":[{"href":"https:\/\/shop.bantam.ch\/fr\/wp-json\/wp\/v2\/types\/product"}],"wp:featuredmedia":[{"embeddable":true,"href":"https:\/\/shop.bantam.ch\/fr\/wp-json\/wp\/v2\/media\/206558"}],"wp:attachment":[{"href":"https:\/\/shop.bantam.ch\/fr\/wp-json\/wp\/v2\/media?parent=194980"}],"wp:term":[{"taxonomy":"product_featured_cat","embeddable":true,"href":"https:\/\/shop.bantam.ch\/fr\/wp-json\/wp\/v2\/product_featured_cat?post=194980"},{"taxonomy":"product_brand","embeddable":true,"href":"https:\/\/shop.bantam.ch\/fr\/wp-json\/wp\/v2\/product_brand?post=194980"},{"taxonomy":"product_cat","embeddable":true,"href":"https:\/\/shop.bantam.ch\/fr\/wp-json\/wp\/v2\/product_cat?post=194980"},{"taxonomy":"product_tag","embeddable":true,"href":"https:\/\/shop.bantam.ch\/fr\/wp-json\/wp\/v2\/product_tag?post=194980"}],"curies":[{"name":"wp","href":"https:\/\/api.w.org\/{rel}","templated":true}]}}