{"id":194902,"date":"2024-05-15T15:17:59","date_gmt":"2024-05-15T13:17:59","guid":{"rendered":"https:\/\/shop.bantam.ch\/produit\/jauge-numer-charge-verticale-atsensotec-stb-400-kg-argente-noir\/"},"modified":"2026-04-21T23:07:20","modified_gmt":"2026-04-21T21:07:20","slug":"jauge-numer-charge-verticale-atsensotec-stb-400-kg-argente-noir","status":"publish","type":"product","link":"https:\/\/shop.bantam.ch\/fr\/produit\/jauge-numer-charge-verticale-atsensotec-stb-400-kg-argente-noir\/","title":{"rendered":"Jauge num\u00e9r charge verticale ATSensoTec STB 400\u00a0kg Argent\u00e9\/noir"},"content":{"rendered":"<p>La balance de charge verticale convainc par son concept bien pens\u00e9 et son ex\u00e9cution stable et durable. Avec une manipulation s\u00fbre et simple ainsi qu&rsquo;un r\u00e9glage de la hauteur pour des r\u00e9sultats de mesure corrects. Avec une d\u00e9termination s\u00fbre de la charge d&rsquo;appui pour votre s\u00e9curit\u00e9 au volant.<\/p>\n<p>&nbsp;<\/p>\n<p>Caract\u00e9ristiques:<\/p>\n<ul>\n<li>Contr\u00f4le permanent de la charge d&rsquo;appui pendant tout le processus de chargement<\/li>\n<p>.<\/p>\n<li>Plus besoin de mesurer et de transborder plusieurs fois<\/li>\n<p>.<\/p>\n<li>Une manipulation simple<\/li>\n<p>.<\/p>\n<li>Valeurs de mesure pr\u00e9cises<\/li>\n<li>Conception stable et durable<\/li>\n<li>En option : affichage suppl\u00e9mentaire par Bluetooth et APP<\/li>\n<p>.<\/p>\n<li>La seule balance de charge verticale sur le march\u00e9 pour les remorques tandem&nbsp;&amp;nbsp ; &nbsp;<\/li>\n<li>Tol\u00e9rance de mesure : +\/- 3%<\/li>\n<li>Pied articul\u00e9 : rev\u00eatement en caoutchouc antid\u00e9rapant<\/li>\n<li>Possibilit\u00e9 de chargement : Micro USB<\/li>\n<li>Diam\u00e8tre de la t\u00eate sph\u00e9rique : 50 mm<\/li>\n<li>La balance de charge verticale est calibr\u00e9e en usine<\/li>\n<p>.\n<\/ul>\n","protected":false},"excerpt":{"rendered":"<p>La balance de charge verticale convainc par son concept bien pens\u00e9 et son ex\u00e9cution stable et durable. Avec une manipulation s\u00fbre et simple ainsi qu&rsquo;un r\u00e9glage de la hauteur pour des r\u00e9sultats de mesure corrects. Avec une d\u00e9termination s\u00fbre de la charge d&rsquo;appui pour votre s\u00e9curit\u00e9 au volant. &nbsp; Caract\u00e9ristiques: Contr\u00f4le permanent de la charge [&hellip;]<\/p>\n","protected":false},"featured_media":206538,"template":"","meta":{"_acf_changed":false},"product_featured_cat":[],"product_brand":[3376],"product_cat":[4823],"product_tag":[],"class_list":{"0":"post-194902","1":"product","2":"type-product","3":"status-publish","4":"has-post-thumbnail","6":"product_brand-atsensotec","7":"product_cat-balances-de-charge-dappui","9":"first","10":"instock","11":"taxable","12":"shipping-taxable","13":"purchasable","14":"product-type-simple"},"acf":[],"yoast_head":"<!-- This site is optimized with the Yoast SEO plugin v27.4 - https:\/\/yoast.com\/product\/yoast-seo-wordpress\/ -->\n<title>Jauge num\u00e9r charge verticale ATSensoTec STB 400\u00a0kg Argent\u00e9\/noir - Bantam Wankm\u00fcller SA<\/title>\n<meta name=\"robots\" content=\"index, follow, max-snippet:-1, max-image-preview:large, max-video-preview:-1\" \/>\n<link rel=\"canonical\" href=\"https:\/\/shop.bantam.ch\/fr\/produit\/jauge-numer-charge-verticale-atsensotec-stb-400-kg-argente-noir\/\" \/>\n<meta property=\"og:locale\" content=\"fr_FR\" \/>\n<meta property=\"og:type\" content=\"article\" \/>\n<meta property=\"og:title\" content=\"Jauge num\u00e9r charge verticale ATSensoTec STB 400\u00a0kg Argent\u00e9\/noir - Bantam Wankm\u00fcller SA\" \/>\n<meta property=\"og:description\" content=\"La balance de charge verticale convainc par son concept bien pens\u00e9 et son ex\u00e9cution stable et durable. Avec une manipulation s\u00fbre et simple ainsi qu&rsquo;un r\u00e9glage de la hauteur pour des r\u00e9sultats de mesure corrects. Avec une d\u00e9termination s\u00fbre de la charge d&rsquo;appui pour votre s\u00e9curit\u00e9 au volant. &nbsp; Caract\u00e9ristiques: Contr\u00f4le permanent de la charge [&hellip;]\" \/>\n<meta property=\"og:url\" content=\"https:\/\/shop.bantam.ch\/fr\/produit\/jauge-numer-charge-verticale-atsensotec-stb-400-kg-argente-noir\/\" \/>\n<meta property=\"og:site_name\" content=\"Bantam Wankm\u00fcller SA\" \/>\n<meta property=\"article:modified_time\" content=\"2026-04-21T21:07:20+00:00\" \/>\n<meta property=\"og:image\" content=\"https:\/\/shop.bantam.ch\/wp-content\/uploads\/2024\/05\/Movera-L-9949121100.jpg\" \/>\n\t<meta property=\"og:image:width\" content=\"640\" \/>\n\t<meta property=\"og:image:height\" content=\"853\" \/>\n\t<meta property=\"og:image:type\" content=\"image\/jpeg\" \/>\n<meta name=\"twitter:card\" content=\"summary_large_image\" \/>\n<meta name=\"twitter:label1\" content=\"Dur\u00e9e de lecture estim\u00e9e\" \/>\n\t<meta name=\"twitter:data1\" content=\"1 minute\" \/>\n<script type=\"application\/ld+json\" class=\"yoast-schema-graph\">{\"@context\":\"https:\\\/\\\/schema.org\",\"@graph\":[{\"@type\":\"WebPage\",\"@id\":\"https:\\\/\\\/shop.bantam.ch\\\/fr\\\/produit\\\/jauge-numer-charge-verticale-atsensotec-stb-400-kg-argente-noir\\\/\",\"url\":\"https:\\\/\\\/shop.bantam.ch\\\/fr\\\/produit\\\/jauge-numer-charge-verticale-atsensotec-stb-400-kg-argente-noir\\\/\",\"name\":\"Jauge num\u00e9r charge verticale ATSensoTec STB 400\u00a0kg Argent\u00e9\\\/noir - Bantam Wankm\u00fcller SA\",\"isPartOf\":{\"@id\":\"https:\\\/\\\/shop.bantam.ch\\\/fr\\\/#website\"},\"primaryImageOfPage\":{\"@id\":\"https:\\\/\\\/shop.bantam.ch\\\/fr\\\/produit\\\/jauge-numer-charge-verticale-atsensotec-stb-400-kg-argente-noir\\\/#primaryimage\"},\"image\":{\"@id\":\"https:\\\/\\\/shop.bantam.ch\\\/fr\\\/produit\\\/jauge-numer-charge-verticale-atsensotec-stb-400-kg-argente-noir\\\/#primaryimage\"},\"thumbnailUrl\":\"https:\\\/\\\/shop.bantam.ch\\\/wp-content\\\/uploads\\\/2024\\\/09\\\/Movera-L-9949121100.jpg\",\"datePublished\":\"2024-05-15T13:17:59+00:00\",\"dateModified\":\"2026-04-21T21:07:20+00:00\",\"breadcrumb\":{\"@id\":\"https:\\\/\\\/shop.bantam.ch\\\/fr\\\/produit\\\/jauge-numer-charge-verticale-atsensotec-stb-400-kg-argente-noir\\\/#breadcrumb\"},\"inLanguage\":\"fr-FR\",\"potentialAction\":[{\"@type\":\"ReadAction\",\"target\":[\"https:\\\/\\\/shop.bantam.ch\\\/fr\\\/produit\\\/jauge-numer-charge-verticale-atsensotec-stb-400-kg-argente-noir\\\/\"]}]},{\"@type\":\"ImageObject\",\"inLanguage\":\"fr-FR\",\"@id\":\"https:\\\/\\\/shop.bantam.ch\\\/fr\\\/produit\\\/jauge-numer-charge-verticale-atsensotec-stb-400-kg-argente-noir\\\/#primaryimage\",\"url\":\"https:\\\/\\\/shop.bantam.ch\\\/wp-content\\\/uploads\\\/2024\\\/09\\\/Movera-L-9949121100.jpg\",\"contentUrl\":\"https:\\\/\\\/shop.bantam.ch\\\/wp-content\\\/uploads\\\/2024\\\/09\\\/Movera-L-9949121100.jpg\",\"width\":640,\"height\":853},{\"@type\":\"BreadcrumbList\",\"@id\":\"https:\\\/\\\/shop.bantam.ch\\\/fr\\\/produit\\\/jauge-numer-charge-verticale-atsensotec-stb-400-kg-argente-noir\\\/#breadcrumb\",\"itemListElement\":[{\"@type\":\"ListItem\",\"position\":1,\"name\":\"Accueil\",\"item\":\"https:\\\/\\\/shop.bantam.ch\\\/fr\\\/\"},{\"@type\":\"ListItem\",\"position\":2,\"name\":\"Boutique\",\"item\":\"https:\\\/\\\/shop.bantam.ch\\\/fr\\\/boutique\\\/\"},{\"@type\":\"ListItem\",\"position\":3,\"name\":\"Jauge num\u00e9r charge verticale ATSensoTec STB 400\u00a0kg Argent\u00e9\\\/noir\"}]},{\"@type\":\"WebSite\",\"@id\":\"https:\\\/\\\/shop.bantam.ch\\\/fr\\\/#website\",\"url\":\"https:\\\/\\\/shop.bantam.ch\\\/fr\\\/\",\"name\":\"Bantam Wankm\u00fcller SA\",\"description\":\"\",\"publisher\":{\"@id\":\"https:\\\/\\\/shop.bantam.ch\\\/fr\\\/#organization\"},\"inLanguage\":\"fr-FR\"},{\"@type\":\"Organization\",\"@id\":\"https:\\\/\\\/shop.bantam.ch\\\/fr\\\/#organization\",\"name\":\"Bantam Wankm\u00fcller SA\",\"url\":\"https:\\\/\\\/shop.bantam.ch\\\/fr\\\/\",\"logo\":{\"@type\":\"ImageObject\",\"inLanguage\":\"fr-FR\",\"@id\":\"https:\\\/\\\/shop.bantam.ch\\\/fr\\\/#\\\/schema\\\/logo\\\/image\\\/\",\"url\":\"https:\\\/\\\/shop.bantam.ch\\\/wp-content\\\/uploads\\\/2022\\\/12\\\/bantam-logo.png\",\"contentUrl\":\"https:\\\/\\\/shop.bantam.ch\\\/wp-content\\\/uploads\\\/2022\\\/12\\\/bantam-logo.png\",\"width\":320,\"height\":71,\"caption\":\"Bantam Wankm\u00fcller SA\"},\"image\":{\"@id\":\"https:\\\/\\\/shop.bantam.ch\\\/fr\\\/#\\\/schema\\\/logo\\\/image\\\/\"}}]}<\/script>\n<!-- \/ Yoast SEO plugin. -->","yoast_head_json":{"title":"Jauge num\u00e9r charge verticale ATSensoTec STB 400\u00a0kg Argent\u00e9\/noir - Bantam Wankm\u00fcller SA","robots":{"index":"index","follow":"follow","max-snippet":"max-snippet:-1","max-image-preview":"max-image-preview:large","max-video-preview":"max-video-preview:-1"},"canonical":"https:\/\/shop.bantam.ch\/fr\/produit\/jauge-numer-charge-verticale-atsensotec-stb-400-kg-argente-noir\/","og_locale":"fr_FR","og_type":"article","og_title":"Jauge num\u00e9r charge verticale ATSensoTec STB 400\u00a0kg Argent\u00e9\/noir - Bantam Wankm\u00fcller SA","og_description":"La balance de charge verticale convainc par son concept bien pens\u00e9 et son ex\u00e9cution stable et durable. Avec une manipulation s\u00fbre et simple ainsi qu&rsquo;un r\u00e9glage de la hauteur pour des r\u00e9sultats de mesure corrects. Avec une d\u00e9termination s\u00fbre de la charge d&rsquo;appui pour votre s\u00e9curit\u00e9 au volant. &nbsp; Caract\u00e9ristiques: Contr\u00f4le permanent de la charge [&hellip;]","og_url":"https:\/\/shop.bantam.ch\/fr\/produit\/jauge-numer-charge-verticale-atsensotec-stb-400-kg-argente-noir\/","og_site_name":"Bantam Wankm\u00fcller SA","article_modified_time":"2026-04-21T21:07:20+00:00","og_image":[{"width":640,"height":853,"url":"https:\/\/shop.bantam.ch\/wp-content\/uploads\/2024\/05\/Movera-L-9949121100.jpg","type":"image\/jpeg"}],"twitter_card":"summary_large_image","twitter_misc":{"Dur\u00e9e de lecture estim\u00e9e":"1 minute"},"schema":{"@context":"https:\/\/schema.org","@graph":[{"@type":"WebPage","@id":"https:\/\/shop.bantam.ch\/fr\/produit\/jauge-numer-charge-verticale-atsensotec-stb-400-kg-argente-noir\/","url":"https:\/\/shop.bantam.ch\/fr\/produit\/jauge-numer-charge-verticale-atsensotec-stb-400-kg-argente-noir\/","name":"Jauge num\u00e9r charge verticale ATSensoTec STB 400\u00a0kg Argent\u00e9\/noir - Bantam Wankm\u00fcller SA","isPartOf":{"@id":"https:\/\/shop.bantam.ch\/fr\/#website"},"primaryImageOfPage":{"@id":"https:\/\/shop.bantam.ch\/fr\/produit\/jauge-numer-charge-verticale-atsensotec-stb-400-kg-argente-noir\/#primaryimage"},"image":{"@id":"https:\/\/shop.bantam.ch\/fr\/produit\/jauge-numer-charge-verticale-atsensotec-stb-400-kg-argente-noir\/#primaryimage"},"thumbnailUrl":"https:\/\/shop.bantam.ch\/wp-content\/uploads\/2024\/09\/Movera-L-9949121100.jpg","datePublished":"2024-05-15T13:17:59+00:00","dateModified":"2026-04-21T21:07:20+00:00","breadcrumb":{"@id":"https:\/\/shop.bantam.ch\/fr\/produit\/jauge-numer-charge-verticale-atsensotec-stb-400-kg-argente-noir\/#breadcrumb"},"inLanguage":"fr-FR","potentialAction":[{"@type":"ReadAction","target":["https:\/\/shop.bantam.ch\/fr\/produit\/jauge-numer-charge-verticale-atsensotec-stb-400-kg-argente-noir\/"]}]},{"@type":"ImageObject","inLanguage":"fr-FR","@id":"https:\/\/shop.bantam.ch\/fr\/produit\/jauge-numer-charge-verticale-atsensotec-stb-400-kg-argente-noir\/#primaryimage","url":"https:\/\/shop.bantam.ch\/wp-content\/uploads\/2024\/09\/Movera-L-9949121100.jpg","contentUrl":"https:\/\/shop.bantam.ch\/wp-content\/uploads\/2024\/09\/Movera-L-9949121100.jpg","width":640,"height":853},{"@type":"BreadcrumbList","@id":"https:\/\/shop.bantam.ch\/fr\/produit\/jauge-numer-charge-verticale-atsensotec-stb-400-kg-argente-noir\/#breadcrumb","itemListElement":[{"@type":"ListItem","position":1,"name":"Accueil","item":"https:\/\/shop.bantam.ch\/fr\/"},{"@type":"ListItem","position":2,"name":"Boutique","item":"https:\/\/shop.bantam.ch\/fr\/boutique\/"},{"@type":"ListItem","position":3,"name":"Jauge num\u00e9r charge verticale ATSensoTec STB 400\u00a0kg Argent\u00e9\/noir"}]},{"@type":"WebSite","@id":"https:\/\/shop.bantam.ch\/fr\/#website","url":"https:\/\/shop.bantam.ch\/fr\/","name":"Bantam Wankm\u00fcller SA","description":"","publisher":{"@id":"https:\/\/shop.bantam.ch\/fr\/#organization"},"inLanguage":"fr-FR"},{"@type":"Organization","@id":"https:\/\/shop.bantam.ch\/fr\/#organization","name":"Bantam Wankm\u00fcller SA","url":"https:\/\/shop.bantam.ch\/fr\/","logo":{"@type":"ImageObject","inLanguage":"fr-FR","@id":"https:\/\/shop.bantam.ch\/fr\/#\/schema\/logo\/image\/","url":"https:\/\/shop.bantam.ch\/wp-content\/uploads\/2022\/12\/bantam-logo.png","contentUrl":"https:\/\/shop.bantam.ch\/wp-content\/uploads\/2022\/12\/bantam-logo.png","width":320,"height":71,"caption":"Bantam Wankm\u00fcller SA"},"image":{"@id":"https:\/\/shop.bantam.ch\/fr\/#\/schema\/logo\/image\/"}}]}},"_links":{"self":[{"href":"https:\/\/shop.bantam.ch\/fr\/wp-json\/wp\/v2\/product\/194902","targetHints":{"allow":["GET"]}}],"collection":[{"href":"https:\/\/shop.bantam.ch\/fr\/wp-json\/wp\/v2\/product"}],"about":[{"href":"https:\/\/shop.bantam.ch\/fr\/wp-json\/wp\/v2\/types\/product"}],"wp:featuredmedia":[{"embeddable":true,"href":"https:\/\/shop.bantam.ch\/fr\/wp-json\/wp\/v2\/media\/206538"}],"wp:attachment":[{"href":"https:\/\/shop.bantam.ch\/fr\/wp-json\/wp\/v2\/media?parent=194902"}],"wp:term":[{"taxonomy":"product_featured_cat","embeddable":true,"href":"https:\/\/shop.bantam.ch\/fr\/wp-json\/wp\/v2\/product_featured_cat?post=194902"},{"taxonomy":"product_brand","embeddable":true,"href":"https:\/\/shop.bantam.ch\/fr\/wp-json\/wp\/v2\/product_brand?post=194902"},{"taxonomy":"product_cat","embeddable":true,"href":"https:\/\/shop.bantam.ch\/fr\/wp-json\/wp\/v2\/product_cat?post=194902"},{"taxonomy":"product_tag","embeddable":true,"href":"https:\/\/shop.bantam.ch\/fr\/wp-json\/wp\/v2\/product_tag?post=194902"}],"curies":[{"name":"wp","href":"https:\/\/api.w.org\/{rel}","templated":true}]}}