{"id":194828,"date":"2024-05-15T15:16:10","date_gmt":"2024-05-15T13:16:10","guid":{"rendered":"https:\/\/shop.bantam.ch\/produit\/systeme-de-manoeuvre-truma-mover-smart-a4\/"},"modified":"2026-04-17T23:03:32","modified_gmt":"2026-04-17T21:03:32","slug":"systeme-de-manoeuvre-truma-mover-smart-a4","status":"publish","type":"product","link":"https:\/\/shop.bantam.ch\/fr\/produit\/systeme-de-manoeuvre-truma-mover-smart-a4\/","title":{"rendered":"Syst\u00e8me de man\u0153uvre Truma Mover Smart A4"},"content":{"rendered":"<p>Le Mover smart est le mod\u00e8le de classe moyenne parmi les aides \u00e0 la man\u0153uvre. Il marque des points gr\u00e2ce \u00e0 son rapport qualit\u00e9\/prix convaincant &#8211; avec la qualit\u00e9 Truma \u00e9prouv\u00e9e.<br \/>\nPour les essieux tandem jusqu&rsquo;\u00e0 2800 kg, man\u0153uvrer de mani\u00e8re souveraine et pivoter automatiquement vers l&rsquo;avant et l&rsquo;arri\u00e8re en appuyant sur un bouton. Pour les caravanes \u00e0 deux essieux jusqu&rsquo;\u00e0 2800 kg de poids total.<\/p>\n<ul>\n<li>Consommation maximale de courant : 150 A<\/li>\n<li>Consommation moyenne de courant : 60 A<\/li>\n<\/ul>\n<p>Contenu de la livraison :<br \/>\nInclus 4x unit\u00e9s d&rsquo;entra\u00eenement Mover smart A (gauche, droite, avant, arri\u00e8re).<\/p>\n<p>T\u00e9l\u00e9commande<\/p>\n<p>Commande du mover<\/p>\n<p>C\u00e2ble de raccordement<\/p>\n<p>Pi\u00e8ces de fixation<\/p>\n","protected":false},"excerpt":{"rendered":"<p>Le Mover smart est le mod\u00e8le de classe moyenne parmi les aides \u00e0 la man\u0153uvre. Il marque des points gr\u00e2ce \u00e0 son rapport qualit\u00e9\/prix convaincant &#8211; avec la qualit\u00e9 Truma \u00e9prouv\u00e9e. Pour les essieux tandem jusqu&rsquo;\u00e0 2800 kg, man\u0153uvrer de mani\u00e8re souveraine et pivoter automatiquement vers l&rsquo;avant et l&rsquo;arri\u00e8re en appuyant sur un bouton. Pour [&hellip;]<\/p>\n","protected":false},"featured_media":206512,"template":"","meta":{"_acf_changed":false},"product_featured_cat":[],"product_brand":[3026],"product_cat":[4821],"product_tag":[],"class_list":{"0":"post-194828","1":"product","2":"type-product","3":"status-publish","4":"has-post-thumbnail","6":"product_brand-truma","7":"product_cat-aide-a-la-manoeuvre","9":"first","10":"instock","11":"taxable","12":"shipping-taxable","13":"purchasable","14":"product-type-simple"},"acf":[],"yoast_head":"<!-- This site is optimized with the Yoast SEO plugin v27.4 - https:\/\/yoast.com\/product\/yoast-seo-wordpress\/ -->\n<title>Syst\u00e8me de man\u0153uvre Truma Mover Smart A4 - Bantam Wankm\u00fcller SA<\/title>\n<meta name=\"robots\" content=\"index, follow, max-snippet:-1, max-image-preview:large, max-video-preview:-1\" \/>\n<link rel=\"canonical\" href=\"https:\/\/shop.bantam.ch\/fr\/produit\/systeme-de-manoeuvre-truma-mover-smart-a4\/\" \/>\n<meta property=\"og:locale\" content=\"fr_FR\" \/>\n<meta property=\"og:type\" content=\"article\" \/>\n<meta property=\"og:title\" content=\"Syst\u00e8me de man\u0153uvre Truma Mover Smart A4 - Bantam Wankm\u00fcller SA\" \/>\n<meta property=\"og:description\" content=\"Le Mover smart est le mod\u00e8le de classe moyenne parmi les aides \u00e0 la man\u0153uvre. Il marque des points gr\u00e2ce \u00e0 son rapport qualit\u00e9\/prix convaincant &#8211; avec la qualit\u00e9 Truma \u00e9prouv\u00e9e. Pour les essieux tandem jusqu&rsquo;\u00e0 2800 kg, man\u0153uvrer de mani\u00e8re souveraine et pivoter automatiquement vers l&rsquo;avant et l&rsquo;arri\u00e8re en appuyant sur un bouton. Pour [&hellip;]\" \/>\n<meta property=\"og:url\" content=\"https:\/\/shop.bantam.ch\/fr\/produit\/systeme-de-manoeuvre-truma-mover-smart-a4\/\" \/>\n<meta property=\"og:site_name\" content=\"Bantam Wankm\u00fcller SA\" \/>\n<meta property=\"article:modified_time\" content=\"2026-04-17T21:03:32+00:00\" \/>\n<meta property=\"og:image\" content=\"https:\/\/shop.bantam.ch\/wp-content\/uploads\/2024\/05\/Movera-L-9949075100.jpg\" \/>\n\t<meta property=\"og:image:width\" content=\"640\" \/>\n\t<meta property=\"og:image:height\" content=\"432\" \/>\n\t<meta property=\"og:image:type\" content=\"image\/jpeg\" \/>\n<meta name=\"twitter:card\" content=\"summary_large_image\" \/>\n<meta name=\"twitter:label1\" content=\"Dur\u00e9e de lecture estim\u00e9e\" \/>\n\t<meta name=\"twitter:data1\" content=\"1 minute\" \/>\n<script type=\"application\/ld+json\" class=\"yoast-schema-graph\">{\"@context\":\"https:\\\/\\\/schema.org\",\"@graph\":[{\"@type\":\"WebPage\",\"@id\":\"https:\\\/\\\/shop.bantam.ch\\\/fr\\\/produit\\\/systeme-de-manoeuvre-truma-mover-smart-a4\\\/\",\"url\":\"https:\\\/\\\/shop.bantam.ch\\\/fr\\\/produit\\\/systeme-de-manoeuvre-truma-mover-smart-a4\\\/\",\"name\":\"Syst\u00e8me de man\u0153uvre Truma Mover Smart A4 - Bantam Wankm\u00fcller SA\",\"isPartOf\":{\"@id\":\"https:\\\/\\\/shop.bantam.ch\\\/fr\\\/#website\"},\"primaryImageOfPage\":{\"@id\":\"https:\\\/\\\/shop.bantam.ch\\\/fr\\\/produit\\\/systeme-de-manoeuvre-truma-mover-smart-a4\\\/#primaryimage\"},\"image\":{\"@id\":\"https:\\\/\\\/shop.bantam.ch\\\/fr\\\/produit\\\/systeme-de-manoeuvre-truma-mover-smart-a4\\\/#primaryimage\"},\"thumbnailUrl\":\"https:\\\/\\\/shop.bantam.ch\\\/wp-content\\\/uploads\\\/2024\\\/09\\\/Movera-L-9949075100.jpg\",\"datePublished\":\"2024-05-15T13:16:10+00:00\",\"dateModified\":\"2026-04-17T21:03:32+00:00\",\"breadcrumb\":{\"@id\":\"https:\\\/\\\/shop.bantam.ch\\\/fr\\\/produit\\\/systeme-de-manoeuvre-truma-mover-smart-a4\\\/#breadcrumb\"},\"inLanguage\":\"fr-FR\",\"potentialAction\":[{\"@type\":\"ReadAction\",\"target\":[\"https:\\\/\\\/shop.bantam.ch\\\/fr\\\/produit\\\/systeme-de-manoeuvre-truma-mover-smart-a4\\\/\"]}]},{\"@type\":\"ImageObject\",\"inLanguage\":\"fr-FR\",\"@id\":\"https:\\\/\\\/shop.bantam.ch\\\/fr\\\/produit\\\/systeme-de-manoeuvre-truma-mover-smart-a4\\\/#primaryimage\",\"url\":\"https:\\\/\\\/shop.bantam.ch\\\/wp-content\\\/uploads\\\/2024\\\/09\\\/Movera-L-9949075100.jpg\",\"contentUrl\":\"https:\\\/\\\/shop.bantam.ch\\\/wp-content\\\/uploads\\\/2024\\\/09\\\/Movera-L-9949075100.jpg\",\"width\":640,\"height\":432},{\"@type\":\"BreadcrumbList\",\"@id\":\"https:\\\/\\\/shop.bantam.ch\\\/fr\\\/produit\\\/systeme-de-manoeuvre-truma-mover-smart-a4\\\/#breadcrumb\",\"itemListElement\":[{\"@type\":\"ListItem\",\"position\":1,\"name\":\"Accueil\",\"item\":\"https:\\\/\\\/shop.bantam.ch\\\/fr\\\/\"},{\"@type\":\"ListItem\",\"position\":2,\"name\":\"Boutique\",\"item\":\"https:\\\/\\\/shop.bantam.ch\\\/fr\\\/boutique\\\/\"},{\"@type\":\"ListItem\",\"position\":3,\"name\":\"Syst\u00e8me de man\u0153uvre Truma Mover Smart A4\"}]},{\"@type\":\"WebSite\",\"@id\":\"https:\\\/\\\/shop.bantam.ch\\\/fr\\\/#website\",\"url\":\"https:\\\/\\\/shop.bantam.ch\\\/fr\\\/\",\"name\":\"Bantam Wankm\u00fcller SA\",\"description\":\"\",\"publisher\":{\"@id\":\"https:\\\/\\\/shop.bantam.ch\\\/fr\\\/#organization\"},\"inLanguage\":\"fr-FR\"},{\"@type\":\"Organization\",\"@id\":\"https:\\\/\\\/shop.bantam.ch\\\/fr\\\/#organization\",\"name\":\"Bantam Wankm\u00fcller SA\",\"url\":\"https:\\\/\\\/shop.bantam.ch\\\/fr\\\/\",\"logo\":{\"@type\":\"ImageObject\",\"inLanguage\":\"fr-FR\",\"@id\":\"https:\\\/\\\/shop.bantam.ch\\\/fr\\\/#\\\/schema\\\/logo\\\/image\\\/\",\"url\":\"https:\\\/\\\/shop.bantam.ch\\\/wp-content\\\/uploads\\\/2022\\\/12\\\/bantam-logo.png\",\"contentUrl\":\"https:\\\/\\\/shop.bantam.ch\\\/wp-content\\\/uploads\\\/2022\\\/12\\\/bantam-logo.png\",\"width\":320,\"height\":71,\"caption\":\"Bantam Wankm\u00fcller SA\"},\"image\":{\"@id\":\"https:\\\/\\\/shop.bantam.ch\\\/fr\\\/#\\\/schema\\\/logo\\\/image\\\/\"}}]}<\/script>\n<!-- \/ Yoast SEO plugin. -->","yoast_head_json":{"title":"Syst\u00e8me de man\u0153uvre Truma Mover Smart A4 - Bantam Wankm\u00fcller SA","robots":{"index":"index","follow":"follow","max-snippet":"max-snippet:-1","max-image-preview":"max-image-preview:large","max-video-preview":"max-video-preview:-1"},"canonical":"https:\/\/shop.bantam.ch\/fr\/produit\/systeme-de-manoeuvre-truma-mover-smart-a4\/","og_locale":"fr_FR","og_type":"article","og_title":"Syst\u00e8me de man\u0153uvre Truma Mover Smart A4 - Bantam Wankm\u00fcller SA","og_description":"Le Mover smart est le mod\u00e8le de classe moyenne parmi les aides \u00e0 la man\u0153uvre. Il marque des points gr\u00e2ce \u00e0 son rapport qualit\u00e9\/prix convaincant &#8211; avec la qualit\u00e9 Truma \u00e9prouv\u00e9e. Pour les essieux tandem jusqu&rsquo;\u00e0 2800 kg, man\u0153uvrer de mani\u00e8re souveraine et pivoter automatiquement vers l&rsquo;avant et l&rsquo;arri\u00e8re en appuyant sur un bouton. Pour [&hellip;]","og_url":"https:\/\/shop.bantam.ch\/fr\/produit\/systeme-de-manoeuvre-truma-mover-smart-a4\/","og_site_name":"Bantam Wankm\u00fcller SA","article_modified_time":"2026-04-17T21:03:32+00:00","og_image":[{"width":640,"height":432,"url":"https:\/\/shop.bantam.ch\/wp-content\/uploads\/2024\/05\/Movera-L-9949075100.jpg","type":"image\/jpeg"}],"twitter_card":"summary_large_image","twitter_misc":{"Dur\u00e9e de lecture estim\u00e9e":"1 minute"},"schema":{"@context":"https:\/\/schema.org","@graph":[{"@type":"WebPage","@id":"https:\/\/shop.bantam.ch\/fr\/produit\/systeme-de-manoeuvre-truma-mover-smart-a4\/","url":"https:\/\/shop.bantam.ch\/fr\/produit\/systeme-de-manoeuvre-truma-mover-smart-a4\/","name":"Syst\u00e8me de man\u0153uvre Truma Mover Smart A4 - Bantam Wankm\u00fcller SA","isPartOf":{"@id":"https:\/\/shop.bantam.ch\/fr\/#website"},"primaryImageOfPage":{"@id":"https:\/\/shop.bantam.ch\/fr\/produit\/systeme-de-manoeuvre-truma-mover-smart-a4\/#primaryimage"},"image":{"@id":"https:\/\/shop.bantam.ch\/fr\/produit\/systeme-de-manoeuvre-truma-mover-smart-a4\/#primaryimage"},"thumbnailUrl":"https:\/\/shop.bantam.ch\/wp-content\/uploads\/2024\/09\/Movera-L-9949075100.jpg","datePublished":"2024-05-15T13:16:10+00:00","dateModified":"2026-04-17T21:03:32+00:00","breadcrumb":{"@id":"https:\/\/shop.bantam.ch\/fr\/produit\/systeme-de-manoeuvre-truma-mover-smart-a4\/#breadcrumb"},"inLanguage":"fr-FR","potentialAction":[{"@type":"ReadAction","target":["https:\/\/shop.bantam.ch\/fr\/produit\/systeme-de-manoeuvre-truma-mover-smart-a4\/"]}]},{"@type":"ImageObject","inLanguage":"fr-FR","@id":"https:\/\/shop.bantam.ch\/fr\/produit\/systeme-de-manoeuvre-truma-mover-smart-a4\/#primaryimage","url":"https:\/\/shop.bantam.ch\/wp-content\/uploads\/2024\/09\/Movera-L-9949075100.jpg","contentUrl":"https:\/\/shop.bantam.ch\/wp-content\/uploads\/2024\/09\/Movera-L-9949075100.jpg","width":640,"height":432},{"@type":"BreadcrumbList","@id":"https:\/\/shop.bantam.ch\/fr\/produit\/systeme-de-manoeuvre-truma-mover-smart-a4\/#breadcrumb","itemListElement":[{"@type":"ListItem","position":1,"name":"Accueil","item":"https:\/\/shop.bantam.ch\/fr\/"},{"@type":"ListItem","position":2,"name":"Boutique","item":"https:\/\/shop.bantam.ch\/fr\/boutique\/"},{"@type":"ListItem","position":3,"name":"Syst\u00e8me de man\u0153uvre Truma Mover Smart A4"}]},{"@type":"WebSite","@id":"https:\/\/shop.bantam.ch\/fr\/#website","url":"https:\/\/shop.bantam.ch\/fr\/","name":"Bantam Wankm\u00fcller SA","description":"","publisher":{"@id":"https:\/\/shop.bantam.ch\/fr\/#organization"},"inLanguage":"fr-FR"},{"@type":"Organization","@id":"https:\/\/shop.bantam.ch\/fr\/#organization","name":"Bantam Wankm\u00fcller SA","url":"https:\/\/shop.bantam.ch\/fr\/","logo":{"@type":"ImageObject","inLanguage":"fr-FR","@id":"https:\/\/shop.bantam.ch\/fr\/#\/schema\/logo\/image\/","url":"https:\/\/shop.bantam.ch\/wp-content\/uploads\/2022\/12\/bantam-logo.png","contentUrl":"https:\/\/shop.bantam.ch\/wp-content\/uploads\/2022\/12\/bantam-logo.png","width":320,"height":71,"caption":"Bantam Wankm\u00fcller SA"},"image":{"@id":"https:\/\/shop.bantam.ch\/fr\/#\/schema\/logo\/image\/"}}]}},"_links":{"self":[{"href":"https:\/\/shop.bantam.ch\/fr\/wp-json\/wp\/v2\/product\/194828","targetHints":{"allow":["GET"]}}],"collection":[{"href":"https:\/\/shop.bantam.ch\/fr\/wp-json\/wp\/v2\/product"}],"about":[{"href":"https:\/\/shop.bantam.ch\/fr\/wp-json\/wp\/v2\/types\/product"}],"wp:featuredmedia":[{"embeddable":true,"href":"https:\/\/shop.bantam.ch\/fr\/wp-json\/wp\/v2\/media\/206512"}],"wp:attachment":[{"href":"https:\/\/shop.bantam.ch\/fr\/wp-json\/wp\/v2\/media?parent=194828"}],"wp:term":[{"taxonomy":"product_featured_cat","embeddable":true,"href":"https:\/\/shop.bantam.ch\/fr\/wp-json\/wp\/v2\/product_featured_cat?post=194828"},{"taxonomy":"product_brand","embeddable":true,"href":"https:\/\/shop.bantam.ch\/fr\/wp-json\/wp\/v2\/product_brand?post=194828"},{"taxonomy":"product_cat","embeddable":true,"href":"https:\/\/shop.bantam.ch\/fr\/wp-json\/wp\/v2\/product_cat?post=194828"},{"taxonomy":"product_tag","embeddable":true,"href":"https:\/\/shop.bantam.ch\/fr\/wp-json\/wp\/v2\/product_tag?post=194828"}],"curies":[{"name":"wp","href":"https:\/\/api.w.org\/{rel}","templated":true}]}}