{"id":194818,"date":"2024-05-15T15:15:57","date_gmt":"2024-05-15T13:15:57","guid":{"rendered":"https:\/\/shop.bantam.ch\/produit\/matelas-froli-pour-vw-grand-california-600\/"},"modified":"2026-04-17T23:03:26","modified_gmt":"2026-04-17T21:03:26","slug":"matelas-froli-pour-vw-grand-california-600","status":"publish","type":"product","link":"https:\/\/shop.bantam.ch\/fr\/produit\/matelas-froli-pour-vw-grand-california-600\/","title":{"rendered":"Matelas froli pour VW Grand California 600"},"content":{"rendered":"<p>\u00c9quipement :<\/p>\n<ul>\n<li>Mousse \u00e0 froid PUR de haute qualit\u00e9 RG=43 kg\/m\u00b3.<\/li>\n<li>R\u00e9sistance \u00e0 l&rsquo;\u00e9crasement 3,1 kPa, moyennement ferme<\/li>\n<li>Produit, enroul\u00e9<\/li>\n<li>Rangement facile gr\u00e2ce aux caoutchoucs de transport<\/li>\n<li>Ponte le matelas original en 3 parties<\/li>\n<li>Housse, lavable \u00e0 30\u00b0C<\/li>\n<li>Conforme aux crit\u00e8res actuels de l&rsquo;automobile<\/li>\n<li>R\u00e9sistant aux flammes<\/li>\n<li>Conforme \u00e0 la norme \u00d6kotex Standard 100<\/li>\n<li>Confort de sommeil sain<\/li>\n<li>Antiallergique<\/li>\n<li>Test\u00e9 sur les substances nocives<\/li>\n<li>Fixation s\u00fbre gr\u00e2ce \u00e0 des \u00e9lastiques de serrage<\/li>\n<\/ul>\n<p>Mat\u00e9riau :<\/p>\n<p>Housse 100 % polyester, face inf\u00e9rieure Air-mesh<\/p>\n","protected":false},"excerpt":{"rendered":"<p>\u00c9quipement : Mousse \u00e0 froid PUR de haute qualit\u00e9 RG=43 kg\/m\u00b3. R\u00e9sistance \u00e0 l&rsquo;\u00e9crasement 3,1 kPa, moyennement ferme Produit, enroul\u00e9 Rangement facile gr\u00e2ce aux caoutchoucs de transport Ponte le matelas original en 3 parties Housse, lavable \u00e0 30\u00b0C Conforme aux crit\u00e8res actuels de l&rsquo;automobile R\u00e9sistant aux flammes Conforme \u00e0 la norme \u00d6kotex Standard 100 Confort [&hellip;]<\/p>\n","protected":false},"featured_media":206508,"template":"","meta":{"_acf_changed":false},"product_featured_cat":[],"product_brand":[3058],"product_cat":[5057],"product_tag":[],"class_list":{"0":"post-194818","1":"product","2":"type-product","3":"status-publish","4":"has-post-thumbnail","6":"product_brand-froli","7":"product_cat-sommiers-a-lattes","9":"first","10":"instock","11":"taxable","12":"shipping-taxable","13":"purchasable","14":"product-type-simple"},"acf":[],"yoast_head":"<!-- This site is optimized with the Yoast SEO plugin v27.4 - https:\/\/yoast.com\/product\/yoast-seo-wordpress\/ -->\n<title>Matelas froli pour VW Grand California 600 - Bantam Wankm\u00fcller SA<\/title>\n<meta name=\"robots\" content=\"index, follow, max-snippet:-1, max-image-preview:large, max-video-preview:-1\" \/>\n<link rel=\"canonical\" href=\"https:\/\/shop.bantam.ch\/fr\/produit\/matelas-froli-pour-vw-grand-california-600\/\" \/>\n<meta property=\"og:locale\" content=\"fr_FR\" \/>\n<meta property=\"og:type\" content=\"article\" \/>\n<meta property=\"og:title\" content=\"Matelas froli pour VW Grand California 600 - Bantam Wankm\u00fcller SA\" \/>\n<meta property=\"og:description\" content=\"\u00c9quipement : Mousse \u00e0 froid PUR de haute qualit\u00e9 RG=43 kg\/m\u00b3. R\u00e9sistance \u00e0 l&rsquo;\u00e9crasement 3,1 kPa, moyennement ferme Produit, enroul\u00e9 Rangement facile gr\u00e2ce aux caoutchoucs de transport Ponte le matelas original en 3 parties Housse, lavable \u00e0 30\u00b0C Conforme aux crit\u00e8res actuels de l&rsquo;automobile R\u00e9sistant aux flammes Conforme \u00e0 la norme \u00d6kotex Standard 100 Confort [&hellip;]\" \/>\n<meta property=\"og:url\" content=\"https:\/\/shop.bantam.ch\/fr\/produit\/matelas-froli-pour-vw-grand-california-600\/\" \/>\n<meta property=\"og:site_name\" content=\"Bantam Wankm\u00fcller SA\" \/>\n<meta property=\"article:modified_time\" content=\"2026-04-17T21:03:26+00:00\" \/>\n<meta property=\"og:image\" content=\"https:\/\/shop.bantam.ch\/wp-content\/uploads\/2024\/05\/Movera-L-9949105100.jpg\" \/>\n\t<meta property=\"og:image:width\" content=\"640\" \/>\n\t<meta property=\"og:image:height\" content=\"436\" \/>\n\t<meta property=\"og:image:type\" content=\"image\/jpeg\" \/>\n<meta name=\"twitter:card\" content=\"summary_large_image\" \/>\n<script type=\"application\/ld+json\" class=\"yoast-schema-graph\">{\"@context\":\"https:\\\/\\\/schema.org\",\"@graph\":[{\"@type\":\"WebPage\",\"@id\":\"https:\\\/\\\/shop.bantam.ch\\\/fr\\\/produit\\\/matelas-froli-pour-vw-grand-california-600\\\/\",\"url\":\"https:\\\/\\\/shop.bantam.ch\\\/fr\\\/produit\\\/matelas-froli-pour-vw-grand-california-600\\\/\",\"name\":\"Matelas froli pour VW Grand California 600 - Bantam Wankm\u00fcller SA\",\"isPartOf\":{\"@id\":\"https:\\\/\\\/shop.bantam.ch\\\/fr\\\/#website\"},\"primaryImageOfPage\":{\"@id\":\"https:\\\/\\\/shop.bantam.ch\\\/fr\\\/produit\\\/matelas-froli-pour-vw-grand-california-600\\\/#primaryimage\"},\"image\":{\"@id\":\"https:\\\/\\\/shop.bantam.ch\\\/fr\\\/produit\\\/matelas-froli-pour-vw-grand-california-600\\\/#primaryimage\"},\"thumbnailUrl\":\"https:\\\/\\\/shop.bantam.ch\\\/wp-content\\\/uploads\\\/2024\\\/09\\\/Movera-L-9949105100.jpg\",\"datePublished\":\"2024-05-15T13:15:57+00:00\",\"dateModified\":\"2026-04-17T21:03:26+00:00\",\"breadcrumb\":{\"@id\":\"https:\\\/\\\/shop.bantam.ch\\\/fr\\\/produit\\\/matelas-froli-pour-vw-grand-california-600\\\/#breadcrumb\"},\"inLanguage\":\"fr-FR\",\"potentialAction\":[{\"@type\":\"ReadAction\",\"target\":[\"https:\\\/\\\/shop.bantam.ch\\\/fr\\\/produit\\\/matelas-froli-pour-vw-grand-california-600\\\/\"]}]},{\"@type\":\"ImageObject\",\"inLanguage\":\"fr-FR\",\"@id\":\"https:\\\/\\\/shop.bantam.ch\\\/fr\\\/produit\\\/matelas-froli-pour-vw-grand-california-600\\\/#primaryimage\",\"url\":\"https:\\\/\\\/shop.bantam.ch\\\/wp-content\\\/uploads\\\/2024\\\/09\\\/Movera-L-9949105100.jpg\",\"contentUrl\":\"https:\\\/\\\/shop.bantam.ch\\\/wp-content\\\/uploads\\\/2024\\\/09\\\/Movera-L-9949105100.jpg\",\"width\":640,\"height\":436},{\"@type\":\"BreadcrumbList\",\"@id\":\"https:\\\/\\\/shop.bantam.ch\\\/fr\\\/produit\\\/matelas-froli-pour-vw-grand-california-600\\\/#breadcrumb\",\"itemListElement\":[{\"@type\":\"ListItem\",\"position\":1,\"name\":\"Accueil\",\"item\":\"https:\\\/\\\/shop.bantam.ch\\\/fr\\\/\"},{\"@type\":\"ListItem\",\"position\":2,\"name\":\"Boutique\",\"item\":\"https:\\\/\\\/shop.bantam.ch\\\/fr\\\/boutique\\\/\"},{\"@type\":\"ListItem\",\"position\":3,\"name\":\"Matelas froli pour VW Grand California 600\"}]},{\"@type\":\"WebSite\",\"@id\":\"https:\\\/\\\/shop.bantam.ch\\\/fr\\\/#website\",\"url\":\"https:\\\/\\\/shop.bantam.ch\\\/fr\\\/\",\"name\":\"Bantam Wankm\u00fcller SA\",\"description\":\"\",\"publisher\":{\"@id\":\"https:\\\/\\\/shop.bantam.ch\\\/fr\\\/#organization\"},\"inLanguage\":\"fr-FR\"},{\"@type\":\"Organization\",\"@id\":\"https:\\\/\\\/shop.bantam.ch\\\/fr\\\/#organization\",\"name\":\"Bantam Wankm\u00fcller SA\",\"url\":\"https:\\\/\\\/shop.bantam.ch\\\/fr\\\/\",\"logo\":{\"@type\":\"ImageObject\",\"inLanguage\":\"fr-FR\",\"@id\":\"https:\\\/\\\/shop.bantam.ch\\\/fr\\\/#\\\/schema\\\/logo\\\/image\\\/\",\"url\":\"https:\\\/\\\/shop.bantam.ch\\\/wp-content\\\/uploads\\\/2022\\\/12\\\/bantam-logo.png\",\"contentUrl\":\"https:\\\/\\\/shop.bantam.ch\\\/wp-content\\\/uploads\\\/2022\\\/12\\\/bantam-logo.png\",\"width\":320,\"height\":71,\"caption\":\"Bantam Wankm\u00fcller SA\"},\"image\":{\"@id\":\"https:\\\/\\\/shop.bantam.ch\\\/fr\\\/#\\\/schema\\\/logo\\\/image\\\/\"}}]}<\/script>\n<!-- \/ Yoast SEO plugin. -->","yoast_head_json":{"title":"Matelas froli pour VW Grand California 600 - Bantam Wankm\u00fcller SA","robots":{"index":"index","follow":"follow","max-snippet":"max-snippet:-1","max-image-preview":"max-image-preview:large","max-video-preview":"max-video-preview:-1"},"canonical":"https:\/\/shop.bantam.ch\/fr\/produit\/matelas-froli-pour-vw-grand-california-600\/","og_locale":"fr_FR","og_type":"article","og_title":"Matelas froli pour VW Grand California 600 - Bantam Wankm\u00fcller SA","og_description":"\u00c9quipement : Mousse \u00e0 froid PUR de haute qualit\u00e9 RG=43 kg\/m\u00b3. R\u00e9sistance \u00e0 l&rsquo;\u00e9crasement 3,1 kPa, moyennement ferme Produit, enroul\u00e9 Rangement facile gr\u00e2ce aux caoutchoucs de transport Ponte le matelas original en 3 parties Housse, lavable \u00e0 30\u00b0C Conforme aux crit\u00e8res actuels de l&rsquo;automobile R\u00e9sistant aux flammes Conforme \u00e0 la norme \u00d6kotex Standard 100 Confort [&hellip;]","og_url":"https:\/\/shop.bantam.ch\/fr\/produit\/matelas-froli-pour-vw-grand-california-600\/","og_site_name":"Bantam Wankm\u00fcller SA","article_modified_time":"2026-04-17T21:03:26+00:00","og_image":[{"width":640,"height":436,"url":"https:\/\/shop.bantam.ch\/wp-content\/uploads\/2024\/05\/Movera-L-9949105100.jpg","type":"image\/jpeg"}],"twitter_card":"summary_large_image","schema":{"@context":"https:\/\/schema.org","@graph":[{"@type":"WebPage","@id":"https:\/\/shop.bantam.ch\/fr\/produit\/matelas-froli-pour-vw-grand-california-600\/","url":"https:\/\/shop.bantam.ch\/fr\/produit\/matelas-froli-pour-vw-grand-california-600\/","name":"Matelas froli pour VW Grand California 600 - Bantam Wankm\u00fcller SA","isPartOf":{"@id":"https:\/\/shop.bantam.ch\/fr\/#website"},"primaryImageOfPage":{"@id":"https:\/\/shop.bantam.ch\/fr\/produit\/matelas-froli-pour-vw-grand-california-600\/#primaryimage"},"image":{"@id":"https:\/\/shop.bantam.ch\/fr\/produit\/matelas-froli-pour-vw-grand-california-600\/#primaryimage"},"thumbnailUrl":"https:\/\/shop.bantam.ch\/wp-content\/uploads\/2024\/09\/Movera-L-9949105100.jpg","datePublished":"2024-05-15T13:15:57+00:00","dateModified":"2026-04-17T21:03:26+00:00","breadcrumb":{"@id":"https:\/\/shop.bantam.ch\/fr\/produit\/matelas-froli-pour-vw-grand-california-600\/#breadcrumb"},"inLanguage":"fr-FR","potentialAction":[{"@type":"ReadAction","target":["https:\/\/shop.bantam.ch\/fr\/produit\/matelas-froli-pour-vw-grand-california-600\/"]}]},{"@type":"ImageObject","inLanguage":"fr-FR","@id":"https:\/\/shop.bantam.ch\/fr\/produit\/matelas-froli-pour-vw-grand-california-600\/#primaryimage","url":"https:\/\/shop.bantam.ch\/wp-content\/uploads\/2024\/09\/Movera-L-9949105100.jpg","contentUrl":"https:\/\/shop.bantam.ch\/wp-content\/uploads\/2024\/09\/Movera-L-9949105100.jpg","width":640,"height":436},{"@type":"BreadcrumbList","@id":"https:\/\/shop.bantam.ch\/fr\/produit\/matelas-froli-pour-vw-grand-california-600\/#breadcrumb","itemListElement":[{"@type":"ListItem","position":1,"name":"Accueil","item":"https:\/\/shop.bantam.ch\/fr\/"},{"@type":"ListItem","position":2,"name":"Boutique","item":"https:\/\/shop.bantam.ch\/fr\/boutique\/"},{"@type":"ListItem","position":3,"name":"Matelas froli pour VW Grand California 600"}]},{"@type":"WebSite","@id":"https:\/\/shop.bantam.ch\/fr\/#website","url":"https:\/\/shop.bantam.ch\/fr\/","name":"Bantam Wankm\u00fcller SA","description":"","publisher":{"@id":"https:\/\/shop.bantam.ch\/fr\/#organization"},"inLanguage":"fr-FR"},{"@type":"Organization","@id":"https:\/\/shop.bantam.ch\/fr\/#organization","name":"Bantam Wankm\u00fcller SA","url":"https:\/\/shop.bantam.ch\/fr\/","logo":{"@type":"ImageObject","inLanguage":"fr-FR","@id":"https:\/\/shop.bantam.ch\/fr\/#\/schema\/logo\/image\/","url":"https:\/\/shop.bantam.ch\/wp-content\/uploads\/2022\/12\/bantam-logo.png","contentUrl":"https:\/\/shop.bantam.ch\/wp-content\/uploads\/2022\/12\/bantam-logo.png","width":320,"height":71,"caption":"Bantam Wankm\u00fcller SA"},"image":{"@id":"https:\/\/shop.bantam.ch\/fr\/#\/schema\/logo\/image\/"}}]}},"_links":{"self":[{"href":"https:\/\/shop.bantam.ch\/fr\/wp-json\/wp\/v2\/product\/194818","targetHints":{"allow":["GET"]}}],"collection":[{"href":"https:\/\/shop.bantam.ch\/fr\/wp-json\/wp\/v2\/product"}],"about":[{"href":"https:\/\/shop.bantam.ch\/fr\/wp-json\/wp\/v2\/types\/product"}],"wp:featuredmedia":[{"embeddable":true,"href":"https:\/\/shop.bantam.ch\/fr\/wp-json\/wp\/v2\/media\/206508"}],"wp:attachment":[{"href":"https:\/\/shop.bantam.ch\/fr\/wp-json\/wp\/v2\/media?parent=194818"}],"wp:term":[{"taxonomy":"product_featured_cat","embeddable":true,"href":"https:\/\/shop.bantam.ch\/fr\/wp-json\/wp\/v2\/product_featured_cat?post=194818"},{"taxonomy":"product_brand","embeddable":true,"href":"https:\/\/shop.bantam.ch\/fr\/wp-json\/wp\/v2\/product_brand?post=194818"},{"taxonomy":"product_cat","embeddable":true,"href":"https:\/\/shop.bantam.ch\/fr\/wp-json\/wp\/v2\/product_cat?post=194818"},{"taxonomy":"product_tag","embeddable":true,"href":"https:\/\/shop.bantam.ch\/fr\/wp-json\/wp\/v2\/product_tag?post=194818"}],"curies":[{"name":"wp","href":"https:\/\/api.w.org\/{rel}","templated":true}]}}