{"id":194730,"date":"2024-05-15T15:13:55","date_gmt":"2024-05-15T13:13:55","guid":{"rendered":"https:\/\/shop.bantam.ch\/produit\/coussin-de-siege-sitback-air-fit-up-tissu-3-d-noir\/"},"modified":"2026-04-20T23:04:15","modified_gmt":"2026-04-20T21:04:15","slug":"coussin-de-siege-sitback-air-fit-up-tissu-3-d-noir","status":"publish","type":"product","link":"https:\/\/shop.bantam.ch\/fr\/produit\/coussin-de-siege-sitback-air-fit-up-tissu-3-d-noir\/","title":{"rendered":"Coussin de si\u00e8ge SITBACK Air Fit Up Tissu 3 D noir"},"content":{"rendered":"<p>L&rsquo;AIR FIT UP convient \u00e0 tous les si\u00e8ges de voiture et de camping-car (\u00e0 l&rsquo;exception des si\u00e8ges baquets) et peut \u00eatre mont\u00e9 rapidement sur presque tous les si\u00e8ges en deux parties gr\u00e2ce \u00e0 un syst\u00e8me de fixation bien pens\u00e9.<br \/>\nLa partie dorsale particuli\u00e8rement \u00e9quip\u00e9e offre un degr\u00e9 extr\u00eame de possibilit\u00e9s de r\u00e9glage individuel. Les ailes lat\u00e9rales de la partie dorsale sont \u00e9quip\u00e9es de coussins sp\u00e9ciaux de haute qualit\u00e9 pour les contours lat\u00e9raux, qui permettent un maintien s\u00fbr dans les virages. La partie inf\u00e9rieure du dos est dot\u00e9e d&rsquo;une bulle d&rsquo;air \u00e0 deux compartiments qui peuvent \u00eatre r\u00e9gl\u00e9s individuellement au moyen d&rsquo;une pompe manuelle. Si l&rsquo;utilisateur transpire pendant les journ\u00e9es chaudes et les longs trajets, la natte de charbon actif int\u00e9gr\u00e9e absorbe une partie de l&rsquo;humidit\u00e9 (jusqu&rsquo;\u00e0 100 g\/m\u00b2), qui est ensuite lib\u00e9r\u00e9e dans l&rsquo;air ambiant lorsque l&rsquo;utilisateur quitte le si\u00e8ge. Les zones humides peuvent ainsi \u00eatre r\u00e9duites et les odeurs ind\u00e9sirables minimis\u00e9es. Seules des mousses de qualit\u00e9 sup\u00e9rieure sont utilis\u00e9es, avec des propri\u00e9t\u00e9s de redressement optimales et une longue dur\u00e9e de vie.<\/p>\n<ul>\n<li>Maintien s\u00fbr dans les virages<\/li>\n<li>D\u00e9tente de la musculature dorsale gr\u00e2ce \u00e0 une position physiologiquement plus correcte du corps gr\u00e2ce aux bulles d&rsquo;air lat\u00e9rales et dorsales de soutien.<\/li>\n<li>Minimisation de l&rsquo;humidit\u00e9 et des odeurs gr\u00e2ce \u00e0 la natte de charbon actif int\u00e9gr\u00e9e<\/li>\n<li>Revalorisation visuelle du si\u00e8ge<\/li>\n<li>Pr\u00e9servation du rev\u00eatement d&rsquo;origine du si\u00e8ge<\/li>\n<\/ul>\n<p>Mat\u00e9riaux :<\/p>\n<p>Housse 83 % polyester, 17 % coton<br \/>\nNoyau de mousse 100 % composition polyur\u00e9thane<\/p>\n","protected":false},"excerpt":{"rendered":"<p>L&rsquo;AIR FIT UP convient \u00e0 tous les si\u00e8ges de voiture et de camping-car (\u00e0 l&rsquo;exception des si\u00e8ges baquets) et peut \u00eatre mont\u00e9 rapidement sur presque tous les si\u00e8ges en deux parties gr\u00e2ce \u00e0 un syst\u00e8me de fixation bien pens\u00e9. La partie dorsale particuli\u00e8rement \u00e9quip\u00e9e offre un degr\u00e9 extr\u00eame de possibilit\u00e9s de r\u00e9glage individuel. Les ailes [&hellip;]<\/p>\n","protected":false},"featured_media":206496,"template":"","meta":{"_acf_changed":false},"product_featured_cat":[],"product_brand":[3458],"product_cat":[4767],"product_tag":[],"class_list":{"0":"post-194730","1":"product","2":"type-product","3":"status-publish","4":"has-post-thumbnail","6":"product_brand-sitback","7":"product_cat-coussins-de-siege","9":"first","10":"instock","11":"taxable","12":"shipping-taxable","13":"purchasable","14":"product-type-simple"},"acf":[],"yoast_head":"<!-- This site is optimized with the Yoast SEO plugin v27.4 - https:\/\/yoast.com\/product\/yoast-seo-wordpress\/ -->\n<title>Coussin de si\u00e8ge SITBACK Air Fit Up Tissu 3 D noir - Bantam Wankm\u00fcller SA<\/title>\n<meta name=\"robots\" content=\"index, follow, max-snippet:-1, max-image-preview:large, max-video-preview:-1\" \/>\n<link rel=\"canonical\" href=\"https:\/\/shop.bantam.ch\/fr\/produit\/coussin-de-siege-sitback-air-fit-up-tissu-3-d-noir\/\" \/>\n<meta property=\"og:locale\" content=\"fr_FR\" \/>\n<meta property=\"og:type\" content=\"article\" \/>\n<meta property=\"og:title\" content=\"Coussin de si\u00e8ge SITBACK Air Fit Up Tissu 3 D noir - Bantam Wankm\u00fcller SA\" \/>\n<meta property=\"og:description\" content=\"L&rsquo;AIR FIT UP convient \u00e0 tous les si\u00e8ges de voiture et de camping-car (\u00e0 l&rsquo;exception des si\u00e8ges baquets) et peut \u00eatre mont\u00e9 rapidement sur presque tous les si\u00e8ges en deux parties gr\u00e2ce \u00e0 un syst\u00e8me de fixation bien pens\u00e9. La partie dorsale particuli\u00e8rement \u00e9quip\u00e9e offre un degr\u00e9 extr\u00eame de possibilit\u00e9s de r\u00e9glage individuel. Les ailes [&hellip;]\" \/>\n<meta property=\"og:url\" content=\"https:\/\/shop.bantam.ch\/fr\/produit\/coussin-de-siege-sitback-air-fit-up-tissu-3-d-noir\/\" \/>\n<meta property=\"og:site_name\" content=\"Bantam Wankm\u00fcller SA\" \/>\n<meta property=\"article:modified_time\" content=\"2026-04-20T21:04:15+00:00\" \/>\n<meta property=\"og:image\" content=\"https:\/\/shop.bantam.ch\/wp-content\/uploads\/2024\/05\/Movera-L-9949088100.jpg\" \/>\n\t<meta property=\"og:image:width\" content=\"589\" \/>\n\t<meta property=\"og:image:height\" content=\"1000\" \/>\n\t<meta property=\"og:image:type\" content=\"image\/jpeg\" \/>\n<meta name=\"twitter:card\" content=\"summary_large_image\" \/>\n<meta name=\"twitter:label1\" content=\"Dur\u00e9e de lecture estim\u00e9e\" \/>\n\t<meta name=\"twitter:data1\" content=\"1 minute\" \/>\n<script type=\"application\/ld+json\" class=\"yoast-schema-graph\">{\"@context\":\"https:\\\/\\\/schema.org\",\"@graph\":[{\"@type\":\"WebPage\",\"@id\":\"https:\\\/\\\/shop.bantam.ch\\\/fr\\\/produit\\\/coussin-de-siege-sitback-air-fit-up-tissu-3-d-noir\\\/\",\"url\":\"https:\\\/\\\/shop.bantam.ch\\\/fr\\\/produit\\\/coussin-de-siege-sitback-air-fit-up-tissu-3-d-noir\\\/\",\"name\":\"Coussin de si\u00e8ge SITBACK Air Fit Up Tissu 3 D noir - Bantam Wankm\u00fcller SA\",\"isPartOf\":{\"@id\":\"https:\\\/\\\/shop.bantam.ch\\\/fr\\\/#website\"},\"primaryImageOfPage\":{\"@id\":\"https:\\\/\\\/shop.bantam.ch\\\/fr\\\/produit\\\/coussin-de-siege-sitback-air-fit-up-tissu-3-d-noir\\\/#primaryimage\"},\"image\":{\"@id\":\"https:\\\/\\\/shop.bantam.ch\\\/fr\\\/produit\\\/coussin-de-siege-sitback-air-fit-up-tissu-3-d-noir\\\/#primaryimage\"},\"thumbnailUrl\":\"https:\\\/\\\/shop.bantam.ch\\\/wp-content\\\/uploads\\\/2024\\\/09\\\/Movera-L-9949088100.jpg\",\"datePublished\":\"2024-05-15T13:13:55+00:00\",\"dateModified\":\"2026-04-20T21:04:15+00:00\",\"breadcrumb\":{\"@id\":\"https:\\\/\\\/shop.bantam.ch\\\/fr\\\/produit\\\/coussin-de-siege-sitback-air-fit-up-tissu-3-d-noir\\\/#breadcrumb\"},\"inLanguage\":\"fr-FR\",\"potentialAction\":[{\"@type\":\"ReadAction\",\"target\":[\"https:\\\/\\\/shop.bantam.ch\\\/fr\\\/produit\\\/coussin-de-siege-sitback-air-fit-up-tissu-3-d-noir\\\/\"]}]},{\"@type\":\"ImageObject\",\"inLanguage\":\"fr-FR\",\"@id\":\"https:\\\/\\\/shop.bantam.ch\\\/fr\\\/produit\\\/coussin-de-siege-sitback-air-fit-up-tissu-3-d-noir\\\/#primaryimage\",\"url\":\"https:\\\/\\\/shop.bantam.ch\\\/wp-content\\\/uploads\\\/2024\\\/09\\\/Movera-L-9949088100.jpg\",\"contentUrl\":\"https:\\\/\\\/shop.bantam.ch\\\/wp-content\\\/uploads\\\/2024\\\/09\\\/Movera-L-9949088100.jpg\",\"width\":589,\"height\":1000},{\"@type\":\"BreadcrumbList\",\"@id\":\"https:\\\/\\\/shop.bantam.ch\\\/fr\\\/produit\\\/coussin-de-siege-sitback-air-fit-up-tissu-3-d-noir\\\/#breadcrumb\",\"itemListElement\":[{\"@type\":\"ListItem\",\"position\":1,\"name\":\"Accueil\",\"item\":\"https:\\\/\\\/shop.bantam.ch\\\/fr\\\/\"},{\"@type\":\"ListItem\",\"position\":2,\"name\":\"Boutique\",\"item\":\"https:\\\/\\\/shop.bantam.ch\\\/fr\\\/boutique\\\/\"},{\"@type\":\"ListItem\",\"position\":3,\"name\":\"Coussin de si\u00e8ge SITBACK Air Fit Up Tissu 3 D noir\"}]},{\"@type\":\"WebSite\",\"@id\":\"https:\\\/\\\/shop.bantam.ch\\\/fr\\\/#website\",\"url\":\"https:\\\/\\\/shop.bantam.ch\\\/fr\\\/\",\"name\":\"Bantam Wankm\u00fcller SA\",\"description\":\"\",\"publisher\":{\"@id\":\"https:\\\/\\\/shop.bantam.ch\\\/fr\\\/#organization\"},\"inLanguage\":\"fr-FR\"},{\"@type\":\"Organization\",\"@id\":\"https:\\\/\\\/shop.bantam.ch\\\/fr\\\/#organization\",\"name\":\"Bantam Wankm\u00fcller SA\",\"url\":\"https:\\\/\\\/shop.bantam.ch\\\/fr\\\/\",\"logo\":{\"@type\":\"ImageObject\",\"inLanguage\":\"fr-FR\",\"@id\":\"https:\\\/\\\/shop.bantam.ch\\\/fr\\\/#\\\/schema\\\/logo\\\/image\\\/\",\"url\":\"https:\\\/\\\/shop.bantam.ch\\\/wp-content\\\/uploads\\\/2022\\\/12\\\/bantam-logo.png\",\"contentUrl\":\"https:\\\/\\\/shop.bantam.ch\\\/wp-content\\\/uploads\\\/2022\\\/12\\\/bantam-logo.png\",\"width\":320,\"height\":71,\"caption\":\"Bantam Wankm\u00fcller SA\"},\"image\":{\"@id\":\"https:\\\/\\\/shop.bantam.ch\\\/fr\\\/#\\\/schema\\\/logo\\\/image\\\/\"}}]}<\/script>\n<!-- \/ Yoast SEO plugin. -->","yoast_head_json":{"title":"Coussin de si\u00e8ge SITBACK Air Fit Up Tissu 3 D noir - Bantam Wankm\u00fcller SA","robots":{"index":"index","follow":"follow","max-snippet":"max-snippet:-1","max-image-preview":"max-image-preview:large","max-video-preview":"max-video-preview:-1"},"canonical":"https:\/\/shop.bantam.ch\/fr\/produit\/coussin-de-siege-sitback-air-fit-up-tissu-3-d-noir\/","og_locale":"fr_FR","og_type":"article","og_title":"Coussin de si\u00e8ge SITBACK Air Fit Up Tissu 3 D noir - Bantam Wankm\u00fcller SA","og_description":"L&rsquo;AIR FIT UP convient \u00e0 tous les si\u00e8ges de voiture et de camping-car (\u00e0 l&rsquo;exception des si\u00e8ges baquets) et peut \u00eatre mont\u00e9 rapidement sur presque tous les si\u00e8ges en deux parties gr\u00e2ce \u00e0 un syst\u00e8me de fixation bien pens\u00e9. La partie dorsale particuli\u00e8rement \u00e9quip\u00e9e offre un degr\u00e9 extr\u00eame de possibilit\u00e9s de r\u00e9glage individuel. Les ailes [&hellip;]","og_url":"https:\/\/shop.bantam.ch\/fr\/produit\/coussin-de-siege-sitback-air-fit-up-tissu-3-d-noir\/","og_site_name":"Bantam Wankm\u00fcller SA","article_modified_time":"2026-04-20T21:04:15+00:00","og_image":[{"width":589,"height":1000,"url":"https:\/\/shop.bantam.ch\/wp-content\/uploads\/2024\/05\/Movera-L-9949088100.jpg","type":"image\/jpeg"}],"twitter_card":"summary_large_image","twitter_misc":{"Dur\u00e9e de lecture estim\u00e9e":"1 minute"},"schema":{"@context":"https:\/\/schema.org","@graph":[{"@type":"WebPage","@id":"https:\/\/shop.bantam.ch\/fr\/produit\/coussin-de-siege-sitback-air-fit-up-tissu-3-d-noir\/","url":"https:\/\/shop.bantam.ch\/fr\/produit\/coussin-de-siege-sitback-air-fit-up-tissu-3-d-noir\/","name":"Coussin de si\u00e8ge SITBACK Air Fit Up Tissu 3 D noir - Bantam Wankm\u00fcller SA","isPartOf":{"@id":"https:\/\/shop.bantam.ch\/fr\/#website"},"primaryImageOfPage":{"@id":"https:\/\/shop.bantam.ch\/fr\/produit\/coussin-de-siege-sitback-air-fit-up-tissu-3-d-noir\/#primaryimage"},"image":{"@id":"https:\/\/shop.bantam.ch\/fr\/produit\/coussin-de-siege-sitback-air-fit-up-tissu-3-d-noir\/#primaryimage"},"thumbnailUrl":"https:\/\/shop.bantam.ch\/wp-content\/uploads\/2024\/09\/Movera-L-9949088100.jpg","datePublished":"2024-05-15T13:13:55+00:00","dateModified":"2026-04-20T21:04:15+00:00","breadcrumb":{"@id":"https:\/\/shop.bantam.ch\/fr\/produit\/coussin-de-siege-sitback-air-fit-up-tissu-3-d-noir\/#breadcrumb"},"inLanguage":"fr-FR","potentialAction":[{"@type":"ReadAction","target":["https:\/\/shop.bantam.ch\/fr\/produit\/coussin-de-siege-sitback-air-fit-up-tissu-3-d-noir\/"]}]},{"@type":"ImageObject","inLanguage":"fr-FR","@id":"https:\/\/shop.bantam.ch\/fr\/produit\/coussin-de-siege-sitback-air-fit-up-tissu-3-d-noir\/#primaryimage","url":"https:\/\/shop.bantam.ch\/wp-content\/uploads\/2024\/09\/Movera-L-9949088100.jpg","contentUrl":"https:\/\/shop.bantam.ch\/wp-content\/uploads\/2024\/09\/Movera-L-9949088100.jpg","width":589,"height":1000},{"@type":"BreadcrumbList","@id":"https:\/\/shop.bantam.ch\/fr\/produit\/coussin-de-siege-sitback-air-fit-up-tissu-3-d-noir\/#breadcrumb","itemListElement":[{"@type":"ListItem","position":1,"name":"Accueil","item":"https:\/\/shop.bantam.ch\/fr\/"},{"@type":"ListItem","position":2,"name":"Boutique","item":"https:\/\/shop.bantam.ch\/fr\/boutique\/"},{"@type":"ListItem","position":3,"name":"Coussin de si\u00e8ge SITBACK Air Fit Up Tissu 3 D noir"}]},{"@type":"WebSite","@id":"https:\/\/shop.bantam.ch\/fr\/#website","url":"https:\/\/shop.bantam.ch\/fr\/","name":"Bantam Wankm\u00fcller SA","description":"","publisher":{"@id":"https:\/\/shop.bantam.ch\/fr\/#organization"},"inLanguage":"fr-FR"},{"@type":"Organization","@id":"https:\/\/shop.bantam.ch\/fr\/#organization","name":"Bantam Wankm\u00fcller SA","url":"https:\/\/shop.bantam.ch\/fr\/","logo":{"@type":"ImageObject","inLanguage":"fr-FR","@id":"https:\/\/shop.bantam.ch\/fr\/#\/schema\/logo\/image\/","url":"https:\/\/shop.bantam.ch\/wp-content\/uploads\/2022\/12\/bantam-logo.png","contentUrl":"https:\/\/shop.bantam.ch\/wp-content\/uploads\/2022\/12\/bantam-logo.png","width":320,"height":71,"caption":"Bantam Wankm\u00fcller SA"},"image":{"@id":"https:\/\/shop.bantam.ch\/fr\/#\/schema\/logo\/image\/"}}]}},"_links":{"self":[{"href":"https:\/\/shop.bantam.ch\/fr\/wp-json\/wp\/v2\/product\/194730","targetHints":{"allow":["GET"]}}],"collection":[{"href":"https:\/\/shop.bantam.ch\/fr\/wp-json\/wp\/v2\/product"}],"about":[{"href":"https:\/\/shop.bantam.ch\/fr\/wp-json\/wp\/v2\/types\/product"}],"wp:featuredmedia":[{"embeddable":true,"href":"https:\/\/shop.bantam.ch\/fr\/wp-json\/wp\/v2\/media\/206496"}],"wp:attachment":[{"href":"https:\/\/shop.bantam.ch\/fr\/wp-json\/wp\/v2\/media?parent=194730"}],"wp:term":[{"taxonomy":"product_featured_cat","embeddable":true,"href":"https:\/\/shop.bantam.ch\/fr\/wp-json\/wp\/v2\/product_featured_cat?post=194730"},{"taxonomy":"product_brand","embeddable":true,"href":"https:\/\/shop.bantam.ch\/fr\/wp-json\/wp\/v2\/product_brand?post=194730"},{"taxonomy":"product_cat","embeddable":true,"href":"https:\/\/shop.bantam.ch\/fr\/wp-json\/wp\/v2\/product_cat?post=194730"},{"taxonomy":"product_tag","embeddable":true,"href":"https:\/\/shop.bantam.ch\/fr\/wp-json\/wp\/v2\/product_tag?post=194730"}],"curies":[{"name":"wp","href":"https:\/\/api.w.org\/{rel}","templated":true}]}}