{"id":194718,"date":"2024-05-15T15:13:46","date_gmt":"2024-05-15T13:13:46","guid":{"rendered":"https:\/\/shop.bantam.ch\/produit\/housse-de-siege-art-pour-ford-chassis-apd-05-2015-avec-siege-conducteur-anthracite\/"},"modified":"2026-04-17T23:03:18","modified_gmt":"2026-04-17T21:03:18","slug":"housse-de-siege-art-pour-ford-chassis-apd-05-2015-avec-siege-conducteur-anthracite","status":"publish","type":"product","link":"https:\/\/shop.bantam.ch\/fr\/produit\/housse-de-siege-art-pour-ford-chassis-apd-05-2015-avec-siege-conducteur-anthracite\/","title":{"rendered":"Housse de si\u00e8ge ART pour Ford Chassis \u00e0pd 05\/2015 avec Si\u00e8ge conducteur, anthracite"},"content":{"rendered":"<p>Les housses de si\u00e8ge prot\u00e8gent vos pr\u00e9cieux rembourrages d&rsquo;origine contre les salissures et l&rsquo;usure. Le choix minutieux du mat\u00e9riau, un velours 100 % coton tr\u00e8s lourd, augmente le confort de conduite et le bien-\u00eatre lors des longs voyages. Les housses peuvent \u00eatre nettoy\u00e9es sans probl\u00e8me en machine. Un montage rapide, un choix de couleurs neutres et un prix \u00e9quitable caract\u00e9risent ces housses de si\u00e8ge. Convient pour les si\u00e8ges avec appui-t\u00eate rapport\u00e9, les si\u00e8ges \u00e0 dossier haut et les si\u00e8ges avec syst\u00e8me de ceinture int\u00e9gr\u00e9.<\/p>\n<p>Contenu de la livraison :&nbsp;<br \/>\nHousse de si\u00e8ge int\u00e9grale sans housse d&rsquo;accoudoir<br \/>\nsyst\u00e8me de ceinture int\u00e9gr\u00e9 non inclus<\/p>\n","protected":false},"excerpt":{"rendered":"<p>Les housses de si\u00e8ge prot\u00e8gent vos pr\u00e9cieux rembourrages d&rsquo;origine contre les salissures et l&rsquo;usure. Le choix minutieux du mat\u00e9riau, un velours 100 % coton tr\u00e8s lourd, augmente le confort de conduite et le bien-\u00eatre lors des longs voyages. Les housses peuvent \u00eatre nettoy\u00e9es sans probl\u00e8me en machine. Un montage rapide, un choix de couleurs neutres [&hellip;]<\/p>\n","protected":false},"featured_media":206494,"template":"","meta":{"_acf_changed":false},"product_featured_cat":[],"product_brand":[3316],"product_cat":[4765],"product_tag":[],"class_list":{"0":"post-194718","1":"product","2":"type-product","3":"status-publish","4":"has-post-thumbnail","6":"product_brand-art","7":"product_cat-housses-de-siege","9":"first","10":"instock","11":"taxable","12":"shipping-taxable","13":"purchasable","14":"product-type-simple"},"acf":[],"yoast_head":"<!-- This site is optimized with the Yoast SEO plugin v27.4 - https:\/\/yoast.com\/product\/yoast-seo-wordpress\/ -->\n<title>Housse de si\u00e8ge ART pour Ford Chassis \u00e0pd 05\/2015 avec Si\u00e8ge conducteur, anthracite - Bantam Wankm\u00fcller SA<\/title>\n<meta name=\"robots\" content=\"index, follow, max-snippet:-1, max-image-preview:large, max-video-preview:-1\" \/>\n<link rel=\"canonical\" href=\"https:\/\/shop.bantam.ch\/fr\/produit\/housse-de-siege-art-pour-ford-chassis-apd-05-2015-avec-siege-conducteur-anthracite\/\" \/>\n<meta property=\"og:locale\" content=\"fr_FR\" \/>\n<meta property=\"og:type\" content=\"article\" \/>\n<meta property=\"og:title\" content=\"Housse de si\u00e8ge ART pour Ford Chassis \u00e0pd 05\/2015 avec Si\u00e8ge conducteur, anthracite - Bantam Wankm\u00fcller SA\" \/>\n<meta property=\"og:description\" content=\"Les housses de si\u00e8ge prot\u00e8gent vos pr\u00e9cieux rembourrages d&rsquo;origine contre les salissures et l&rsquo;usure. Le choix minutieux du mat\u00e9riau, un velours 100 % coton tr\u00e8s lourd, augmente le confort de conduite et le bien-\u00eatre lors des longs voyages. Les housses peuvent \u00eatre nettoy\u00e9es sans probl\u00e8me en machine. Un montage rapide, un choix de couleurs neutres [&hellip;]\" \/>\n<meta property=\"og:url\" content=\"https:\/\/shop.bantam.ch\/fr\/produit\/housse-de-siege-art-pour-ford-chassis-apd-05-2015-avec-siege-conducteur-anthracite\/\" \/>\n<meta property=\"og:site_name\" content=\"Bantam Wankm\u00fcller SA\" \/>\n<meta property=\"article:modified_time\" content=\"2026-04-17T21:03:18+00:00\" \/>\n<meta property=\"og:image\" content=\"https:\/\/shop.bantam.ch\/wp-content\/uploads\/2024\/05\/Movera-L-9949087100.jpg\" \/>\n\t<meta property=\"og:image:width\" content=\"640\" \/>\n\t<meta property=\"og:image:height\" content=\"858\" \/>\n\t<meta property=\"og:image:type\" content=\"image\/jpeg\" \/>\n<meta name=\"twitter:card\" content=\"summary_large_image\" \/>\n<meta name=\"twitter:label1\" content=\"Dur\u00e9e de lecture estim\u00e9e\" \/>\n\t<meta name=\"twitter:data1\" content=\"1 minute\" \/>\n<script type=\"application\/ld+json\" class=\"yoast-schema-graph\">{\"@context\":\"https:\\\/\\\/schema.org\",\"@graph\":[{\"@type\":\"WebPage\",\"@id\":\"https:\\\/\\\/shop.bantam.ch\\\/fr\\\/produit\\\/housse-de-siege-art-pour-ford-chassis-apd-05-2015-avec-siege-conducteur-anthracite\\\/\",\"url\":\"https:\\\/\\\/shop.bantam.ch\\\/fr\\\/produit\\\/housse-de-siege-art-pour-ford-chassis-apd-05-2015-avec-siege-conducteur-anthracite\\\/\",\"name\":\"Housse de si\u00e8ge ART pour Ford Chassis \u00e0pd 05\\\/2015 avec Si\u00e8ge conducteur, anthracite - Bantam Wankm\u00fcller SA\",\"isPartOf\":{\"@id\":\"https:\\\/\\\/shop.bantam.ch\\\/fr\\\/#website\"},\"primaryImageOfPage\":{\"@id\":\"https:\\\/\\\/shop.bantam.ch\\\/fr\\\/produit\\\/housse-de-siege-art-pour-ford-chassis-apd-05-2015-avec-siege-conducteur-anthracite\\\/#primaryimage\"},\"image\":{\"@id\":\"https:\\\/\\\/shop.bantam.ch\\\/fr\\\/produit\\\/housse-de-siege-art-pour-ford-chassis-apd-05-2015-avec-siege-conducteur-anthracite\\\/#primaryimage\"},\"thumbnailUrl\":\"https:\\\/\\\/shop.bantam.ch\\\/wp-content\\\/uploads\\\/2024\\\/09\\\/Movera-L-9949087100.jpg\",\"datePublished\":\"2024-05-15T13:13:46+00:00\",\"dateModified\":\"2026-04-17T21:03:18+00:00\",\"breadcrumb\":{\"@id\":\"https:\\\/\\\/shop.bantam.ch\\\/fr\\\/produit\\\/housse-de-siege-art-pour-ford-chassis-apd-05-2015-avec-siege-conducteur-anthracite\\\/#breadcrumb\"},\"inLanguage\":\"fr-FR\",\"potentialAction\":[{\"@type\":\"ReadAction\",\"target\":[\"https:\\\/\\\/shop.bantam.ch\\\/fr\\\/produit\\\/housse-de-siege-art-pour-ford-chassis-apd-05-2015-avec-siege-conducteur-anthracite\\\/\"]}]},{\"@type\":\"ImageObject\",\"inLanguage\":\"fr-FR\",\"@id\":\"https:\\\/\\\/shop.bantam.ch\\\/fr\\\/produit\\\/housse-de-siege-art-pour-ford-chassis-apd-05-2015-avec-siege-conducteur-anthracite\\\/#primaryimage\",\"url\":\"https:\\\/\\\/shop.bantam.ch\\\/wp-content\\\/uploads\\\/2024\\\/09\\\/Movera-L-9949087100.jpg\",\"contentUrl\":\"https:\\\/\\\/shop.bantam.ch\\\/wp-content\\\/uploads\\\/2024\\\/09\\\/Movera-L-9949087100.jpg\",\"width\":640,\"height\":858},{\"@type\":\"BreadcrumbList\",\"@id\":\"https:\\\/\\\/shop.bantam.ch\\\/fr\\\/produit\\\/housse-de-siege-art-pour-ford-chassis-apd-05-2015-avec-siege-conducteur-anthracite\\\/#breadcrumb\",\"itemListElement\":[{\"@type\":\"ListItem\",\"position\":1,\"name\":\"Accueil\",\"item\":\"https:\\\/\\\/shop.bantam.ch\\\/fr\\\/\"},{\"@type\":\"ListItem\",\"position\":2,\"name\":\"Boutique\",\"item\":\"https:\\\/\\\/shop.bantam.ch\\\/fr\\\/boutique\\\/\"},{\"@type\":\"ListItem\",\"position\":3,\"name\":\"Housse de si\u00e8ge ART pour Ford Chassis \u00e0pd 05\\\/2015 avec Si\u00e8ge conducteur, anthracite\"}]},{\"@type\":\"WebSite\",\"@id\":\"https:\\\/\\\/shop.bantam.ch\\\/fr\\\/#website\",\"url\":\"https:\\\/\\\/shop.bantam.ch\\\/fr\\\/\",\"name\":\"Bantam Wankm\u00fcller SA\",\"description\":\"\",\"publisher\":{\"@id\":\"https:\\\/\\\/shop.bantam.ch\\\/fr\\\/#organization\"},\"inLanguage\":\"fr-FR\"},{\"@type\":\"Organization\",\"@id\":\"https:\\\/\\\/shop.bantam.ch\\\/fr\\\/#organization\",\"name\":\"Bantam Wankm\u00fcller SA\",\"url\":\"https:\\\/\\\/shop.bantam.ch\\\/fr\\\/\",\"logo\":{\"@type\":\"ImageObject\",\"inLanguage\":\"fr-FR\",\"@id\":\"https:\\\/\\\/shop.bantam.ch\\\/fr\\\/#\\\/schema\\\/logo\\\/image\\\/\",\"url\":\"https:\\\/\\\/shop.bantam.ch\\\/wp-content\\\/uploads\\\/2022\\\/12\\\/bantam-logo.png\",\"contentUrl\":\"https:\\\/\\\/shop.bantam.ch\\\/wp-content\\\/uploads\\\/2022\\\/12\\\/bantam-logo.png\",\"width\":320,\"height\":71,\"caption\":\"Bantam Wankm\u00fcller SA\"},\"image\":{\"@id\":\"https:\\\/\\\/shop.bantam.ch\\\/fr\\\/#\\\/schema\\\/logo\\\/image\\\/\"}}]}<\/script>\n<!-- \/ Yoast SEO plugin. -->","yoast_head_json":{"title":"Housse de si\u00e8ge ART pour Ford Chassis \u00e0pd 05\/2015 avec Si\u00e8ge conducteur, anthracite - Bantam Wankm\u00fcller SA","robots":{"index":"index","follow":"follow","max-snippet":"max-snippet:-1","max-image-preview":"max-image-preview:large","max-video-preview":"max-video-preview:-1"},"canonical":"https:\/\/shop.bantam.ch\/fr\/produit\/housse-de-siege-art-pour-ford-chassis-apd-05-2015-avec-siege-conducteur-anthracite\/","og_locale":"fr_FR","og_type":"article","og_title":"Housse de si\u00e8ge ART pour Ford Chassis \u00e0pd 05\/2015 avec Si\u00e8ge conducteur, anthracite - Bantam Wankm\u00fcller SA","og_description":"Les housses de si\u00e8ge prot\u00e8gent vos pr\u00e9cieux rembourrages d&rsquo;origine contre les salissures et l&rsquo;usure. Le choix minutieux du mat\u00e9riau, un velours 100 % coton tr\u00e8s lourd, augmente le confort de conduite et le bien-\u00eatre lors des longs voyages. Les housses peuvent \u00eatre nettoy\u00e9es sans probl\u00e8me en machine. Un montage rapide, un choix de couleurs neutres [&hellip;]","og_url":"https:\/\/shop.bantam.ch\/fr\/produit\/housse-de-siege-art-pour-ford-chassis-apd-05-2015-avec-siege-conducteur-anthracite\/","og_site_name":"Bantam Wankm\u00fcller SA","article_modified_time":"2026-04-17T21:03:18+00:00","og_image":[{"width":640,"height":858,"url":"https:\/\/shop.bantam.ch\/wp-content\/uploads\/2024\/05\/Movera-L-9949087100.jpg","type":"image\/jpeg"}],"twitter_card":"summary_large_image","twitter_misc":{"Dur\u00e9e de lecture estim\u00e9e":"1 minute"},"schema":{"@context":"https:\/\/schema.org","@graph":[{"@type":"WebPage","@id":"https:\/\/shop.bantam.ch\/fr\/produit\/housse-de-siege-art-pour-ford-chassis-apd-05-2015-avec-siege-conducteur-anthracite\/","url":"https:\/\/shop.bantam.ch\/fr\/produit\/housse-de-siege-art-pour-ford-chassis-apd-05-2015-avec-siege-conducteur-anthracite\/","name":"Housse de si\u00e8ge ART pour Ford Chassis \u00e0pd 05\/2015 avec Si\u00e8ge conducteur, anthracite - Bantam Wankm\u00fcller SA","isPartOf":{"@id":"https:\/\/shop.bantam.ch\/fr\/#website"},"primaryImageOfPage":{"@id":"https:\/\/shop.bantam.ch\/fr\/produit\/housse-de-siege-art-pour-ford-chassis-apd-05-2015-avec-siege-conducteur-anthracite\/#primaryimage"},"image":{"@id":"https:\/\/shop.bantam.ch\/fr\/produit\/housse-de-siege-art-pour-ford-chassis-apd-05-2015-avec-siege-conducteur-anthracite\/#primaryimage"},"thumbnailUrl":"https:\/\/shop.bantam.ch\/wp-content\/uploads\/2024\/09\/Movera-L-9949087100.jpg","datePublished":"2024-05-15T13:13:46+00:00","dateModified":"2026-04-17T21:03:18+00:00","breadcrumb":{"@id":"https:\/\/shop.bantam.ch\/fr\/produit\/housse-de-siege-art-pour-ford-chassis-apd-05-2015-avec-siege-conducteur-anthracite\/#breadcrumb"},"inLanguage":"fr-FR","potentialAction":[{"@type":"ReadAction","target":["https:\/\/shop.bantam.ch\/fr\/produit\/housse-de-siege-art-pour-ford-chassis-apd-05-2015-avec-siege-conducteur-anthracite\/"]}]},{"@type":"ImageObject","inLanguage":"fr-FR","@id":"https:\/\/shop.bantam.ch\/fr\/produit\/housse-de-siege-art-pour-ford-chassis-apd-05-2015-avec-siege-conducteur-anthracite\/#primaryimage","url":"https:\/\/shop.bantam.ch\/wp-content\/uploads\/2024\/09\/Movera-L-9949087100.jpg","contentUrl":"https:\/\/shop.bantam.ch\/wp-content\/uploads\/2024\/09\/Movera-L-9949087100.jpg","width":640,"height":858},{"@type":"BreadcrumbList","@id":"https:\/\/shop.bantam.ch\/fr\/produit\/housse-de-siege-art-pour-ford-chassis-apd-05-2015-avec-siege-conducteur-anthracite\/#breadcrumb","itemListElement":[{"@type":"ListItem","position":1,"name":"Accueil","item":"https:\/\/shop.bantam.ch\/fr\/"},{"@type":"ListItem","position":2,"name":"Boutique","item":"https:\/\/shop.bantam.ch\/fr\/boutique\/"},{"@type":"ListItem","position":3,"name":"Housse de si\u00e8ge ART pour Ford Chassis \u00e0pd 05\/2015 avec Si\u00e8ge conducteur, anthracite"}]},{"@type":"WebSite","@id":"https:\/\/shop.bantam.ch\/fr\/#website","url":"https:\/\/shop.bantam.ch\/fr\/","name":"Bantam Wankm\u00fcller SA","description":"","publisher":{"@id":"https:\/\/shop.bantam.ch\/fr\/#organization"},"inLanguage":"fr-FR"},{"@type":"Organization","@id":"https:\/\/shop.bantam.ch\/fr\/#organization","name":"Bantam Wankm\u00fcller SA","url":"https:\/\/shop.bantam.ch\/fr\/","logo":{"@type":"ImageObject","inLanguage":"fr-FR","@id":"https:\/\/shop.bantam.ch\/fr\/#\/schema\/logo\/image\/","url":"https:\/\/shop.bantam.ch\/wp-content\/uploads\/2022\/12\/bantam-logo.png","contentUrl":"https:\/\/shop.bantam.ch\/wp-content\/uploads\/2022\/12\/bantam-logo.png","width":320,"height":71,"caption":"Bantam Wankm\u00fcller SA"},"image":{"@id":"https:\/\/shop.bantam.ch\/fr\/#\/schema\/logo\/image\/"}}]}},"_links":{"self":[{"href":"https:\/\/shop.bantam.ch\/fr\/wp-json\/wp\/v2\/product\/194718","targetHints":{"allow":["GET"]}}],"collection":[{"href":"https:\/\/shop.bantam.ch\/fr\/wp-json\/wp\/v2\/product"}],"about":[{"href":"https:\/\/shop.bantam.ch\/fr\/wp-json\/wp\/v2\/types\/product"}],"wp:featuredmedia":[{"embeddable":true,"href":"https:\/\/shop.bantam.ch\/fr\/wp-json\/wp\/v2\/media\/206494"}],"wp:attachment":[{"href":"https:\/\/shop.bantam.ch\/fr\/wp-json\/wp\/v2\/media?parent=194718"}],"wp:term":[{"taxonomy":"product_featured_cat","embeddable":true,"href":"https:\/\/shop.bantam.ch\/fr\/wp-json\/wp\/v2\/product_featured_cat?post=194718"},{"taxonomy":"product_brand","embeddable":true,"href":"https:\/\/shop.bantam.ch\/fr\/wp-json\/wp\/v2\/product_brand?post=194718"},{"taxonomy":"product_cat","embeddable":true,"href":"https:\/\/shop.bantam.ch\/fr\/wp-json\/wp\/v2\/product_cat?post=194718"},{"taxonomy":"product_tag","embeddable":true,"href":"https:\/\/shop.bantam.ch\/fr\/wp-json\/wp\/v2\/product_tag?post=194718"}],"curies":[{"name":"wp","href":"https:\/\/api.w.org\/{rel}","templated":true}]}}