{"id":194538,"date":"2024-05-15T15:08:56","date_gmt":"2024-05-15T13:08:56","guid":{"rendered":"https:\/\/shop.bantam.ch\/produit\/kit-de-demarrage-e-trailer-plus\/"},"modified":"2026-04-18T23:05:57","modified_gmt":"2026-04-18T21:05:57","slug":"kit-de-demarrage-e-trailer-plus","status":"publish","type":"product","link":"https:\/\/shop.bantam.ch\/fr\/produit\/kit-de-demarrage-e-trailer-plus\/","title":{"rendered":"Kit de d\u00e9marrage E-Trailer Plus"},"content":{"rendered":"<p>Le pack de d\u00e9marrage E-Trailer Plus peut, en plus du signal Bluetooth, \u00e9tablir une connexion Internet via une eSIM.<br \/>\nCela permet d&rsquo;activer dans le pack Starter Plus la fonction E-Track&amp;Trace, qui permet de localiser le v\u00e9hicule par GPS dans l&rsquo;application E-Trailer sur le smartphone.<br \/>\nDe plus, \u00e0 partir de 2024, le pack Starter Plus deviendra la station de base pour de nouveaux capteurs permettant l&rsquo;interrogation \u00e0 distance.<\/p>\n<p>\nCe pack contient tout ce dont vous avez besoin :<\/p>\n<ul>\n<li>batterie int\u00e9gr\u00e9e<\/li>\n<li>eSIM* pour une connexion GPS via Internet<\/li>\n<li>Couverture dans toute l&rsquo;Europe et l&rsquo;Afrique du Nord<\/li>\n<li>\u00c9mission constante de signaux pendant le d\u00e9placement du v\u00e9hicule<\/li>\n<li>Fonction d&rsquo;alarme lorsque la zone de s\u00e9curit\u00e9 est d\u00e9finie<\/li>\n<li>Mode m\u00e9moire sp\u00e9cial pour savoir o\u00f9 se trouve votre caravane ou votre camping-car tout au long de l&rsquo;hiver.<\/li>\n<\/ul>\n<p>\n*eSIM est une carte SIM num\u00e9rique. Le e de eSIM signifie embedded. Cela signifie qu&rsquo;une carte SIM est d\u00e9j\u00e0 int\u00e9gr\u00e9e \u00e0 demeure dans le kit de d\u00e9marrage Plus.<\/p>\n","protected":false},"excerpt":{"rendered":"<p>Le pack de d\u00e9marrage E-Trailer Plus peut, en plus du signal Bluetooth, \u00e9tablir une connexion Internet via une eSIM. Cela permet d&rsquo;activer dans le pack Starter Plus la fonction E-Track&amp;Trace, qui permet de localiser le v\u00e9hicule par GPS dans l&rsquo;application E-Trailer sur le smartphone. De plus, \u00e0 partir de 2024, le pack Starter Plus deviendra [&hellip;]<\/p>\n","protected":false},"featured_media":206462,"template":"","meta":{"_acf_changed":false},"product_featured_cat":[],"product_brand":[3522],"product_cat":[4661],"product_tag":[],"class_list":{"0":"post-194538","1":"product","2":"type-product","3":"status-publish","4":"has-post-thumbnail","6":"product_brand-e-trailer","7":"product_cat-smart-home","9":"first","10":"instock","11":"taxable","12":"shipping-taxable","13":"purchasable","14":"product-type-simple"},"acf":[],"yoast_head":"<!-- This site is optimized with the Yoast SEO plugin v27.4 - https:\/\/yoast.com\/product\/yoast-seo-wordpress\/ -->\n<title>Kit de d\u00e9marrage E-Trailer Plus - Bantam Wankm\u00fcller SA<\/title>\n<meta name=\"robots\" content=\"index, follow, max-snippet:-1, max-image-preview:large, max-video-preview:-1\" \/>\n<link rel=\"canonical\" href=\"https:\/\/shop.bantam.ch\/fr\/produit\/kit-de-demarrage-e-trailer-plus\/\" \/>\n<meta property=\"og:locale\" content=\"fr_FR\" \/>\n<meta property=\"og:type\" content=\"article\" \/>\n<meta property=\"og:title\" content=\"Kit de d\u00e9marrage E-Trailer Plus - Bantam Wankm\u00fcller SA\" \/>\n<meta property=\"og:description\" content=\"Le pack de d\u00e9marrage E-Trailer Plus peut, en plus du signal Bluetooth, \u00e9tablir une connexion Internet via une eSIM. Cela permet d&rsquo;activer dans le pack Starter Plus la fonction E-Track&amp;Trace, qui permet de localiser le v\u00e9hicule par GPS dans l&rsquo;application E-Trailer sur le smartphone. De plus, \u00e0 partir de 2024, le pack Starter Plus deviendra [&hellip;]\" \/>\n<meta property=\"og:url\" content=\"https:\/\/shop.bantam.ch\/fr\/produit\/kit-de-demarrage-e-trailer-plus\/\" \/>\n<meta property=\"og:site_name\" content=\"Bantam Wankm\u00fcller SA\" \/>\n<meta property=\"article:modified_time\" content=\"2026-04-18T21:05:57+00:00\" \/>\n<meta property=\"og:image\" content=\"https:\/\/shop.bantam.ch\/wp-content\/uploads\/2024\/05\/Movera-L-9949021100.jpg\" \/>\n\t<meta property=\"og:image:width\" content=\"640\" \/>\n\t<meta property=\"og:image:height\" content=\"426\" \/>\n\t<meta property=\"og:image:type\" content=\"image\/jpeg\" \/>\n<meta name=\"twitter:card\" content=\"summary_large_image\" \/>\n<meta name=\"twitter:label1\" content=\"Dur\u00e9e de lecture estim\u00e9e\" \/>\n\t<meta name=\"twitter:data1\" content=\"1 minute\" \/>\n<script type=\"application\/ld+json\" class=\"yoast-schema-graph\">{\"@context\":\"https:\\\/\\\/schema.org\",\"@graph\":[{\"@type\":\"WebPage\",\"@id\":\"https:\\\/\\\/shop.bantam.ch\\\/fr\\\/produit\\\/kit-de-demarrage-e-trailer-plus\\\/\",\"url\":\"https:\\\/\\\/shop.bantam.ch\\\/fr\\\/produit\\\/kit-de-demarrage-e-trailer-plus\\\/\",\"name\":\"Kit de d\u00e9marrage E-Trailer Plus - Bantam Wankm\u00fcller SA\",\"isPartOf\":{\"@id\":\"https:\\\/\\\/shop.bantam.ch\\\/fr\\\/#website\"},\"primaryImageOfPage\":{\"@id\":\"https:\\\/\\\/shop.bantam.ch\\\/fr\\\/produit\\\/kit-de-demarrage-e-trailer-plus\\\/#primaryimage\"},\"image\":{\"@id\":\"https:\\\/\\\/shop.bantam.ch\\\/fr\\\/produit\\\/kit-de-demarrage-e-trailer-plus\\\/#primaryimage\"},\"thumbnailUrl\":\"https:\\\/\\\/shop.bantam.ch\\\/wp-content\\\/uploads\\\/2024\\\/09\\\/Movera-L-9949021100.jpg\",\"datePublished\":\"2024-05-15T13:08:56+00:00\",\"dateModified\":\"2026-04-18T21:05:57+00:00\",\"breadcrumb\":{\"@id\":\"https:\\\/\\\/shop.bantam.ch\\\/fr\\\/produit\\\/kit-de-demarrage-e-trailer-plus\\\/#breadcrumb\"},\"inLanguage\":\"fr-FR\",\"potentialAction\":[{\"@type\":\"ReadAction\",\"target\":[\"https:\\\/\\\/shop.bantam.ch\\\/fr\\\/produit\\\/kit-de-demarrage-e-trailer-plus\\\/\"]}]},{\"@type\":\"ImageObject\",\"inLanguage\":\"fr-FR\",\"@id\":\"https:\\\/\\\/shop.bantam.ch\\\/fr\\\/produit\\\/kit-de-demarrage-e-trailer-plus\\\/#primaryimage\",\"url\":\"https:\\\/\\\/shop.bantam.ch\\\/wp-content\\\/uploads\\\/2024\\\/09\\\/Movera-L-9949021100.jpg\",\"contentUrl\":\"https:\\\/\\\/shop.bantam.ch\\\/wp-content\\\/uploads\\\/2024\\\/09\\\/Movera-L-9949021100.jpg\",\"width\":640,\"height\":426},{\"@type\":\"BreadcrumbList\",\"@id\":\"https:\\\/\\\/shop.bantam.ch\\\/fr\\\/produit\\\/kit-de-demarrage-e-trailer-plus\\\/#breadcrumb\",\"itemListElement\":[{\"@type\":\"ListItem\",\"position\":1,\"name\":\"Accueil\",\"item\":\"https:\\\/\\\/shop.bantam.ch\\\/fr\\\/\"},{\"@type\":\"ListItem\",\"position\":2,\"name\":\"Boutique\",\"item\":\"https:\\\/\\\/shop.bantam.ch\\\/fr\\\/boutique\\\/\"},{\"@type\":\"ListItem\",\"position\":3,\"name\":\"Kit de d\u00e9marrage E-Trailer Plus\"}]},{\"@type\":\"WebSite\",\"@id\":\"https:\\\/\\\/shop.bantam.ch\\\/fr\\\/#website\",\"url\":\"https:\\\/\\\/shop.bantam.ch\\\/fr\\\/\",\"name\":\"Bantam Wankm\u00fcller SA\",\"description\":\"\",\"publisher\":{\"@id\":\"https:\\\/\\\/shop.bantam.ch\\\/fr\\\/#organization\"},\"inLanguage\":\"fr-FR\"},{\"@type\":\"Organization\",\"@id\":\"https:\\\/\\\/shop.bantam.ch\\\/fr\\\/#organization\",\"name\":\"Bantam Wankm\u00fcller SA\",\"url\":\"https:\\\/\\\/shop.bantam.ch\\\/fr\\\/\",\"logo\":{\"@type\":\"ImageObject\",\"inLanguage\":\"fr-FR\",\"@id\":\"https:\\\/\\\/shop.bantam.ch\\\/fr\\\/#\\\/schema\\\/logo\\\/image\\\/\",\"url\":\"https:\\\/\\\/shop.bantam.ch\\\/wp-content\\\/uploads\\\/2022\\\/12\\\/bantam-logo.png\",\"contentUrl\":\"https:\\\/\\\/shop.bantam.ch\\\/wp-content\\\/uploads\\\/2022\\\/12\\\/bantam-logo.png\",\"width\":320,\"height\":71,\"caption\":\"Bantam Wankm\u00fcller SA\"},\"image\":{\"@id\":\"https:\\\/\\\/shop.bantam.ch\\\/fr\\\/#\\\/schema\\\/logo\\\/image\\\/\"}}]}<\/script>\n<!-- \/ Yoast SEO plugin. -->","yoast_head_json":{"title":"Kit de d\u00e9marrage E-Trailer Plus - Bantam Wankm\u00fcller SA","robots":{"index":"index","follow":"follow","max-snippet":"max-snippet:-1","max-image-preview":"max-image-preview:large","max-video-preview":"max-video-preview:-1"},"canonical":"https:\/\/shop.bantam.ch\/fr\/produit\/kit-de-demarrage-e-trailer-plus\/","og_locale":"fr_FR","og_type":"article","og_title":"Kit de d\u00e9marrage E-Trailer Plus - Bantam Wankm\u00fcller SA","og_description":"Le pack de d\u00e9marrage E-Trailer Plus peut, en plus du signal Bluetooth, \u00e9tablir une connexion Internet via une eSIM. Cela permet d&rsquo;activer dans le pack Starter Plus la fonction E-Track&amp;Trace, qui permet de localiser le v\u00e9hicule par GPS dans l&rsquo;application E-Trailer sur le smartphone. De plus, \u00e0 partir de 2024, le pack Starter Plus deviendra [&hellip;]","og_url":"https:\/\/shop.bantam.ch\/fr\/produit\/kit-de-demarrage-e-trailer-plus\/","og_site_name":"Bantam Wankm\u00fcller SA","article_modified_time":"2026-04-18T21:05:57+00:00","og_image":[{"width":640,"height":426,"url":"https:\/\/shop.bantam.ch\/wp-content\/uploads\/2024\/05\/Movera-L-9949021100.jpg","type":"image\/jpeg"}],"twitter_card":"summary_large_image","twitter_misc":{"Dur\u00e9e de lecture estim\u00e9e":"1 minute"},"schema":{"@context":"https:\/\/schema.org","@graph":[{"@type":"WebPage","@id":"https:\/\/shop.bantam.ch\/fr\/produit\/kit-de-demarrage-e-trailer-plus\/","url":"https:\/\/shop.bantam.ch\/fr\/produit\/kit-de-demarrage-e-trailer-plus\/","name":"Kit de d\u00e9marrage E-Trailer Plus - Bantam Wankm\u00fcller SA","isPartOf":{"@id":"https:\/\/shop.bantam.ch\/fr\/#website"},"primaryImageOfPage":{"@id":"https:\/\/shop.bantam.ch\/fr\/produit\/kit-de-demarrage-e-trailer-plus\/#primaryimage"},"image":{"@id":"https:\/\/shop.bantam.ch\/fr\/produit\/kit-de-demarrage-e-trailer-plus\/#primaryimage"},"thumbnailUrl":"https:\/\/shop.bantam.ch\/wp-content\/uploads\/2024\/09\/Movera-L-9949021100.jpg","datePublished":"2024-05-15T13:08:56+00:00","dateModified":"2026-04-18T21:05:57+00:00","breadcrumb":{"@id":"https:\/\/shop.bantam.ch\/fr\/produit\/kit-de-demarrage-e-trailer-plus\/#breadcrumb"},"inLanguage":"fr-FR","potentialAction":[{"@type":"ReadAction","target":["https:\/\/shop.bantam.ch\/fr\/produit\/kit-de-demarrage-e-trailer-plus\/"]}]},{"@type":"ImageObject","inLanguage":"fr-FR","@id":"https:\/\/shop.bantam.ch\/fr\/produit\/kit-de-demarrage-e-trailer-plus\/#primaryimage","url":"https:\/\/shop.bantam.ch\/wp-content\/uploads\/2024\/09\/Movera-L-9949021100.jpg","contentUrl":"https:\/\/shop.bantam.ch\/wp-content\/uploads\/2024\/09\/Movera-L-9949021100.jpg","width":640,"height":426},{"@type":"BreadcrumbList","@id":"https:\/\/shop.bantam.ch\/fr\/produit\/kit-de-demarrage-e-trailer-plus\/#breadcrumb","itemListElement":[{"@type":"ListItem","position":1,"name":"Accueil","item":"https:\/\/shop.bantam.ch\/fr\/"},{"@type":"ListItem","position":2,"name":"Boutique","item":"https:\/\/shop.bantam.ch\/fr\/boutique\/"},{"@type":"ListItem","position":3,"name":"Kit de d\u00e9marrage E-Trailer Plus"}]},{"@type":"WebSite","@id":"https:\/\/shop.bantam.ch\/fr\/#website","url":"https:\/\/shop.bantam.ch\/fr\/","name":"Bantam Wankm\u00fcller SA","description":"","publisher":{"@id":"https:\/\/shop.bantam.ch\/fr\/#organization"},"inLanguage":"fr-FR"},{"@type":"Organization","@id":"https:\/\/shop.bantam.ch\/fr\/#organization","name":"Bantam Wankm\u00fcller SA","url":"https:\/\/shop.bantam.ch\/fr\/","logo":{"@type":"ImageObject","inLanguage":"fr-FR","@id":"https:\/\/shop.bantam.ch\/fr\/#\/schema\/logo\/image\/","url":"https:\/\/shop.bantam.ch\/wp-content\/uploads\/2022\/12\/bantam-logo.png","contentUrl":"https:\/\/shop.bantam.ch\/wp-content\/uploads\/2022\/12\/bantam-logo.png","width":320,"height":71,"caption":"Bantam Wankm\u00fcller SA"},"image":{"@id":"https:\/\/shop.bantam.ch\/fr\/#\/schema\/logo\/image\/"}}]}},"_links":{"self":[{"href":"https:\/\/shop.bantam.ch\/fr\/wp-json\/wp\/v2\/product\/194538","targetHints":{"allow":["GET"]}}],"collection":[{"href":"https:\/\/shop.bantam.ch\/fr\/wp-json\/wp\/v2\/product"}],"about":[{"href":"https:\/\/shop.bantam.ch\/fr\/wp-json\/wp\/v2\/types\/product"}],"wp:featuredmedia":[{"embeddable":true,"href":"https:\/\/shop.bantam.ch\/fr\/wp-json\/wp\/v2\/media\/206462"}],"wp:attachment":[{"href":"https:\/\/shop.bantam.ch\/fr\/wp-json\/wp\/v2\/media?parent=194538"}],"wp:term":[{"taxonomy":"product_featured_cat","embeddable":true,"href":"https:\/\/shop.bantam.ch\/fr\/wp-json\/wp\/v2\/product_featured_cat?post=194538"},{"taxonomy":"product_brand","embeddable":true,"href":"https:\/\/shop.bantam.ch\/fr\/wp-json\/wp\/v2\/product_brand?post=194538"},{"taxonomy":"product_cat","embeddable":true,"href":"https:\/\/shop.bantam.ch\/fr\/wp-json\/wp\/v2\/product_cat?post=194538"},{"taxonomy":"product_tag","embeddable":true,"href":"https:\/\/shop.bantam.ch\/fr\/wp-json\/wp\/v2\/product_tag?post=194538"}],"curies":[{"name":"wp","href":"https:\/\/api.w.org\/{rel}","templated":true}]}}