{"id":194508,"date":"2024-05-15T15:08:20","date_gmt":"2024-05-15T13:08:20","guid":{"rendered":"https:\/\/shop.bantam.ch\/produit\/systeme-doccultation-remifront-renault-master\/"},"modified":"2026-04-18T01:00:49","modified_gmt":"2026-04-17T23:00:49","slug":"systeme-doccultation-remifront-renault-master","status":"publish","type":"product","link":"https:\/\/shop.bantam.ch\/fr\/produit\/systeme-doccultation-remifront-renault-master\/","title":{"rendered":"Syst\u00e8me d&rsquo;occultation REMIfront Renault Master"},"content":{"rendered":"<p>La solution d&rsquo;occultation pour les cabines de conduite permet d&rsquo;obscurcir sans probl\u00e8me la nuit et prot\u00e8ge des regards indiscrets. Le mat\u00e9riau multicouche<br \/>\net robuste r\u00e9duit en outre le r\u00e9chauffement\/refroidissement du v\u00e9hicule. Installation rapide dans les v\u00e9hicules neufs, facile \u00e0<br \/>\nPeut \u00eatre install\u00e9 ult\u00e9rieurement sur les v\u00e9hicules existants.&nbsp;<\/p>\n<ul>\n<li>Les stores avant sont fix\u00e9s aux montants A, les parties lat\u00e9rales sont viss\u00e9es aux cadres de porte.<\/li>\n<li>Peut \u00eatre retir\u00e9 si n\u00e9cessaire.<\/li>\n<li>Aspect de haute qualit\u00e9 gr\u00e2ce \u00e0 l&rsquo;utilisation de stores pliss\u00e9s<\/li>\n<li>Visibilit\u00e9 illimit\u00e9e, conforme aux directives de l&rsquo;UE<\/li>\n<li>Occultation de la cabine compos\u00e9e du syst\u00e8me de pliage pliss\u00e9 pour le pare-brise et des deux occultations pour les vitres lat\u00e9rales<br \/>\n\t&nbsp;<\/li>\n<\/ul>\n","protected":false},"excerpt":{"rendered":"<p>La solution d&rsquo;occultation pour les cabines de conduite permet d&rsquo;obscurcir sans probl\u00e8me la nuit et prot\u00e8ge des regards indiscrets. Le mat\u00e9riau multicouche et robuste r\u00e9duit en outre le r\u00e9chauffement\/refroidissement du v\u00e9hicule. Installation rapide dans les v\u00e9hicules neufs, facile \u00e0 Peut \u00eatre install\u00e9 ult\u00e9rieurement sur les v\u00e9hicules existants.&nbsp; Les stores avant sont fix\u00e9s aux montants A, [&hellip;]<\/p>\n","protected":false},"featured_media":194502,"template":"","meta":{"_acf_changed":false},"product_featured_cat":[],"product_brand":[3044],"product_cat":[4713],"product_tag":[],"class_list":{"0":"post-194508","1":"product","2":"type-product","3":"status-publish","4":"has-post-thumbnail","6":"product_brand-remis","7":"product_cat-systeme-doccultation-de-la-cabine-de-conduite","9":"first","10":"instock","11":"taxable","12":"shipping-taxable","13":"purchasable","14":"product-type-variable"},"acf":[],"yoast_head":"<!-- This site is optimized with the Yoast SEO plugin v27.4 - https:\/\/yoast.com\/product\/yoast-seo-wordpress\/ -->\n<title>Syst\u00e8me d&#039;occultation REMIfront Renault Master - Bantam Wankm\u00fcller SA<\/title>\n<meta name=\"robots\" content=\"index, follow, max-snippet:-1, max-image-preview:large, max-video-preview:-1\" \/>\n<link rel=\"canonical\" href=\"https:\/\/shop.bantam.ch\/fr\/produit\/systeme-doccultation-remifront-renault-master\/\" \/>\n<meta property=\"og:locale\" content=\"fr_FR\" \/>\n<meta property=\"og:type\" content=\"article\" \/>\n<meta property=\"og:title\" content=\"Syst\u00e8me d&#039;occultation REMIfront Renault Master - Bantam Wankm\u00fcller SA\" \/>\n<meta property=\"og:description\" content=\"La solution d&rsquo;occultation pour les cabines de conduite permet d&rsquo;obscurcir sans probl\u00e8me la nuit et prot\u00e8ge des regards indiscrets. Le mat\u00e9riau multicouche et robuste r\u00e9duit en outre le r\u00e9chauffement\/refroidissement du v\u00e9hicule. Installation rapide dans les v\u00e9hicules neufs, facile \u00e0 Peut \u00eatre install\u00e9 ult\u00e9rieurement sur les v\u00e9hicules existants.&nbsp; Les stores avant sont fix\u00e9s aux montants A, [&hellip;]\" \/>\n<meta property=\"og:url\" content=\"https:\/\/shop.bantam.ch\/fr\/produit\/systeme-doccultation-remifront-renault-master\/\" \/>\n<meta property=\"og:site_name\" content=\"Bantam Wankm\u00fcller SA\" \/>\n<meta property=\"article:modified_time\" content=\"2026-04-17T23:00:49+00:00\" \/>\n<meta property=\"og:image\" content=\"https:\/\/shop.bantam.ch\/wp-content\/uploads\/2024\/05\/Movera-L-9948965200.jpg\" \/>\n\t<meta property=\"og:image:width\" content=\"640\" \/>\n\t<meta property=\"og:image:height\" content=\"454\" \/>\n\t<meta property=\"og:image:type\" content=\"image\/jpeg\" \/>\n<meta name=\"twitter:card\" content=\"summary_large_image\" \/>\n<meta name=\"twitter:label1\" content=\"Dur\u00e9e de lecture estim\u00e9e\" \/>\n\t<meta name=\"twitter:data1\" content=\"1 minute\" \/>\n<script type=\"application\/ld+json\" class=\"yoast-schema-graph\">{\"@context\":\"https:\\\/\\\/schema.org\",\"@graph\":[{\"@type\":\"WebPage\",\"@id\":\"https:\\\/\\\/shop.bantam.ch\\\/fr\\\/produit\\\/systeme-doccultation-remifront-renault-master\\\/\",\"url\":\"https:\\\/\\\/shop.bantam.ch\\\/fr\\\/produit\\\/systeme-doccultation-remifront-renault-master\\\/\",\"name\":\"Syst\u00e8me d'occultation REMIfront Renault Master - Bantam Wankm\u00fcller SA\",\"isPartOf\":{\"@id\":\"https:\\\/\\\/shop.bantam.ch\\\/fr\\\/#website\"},\"primaryImageOfPage\":{\"@id\":\"https:\\\/\\\/shop.bantam.ch\\\/fr\\\/produit\\\/systeme-doccultation-remifront-renault-master\\\/#primaryimage\"},\"image\":{\"@id\":\"https:\\\/\\\/shop.bantam.ch\\\/fr\\\/produit\\\/systeme-doccultation-remifront-renault-master\\\/#primaryimage\"},\"thumbnailUrl\":\"https:\\\/\\\/shop.bantam.ch\\\/wp-content\\\/uploads\\\/2024\\\/05\\\/Movera-L-9948965200.jpg\",\"datePublished\":\"2024-05-15T13:08:20+00:00\",\"dateModified\":\"2026-04-17T23:00:49+00:00\",\"breadcrumb\":{\"@id\":\"https:\\\/\\\/shop.bantam.ch\\\/fr\\\/produit\\\/systeme-doccultation-remifront-renault-master\\\/#breadcrumb\"},\"inLanguage\":\"fr-FR\",\"potentialAction\":[{\"@type\":\"ReadAction\",\"target\":[\"https:\\\/\\\/shop.bantam.ch\\\/fr\\\/produit\\\/systeme-doccultation-remifront-renault-master\\\/\"]}]},{\"@type\":\"ImageObject\",\"inLanguage\":\"fr-FR\",\"@id\":\"https:\\\/\\\/shop.bantam.ch\\\/fr\\\/produit\\\/systeme-doccultation-remifront-renault-master\\\/#primaryimage\",\"url\":\"https:\\\/\\\/shop.bantam.ch\\\/wp-content\\\/uploads\\\/2024\\\/05\\\/Movera-L-9948965200.jpg\",\"contentUrl\":\"https:\\\/\\\/shop.bantam.ch\\\/wp-content\\\/uploads\\\/2024\\\/05\\\/Movera-L-9948965200.jpg\",\"width\":640,\"height\":454},{\"@type\":\"BreadcrumbList\",\"@id\":\"https:\\\/\\\/shop.bantam.ch\\\/fr\\\/produit\\\/systeme-doccultation-remifront-renault-master\\\/#breadcrumb\",\"itemListElement\":[{\"@type\":\"ListItem\",\"position\":1,\"name\":\"Accueil\",\"item\":\"https:\\\/\\\/shop.bantam.ch\\\/fr\\\/\"},{\"@type\":\"ListItem\",\"position\":2,\"name\":\"Boutique\",\"item\":\"https:\\\/\\\/shop.bantam.ch\\\/fr\\\/boutique\\\/\"},{\"@type\":\"ListItem\",\"position\":3,\"name\":\"Syst\u00e8me d&#8217;occultation REMIfront Renault Master\"}]},{\"@type\":\"WebSite\",\"@id\":\"https:\\\/\\\/shop.bantam.ch\\\/fr\\\/#website\",\"url\":\"https:\\\/\\\/shop.bantam.ch\\\/fr\\\/\",\"name\":\"Bantam Wankm\u00fcller SA\",\"description\":\"\",\"publisher\":{\"@id\":\"https:\\\/\\\/shop.bantam.ch\\\/fr\\\/#organization\"},\"inLanguage\":\"fr-FR\"},{\"@type\":\"Organization\",\"@id\":\"https:\\\/\\\/shop.bantam.ch\\\/fr\\\/#organization\",\"name\":\"Bantam Wankm\u00fcller SA\",\"url\":\"https:\\\/\\\/shop.bantam.ch\\\/fr\\\/\",\"logo\":{\"@type\":\"ImageObject\",\"inLanguage\":\"fr-FR\",\"@id\":\"https:\\\/\\\/shop.bantam.ch\\\/fr\\\/#\\\/schema\\\/logo\\\/image\\\/\",\"url\":\"https:\\\/\\\/shop.bantam.ch\\\/wp-content\\\/uploads\\\/2022\\\/12\\\/bantam-logo.png\",\"contentUrl\":\"https:\\\/\\\/shop.bantam.ch\\\/wp-content\\\/uploads\\\/2022\\\/12\\\/bantam-logo.png\",\"width\":320,\"height\":71,\"caption\":\"Bantam Wankm\u00fcller SA\"},\"image\":{\"@id\":\"https:\\\/\\\/shop.bantam.ch\\\/fr\\\/#\\\/schema\\\/logo\\\/image\\\/\"}}]}<\/script>\n<!-- \/ Yoast SEO plugin. -->","yoast_head_json":{"title":"Syst\u00e8me d'occultation REMIfront Renault Master - Bantam Wankm\u00fcller SA","robots":{"index":"index","follow":"follow","max-snippet":"max-snippet:-1","max-image-preview":"max-image-preview:large","max-video-preview":"max-video-preview:-1"},"canonical":"https:\/\/shop.bantam.ch\/fr\/produit\/systeme-doccultation-remifront-renault-master\/","og_locale":"fr_FR","og_type":"article","og_title":"Syst\u00e8me d'occultation REMIfront Renault Master - Bantam Wankm\u00fcller SA","og_description":"La solution d&rsquo;occultation pour les cabines de conduite permet d&rsquo;obscurcir sans probl\u00e8me la nuit et prot\u00e8ge des regards indiscrets. Le mat\u00e9riau multicouche et robuste r\u00e9duit en outre le r\u00e9chauffement\/refroidissement du v\u00e9hicule. Installation rapide dans les v\u00e9hicules neufs, facile \u00e0 Peut \u00eatre install\u00e9 ult\u00e9rieurement sur les v\u00e9hicules existants.&nbsp; Les stores avant sont fix\u00e9s aux montants A, [&hellip;]","og_url":"https:\/\/shop.bantam.ch\/fr\/produit\/systeme-doccultation-remifront-renault-master\/","og_site_name":"Bantam Wankm\u00fcller SA","article_modified_time":"2026-04-17T23:00:49+00:00","og_image":[{"width":640,"height":454,"url":"https:\/\/shop.bantam.ch\/wp-content\/uploads\/2024\/05\/Movera-L-9948965200.jpg","type":"image\/jpeg"}],"twitter_card":"summary_large_image","twitter_misc":{"Dur\u00e9e de lecture estim\u00e9e":"1 minute"},"schema":{"@context":"https:\/\/schema.org","@graph":[{"@type":"WebPage","@id":"https:\/\/shop.bantam.ch\/fr\/produit\/systeme-doccultation-remifront-renault-master\/","url":"https:\/\/shop.bantam.ch\/fr\/produit\/systeme-doccultation-remifront-renault-master\/","name":"Syst\u00e8me d'occultation REMIfront Renault Master - Bantam Wankm\u00fcller SA","isPartOf":{"@id":"https:\/\/shop.bantam.ch\/fr\/#website"},"primaryImageOfPage":{"@id":"https:\/\/shop.bantam.ch\/fr\/produit\/systeme-doccultation-remifront-renault-master\/#primaryimage"},"image":{"@id":"https:\/\/shop.bantam.ch\/fr\/produit\/systeme-doccultation-remifront-renault-master\/#primaryimage"},"thumbnailUrl":"https:\/\/shop.bantam.ch\/wp-content\/uploads\/2024\/05\/Movera-L-9948965200.jpg","datePublished":"2024-05-15T13:08:20+00:00","dateModified":"2026-04-17T23:00:49+00:00","breadcrumb":{"@id":"https:\/\/shop.bantam.ch\/fr\/produit\/systeme-doccultation-remifront-renault-master\/#breadcrumb"},"inLanguage":"fr-FR","potentialAction":[{"@type":"ReadAction","target":["https:\/\/shop.bantam.ch\/fr\/produit\/systeme-doccultation-remifront-renault-master\/"]}]},{"@type":"ImageObject","inLanguage":"fr-FR","@id":"https:\/\/shop.bantam.ch\/fr\/produit\/systeme-doccultation-remifront-renault-master\/#primaryimage","url":"https:\/\/shop.bantam.ch\/wp-content\/uploads\/2024\/05\/Movera-L-9948965200.jpg","contentUrl":"https:\/\/shop.bantam.ch\/wp-content\/uploads\/2024\/05\/Movera-L-9948965200.jpg","width":640,"height":454},{"@type":"BreadcrumbList","@id":"https:\/\/shop.bantam.ch\/fr\/produit\/systeme-doccultation-remifront-renault-master\/#breadcrumb","itemListElement":[{"@type":"ListItem","position":1,"name":"Accueil","item":"https:\/\/shop.bantam.ch\/fr\/"},{"@type":"ListItem","position":2,"name":"Boutique","item":"https:\/\/shop.bantam.ch\/fr\/boutique\/"},{"@type":"ListItem","position":3,"name":"Syst\u00e8me d&#8217;occultation REMIfront Renault Master"}]},{"@type":"WebSite","@id":"https:\/\/shop.bantam.ch\/fr\/#website","url":"https:\/\/shop.bantam.ch\/fr\/","name":"Bantam Wankm\u00fcller SA","description":"","publisher":{"@id":"https:\/\/shop.bantam.ch\/fr\/#organization"},"inLanguage":"fr-FR"},{"@type":"Organization","@id":"https:\/\/shop.bantam.ch\/fr\/#organization","name":"Bantam Wankm\u00fcller SA","url":"https:\/\/shop.bantam.ch\/fr\/","logo":{"@type":"ImageObject","inLanguage":"fr-FR","@id":"https:\/\/shop.bantam.ch\/fr\/#\/schema\/logo\/image\/","url":"https:\/\/shop.bantam.ch\/wp-content\/uploads\/2022\/12\/bantam-logo.png","contentUrl":"https:\/\/shop.bantam.ch\/wp-content\/uploads\/2022\/12\/bantam-logo.png","width":320,"height":71,"caption":"Bantam Wankm\u00fcller SA"},"image":{"@id":"https:\/\/shop.bantam.ch\/fr\/#\/schema\/logo\/image\/"}}]}},"_links":{"self":[{"href":"https:\/\/shop.bantam.ch\/fr\/wp-json\/wp\/v2\/product\/194508","targetHints":{"allow":["GET"]}}],"collection":[{"href":"https:\/\/shop.bantam.ch\/fr\/wp-json\/wp\/v2\/product"}],"about":[{"href":"https:\/\/shop.bantam.ch\/fr\/wp-json\/wp\/v2\/types\/product"}],"wp:featuredmedia":[{"embeddable":true,"href":"https:\/\/shop.bantam.ch\/fr\/wp-json\/wp\/v2\/media\/194502"}],"wp:attachment":[{"href":"https:\/\/shop.bantam.ch\/fr\/wp-json\/wp\/v2\/media?parent=194508"}],"wp:term":[{"taxonomy":"product_featured_cat","embeddable":true,"href":"https:\/\/shop.bantam.ch\/fr\/wp-json\/wp\/v2\/product_featured_cat?post=194508"},{"taxonomy":"product_brand","embeddable":true,"href":"https:\/\/shop.bantam.ch\/fr\/wp-json\/wp\/v2\/product_brand?post=194508"},{"taxonomy":"product_cat","embeddable":true,"href":"https:\/\/shop.bantam.ch\/fr\/wp-json\/wp\/v2\/product_cat?post=194508"},{"taxonomy":"product_tag","embeddable":true,"href":"https:\/\/shop.bantam.ch\/fr\/wp-json\/wp\/v2\/product_tag?post=194508"}],"curies":[{"name":"wp","href":"https:\/\/api.w.org\/{rel}","templated":true}]}}