{"id":194458,"date":"2024-05-15T15:07:20","date_gmt":"2024-05-15T13:07:20","guid":{"rendered":"https:\/\/shop.bantam.ch\/produit\/detecteur-de-fumee-cavius-2007-40-mm\/"},"modified":"2026-04-18T23:05:42","modified_gmt":"2026-04-18T21:05:42","slug":"detecteur-de-fumee-cavius-2007-40-mm","status":"publish","type":"product","link":"https:\/\/shop.bantam.ch\/fr\/produit\/detecteur-de-fumee-cavius-2007-40-mm\/","title":{"rendered":"D\u00e9tecteur de fum\u00e9e Cavius 2007 40 mm"},"content":{"rendered":"<p>Le d\u00e9tecteur de fum\u00e9e 10 ans CAVIUS type 2007 est aliment\u00e9 par une pile 3 V int\u00e9gr\u00e9e et est, avec seulement 4 cm, le plus petit d\u00e9tecteur de fum\u00e9e du monde. D\u00e9tecteur de fum\u00e9e \u00e0 installer conform\u00e9ment \u00e0 la norme DIN 14676. Avec alimentation \u00e9lectrique longue dur\u00e9e (non amovible) pour 10 ans de fonctionnement. Grand bouton central pour le test de fonctionnement et la mise en sourdine (10 minutes) des alarmes et l&rsquo;affichage de fin de vie Affichage LED des alarmes, des dysfonctionnements et de l&rsquo;\u00e9tat de fonctionnement.&nbsp;<\/p>\n<ul>\n<li>Niveau max. Hauteur de la pi\u00e8ce : 6 m<\/li>\n<li>Hauteur max. Surface de surveillance par d\u00e9tecteur : 60 m\u00b2.<\/li>\n<li>Dur\u00e9e de vie des piles : env. 10 ans&nbsp;<\/li>\n<\/ul>\n<p>Contenu de la livraison :<br \/>\nAlimentation \u00e9lectrique, mat\u00e9riel de montage et mode d&#8217;emploi inclus<\/p>\n","protected":false},"excerpt":{"rendered":"<p>Le d\u00e9tecteur de fum\u00e9e 10 ans CAVIUS type 2007 est aliment\u00e9 par une pile 3 V int\u00e9gr\u00e9e et est, avec seulement 4 cm, le plus petit d\u00e9tecteur de fum\u00e9e du monde. D\u00e9tecteur de fum\u00e9e \u00e0 installer conform\u00e9ment \u00e0 la norme DIN 14676. Avec alimentation \u00e9lectrique longue dur\u00e9e (non amovible) pour 10 ans de fonctionnement. Grand [&hellip;]<\/p>\n","protected":false},"featured_media":206432,"template":"","meta":{"_acf_changed":false},"product_featured_cat":[],"product_brand":[3362],"product_cat":[5053],"product_tag":[],"class_list":{"0":"post-194458","1":"product","2":"type-product","3":"status-publish","4":"has-post-thumbnail","6":"product_brand-gloria","7":"product_cat-alarmes-a-gaz","9":"first","10":"instock","11":"taxable","12":"shipping-taxable","13":"purchasable","14":"product-type-simple"},"acf":[],"yoast_head":"<!-- This site is optimized with the Yoast SEO plugin v27.4 - https:\/\/yoast.com\/product\/yoast-seo-wordpress\/ -->\n<title>D\u00e9tecteur de fum\u00e9e Cavius 2007 40 mm - Bantam Wankm\u00fcller SA<\/title>\n<meta name=\"robots\" content=\"index, follow, max-snippet:-1, max-image-preview:large, max-video-preview:-1\" \/>\n<link rel=\"canonical\" href=\"https:\/\/shop.bantam.ch\/fr\/produit\/detecteur-de-fumee-cavius-2007-40-mm\/\" \/>\n<meta property=\"og:locale\" content=\"fr_FR\" \/>\n<meta property=\"og:type\" content=\"article\" \/>\n<meta property=\"og:title\" content=\"D\u00e9tecteur de fum\u00e9e Cavius 2007 40 mm - Bantam Wankm\u00fcller SA\" \/>\n<meta property=\"og:description\" content=\"Le d\u00e9tecteur de fum\u00e9e 10 ans CAVIUS type 2007 est aliment\u00e9 par une pile 3 V int\u00e9gr\u00e9e et est, avec seulement 4 cm, le plus petit d\u00e9tecteur de fum\u00e9e du monde. D\u00e9tecteur de fum\u00e9e \u00e0 installer conform\u00e9ment \u00e0 la norme DIN 14676. Avec alimentation \u00e9lectrique longue dur\u00e9e (non amovible) pour 10 ans de fonctionnement. Grand [&hellip;]\" \/>\n<meta property=\"og:url\" content=\"https:\/\/shop.bantam.ch\/fr\/produit\/detecteur-de-fumee-cavius-2007-40-mm\/\" \/>\n<meta property=\"og:site_name\" content=\"Bantam Wankm\u00fcller SA\" \/>\n<meta property=\"article:modified_time\" content=\"2026-04-18T21:05:42+00:00\" \/>\n<meta property=\"og:image\" content=\"https:\/\/shop.bantam.ch\/wp-content\/uploads\/2024\/09\/Movera-L-9948975100.jpg\" \/>\n\t<meta property=\"og:image:width\" content=\"640\" \/>\n\t<meta property=\"og:image:height\" content=\"323\" \/>\n\t<meta property=\"og:image:type\" content=\"image\/jpeg\" \/>\n<meta name=\"twitter:card\" content=\"summary_large_image\" \/>\n<meta name=\"twitter:label1\" content=\"Dur\u00e9e de lecture estim\u00e9e\" \/>\n\t<meta name=\"twitter:data1\" content=\"1 minute\" \/>\n<script type=\"application\/ld+json\" class=\"yoast-schema-graph\">{\"@context\":\"https:\\\/\\\/schema.org\",\"@graph\":[{\"@type\":\"WebPage\",\"@id\":\"https:\\\/\\\/shop.bantam.ch\\\/fr\\\/produit\\\/detecteur-de-fumee-cavius-2007-40-mm\\\/\",\"url\":\"https:\\\/\\\/shop.bantam.ch\\\/fr\\\/produit\\\/detecteur-de-fumee-cavius-2007-40-mm\\\/\",\"name\":\"D\u00e9tecteur de fum\u00e9e Cavius 2007 40 mm - Bantam Wankm\u00fcller SA\",\"isPartOf\":{\"@id\":\"https:\\\/\\\/shop.bantam.ch\\\/fr\\\/#website\"},\"primaryImageOfPage\":{\"@id\":\"https:\\\/\\\/shop.bantam.ch\\\/fr\\\/produit\\\/detecteur-de-fumee-cavius-2007-40-mm\\\/#primaryimage\"},\"image\":{\"@id\":\"https:\\\/\\\/shop.bantam.ch\\\/fr\\\/produit\\\/detecteur-de-fumee-cavius-2007-40-mm\\\/#primaryimage\"},\"thumbnailUrl\":\"https:\\\/\\\/shop.bantam.ch\\\/wp-content\\\/uploads\\\/2024\\\/09\\\/Movera-L-9948975100.jpg\",\"datePublished\":\"2024-05-15T13:07:20+00:00\",\"dateModified\":\"2026-04-18T21:05:42+00:00\",\"breadcrumb\":{\"@id\":\"https:\\\/\\\/shop.bantam.ch\\\/fr\\\/produit\\\/detecteur-de-fumee-cavius-2007-40-mm\\\/#breadcrumb\"},\"inLanguage\":\"fr-FR\",\"potentialAction\":[{\"@type\":\"ReadAction\",\"target\":[\"https:\\\/\\\/shop.bantam.ch\\\/fr\\\/produit\\\/detecteur-de-fumee-cavius-2007-40-mm\\\/\"]}]},{\"@type\":\"ImageObject\",\"inLanguage\":\"fr-FR\",\"@id\":\"https:\\\/\\\/shop.bantam.ch\\\/fr\\\/produit\\\/detecteur-de-fumee-cavius-2007-40-mm\\\/#primaryimage\",\"url\":\"https:\\\/\\\/shop.bantam.ch\\\/wp-content\\\/uploads\\\/2024\\\/09\\\/Movera-L-9948975100.jpg\",\"contentUrl\":\"https:\\\/\\\/shop.bantam.ch\\\/wp-content\\\/uploads\\\/2024\\\/09\\\/Movera-L-9948975100.jpg\",\"width\":640,\"height\":323},{\"@type\":\"BreadcrumbList\",\"@id\":\"https:\\\/\\\/shop.bantam.ch\\\/fr\\\/produit\\\/detecteur-de-fumee-cavius-2007-40-mm\\\/#breadcrumb\",\"itemListElement\":[{\"@type\":\"ListItem\",\"position\":1,\"name\":\"Accueil\",\"item\":\"https:\\\/\\\/shop.bantam.ch\\\/fr\\\/\"},{\"@type\":\"ListItem\",\"position\":2,\"name\":\"Boutique\",\"item\":\"https:\\\/\\\/shop.bantam.ch\\\/fr\\\/boutique\\\/\"},{\"@type\":\"ListItem\",\"position\":3,\"name\":\"D\u00e9tecteur de fum\u00e9e Cavius 2007 40 mm\"}]},{\"@type\":\"WebSite\",\"@id\":\"https:\\\/\\\/shop.bantam.ch\\\/fr\\\/#website\",\"url\":\"https:\\\/\\\/shop.bantam.ch\\\/fr\\\/\",\"name\":\"Bantam Wankm\u00fcller SA\",\"description\":\"\",\"publisher\":{\"@id\":\"https:\\\/\\\/shop.bantam.ch\\\/fr\\\/#organization\"},\"inLanguage\":\"fr-FR\"},{\"@type\":\"Organization\",\"@id\":\"https:\\\/\\\/shop.bantam.ch\\\/fr\\\/#organization\",\"name\":\"Bantam Wankm\u00fcller SA\",\"url\":\"https:\\\/\\\/shop.bantam.ch\\\/fr\\\/\",\"logo\":{\"@type\":\"ImageObject\",\"inLanguage\":\"fr-FR\",\"@id\":\"https:\\\/\\\/shop.bantam.ch\\\/fr\\\/#\\\/schema\\\/logo\\\/image\\\/\",\"url\":\"https:\\\/\\\/shop.bantam.ch\\\/wp-content\\\/uploads\\\/2022\\\/12\\\/bantam-logo.png\",\"contentUrl\":\"https:\\\/\\\/shop.bantam.ch\\\/wp-content\\\/uploads\\\/2022\\\/12\\\/bantam-logo.png\",\"width\":320,\"height\":71,\"caption\":\"Bantam Wankm\u00fcller SA\"},\"image\":{\"@id\":\"https:\\\/\\\/shop.bantam.ch\\\/fr\\\/#\\\/schema\\\/logo\\\/image\\\/\"}}]}<\/script>\n<!-- \/ Yoast SEO plugin. -->","yoast_head_json":{"title":"D\u00e9tecteur de fum\u00e9e Cavius 2007 40 mm - Bantam Wankm\u00fcller SA","robots":{"index":"index","follow":"follow","max-snippet":"max-snippet:-1","max-image-preview":"max-image-preview:large","max-video-preview":"max-video-preview:-1"},"canonical":"https:\/\/shop.bantam.ch\/fr\/produit\/detecteur-de-fumee-cavius-2007-40-mm\/","og_locale":"fr_FR","og_type":"article","og_title":"D\u00e9tecteur de fum\u00e9e Cavius 2007 40 mm - Bantam Wankm\u00fcller SA","og_description":"Le d\u00e9tecteur de fum\u00e9e 10 ans CAVIUS type 2007 est aliment\u00e9 par une pile 3 V int\u00e9gr\u00e9e et est, avec seulement 4 cm, le plus petit d\u00e9tecteur de fum\u00e9e du monde. D\u00e9tecteur de fum\u00e9e \u00e0 installer conform\u00e9ment \u00e0 la norme DIN 14676. Avec alimentation \u00e9lectrique longue dur\u00e9e (non amovible) pour 10 ans de fonctionnement. Grand [&hellip;]","og_url":"https:\/\/shop.bantam.ch\/fr\/produit\/detecteur-de-fumee-cavius-2007-40-mm\/","og_site_name":"Bantam Wankm\u00fcller SA","article_modified_time":"2026-04-18T21:05:42+00:00","og_image":[{"width":640,"height":323,"url":"https:\/\/shop.bantam.ch\/wp-content\/uploads\/2024\/09\/Movera-L-9948975100.jpg","type":"image\/jpeg"}],"twitter_card":"summary_large_image","twitter_misc":{"Dur\u00e9e de lecture estim\u00e9e":"1 minute"},"schema":{"@context":"https:\/\/schema.org","@graph":[{"@type":"WebPage","@id":"https:\/\/shop.bantam.ch\/fr\/produit\/detecteur-de-fumee-cavius-2007-40-mm\/","url":"https:\/\/shop.bantam.ch\/fr\/produit\/detecteur-de-fumee-cavius-2007-40-mm\/","name":"D\u00e9tecteur de fum\u00e9e Cavius 2007 40 mm - Bantam Wankm\u00fcller SA","isPartOf":{"@id":"https:\/\/shop.bantam.ch\/fr\/#website"},"primaryImageOfPage":{"@id":"https:\/\/shop.bantam.ch\/fr\/produit\/detecteur-de-fumee-cavius-2007-40-mm\/#primaryimage"},"image":{"@id":"https:\/\/shop.bantam.ch\/fr\/produit\/detecteur-de-fumee-cavius-2007-40-mm\/#primaryimage"},"thumbnailUrl":"https:\/\/shop.bantam.ch\/wp-content\/uploads\/2024\/09\/Movera-L-9948975100.jpg","datePublished":"2024-05-15T13:07:20+00:00","dateModified":"2026-04-18T21:05:42+00:00","breadcrumb":{"@id":"https:\/\/shop.bantam.ch\/fr\/produit\/detecteur-de-fumee-cavius-2007-40-mm\/#breadcrumb"},"inLanguage":"fr-FR","potentialAction":[{"@type":"ReadAction","target":["https:\/\/shop.bantam.ch\/fr\/produit\/detecteur-de-fumee-cavius-2007-40-mm\/"]}]},{"@type":"ImageObject","inLanguage":"fr-FR","@id":"https:\/\/shop.bantam.ch\/fr\/produit\/detecteur-de-fumee-cavius-2007-40-mm\/#primaryimage","url":"https:\/\/shop.bantam.ch\/wp-content\/uploads\/2024\/09\/Movera-L-9948975100.jpg","contentUrl":"https:\/\/shop.bantam.ch\/wp-content\/uploads\/2024\/09\/Movera-L-9948975100.jpg","width":640,"height":323},{"@type":"BreadcrumbList","@id":"https:\/\/shop.bantam.ch\/fr\/produit\/detecteur-de-fumee-cavius-2007-40-mm\/#breadcrumb","itemListElement":[{"@type":"ListItem","position":1,"name":"Accueil","item":"https:\/\/shop.bantam.ch\/fr\/"},{"@type":"ListItem","position":2,"name":"Boutique","item":"https:\/\/shop.bantam.ch\/fr\/boutique\/"},{"@type":"ListItem","position":3,"name":"D\u00e9tecteur de fum\u00e9e Cavius 2007 40 mm"}]},{"@type":"WebSite","@id":"https:\/\/shop.bantam.ch\/fr\/#website","url":"https:\/\/shop.bantam.ch\/fr\/","name":"Bantam Wankm\u00fcller SA","description":"","publisher":{"@id":"https:\/\/shop.bantam.ch\/fr\/#organization"},"inLanguage":"fr-FR"},{"@type":"Organization","@id":"https:\/\/shop.bantam.ch\/fr\/#organization","name":"Bantam Wankm\u00fcller SA","url":"https:\/\/shop.bantam.ch\/fr\/","logo":{"@type":"ImageObject","inLanguage":"fr-FR","@id":"https:\/\/shop.bantam.ch\/fr\/#\/schema\/logo\/image\/","url":"https:\/\/shop.bantam.ch\/wp-content\/uploads\/2022\/12\/bantam-logo.png","contentUrl":"https:\/\/shop.bantam.ch\/wp-content\/uploads\/2022\/12\/bantam-logo.png","width":320,"height":71,"caption":"Bantam Wankm\u00fcller SA"},"image":{"@id":"https:\/\/shop.bantam.ch\/fr\/#\/schema\/logo\/image\/"}}]}},"_links":{"self":[{"href":"https:\/\/shop.bantam.ch\/fr\/wp-json\/wp\/v2\/product\/194458","targetHints":{"allow":["GET"]}}],"collection":[{"href":"https:\/\/shop.bantam.ch\/fr\/wp-json\/wp\/v2\/product"}],"about":[{"href":"https:\/\/shop.bantam.ch\/fr\/wp-json\/wp\/v2\/types\/product"}],"wp:featuredmedia":[{"embeddable":true,"href":"https:\/\/shop.bantam.ch\/fr\/wp-json\/wp\/v2\/media\/206432"}],"wp:attachment":[{"href":"https:\/\/shop.bantam.ch\/fr\/wp-json\/wp\/v2\/media?parent=194458"}],"wp:term":[{"taxonomy":"product_featured_cat","embeddable":true,"href":"https:\/\/shop.bantam.ch\/fr\/wp-json\/wp\/v2\/product_featured_cat?post=194458"},{"taxonomy":"product_brand","embeddable":true,"href":"https:\/\/shop.bantam.ch\/fr\/wp-json\/wp\/v2\/product_brand?post=194458"},{"taxonomy":"product_cat","embeddable":true,"href":"https:\/\/shop.bantam.ch\/fr\/wp-json\/wp\/v2\/product_cat?post=194458"},{"taxonomy":"product_tag","embeddable":true,"href":"https:\/\/shop.bantam.ch\/fr\/wp-json\/wp\/v2\/product_tag?post=194458"}],"curies":[{"name":"wp","href":"https:\/\/api.w.org\/{rel}","templated":true}]}}