{"id":194418,"date":"2024-05-15T15:06:28","date_gmt":"2024-05-15T13:06:28","guid":{"rendered":"https:\/\/shop.bantam.ch\/produit\/adapter-e-gaslevel-e-trailer-pour-bouteilles-de-gaz-en-alu\/"},"modified":"2026-04-21T23:06:19","modified_gmt":"2026-04-21T21:06:19","slug":"adapter-e-gaslevel-e-trailer-pour-bouteilles-de-gaz-en-alu","status":"publish","type":"product","link":"https:\/\/shop.bantam.ch\/fr\/produit\/adapter-e-gaslevel-e-trailer-pour-bouteilles-de-gaz-en-alu\/","title":{"rendered":"Adapter E-Gaslevel E-Trailer pour bouteilles de gaz en alu"},"content":{"rendered":"<p>Gr\u00e2ce au module E-Gaslevel, vous pouvez v\u00e9rifier en permanence le niveau de votre bouteille de gaz sur votre smartphone. Le capteur est fix\u00e9 \u00e0 la base de la bouteille de gaz par un aimant. Dans le cas de bouteilles de gaz en aluminium, l\u2019adaptateur E-Gaslevel permet de fixer le capteur \u00e0 la base de la bouteille en toute fiabilit\u00e9. Vous pouvez ainsi consulter le niveau de la bouteille via l\u2019application E-Trailer.<\/p>\n","protected":false},"excerpt":{"rendered":"<p>Gr\u00e2ce au module E-Gaslevel, vous pouvez v\u00e9rifier en permanence le niveau de votre bouteille de gaz sur votre smartphone. Le capteur est fix\u00e9 \u00e0 la base de la bouteille de gaz par un aimant. Dans le cas de bouteilles de gaz en aluminium, l\u2019adaptateur E-Gaslevel permet de fixer le capteur \u00e0 la base de la [&hellip;]<\/p>\n","protected":false},"featured_media":206416,"template":"","meta":{"_acf_changed":false},"product_featured_cat":[],"product_brand":[3522],"product_cat":[4661],"product_tag":[],"class_list":{"0":"post-194418","1":"product","2":"type-product","3":"status-publish","4":"has-post-thumbnail","6":"product_brand-e-trailer","7":"product_cat-smart-home","9":"first","10":"instock","11":"taxable","12":"shipping-taxable","13":"purchasable","14":"product-type-simple"},"acf":[],"yoast_head":"<!-- This site is optimized with the Yoast SEO plugin v27.4 - https:\/\/yoast.com\/product\/yoast-seo-wordpress\/ -->\n<title>Adapter E-Gaslevel E-Trailer pour bouteilles de gaz en alu - Bantam Wankm\u00fcller SA<\/title>\n<meta name=\"robots\" content=\"index, follow, max-snippet:-1, max-image-preview:large, max-video-preview:-1\" \/>\n<link rel=\"canonical\" href=\"https:\/\/shop.bantam.ch\/fr\/produit\/adapter-e-gaslevel-e-trailer-pour-bouteilles-de-gaz-en-alu\/\" \/>\n<meta property=\"og:locale\" content=\"fr_FR\" \/>\n<meta property=\"og:type\" content=\"article\" \/>\n<meta property=\"og:title\" content=\"Adapter E-Gaslevel E-Trailer pour bouteilles de gaz en alu - Bantam Wankm\u00fcller SA\" \/>\n<meta property=\"og:description\" content=\"Gr\u00e2ce au module E-Gaslevel, vous pouvez v\u00e9rifier en permanence le niveau de votre bouteille de gaz sur votre smartphone. Le capteur est fix\u00e9 \u00e0 la base de la bouteille de gaz par un aimant. Dans le cas de bouteilles de gaz en aluminium, l\u2019adaptateur E-Gaslevel permet de fixer le capteur \u00e0 la base de la [&hellip;]\" \/>\n<meta property=\"og:url\" content=\"https:\/\/shop.bantam.ch\/fr\/produit\/adapter-e-gaslevel-e-trailer-pour-bouteilles-de-gaz-en-alu\/\" \/>\n<meta property=\"og:site_name\" content=\"Bantam Wankm\u00fcller SA\" \/>\n<meta property=\"article:modified_time\" content=\"2026-04-21T21:06:19+00:00\" \/>\n<meta property=\"og:image\" content=\"https:\/\/shop.bantam.ch\/wp-content\/uploads\/2024\/05\/Movera-L-9948623100.jpg\" \/>\n\t<meta property=\"og:image:width\" content=\"640\" \/>\n\t<meta property=\"og:image:height\" content=\"640\" \/>\n\t<meta property=\"og:image:type\" content=\"image\/jpeg\" \/>\n<meta name=\"twitter:card\" content=\"summary_large_image\" \/>\n<script type=\"application\/ld+json\" class=\"yoast-schema-graph\">{\"@context\":\"https:\\\/\\\/schema.org\",\"@graph\":[{\"@type\":\"WebPage\",\"@id\":\"https:\\\/\\\/shop.bantam.ch\\\/fr\\\/produit\\\/adapter-e-gaslevel-e-trailer-pour-bouteilles-de-gaz-en-alu\\\/\",\"url\":\"https:\\\/\\\/shop.bantam.ch\\\/fr\\\/produit\\\/adapter-e-gaslevel-e-trailer-pour-bouteilles-de-gaz-en-alu\\\/\",\"name\":\"Adapter E-Gaslevel E-Trailer pour bouteilles de gaz en alu - Bantam Wankm\u00fcller SA\",\"isPartOf\":{\"@id\":\"https:\\\/\\\/shop.bantam.ch\\\/fr\\\/#website\"},\"primaryImageOfPage\":{\"@id\":\"https:\\\/\\\/shop.bantam.ch\\\/fr\\\/produit\\\/adapter-e-gaslevel-e-trailer-pour-bouteilles-de-gaz-en-alu\\\/#primaryimage\"},\"image\":{\"@id\":\"https:\\\/\\\/shop.bantam.ch\\\/fr\\\/produit\\\/adapter-e-gaslevel-e-trailer-pour-bouteilles-de-gaz-en-alu\\\/#primaryimage\"},\"thumbnailUrl\":\"https:\\\/\\\/shop.bantam.ch\\\/wp-content\\\/uploads\\\/2024\\\/09\\\/Movera-L-9948623100.jpg\",\"datePublished\":\"2024-05-15T13:06:28+00:00\",\"dateModified\":\"2026-04-21T21:06:19+00:00\",\"breadcrumb\":{\"@id\":\"https:\\\/\\\/shop.bantam.ch\\\/fr\\\/produit\\\/adapter-e-gaslevel-e-trailer-pour-bouteilles-de-gaz-en-alu\\\/#breadcrumb\"},\"inLanguage\":\"fr-FR\",\"potentialAction\":[{\"@type\":\"ReadAction\",\"target\":[\"https:\\\/\\\/shop.bantam.ch\\\/fr\\\/produit\\\/adapter-e-gaslevel-e-trailer-pour-bouteilles-de-gaz-en-alu\\\/\"]}]},{\"@type\":\"ImageObject\",\"inLanguage\":\"fr-FR\",\"@id\":\"https:\\\/\\\/shop.bantam.ch\\\/fr\\\/produit\\\/adapter-e-gaslevel-e-trailer-pour-bouteilles-de-gaz-en-alu\\\/#primaryimage\",\"url\":\"https:\\\/\\\/shop.bantam.ch\\\/wp-content\\\/uploads\\\/2024\\\/09\\\/Movera-L-9948623100.jpg\",\"contentUrl\":\"https:\\\/\\\/shop.bantam.ch\\\/wp-content\\\/uploads\\\/2024\\\/09\\\/Movera-L-9948623100.jpg\",\"width\":640,\"height\":640},{\"@type\":\"BreadcrumbList\",\"@id\":\"https:\\\/\\\/shop.bantam.ch\\\/fr\\\/produit\\\/adapter-e-gaslevel-e-trailer-pour-bouteilles-de-gaz-en-alu\\\/#breadcrumb\",\"itemListElement\":[{\"@type\":\"ListItem\",\"position\":1,\"name\":\"Accueil\",\"item\":\"https:\\\/\\\/shop.bantam.ch\\\/fr\\\/\"},{\"@type\":\"ListItem\",\"position\":2,\"name\":\"Boutique\",\"item\":\"https:\\\/\\\/shop.bantam.ch\\\/fr\\\/boutique\\\/\"},{\"@type\":\"ListItem\",\"position\":3,\"name\":\"Adapter E-Gaslevel E-Trailer pour bouteilles de gaz en alu\"}]},{\"@type\":\"WebSite\",\"@id\":\"https:\\\/\\\/shop.bantam.ch\\\/fr\\\/#website\",\"url\":\"https:\\\/\\\/shop.bantam.ch\\\/fr\\\/\",\"name\":\"Bantam Wankm\u00fcller SA\",\"description\":\"\",\"publisher\":{\"@id\":\"https:\\\/\\\/shop.bantam.ch\\\/fr\\\/#organization\"},\"inLanguage\":\"fr-FR\"},{\"@type\":\"Organization\",\"@id\":\"https:\\\/\\\/shop.bantam.ch\\\/fr\\\/#organization\",\"name\":\"Bantam Wankm\u00fcller SA\",\"url\":\"https:\\\/\\\/shop.bantam.ch\\\/fr\\\/\",\"logo\":{\"@type\":\"ImageObject\",\"inLanguage\":\"fr-FR\",\"@id\":\"https:\\\/\\\/shop.bantam.ch\\\/fr\\\/#\\\/schema\\\/logo\\\/image\\\/\",\"url\":\"https:\\\/\\\/shop.bantam.ch\\\/wp-content\\\/uploads\\\/2022\\\/12\\\/bantam-logo.png\",\"contentUrl\":\"https:\\\/\\\/shop.bantam.ch\\\/wp-content\\\/uploads\\\/2022\\\/12\\\/bantam-logo.png\",\"width\":320,\"height\":71,\"caption\":\"Bantam Wankm\u00fcller SA\"},\"image\":{\"@id\":\"https:\\\/\\\/shop.bantam.ch\\\/fr\\\/#\\\/schema\\\/logo\\\/image\\\/\"}}]}<\/script>\n<!-- \/ Yoast SEO plugin. -->","yoast_head_json":{"title":"Adapter E-Gaslevel E-Trailer pour bouteilles de gaz en alu - Bantam Wankm\u00fcller SA","robots":{"index":"index","follow":"follow","max-snippet":"max-snippet:-1","max-image-preview":"max-image-preview:large","max-video-preview":"max-video-preview:-1"},"canonical":"https:\/\/shop.bantam.ch\/fr\/produit\/adapter-e-gaslevel-e-trailer-pour-bouteilles-de-gaz-en-alu\/","og_locale":"fr_FR","og_type":"article","og_title":"Adapter E-Gaslevel E-Trailer pour bouteilles de gaz en alu - Bantam Wankm\u00fcller SA","og_description":"Gr\u00e2ce au module E-Gaslevel, vous pouvez v\u00e9rifier en permanence le niveau de votre bouteille de gaz sur votre smartphone. Le capteur est fix\u00e9 \u00e0 la base de la bouteille de gaz par un aimant. Dans le cas de bouteilles de gaz en aluminium, l\u2019adaptateur E-Gaslevel permet de fixer le capteur \u00e0 la base de la [&hellip;]","og_url":"https:\/\/shop.bantam.ch\/fr\/produit\/adapter-e-gaslevel-e-trailer-pour-bouteilles-de-gaz-en-alu\/","og_site_name":"Bantam Wankm\u00fcller SA","article_modified_time":"2026-04-21T21:06:19+00:00","og_image":[{"width":640,"height":640,"url":"https:\/\/shop.bantam.ch\/wp-content\/uploads\/2024\/05\/Movera-L-9948623100.jpg","type":"image\/jpeg"}],"twitter_card":"summary_large_image","schema":{"@context":"https:\/\/schema.org","@graph":[{"@type":"WebPage","@id":"https:\/\/shop.bantam.ch\/fr\/produit\/adapter-e-gaslevel-e-trailer-pour-bouteilles-de-gaz-en-alu\/","url":"https:\/\/shop.bantam.ch\/fr\/produit\/adapter-e-gaslevel-e-trailer-pour-bouteilles-de-gaz-en-alu\/","name":"Adapter E-Gaslevel E-Trailer pour bouteilles de gaz en alu - Bantam Wankm\u00fcller SA","isPartOf":{"@id":"https:\/\/shop.bantam.ch\/fr\/#website"},"primaryImageOfPage":{"@id":"https:\/\/shop.bantam.ch\/fr\/produit\/adapter-e-gaslevel-e-trailer-pour-bouteilles-de-gaz-en-alu\/#primaryimage"},"image":{"@id":"https:\/\/shop.bantam.ch\/fr\/produit\/adapter-e-gaslevel-e-trailer-pour-bouteilles-de-gaz-en-alu\/#primaryimage"},"thumbnailUrl":"https:\/\/shop.bantam.ch\/wp-content\/uploads\/2024\/09\/Movera-L-9948623100.jpg","datePublished":"2024-05-15T13:06:28+00:00","dateModified":"2026-04-21T21:06:19+00:00","breadcrumb":{"@id":"https:\/\/shop.bantam.ch\/fr\/produit\/adapter-e-gaslevel-e-trailer-pour-bouteilles-de-gaz-en-alu\/#breadcrumb"},"inLanguage":"fr-FR","potentialAction":[{"@type":"ReadAction","target":["https:\/\/shop.bantam.ch\/fr\/produit\/adapter-e-gaslevel-e-trailer-pour-bouteilles-de-gaz-en-alu\/"]}]},{"@type":"ImageObject","inLanguage":"fr-FR","@id":"https:\/\/shop.bantam.ch\/fr\/produit\/adapter-e-gaslevel-e-trailer-pour-bouteilles-de-gaz-en-alu\/#primaryimage","url":"https:\/\/shop.bantam.ch\/wp-content\/uploads\/2024\/09\/Movera-L-9948623100.jpg","contentUrl":"https:\/\/shop.bantam.ch\/wp-content\/uploads\/2024\/09\/Movera-L-9948623100.jpg","width":640,"height":640},{"@type":"BreadcrumbList","@id":"https:\/\/shop.bantam.ch\/fr\/produit\/adapter-e-gaslevel-e-trailer-pour-bouteilles-de-gaz-en-alu\/#breadcrumb","itemListElement":[{"@type":"ListItem","position":1,"name":"Accueil","item":"https:\/\/shop.bantam.ch\/fr\/"},{"@type":"ListItem","position":2,"name":"Boutique","item":"https:\/\/shop.bantam.ch\/fr\/boutique\/"},{"@type":"ListItem","position":3,"name":"Adapter E-Gaslevel E-Trailer pour bouteilles de gaz en alu"}]},{"@type":"WebSite","@id":"https:\/\/shop.bantam.ch\/fr\/#website","url":"https:\/\/shop.bantam.ch\/fr\/","name":"Bantam Wankm\u00fcller SA","description":"","publisher":{"@id":"https:\/\/shop.bantam.ch\/fr\/#organization"},"inLanguage":"fr-FR"},{"@type":"Organization","@id":"https:\/\/shop.bantam.ch\/fr\/#organization","name":"Bantam Wankm\u00fcller SA","url":"https:\/\/shop.bantam.ch\/fr\/","logo":{"@type":"ImageObject","inLanguage":"fr-FR","@id":"https:\/\/shop.bantam.ch\/fr\/#\/schema\/logo\/image\/","url":"https:\/\/shop.bantam.ch\/wp-content\/uploads\/2022\/12\/bantam-logo.png","contentUrl":"https:\/\/shop.bantam.ch\/wp-content\/uploads\/2022\/12\/bantam-logo.png","width":320,"height":71,"caption":"Bantam Wankm\u00fcller SA"},"image":{"@id":"https:\/\/shop.bantam.ch\/fr\/#\/schema\/logo\/image\/"}}]}},"_links":{"self":[{"href":"https:\/\/shop.bantam.ch\/fr\/wp-json\/wp\/v2\/product\/194418","targetHints":{"allow":["GET"]}}],"collection":[{"href":"https:\/\/shop.bantam.ch\/fr\/wp-json\/wp\/v2\/product"}],"about":[{"href":"https:\/\/shop.bantam.ch\/fr\/wp-json\/wp\/v2\/types\/product"}],"wp:featuredmedia":[{"embeddable":true,"href":"https:\/\/shop.bantam.ch\/fr\/wp-json\/wp\/v2\/media\/206416"}],"wp:attachment":[{"href":"https:\/\/shop.bantam.ch\/fr\/wp-json\/wp\/v2\/media?parent=194418"}],"wp:term":[{"taxonomy":"product_featured_cat","embeddable":true,"href":"https:\/\/shop.bantam.ch\/fr\/wp-json\/wp\/v2\/product_featured_cat?post=194418"},{"taxonomy":"product_brand","embeddable":true,"href":"https:\/\/shop.bantam.ch\/fr\/wp-json\/wp\/v2\/product_brand?post=194418"},{"taxonomy":"product_cat","embeddable":true,"href":"https:\/\/shop.bantam.ch\/fr\/wp-json\/wp\/v2\/product_cat?post=194418"},{"taxonomy":"product_tag","embeddable":true,"href":"https:\/\/shop.bantam.ch\/fr\/wp-json\/wp\/v2\/product_tag?post=194418"}],"curies":[{"name":"wp","href":"https:\/\/api.w.org\/{rel}","templated":true}]}}