{"id":194392,"date":"2024-05-15T15:05:37","date_gmt":"2024-05-15T13:05:37","guid":{"rendered":"https:\/\/shop.bantam.ch\/produit\/store-de-porte-wigo-sonny-150-x-95-cm-argent-gris\/"},"modified":"2026-04-18T23:05:28","modified_gmt":"2026-04-18T21:05:28","slug":"store-de-porte-wigo-sonny-150-x-95-cm-argent-gris","status":"publish","type":"product","link":"https:\/\/shop.bantam.ch\/fr\/produit\/store-de-porte-wigo-sonny-150-x-95-cm-argent-gris\/","title":{"rendered":"Store de porte Wigo Sonny 150 x 95\u00a0cm argent\/gris"},"content":{"rendered":"<p>Prot\u00e8ge l&rsquo;entr\u00e9e &#8211; notamment en cas de pluie et permet de laisser la porte ouverte. La marquise est ins\u00e9r\u00e9e dans la clavette du v\u00e9hicule, deux tiges d&rsquo;installation t\u00e9lescopiques sont install\u00e9es et couliss\u00e9es jusqu&rsquo;\u00e0 ce que le bord arri\u00e8re de la clavette lat\u00e9rale se trouve contre le v\u00e9hicule. La clavette est ensuite accroch\u00e9e soit sur le bord inf\u00e9rieur de la caravane soit fix\u00e9e avec deux liens courts tendus et des sardines dans le sol. Deux liens de tension permettent de tendre correctement le toit. <br \/>Taille 150 x 95 cm, poids : 4,0 kg<\/p>\n","protected":false},"excerpt":{"rendered":"<p>Prot\u00e8ge l&rsquo;entr\u00e9e &#8211; notamment en cas de pluie et permet de laisser la porte ouverte. La marquise est ins\u00e9r\u00e9e dans la clavette du v\u00e9hicule, deux tiges d&rsquo;installation t\u00e9lescopiques sont install\u00e9es et couliss\u00e9es jusqu&rsquo;\u00e0 ce que le bord arri\u00e8re de la clavette lat\u00e9rale se trouve contre le v\u00e9hicule. La clavette est ensuite accroch\u00e9e soit sur le [&hellip;]<\/p>\n","protected":false},"featured_media":206438,"template":"","meta":{"_acf_changed":false},"product_featured_cat":[],"product_brand":[3042],"product_cat":[4217],"product_tag":[],"class_list":{"0":"post-194392","1":"product","2":"type-product","3":"status-publish","4":"has-post-thumbnail","6":"product_brand-wigo","7":"product_cat-stores-de-fenetre","9":"first","10":"instock","11":"taxable","12":"shipping-taxable","13":"purchasable","14":"product-type-simple"},"acf":[],"yoast_head":"<!-- This site is optimized with the Yoast SEO plugin v27.4 - https:\/\/yoast.com\/product\/yoast-seo-wordpress\/ -->\n<title>Store de porte Wigo Sonny 150 x 95\u00a0cm argent\/gris - Bantam Wankm\u00fcller SA<\/title>\n<meta name=\"robots\" content=\"index, follow, max-snippet:-1, max-image-preview:large, max-video-preview:-1\" \/>\n<link rel=\"canonical\" href=\"https:\/\/shop.bantam.ch\/fr\/produit\/store-de-porte-wigo-sonny-150-x-95-cm-argent-gris\/\" \/>\n<meta property=\"og:locale\" content=\"fr_FR\" \/>\n<meta property=\"og:type\" content=\"article\" \/>\n<meta property=\"og:title\" content=\"Store de porte Wigo Sonny 150 x 95\u00a0cm argent\/gris - Bantam Wankm\u00fcller SA\" \/>\n<meta property=\"og:description\" content=\"Prot\u00e8ge l&rsquo;entr\u00e9e &#8211; notamment en cas de pluie et permet de laisser la porte ouverte. La marquise est ins\u00e9r\u00e9e dans la clavette du v\u00e9hicule, deux tiges d&rsquo;installation t\u00e9lescopiques sont install\u00e9es et couliss\u00e9es jusqu&rsquo;\u00e0 ce que le bord arri\u00e8re de la clavette lat\u00e9rale se trouve contre le v\u00e9hicule. La clavette est ensuite accroch\u00e9e soit sur le [&hellip;]\" \/>\n<meta property=\"og:url\" content=\"https:\/\/shop.bantam.ch\/fr\/produit\/store-de-porte-wigo-sonny-150-x-95-cm-argent-gris\/\" \/>\n<meta property=\"og:site_name\" content=\"Bantam Wankm\u00fcller SA\" \/>\n<meta property=\"article:modified_time\" content=\"2026-04-18T21:05:28+00:00\" \/>\n<meta property=\"og:image\" content=\"https:\/\/shop.bantam.ch\/wp-content\/uploads\/2024\/05\/Movera-L-9951519100.jpg\" \/>\n\t<meta property=\"og:image:width\" content=\"640\" \/>\n\t<meta property=\"og:image:height\" content=\"669\" \/>\n\t<meta property=\"og:image:type\" content=\"image\/jpeg\" \/>\n<meta name=\"twitter:card\" content=\"summary_large_image\" \/>\n<meta name=\"twitter:label1\" content=\"Dur\u00e9e de lecture estim\u00e9e\" \/>\n\t<meta name=\"twitter:data1\" content=\"1 minute\" \/>\n<script type=\"application\/ld+json\" class=\"yoast-schema-graph\">{\"@context\":\"https:\\\/\\\/schema.org\",\"@graph\":[{\"@type\":\"WebPage\",\"@id\":\"https:\\\/\\\/shop.bantam.ch\\\/fr\\\/produit\\\/store-de-porte-wigo-sonny-150-x-95-cm-argent-gris\\\/\",\"url\":\"https:\\\/\\\/shop.bantam.ch\\\/fr\\\/produit\\\/store-de-porte-wigo-sonny-150-x-95-cm-argent-gris\\\/\",\"name\":\"Store de porte Wigo Sonny 150 x 95\u00a0cm argent\\\/gris - Bantam Wankm\u00fcller SA\",\"isPartOf\":{\"@id\":\"https:\\\/\\\/shop.bantam.ch\\\/fr\\\/#website\"},\"primaryImageOfPage\":{\"@id\":\"https:\\\/\\\/shop.bantam.ch\\\/fr\\\/produit\\\/store-de-porte-wigo-sonny-150-x-95-cm-argent-gris\\\/#primaryimage\"},\"image\":{\"@id\":\"https:\\\/\\\/shop.bantam.ch\\\/fr\\\/produit\\\/store-de-porte-wigo-sonny-150-x-95-cm-argent-gris\\\/#primaryimage\"},\"thumbnailUrl\":\"https:\\\/\\\/shop.bantam.ch\\\/wp-content\\\/uploads\\\/2024\\\/09\\\/Movera-L-9951519100.jpg\",\"datePublished\":\"2024-05-15T13:05:37+00:00\",\"dateModified\":\"2026-04-18T21:05:28+00:00\",\"breadcrumb\":{\"@id\":\"https:\\\/\\\/shop.bantam.ch\\\/fr\\\/produit\\\/store-de-porte-wigo-sonny-150-x-95-cm-argent-gris\\\/#breadcrumb\"},\"inLanguage\":\"fr-FR\",\"potentialAction\":[{\"@type\":\"ReadAction\",\"target\":[\"https:\\\/\\\/shop.bantam.ch\\\/fr\\\/produit\\\/store-de-porte-wigo-sonny-150-x-95-cm-argent-gris\\\/\"]}]},{\"@type\":\"ImageObject\",\"inLanguage\":\"fr-FR\",\"@id\":\"https:\\\/\\\/shop.bantam.ch\\\/fr\\\/produit\\\/store-de-porte-wigo-sonny-150-x-95-cm-argent-gris\\\/#primaryimage\",\"url\":\"https:\\\/\\\/shop.bantam.ch\\\/wp-content\\\/uploads\\\/2024\\\/09\\\/Movera-L-9951519100.jpg\",\"contentUrl\":\"https:\\\/\\\/shop.bantam.ch\\\/wp-content\\\/uploads\\\/2024\\\/09\\\/Movera-L-9951519100.jpg\",\"width\":640,\"height\":669},{\"@type\":\"BreadcrumbList\",\"@id\":\"https:\\\/\\\/shop.bantam.ch\\\/fr\\\/produit\\\/store-de-porte-wigo-sonny-150-x-95-cm-argent-gris\\\/#breadcrumb\",\"itemListElement\":[{\"@type\":\"ListItem\",\"position\":1,\"name\":\"Accueil\",\"item\":\"https:\\\/\\\/shop.bantam.ch\\\/fr\\\/\"},{\"@type\":\"ListItem\",\"position\":2,\"name\":\"Boutique\",\"item\":\"https:\\\/\\\/shop.bantam.ch\\\/fr\\\/boutique\\\/\"},{\"@type\":\"ListItem\",\"position\":3,\"name\":\"Store de porte Wigo Sonny 150 x 95\u00a0cm argent\\\/gris\"}]},{\"@type\":\"WebSite\",\"@id\":\"https:\\\/\\\/shop.bantam.ch\\\/fr\\\/#website\",\"url\":\"https:\\\/\\\/shop.bantam.ch\\\/fr\\\/\",\"name\":\"Bantam Wankm\u00fcller SA\",\"description\":\"\",\"publisher\":{\"@id\":\"https:\\\/\\\/shop.bantam.ch\\\/fr\\\/#organization\"},\"inLanguage\":\"fr-FR\"},{\"@type\":\"Organization\",\"@id\":\"https:\\\/\\\/shop.bantam.ch\\\/fr\\\/#organization\",\"name\":\"Bantam Wankm\u00fcller SA\",\"url\":\"https:\\\/\\\/shop.bantam.ch\\\/fr\\\/\",\"logo\":{\"@type\":\"ImageObject\",\"inLanguage\":\"fr-FR\",\"@id\":\"https:\\\/\\\/shop.bantam.ch\\\/fr\\\/#\\\/schema\\\/logo\\\/image\\\/\",\"url\":\"https:\\\/\\\/shop.bantam.ch\\\/wp-content\\\/uploads\\\/2022\\\/12\\\/bantam-logo.png\",\"contentUrl\":\"https:\\\/\\\/shop.bantam.ch\\\/wp-content\\\/uploads\\\/2022\\\/12\\\/bantam-logo.png\",\"width\":320,\"height\":71,\"caption\":\"Bantam Wankm\u00fcller SA\"},\"image\":{\"@id\":\"https:\\\/\\\/shop.bantam.ch\\\/fr\\\/#\\\/schema\\\/logo\\\/image\\\/\"}}]}<\/script>\n<!-- \/ Yoast SEO plugin. -->","yoast_head_json":{"title":"Store de porte Wigo Sonny 150 x 95\u00a0cm argent\/gris - Bantam Wankm\u00fcller SA","robots":{"index":"index","follow":"follow","max-snippet":"max-snippet:-1","max-image-preview":"max-image-preview:large","max-video-preview":"max-video-preview:-1"},"canonical":"https:\/\/shop.bantam.ch\/fr\/produit\/store-de-porte-wigo-sonny-150-x-95-cm-argent-gris\/","og_locale":"fr_FR","og_type":"article","og_title":"Store de porte Wigo Sonny 150 x 95\u00a0cm argent\/gris - Bantam Wankm\u00fcller SA","og_description":"Prot\u00e8ge l&rsquo;entr\u00e9e &#8211; notamment en cas de pluie et permet de laisser la porte ouverte. La marquise est ins\u00e9r\u00e9e dans la clavette du v\u00e9hicule, deux tiges d&rsquo;installation t\u00e9lescopiques sont install\u00e9es et couliss\u00e9es jusqu&rsquo;\u00e0 ce que le bord arri\u00e8re de la clavette lat\u00e9rale se trouve contre le v\u00e9hicule. La clavette est ensuite accroch\u00e9e soit sur le [&hellip;]","og_url":"https:\/\/shop.bantam.ch\/fr\/produit\/store-de-porte-wigo-sonny-150-x-95-cm-argent-gris\/","og_site_name":"Bantam Wankm\u00fcller SA","article_modified_time":"2026-04-18T21:05:28+00:00","og_image":[{"width":640,"height":669,"url":"https:\/\/shop.bantam.ch\/wp-content\/uploads\/2024\/05\/Movera-L-9951519100.jpg","type":"image\/jpeg"}],"twitter_card":"summary_large_image","twitter_misc":{"Dur\u00e9e de lecture estim\u00e9e":"1 minute"},"schema":{"@context":"https:\/\/schema.org","@graph":[{"@type":"WebPage","@id":"https:\/\/shop.bantam.ch\/fr\/produit\/store-de-porte-wigo-sonny-150-x-95-cm-argent-gris\/","url":"https:\/\/shop.bantam.ch\/fr\/produit\/store-de-porte-wigo-sonny-150-x-95-cm-argent-gris\/","name":"Store de porte Wigo Sonny 150 x 95\u00a0cm argent\/gris - Bantam Wankm\u00fcller SA","isPartOf":{"@id":"https:\/\/shop.bantam.ch\/fr\/#website"},"primaryImageOfPage":{"@id":"https:\/\/shop.bantam.ch\/fr\/produit\/store-de-porte-wigo-sonny-150-x-95-cm-argent-gris\/#primaryimage"},"image":{"@id":"https:\/\/shop.bantam.ch\/fr\/produit\/store-de-porte-wigo-sonny-150-x-95-cm-argent-gris\/#primaryimage"},"thumbnailUrl":"https:\/\/shop.bantam.ch\/wp-content\/uploads\/2024\/09\/Movera-L-9951519100.jpg","datePublished":"2024-05-15T13:05:37+00:00","dateModified":"2026-04-18T21:05:28+00:00","breadcrumb":{"@id":"https:\/\/shop.bantam.ch\/fr\/produit\/store-de-porte-wigo-sonny-150-x-95-cm-argent-gris\/#breadcrumb"},"inLanguage":"fr-FR","potentialAction":[{"@type":"ReadAction","target":["https:\/\/shop.bantam.ch\/fr\/produit\/store-de-porte-wigo-sonny-150-x-95-cm-argent-gris\/"]}]},{"@type":"ImageObject","inLanguage":"fr-FR","@id":"https:\/\/shop.bantam.ch\/fr\/produit\/store-de-porte-wigo-sonny-150-x-95-cm-argent-gris\/#primaryimage","url":"https:\/\/shop.bantam.ch\/wp-content\/uploads\/2024\/09\/Movera-L-9951519100.jpg","contentUrl":"https:\/\/shop.bantam.ch\/wp-content\/uploads\/2024\/09\/Movera-L-9951519100.jpg","width":640,"height":669},{"@type":"BreadcrumbList","@id":"https:\/\/shop.bantam.ch\/fr\/produit\/store-de-porte-wigo-sonny-150-x-95-cm-argent-gris\/#breadcrumb","itemListElement":[{"@type":"ListItem","position":1,"name":"Accueil","item":"https:\/\/shop.bantam.ch\/fr\/"},{"@type":"ListItem","position":2,"name":"Boutique","item":"https:\/\/shop.bantam.ch\/fr\/boutique\/"},{"@type":"ListItem","position":3,"name":"Store de porte Wigo Sonny 150 x 95\u00a0cm argent\/gris"}]},{"@type":"WebSite","@id":"https:\/\/shop.bantam.ch\/fr\/#website","url":"https:\/\/shop.bantam.ch\/fr\/","name":"Bantam Wankm\u00fcller SA","description":"","publisher":{"@id":"https:\/\/shop.bantam.ch\/fr\/#organization"},"inLanguage":"fr-FR"},{"@type":"Organization","@id":"https:\/\/shop.bantam.ch\/fr\/#organization","name":"Bantam Wankm\u00fcller SA","url":"https:\/\/shop.bantam.ch\/fr\/","logo":{"@type":"ImageObject","inLanguage":"fr-FR","@id":"https:\/\/shop.bantam.ch\/fr\/#\/schema\/logo\/image\/","url":"https:\/\/shop.bantam.ch\/wp-content\/uploads\/2022\/12\/bantam-logo.png","contentUrl":"https:\/\/shop.bantam.ch\/wp-content\/uploads\/2022\/12\/bantam-logo.png","width":320,"height":71,"caption":"Bantam Wankm\u00fcller SA"},"image":{"@id":"https:\/\/shop.bantam.ch\/fr\/#\/schema\/logo\/image\/"}}]}},"_links":{"self":[{"href":"https:\/\/shop.bantam.ch\/fr\/wp-json\/wp\/v2\/product\/194392","targetHints":{"allow":["GET"]}}],"collection":[{"href":"https:\/\/shop.bantam.ch\/fr\/wp-json\/wp\/v2\/product"}],"about":[{"href":"https:\/\/shop.bantam.ch\/fr\/wp-json\/wp\/v2\/types\/product"}],"wp:featuredmedia":[{"embeddable":true,"href":"https:\/\/shop.bantam.ch\/fr\/wp-json\/wp\/v2\/media\/206438"}],"wp:attachment":[{"href":"https:\/\/shop.bantam.ch\/fr\/wp-json\/wp\/v2\/media?parent=194392"}],"wp:term":[{"taxonomy":"product_featured_cat","embeddable":true,"href":"https:\/\/shop.bantam.ch\/fr\/wp-json\/wp\/v2\/product_featured_cat?post=194392"},{"taxonomy":"product_brand","embeddable":true,"href":"https:\/\/shop.bantam.ch\/fr\/wp-json\/wp\/v2\/product_brand?post=194392"},{"taxonomy":"product_cat","embeddable":true,"href":"https:\/\/shop.bantam.ch\/fr\/wp-json\/wp\/v2\/product_cat?post=194392"},{"taxonomy":"product_tag","embeddable":true,"href":"https:\/\/shop.bantam.ch\/fr\/wp-json\/wp\/v2\/product_tag?post=194392"}],"curies":[{"name":"wp","href":"https:\/\/api.w.org\/{rel}","templated":true}]}}