{"id":194270,"date":"2024-05-15T15:02:32","date_gmt":"2024-05-15T13:02:32","guid":{"rendered":"https:\/\/shop.bantam.ch\/produit\/nettoyant-pour-auvent-et-store-awiwa-canvas-flacon-pulverisateur-de-05-l-version-suisse\/"},"modified":"2026-04-17T23:02:20","modified_gmt":"2026-04-17T21:02:20","slug":"nettoyant-pour-auvent-et-store-awiwa-canvas-flacon-pulverisateur-de-05-l-version-suisse","status":"publish","type":"product","link":"https:\/\/shop.bantam.ch\/fr\/produit\/nettoyant-pour-auvent-et-store-awiwa-canvas-flacon-pulverisateur-de-05-l-version-suisse\/","title":{"rendered":"Nettoyant pour auvent et store Awiwa canvas Flacon pulv\u00e9risateur de 0,5 l Version Suisse"},"content":{"rendered":"<p>Le nettoyant pour auvent et store Awiwa Canvas \u00e9limine efficacement toutes les salet\u00e9s et d\u00e9p\u00f4ts verts. Les auvents et les stores repr\u00e9sentent une continuit\u00e9 de votre habitat mobile et s\u2019av\u00e8rent tr\u00e8s pratiques aussi bien en \u00e9t\u00e9 qu\u2019en hiver. Ils sont fortement expos\u00e9s au vent et aux diff\u00e9rentes conditions climatiques, les salet\u00e9s et les d\u00e9p\u00f4ts verts sont donc in\u00e9vitables. Toutefois, vous voulez bien \u00e9videmment que votre auvent ou votre store reste beau et propre. Mais \u00e9liminer les salet\u00e9s et les d\u00e9p\u00f4ts verts repr\u00e9sente une t\u00e2che fastidieuse pour bien des campeurs et des passionn\u00e9s de jardin. De plus, nous d\u00e9conseillons d\u2019utiliser des substances nettoyantes agressives ou abrasives. Vous risqueriez d\u2019ab\u00eemer le tissu et le film de protection. C\u2019est l\u00e0 qu\u2019entre en jeu Awiwa Canvas, le nettoyant microbiologique pour auvent et store. Il travaille presque tout seul, ne contient aucun produit chimique agressif et prot\u00e8ge les mat\u00e9riaux et les couleurs. Awiwa Canvas peut \u00eatre appliqu\u00e9 sans probl\u00e8me sur les mat\u00e9riaux naturels et synth\u00e9tiques (lin, laine, polyacrylique, polyester, PVC, etc.).<br \/>\nUn nettoyage en douceur sans produits chimiques agressifs<\/p>\n<p>Awiwa Canvas a \u00e9t\u00e9 sp\u00e9cialement d\u00e9velopp\u00e9 pour \u00e9liminer les d\u00e9p\u00f4ts verts et le vert-de-gris des auvents, des stores, des parasols, des housses de bateau, etc. Notre nettoyant pour auvent et store \u00e9limine les salet\u00e9s disgracieuses et emp\u00eache l\u2019accumulation des nouvelles salet\u00e9s en cas d\u2019utilisation r\u00e9guli\u00e8re. Il se compose de micro-organismes naturels qui nettoient vos stores et auvents et \u00e9liminent les d\u00e9p\u00f4ts verts. Ce produit est biologique et respecte donc l\u2019environnement. Il ne contient pas de chlore ni d\u2019acide, vous pouvez donc l\u2019utiliser sur le m\u00e9tal \u00e9galement. Sans danger pour l\u2019homme, les animaux et la nature.<br \/>\nUtilisation facile<\/p>\n<p>Ce produit est tr\u00e8s simple d\u2019utilisation. Secouez vigoureusement le nettoyant pour store et auvent avant utilisation. Pour un r\u00e9sultat optimal, \u00e9liminez d\u2019abord grossi\u00e8rement les salet\u00e9s \u00e0 l\u2019aide d\u2019un balai doux, d\u2019une balayette ou d\u2019une brosse souple. Si votre store ou votre auvent est tr\u00e8s sale, appliquez l\u2019Awiwa Canvas pur avec une brosse souple ou un pulv\u00e9risateur. Frottez ou vaporisez m\u00e9ticuleusement le store ou l\u2019auvent, et laissez agir. Ne rincez pas, laissez s\u00e9cher. Selon le degr\u00e9 de salissure, les salet\u00e9s disparaissent au bout de 2&nbsp;semaines. La salet\u00e9 dispara\u00eet g\u00e9n\u00e9ralement d\u2019elle-m\u00eame. Si votre store ou votre auvent est vraiment tr\u00e8s sale, brossez-le apr\u00e8s avoir laiss\u00e9 agir le produit et r\u00e9p\u00e9tez l\u2019application. S\u2019il n\u2019est pas tr\u00e8s sale, diluez l\u2019Awiwa Canvas (rapport 1:4) et utilisez-le comme d\u00e9crit ci-dessus. Le concentr\u00e9 permet de cr\u00e9er jusqu\u2019\u00e0 5&nbsp;litres de solution pr\u00eate \u00e0 l\u2019emploi pour nettoyer vos auvents, vos stores, vos voiles et plus encore.<\/p>\n","protected":false},"excerpt":{"rendered":"<p>Le nettoyant pour auvent et store Awiwa Canvas \u00e9limine efficacement toutes les salet\u00e9s et d\u00e9p\u00f4ts verts. Les auvents et les stores repr\u00e9sentent une continuit\u00e9 de votre habitat mobile et s\u2019av\u00e8rent tr\u00e8s pratiques aussi bien en \u00e9t\u00e9 qu\u2019en hiver. Ils sont fortement expos\u00e9s au vent et aux diff\u00e9rentes conditions climatiques, les salet\u00e9s et les d\u00e9p\u00f4ts verts [&hellip;]<\/p>\n","protected":false},"featured_media":206400,"template":"","meta":{"_acf_changed":false},"product_featured_cat":[],"product_brand":[3516],"product_cat":[5091],"product_tag":[],"class_list":{"0":"post-194270","1":"product","2":"type-product","3":"status-publish","4":"has-post-thumbnail","6":"product_brand-awiwa","7":"product_cat-detergent-special","9":"first","10":"instock","11":"taxable","12":"shipping-taxable","13":"purchasable","14":"product-type-simple"},"acf":[],"yoast_head":"<!-- This site is optimized with the Yoast SEO plugin v27.4 - https:\/\/yoast.com\/product\/yoast-seo-wordpress\/ -->\n<title>Nettoyant pour auvent et store Awiwa canvas Flacon pulv\u00e9risateur de 0,5 l Version Suisse - Bantam Wankm\u00fcller SA<\/title>\n<meta name=\"robots\" content=\"index, follow, max-snippet:-1, max-image-preview:large, max-video-preview:-1\" \/>\n<link rel=\"canonical\" href=\"https:\/\/shop.bantam.ch\/fr\/produit\/nettoyant-pour-auvent-et-store-awiwa-canvas-flacon-pulverisateur-de-05-l-version-suisse\/\" \/>\n<meta property=\"og:locale\" content=\"fr_FR\" \/>\n<meta property=\"og:type\" content=\"article\" \/>\n<meta property=\"og:title\" content=\"Nettoyant pour auvent et store Awiwa canvas Flacon pulv\u00e9risateur de 0,5 l Version Suisse - Bantam Wankm\u00fcller SA\" \/>\n<meta property=\"og:description\" content=\"Le nettoyant pour auvent et store Awiwa Canvas \u00e9limine efficacement toutes les salet\u00e9s et d\u00e9p\u00f4ts verts. Les auvents et les stores repr\u00e9sentent une continuit\u00e9 de votre habitat mobile et s\u2019av\u00e8rent tr\u00e8s pratiques aussi bien en \u00e9t\u00e9 qu\u2019en hiver. Ils sont fortement expos\u00e9s au vent et aux diff\u00e9rentes conditions climatiques, les salet\u00e9s et les d\u00e9p\u00f4ts verts [&hellip;]\" \/>\n<meta property=\"og:url\" content=\"https:\/\/shop.bantam.ch\/fr\/produit\/nettoyant-pour-auvent-et-store-awiwa-canvas-flacon-pulverisateur-de-05-l-version-suisse\/\" \/>\n<meta property=\"og:site_name\" content=\"Bantam Wankm\u00fcller SA\" \/>\n<meta property=\"article:modified_time\" content=\"2026-04-17T21:02:20+00:00\" \/>\n<meta property=\"og:image\" content=\"https:\/\/shop.bantam.ch\/wp-content\/uploads\/2024\/05\/Movera-L-9935027100.png\" \/>\n\t<meta property=\"og:image:width\" content=\"640\" \/>\n\t<meta property=\"og:image:height\" content=\"853\" \/>\n\t<meta property=\"og:image:type\" content=\"image\/png\" \/>\n<meta name=\"twitter:card\" content=\"summary_large_image\" \/>\n<meta name=\"twitter:label1\" content=\"Dur\u00e9e de lecture estim\u00e9e\" \/>\n\t<meta name=\"twitter:data1\" content=\"3 minutes\" \/>\n<script type=\"application\/ld+json\" class=\"yoast-schema-graph\">{\"@context\":\"https:\\\/\\\/schema.org\",\"@graph\":[{\"@type\":\"WebPage\",\"@id\":\"https:\\\/\\\/shop.bantam.ch\\\/fr\\\/produit\\\/nettoyant-pour-auvent-et-store-awiwa-canvas-flacon-pulverisateur-de-05-l-version-suisse\\\/\",\"url\":\"https:\\\/\\\/shop.bantam.ch\\\/fr\\\/produit\\\/nettoyant-pour-auvent-et-store-awiwa-canvas-flacon-pulverisateur-de-05-l-version-suisse\\\/\",\"name\":\"Nettoyant pour auvent et store Awiwa canvas Flacon pulv\u00e9risateur de 0,5 l Version Suisse - Bantam Wankm\u00fcller SA\",\"isPartOf\":{\"@id\":\"https:\\\/\\\/shop.bantam.ch\\\/fr\\\/#website\"},\"primaryImageOfPage\":{\"@id\":\"https:\\\/\\\/shop.bantam.ch\\\/fr\\\/produit\\\/nettoyant-pour-auvent-et-store-awiwa-canvas-flacon-pulverisateur-de-05-l-version-suisse\\\/#primaryimage\"},\"image\":{\"@id\":\"https:\\\/\\\/shop.bantam.ch\\\/fr\\\/produit\\\/nettoyant-pour-auvent-et-store-awiwa-canvas-flacon-pulverisateur-de-05-l-version-suisse\\\/#primaryimage\"},\"thumbnailUrl\":\"https:\\\/\\\/shop.bantam.ch\\\/wp-content\\\/uploads\\\/2024\\\/09\\\/Movera-L-9935027100.png\",\"datePublished\":\"2024-05-15T13:02:32+00:00\",\"dateModified\":\"2026-04-17T21:02:20+00:00\",\"breadcrumb\":{\"@id\":\"https:\\\/\\\/shop.bantam.ch\\\/fr\\\/produit\\\/nettoyant-pour-auvent-et-store-awiwa-canvas-flacon-pulverisateur-de-05-l-version-suisse\\\/#breadcrumb\"},\"inLanguage\":\"fr-FR\",\"potentialAction\":[{\"@type\":\"ReadAction\",\"target\":[\"https:\\\/\\\/shop.bantam.ch\\\/fr\\\/produit\\\/nettoyant-pour-auvent-et-store-awiwa-canvas-flacon-pulverisateur-de-05-l-version-suisse\\\/\"]}]},{\"@type\":\"ImageObject\",\"inLanguage\":\"fr-FR\",\"@id\":\"https:\\\/\\\/shop.bantam.ch\\\/fr\\\/produit\\\/nettoyant-pour-auvent-et-store-awiwa-canvas-flacon-pulverisateur-de-05-l-version-suisse\\\/#primaryimage\",\"url\":\"https:\\\/\\\/shop.bantam.ch\\\/wp-content\\\/uploads\\\/2024\\\/09\\\/Movera-L-9935027100.png\",\"contentUrl\":\"https:\\\/\\\/shop.bantam.ch\\\/wp-content\\\/uploads\\\/2024\\\/09\\\/Movera-L-9935027100.png\",\"width\":640,\"height\":853},{\"@type\":\"BreadcrumbList\",\"@id\":\"https:\\\/\\\/shop.bantam.ch\\\/fr\\\/produit\\\/nettoyant-pour-auvent-et-store-awiwa-canvas-flacon-pulverisateur-de-05-l-version-suisse\\\/#breadcrumb\",\"itemListElement\":[{\"@type\":\"ListItem\",\"position\":1,\"name\":\"Accueil\",\"item\":\"https:\\\/\\\/shop.bantam.ch\\\/fr\\\/\"},{\"@type\":\"ListItem\",\"position\":2,\"name\":\"Boutique\",\"item\":\"https:\\\/\\\/shop.bantam.ch\\\/fr\\\/boutique\\\/\"},{\"@type\":\"ListItem\",\"position\":3,\"name\":\"Nettoyant pour auvent et store Awiwa canvas Flacon pulv\u00e9risateur de 0,5 l Version Suisse\"}]},{\"@type\":\"WebSite\",\"@id\":\"https:\\\/\\\/shop.bantam.ch\\\/fr\\\/#website\",\"url\":\"https:\\\/\\\/shop.bantam.ch\\\/fr\\\/\",\"name\":\"Bantam Wankm\u00fcller SA\",\"description\":\"\",\"publisher\":{\"@id\":\"https:\\\/\\\/shop.bantam.ch\\\/fr\\\/#organization\"},\"inLanguage\":\"fr-FR\"},{\"@type\":\"Organization\",\"@id\":\"https:\\\/\\\/shop.bantam.ch\\\/fr\\\/#organization\",\"name\":\"Bantam Wankm\u00fcller SA\",\"url\":\"https:\\\/\\\/shop.bantam.ch\\\/fr\\\/\",\"logo\":{\"@type\":\"ImageObject\",\"inLanguage\":\"fr-FR\",\"@id\":\"https:\\\/\\\/shop.bantam.ch\\\/fr\\\/#\\\/schema\\\/logo\\\/image\\\/\",\"url\":\"https:\\\/\\\/shop.bantam.ch\\\/wp-content\\\/uploads\\\/2022\\\/12\\\/bantam-logo.png\",\"contentUrl\":\"https:\\\/\\\/shop.bantam.ch\\\/wp-content\\\/uploads\\\/2022\\\/12\\\/bantam-logo.png\",\"width\":320,\"height\":71,\"caption\":\"Bantam Wankm\u00fcller SA\"},\"image\":{\"@id\":\"https:\\\/\\\/shop.bantam.ch\\\/fr\\\/#\\\/schema\\\/logo\\\/image\\\/\"}}]}<\/script>\n<!-- \/ Yoast SEO plugin. -->","yoast_head_json":{"title":"Nettoyant pour auvent et store Awiwa canvas Flacon pulv\u00e9risateur de 0,5 l Version Suisse - Bantam Wankm\u00fcller SA","robots":{"index":"index","follow":"follow","max-snippet":"max-snippet:-1","max-image-preview":"max-image-preview:large","max-video-preview":"max-video-preview:-1"},"canonical":"https:\/\/shop.bantam.ch\/fr\/produit\/nettoyant-pour-auvent-et-store-awiwa-canvas-flacon-pulverisateur-de-05-l-version-suisse\/","og_locale":"fr_FR","og_type":"article","og_title":"Nettoyant pour auvent et store Awiwa canvas Flacon pulv\u00e9risateur de 0,5 l Version Suisse - Bantam Wankm\u00fcller SA","og_description":"Le nettoyant pour auvent et store Awiwa Canvas \u00e9limine efficacement toutes les salet\u00e9s et d\u00e9p\u00f4ts verts. Les auvents et les stores repr\u00e9sentent une continuit\u00e9 de votre habitat mobile et s\u2019av\u00e8rent tr\u00e8s pratiques aussi bien en \u00e9t\u00e9 qu\u2019en hiver. Ils sont fortement expos\u00e9s au vent et aux diff\u00e9rentes conditions climatiques, les salet\u00e9s et les d\u00e9p\u00f4ts verts [&hellip;]","og_url":"https:\/\/shop.bantam.ch\/fr\/produit\/nettoyant-pour-auvent-et-store-awiwa-canvas-flacon-pulverisateur-de-05-l-version-suisse\/","og_site_name":"Bantam Wankm\u00fcller SA","article_modified_time":"2026-04-17T21:02:20+00:00","og_image":[{"width":640,"height":853,"url":"https:\/\/shop.bantam.ch\/wp-content\/uploads\/2024\/05\/Movera-L-9935027100.png","type":"image\/png"}],"twitter_card":"summary_large_image","twitter_misc":{"Dur\u00e9e de lecture estim\u00e9e":"3 minutes"},"schema":{"@context":"https:\/\/schema.org","@graph":[{"@type":"WebPage","@id":"https:\/\/shop.bantam.ch\/fr\/produit\/nettoyant-pour-auvent-et-store-awiwa-canvas-flacon-pulverisateur-de-05-l-version-suisse\/","url":"https:\/\/shop.bantam.ch\/fr\/produit\/nettoyant-pour-auvent-et-store-awiwa-canvas-flacon-pulverisateur-de-05-l-version-suisse\/","name":"Nettoyant pour auvent et store Awiwa canvas Flacon pulv\u00e9risateur de 0,5 l Version Suisse - Bantam Wankm\u00fcller SA","isPartOf":{"@id":"https:\/\/shop.bantam.ch\/fr\/#website"},"primaryImageOfPage":{"@id":"https:\/\/shop.bantam.ch\/fr\/produit\/nettoyant-pour-auvent-et-store-awiwa-canvas-flacon-pulverisateur-de-05-l-version-suisse\/#primaryimage"},"image":{"@id":"https:\/\/shop.bantam.ch\/fr\/produit\/nettoyant-pour-auvent-et-store-awiwa-canvas-flacon-pulverisateur-de-05-l-version-suisse\/#primaryimage"},"thumbnailUrl":"https:\/\/shop.bantam.ch\/wp-content\/uploads\/2024\/09\/Movera-L-9935027100.png","datePublished":"2024-05-15T13:02:32+00:00","dateModified":"2026-04-17T21:02:20+00:00","breadcrumb":{"@id":"https:\/\/shop.bantam.ch\/fr\/produit\/nettoyant-pour-auvent-et-store-awiwa-canvas-flacon-pulverisateur-de-05-l-version-suisse\/#breadcrumb"},"inLanguage":"fr-FR","potentialAction":[{"@type":"ReadAction","target":["https:\/\/shop.bantam.ch\/fr\/produit\/nettoyant-pour-auvent-et-store-awiwa-canvas-flacon-pulverisateur-de-05-l-version-suisse\/"]}]},{"@type":"ImageObject","inLanguage":"fr-FR","@id":"https:\/\/shop.bantam.ch\/fr\/produit\/nettoyant-pour-auvent-et-store-awiwa-canvas-flacon-pulverisateur-de-05-l-version-suisse\/#primaryimage","url":"https:\/\/shop.bantam.ch\/wp-content\/uploads\/2024\/09\/Movera-L-9935027100.png","contentUrl":"https:\/\/shop.bantam.ch\/wp-content\/uploads\/2024\/09\/Movera-L-9935027100.png","width":640,"height":853},{"@type":"BreadcrumbList","@id":"https:\/\/shop.bantam.ch\/fr\/produit\/nettoyant-pour-auvent-et-store-awiwa-canvas-flacon-pulverisateur-de-05-l-version-suisse\/#breadcrumb","itemListElement":[{"@type":"ListItem","position":1,"name":"Accueil","item":"https:\/\/shop.bantam.ch\/fr\/"},{"@type":"ListItem","position":2,"name":"Boutique","item":"https:\/\/shop.bantam.ch\/fr\/boutique\/"},{"@type":"ListItem","position":3,"name":"Nettoyant pour auvent et store Awiwa canvas Flacon pulv\u00e9risateur de 0,5 l Version Suisse"}]},{"@type":"WebSite","@id":"https:\/\/shop.bantam.ch\/fr\/#website","url":"https:\/\/shop.bantam.ch\/fr\/","name":"Bantam Wankm\u00fcller SA","description":"","publisher":{"@id":"https:\/\/shop.bantam.ch\/fr\/#organization"},"inLanguage":"fr-FR"},{"@type":"Organization","@id":"https:\/\/shop.bantam.ch\/fr\/#organization","name":"Bantam Wankm\u00fcller SA","url":"https:\/\/shop.bantam.ch\/fr\/","logo":{"@type":"ImageObject","inLanguage":"fr-FR","@id":"https:\/\/shop.bantam.ch\/fr\/#\/schema\/logo\/image\/","url":"https:\/\/shop.bantam.ch\/wp-content\/uploads\/2022\/12\/bantam-logo.png","contentUrl":"https:\/\/shop.bantam.ch\/wp-content\/uploads\/2022\/12\/bantam-logo.png","width":320,"height":71,"caption":"Bantam Wankm\u00fcller SA"},"image":{"@id":"https:\/\/shop.bantam.ch\/fr\/#\/schema\/logo\/image\/"}}]}},"_links":{"self":[{"href":"https:\/\/shop.bantam.ch\/fr\/wp-json\/wp\/v2\/product\/194270","targetHints":{"allow":["GET"]}}],"collection":[{"href":"https:\/\/shop.bantam.ch\/fr\/wp-json\/wp\/v2\/product"}],"about":[{"href":"https:\/\/shop.bantam.ch\/fr\/wp-json\/wp\/v2\/types\/product"}],"wp:featuredmedia":[{"embeddable":true,"href":"https:\/\/shop.bantam.ch\/fr\/wp-json\/wp\/v2\/media\/206400"}],"wp:attachment":[{"href":"https:\/\/shop.bantam.ch\/fr\/wp-json\/wp\/v2\/media?parent=194270"}],"wp:term":[{"taxonomy":"product_featured_cat","embeddable":true,"href":"https:\/\/shop.bantam.ch\/fr\/wp-json\/wp\/v2\/product_featured_cat?post=194270"},{"taxonomy":"product_brand","embeddable":true,"href":"https:\/\/shop.bantam.ch\/fr\/wp-json\/wp\/v2\/product_brand?post=194270"},{"taxonomy":"product_cat","embeddable":true,"href":"https:\/\/shop.bantam.ch\/fr\/wp-json\/wp\/v2\/product_cat?post=194270"},{"taxonomy":"product_tag","embeddable":true,"href":"https:\/\/shop.bantam.ch\/fr\/wp-json\/wp\/v2\/product_tag?post=194270"}],"curies":[{"name":"wp","href":"https:\/\/api.w.org\/{rel}","templated":true}]}}