{"id":194196,"date":"2024-05-15T14:59:43","date_gmt":"2024-05-15T12:59:43","guid":{"rendered":"https:\/\/shop.bantam.ch\/produit\/adaptateur-heosafe-pour-la-porte-de-carrosserie-de-carado-sunlight-apd-2024\/"},"modified":"2026-04-20T23:02:48","modified_gmt":"2026-04-20T21:02:48","slug":"adaptateur-heosafe-pour-la-porte-de-carrosserie-de-carado-sunlight-apd-2024","status":"publish","type":"product","link":"https:\/\/shop.bantam.ch\/fr\/produit\/adaptateur-heosafe-pour-la-porte-de-carrosserie-de-carado-sunlight-apd-2024\/","title":{"rendered":"Adaptateur HEOSafe pour la porte de carrosserie de Carado\/Sunlight \u00e0pd 2024"},"content":{"rendered":"<p>Adaptateur pour la porte de la cellule de Carado, Sunlight \u00e0 partir du mod\u00e8le 2024. Cet adaptateur est largement utilisable avec les kits de fermeture de gleisch suivants. Pour Peugeot Boxer, Citro\u00ebn Jumper \u00e0 partir de l&rsquo;ann\u00e9e 2006. Pour Fiat Ducato s\u00e9rie 8 \u00e0 partir de l&rsquo;ann\u00e9e 2021, Ford Transit \u00e0 partir de l&rsquo;ann\u00e9e 2014.&nbsp;&nbsp;<\/p>\n<p>.<\/p>\n","protected":false},"excerpt":{"rendered":"<p>Adaptateur pour la porte de la cellule de Carado, Sunlight \u00e0 partir du mod\u00e8le 2024. Cet adaptateur est largement utilisable avec les kits de fermeture de gleisch suivants. Pour Peugeot Boxer, Citro\u00ebn Jumper \u00e0 partir de l&rsquo;ann\u00e9e 2006. Pour Fiat Ducato s\u00e9rie 8 \u00e0 partir de l&rsquo;ann\u00e9e 2021, Ford Transit \u00e0 partir de l&rsquo;ann\u00e9e 2014.&nbsp;&nbsp; [&hellip;]<\/p>\n","protected":false},"featured_media":206354,"template":"","meta":{"_acf_changed":false},"product_featured_cat":[],"product_brand":[3138],"product_cat":[4667],"product_tag":[],"class_list":{"0":"post-194196","1":"product","2":"type-product","3":"status-publish","4":"has-post-thumbnail","6":"product_brand-heosafe","7":"product_cat-securisation-des-portes","9":"first","10":"instock","11":"taxable","12":"shipping-taxable","13":"purchasable","14":"product-type-simple"},"acf":[],"yoast_head":"<!-- This site is optimized with the Yoast SEO plugin v27.4 - https:\/\/yoast.com\/product\/yoast-seo-wordpress\/ -->\n<title>Adaptateur HEOSafe pour la porte de carrosserie de Carado\/Sunlight \u00e0pd 2024 - Bantam Wankm\u00fcller SA<\/title>\n<meta name=\"robots\" content=\"index, follow, max-snippet:-1, max-image-preview:large, max-video-preview:-1\" \/>\n<link rel=\"canonical\" href=\"https:\/\/shop.bantam.ch\/fr\/produit\/adaptateur-heosafe-pour-la-porte-de-carrosserie-de-carado-sunlight-apd-2024\/\" \/>\n<meta property=\"og:locale\" content=\"fr_FR\" \/>\n<meta property=\"og:type\" content=\"article\" \/>\n<meta property=\"og:title\" content=\"Adaptateur HEOSafe pour la porte de carrosserie de Carado\/Sunlight \u00e0pd 2024 - Bantam Wankm\u00fcller SA\" \/>\n<meta property=\"og:description\" content=\"Adaptateur pour la porte de la cellule de Carado, Sunlight \u00e0 partir du mod\u00e8le 2024. Cet adaptateur est largement utilisable avec les kits de fermeture de gleisch suivants. Pour Peugeot Boxer, Citro\u00ebn Jumper \u00e0 partir de l&rsquo;ann\u00e9e 2006. Pour Fiat Ducato s\u00e9rie 8 \u00e0 partir de l&rsquo;ann\u00e9e 2021, Ford Transit \u00e0 partir de l&rsquo;ann\u00e9e 2014.&nbsp;&nbsp; [&hellip;]\" \/>\n<meta property=\"og:url\" content=\"https:\/\/shop.bantam.ch\/fr\/produit\/adaptateur-heosafe-pour-la-porte-de-carrosserie-de-carado-sunlight-apd-2024\/\" \/>\n<meta property=\"og:site_name\" content=\"Bantam Wankm\u00fcller SA\" \/>\n<meta property=\"article:modified_time\" content=\"2026-04-20T21:02:48+00:00\" \/>\n<meta property=\"og:image\" content=\"https:\/\/shop.bantam.ch\/wp-content\/uploads\/2024\/05\/Movera-L-9946553100.jpg\" \/>\n\t<meta property=\"og:image:width\" content=\"640\" \/>\n\t<meta property=\"og:image:height\" content=\"853\" \/>\n\t<meta property=\"og:image:type\" content=\"image\/jpeg\" \/>\n<meta name=\"twitter:card\" content=\"summary_large_image\" \/>\n<script type=\"application\/ld+json\" class=\"yoast-schema-graph\">{\"@context\":\"https:\\\/\\\/schema.org\",\"@graph\":[{\"@type\":\"WebPage\",\"@id\":\"https:\\\/\\\/shop.bantam.ch\\\/fr\\\/produit\\\/adaptateur-heosafe-pour-la-porte-de-carrosserie-de-carado-sunlight-apd-2024\\\/\",\"url\":\"https:\\\/\\\/shop.bantam.ch\\\/fr\\\/produit\\\/adaptateur-heosafe-pour-la-porte-de-carrosserie-de-carado-sunlight-apd-2024\\\/\",\"name\":\"Adaptateur HEOSafe pour la porte de carrosserie de Carado\\\/Sunlight \u00e0pd 2024 - Bantam Wankm\u00fcller SA\",\"isPartOf\":{\"@id\":\"https:\\\/\\\/shop.bantam.ch\\\/fr\\\/#website\"},\"primaryImageOfPage\":{\"@id\":\"https:\\\/\\\/shop.bantam.ch\\\/fr\\\/produit\\\/adaptateur-heosafe-pour-la-porte-de-carrosserie-de-carado-sunlight-apd-2024\\\/#primaryimage\"},\"image\":{\"@id\":\"https:\\\/\\\/shop.bantam.ch\\\/fr\\\/produit\\\/adaptateur-heosafe-pour-la-porte-de-carrosserie-de-carado-sunlight-apd-2024\\\/#primaryimage\"},\"thumbnailUrl\":\"https:\\\/\\\/shop.bantam.ch\\\/wp-content\\\/uploads\\\/2024\\\/09\\\/Movera-L-9946553100.jpg\",\"datePublished\":\"2024-05-15T12:59:43+00:00\",\"dateModified\":\"2026-04-20T21:02:48+00:00\",\"breadcrumb\":{\"@id\":\"https:\\\/\\\/shop.bantam.ch\\\/fr\\\/produit\\\/adaptateur-heosafe-pour-la-porte-de-carrosserie-de-carado-sunlight-apd-2024\\\/#breadcrumb\"},\"inLanguage\":\"fr-FR\",\"potentialAction\":[{\"@type\":\"ReadAction\",\"target\":[\"https:\\\/\\\/shop.bantam.ch\\\/fr\\\/produit\\\/adaptateur-heosafe-pour-la-porte-de-carrosserie-de-carado-sunlight-apd-2024\\\/\"]}]},{\"@type\":\"ImageObject\",\"inLanguage\":\"fr-FR\",\"@id\":\"https:\\\/\\\/shop.bantam.ch\\\/fr\\\/produit\\\/adaptateur-heosafe-pour-la-porte-de-carrosserie-de-carado-sunlight-apd-2024\\\/#primaryimage\",\"url\":\"https:\\\/\\\/shop.bantam.ch\\\/wp-content\\\/uploads\\\/2024\\\/09\\\/Movera-L-9946553100.jpg\",\"contentUrl\":\"https:\\\/\\\/shop.bantam.ch\\\/wp-content\\\/uploads\\\/2024\\\/09\\\/Movera-L-9946553100.jpg\",\"width\":640,\"height\":853},{\"@type\":\"BreadcrumbList\",\"@id\":\"https:\\\/\\\/shop.bantam.ch\\\/fr\\\/produit\\\/adaptateur-heosafe-pour-la-porte-de-carrosserie-de-carado-sunlight-apd-2024\\\/#breadcrumb\",\"itemListElement\":[{\"@type\":\"ListItem\",\"position\":1,\"name\":\"Accueil\",\"item\":\"https:\\\/\\\/shop.bantam.ch\\\/fr\\\/\"},{\"@type\":\"ListItem\",\"position\":2,\"name\":\"Boutique\",\"item\":\"https:\\\/\\\/shop.bantam.ch\\\/fr\\\/boutique\\\/\"},{\"@type\":\"ListItem\",\"position\":3,\"name\":\"Adaptateur HEOSafe pour la porte de carrosserie de Carado\\\/Sunlight \u00e0pd 2024\"}]},{\"@type\":\"WebSite\",\"@id\":\"https:\\\/\\\/shop.bantam.ch\\\/fr\\\/#website\",\"url\":\"https:\\\/\\\/shop.bantam.ch\\\/fr\\\/\",\"name\":\"Bantam Wankm\u00fcller SA\",\"description\":\"\",\"publisher\":{\"@id\":\"https:\\\/\\\/shop.bantam.ch\\\/fr\\\/#organization\"},\"inLanguage\":\"fr-FR\"},{\"@type\":\"Organization\",\"@id\":\"https:\\\/\\\/shop.bantam.ch\\\/fr\\\/#organization\",\"name\":\"Bantam Wankm\u00fcller SA\",\"url\":\"https:\\\/\\\/shop.bantam.ch\\\/fr\\\/\",\"logo\":{\"@type\":\"ImageObject\",\"inLanguage\":\"fr-FR\",\"@id\":\"https:\\\/\\\/shop.bantam.ch\\\/fr\\\/#\\\/schema\\\/logo\\\/image\\\/\",\"url\":\"https:\\\/\\\/shop.bantam.ch\\\/wp-content\\\/uploads\\\/2022\\\/12\\\/bantam-logo.png\",\"contentUrl\":\"https:\\\/\\\/shop.bantam.ch\\\/wp-content\\\/uploads\\\/2022\\\/12\\\/bantam-logo.png\",\"width\":320,\"height\":71,\"caption\":\"Bantam Wankm\u00fcller SA\"},\"image\":{\"@id\":\"https:\\\/\\\/shop.bantam.ch\\\/fr\\\/#\\\/schema\\\/logo\\\/image\\\/\"}}]}<\/script>\n<!-- \/ Yoast SEO plugin. -->","yoast_head_json":{"title":"Adaptateur HEOSafe pour la porte de carrosserie de Carado\/Sunlight \u00e0pd 2024 - Bantam Wankm\u00fcller SA","robots":{"index":"index","follow":"follow","max-snippet":"max-snippet:-1","max-image-preview":"max-image-preview:large","max-video-preview":"max-video-preview:-1"},"canonical":"https:\/\/shop.bantam.ch\/fr\/produit\/adaptateur-heosafe-pour-la-porte-de-carrosserie-de-carado-sunlight-apd-2024\/","og_locale":"fr_FR","og_type":"article","og_title":"Adaptateur HEOSafe pour la porte de carrosserie de Carado\/Sunlight \u00e0pd 2024 - Bantam Wankm\u00fcller SA","og_description":"Adaptateur pour la porte de la cellule de Carado, Sunlight \u00e0 partir du mod\u00e8le 2024. Cet adaptateur est largement utilisable avec les kits de fermeture de gleisch suivants. Pour Peugeot Boxer, Citro\u00ebn Jumper \u00e0 partir de l&rsquo;ann\u00e9e 2006. Pour Fiat Ducato s\u00e9rie 8 \u00e0 partir de l&rsquo;ann\u00e9e 2021, Ford Transit \u00e0 partir de l&rsquo;ann\u00e9e 2014.&nbsp;&nbsp; [&hellip;]","og_url":"https:\/\/shop.bantam.ch\/fr\/produit\/adaptateur-heosafe-pour-la-porte-de-carrosserie-de-carado-sunlight-apd-2024\/","og_site_name":"Bantam Wankm\u00fcller SA","article_modified_time":"2026-04-20T21:02:48+00:00","og_image":[{"width":640,"height":853,"url":"https:\/\/shop.bantam.ch\/wp-content\/uploads\/2024\/05\/Movera-L-9946553100.jpg","type":"image\/jpeg"}],"twitter_card":"summary_large_image","schema":{"@context":"https:\/\/schema.org","@graph":[{"@type":"WebPage","@id":"https:\/\/shop.bantam.ch\/fr\/produit\/adaptateur-heosafe-pour-la-porte-de-carrosserie-de-carado-sunlight-apd-2024\/","url":"https:\/\/shop.bantam.ch\/fr\/produit\/adaptateur-heosafe-pour-la-porte-de-carrosserie-de-carado-sunlight-apd-2024\/","name":"Adaptateur HEOSafe pour la porte de carrosserie de Carado\/Sunlight \u00e0pd 2024 - Bantam Wankm\u00fcller SA","isPartOf":{"@id":"https:\/\/shop.bantam.ch\/fr\/#website"},"primaryImageOfPage":{"@id":"https:\/\/shop.bantam.ch\/fr\/produit\/adaptateur-heosafe-pour-la-porte-de-carrosserie-de-carado-sunlight-apd-2024\/#primaryimage"},"image":{"@id":"https:\/\/shop.bantam.ch\/fr\/produit\/adaptateur-heosafe-pour-la-porte-de-carrosserie-de-carado-sunlight-apd-2024\/#primaryimage"},"thumbnailUrl":"https:\/\/shop.bantam.ch\/wp-content\/uploads\/2024\/09\/Movera-L-9946553100.jpg","datePublished":"2024-05-15T12:59:43+00:00","dateModified":"2026-04-20T21:02:48+00:00","breadcrumb":{"@id":"https:\/\/shop.bantam.ch\/fr\/produit\/adaptateur-heosafe-pour-la-porte-de-carrosserie-de-carado-sunlight-apd-2024\/#breadcrumb"},"inLanguage":"fr-FR","potentialAction":[{"@type":"ReadAction","target":["https:\/\/shop.bantam.ch\/fr\/produit\/adaptateur-heosafe-pour-la-porte-de-carrosserie-de-carado-sunlight-apd-2024\/"]}]},{"@type":"ImageObject","inLanguage":"fr-FR","@id":"https:\/\/shop.bantam.ch\/fr\/produit\/adaptateur-heosafe-pour-la-porte-de-carrosserie-de-carado-sunlight-apd-2024\/#primaryimage","url":"https:\/\/shop.bantam.ch\/wp-content\/uploads\/2024\/09\/Movera-L-9946553100.jpg","contentUrl":"https:\/\/shop.bantam.ch\/wp-content\/uploads\/2024\/09\/Movera-L-9946553100.jpg","width":640,"height":853},{"@type":"BreadcrumbList","@id":"https:\/\/shop.bantam.ch\/fr\/produit\/adaptateur-heosafe-pour-la-porte-de-carrosserie-de-carado-sunlight-apd-2024\/#breadcrumb","itemListElement":[{"@type":"ListItem","position":1,"name":"Accueil","item":"https:\/\/shop.bantam.ch\/fr\/"},{"@type":"ListItem","position":2,"name":"Boutique","item":"https:\/\/shop.bantam.ch\/fr\/boutique\/"},{"@type":"ListItem","position":3,"name":"Adaptateur HEOSafe pour la porte de carrosserie de Carado\/Sunlight \u00e0pd 2024"}]},{"@type":"WebSite","@id":"https:\/\/shop.bantam.ch\/fr\/#website","url":"https:\/\/shop.bantam.ch\/fr\/","name":"Bantam Wankm\u00fcller SA","description":"","publisher":{"@id":"https:\/\/shop.bantam.ch\/fr\/#organization"},"inLanguage":"fr-FR"},{"@type":"Organization","@id":"https:\/\/shop.bantam.ch\/fr\/#organization","name":"Bantam Wankm\u00fcller SA","url":"https:\/\/shop.bantam.ch\/fr\/","logo":{"@type":"ImageObject","inLanguage":"fr-FR","@id":"https:\/\/shop.bantam.ch\/fr\/#\/schema\/logo\/image\/","url":"https:\/\/shop.bantam.ch\/wp-content\/uploads\/2022\/12\/bantam-logo.png","contentUrl":"https:\/\/shop.bantam.ch\/wp-content\/uploads\/2022\/12\/bantam-logo.png","width":320,"height":71,"caption":"Bantam Wankm\u00fcller SA"},"image":{"@id":"https:\/\/shop.bantam.ch\/fr\/#\/schema\/logo\/image\/"}}]}},"_links":{"self":[{"href":"https:\/\/shop.bantam.ch\/fr\/wp-json\/wp\/v2\/product\/194196","targetHints":{"allow":["GET"]}}],"collection":[{"href":"https:\/\/shop.bantam.ch\/fr\/wp-json\/wp\/v2\/product"}],"about":[{"href":"https:\/\/shop.bantam.ch\/fr\/wp-json\/wp\/v2\/types\/product"}],"wp:featuredmedia":[{"embeddable":true,"href":"https:\/\/shop.bantam.ch\/fr\/wp-json\/wp\/v2\/media\/206354"}],"wp:attachment":[{"href":"https:\/\/shop.bantam.ch\/fr\/wp-json\/wp\/v2\/media?parent=194196"}],"wp:term":[{"taxonomy":"product_featured_cat","embeddable":true,"href":"https:\/\/shop.bantam.ch\/fr\/wp-json\/wp\/v2\/product_featured_cat?post=194196"},{"taxonomy":"product_brand","embeddable":true,"href":"https:\/\/shop.bantam.ch\/fr\/wp-json\/wp\/v2\/product_brand?post=194196"},{"taxonomy":"product_cat","embeddable":true,"href":"https:\/\/shop.bantam.ch\/fr\/wp-json\/wp\/v2\/product_cat?post=194196"},{"taxonomy":"product_tag","embeddable":true,"href":"https:\/\/shop.bantam.ch\/fr\/wp-json\/wp\/v2\/product_tag?post=194196"}],"curies":[{"name":"wp","href":"https:\/\/api.w.org\/{rel}","templated":true}]}}