{"id":194180,"date":"2024-05-15T14:59:08","date_gmt":"2024-05-15T12:59:08","guid":{"rendered":"https:\/\/shop.bantam.ch\/produit\/rideau-thermique-hindermann-haut-porte-arriere-iso-3-couch\/"},"modified":"2026-04-17T23:01:42","modified_gmt":"2026-04-17T21:01:42","slug":"rideau-thermique-hindermann-haut-porte-arriere-iso-3-couch","status":"publish","type":"product","link":"https:\/\/shop.bantam.ch\/fr\/produit\/rideau-thermique-hindermann-haut-porte-arriere-iso-3-couch\/","title":{"rendered":"Rideau thermique HINDERMANN Haut porte arri\u00e8re-Iso 3 couch"},"content":{"rendered":"<p>Avec d\u00e9coupe de fen\u00eatre<br \/>\nIsolation de la porte arri\u00e8re, variante courte PREMIO<br \/>\nAvec le CamperVan, profitez de vos vacances sans souci m\u00eame en hiver. Une protection suppl\u00e9mentaire temporaire contre le froid, rapidement mont\u00e9e, augmente le confort d&rsquo;habitation et le plaisir des loisirs. Pour cela, HINDERMANN propose un vaste assortiment qui a fait ses preuves depuis de nombreuses ann\u00e9es. Nous avons \u00e9largi notre gamme afin de r\u00e9pondre aux souhaits vari\u00e9s et sp\u00e9cifiques des fourgons.<br \/>\nL&rsquo;isolation de hayon PREMIO de HINDERMANN est fabriqu\u00e9e avec une forme adapt\u00e9e \u00e0 la d\u00e9coupe de la carrosserie -H2- des Ducato types 250 et 290 et se monte facilement et rapidement. Ce n&rsquo;est que lors du premier montage qu&rsquo;il faut mettre en place des pi\u00e8ces \u00e0 boutons-pression et proc\u00e9der \u00e0 d&rsquo;\u00e9ventuelles adaptations (comme des entailles ou la coupe de mat\u00e9riaux en saillie) aux diff\u00e9rents am\u00e9nagements des constructeurs automobiles. Si l&rsquo;isolation n&rsquo;est plus utilis\u00e9e, elle est enroul\u00e9e et conserv\u00e9e dans le sac.<br \/>\nIsolation de hayon HINDERMANN variante courte PREMIO<br \/>\navec d\u00e9coupe de la fen\u00eatre jusqu&rsquo;au bord inf\u00e9rieur du lit, d\u00e9coupe haute de la porte H2<\/p>\n","protected":false},"excerpt":{"rendered":"<p>Avec d\u00e9coupe de fen\u00eatre Isolation de la porte arri\u00e8re, variante courte PREMIO Avec le CamperVan, profitez de vos vacances sans souci m\u00eame en hiver. Une protection suppl\u00e9mentaire temporaire contre le froid, rapidement mont\u00e9e, augmente le confort d&rsquo;habitation et le plaisir des loisirs. Pour cela, HINDERMANN propose un vaste assortiment qui a fait ses preuves depuis [&hellip;]<\/p>\n","protected":false},"featured_media":206346,"template":"","meta":{"_acf_changed":false},"product_featured_cat":[],"product_brand":[3040],"product_cat":[4641],"product_tag":[],"class_list":{"0":"post-194180","1":"product","2":"type-product","3":"status-publish","4":"has-post-thumbnail","6":"product_brand-hindermann","7":"product_cat-matelas-et-rideaux-thermiques","9":"first","10":"instock","11":"taxable","12":"shipping-taxable","13":"purchasable","14":"product-type-simple"},"acf":[],"yoast_head":"<!-- This site is optimized with the Yoast SEO plugin v27.4 - https:\/\/yoast.com\/product\/yoast-seo-wordpress\/ -->\n<title>Rideau thermique HINDERMANN Haut porte arri\u00e8re-Iso 3 couch - Bantam Wankm\u00fcller SA<\/title>\n<meta name=\"robots\" content=\"index, follow, max-snippet:-1, max-image-preview:large, max-video-preview:-1\" \/>\n<link rel=\"canonical\" href=\"https:\/\/shop.bantam.ch\/fr\/produit\/rideau-thermique-hindermann-haut-porte-arriere-iso-3-couch\/\" \/>\n<meta property=\"og:locale\" content=\"fr_FR\" \/>\n<meta property=\"og:type\" content=\"article\" \/>\n<meta property=\"og:title\" content=\"Rideau thermique HINDERMANN Haut porte arri\u00e8re-Iso 3 couch - Bantam Wankm\u00fcller SA\" \/>\n<meta property=\"og:description\" content=\"Avec d\u00e9coupe de fen\u00eatre Isolation de la porte arri\u00e8re, variante courte PREMIO Avec le CamperVan, profitez de vos vacances sans souci m\u00eame en hiver. Une protection suppl\u00e9mentaire temporaire contre le froid, rapidement mont\u00e9e, augmente le confort d&rsquo;habitation et le plaisir des loisirs. Pour cela, HINDERMANN propose un vaste assortiment qui a fait ses preuves depuis [&hellip;]\" \/>\n<meta property=\"og:url\" content=\"https:\/\/shop.bantam.ch\/fr\/produit\/rideau-thermique-hindermann-haut-porte-arriere-iso-3-couch\/\" \/>\n<meta property=\"og:site_name\" content=\"Bantam Wankm\u00fcller SA\" \/>\n<meta property=\"article:modified_time\" content=\"2026-04-17T21:01:42+00:00\" \/>\n<meta name=\"twitter:card\" content=\"summary_large_image\" \/>\n<meta name=\"twitter:label1\" content=\"Dur\u00e9e de lecture estim\u00e9e\" \/>\n\t<meta name=\"twitter:data1\" content=\"1 minute\" \/>\n<script type=\"application\/ld+json\" class=\"yoast-schema-graph\">{\"@context\":\"https:\\\/\\\/schema.org\",\"@graph\":[{\"@type\":\"WebPage\",\"@id\":\"https:\\\/\\\/shop.bantam.ch\\\/fr\\\/produit\\\/rideau-thermique-hindermann-haut-porte-arriere-iso-3-couch\\\/\",\"url\":\"https:\\\/\\\/shop.bantam.ch\\\/fr\\\/produit\\\/rideau-thermique-hindermann-haut-porte-arriere-iso-3-couch\\\/\",\"name\":\"Rideau thermique HINDERMANN Haut porte arri\u00e8re-Iso 3 couch - Bantam Wankm\u00fcller SA\",\"isPartOf\":{\"@id\":\"https:\\\/\\\/shop.bantam.ch\\\/fr\\\/#website\"},\"primaryImageOfPage\":{\"@id\":\"https:\\\/\\\/shop.bantam.ch\\\/fr\\\/produit\\\/rideau-thermique-hindermann-haut-porte-arriere-iso-3-couch\\\/#primaryimage\"},\"image\":{\"@id\":\"https:\\\/\\\/shop.bantam.ch\\\/fr\\\/produit\\\/rideau-thermique-hindermann-haut-porte-arriere-iso-3-couch\\\/#primaryimage\"},\"thumbnailUrl\":\"https:\\\/\\\/shop.bantam.ch\\\/wp-content\\\/uploads\\\/2024\\\/09\\\/Movera-L-9946527100.jpg\",\"datePublished\":\"2024-05-15T12:59:08+00:00\",\"dateModified\":\"2026-04-17T21:01:42+00:00\",\"breadcrumb\":{\"@id\":\"https:\\\/\\\/shop.bantam.ch\\\/fr\\\/produit\\\/rideau-thermique-hindermann-haut-porte-arriere-iso-3-couch\\\/#breadcrumb\"},\"inLanguage\":\"fr-FR\",\"potentialAction\":[{\"@type\":\"ReadAction\",\"target\":[\"https:\\\/\\\/shop.bantam.ch\\\/fr\\\/produit\\\/rideau-thermique-hindermann-haut-porte-arriere-iso-3-couch\\\/\"]}]},{\"@type\":\"ImageObject\",\"inLanguage\":\"fr-FR\",\"@id\":\"https:\\\/\\\/shop.bantam.ch\\\/fr\\\/produit\\\/rideau-thermique-hindermann-haut-porte-arriere-iso-3-couch\\\/#primaryimage\",\"url\":\"https:\\\/\\\/shop.bantam.ch\\\/wp-content\\\/uploads\\\/2024\\\/09\\\/Movera-L-9946527100.jpg\",\"contentUrl\":\"https:\\\/\\\/shop.bantam.ch\\\/wp-content\\\/uploads\\\/2024\\\/09\\\/Movera-L-9946527100.jpg\",\"width\":640,\"height\":427},{\"@type\":\"BreadcrumbList\",\"@id\":\"https:\\\/\\\/shop.bantam.ch\\\/fr\\\/produit\\\/rideau-thermique-hindermann-haut-porte-arriere-iso-3-couch\\\/#breadcrumb\",\"itemListElement\":[{\"@type\":\"ListItem\",\"position\":1,\"name\":\"Accueil\",\"item\":\"https:\\\/\\\/shop.bantam.ch\\\/fr\\\/\"},{\"@type\":\"ListItem\",\"position\":2,\"name\":\"Boutique\",\"item\":\"https:\\\/\\\/shop.bantam.ch\\\/fr\\\/boutique\\\/\"},{\"@type\":\"ListItem\",\"position\":3,\"name\":\"Rideau thermique HINDERMANN Haut porte arri\u00e8re-Iso 3 couch\"}]},{\"@type\":\"WebSite\",\"@id\":\"https:\\\/\\\/shop.bantam.ch\\\/fr\\\/#website\",\"url\":\"https:\\\/\\\/shop.bantam.ch\\\/fr\\\/\",\"name\":\"Bantam Wankm\u00fcller SA\",\"description\":\"\",\"publisher\":{\"@id\":\"https:\\\/\\\/shop.bantam.ch\\\/fr\\\/#organization\"},\"inLanguage\":\"fr-FR\"},{\"@type\":\"Organization\",\"@id\":\"https:\\\/\\\/shop.bantam.ch\\\/fr\\\/#organization\",\"name\":\"Bantam Wankm\u00fcller SA\",\"url\":\"https:\\\/\\\/shop.bantam.ch\\\/fr\\\/\",\"logo\":{\"@type\":\"ImageObject\",\"inLanguage\":\"fr-FR\",\"@id\":\"https:\\\/\\\/shop.bantam.ch\\\/fr\\\/#\\\/schema\\\/logo\\\/image\\\/\",\"url\":\"https:\\\/\\\/shop.bantam.ch\\\/wp-content\\\/uploads\\\/2022\\\/12\\\/bantam-logo.png\",\"contentUrl\":\"https:\\\/\\\/shop.bantam.ch\\\/wp-content\\\/uploads\\\/2022\\\/12\\\/bantam-logo.png\",\"width\":320,\"height\":71,\"caption\":\"Bantam Wankm\u00fcller SA\"},\"image\":{\"@id\":\"https:\\\/\\\/shop.bantam.ch\\\/fr\\\/#\\\/schema\\\/logo\\\/image\\\/\"}}]}<\/script>\n<!-- \/ Yoast SEO plugin. -->","yoast_head_json":{"title":"Rideau thermique HINDERMANN Haut porte arri\u00e8re-Iso 3 couch - Bantam Wankm\u00fcller SA","robots":{"index":"index","follow":"follow","max-snippet":"max-snippet:-1","max-image-preview":"max-image-preview:large","max-video-preview":"max-video-preview:-1"},"canonical":"https:\/\/shop.bantam.ch\/fr\/produit\/rideau-thermique-hindermann-haut-porte-arriere-iso-3-couch\/","og_locale":"fr_FR","og_type":"article","og_title":"Rideau thermique HINDERMANN Haut porte arri\u00e8re-Iso 3 couch - Bantam Wankm\u00fcller SA","og_description":"Avec d\u00e9coupe de fen\u00eatre Isolation de la porte arri\u00e8re, variante courte PREMIO Avec le CamperVan, profitez de vos vacances sans souci m\u00eame en hiver. Une protection suppl\u00e9mentaire temporaire contre le froid, rapidement mont\u00e9e, augmente le confort d&rsquo;habitation et le plaisir des loisirs. Pour cela, HINDERMANN propose un vaste assortiment qui a fait ses preuves depuis [&hellip;]","og_url":"https:\/\/shop.bantam.ch\/fr\/produit\/rideau-thermique-hindermann-haut-porte-arriere-iso-3-couch\/","og_site_name":"Bantam Wankm\u00fcller SA","article_modified_time":"2026-04-17T21:01:42+00:00","twitter_card":"summary_large_image","twitter_misc":{"Dur\u00e9e de lecture estim\u00e9e":"1 minute"},"schema":{"@context":"https:\/\/schema.org","@graph":[{"@type":"WebPage","@id":"https:\/\/shop.bantam.ch\/fr\/produit\/rideau-thermique-hindermann-haut-porte-arriere-iso-3-couch\/","url":"https:\/\/shop.bantam.ch\/fr\/produit\/rideau-thermique-hindermann-haut-porte-arriere-iso-3-couch\/","name":"Rideau thermique HINDERMANN Haut porte arri\u00e8re-Iso 3 couch - Bantam Wankm\u00fcller SA","isPartOf":{"@id":"https:\/\/shop.bantam.ch\/fr\/#website"},"primaryImageOfPage":{"@id":"https:\/\/shop.bantam.ch\/fr\/produit\/rideau-thermique-hindermann-haut-porte-arriere-iso-3-couch\/#primaryimage"},"image":{"@id":"https:\/\/shop.bantam.ch\/fr\/produit\/rideau-thermique-hindermann-haut-porte-arriere-iso-3-couch\/#primaryimage"},"thumbnailUrl":"https:\/\/shop.bantam.ch\/wp-content\/uploads\/2024\/09\/Movera-L-9946527100.jpg","datePublished":"2024-05-15T12:59:08+00:00","dateModified":"2026-04-17T21:01:42+00:00","breadcrumb":{"@id":"https:\/\/shop.bantam.ch\/fr\/produit\/rideau-thermique-hindermann-haut-porte-arriere-iso-3-couch\/#breadcrumb"},"inLanguage":"fr-FR","potentialAction":[{"@type":"ReadAction","target":["https:\/\/shop.bantam.ch\/fr\/produit\/rideau-thermique-hindermann-haut-porte-arriere-iso-3-couch\/"]}]},{"@type":"ImageObject","inLanguage":"fr-FR","@id":"https:\/\/shop.bantam.ch\/fr\/produit\/rideau-thermique-hindermann-haut-porte-arriere-iso-3-couch\/#primaryimage","url":"https:\/\/shop.bantam.ch\/wp-content\/uploads\/2024\/09\/Movera-L-9946527100.jpg","contentUrl":"https:\/\/shop.bantam.ch\/wp-content\/uploads\/2024\/09\/Movera-L-9946527100.jpg","width":640,"height":427},{"@type":"BreadcrumbList","@id":"https:\/\/shop.bantam.ch\/fr\/produit\/rideau-thermique-hindermann-haut-porte-arriere-iso-3-couch\/#breadcrumb","itemListElement":[{"@type":"ListItem","position":1,"name":"Accueil","item":"https:\/\/shop.bantam.ch\/fr\/"},{"@type":"ListItem","position":2,"name":"Boutique","item":"https:\/\/shop.bantam.ch\/fr\/boutique\/"},{"@type":"ListItem","position":3,"name":"Rideau thermique HINDERMANN Haut porte arri\u00e8re-Iso 3 couch"}]},{"@type":"WebSite","@id":"https:\/\/shop.bantam.ch\/fr\/#website","url":"https:\/\/shop.bantam.ch\/fr\/","name":"Bantam Wankm\u00fcller SA","description":"","publisher":{"@id":"https:\/\/shop.bantam.ch\/fr\/#organization"},"inLanguage":"fr-FR"},{"@type":"Organization","@id":"https:\/\/shop.bantam.ch\/fr\/#organization","name":"Bantam Wankm\u00fcller SA","url":"https:\/\/shop.bantam.ch\/fr\/","logo":{"@type":"ImageObject","inLanguage":"fr-FR","@id":"https:\/\/shop.bantam.ch\/fr\/#\/schema\/logo\/image\/","url":"https:\/\/shop.bantam.ch\/wp-content\/uploads\/2022\/12\/bantam-logo.png","contentUrl":"https:\/\/shop.bantam.ch\/wp-content\/uploads\/2022\/12\/bantam-logo.png","width":320,"height":71,"caption":"Bantam Wankm\u00fcller SA"},"image":{"@id":"https:\/\/shop.bantam.ch\/fr\/#\/schema\/logo\/image\/"}}]}},"_links":{"self":[{"href":"https:\/\/shop.bantam.ch\/fr\/wp-json\/wp\/v2\/product\/194180","targetHints":{"allow":["GET"]}}],"collection":[{"href":"https:\/\/shop.bantam.ch\/fr\/wp-json\/wp\/v2\/product"}],"about":[{"href":"https:\/\/shop.bantam.ch\/fr\/wp-json\/wp\/v2\/types\/product"}],"wp:featuredmedia":[{"embeddable":true,"href":"https:\/\/shop.bantam.ch\/fr\/wp-json\/wp\/v2\/media\/206346"}],"wp:attachment":[{"href":"https:\/\/shop.bantam.ch\/fr\/wp-json\/wp\/v2\/media?parent=194180"}],"wp:term":[{"taxonomy":"product_featured_cat","embeddable":true,"href":"https:\/\/shop.bantam.ch\/fr\/wp-json\/wp\/v2\/product_featured_cat?post=194180"},{"taxonomy":"product_brand","embeddable":true,"href":"https:\/\/shop.bantam.ch\/fr\/wp-json\/wp\/v2\/product_brand?post=194180"},{"taxonomy":"product_cat","embeddable":true,"href":"https:\/\/shop.bantam.ch\/fr\/wp-json\/wp\/v2\/product_cat?post=194180"},{"taxonomy":"product_tag","embeddable":true,"href":"https:\/\/shop.bantam.ch\/fr\/wp-json\/wp\/v2\/product_tag?post=194180"}],"curies":[{"name":"wp","href":"https:\/\/api.w.org\/{rel}","templated":true}]}}