{"id":194164,"date":"2024-05-15T14:58:24","date_gmt":"2024-05-15T12:58:24","guid":{"rendered":"https:\/\/shop.bantam.ch\/produit\/retroviseur-emuk-citroen-jumpy-3-gen-apd-09-2016-spacetourer-berlingo-3-gen\/"},"modified":"2026-04-19T23:06:57","modified_gmt":"2026-04-19T21:06:57","slug":"retroviseur-emuk-citroen-jumpy-3-gen-apd-09-2016-spacetourer-berlingo-3-gen","status":"publish","type":"product","link":"https:\/\/shop.bantam.ch\/fr\/produit\/retroviseur-emuk-citroen-jumpy-3-gen-apd-09-2016-spacetourer-berlingo-3-gen\/","title":{"rendered":"R\u00e9troviseur Emuk Citroen Jumpy 3. G\u00e9n. \u00e0pd 09\/2016, Spacetourer, Berlingo 3. G\u00e9n."},"content":{"rendered":"<p>Un support sp\u00e9cifiquement con\u00e7u pour le v\u00e9hicule, en fonte d&rsquo;aluminium antivibratoire, permet un ajustement parfait, presque sans vibration.<\/p>\n<p>&nbsp;<\/p>\n<p>Convient pour :&nbsp;<\/p>\n<p>Vivaro Life \u00e0 partir de&nbsp;09\/2019<\/p>\n<p>Spacetourer&nbsp;09\/2016<\/p>\n<p>Traveller&nbsp;09\/2016<\/p>\n<p>&nbsp;<\/p>\n<p>Caract\u00e9ristiques:<\/p>\n<ul>\n<li>El\u00e9gant, s\u00fbr et fiable<\/li>\n<p>.<\/p>\n<li>T\u00eate de miroir a\u00e9rodynamique<\/li>\n<li>Montage simple sans outil gr\u00e2ce \u00e0 la vis papillon<\/li>\n<p>.<\/p>\n<li>Protection contre les rayures gr\u00e2ce \u00e0 une couche de caoutchouc mousse sur le support<\/li>\n<p>.<\/p>\n<li>Toutes les pi\u00e8ces sont en mat\u00e9riaux r\u00e9sistants \u00e0 la corrosion<\/li>\n<p>.<\/p>\n<li>Le support est en aluminium rev\u00eatu par poudre<\/li>\n<p>.\n<\/ul>\n<p>Livraison :<\/p>\n<p>Comprend le support \u00e0 gauche et \u00e0 droite<\/p>\n<p>.<\/p>\n<p>2x t\u00eates de miroir 180 mm x 120 mm<\/p>\n<p>Grand angle convexe : rayon 2000 mm<\/p>\n<p>Sac de rangement<\/p>\n","protected":false},"excerpt":{"rendered":"<p>Un support sp\u00e9cifiquement con\u00e7u pour le v\u00e9hicule, en fonte d&rsquo;aluminium antivibratoire, permet un ajustement parfait, presque sans vibration. &nbsp; Convient pour :&nbsp; Vivaro Life \u00e0 partir de&nbsp;09\/2019 Spacetourer&nbsp;09\/2016 Traveller&nbsp;09\/2016 &nbsp; Caract\u00e9ristiques: El\u00e9gant, s\u00fbr et fiable . T\u00eate de miroir a\u00e9rodynamique Montage simple sans outil gr\u00e2ce \u00e0 la vis papillon . Protection contre les rayures gr\u00e2ce [&hellip;]<\/p>\n","protected":false},"featured_media":206338,"template":"","meta":{"_acf_changed":false},"product_featured_cat":[],"product_brand":[3144],"product_cat":[4831],"product_tag":[],"class_list":{"0":"post-194164","1":"product","2":"type-product","3":"status-publish","4":"has-post-thumbnail","6":"product_brand-emuk","7":"product_cat-retroviseurs-de-caravane","9":"first","10":"instock","11":"taxable","12":"shipping-taxable","13":"purchasable","14":"product-type-simple"},"acf":[],"yoast_head":"<!-- This site is optimized with the Yoast SEO plugin v27.4 - https:\/\/yoast.com\/product\/yoast-seo-wordpress\/ -->\n<title>R\u00e9troviseur Emuk Citroen Jumpy 3. G\u00e9n. \u00e0pd 09\/2016, Spacetourer, Berlingo 3. G\u00e9n. - Bantam Wankm\u00fcller SA<\/title>\n<meta name=\"robots\" content=\"index, follow, max-snippet:-1, max-image-preview:large, max-video-preview:-1\" \/>\n<link rel=\"canonical\" href=\"https:\/\/shop.bantam.ch\/fr\/produit\/retroviseur-emuk-citroen-jumpy-3-gen-apd-09-2016-spacetourer-berlingo-3-gen\/\" \/>\n<meta property=\"og:locale\" content=\"fr_FR\" \/>\n<meta property=\"og:type\" content=\"article\" \/>\n<meta property=\"og:title\" content=\"R\u00e9troviseur Emuk Citroen Jumpy 3. G\u00e9n. \u00e0pd 09\/2016, Spacetourer, Berlingo 3. G\u00e9n. - Bantam Wankm\u00fcller SA\" \/>\n<meta property=\"og:description\" content=\"Un support sp\u00e9cifiquement con\u00e7u pour le v\u00e9hicule, en fonte d&rsquo;aluminium antivibratoire, permet un ajustement parfait, presque sans vibration. &nbsp; Convient pour :&nbsp; Vivaro Life \u00e0 partir de&nbsp;09\/2019 Spacetourer&nbsp;09\/2016 Traveller&nbsp;09\/2016 &nbsp; Caract\u00e9ristiques: El\u00e9gant, s\u00fbr et fiable . T\u00eate de miroir a\u00e9rodynamique Montage simple sans outil gr\u00e2ce \u00e0 la vis papillon . Protection contre les rayures gr\u00e2ce [&hellip;]\" \/>\n<meta property=\"og:url\" content=\"https:\/\/shop.bantam.ch\/fr\/produit\/retroviseur-emuk-citroen-jumpy-3-gen-apd-09-2016-spacetourer-berlingo-3-gen\/\" \/>\n<meta property=\"og:site_name\" content=\"Bantam Wankm\u00fcller SA\" \/>\n<meta property=\"article:modified_time\" content=\"2026-04-19T21:06:57+00:00\" \/>\n<meta property=\"og:image\" content=\"https:\/\/shop.bantam.ch\/wp-content\/uploads\/2024\/05\/Movera-L-9946478100.jpg\" \/>\n\t<meta property=\"og:image:width\" content=\"640\" \/>\n\t<meta property=\"og:image:height\" content=\"427\" \/>\n\t<meta property=\"og:image:type\" content=\"image\/jpeg\" \/>\n<meta name=\"twitter:card\" content=\"summary_large_image\" \/>\n<meta name=\"twitter:label1\" content=\"Dur\u00e9e de lecture estim\u00e9e\" \/>\n\t<meta name=\"twitter:data1\" content=\"1 minute\" \/>\n<script type=\"application\/ld+json\" class=\"yoast-schema-graph\">{\"@context\":\"https:\\\/\\\/schema.org\",\"@graph\":[{\"@type\":\"WebPage\",\"@id\":\"https:\\\/\\\/shop.bantam.ch\\\/fr\\\/produit\\\/retroviseur-emuk-citroen-jumpy-3-gen-apd-09-2016-spacetourer-berlingo-3-gen\\\/\",\"url\":\"https:\\\/\\\/shop.bantam.ch\\\/fr\\\/produit\\\/retroviseur-emuk-citroen-jumpy-3-gen-apd-09-2016-spacetourer-berlingo-3-gen\\\/\",\"name\":\"R\u00e9troviseur Emuk Citroen Jumpy 3. G\u00e9n. \u00e0pd 09\\\/2016, Spacetourer, Berlingo 3. G\u00e9n. - Bantam Wankm\u00fcller SA\",\"isPartOf\":{\"@id\":\"https:\\\/\\\/shop.bantam.ch\\\/fr\\\/#website\"},\"primaryImageOfPage\":{\"@id\":\"https:\\\/\\\/shop.bantam.ch\\\/fr\\\/produit\\\/retroviseur-emuk-citroen-jumpy-3-gen-apd-09-2016-spacetourer-berlingo-3-gen\\\/#primaryimage\"},\"image\":{\"@id\":\"https:\\\/\\\/shop.bantam.ch\\\/fr\\\/produit\\\/retroviseur-emuk-citroen-jumpy-3-gen-apd-09-2016-spacetourer-berlingo-3-gen\\\/#primaryimage\"},\"thumbnailUrl\":\"https:\\\/\\\/shop.bantam.ch\\\/wp-content\\\/uploads\\\/2024\\\/09\\\/Movera-L-9946478100.jpg\",\"datePublished\":\"2024-05-15T12:58:24+00:00\",\"dateModified\":\"2026-04-19T21:06:57+00:00\",\"breadcrumb\":{\"@id\":\"https:\\\/\\\/shop.bantam.ch\\\/fr\\\/produit\\\/retroviseur-emuk-citroen-jumpy-3-gen-apd-09-2016-spacetourer-berlingo-3-gen\\\/#breadcrumb\"},\"inLanguage\":\"fr-FR\",\"potentialAction\":[{\"@type\":\"ReadAction\",\"target\":[\"https:\\\/\\\/shop.bantam.ch\\\/fr\\\/produit\\\/retroviseur-emuk-citroen-jumpy-3-gen-apd-09-2016-spacetourer-berlingo-3-gen\\\/\"]}]},{\"@type\":\"ImageObject\",\"inLanguage\":\"fr-FR\",\"@id\":\"https:\\\/\\\/shop.bantam.ch\\\/fr\\\/produit\\\/retroviseur-emuk-citroen-jumpy-3-gen-apd-09-2016-spacetourer-berlingo-3-gen\\\/#primaryimage\",\"url\":\"https:\\\/\\\/shop.bantam.ch\\\/wp-content\\\/uploads\\\/2024\\\/09\\\/Movera-L-9946478100.jpg\",\"contentUrl\":\"https:\\\/\\\/shop.bantam.ch\\\/wp-content\\\/uploads\\\/2024\\\/09\\\/Movera-L-9946478100.jpg\",\"width\":640,\"height\":427},{\"@type\":\"BreadcrumbList\",\"@id\":\"https:\\\/\\\/shop.bantam.ch\\\/fr\\\/produit\\\/retroviseur-emuk-citroen-jumpy-3-gen-apd-09-2016-spacetourer-berlingo-3-gen\\\/#breadcrumb\",\"itemListElement\":[{\"@type\":\"ListItem\",\"position\":1,\"name\":\"Accueil\",\"item\":\"https:\\\/\\\/shop.bantam.ch\\\/fr\\\/\"},{\"@type\":\"ListItem\",\"position\":2,\"name\":\"Boutique\",\"item\":\"https:\\\/\\\/shop.bantam.ch\\\/fr\\\/boutique\\\/\"},{\"@type\":\"ListItem\",\"position\":3,\"name\":\"R\u00e9troviseur Emuk Citroen Jumpy 3. G\u00e9n. \u00e0pd 09\\\/2016, Spacetourer, Berlingo 3. G\u00e9n.\"}]},{\"@type\":\"WebSite\",\"@id\":\"https:\\\/\\\/shop.bantam.ch\\\/fr\\\/#website\",\"url\":\"https:\\\/\\\/shop.bantam.ch\\\/fr\\\/\",\"name\":\"Bantam Wankm\u00fcller SA\",\"description\":\"\",\"publisher\":{\"@id\":\"https:\\\/\\\/shop.bantam.ch\\\/fr\\\/#organization\"},\"inLanguage\":\"fr-FR\"},{\"@type\":\"Organization\",\"@id\":\"https:\\\/\\\/shop.bantam.ch\\\/fr\\\/#organization\",\"name\":\"Bantam Wankm\u00fcller SA\",\"url\":\"https:\\\/\\\/shop.bantam.ch\\\/fr\\\/\",\"logo\":{\"@type\":\"ImageObject\",\"inLanguage\":\"fr-FR\",\"@id\":\"https:\\\/\\\/shop.bantam.ch\\\/fr\\\/#\\\/schema\\\/logo\\\/image\\\/\",\"url\":\"https:\\\/\\\/shop.bantam.ch\\\/wp-content\\\/uploads\\\/2022\\\/12\\\/bantam-logo.png\",\"contentUrl\":\"https:\\\/\\\/shop.bantam.ch\\\/wp-content\\\/uploads\\\/2022\\\/12\\\/bantam-logo.png\",\"width\":320,\"height\":71,\"caption\":\"Bantam Wankm\u00fcller SA\"},\"image\":{\"@id\":\"https:\\\/\\\/shop.bantam.ch\\\/fr\\\/#\\\/schema\\\/logo\\\/image\\\/\"}}]}<\/script>\n<!-- \/ Yoast SEO plugin. -->","yoast_head_json":{"title":"R\u00e9troviseur Emuk Citroen Jumpy 3. G\u00e9n. \u00e0pd 09\/2016, Spacetourer, Berlingo 3. G\u00e9n. - Bantam Wankm\u00fcller SA","robots":{"index":"index","follow":"follow","max-snippet":"max-snippet:-1","max-image-preview":"max-image-preview:large","max-video-preview":"max-video-preview:-1"},"canonical":"https:\/\/shop.bantam.ch\/fr\/produit\/retroviseur-emuk-citroen-jumpy-3-gen-apd-09-2016-spacetourer-berlingo-3-gen\/","og_locale":"fr_FR","og_type":"article","og_title":"R\u00e9troviseur Emuk Citroen Jumpy 3. G\u00e9n. \u00e0pd 09\/2016, Spacetourer, Berlingo 3. G\u00e9n. - Bantam Wankm\u00fcller SA","og_description":"Un support sp\u00e9cifiquement con\u00e7u pour le v\u00e9hicule, en fonte d&rsquo;aluminium antivibratoire, permet un ajustement parfait, presque sans vibration. &nbsp; Convient pour :&nbsp; Vivaro Life \u00e0 partir de&nbsp;09\/2019 Spacetourer&nbsp;09\/2016 Traveller&nbsp;09\/2016 &nbsp; Caract\u00e9ristiques: El\u00e9gant, s\u00fbr et fiable . T\u00eate de miroir a\u00e9rodynamique Montage simple sans outil gr\u00e2ce \u00e0 la vis papillon . Protection contre les rayures gr\u00e2ce [&hellip;]","og_url":"https:\/\/shop.bantam.ch\/fr\/produit\/retroviseur-emuk-citroen-jumpy-3-gen-apd-09-2016-spacetourer-berlingo-3-gen\/","og_site_name":"Bantam Wankm\u00fcller SA","article_modified_time":"2026-04-19T21:06:57+00:00","og_image":[{"width":640,"height":427,"url":"https:\/\/shop.bantam.ch\/wp-content\/uploads\/2024\/05\/Movera-L-9946478100.jpg","type":"image\/jpeg"}],"twitter_card":"summary_large_image","twitter_misc":{"Dur\u00e9e de lecture estim\u00e9e":"1 minute"},"schema":{"@context":"https:\/\/schema.org","@graph":[{"@type":"WebPage","@id":"https:\/\/shop.bantam.ch\/fr\/produit\/retroviseur-emuk-citroen-jumpy-3-gen-apd-09-2016-spacetourer-berlingo-3-gen\/","url":"https:\/\/shop.bantam.ch\/fr\/produit\/retroviseur-emuk-citroen-jumpy-3-gen-apd-09-2016-spacetourer-berlingo-3-gen\/","name":"R\u00e9troviseur Emuk Citroen Jumpy 3. G\u00e9n. \u00e0pd 09\/2016, Spacetourer, Berlingo 3. G\u00e9n. - Bantam Wankm\u00fcller SA","isPartOf":{"@id":"https:\/\/shop.bantam.ch\/fr\/#website"},"primaryImageOfPage":{"@id":"https:\/\/shop.bantam.ch\/fr\/produit\/retroviseur-emuk-citroen-jumpy-3-gen-apd-09-2016-spacetourer-berlingo-3-gen\/#primaryimage"},"image":{"@id":"https:\/\/shop.bantam.ch\/fr\/produit\/retroviseur-emuk-citroen-jumpy-3-gen-apd-09-2016-spacetourer-berlingo-3-gen\/#primaryimage"},"thumbnailUrl":"https:\/\/shop.bantam.ch\/wp-content\/uploads\/2024\/09\/Movera-L-9946478100.jpg","datePublished":"2024-05-15T12:58:24+00:00","dateModified":"2026-04-19T21:06:57+00:00","breadcrumb":{"@id":"https:\/\/shop.bantam.ch\/fr\/produit\/retroviseur-emuk-citroen-jumpy-3-gen-apd-09-2016-spacetourer-berlingo-3-gen\/#breadcrumb"},"inLanguage":"fr-FR","potentialAction":[{"@type":"ReadAction","target":["https:\/\/shop.bantam.ch\/fr\/produit\/retroviseur-emuk-citroen-jumpy-3-gen-apd-09-2016-spacetourer-berlingo-3-gen\/"]}]},{"@type":"ImageObject","inLanguage":"fr-FR","@id":"https:\/\/shop.bantam.ch\/fr\/produit\/retroviseur-emuk-citroen-jumpy-3-gen-apd-09-2016-spacetourer-berlingo-3-gen\/#primaryimage","url":"https:\/\/shop.bantam.ch\/wp-content\/uploads\/2024\/09\/Movera-L-9946478100.jpg","contentUrl":"https:\/\/shop.bantam.ch\/wp-content\/uploads\/2024\/09\/Movera-L-9946478100.jpg","width":640,"height":427},{"@type":"BreadcrumbList","@id":"https:\/\/shop.bantam.ch\/fr\/produit\/retroviseur-emuk-citroen-jumpy-3-gen-apd-09-2016-spacetourer-berlingo-3-gen\/#breadcrumb","itemListElement":[{"@type":"ListItem","position":1,"name":"Accueil","item":"https:\/\/shop.bantam.ch\/fr\/"},{"@type":"ListItem","position":2,"name":"Boutique","item":"https:\/\/shop.bantam.ch\/fr\/boutique\/"},{"@type":"ListItem","position":3,"name":"R\u00e9troviseur Emuk Citroen Jumpy 3. G\u00e9n. \u00e0pd 09\/2016, Spacetourer, Berlingo 3. G\u00e9n."}]},{"@type":"WebSite","@id":"https:\/\/shop.bantam.ch\/fr\/#website","url":"https:\/\/shop.bantam.ch\/fr\/","name":"Bantam Wankm\u00fcller SA","description":"","publisher":{"@id":"https:\/\/shop.bantam.ch\/fr\/#organization"},"inLanguage":"fr-FR"},{"@type":"Organization","@id":"https:\/\/shop.bantam.ch\/fr\/#organization","name":"Bantam Wankm\u00fcller SA","url":"https:\/\/shop.bantam.ch\/fr\/","logo":{"@type":"ImageObject","inLanguage":"fr-FR","@id":"https:\/\/shop.bantam.ch\/fr\/#\/schema\/logo\/image\/","url":"https:\/\/shop.bantam.ch\/wp-content\/uploads\/2022\/12\/bantam-logo.png","contentUrl":"https:\/\/shop.bantam.ch\/wp-content\/uploads\/2022\/12\/bantam-logo.png","width":320,"height":71,"caption":"Bantam Wankm\u00fcller SA"},"image":{"@id":"https:\/\/shop.bantam.ch\/fr\/#\/schema\/logo\/image\/"}}]}},"_links":{"self":[{"href":"https:\/\/shop.bantam.ch\/fr\/wp-json\/wp\/v2\/product\/194164","targetHints":{"allow":["GET"]}}],"collection":[{"href":"https:\/\/shop.bantam.ch\/fr\/wp-json\/wp\/v2\/product"}],"about":[{"href":"https:\/\/shop.bantam.ch\/fr\/wp-json\/wp\/v2\/types\/product"}],"wp:featuredmedia":[{"embeddable":true,"href":"https:\/\/shop.bantam.ch\/fr\/wp-json\/wp\/v2\/media\/206338"}],"wp:attachment":[{"href":"https:\/\/shop.bantam.ch\/fr\/wp-json\/wp\/v2\/media?parent=194164"}],"wp:term":[{"taxonomy":"product_featured_cat","embeddable":true,"href":"https:\/\/shop.bantam.ch\/fr\/wp-json\/wp\/v2\/product_featured_cat?post=194164"},{"taxonomy":"product_brand","embeddable":true,"href":"https:\/\/shop.bantam.ch\/fr\/wp-json\/wp\/v2\/product_brand?post=194164"},{"taxonomy":"product_cat","embeddable":true,"href":"https:\/\/shop.bantam.ch\/fr\/wp-json\/wp\/v2\/product_cat?post=194164"},{"taxonomy":"product_tag","embeddable":true,"href":"https:\/\/shop.bantam.ch\/fr\/wp-json\/wp\/v2\/product_tag?post=194164"}],"curies":[{"name":"wp","href":"https:\/\/api.w.org\/{rel}","templated":true}]}}